{"id":454374,"date":"2013-09-02T13:42:18","date_gmt":"2013-09-02T10:42:18","guid":{"rendered":"https:\/\/beebipood.ee\/toode\/yappyhytte-mangumaja-light-grey\/"},"modified":"2025-01-09T10:52:29","modified_gmt":"2025-01-09T08:52:29","slug":"yappyhytte-mangumaja-light-grey","status":"publish","type":"product","link":"https:\/\/beebipood.ee\/ru\/produkt\/yappyhytte-mangumaja-light-grey\/","title":{"rendered":"YappyHytte m\u00e4ngumaja, Light Grey"},"content":{"rendered":"<p>YappyKids Skandinaavia stiilis m\u00e4ngumajaga. <br \/>M\u00e4ngumajaga saab kasutada nii m\u00e4ngukohana kui ka v\u00e4ikelapse voodina.<br \/>Ostes m\u00e4ngumaja, on hiljem v\u00f5imalik soetada detailid ka majavoodi jaoks<br \/>kirjutades meilile info@beebipood.ee<\/p>\n<p>YappyHytte m\u00e4ngumaja on stiilne ja funktsionaalne lisa lastetuppa.<br \/>Skandinaavialik v\u00e4limus loob lapse toas t\u00f5eliselt hubase tunde. <br \/>M\u00e4ngumaja on suurep\u00e4rane valik lastele, sest t\u00e4nu ahvatlevale <br \/>ja m\u00e4ngulisele disainile tekib lapsel soov seal viibida ja iseseisvalt m\u00e4ngida.<br \/>Materjal: m\u00e4nnipuit.<br \/>Puit on t\u00f6\u00f6deldud \u00f6koloogilise, lastele ohutu naturaalse puiduvahaga. <br \/>See on mitmeotstarbeline materjal, annab s\u00e4ra, t\u00f5rjub niiskust <br \/>ja kaitseb m\u00f6\u00f6blit mustuse eest. <br \/>Puitdetailide kokkupuutel teiste puitdetailidega kipub see tekitama puidu h\u00e4\u00e4lt (kr\u00f5binat) <br \/>ja seet\u00f5ttu kasutatakse puiduvaha, mis takistab neid helisid ja ei tekita m\u00f6\u00f6bli kasutamise ajal m\u00fcra.<br \/>See m\u00f6\u00f6bel on valmistatud FSC sertifikaadiga puidust. <br \/>FSC sertifikaat tagab, et tooted p\u00e4rinevad vastutustundlikult majandatud metsadest, <br \/>mis pakuvad keskkonna-, sotsiaalset ja majanduslikku kasu.<\/p>\n","protected":false},"excerpt":{"rendered":"<p>YappyKids Skandinaavia stiilis m\u00e4ngumajaga. M\u00e4ngumajaga saab kasutada nii m\u00e4ngukohana kui ka v\u00e4ikelapse voodina.Ostes m\u00e4ngumaja, on hiljem v\u00f5imalik soetada detailid ka majavoodi jaokskirjutades meilile info@beebipood.ee YappyHytte m\u00e4ngumaja on stiilne ja funktsionaalne lisa lastetuppa.Skandinaavialik v\u00e4limus loob lapse toas t\u00f5eliselt hubase tunde. M\u00e4ngumaja on suurep\u00e4rane valik lastele, sest t\u00e4nu ahvatlevale ja m\u00e4ngulisele disainile tekib lapsel soov seal viibida [&hellip;]<\/p>\n","protected":false},"featured_media":100175,"template":"","meta":{"_acf_changed":false},"pwb-brand":[11969],"product_brand":[],"product_cat":[11669,11789],"product_tag":[],"class_list":{"0":"post-454374","1":"product","2":"type-product","3":"status-publish","4":"has-post-thumbnail","6":"pwb-brand-yappykids-ru","7":"product_cat-muu-sisustus-varia-ru","8":"product_cat-lastemoobel-ja-sisustus-ru","9":"pa_manufacturer-yappykids-ru","11":"first","12":"onbackorder","13":"sale","14":"taxable","15":"shipping-taxable","16":"purchasable","17":"product-type-simple"},"exclude_global_add_ons":[],"addons":[],"acf":[],"yoast_head":"<!-- This site is optimized with the Yoast SEO plugin v27.1.1 - https:\/\/yoast.com\/product\/yoast-seo-wordpress\/ -->\n<title>YappyHytte m\u00e4ngumaja, Light Grey, \u041d\u041e\u0412\u042b\u0415 \u0422\u041e\u0412\u0410\u0420\u042b, \u0414\u0440\u0443\u0433\u0430\u044f \u043c\u0435\u0431\u0435\u043b\u044c, M\u0435\u0431\u0435\u043b\u044c, Beebipood<\/title>\n<meta name=\"description\" content=\"YappyHytte m\u00e4ngumaja, Light Grey, YappyKids Skandinaavia stiilis m&auml;ngumajaga. M&auml;ngumajaga saab kasutada nii m&auml;ngukohana kui ka v&auml;i\" \/>\n<meta name=\"robots\" content=\"index, follow, max-snippet:-1, max-image-preview:large, max-video-preview:-1\" \/>\n<link rel=\"canonical\" href=\"https:\/\/beebipood.ee\/ru\/produkt\/yappyhytte-mangumaja-light-grey\/\" \/>\n<meta property=\"og:locale\" content=\"ru_RU\" \/>\n<meta property=\"og:type\" content=\"article\" \/>\n<meta property=\"og:title\" content=\"YappyHytte m\u00e4ngumaja, Light Grey, \u041d\u041e\u0412\u042b\u0415 \u0422\u041e\u0412\u0410\u0420\u042b, \u0414\u0440\u0443\u0433\u0430\u044f \u043c\u0435\u0431\u0435\u043b\u044c, M\u0435\u0431\u0435\u043b\u044c, Beebipood\" \/>\n<meta property=\"og:description\" content=\"YappyHytte m\u00e4ngumaja, Light Grey, YappyKids Skandinaavia stiilis m&auml;ngumajaga. M&auml;ngumajaga saab kasutada nii m&auml;ngukohana kui ka v&auml;i\" \/>\n<meta property=\"og:url\" content=\"https:\/\/beebipood.ee\/ru\/produkt\/yappyhytte-mangumaja-light-grey\/\" \/>\n<meta property=\"og:site_name\" content=\"Beebipood\" \/>\n<meta property=\"article:modified_time\" content=\"2025-01-09T08:52:29+00:00\" \/>\n<meta property=\"og:image\" content=\"https:\/\/beebipood.ee\/wp-content\/uploads\/2013\/09\/yappyhytte_m_ngumaja_light_grey-289.jpg\" \/>\n\t<meta property=\"og:image:width\" content=\"1200\" \/>\n\t<meta property=\"og:image:height\" content=\"1062\" \/>\n\t<meta property=\"og:image:type\" content=\"image\/jpeg\" \/>\n<meta name=\"twitter:card\" content=\"summary_large_image\" \/>\n<meta name=\"twitter:label1\" content=\"\u041f\u0440\u0438\u043c\u0435\u0440\u043d\u043e\u0435 \u0432\u0440\u0435\u043c\u044f \u0434\u043b\u044f \u0447\u0442\u0435\u043d\u0438\u044f\" \/>\n\t<meta name=\"twitter:data1\" content=\"1 \u043c\u0438\u043d\u0443\u0442\u0430\" \/>\n<script type=\"application\/ld+json\" class=\"yoast-schema-graph\">{\"@context\":\"https:\/\/schema.org\",\"@graph\":[{\"@type\":\"WebPage\",\"@id\":\"https:\/\/beebipood.ee\/ru\/produkt\/yappyhytte-mangumaja-light-grey\/\",\"url\":\"https:\/\/beebipood.ee\/ru\/produkt\/yappyhytte-mangumaja-light-grey\/\",\"name\":\"YappyHytte m\u00e4ngumaja, Light Grey, \u041d\u041e\u0412\u042b\u0415 \u0422\u041e\u0412\u0410\u0420\u042b, \u0414\u0440\u0443\u0433\u0430\u044f \u043c\u0435\u0431\u0435\u043b\u044c, M\u0435\u0431\u0435\u043b\u044c, Beebipood\",\"isPartOf\":{\"@id\":\"https:\/\/beebipood.ee\/ru\/#website\"},\"primaryImageOfPage\":{\"@id\":\"https:\/\/beebipood.ee\/ru\/produkt\/yappyhytte-mangumaja-light-grey\/#primaryimage\"},\"image\":{\"@id\":\"https:\/\/beebipood.ee\/ru\/produkt\/yappyhytte-mangumaja-light-grey\/#primaryimage\"},\"thumbnailUrl\":\"https:\/\/beebipood.ee\/wp-content\/uploads\/2013\/09\/yappyhytte_m_ngumaja_light_grey-289.jpg\",\"datePublished\":\"2013-09-02T10:42:18+00:00\",\"dateModified\":\"2025-01-09T08:52:29+00:00\",\"description\":\"YappyHytte m\u00e4ngumaja, Light Grey, YappyKids Skandinaavia stiilis m&auml;ngumajaga. M&auml;ngumajaga saab kasutada nii m&auml;ngukohana kui ka v&auml;i\",\"breadcrumb\":{\"@id\":\"https:\/\/beebipood.ee\/ru\/produkt\/yappyhytte-mangumaja-light-grey\/#breadcrumb\"},\"inLanguage\":\"ru-RU\",\"potentialAction\":[{\"@type\":\"ReadAction\",\"target\":[\"https:\/\/beebipood.ee\/ru\/produkt\/yappyhytte-mangumaja-light-grey\/\"]}]},{\"@type\":\"ImageObject\",\"inLanguage\":\"ru-RU\",\"@id\":\"https:\/\/beebipood.ee\/ru\/produkt\/yappyhytte-mangumaja-light-grey\/#primaryimage\",\"url\":\"https:\/\/beebipood.ee\/wp-content\/uploads\/2013\/09\/yappyhytte_m_ngumaja_light_grey-289.jpg\",\"contentUrl\":\"https:\/\/beebipood.ee\/wp-content\/uploads\/2013\/09\/yappyhytte_m_ngumaja_light_grey-289.jpg\",\"width\":1200,\"height\":1062},{\"@type\":\"BreadcrumbList\",\"@id\":\"https:\/\/beebipood.ee\/ru\/produkt\/yappyhytte-mangumaja-light-grey\/#breadcrumb\",\"itemListElement\":[{\"@type\":\"ListItem\",\"position\":1,\"name\":\"Home\",\"item\":\"https:\/\/beebipood.ee\/ru\/\"},{\"@type\":\"ListItem\",\"position\":2,\"name\":\"\u041a\u0430\u0442\u0430\u043b\u043e\u0433 \u0442\u043e\u0432\u0430\u0440\u043e\u0432\",\"item\":\"https:\/\/beebipood.ee\/tooted\/\"},{\"@type\":\"ListItem\",\"position\":3,\"name\":\"YappyHytte m\u00e4ngumaja, Light Grey\"}]},{\"@type\":\"WebSite\",\"@id\":\"https:\/\/beebipood.ee\/ru\/#website\",\"url\":\"https:\/\/beebipood.ee\/ru\/\",\"name\":\"Beebipood\",\"description\":\"Lastekaubad, beebikaubad, m\u00e4nguasjad\",\"publisher\":{\"@id\":\"https:\/\/beebipood.ee\/ru\/#organization\"},\"potentialAction\":[{\"@type\":\"SearchAction\",\"target\":{\"@type\":\"EntryPoint\",\"urlTemplate\":\"https:\/\/beebipood.ee\/ru\/?s={search_term_string}\"},\"query-input\":{\"@type\":\"PropertyValueSpecification\",\"valueRequired\":true,\"valueName\":\"search_term_string\"}}],\"inLanguage\":\"ru-RU\"},{\"@type\":\"Organization\",\"@id\":\"https:\/\/beebipood.ee\/ru\/#organization\",\"name\":\"Beebipood\",\"url\":\"https:\/\/beebipood.ee\/ru\/\",\"logo\":{\"@type\":\"ImageObject\",\"inLanguage\":\"ru-RU\",\"@id\":\"https:\/\/beebipood.ee\/ru\/#\/schema\/logo\/image\/\",\"url\":\"https:\/\/beebipood.ee\/wp-content\/uploads\/2025\/03\/beebipood.ee-logo-1.svg\",\"contentUrl\":\"https:\/\/beebipood.ee\/wp-content\/uploads\/2025\/03\/beebipood.ee-logo-1.svg\",\"caption\":\"Beebipood\"},\"image\":{\"@id\":\"https:\/\/beebipood.ee\/ru\/#\/schema\/logo\/image\/\"}}]}<\/script>\n<!-- \/ Yoast SEO plugin. -->","yoast_head_json":{"title":"YappyHytte m\u00e4ngumaja, Light Grey, \u041d\u041e\u0412\u042b\u0415 \u0422\u041e\u0412\u0410\u0420\u042b, \u0414\u0440\u0443\u0433\u0430\u044f \u043c\u0435\u0431\u0435\u043b\u044c, M\u0435\u0431\u0435\u043b\u044c, Beebipood","description":"YappyHytte m\u00e4ngumaja, Light Grey, YappyKids Skandinaavia stiilis m&auml;ngumajaga. M&auml;ngumajaga saab kasutada nii m&auml;ngukohana kui ka v&auml;i","robots":{"index":"index","follow":"follow","max-snippet":"max-snippet:-1","max-image-preview":"max-image-preview:large","max-video-preview":"max-video-preview:-1"},"canonical":"https:\/\/beebipood.ee\/ru\/produkt\/yappyhytte-mangumaja-light-grey\/","og_locale":"ru_RU","og_type":"article","og_title":"YappyHytte m\u00e4ngumaja, Light Grey, \u041d\u041e\u0412\u042b\u0415 \u0422\u041e\u0412\u0410\u0420\u042b, \u0414\u0440\u0443\u0433\u0430\u044f \u043c\u0435\u0431\u0435\u043b\u044c, M\u0435\u0431\u0435\u043b\u044c, Beebipood","og_description":"YappyHytte m\u00e4ngumaja, Light Grey, YappyKids Skandinaavia stiilis m&auml;ngumajaga. M&auml;ngumajaga saab kasutada nii m&auml;ngukohana kui ka v&auml;i","og_url":"https:\/\/beebipood.ee\/ru\/produkt\/yappyhytte-mangumaja-light-grey\/","og_site_name":"Beebipood","article_modified_time":"2025-01-09T08:52:29+00:00","og_image":[{"width":1200,"height":1062,"url":"https:\/\/beebipood.ee\/wp-content\/uploads\/2013\/09\/yappyhytte_m_ngumaja_light_grey-289.jpg","type":"image\/jpeg"}],"twitter_card":"summary_large_image","twitter_misc":{"\u041f\u0440\u0438\u043c\u0435\u0440\u043d\u043e\u0435 \u0432\u0440\u0435\u043c\u044f \u0434\u043b\u044f \u0447\u0442\u0435\u043d\u0438\u044f":"1 \u043c\u0438\u043d\u0443\u0442\u0430"},"schema":{"@context":"https:\/\/schema.org","@graph":[{"@type":"WebPage","@id":"https:\/\/beebipood.ee\/ru\/produkt\/yappyhytte-mangumaja-light-grey\/","url":"https:\/\/beebipood.ee\/ru\/produkt\/yappyhytte-mangumaja-light-grey\/","name":"YappyHytte m\u00e4ngumaja, Light Grey, \u041d\u041e\u0412\u042b\u0415 \u0422\u041e\u0412\u0410\u0420\u042b, \u0414\u0440\u0443\u0433\u0430\u044f \u043c\u0435\u0431\u0435\u043b\u044c, M\u0435\u0431\u0435\u043b\u044c, Beebipood","isPartOf":{"@id":"https:\/\/beebipood.ee\/ru\/#website"},"primaryImageOfPage":{"@id":"https:\/\/beebipood.ee\/ru\/produkt\/yappyhytte-mangumaja-light-grey\/#primaryimage"},"image":{"@id":"https:\/\/beebipood.ee\/ru\/produkt\/yappyhytte-mangumaja-light-grey\/#primaryimage"},"thumbnailUrl":"https:\/\/beebipood.ee\/wp-content\/uploads\/2013\/09\/yappyhytte_m_ngumaja_light_grey-289.jpg","datePublished":"2013-09-02T10:42:18+00:00","dateModified":"2025-01-09T08:52:29+00:00","description":"YappyHytte m\u00e4ngumaja, Light Grey, YappyKids Skandinaavia stiilis m&auml;ngumajaga. M&auml;ngumajaga saab kasutada nii m&auml;ngukohana kui ka v&auml;i","breadcrumb":{"@id":"https:\/\/beebipood.ee\/ru\/produkt\/yappyhytte-mangumaja-light-grey\/#breadcrumb"},"inLanguage":"ru-RU","potentialAction":[{"@type":"ReadAction","target":["https:\/\/beebipood.ee\/ru\/produkt\/yappyhytte-mangumaja-light-grey\/"]}]},{"@type":"ImageObject","inLanguage":"ru-RU","@id":"https:\/\/beebipood.ee\/ru\/produkt\/yappyhytte-mangumaja-light-grey\/#primaryimage","url":"https:\/\/beebipood.ee\/wp-content\/uploads\/2013\/09\/yappyhytte_m_ngumaja_light_grey-289.jpg","contentUrl":"https:\/\/beebipood.ee\/wp-content\/uploads\/2013\/09\/yappyhytte_m_ngumaja_light_grey-289.jpg","width":1200,"height":1062},{"@type":"BreadcrumbList","@id":"https:\/\/beebipood.ee\/ru\/produkt\/yappyhytte-mangumaja-light-grey\/#breadcrumb","itemListElement":[{"@type":"ListItem","position":1,"name":"Home","item":"https:\/\/beebipood.ee\/ru\/"},{"@type":"ListItem","position":2,"name":"\u041a\u0430\u0442\u0430\u043b\u043e\u0433 \u0442\u043e\u0432\u0430\u0440\u043e\u0432","item":"https:\/\/beebipood.ee\/tooted\/"},{"@type":"ListItem","position":3,"name":"YappyHytte m\u00e4ngumaja, Light Grey"}]},{"@type":"WebSite","@id":"https:\/\/beebipood.ee\/ru\/#website","url":"https:\/\/beebipood.ee\/ru\/","name":"Beebipood","description":"Lastekaubad, beebikaubad, m\u00e4nguasjad","publisher":{"@id":"https:\/\/beebipood.ee\/ru\/#organization"},"potentialAction":[{"@type":"SearchAction","target":{"@type":"EntryPoint","urlTemplate":"https:\/\/beebipood.ee\/ru\/?s={search_term_string}"},"query-input":{"@type":"PropertyValueSpecification","valueRequired":true,"valueName":"search_term_string"}}],"inLanguage":"ru-RU"},{"@type":"Organization","@id":"https:\/\/beebipood.ee\/ru\/#organization","name":"Beebipood","url":"https:\/\/beebipood.ee\/ru\/","logo":{"@type":"ImageObject","inLanguage":"ru-RU","@id":"https:\/\/beebipood.ee\/ru\/#\/schema\/logo\/image\/","url":"https:\/\/beebipood.ee\/wp-content\/uploads\/2025\/03\/beebipood.ee-logo-1.svg","contentUrl":"https:\/\/beebipood.ee\/wp-content\/uploads\/2025\/03\/beebipood.ee-logo-1.svg","caption":"Beebipood"},"image":{"@id":"https:\/\/beebipood.ee\/ru\/#\/schema\/logo\/image\/"}}]}},"brands":[{"id":11969,"name":"YappyKids","slug":"yappykids-ru"}],"_links":{"self":[{"href":"https:\/\/beebipood.ee\/ru\/wp-json\/wp\/v2\/product\/454374","targetHints":{"allow":["GET"]}}],"collection":[{"href":"https:\/\/beebipood.ee\/ru\/wp-json\/wp\/v2\/product"}],"about":[{"href":"https:\/\/beebipood.ee\/ru\/wp-json\/wp\/v2\/types\/product"}],"wp:featuredmedia":[{"embeddable":true,"href":"https:\/\/beebipood.ee\/ru\/wp-json\/wp\/v2\/media\/100175"}],"wp:attachment":[{"href":"https:\/\/beebipood.ee\/ru\/wp-json\/wp\/v2\/media?parent=454374"}],"wp:term":[{"taxonomy":"pwb-brand","embeddable":true,"href":"https:\/\/beebipood.ee\/ru\/wp-json\/wp\/v2\/pwb-brand?post=454374"},{"taxonomy":"product_brand","embeddable":true,"href":"https:\/\/beebipood.ee\/ru\/wp-json\/wp\/v2\/product_brand?post=454374"},{"taxonomy":"product_cat","embeddable":true,"href":"https:\/\/beebipood.ee\/ru\/wp-json\/wp\/v2\/product_cat?post=454374"},{"taxonomy":"product_tag","embeddable":true,"href":"https:\/\/beebipood.ee\/ru\/wp-json\/wp\/v2\/product_tag?post=454374"}],"curies":[{"name":"wp","href":"https:\/\/api.w.org\/{rel}","templated":true}]}}