{"id":454380,"date":"2013-09-02T13:42:26","date_gmt":"2013-09-02T10:42:26","guid":{"rendered":"https:\/\/beebipood.ee\/toode\/veekindel-madratsikaitse-sewilla-160x200\/"},"modified":"2025-01-09T10:52:29","modified_gmt":"2025-01-09T08:52:29","slug":"veekindel-madratsikaitse-sewilla-160x200","status":"publish","type":"product","link":"https:\/\/beebipood.ee\/ru\/produkt\/veekindel-madratsikaitse-sewilla-160x200\/","title":{"rendered":"Veekindel madratsikaitse Sewilla 160&#215;200"},"content":{"rendered":"<p><span>Veekindel madratsikaitse kummiga 160&#215;200 cm<\/span><br \/><span>Pealiskihiks on pehme hingav 100% puuvillane frotee<\/span><br \/><span>Madratsikaitse aluskihiks on pol\u00fcuretaankiht, mis hoiab madratsi kuiva, lastes samas \u00f5hku l\u00e4bi<\/span><br \/><span>Madratsikaitse nurkades on kummid, mille abil on kerge t\u00f5mmata lina madratsi peale<\/span><br \/><span>Kerge hooldada,\u00a0<\/span><span>vastupidav\u00a0<\/span><span>masinpesule kuni 90\u00b0 C juures, mitte triikida<\/span><br \/><span>Materjal: 85% puuvill, 15% pol\u00fcester<\/span><br \/><span>Kangas vastab \u00d6KO-TEX\u00ae Standard 100 sertifikaadile<\/span><\/p>\n","protected":false},"excerpt":{"rendered":"<p>Veekindel madratsikaitse kummiga 160&#215;200 cmPealiskihiks on pehme hingav 100% puuvillane froteeMadratsikaitse aluskihiks on pol\u00fcuretaankiht, mis hoiab madratsi kuiva, lastes samas \u00f5hku l\u00e4biMadratsikaitse nurkades on kummid, mille abil on kerge t\u00f5mmata lina madratsi pealeKerge hooldada,\u00a0vastupidav\u00a0masinpesule kuni 90\u00b0 C juures, mitte triikidaMaterjal: 85% puuvill, 15% pol\u00fcesterKangas vastab \u00d6KO-TEX\u00ae Standard 100 sertifikaadile<\/p>\n","protected":false},"featured_media":145751,"template":"","meta":{"_acf_changed":false},"pwb-brand":[],"product_brand":[],"product_cat":[11611,11777,11563,11789],"product_tag":[],"class_list":{"0":"post-454380","1":"product","2":"type-product","3":"status-publish","4":"has-post-thumbnail","6":"product_cat-kattemadratsid-ru","7":"product_cat-kuni-160cm-laiused-ru-1","8":"product_cat-madratsid-ja-kattemadratsid-ru","9":"product_cat-lastemoobel-ja-sisustus-ru","11":"first","12":"instock","13":"taxable","14":"shipping-taxable","15":"purchasable","16":"product-type-simple"},"exclude_global_add_ons":[],"addons":[],"acf":[],"yoast_head":"<!-- This site is optimized with the Yoast SEO plugin v27.1.1 - https:\/\/yoast.com\/product\/yoast-seo-wordpress\/ -->\n<title>Veekindel madratsikaitse Sewilla 160x200, \u041c\u0430\u0442\u0440\u0430\u0441\u044b \u0438 \u043c\u0430\u0442\u0440\u0430\u0441\u044b-\u043f\u043e\u043a\u0440\u044b\u0432\u0430\u043b\u0430, M\u0430\u0442\u0440\u0430\u0441\u044b-\u043f\u043e\u043a\u0440\u044b\u0432\u0430\u043b\u0430, \u0428\u0438\u0440\u0438\u043d\u043e\u0439 \u0434\u043e 160 c\u043c, M\u0435\u0431\u0435\u043b\u044c, Beebipood<\/title>\n<meta name=\"description\" content=\"Veekindel madratsikaitse Sewilla 160x200, Veekindel madratsikaitse kummiga 160x200 cmPealiskihiks on pehme hingav 100% puuvillane fr\" \/>\n<meta name=\"robots\" content=\"index, follow, max-snippet:-1, max-image-preview:large, max-video-preview:-1\" \/>\n<link rel=\"canonical\" href=\"https:\/\/beebipood.ee\/ru\/produkt\/veekindel-madratsikaitse-sewilla-160x200\/\" \/>\n<meta property=\"og:locale\" content=\"ru_RU\" \/>\n<meta property=\"og:type\" content=\"article\" \/>\n<meta property=\"og:title\" content=\"Veekindel madratsikaitse Sewilla 160x200, \u041c\u0430\u0442\u0440\u0430\u0441\u044b \u0438 \u043c\u0430\u0442\u0440\u0430\u0441\u044b-\u043f\u043e\u043a\u0440\u044b\u0432\u0430\u043b\u0430, M\u0430\u0442\u0440\u0430\u0441\u044b-\u043f\u043e\u043a\u0440\u044b\u0432\u0430\u043b\u0430, \u0428\u0438\u0440\u0438\u043d\u043e\u0439 \u0434\u043e 160 c\u043c, M\u0435\u0431\u0435\u043b\u044c, Beebipood\" \/>\n<meta property=\"og:description\" content=\"Veekindel madratsikaitse Sewilla 160x200, Veekindel madratsikaitse kummiga 160x200 cmPealiskihiks on pehme hingav 100% puuvillane fr\" \/>\n<meta property=\"og:url\" content=\"https:\/\/beebipood.ee\/ru\/produkt\/veekindel-madratsikaitse-sewilla-160x200\/\" \/>\n<meta property=\"og:site_name\" content=\"Beebipood\" \/>\n<meta property=\"article:modified_time\" content=\"2025-01-09T08:52:29+00:00\" \/>\n<meta property=\"og:image\" content=\"https:\/\/beebipood.ee\/wp-content\/uploads\/2013\/09\/Veekindel-madratsikaitse-Sewilla-160x200-Madratsid-ja-kattemadratsid-Kattemadratsid-kuni-160cm-laiused-Lastemoobel-ja-sisustus_1-7ee.jpg\" \/>\n\t<meta property=\"og:image:width\" content=\"1127\" \/>\n\t<meta property=\"og:image:height\" content=\"837\" \/>\n\t<meta property=\"og:image:type\" content=\"image\/jpeg\" \/>\n<meta name=\"twitter:card\" content=\"summary_large_image\" \/>\n<script type=\"application\/ld+json\" class=\"yoast-schema-graph\">{\"@context\":\"https:\/\/schema.org\",\"@graph\":[{\"@type\":\"WebPage\",\"@id\":\"https:\/\/beebipood.ee\/ru\/produkt\/veekindel-madratsikaitse-sewilla-160x200\/\",\"url\":\"https:\/\/beebipood.ee\/ru\/produkt\/veekindel-madratsikaitse-sewilla-160x200\/\",\"name\":\"Veekindel madratsikaitse Sewilla 160x200, \u041c\u0430\u0442\u0440\u0430\u0441\u044b \u0438 \u043c\u0430\u0442\u0440\u0430\u0441\u044b-\u043f\u043e\u043a\u0440\u044b\u0432\u0430\u043b\u0430, M\u0430\u0442\u0440\u0430\u0441\u044b-\u043f\u043e\u043a\u0440\u044b\u0432\u0430\u043b\u0430, \u0428\u0438\u0440\u0438\u043d\u043e\u0439 \u0434\u043e 160 c\u043c, M\u0435\u0431\u0435\u043b\u044c, Beebipood\",\"isPartOf\":{\"@id\":\"https:\/\/beebipood.ee\/ru\/#website\"},\"primaryImageOfPage\":{\"@id\":\"https:\/\/beebipood.ee\/ru\/produkt\/veekindel-madratsikaitse-sewilla-160x200\/#primaryimage\"},\"image\":{\"@id\":\"https:\/\/beebipood.ee\/ru\/produkt\/veekindel-madratsikaitse-sewilla-160x200\/#primaryimage\"},\"thumbnailUrl\":\"https:\/\/beebipood.ee\/wp-content\/uploads\/2013\/09\/Veekindel-madratsikaitse-Sewilla-160x200-Madratsid-ja-kattemadratsid-Kattemadratsid-kuni-160cm-laiused-Lastemoobel-ja-sisustus_1-7ee.jpg\",\"datePublished\":\"2013-09-02T10:42:26+00:00\",\"dateModified\":\"2025-01-09T08:52:29+00:00\",\"description\":\"Veekindel madratsikaitse Sewilla 160x200, Veekindel madratsikaitse kummiga 160x200 cmPealiskihiks on pehme hingav 100% puuvillane fr\",\"breadcrumb\":{\"@id\":\"https:\/\/beebipood.ee\/ru\/produkt\/veekindel-madratsikaitse-sewilla-160x200\/#breadcrumb\"},\"inLanguage\":\"ru-RU\",\"potentialAction\":[{\"@type\":\"ReadAction\",\"target\":[\"https:\/\/beebipood.ee\/ru\/produkt\/veekindel-madratsikaitse-sewilla-160x200\/\"]}]},{\"@type\":\"ImageObject\",\"inLanguage\":\"ru-RU\",\"@id\":\"https:\/\/beebipood.ee\/ru\/produkt\/veekindel-madratsikaitse-sewilla-160x200\/#primaryimage\",\"url\":\"https:\/\/beebipood.ee\/wp-content\/uploads\/2013\/09\/Veekindel-madratsikaitse-Sewilla-160x200-Madratsid-ja-kattemadratsid-Kattemadratsid-kuni-160cm-laiused-Lastemoobel-ja-sisustus_1-7ee.jpg\",\"contentUrl\":\"https:\/\/beebipood.ee\/wp-content\/uploads\/2013\/09\/Veekindel-madratsikaitse-Sewilla-160x200-Madratsid-ja-kattemadratsid-Kattemadratsid-kuni-160cm-laiused-Lastemoobel-ja-sisustus_1-7ee.jpg\",\"width\":1127,\"height\":837},{\"@type\":\"BreadcrumbList\",\"@id\":\"https:\/\/beebipood.ee\/ru\/produkt\/veekindel-madratsikaitse-sewilla-160x200\/#breadcrumb\",\"itemListElement\":[{\"@type\":\"ListItem\",\"position\":1,\"name\":\"Home\",\"item\":\"https:\/\/beebipood.ee\/ru\/\"},{\"@type\":\"ListItem\",\"position\":2,\"name\":\"\u041a\u0430\u0442\u0430\u043b\u043e\u0433 \u0442\u043e\u0432\u0430\u0440\u043e\u0432\",\"item\":\"https:\/\/beebipood.ee\/tooted\/\"},{\"@type\":\"ListItem\",\"position\":3,\"name\":\"Veekindel madratsikaitse Sewilla 160&#215;200\"}]},{\"@type\":\"WebSite\",\"@id\":\"https:\/\/beebipood.ee\/ru\/#website\",\"url\":\"https:\/\/beebipood.ee\/ru\/\",\"name\":\"Beebipood\",\"description\":\"Lastekaubad, beebikaubad, m\u00e4nguasjad\",\"publisher\":{\"@id\":\"https:\/\/beebipood.ee\/ru\/#organization\"},\"potentialAction\":[{\"@type\":\"SearchAction\",\"target\":{\"@type\":\"EntryPoint\",\"urlTemplate\":\"https:\/\/beebipood.ee\/ru\/?s={search_term_string}\"},\"query-input\":{\"@type\":\"PropertyValueSpecification\",\"valueRequired\":true,\"valueName\":\"search_term_string\"}}],\"inLanguage\":\"ru-RU\"},{\"@type\":\"Organization\",\"@id\":\"https:\/\/beebipood.ee\/ru\/#organization\",\"name\":\"Beebipood\",\"url\":\"https:\/\/beebipood.ee\/ru\/\",\"logo\":{\"@type\":\"ImageObject\",\"inLanguage\":\"ru-RU\",\"@id\":\"https:\/\/beebipood.ee\/ru\/#\/schema\/logo\/image\/\",\"url\":\"https:\/\/beebipood.ee\/wp-content\/uploads\/2025\/03\/beebipood.ee-logo-1.svg\",\"contentUrl\":\"https:\/\/beebipood.ee\/wp-content\/uploads\/2025\/03\/beebipood.ee-logo-1.svg\",\"caption\":\"Beebipood\"},\"image\":{\"@id\":\"https:\/\/beebipood.ee\/ru\/#\/schema\/logo\/image\/\"}}]}<\/script>\n<!-- \/ Yoast SEO plugin. -->","yoast_head_json":{"title":"Veekindel madratsikaitse Sewilla 160x200, \u041c\u0430\u0442\u0440\u0430\u0441\u044b \u0438 \u043c\u0430\u0442\u0440\u0430\u0441\u044b-\u043f\u043e\u043a\u0440\u044b\u0432\u0430\u043b\u0430, M\u0430\u0442\u0440\u0430\u0441\u044b-\u043f\u043e\u043a\u0440\u044b\u0432\u0430\u043b\u0430, \u0428\u0438\u0440\u0438\u043d\u043e\u0439 \u0434\u043e 160 c\u043c, M\u0435\u0431\u0435\u043b\u044c, Beebipood","description":"Veekindel madratsikaitse Sewilla 160x200, Veekindel madratsikaitse kummiga 160x200 cmPealiskihiks on pehme hingav 100% puuvillane fr","robots":{"index":"index","follow":"follow","max-snippet":"max-snippet:-1","max-image-preview":"max-image-preview:large","max-video-preview":"max-video-preview:-1"},"canonical":"https:\/\/beebipood.ee\/ru\/produkt\/veekindel-madratsikaitse-sewilla-160x200\/","og_locale":"ru_RU","og_type":"article","og_title":"Veekindel madratsikaitse Sewilla 160x200, \u041c\u0430\u0442\u0440\u0430\u0441\u044b \u0438 \u043c\u0430\u0442\u0440\u0430\u0441\u044b-\u043f\u043e\u043a\u0440\u044b\u0432\u0430\u043b\u0430, M\u0430\u0442\u0440\u0430\u0441\u044b-\u043f\u043e\u043a\u0440\u044b\u0432\u0430\u043b\u0430, \u0428\u0438\u0440\u0438\u043d\u043e\u0439 \u0434\u043e 160 c\u043c, M\u0435\u0431\u0435\u043b\u044c, Beebipood","og_description":"Veekindel madratsikaitse Sewilla 160x200, Veekindel madratsikaitse kummiga 160x200 cmPealiskihiks on pehme hingav 100% puuvillane fr","og_url":"https:\/\/beebipood.ee\/ru\/produkt\/veekindel-madratsikaitse-sewilla-160x200\/","og_site_name":"Beebipood","article_modified_time":"2025-01-09T08:52:29+00:00","og_image":[{"width":1127,"height":837,"url":"https:\/\/beebipood.ee\/wp-content\/uploads\/2013\/09\/Veekindel-madratsikaitse-Sewilla-160x200-Madratsid-ja-kattemadratsid-Kattemadratsid-kuni-160cm-laiused-Lastemoobel-ja-sisustus_1-7ee.jpg","type":"image\/jpeg"}],"twitter_card":"summary_large_image","schema":{"@context":"https:\/\/schema.org","@graph":[{"@type":"WebPage","@id":"https:\/\/beebipood.ee\/ru\/produkt\/veekindel-madratsikaitse-sewilla-160x200\/","url":"https:\/\/beebipood.ee\/ru\/produkt\/veekindel-madratsikaitse-sewilla-160x200\/","name":"Veekindel madratsikaitse Sewilla 160x200, \u041c\u0430\u0442\u0440\u0430\u0441\u044b \u0438 \u043c\u0430\u0442\u0440\u0430\u0441\u044b-\u043f\u043e\u043a\u0440\u044b\u0432\u0430\u043b\u0430, M\u0430\u0442\u0440\u0430\u0441\u044b-\u043f\u043e\u043a\u0440\u044b\u0432\u0430\u043b\u0430, \u0428\u0438\u0440\u0438\u043d\u043e\u0439 \u0434\u043e 160 c\u043c, M\u0435\u0431\u0435\u043b\u044c, Beebipood","isPartOf":{"@id":"https:\/\/beebipood.ee\/ru\/#website"},"primaryImageOfPage":{"@id":"https:\/\/beebipood.ee\/ru\/produkt\/veekindel-madratsikaitse-sewilla-160x200\/#primaryimage"},"image":{"@id":"https:\/\/beebipood.ee\/ru\/produkt\/veekindel-madratsikaitse-sewilla-160x200\/#primaryimage"},"thumbnailUrl":"https:\/\/beebipood.ee\/wp-content\/uploads\/2013\/09\/Veekindel-madratsikaitse-Sewilla-160x200-Madratsid-ja-kattemadratsid-Kattemadratsid-kuni-160cm-laiused-Lastemoobel-ja-sisustus_1-7ee.jpg","datePublished":"2013-09-02T10:42:26+00:00","dateModified":"2025-01-09T08:52:29+00:00","description":"Veekindel madratsikaitse Sewilla 160x200, Veekindel madratsikaitse kummiga 160x200 cmPealiskihiks on pehme hingav 100% puuvillane fr","breadcrumb":{"@id":"https:\/\/beebipood.ee\/ru\/produkt\/veekindel-madratsikaitse-sewilla-160x200\/#breadcrumb"},"inLanguage":"ru-RU","potentialAction":[{"@type":"ReadAction","target":["https:\/\/beebipood.ee\/ru\/produkt\/veekindel-madratsikaitse-sewilla-160x200\/"]}]},{"@type":"ImageObject","inLanguage":"ru-RU","@id":"https:\/\/beebipood.ee\/ru\/produkt\/veekindel-madratsikaitse-sewilla-160x200\/#primaryimage","url":"https:\/\/beebipood.ee\/wp-content\/uploads\/2013\/09\/Veekindel-madratsikaitse-Sewilla-160x200-Madratsid-ja-kattemadratsid-Kattemadratsid-kuni-160cm-laiused-Lastemoobel-ja-sisustus_1-7ee.jpg","contentUrl":"https:\/\/beebipood.ee\/wp-content\/uploads\/2013\/09\/Veekindel-madratsikaitse-Sewilla-160x200-Madratsid-ja-kattemadratsid-Kattemadratsid-kuni-160cm-laiused-Lastemoobel-ja-sisustus_1-7ee.jpg","width":1127,"height":837},{"@type":"BreadcrumbList","@id":"https:\/\/beebipood.ee\/ru\/produkt\/veekindel-madratsikaitse-sewilla-160x200\/#breadcrumb","itemListElement":[{"@type":"ListItem","position":1,"name":"Home","item":"https:\/\/beebipood.ee\/ru\/"},{"@type":"ListItem","position":2,"name":"\u041a\u0430\u0442\u0430\u043b\u043e\u0433 \u0442\u043e\u0432\u0430\u0440\u043e\u0432","item":"https:\/\/beebipood.ee\/tooted\/"},{"@type":"ListItem","position":3,"name":"Veekindel madratsikaitse Sewilla 160&#215;200"}]},{"@type":"WebSite","@id":"https:\/\/beebipood.ee\/ru\/#website","url":"https:\/\/beebipood.ee\/ru\/","name":"Beebipood","description":"Lastekaubad, beebikaubad, m\u00e4nguasjad","publisher":{"@id":"https:\/\/beebipood.ee\/ru\/#organization"},"potentialAction":[{"@type":"SearchAction","target":{"@type":"EntryPoint","urlTemplate":"https:\/\/beebipood.ee\/ru\/?s={search_term_string}"},"query-input":{"@type":"PropertyValueSpecification","valueRequired":true,"valueName":"search_term_string"}}],"inLanguage":"ru-RU"},{"@type":"Organization","@id":"https:\/\/beebipood.ee\/ru\/#organization","name":"Beebipood","url":"https:\/\/beebipood.ee\/ru\/","logo":{"@type":"ImageObject","inLanguage":"ru-RU","@id":"https:\/\/beebipood.ee\/ru\/#\/schema\/logo\/image\/","url":"https:\/\/beebipood.ee\/wp-content\/uploads\/2025\/03\/beebipood.ee-logo-1.svg","contentUrl":"https:\/\/beebipood.ee\/wp-content\/uploads\/2025\/03\/beebipood.ee-logo-1.svg","caption":"Beebipood"},"image":{"@id":"https:\/\/beebipood.ee\/ru\/#\/schema\/logo\/image\/"}}]}},"brands":[],"_links":{"self":[{"href":"https:\/\/beebipood.ee\/ru\/wp-json\/wp\/v2\/product\/454380","targetHints":{"allow":["GET"]}}],"collection":[{"href":"https:\/\/beebipood.ee\/ru\/wp-json\/wp\/v2\/product"}],"about":[{"href":"https:\/\/beebipood.ee\/ru\/wp-json\/wp\/v2\/types\/product"}],"wp:featuredmedia":[{"embeddable":true,"href":"https:\/\/beebipood.ee\/ru\/wp-json\/wp\/v2\/media\/145751"}],"wp:attachment":[{"href":"https:\/\/beebipood.ee\/ru\/wp-json\/wp\/v2\/media?parent=454380"}],"wp:term":[{"taxonomy":"pwb-brand","embeddable":true,"href":"https:\/\/beebipood.ee\/ru\/wp-json\/wp\/v2\/pwb-brand?post=454380"},{"taxonomy":"product_brand","embeddable":true,"href":"https:\/\/beebipood.ee\/ru\/wp-json\/wp\/v2\/product_brand?post=454380"},{"taxonomy":"product_cat","embeddable":true,"href":"https:\/\/beebipood.ee\/ru\/wp-json\/wp\/v2\/product_cat?post=454380"},{"taxonomy":"product_tag","embeddable":true,"href":"https:\/\/beebipood.ee\/ru\/wp-json\/wp\/v2\/product_tag?post=454380"}],"curies":[{"name":"wp","href":"https:\/\/api.w.org\/{rel}","templated":true}]}}