{"id":454388,"date":"2013-09-02T13:42:50","date_gmt":"2013-09-02T10:42:50","guid":{"rendered":"https:\/\/beebipood.ee\/toode\/lastelaud-ja-tool-bunny-roosa-natural\/"},"modified":"2025-01-09T10:52:29","modified_gmt":"2025-01-09T08:52:29","slug":"lastelaud-ja-tool-bunny-roosa-natural","status":"publish","type":"product","link":"https:\/\/beebipood.ee\/ru\/produkt\/lastelaud-ja-tool-bunny-roosa-natural\/","title":{"rendered":"Lastelaud ja tool Bunny, roosa\/natural"},"content":{"rendered":"<p>V\u00e4ikelapse puidust tool ja lauad.<br \/>Ideaalne v\u00e4rvimiseks, meisterdamiseks, lugemiseks ja m\u00e4ngimiseks.<br \/>Mugav, stabiilne ja tugev konstruktsioon.<br \/>Puidust j\u00e4nku tool ja laud on valmistatud 100% naturaalsest kasevineerist.<br \/>\u2022 \u00dcmardatud lauanurgad ja servad<br \/>\u2022 Kompaktne disain, mis sobib ideaalselt v\u00e4ikestesse ruumidesse<br \/>\u2022 Lihtne, kiire kokkupanek<br \/>\u2022 Toodetud L\u00e4tis<br \/>\u2022 Sobilik: 2-7 Aastat<br \/>M\u00f5\u00f5dud<br \/>Laud:<br \/>K\u00f5rgus: 51,5<br \/>Laius: 60<br \/>S\u00fcgavus: 50<br \/>Tool:<br \/>K\u00f5rgus: 31,5<br \/>Laius: 35<br \/>S\u00fcgavus: 31<\/p>\n","protected":false},"excerpt":{"rendered":"<p>V\u00e4ikelapse puidust tool ja lauad.Ideaalne v\u00e4rvimiseks, meisterdamiseks, lugemiseks ja m\u00e4ngimiseks.Mugav, stabiilne ja tugev konstruktsioon.Puidust j\u00e4nku tool ja laud on valmistatud 100% naturaalsest kasevineerist.\u2022 \u00dcmardatud lauanurgad ja servad\u2022 Kompaktne disain, mis sobib ideaalselt v\u00e4ikestesse ruumidesse\u2022 Lihtne, kiire kokkupanek\u2022 Toodetud L\u00e4tis\u2022 Sobilik: 2-7 AastatM\u00f5\u00f5dudLaud:K\u00f5rgus: 51,5Laius: 60S\u00fcgavus: 50Tool:K\u00f5rgus: 31,5Laius: 35S\u00fcgavus: 31<\/p>\n","protected":false},"featured_media":100275,"template":"","meta":{"_acf_changed":false},"pwb-brand":[],"product_brand":[],"product_cat":[11647,11655,11789],"product_tag":[],"class_list":{"0":"post-454388","1":"product","2":"type-product","3":"status-publish","4":"has-post-thumbnail","6":"product_cat-lastelauad-toolid-arvuti-ja-kirjutuslauad-ru","7":"product_cat-lastelaud-toolid-komplektid-ru","8":"product_cat-lastemoobel-ja-sisustus-ru","10":"first","11":"onbackorder","12":"sale","13":"taxable","14":"shipping-taxable","15":"purchasable","16":"product-type-simple"},"exclude_global_add_ons":[],"addons":[],"acf":[],"yoast_head":"<!-- This site is optimized with the Yoast SEO plugin v27.1.1 - https:\/\/yoast.com\/product\/yoast-seo-wordpress\/ -->\n<title>Lastelaud ja tool Bunny, roosa\/natural, \u041d\u041e\u0412\u042b\u0415 \u0422\u041e\u0412\u0410\u0420\u042b, \u0414\u0435\u0442\u0441\u043a\u0438\u0435 \u0441\u0442\u043e\u043b\u044b, \u0441\u0442\u0443\u043b\u044c\u044f, \u043f\u0438\u0441\u044c\u043c\u0435\u043d\u043d\u044b\u0435 \u0441\u0442\u043e\u043b\u044b, \u041a\u043e\u043c\u043f\u043b\u0435\u043a\u0442\u044b - \u0434\u0435\u0442\u0441\u043a\u0438\u0439 \u0441\u0442\u043e\u043b+\u0441\u0442\u0443\u043b\u044c\u044f, M\u0435\u0431\u0435\u043b\u044c, Beebipood<\/title>\n<meta name=\"description\" content=\"Lastelaud ja tool Bunny, roosa\/natural, V&auml;ikelapse puidust tool ja lauad.Ideaalne v&auml;rvimiseks, meisterdamiseks, lugemiseks ja m&auml;ngimisek\" \/>\n<meta name=\"robots\" content=\"index, follow, max-snippet:-1, max-image-preview:large, max-video-preview:-1\" \/>\n<link rel=\"canonical\" href=\"https:\/\/beebipood.ee\/ru\/produkt\/lastelaud-ja-tool-bunny-roosa-natural\/\" \/>\n<meta property=\"og:locale\" content=\"ru_RU\" \/>\n<meta property=\"og:type\" content=\"article\" \/>\n<meta property=\"og:title\" content=\"Lastelaud ja tool Bunny, roosa\/natural, \u041d\u041e\u0412\u042b\u0415 \u0422\u041e\u0412\u0410\u0420\u042b, \u0414\u0435\u0442\u0441\u043a\u0438\u0435 \u0441\u0442\u043e\u043b\u044b, \u0441\u0442\u0443\u043b\u044c\u044f, \u043f\u0438\u0441\u044c\u043c\u0435\u043d\u043d\u044b\u0435 \u0441\u0442\u043e\u043b\u044b, \u041a\u043e\u043c\u043f\u043b\u0435\u043a\u0442\u044b - \u0434\u0435\u0442\u0441\u043a\u0438\u0439 \u0441\u0442\u043e\u043b+\u0441\u0442\u0443\u043b\u044c\u044f, M\u0435\u0431\u0435\u043b\u044c, Beebipood\" \/>\n<meta property=\"og:description\" content=\"Lastelaud ja tool Bunny, roosa\/natural, V&auml;ikelapse puidust tool ja lauad.Ideaalne v&auml;rvimiseks, meisterdamiseks, lugemiseks ja m&auml;ngimisek\" \/>\n<meta property=\"og:url\" content=\"https:\/\/beebipood.ee\/ru\/produkt\/lastelaud-ja-tool-bunny-roosa-natural\/\" \/>\n<meta property=\"og:site_name\" content=\"Beebipood\" \/>\n<meta property=\"article:modified_time\" content=\"2025-01-09T08:52:29+00:00\" \/>\n<meta property=\"og:image\" content=\"https:\/\/beebipood.ee\/wp-content\/uploads\/2013\/09\/Lastelaud-ja-tool-Bunny-roosanatural-UUED-TOOTED-Lastelauad-toolid-Arvutija-kirjutuslauad-Lastelaudtoolid-komplektid-Lastemoobel-ja-sisustus_1-838.jpg\" \/>\n\t<meta property=\"og:image:width\" content=\"1129\" \/>\n\t<meta property=\"og:image:height\" content=\"750\" \/>\n\t<meta property=\"og:image:type\" content=\"image\/jpeg\" \/>\n<meta name=\"twitter:card\" content=\"summary_large_image\" \/>\n<script type=\"application\/ld+json\" class=\"yoast-schema-graph\">{\"@context\":\"https:\/\/schema.org\",\"@graph\":[{\"@type\":\"WebPage\",\"@id\":\"https:\/\/beebipood.ee\/ru\/produkt\/lastelaud-ja-tool-bunny-roosa-natural\/\",\"url\":\"https:\/\/beebipood.ee\/ru\/produkt\/lastelaud-ja-tool-bunny-roosa-natural\/\",\"name\":\"Lastelaud ja tool Bunny, roosa\/natural, \u041d\u041e\u0412\u042b\u0415 \u0422\u041e\u0412\u0410\u0420\u042b, \u0414\u0435\u0442\u0441\u043a\u0438\u0435 \u0441\u0442\u043e\u043b\u044b, \u0441\u0442\u0443\u043b\u044c\u044f, \u043f\u0438\u0441\u044c\u043c\u0435\u043d\u043d\u044b\u0435 \u0441\u0442\u043e\u043b\u044b, \u041a\u043e\u043c\u043f\u043b\u0435\u043a\u0442\u044b - \u0434\u0435\u0442\u0441\u043a\u0438\u0439 \u0441\u0442\u043e\u043b+\u0441\u0442\u0443\u043b\u044c\u044f, M\u0435\u0431\u0435\u043b\u044c, Beebipood\",\"isPartOf\":{\"@id\":\"https:\/\/beebipood.ee\/ru\/#website\"},\"primaryImageOfPage\":{\"@id\":\"https:\/\/beebipood.ee\/ru\/produkt\/lastelaud-ja-tool-bunny-roosa-natural\/#primaryimage\"},\"image\":{\"@id\":\"https:\/\/beebipood.ee\/ru\/produkt\/lastelaud-ja-tool-bunny-roosa-natural\/#primaryimage\"},\"thumbnailUrl\":\"https:\/\/beebipood.ee\/wp-content\/uploads\/2013\/09\/Lastelaud-ja-tool-Bunny-roosanatural-UUED-TOOTED-Lastelauad-toolid-Arvutija-kirjutuslauad-Lastelaudtoolid-komplektid-Lastemoobel-ja-sisustus_1-838.jpg\",\"datePublished\":\"2013-09-02T10:42:50+00:00\",\"dateModified\":\"2025-01-09T08:52:29+00:00\",\"description\":\"Lastelaud ja tool Bunny, roosa\/natural, V&auml;ikelapse puidust tool ja lauad.Ideaalne v&auml;rvimiseks, meisterdamiseks, lugemiseks ja m&auml;ngimisek\",\"breadcrumb\":{\"@id\":\"https:\/\/beebipood.ee\/ru\/produkt\/lastelaud-ja-tool-bunny-roosa-natural\/#breadcrumb\"},\"inLanguage\":\"ru-RU\",\"potentialAction\":[{\"@type\":\"ReadAction\",\"target\":[\"https:\/\/beebipood.ee\/ru\/produkt\/lastelaud-ja-tool-bunny-roosa-natural\/\"]}]},{\"@type\":\"ImageObject\",\"inLanguage\":\"ru-RU\",\"@id\":\"https:\/\/beebipood.ee\/ru\/produkt\/lastelaud-ja-tool-bunny-roosa-natural\/#primaryimage\",\"url\":\"https:\/\/beebipood.ee\/wp-content\/uploads\/2013\/09\/Lastelaud-ja-tool-Bunny-roosanatural-UUED-TOOTED-Lastelauad-toolid-Arvutija-kirjutuslauad-Lastelaudtoolid-komplektid-Lastemoobel-ja-sisustus_1-838.jpg\",\"contentUrl\":\"https:\/\/beebipood.ee\/wp-content\/uploads\/2013\/09\/Lastelaud-ja-tool-Bunny-roosanatural-UUED-TOOTED-Lastelauad-toolid-Arvutija-kirjutuslauad-Lastelaudtoolid-komplektid-Lastemoobel-ja-sisustus_1-838.jpg\",\"width\":1129,\"height\":750},{\"@type\":\"BreadcrumbList\",\"@id\":\"https:\/\/beebipood.ee\/ru\/produkt\/lastelaud-ja-tool-bunny-roosa-natural\/#breadcrumb\",\"itemListElement\":[{\"@type\":\"ListItem\",\"position\":1,\"name\":\"Home\",\"item\":\"https:\/\/beebipood.ee\/ru\/\"},{\"@type\":\"ListItem\",\"position\":2,\"name\":\"\u041a\u0430\u0442\u0430\u043b\u043e\u0433 \u0442\u043e\u0432\u0430\u0440\u043e\u0432\",\"item\":\"https:\/\/beebipood.ee\/tooted\/\"},{\"@type\":\"ListItem\",\"position\":3,\"name\":\"Lastelaud ja tool Bunny, roosa\/natural\"}]},{\"@type\":\"WebSite\",\"@id\":\"https:\/\/beebipood.ee\/ru\/#website\",\"url\":\"https:\/\/beebipood.ee\/ru\/\",\"name\":\"Beebipood\",\"description\":\"Lastekaubad, beebikaubad, m\u00e4nguasjad\",\"publisher\":{\"@id\":\"https:\/\/beebipood.ee\/ru\/#organization\"},\"potentialAction\":[{\"@type\":\"SearchAction\",\"target\":{\"@type\":\"EntryPoint\",\"urlTemplate\":\"https:\/\/beebipood.ee\/ru\/?s={search_term_string}\"},\"query-input\":{\"@type\":\"PropertyValueSpecification\",\"valueRequired\":true,\"valueName\":\"search_term_string\"}}],\"inLanguage\":\"ru-RU\"},{\"@type\":\"Organization\",\"@id\":\"https:\/\/beebipood.ee\/ru\/#organization\",\"name\":\"Beebipood\",\"url\":\"https:\/\/beebipood.ee\/ru\/\",\"logo\":{\"@type\":\"ImageObject\",\"inLanguage\":\"ru-RU\",\"@id\":\"https:\/\/beebipood.ee\/ru\/#\/schema\/logo\/image\/\",\"url\":\"https:\/\/beebipood.ee\/wp-content\/uploads\/2025\/03\/beebipood.ee-logo-1.svg\",\"contentUrl\":\"https:\/\/beebipood.ee\/wp-content\/uploads\/2025\/03\/beebipood.ee-logo-1.svg\",\"caption\":\"Beebipood\"},\"image\":{\"@id\":\"https:\/\/beebipood.ee\/ru\/#\/schema\/logo\/image\/\"}}]}<\/script>\n<!-- \/ Yoast SEO plugin. -->","yoast_head_json":{"title":"Lastelaud ja tool Bunny, roosa\/natural, \u041d\u041e\u0412\u042b\u0415 \u0422\u041e\u0412\u0410\u0420\u042b, \u0414\u0435\u0442\u0441\u043a\u0438\u0435 \u0441\u0442\u043e\u043b\u044b, \u0441\u0442\u0443\u043b\u044c\u044f, \u043f\u0438\u0441\u044c\u043c\u0435\u043d\u043d\u044b\u0435 \u0441\u0442\u043e\u043b\u044b, \u041a\u043e\u043c\u043f\u043b\u0435\u043a\u0442\u044b - \u0434\u0435\u0442\u0441\u043a\u0438\u0439 \u0441\u0442\u043e\u043b+\u0441\u0442\u0443\u043b\u044c\u044f, M\u0435\u0431\u0435\u043b\u044c, Beebipood","description":"Lastelaud ja tool Bunny, roosa\/natural, V&auml;ikelapse puidust tool ja lauad.Ideaalne v&auml;rvimiseks, meisterdamiseks, lugemiseks ja m&auml;ngimisek","robots":{"index":"index","follow":"follow","max-snippet":"max-snippet:-1","max-image-preview":"max-image-preview:large","max-video-preview":"max-video-preview:-1"},"canonical":"https:\/\/beebipood.ee\/ru\/produkt\/lastelaud-ja-tool-bunny-roosa-natural\/","og_locale":"ru_RU","og_type":"article","og_title":"Lastelaud ja tool Bunny, roosa\/natural, \u041d\u041e\u0412\u042b\u0415 \u0422\u041e\u0412\u0410\u0420\u042b, \u0414\u0435\u0442\u0441\u043a\u0438\u0435 \u0441\u0442\u043e\u043b\u044b, \u0441\u0442\u0443\u043b\u044c\u044f, \u043f\u0438\u0441\u044c\u043c\u0435\u043d\u043d\u044b\u0435 \u0441\u0442\u043e\u043b\u044b, \u041a\u043e\u043c\u043f\u043b\u0435\u043a\u0442\u044b - \u0434\u0435\u0442\u0441\u043a\u0438\u0439 \u0441\u0442\u043e\u043b+\u0441\u0442\u0443\u043b\u044c\u044f, M\u0435\u0431\u0435\u043b\u044c, Beebipood","og_description":"Lastelaud ja tool Bunny, roosa\/natural, V&auml;ikelapse puidust tool ja lauad.Ideaalne v&auml;rvimiseks, meisterdamiseks, lugemiseks ja m&auml;ngimisek","og_url":"https:\/\/beebipood.ee\/ru\/produkt\/lastelaud-ja-tool-bunny-roosa-natural\/","og_site_name":"Beebipood","article_modified_time":"2025-01-09T08:52:29+00:00","og_image":[{"width":1129,"height":750,"url":"https:\/\/beebipood.ee\/wp-content\/uploads\/2013\/09\/Lastelaud-ja-tool-Bunny-roosanatural-UUED-TOOTED-Lastelauad-toolid-Arvutija-kirjutuslauad-Lastelaudtoolid-komplektid-Lastemoobel-ja-sisustus_1-838.jpg","type":"image\/jpeg"}],"twitter_card":"summary_large_image","schema":{"@context":"https:\/\/schema.org","@graph":[{"@type":"WebPage","@id":"https:\/\/beebipood.ee\/ru\/produkt\/lastelaud-ja-tool-bunny-roosa-natural\/","url":"https:\/\/beebipood.ee\/ru\/produkt\/lastelaud-ja-tool-bunny-roosa-natural\/","name":"Lastelaud ja tool Bunny, roosa\/natural, \u041d\u041e\u0412\u042b\u0415 \u0422\u041e\u0412\u0410\u0420\u042b, \u0414\u0435\u0442\u0441\u043a\u0438\u0435 \u0441\u0442\u043e\u043b\u044b, \u0441\u0442\u0443\u043b\u044c\u044f, \u043f\u0438\u0441\u044c\u043c\u0435\u043d\u043d\u044b\u0435 \u0441\u0442\u043e\u043b\u044b, \u041a\u043e\u043c\u043f\u043b\u0435\u043a\u0442\u044b - \u0434\u0435\u0442\u0441\u043a\u0438\u0439 \u0441\u0442\u043e\u043b+\u0441\u0442\u0443\u043b\u044c\u044f, M\u0435\u0431\u0435\u043b\u044c, Beebipood","isPartOf":{"@id":"https:\/\/beebipood.ee\/ru\/#website"},"primaryImageOfPage":{"@id":"https:\/\/beebipood.ee\/ru\/produkt\/lastelaud-ja-tool-bunny-roosa-natural\/#primaryimage"},"image":{"@id":"https:\/\/beebipood.ee\/ru\/produkt\/lastelaud-ja-tool-bunny-roosa-natural\/#primaryimage"},"thumbnailUrl":"https:\/\/beebipood.ee\/wp-content\/uploads\/2013\/09\/Lastelaud-ja-tool-Bunny-roosanatural-UUED-TOOTED-Lastelauad-toolid-Arvutija-kirjutuslauad-Lastelaudtoolid-komplektid-Lastemoobel-ja-sisustus_1-838.jpg","datePublished":"2013-09-02T10:42:50+00:00","dateModified":"2025-01-09T08:52:29+00:00","description":"Lastelaud ja tool Bunny, roosa\/natural, V&auml;ikelapse puidust tool ja lauad.Ideaalne v&auml;rvimiseks, meisterdamiseks, lugemiseks ja m&auml;ngimisek","breadcrumb":{"@id":"https:\/\/beebipood.ee\/ru\/produkt\/lastelaud-ja-tool-bunny-roosa-natural\/#breadcrumb"},"inLanguage":"ru-RU","potentialAction":[{"@type":"ReadAction","target":["https:\/\/beebipood.ee\/ru\/produkt\/lastelaud-ja-tool-bunny-roosa-natural\/"]}]},{"@type":"ImageObject","inLanguage":"ru-RU","@id":"https:\/\/beebipood.ee\/ru\/produkt\/lastelaud-ja-tool-bunny-roosa-natural\/#primaryimage","url":"https:\/\/beebipood.ee\/wp-content\/uploads\/2013\/09\/Lastelaud-ja-tool-Bunny-roosanatural-UUED-TOOTED-Lastelauad-toolid-Arvutija-kirjutuslauad-Lastelaudtoolid-komplektid-Lastemoobel-ja-sisustus_1-838.jpg","contentUrl":"https:\/\/beebipood.ee\/wp-content\/uploads\/2013\/09\/Lastelaud-ja-tool-Bunny-roosanatural-UUED-TOOTED-Lastelauad-toolid-Arvutija-kirjutuslauad-Lastelaudtoolid-komplektid-Lastemoobel-ja-sisustus_1-838.jpg","width":1129,"height":750},{"@type":"BreadcrumbList","@id":"https:\/\/beebipood.ee\/ru\/produkt\/lastelaud-ja-tool-bunny-roosa-natural\/#breadcrumb","itemListElement":[{"@type":"ListItem","position":1,"name":"Home","item":"https:\/\/beebipood.ee\/ru\/"},{"@type":"ListItem","position":2,"name":"\u041a\u0430\u0442\u0430\u043b\u043e\u0433 \u0442\u043e\u0432\u0430\u0440\u043e\u0432","item":"https:\/\/beebipood.ee\/tooted\/"},{"@type":"ListItem","position":3,"name":"Lastelaud ja tool Bunny, roosa\/natural"}]},{"@type":"WebSite","@id":"https:\/\/beebipood.ee\/ru\/#website","url":"https:\/\/beebipood.ee\/ru\/","name":"Beebipood","description":"Lastekaubad, beebikaubad, m\u00e4nguasjad","publisher":{"@id":"https:\/\/beebipood.ee\/ru\/#organization"},"potentialAction":[{"@type":"SearchAction","target":{"@type":"EntryPoint","urlTemplate":"https:\/\/beebipood.ee\/ru\/?s={search_term_string}"},"query-input":{"@type":"PropertyValueSpecification","valueRequired":true,"valueName":"search_term_string"}}],"inLanguage":"ru-RU"},{"@type":"Organization","@id":"https:\/\/beebipood.ee\/ru\/#organization","name":"Beebipood","url":"https:\/\/beebipood.ee\/ru\/","logo":{"@type":"ImageObject","inLanguage":"ru-RU","@id":"https:\/\/beebipood.ee\/ru\/#\/schema\/logo\/image\/","url":"https:\/\/beebipood.ee\/wp-content\/uploads\/2025\/03\/beebipood.ee-logo-1.svg","contentUrl":"https:\/\/beebipood.ee\/wp-content\/uploads\/2025\/03\/beebipood.ee-logo-1.svg","caption":"Beebipood"},"image":{"@id":"https:\/\/beebipood.ee\/ru\/#\/schema\/logo\/image\/"}}]}},"brands":[],"_links":{"self":[{"href":"https:\/\/beebipood.ee\/ru\/wp-json\/wp\/v2\/product\/454388","targetHints":{"allow":["GET"]}}],"collection":[{"href":"https:\/\/beebipood.ee\/ru\/wp-json\/wp\/v2\/product"}],"about":[{"href":"https:\/\/beebipood.ee\/ru\/wp-json\/wp\/v2\/types\/product"}],"wp:featuredmedia":[{"embeddable":true,"href":"https:\/\/beebipood.ee\/ru\/wp-json\/wp\/v2\/media\/100275"}],"wp:attachment":[{"href":"https:\/\/beebipood.ee\/ru\/wp-json\/wp\/v2\/media?parent=454388"}],"wp:term":[{"taxonomy":"pwb-brand","embeddable":true,"href":"https:\/\/beebipood.ee\/ru\/wp-json\/wp\/v2\/pwb-brand?post=454388"},{"taxonomy":"product_brand","embeddable":true,"href":"https:\/\/beebipood.ee\/ru\/wp-json\/wp\/v2\/product_brand?post=454388"},{"taxonomy":"product_cat","embeddable":true,"href":"https:\/\/beebipood.ee\/ru\/wp-json\/wp\/v2\/product_cat?post=454388"},{"taxonomy":"product_tag","embeddable":true,"href":"https:\/\/beebipood.ee\/ru\/wp-json\/wp\/v2\/product_tag?post=454388"}],"curies":[{"name":"wp","href":"https:\/\/api.w.org\/{rel}","templated":true}]}}