{"id":454400,"date":"2013-09-02T13:43:38","date_gmt":"2013-09-02T10:43:38","guid":{"rendered":"https:\/\/beebipood.ee\/toode\/voodipesukomplekt-2-osaline-black-star\/"},"modified":"2025-01-09T10:52:28","modified_gmt":"2025-01-09T08:52:28","slug":"voodipesukomplekt-2-osaline-black-star","status":"publish","type":"product","link":"https:\/\/beebipood.ee\/ru\/produkt\/voodipesukomplekt-2-osaline-black-star\/","title":{"rendered":"Voodipesukomplekt 2-osaline, Black Star"},"content":{"rendered":"<p><span>Voodipesukomplekt BLACK STAR komplekt sisaldab:<\/span><br \/><span>&#8212; tekikott: 100 x 130 cm<\/span><br \/><span>&#8212; padjap\u00fc\u00fcr: 38 x 55 cm<\/span><br \/><span>Kangas: 100% puuvill<\/span><br \/><span>V\u00f5ib pesta pesumasinas temperatuuril 60\u00b0C.<\/span><br \/><span>Vastab \u00d6ko-tex 100 kvaliteedistandardile<\/span><\/p>\n","protected":false},"excerpt":{"rendered":"<p>Voodipesukomplekt BLACK STAR komplekt sisaldab:&#8212; tekikott: 100 x 130 cm&#8212; padjap\u00fc\u00fcr: 38 x 55 cmKangas: 100% puuvillV\u00f5ib pesta pesumasinas temperatuuril 60\u00b0C.Vastab \u00d6ko-tex 100 kvaliteedistandardile<\/p>\n","protected":false},"featured_media":100304,"template":"","meta":{"_acf_changed":false},"pwb-brand":[11947],"product_brand":[],"product_cat":[11753,11613,11789],"product_tag":[],"class_list":{"0":"post-454400","1":"product","2":"type-product","3":"status-publish","4":"has-post-thumbnail","6":"pwb-brand-troll-ru","7":"product_cat-komplekt-2osa-ru","8":"product_cat-voodipesu-ru","9":"product_cat-lastemoobel-ja-sisustus-ru","10":"pa_manufacturer-troll-ru","12":"first","13":"instock","14":"taxable","15":"shipping-taxable","16":"purchasable","17":"product-type-simple"},"exclude_global_add_ons":[],"addons":[],"acf":[],"yoast_head":"<!-- This site is optimized with the Yoast SEO plugin v27.1.1 - https:\/\/yoast.com\/product\/yoast-seo-wordpress\/ -->\n<title>Voodipesukomplekt 2-osaline, Black Star, \u041d\u041e\u0412\u042b\u0415 \u0422\u041e\u0412\u0410\u0420\u042b, \u041f\u043e\u0441\u0442\u0435\u043b\u044c\u043d\u043e\u0435 \u0431\u0435\u043b\u044c\u0435, \u041a\u043e\u043c\u043f\u043b\u0435\u043a\u0442 \u0438\u0437 2 \u0447\u0430\u0441\u0442\u0435\u0439, M\u0435\u0431\u0435\u043b\u044c, Beebipood<\/title>\n<meta name=\"description\" content=\"Voodipesukomplekt 2-osaline, Black Star, Voodipesukomplekt BLACK STAR komplekt sisaldab:- tekikott: 100 x 130 cm-\" \/>\n<meta name=\"robots\" content=\"index, follow, max-snippet:-1, max-image-preview:large, max-video-preview:-1\" \/>\n<link rel=\"canonical\" href=\"https:\/\/beebipood.ee\/ru\/produkt\/voodipesukomplekt-2-osaline-black-star\/\" \/>\n<meta property=\"og:locale\" content=\"ru_RU\" \/>\n<meta property=\"og:type\" content=\"article\" \/>\n<meta property=\"og:title\" content=\"Voodipesukomplekt 2-osaline, Black Star, \u041d\u041e\u0412\u042b\u0415 \u0422\u041e\u0412\u0410\u0420\u042b, \u041f\u043e\u0441\u0442\u0435\u043b\u044c\u043d\u043e\u0435 \u0431\u0435\u043b\u044c\u0435, \u041a\u043e\u043c\u043f\u043b\u0435\u043a\u0442 \u0438\u0437 2 \u0447\u0430\u0441\u0442\u0435\u0439, M\u0435\u0431\u0435\u043b\u044c, Beebipood\" \/>\n<meta property=\"og:description\" content=\"Voodipesukomplekt 2-osaline, Black Star, Voodipesukomplekt BLACK STAR komplekt sisaldab:- tekikott: 100 x 130 cm-\" \/>\n<meta property=\"og:url\" content=\"https:\/\/beebipood.ee\/ru\/produkt\/voodipesukomplekt-2-osaline-black-star\/\" \/>\n<meta property=\"og:site_name\" content=\"Beebipood\" \/>\n<meta property=\"article:modified_time\" content=\"2025-01-09T08:52:28+00:00\" \/>\n<meta property=\"og:image\" content=\"https:\/\/beebipood.ee\/wp-content\/uploads\/2013\/09\/Voodipesukomplekt-2osaline-Black-Star-UUED-TOOTED-Voodipesu-Komplekt-2osa-Lastemoobel-ja-sisustus_1-f66.png\" \/>\n\t<meta property=\"og:image:width\" content=\"1111\" \/>\n\t<meta property=\"og:image:height\" content=\"740\" \/>\n\t<meta property=\"og:image:type\" content=\"image\/png\" \/>\n<meta name=\"twitter:card\" content=\"summary_large_image\" \/>\n<script type=\"application\/ld+json\" class=\"yoast-schema-graph\">{\"@context\":\"https:\/\/schema.org\",\"@graph\":[{\"@type\":\"WebPage\",\"@id\":\"https:\/\/beebipood.ee\/ru\/produkt\/voodipesukomplekt-2-osaline-black-star\/\",\"url\":\"https:\/\/beebipood.ee\/ru\/produkt\/voodipesukomplekt-2-osaline-black-star\/\",\"name\":\"Voodipesukomplekt 2-osaline, Black Star, \u041d\u041e\u0412\u042b\u0415 \u0422\u041e\u0412\u0410\u0420\u042b, \u041f\u043e\u0441\u0442\u0435\u043b\u044c\u043d\u043e\u0435 \u0431\u0435\u043b\u044c\u0435, \u041a\u043e\u043c\u043f\u043b\u0435\u043a\u0442 \u0438\u0437 2 \u0447\u0430\u0441\u0442\u0435\u0439, M\u0435\u0431\u0435\u043b\u044c, Beebipood\",\"isPartOf\":{\"@id\":\"https:\/\/beebipood.ee\/ru\/#website\"},\"primaryImageOfPage\":{\"@id\":\"https:\/\/beebipood.ee\/ru\/produkt\/voodipesukomplekt-2-osaline-black-star\/#primaryimage\"},\"image\":{\"@id\":\"https:\/\/beebipood.ee\/ru\/produkt\/voodipesukomplekt-2-osaline-black-star\/#primaryimage\"},\"thumbnailUrl\":\"https:\/\/beebipood.ee\/wp-content\/uploads\/2013\/09\/Voodipesukomplekt-2osaline-Black-Star-UUED-TOOTED-Voodipesu-Komplekt-2osa-Lastemoobel-ja-sisustus_1-f66.png\",\"datePublished\":\"2013-09-02T10:43:38+00:00\",\"dateModified\":\"2025-01-09T08:52:28+00:00\",\"description\":\"Voodipesukomplekt 2-osaline, Black Star, Voodipesukomplekt BLACK STAR komplekt sisaldab:- tekikott: 100 x 130 cm-\",\"breadcrumb\":{\"@id\":\"https:\/\/beebipood.ee\/ru\/produkt\/voodipesukomplekt-2-osaline-black-star\/#breadcrumb\"},\"inLanguage\":\"ru-RU\",\"potentialAction\":[{\"@type\":\"ReadAction\",\"target\":[\"https:\/\/beebipood.ee\/ru\/produkt\/voodipesukomplekt-2-osaline-black-star\/\"]}]},{\"@type\":\"ImageObject\",\"inLanguage\":\"ru-RU\",\"@id\":\"https:\/\/beebipood.ee\/ru\/produkt\/voodipesukomplekt-2-osaline-black-star\/#primaryimage\",\"url\":\"https:\/\/beebipood.ee\/wp-content\/uploads\/2013\/09\/Voodipesukomplekt-2osaline-Black-Star-UUED-TOOTED-Voodipesu-Komplekt-2osa-Lastemoobel-ja-sisustus_1-f66.png\",\"contentUrl\":\"https:\/\/beebipood.ee\/wp-content\/uploads\/2013\/09\/Voodipesukomplekt-2osaline-Black-Star-UUED-TOOTED-Voodipesu-Komplekt-2osa-Lastemoobel-ja-sisustus_1-f66.png\",\"width\":1111,\"height\":740},{\"@type\":\"BreadcrumbList\",\"@id\":\"https:\/\/beebipood.ee\/ru\/produkt\/voodipesukomplekt-2-osaline-black-star\/#breadcrumb\",\"itemListElement\":[{\"@type\":\"ListItem\",\"position\":1,\"name\":\"Home\",\"item\":\"https:\/\/beebipood.ee\/ru\/\"},{\"@type\":\"ListItem\",\"position\":2,\"name\":\"\u041a\u0430\u0442\u0430\u043b\u043e\u0433 \u0442\u043e\u0432\u0430\u0440\u043e\u0432\",\"item\":\"https:\/\/beebipood.ee\/tooted\/\"},{\"@type\":\"ListItem\",\"position\":3,\"name\":\"Voodipesukomplekt 2-osaline, Black Star\"}]},{\"@type\":\"WebSite\",\"@id\":\"https:\/\/beebipood.ee\/ru\/#website\",\"url\":\"https:\/\/beebipood.ee\/ru\/\",\"name\":\"Beebipood\",\"description\":\"Lastekaubad, beebikaubad, m\u00e4nguasjad\",\"publisher\":{\"@id\":\"https:\/\/beebipood.ee\/ru\/#organization\"},\"potentialAction\":[{\"@type\":\"SearchAction\",\"target\":{\"@type\":\"EntryPoint\",\"urlTemplate\":\"https:\/\/beebipood.ee\/ru\/?s={search_term_string}\"},\"query-input\":{\"@type\":\"PropertyValueSpecification\",\"valueRequired\":true,\"valueName\":\"search_term_string\"}}],\"inLanguage\":\"ru-RU\"},{\"@type\":\"Organization\",\"@id\":\"https:\/\/beebipood.ee\/ru\/#organization\",\"name\":\"Beebipood\",\"url\":\"https:\/\/beebipood.ee\/ru\/\",\"logo\":{\"@type\":\"ImageObject\",\"inLanguage\":\"ru-RU\",\"@id\":\"https:\/\/beebipood.ee\/ru\/#\/schema\/logo\/image\/\",\"url\":\"https:\/\/beebipood.ee\/wp-content\/uploads\/2025\/03\/beebipood.ee-logo-1.svg\",\"contentUrl\":\"https:\/\/beebipood.ee\/wp-content\/uploads\/2025\/03\/beebipood.ee-logo-1.svg\",\"caption\":\"Beebipood\"},\"image\":{\"@id\":\"https:\/\/beebipood.ee\/ru\/#\/schema\/logo\/image\/\"}}]}<\/script>\n<!-- \/ Yoast SEO plugin. -->","yoast_head_json":{"title":"Voodipesukomplekt 2-osaline, Black Star, \u041d\u041e\u0412\u042b\u0415 \u0422\u041e\u0412\u0410\u0420\u042b, \u041f\u043e\u0441\u0442\u0435\u043b\u044c\u043d\u043e\u0435 \u0431\u0435\u043b\u044c\u0435, \u041a\u043e\u043c\u043f\u043b\u0435\u043a\u0442 \u0438\u0437 2 \u0447\u0430\u0441\u0442\u0435\u0439, M\u0435\u0431\u0435\u043b\u044c, Beebipood","description":"Voodipesukomplekt 2-osaline, Black Star, Voodipesukomplekt BLACK STAR komplekt sisaldab:- tekikott: 100 x 130 cm-","robots":{"index":"index","follow":"follow","max-snippet":"max-snippet:-1","max-image-preview":"max-image-preview:large","max-video-preview":"max-video-preview:-1"},"canonical":"https:\/\/beebipood.ee\/ru\/produkt\/voodipesukomplekt-2-osaline-black-star\/","og_locale":"ru_RU","og_type":"article","og_title":"Voodipesukomplekt 2-osaline, Black Star, \u041d\u041e\u0412\u042b\u0415 \u0422\u041e\u0412\u0410\u0420\u042b, \u041f\u043e\u0441\u0442\u0435\u043b\u044c\u043d\u043e\u0435 \u0431\u0435\u043b\u044c\u0435, \u041a\u043e\u043c\u043f\u043b\u0435\u043a\u0442 \u0438\u0437 2 \u0447\u0430\u0441\u0442\u0435\u0439, M\u0435\u0431\u0435\u043b\u044c, Beebipood","og_description":"Voodipesukomplekt 2-osaline, Black Star, Voodipesukomplekt BLACK STAR komplekt sisaldab:- tekikott: 100 x 130 cm-","og_url":"https:\/\/beebipood.ee\/ru\/produkt\/voodipesukomplekt-2-osaline-black-star\/","og_site_name":"Beebipood","article_modified_time":"2025-01-09T08:52:28+00:00","og_image":[{"width":1111,"height":740,"url":"https:\/\/beebipood.ee\/wp-content\/uploads\/2013\/09\/Voodipesukomplekt-2osaline-Black-Star-UUED-TOOTED-Voodipesu-Komplekt-2osa-Lastemoobel-ja-sisustus_1-f66.png","type":"image\/png"}],"twitter_card":"summary_large_image","schema":{"@context":"https:\/\/schema.org","@graph":[{"@type":"WebPage","@id":"https:\/\/beebipood.ee\/ru\/produkt\/voodipesukomplekt-2-osaline-black-star\/","url":"https:\/\/beebipood.ee\/ru\/produkt\/voodipesukomplekt-2-osaline-black-star\/","name":"Voodipesukomplekt 2-osaline, Black Star, \u041d\u041e\u0412\u042b\u0415 \u0422\u041e\u0412\u0410\u0420\u042b, \u041f\u043e\u0441\u0442\u0435\u043b\u044c\u043d\u043e\u0435 \u0431\u0435\u043b\u044c\u0435, \u041a\u043e\u043c\u043f\u043b\u0435\u043a\u0442 \u0438\u0437 2 \u0447\u0430\u0441\u0442\u0435\u0439, M\u0435\u0431\u0435\u043b\u044c, Beebipood","isPartOf":{"@id":"https:\/\/beebipood.ee\/ru\/#website"},"primaryImageOfPage":{"@id":"https:\/\/beebipood.ee\/ru\/produkt\/voodipesukomplekt-2-osaline-black-star\/#primaryimage"},"image":{"@id":"https:\/\/beebipood.ee\/ru\/produkt\/voodipesukomplekt-2-osaline-black-star\/#primaryimage"},"thumbnailUrl":"https:\/\/beebipood.ee\/wp-content\/uploads\/2013\/09\/Voodipesukomplekt-2osaline-Black-Star-UUED-TOOTED-Voodipesu-Komplekt-2osa-Lastemoobel-ja-sisustus_1-f66.png","datePublished":"2013-09-02T10:43:38+00:00","dateModified":"2025-01-09T08:52:28+00:00","description":"Voodipesukomplekt 2-osaline, Black Star, Voodipesukomplekt BLACK STAR komplekt sisaldab:- tekikott: 100 x 130 cm-","breadcrumb":{"@id":"https:\/\/beebipood.ee\/ru\/produkt\/voodipesukomplekt-2-osaline-black-star\/#breadcrumb"},"inLanguage":"ru-RU","potentialAction":[{"@type":"ReadAction","target":["https:\/\/beebipood.ee\/ru\/produkt\/voodipesukomplekt-2-osaline-black-star\/"]}]},{"@type":"ImageObject","inLanguage":"ru-RU","@id":"https:\/\/beebipood.ee\/ru\/produkt\/voodipesukomplekt-2-osaline-black-star\/#primaryimage","url":"https:\/\/beebipood.ee\/wp-content\/uploads\/2013\/09\/Voodipesukomplekt-2osaline-Black-Star-UUED-TOOTED-Voodipesu-Komplekt-2osa-Lastemoobel-ja-sisustus_1-f66.png","contentUrl":"https:\/\/beebipood.ee\/wp-content\/uploads\/2013\/09\/Voodipesukomplekt-2osaline-Black-Star-UUED-TOOTED-Voodipesu-Komplekt-2osa-Lastemoobel-ja-sisustus_1-f66.png","width":1111,"height":740},{"@type":"BreadcrumbList","@id":"https:\/\/beebipood.ee\/ru\/produkt\/voodipesukomplekt-2-osaline-black-star\/#breadcrumb","itemListElement":[{"@type":"ListItem","position":1,"name":"Home","item":"https:\/\/beebipood.ee\/ru\/"},{"@type":"ListItem","position":2,"name":"\u041a\u0430\u0442\u0430\u043b\u043e\u0433 \u0442\u043e\u0432\u0430\u0440\u043e\u0432","item":"https:\/\/beebipood.ee\/tooted\/"},{"@type":"ListItem","position":3,"name":"Voodipesukomplekt 2-osaline, Black Star"}]},{"@type":"WebSite","@id":"https:\/\/beebipood.ee\/ru\/#website","url":"https:\/\/beebipood.ee\/ru\/","name":"Beebipood","description":"Lastekaubad, beebikaubad, m\u00e4nguasjad","publisher":{"@id":"https:\/\/beebipood.ee\/ru\/#organization"},"potentialAction":[{"@type":"SearchAction","target":{"@type":"EntryPoint","urlTemplate":"https:\/\/beebipood.ee\/ru\/?s={search_term_string}"},"query-input":{"@type":"PropertyValueSpecification","valueRequired":true,"valueName":"search_term_string"}}],"inLanguage":"ru-RU"},{"@type":"Organization","@id":"https:\/\/beebipood.ee\/ru\/#organization","name":"Beebipood","url":"https:\/\/beebipood.ee\/ru\/","logo":{"@type":"ImageObject","inLanguage":"ru-RU","@id":"https:\/\/beebipood.ee\/ru\/#\/schema\/logo\/image\/","url":"https:\/\/beebipood.ee\/wp-content\/uploads\/2025\/03\/beebipood.ee-logo-1.svg","contentUrl":"https:\/\/beebipood.ee\/wp-content\/uploads\/2025\/03\/beebipood.ee-logo-1.svg","caption":"Beebipood"},"image":{"@id":"https:\/\/beebipood.ee\/ru\/#\/schema\/logo\/image\/"}}]}},"brands":[{"id":11947,"name":"Troll","slug":"troll-ru"}],"_links":{"self":[{"href":"https:\/\/beebipood.ee\/ru\/wp-json\/wp\/v2\/product\/454400","targetHints":{"allow":["GET"]}}],"collection":[{"href":"https:\/\/beebipood.ee\/ru\/wp-json\/wp\/v2\/product"}],"about":[{"href":"https:\/\/beebipood.ee\/ru\/wp-json\/wp\/v2\/types\/product"}],"wp:featuredmedia":[{"embeddable":true,"href":"https:\/\/beebipood.ee\/ru\/wp-json\/wp\/v2\/media\/100304"}],"wp:attachment":[{"href":"https:\/\/beebipood.ee\/ru\/wp-json\/wp\/v2\/media?parent=454400"}],"wp:term":[{"taxonomy":"pwb-brand","embeddable":true,"href":"https:\/\/beebipood.ee\/ru\/wp-json\/wp\/v2\/pwb-brand?post=454400"},{"taxonomy":"product_brand","embeddable":true,"href":"https:\/\/beebipood.ee\/ru\/wp-json\/wp\/v2\/product_brand?post=454400"},{"taxonomy":"product_cat","embeddable":true,"href":"https:\/\/beebipood.ee\/ru\/wp-json\/wp\/v2\/product_cat?post=454400"},{"taxonomy":"product_tag","embeddable":true,"href":"https:\/\/beebipood.ee\/ru\/wp-json\/wp\/v2\/product_tag?post=454400"}],"curies":[{"name":"wp","href":"https:\/\/api.w.org\/{rel}","templated":true}]}}