{"id":454402,"date":"2013-09-02T13:43:42","date_gmt":"2013-09-02T10:43:42","guid":{"rendered":"https:\/\/beebipood.ee\/toode\/lastevoodi-timo-safari-giraffe-voodikastiga-70x160-valge\/"},"modified":"2025-01-09T10:52:28","modified_gmt":"2025-01-09T08:52:28","slug":"lastevoodi-timo-safari-giraffe-voodikastiga-70x160-valge","status":"publish","type":"product","link":"https:\/\/beebipood.ee\/ru\/produkt\/lastevoodi-timo-safari-giraffe-voodikastiga-70x160-valge\/","title":{"rendered":"Lastevoodi TIMO Safari\/Giraffe voodikastiga 70&#215;160, valge"},"content":{"rendered":"<p><span>* lastevoodi Timo on eelk\u00f5ige m\u00f5eldud kasvavale mudilasele<\/span><br \/><span>* komplektis on kaks k\u00fclgmist TURVAPIIRET, et tagada maksimaalne ohutus<\/span><br \/><span>* piirdeid on lihtne eemaldada kui neid enam ei vajata<\/span><br \/><span>* sobib alates 18 kuust\u00a0<\/span><br \/><span>* voodi on valmistatud:\u00a0<span>MDF, m\u00f6\u00f6bliplaat, vineer<\/span><\/span><br \/><span>* voodip\u00f5hi: vineer<\/span><br \/><span>* viimistlus: valge<\/span><br \/><span>* komplektis on voodikast<\/span><br \/><span>* madrats ei ole hinna sees<\/span><br \/><span>* sobivat m\u00f5\u00f5tu madrats voodisse: laius 70 cm, pikkus 160 cm<\/span><br \/><span>* toode vastab k\u00f5ikidele EN turvastandarditele<\/span><\/p>\n","protected":false},"excerpt":{"rendered":"<p>* lastevoodi Timo on eelk\u00f5ige m\u00f5eldud kasvavale mudilasele* komplektis on kaks k\u00fclgmist TURVAPIIRET, et tagada maksimaalne ohutus* piirdeid on lihtne eemaldada kui neid enam ei vajata* sobib alates 18 kuust\u00a0* voodi on valmistatud:\u00a0MDF, m\u00f6\u00f6bliplaat, vineer* voodip\u00f5hi: vineer* viimistlus: valge* komplektis on voodikast* madrats ei ole hinna sees* sobivat m\u00f5\u00f5tu madrats voodisse: laius 70 cm, pikkus [&hellip;]<\/p>\n","protected":false},"featured_media":100305,"template":"","meta":{"_acf_changed":false},"pwb-brand":[11946],"product_brand":[],"product_cat":[11587,11559,11789],"product_tag":[],"class_list":{"0":"post-454402","1":"product","2":"type-product","3":"status-publish","4":"has-post-thumbnail","6":"pwb-brand-klups-ru","7":"product_cat-70cm-laiused-ru","8":"product_cat-laste-ja-noortevoodid-ru","9":"product_cat-lastemoobel-ja-sisustus-ru","10":"pa_manufacturer-klups-ru","12":"first","13":"onbackorder","14":"sale","15":"taxable","16":"shipping-taxable","17":"purchasable","18":"product-type-simple"},"exclude_global_add_ons":[],"addons":[],"acf":[],"yoast_head":"<!-- This site is optimized with the Yoast SEO plugin v27.1.1 - https:\/\/yoast.com\/product\/yoast-seo-wordpress\/ -->\n<title>Lastevoodi TIMO Safari\/Giraffe voodikastiga 70x160, valge, \u041a\u0440\u043e\u0432\u0430\u0442\u0438 \u0434\u043b\u044f \u0434\u0435\u0442\u0435\u0439 \u0438 \u043f\u043e\u0434\u0440\u043e\u0441\u0442\u043a\u043e\u0432, \u0428\u0438\u0440\u0438\u043d\u0430 70c\u043c, M\u0435\u0431\u0435\u043b\u044c, Beebipood<\/title>\n<meta name=\"description\" content=\"Lastevoodi TIMO Safari\/Giraffe voodikastiga 70x160, valge, * lastevoodi Timo on eelk&otilde;ige m&otilde;eldud kasvavale mudilasele*\" \/>\n<meta name=\"robots\" content=\"index, follow, max-snippet:-1, max-image-preview:large, max-video-preview:-1\" \/>\n<link rel=\"canonical\" href=\"https:\/\/beebipood.ee\/ru\/produkt\/lastevoodi-timo-safari-giraffe-voodikastiga-70x160-valge\/\" \/>\n<meta property=\"og:locale\" content=\"ru_RU\" \/>\n<meta property=\"og:type\" content=\"article\" \/>\n<meta property=\"og:title\" content=\"Lastevoodi TIMO Safari\/Giraffe voodikastiga 70x160, valge, \u041a\u0440\u043e\u0432\u0430\u0442\u0438 \u0434\u043b\u044f \u0434\u0435\u0442\u0435\u0439 \u0438 \u043f\u043e\u0434\u0440\u043e\u0441\u0442\u043a\u043e\u0432, \u0428\u0438\u0440\u0438\u043d\u0430 70c\u043c, M\u0435\u0431\u0435\u043b\u044c, Beebipood\" \/>\n<meta property=\"og:description\" content=\"Lastevoodi TIMO Safari\/Giraffe voodikastiga 70x160, valge, * lastevoodi Timo on eelk&otilde;ige m&otilde;eldud kasvavale mudilasele*\" \/>\n<meta property=\"og:url\" content=\"https:\/\/beebipood.ee\/ru\/produkt\/lastevoodi-timo-safari-giraffe-voodikastiga-70x160-valge\/\" \/>\n<meta property=\"og:site_name\" content=\"Beebipood\" \/>\n<meta property=\"article:modified_time\" content=\"2025-01-09T08:52:28+00:00\" \/>\n<meta property=\"og:image\" content=\"https:\/\/beebipood.ee\/wp-content\/uploads\/2013\/09\/Lastevoodi-TIMO-SafariGiraffe-voodikastiga-70x160-valge-Laste-ja-noortevoodid-UUED-TOOTED-70cm-laiused-Lastemoobel-ja-sisustus_1-2d8.jpg\" \/>\n\t<meta property=\"og:image:width\" content=\"850\" \/>\n\t<meta property=\"og:image:height\" content=\"850\" \/>\n\t<meta property=\"og:image:type\" content=\"image\/jpeg\" \/>\n<meta name=\"twitter:card\" content=\"summary_large_image\" \/>\n<script type=\"application\/ld+json\" class=\"yoast-schema-graph\">{\"@context\":\"https:\/\/schema.org\",\"@graph\":[{\"@type\":\"WebPage\",\"@id\":\"https:\/\/beebipood.ee\/ru\/produkt\/lastevoodi-timo-safari-giraffe-voodikastiga-70x160-valge\/\",\"url\":\"https:\/\/beebipood.ee\/ru\/produkt\/lastevoodi-timo-safari-giraffe-voodikastiga-70x160-valge\/\",\"name\":\"Lastevoodi TIMO Safari\/Giraffe voodikastiga 70x160, valge, \u041a\u0440\u043e\u0432\u0430\u0442\u0438 \u0434\u043b\u044f \u0434\u0435\u0442\u0435\u0439 \u0438 \u043f\u043e\u0434\u0440\u043e\u0441\u0442\u043a\u043e\u0432, \u0428\u0438\u0440\u0438\u043d\u0430 70c\u043c, M\u0435\u0431\u0435\u043b\u044c, Beebipood\",\"isPartOf\":{\"@id\":\"https:\/\/beebipood.ee\/ru\/#website\"},\"primaryImageOfPage\":{\"@id\":\"https:\/\/beebipood.ee\/ru\/produkt\/lastevoodi-timo-safari-giraffe-voodikastiga-70x160-valge\/#primaryimage\"},\"image\":{\"@id\":\"https:\/\/beebipood.ee\/ru\/produkt\/lastevoodi-timo-safari-giraffe-voodikastiga-70x160-valge\/#primaryimage\"},\"thumbnailUrl\":\"https:\/\/beebipood.ee\/wp-content\/uploads\/2013\/09\/Lastevoodi-TIMO-SafariGiraffe-voodikastiga-70x160-valge-Laste-ja-noortevoodid-UUED-TOOTED-70cm-laiused-Lastemoobel-ja-sisustus_1-2d8.jpg\",\"datePublished\":\"2013-09-02T10:43:42+00:00\",\"dateModified\":\"2025-01-09T08:52:28+00:00\",\"description\":\"Lastevoodi TIMO Safari\/Giraffe voodikastiga 70x160, valge, * lastevoodi Timo on eelk&otilde;ige m&otilde;eldud kasvavale mudilasele*\",\"breadcrumb\":{\"@id\":\"https:\/\/beebipood.ee\/ru\/produkt\/lastevoodi-timo-safari-giraffe-voodikastiga-70x160-valge\/#breadcrumb\"},\"inLanguage\":\"ru-RU\",\"potentialAction\":[{\"@type\":\"ReadAction\",\"target\":[\"https:\/\/beebipood.ee\/ru\/produkt\/lastevoodi-timo-safari-giraffe-voodikastiga-70x160-valge\/\"]}]},{\"@type\":\"ImageObject\",\"inLanguage\":\"ru-RU\",\"@id\":\"https:\/\/beebipood.ee\/ru\/produkt\/lastevoodi-timo-safari-giraffe-voodikastiga-70x160-valge\/#primaryimage\",\"url\":\"https:\/\/beebipood.ee\/wp-content\/uploads\/2013\/09\/Lastevoodi-TIMO-SafariGiraffe-voodikastiga-70x160-valge-Laste-ja-noortevoodid-UUED-TOOTED-70cm-laiused-Lastemoobel-ja-sisustus_1-2d8.jpg\",\"contentUrl\":\"https:\/\/beebipood.ee\/wp-content\/uploads\/2013\/09\/Lastevoodi-TIMO-SafariGiraffe-voodikastiga-70x160-valge-Laste-ja-noortevoodid-UUED-TOOTED-70cm-laiused-Lastemoobel-ja-sisustus_1-2d8.jpg\",\"width\":850,\"height\":850},{\"@type\":\"BreadcrumbList\",\"@id\":\"https:\/\/beebipood.ee\/ru\/produkt\/lastevoodi-timo-safari-giraffe-voodikastiga-70x160-valge\/#breadcrumb\",\"itemListElement\":[{\"@type\":\"ListItem\",\"position\":1,\"name\":\"Home\",\"item\":\"https:\/\/beebipood.ee\/ru\/\"},{\"@type\":\"ListItem\",\"position\":2,\"name\":\"\u041a\u0430\u0442\u0430\u043b\u043e\u0433 \u0442\u043e\u0432\u0430\u0440\u043e\u0432\",\"item\":\"https:\/\/beebipood.ee\/tooted\/\"},{\"@type\":\"ListItem\",\"position\":3,\"name\":\"Lastevoodi TIMO Safari\/Giraffe voodikastiga 70&#215;160, valge\"}]},{\"@type\":\"WebSite\",\"@id\":\"https:\/\/beebipood.ee\/ru\/#website\",\"url\":\"https:\/\/beebipood.ee\/ru\/\",\"name\":\"Beebipood\",\"description\":\"Lastekaubad, beebikaubad, m\u00e4nguasjad\",\"publisher\":{\"@id\":\"https:\/\/beebipood.ee\/ru\/#organization\"},\"potentialAction\":[{\"@type\":\"SearchAction\",\"target\":{\"@type\":\"EntryPoint\",\"urlTemplate\":\"https:\/\/beebipood.ee\/ru\/?s={search_term_string}\"},\"query-input\":{\"@type\":\"PropertyValueSpecification\",\"valueRequired\":true,\"valueName\":\"search_term_string\"}}],\"inLanguage\":\"ru-RU\"},{\"@type\":\"Organization\",\"@id\":\"https:\/\/beebipood.ee\/ru\/#organization\",\"name\":\"Beebipood\",\"url\":\"https:\/\/beebipood.ee\/ru\/\",\"logo\":{\"@type\":\"ImageObject\",\"inLanguage\":\"ru-RU\",\"@id\":\"https:\/\/beebipood.ee\/ru\/#\/schema\/logo\/image\/\",\"url\":\"https:\/\/beebipood.ee\/wp-content\/uploads\/2025\/03\/beebipood.ee-logo-1.svg\",\"contentUrl\":\"https:\/\/beebipood.ee\/wp-content\/uploads\/2025\/03\/beebipood.ee-logo-1.svg\",\"caption\":\"Beebipood\"},\"image\":{\"@id\":\"https:\/\/beebipood.ee\/ru\/#\/schema\/logo\/image\/\"}}]}<\/script>\n<!-- \/ Yoast SEO plugin. -->","yoast_head_json":{"title":"Lastevoodi TIMO Safari\/Giraffe voodikastiga 70x160, valge, \u041a\u0440\u043e\u0432\u0430\u0442\u0438 \u0434\u043b\u044f \u0434\u0435\u0442\u0435\u0439 \u0438 \u043f\u043e\u0434\u0440\u043e\u0441\u0442\u043a\u043e\u0432, \u0428\u0438\u0440\u0438\u043d\u0430 70c\u043c, M\u0435\u0431\u0435\u043b\u044c, Beebipood","description":"Lastevoodi TIMO Safari\/Giraffe voodikastiga 70x160, valge, * lastevoodi Timo on eelk&otilde;ige m&otilde;eldud kasvavale mudilasele*","robots":{"index":"index","follow":"follow","max-snippet":"max-snippet:-1","max-image-preview":"max-image-preview:large","max-video-preview":"max-video-preview:-1"},"canonical":"https:\/\/beebipood.ee\/ru\/produkt\/lastevoodi-timo-safari-giraffe-voodikastiga-70x160-valge\/","og_locale":"ru_RU","og_type":"article","og_title":"Lastevoodi TIMO Safari\/Giraffe voodikastiga 70x160, valge, \u041a\u0440\u043e\u0432\u0430\u0442\u0438 \u0434\u043b\u044f \u0434\u0435\u0442\u0435\u0439 \u0438 \u043f\u043e\u0434\u0440\u043e\u0441\u0442\u043a\u043e\u0432, \u0428\u0438\u0440\u0438\u043d\u0430 70c\u043c, M\u0435\u0431\u0435\u043b\u044c, Beebipood","og_description":"Lastevoodi TIMO Safari\/Giraffe voodikastiga 70x160, valge, * lastevoodi Timo on eelk&otilde;ige m&otilde;eldud kasvavale mudilasele*","og_url":"https:\/\/beebipood.ee\/ru\/produkt\/lastevoodi-timo-safari-giraffe-voodikastiga-70x160-valge\/","og_site_name":"Beebipood","article_modified_time":"2025-01-09T08:52:28+00:00","og_image":[{"width":850,"height":850,"url":"https:\/\/beebipood.ee\/wp-content\/uploads\/2013\/09\/Lastevoodi-TIMO-SafariGiraffe-voodikastiga-70x160-valge-Laste-ja-noortevoodid-UUED-TOOTED-70cm-laiused-Lastemoobel-ja-sisustus_1-2d8.jpg","type":"image\/jpeg"}],"twitter_card":"summary_large_image","schema":{"@context":"https:\/\/schema.org","@graph":[{"@type":"WebPage","@id":"https:\/\/beebipood.ee\/ru\/produkt\/lastevoodi-timo-safari-giraffe-voodikastiga-70x160-valge\/","url":"https:\/\/beebipood.ee\/ru\/produkt\/lastevoodi-timo-safari-giraffe-voodikastiga-70x160-valge\/","name":"Lastevoodi TIMO Safari\/Giraffe voodikastiga 70x160, valge, \u041a\u0440\u043e\u0432\u0430\u0442\u0438 \u0434\u043b\u044f \u0434\u0435\u0442\u0435\u0439 \u0438 \u043f\u043e\u0434\u0440\u043e\u0441\u0442\u043a\u043e\u0432, \u0428\u0438\u0440\u0438\u043d\u0430 70c\u043c, M\u0435\u0431\u0435\u043b\u044c, Beebipood","isPartOf":{"@id":"https:\/\/beebipood.ee\/ru\/#website"},"primaryImageOfPage":{"@id":"https:\/\/beebipood.ee\/ru\/produkt\/lastevoodi-timo-safari-giraffe-voodikastiga-70x160-valge\/#primaryimage"},"image":{"@id":"https:\/\/beebipood.ee\/ru\/produkt\/lastevoodi-timo-safari-giraffe-voodikastiga-70x160-valge\/#primaryimage"},"thumbnailUrl":"https:\/\/beebipood.ee\/wp-content\/uploads\/2013\/09\/Lastevoodi-TIMO-SafariGiraffe-voodikastiga-70x160-valge-Laste-ja-noortevoodid-UUED-TOOTED-70cm-laiused-Lastemoobel-ja-sisustus_1-2d8.jpg","datePublished":"2013-09-02T10:43:42+00:00","dateModified":"2025-01-09T08:52:28+00:00","description":"Lastevoodi TIMO Safari\/Giraffe voodikastiga 70x160, valge, * lastevoodi Timo on eelk&otilde;ige m&otilde;eldud kasvavale mudilasele*","breadcrumb":{"@id":"https:\/\/beebipood.ee\/ru\/produkt\/lastevoodi-timo-safari-giraffe-voodikastiga-70x160-valge\/#breadcrumb"},"inLanguage":"ru-RU","potentialAction":[{"@type":"ReadAction","target":["https:\/\/beebipood.ee\/ru\/produkt\/lastevoodi-timo-safari-giraffe-voodikastiga-70x160-valge\/"]}]},{"@type":"ImageObject","inLanguage":"ru-RU","@id":"https:\/\/beebipood.ee\/ru\/produkt\/lastevoodi-timo-safari-giraffe-voodikastiga-70x160-valge\/#primaryimage","url":"https:\/\/beebipood.ee\/wp-content\/uploads\/2013\/09\/Lastevoodi-TIMO-SafariGiraffe-voodikastiga-70x160-valge-Laste-ja-noortevoodid-UUED-TOOTED-70cm-laiused-Lastemoobel-ja-sisustus_1-2d8.jpg","contentUrl":"https:\/\/beebipood.ee\/wp-content\/uploads\/2013\/09\/Lastevoodi-TIMO-SafariGiraffe-voodikastiga-70x160-valge-Laste-ja-noortevoodid-UUED-TOOTED-70cm-laiused-Lastemoobel-ja-sisustus_1-2d8.jpg","width":850,"height":850},{"@type":"BreadcrumbList","@id":"https:\/\/beebipood.ee\/ru\/produkt\/lastevoodi-timo-safari-giraffe-voodikastiga-70x160-valge\/#breadcrumb","itemListElement":[{"@type":"ListItem","position":1,"name":"Home","item":"https:\/\/beebipood.ee\/ru\/"},{"@type":"ListItem","position":2,"name":"\u041a\u0430\u0442\u0430\u043b\u043e\u0433 \u0442\u043e\u0432\u0430\u0440\u043e\u0432","item":"https:\/\/beebipood.ee\/tooted\/"},{"@type":"ListItem","position":3,"name":"Lastevoodi TIMO Safari\/Giraffe voodikastiga 70&#215;160, valge"}]},{"@type":"WebSite","@id":"https:\/\/beebipood.ee\/ru\/#website","url":"https:\/\/beebipood.ee\/ru\/","name":"Beebipood","description":"Lastekaubad, beebikaubad, m\u00e4nguasjad","publisher":{"@id":"https:\/\/beebipood.ee\/ru\/#organization"},"potentialAction":[{"@type":"SearchAction","target":{"@type":"EntryPoint","urlTemplate":"https:\/\/beebipood.ee\/ru\/?s={search_term_string}"},"query-input":{"@type":"PropertyValueSpecification","valueRequired":true,"valueName":"search_term_string"}}],"inLanguage":"ru-RU"},{"@type":"Organization","@id":"https:\/\/beebipood.ee\/ru\/#organization","name":"Beebipood","url":"https:\/\/beebipood.ee\/ru\/","logo":{"@type":"ImageObject","inLanguage":"ru-RU","@id":"https:\/\/beebipood.ee\/ru\/#\/schema\/logo\/image\/","url":"https:\/\/beebipood.ee\/wp-content\/uploads\/2025\/03\/beebipood.ee-logo-1.svg","contentUrl":"https:\/\/beebipood.ee\/wp-content\/uploads\/2025\/03\/beebipood.ee-logo-1.svg","caption":"Beebipood"},"image":{"@id":"https:\/\/beebipood.ee\/ru\/#\/schema\/logo\/image\/"}}]}},"brands":[{"id":11946,"name":"Klups","slug":"klups-ru"}],"_links":{"self":[{"href":"https:\/\/beebipood.ee\/ru\/wp-json\/wp\/v2\/product\/454402","targetHints":{"allow":["GET"]}}],"collection":[{"href":"https:\/\/beebipood.ee\/ru\/wp-json\/wp\/v2\/product"}],"about":[{"href":"https:\/\/beebipood.ee\/ru\/wp-json\/wp\/v2\/types\/product"}],"wp:featuredmedia":[{"embeddable":true,"href":"https:\/\/beebipood.ee\/ru\/wp-json\/wp\/v2\/media\/100305"}],"wp:attachment":[{"href":"https:\/\/beebipood.ee\/ru\/wp-json\/wp\/v2\/media?parent=454402"}],"wp:term":[{"taxonomy":"pwb-brand","embeddable":true,"href":"https:\/\/beebipood.ee\/ru\/wp-json\/wp\/v2\/pwb-brand?post=454402"},{"taxonomy":"product_brand","embeddable":true,"href":"https:\/\/beebipood.ee\/ru\/wp-json\/wp\/v2\/product_brand?post=454402"},{"taxonomy":"product_cat","embeddable":true,"href":"https:\/\/beebipood.ee\/ru\/wp-json\/wp\/v2\/product_cat?post=454402"},{"taxonomy":"product_tag","embeddable":true,"href":"https:\/\/beebipood.ee\/ru\/wp-json\/wp\/v2\/product_tag?post=454402"}],"curies":[{"name":"wp","href":"https:\/\/api.w.org\/{rel}","templated":true}]}}