{"id":454408,"date":"2013-09-02T13:43:54","date_gmt":"2013-09-02T10:43:54","guid":{"rendered":"https:\/\/beebipood.ee\/toode\/babydan-vooditasku-3in1\/"},"modified":"2025-01-09T10:52:27","modified_gmt":"2025-01-09T08:52:27","slug":"babydan-vooditasku-3in1","status":"publish","type":"product","link":"https:\/\/beebipood.ee\/ru\/produkt\/babydan-vooditasku-3in1\/","title":{"rendered":"BabyDan vooditasku 3in1"},"content":{"rendered":"<p>Praktiline ja nutikas 3in1 lahendus: beebih\u00e4ll, h\u00e4ll voodi k\u00f5rvale ning m\u00e4nguaedik.<br \/>Beebih\u00e4ll on v\u00f5imalik paari lihtsa liigutusega muuta voodi k\u00f5rvale paigutatavaks h\u00e4lliks <br \/>&#8212; selliselt saad koos lapsega k\u00fclg k\u00fclje k\u00f5rval magada. <br \/>Kui laps on juba suurem, saab h\u00e4llip\u00f5hja langetada p\u00f5randani v\u00e4lja, <br \/>et muuta see m\u00e4nguaedikuks v\u00f5i reisivoodiks. <br \/>Allpool on ka lukuga avatav osa, et laps saaks iseseisvalt sisse ja v\u00e4lja liikuda.<\/p>\n<p><span style=\"text-decoration: underline;\">Omadused<\/span><br \/>Kolm \u00fches toode &#8212; beebih\u00e4ll, h\u00e4ll voodik\u00f5rvale ning m\u00e4nguaedik<br \/>Valmistatud hingavast v\u00f5rkkangast<br \/>H\u00e4lli k\u00f5rgus on lihtsasti reguleeritav, <br \/>et sobituda t\u00e4pselt sinu voodi k\u00f5rvale<br \/>H\u00e4llip\u00f5hja saab langetada p\u00f5randani v\u00e4lja, <br \/>et kasutada toodet m\u00e4nguaedikuna v\u00f5i reisivoodina<br \/>Turvalisuse tagamiseks on beebih\u00e4ll v\u00f5imalik rihmade abil <br \/>enda voodi k\u00fclge kinnitada<br \/>M\u00e4nguaediku alumises osas on ka lukuga avatav uks, <br \/>et laps saaks iseseisvalt v\u00e4lja v\u00f5i sisse liikuda<br \/>Komplektis kaasas ka integreeritav s\u00e4\u00e4sev\u00f5rk, <br \/>mis kaitseb suvisel ajal last putukate eest<br \/>Komplektis madrats m\u00f5\u00f5dus 87 x 50cm<br \/>Komplektis transpordikott<br \/>Sobib kasutamiseks lastele s\u00fcnnist kuni 36. elukuuni (kaaluni 15kg)<br \/><span style=\"text-decoration: underline;\">N\u00e4itajad<\/span><br \/>M\u00f5\u00f5dud 85 x 57 x 97cm (k\u00f5rgus, laius, pikkus)<br \/>H\u00e4ll voodi k\u00f5rvale sobib vooditele, mille k\u00f5rgus on vahemikus 58-68cm<br \/>Madratsi m\u00f5\u00f5dud 87 x 50cm<\/p>\n","protected":false},"excerpt":{"rendered":"<p>Praktiline ja nutikas 3in1 lahendus: beebih\u00e4ll, h\u00e4ll voodi k\u00f5rvale ning m\u00e4nguaedik.Beebih\u00e4ll on v\u00f5imalik paari lihtsa liigutusega muuta voodi k\u00f5rvale paigutatavaks h\u00e4lliks &#8212; selliselt saad koos lapsega k\u00fclg k\u00fclje k\u00f5rval magada. Kui laps on juba suurem, saab h\u00e4llip\u00f5hja langetada p\u00f5randani v\u00e4lja, et muuta see m\u00e4nguaedikuks v\u00f5i reisivoodiks. Allpool on ka lukuga avatav osa, et laps saaks [&hellip;]<\/p>\n","protected":false},"featured_media":100312,"template":"","meta":{"_acf_changed":false},"pwb-brand":[],"product_brand":[],"product_cat":[2322],"product_tag":[],"class_list":{"0":"post-454408","1":"product","2":"type-product","3":"status-publish","4":"has-post-thumbnail","6":"product_cat-bez-kategorii","8":"first","9":"outofstock","10":"taxable","11":"shipping-taxable","12":"purchasable","13":"product-type-simple"},"exclude_global_add_ons":[],"addons":[],"acf":[],"yoast_head":"<!-- This site is optimized with the Yoast SEO plugin v27.3 - https:\/\/yoast.com\/product\/yoast-seo-wordpress\/ -->\n<title>BabyDan vooditasku 3in1, \u0414\u0435\u0442\u0441\u043a\u0438e \u043a\u0440\u043e\u0432\u0430\u0442\u043a\u0438, \u043f\u0435\u0440\u0435\u043d\u043e\u0441\u043d\u044b\u0435 \u043a\u0440\u043e\u0432\u0430\u0442\u043a\u0438, \u043b\u044e\u043b\u044c\u043a\u0438, \u041b\u044e\u043b\u044c\u043a\u0438 \u0438 \u043a\u0430\u0440\u043c\u0430\u0448\u043a\u0438 \u0434\u043b\u044f \u043a\u0440\u043e\u0432\u0430\u0442\u043a\u0438, \u0421\u041a\u0418\u0414\u041a\u0418, M\u0435\u0431\u0435\u043b\u044c, Beebipood<\/title>\n<meta name=\"description\" content=\"BabyDan vooditasku 3in1, Praktiline ja nutikas 3in1 lahendus: beebih&auml;ll, h&auml;ll voodi k&otilde;rvale ning m&auml;nguaedik.Beebih&auml;ll on v&amp;o\" \/>\n<meta name=\"robots\" content=\"index, follow, max-snippet:-1, max-image-preview:large, max-video-preview:-1\" \/>\n<link rel=\"canonical\" href=\"https:\/\/beebipood.ee\/ru\/produkt\/babydan-vooditasku-3in1\/\" \/>\n<meta property=\"og:locale\" content=\"ru_RU\" \/>\n<meta property=\"og:type\" content=\"article\" \/>\n<meta property=\"og:title\" content=\"BabyDan vooditasku 3in1, \u0414\u0435\u0442\u0441\u043a\u0438e \u043a\u0440\u043e\u0432\u0430\u0442\u043a\u0438, \u043f\u0435\u0440\u0435\u043d\u043e\u0441\u043d\u044b\u0435 \u043a\u0440\u043e\u0432\u0430\u0442\u043a\u0438, \u043b\u044e\u043b\u044c\u043a\u0438, \u041b\u044e\u043b\u044c\u043a\u0438 \u0438 \u043a\u0430\u0440\u043c\u0430\u0448\u043a\u0438 \u0434\u043b\u044f \u043a\u0440\u043e\u0432\u0430\u0442\u043a\u0438, \u0421\u041a\u0418\u0414\u041a\u0418, M\u0435\u0431\u0435\u043b\u044c, Beebipood\" \/>\n<meta property=\"og:description\" content=\"BabyDan vooditasku 3in1, Praktiline ja nutikas 3in1 lahendus: beebih&auml;ll, h&auml;ll voodi k&otilde;rvale ning m&auml;nguaedik.Beebih&auml;ll on v&amp;o\" \/>\n<meta property=\"og:url\" content=\"https:\/\/beebipood.ee\/ru\/produkt\/babydan-vooditasku-3in1\/\" \/>\n<meta property=\"og:site_name\" content=\"Beebipood\" \/>\n<meta property=\"article:modified_time\" content=\"2025-01-09T08:52:27+00:00\" \/>\n<meta property=\"og:image\" content=\"https:\/\/beebipood.ee\/wp-content\/uploads\/2013\/09\/BabyDan-vooditasku-3in1-Beebivoodid-reisivoodid-hallid-Hallid-ja-vooditaskud-UUED-TOOTED-Lastemoobel-ja-sisustus_1-436.jpg\" \/>\n\t<meta property=\"og:image:width\" content=\"600\" \/>\n\t<meta property=\"og:image:height\" content=\"450\" \/>\n\t<meta property=\"og:image:type\" content=\"image\/jpeg\" \/>\n<meta name=\"twitter:card\" content=\"summary_large_image\" \/>\n<meta name=\"twitter:label1\" content=\"\u041f\u0440\u0438\u043c\u0435\u0440\u043d\u043e\u0435 \u0432\u0440\u0435\u043c\u044f \u0434\u043b\u044f \u0447\u0442\u0435\u043d\u0438\u044f\" \/>\n\t<meta name=\"twitter:data1\" content=\"1 \u043c\u0438\u043d\u0443\u0442\u0430\" \/>\n<script type=\"application\/ld+json\" class=\"yoast-schema-graph\">{\"@context\":\"https:\\\/\\\/schema.org\",\"@graph\":[{\"@type\":\"WebPage\",\"@id\":\"https:\\\/\\\/beebipood.ee\\\/ru\\\/produkt\\\/babydan-vooditasku-3in1\\\/\",\"url\":\"https:\\\/\\\/beebipood.ee\\\/ru\\\/produkt\\\/babydan-vooditasku-3in1\\\/\",\"name\":\"BabyDan vooditasku 3in1, \u0414\u0435\u0442\u0441\u043a\u0438e \u043a\u0440\u043e\u0432\u0430\u0442\u043a\u0438, \u043f\u0435\u0440\u0435\u043d\u043e\u0441\u043d\u044b\u0435 \u043a\u0440\u043e\u0432\u0430\u0442\u043a\u0438, \u043b\u044e\u043b\u044c\u043a\u0438, \u041b\u044e\u043b\u044c\u043a\u0438 \u0438 \u043a\u0430\u0440\u043c\u0430\u0448\u043a\u0438 \u0434\u043b\u044f \u043a\u0440\u043e\u0432\u0430\u0442\u043a\u0438, \u0421\u041a\u0418\u0414\u041a\u0418, M\u0435\u0431\u0435\u043b\u044c, Beebipood\",\"isPartOf\":{\"@id\":\"https:\\\/\\\/beebipood.ee\\\/ru\\\/#website\"},\"primaryImageOfPage\":{\"@id\":\"https:\\\/\\\/beebipood.ee\\\/ru\\\/produkt\\\/babydan-vooditasku-3in1\\\/#primaryimage\"},\"image\":{\"@id\":\"https:\\\/\\\/beebipood.ee\\\/ru\\\/produkt\\\/babydan-vooditasku-3in1\\\/#primaryimage\"},\"thumbnailUrl\":\"https:\\\/\\\/beebipood.ee\\\/wp-content\\\/uploads\\\/2013\\\/09\\\/BabyDan-vooditasku-3in1-Beebivoodid-reisivoodid-hallid-Hallid-ja-vooditaskud-UUED-TOOTED-Lastemoobel-ja-sisustus_1-436.jpg\",\"datePublished\":\"2013-09-02T10:43:54+00:00\",\"dateModified\":\"2025-01-09T08:52:27+00:00\",\"description\":\"BabyDan vooditasku 3in1, Praktiline ja nutikas 3in1 lahendus: beebih&auml;ll, h&auml;ll voodi k&otilde;rvale ning m&auml;nguaedik.Beebih&auml;ll on v&o\",\"breadcrumb\":{\"@id\":\"https:\\\/\\\/beebipood.ee\\\/ru\\\/produkt\\\/babydan-vooditasku-3in1\\\/#breadcrumb\"},\"inLanguage\":\"ru-RU\",\"potentialAction\":[{\"@type\":\"ReadAction\",\"target\":[\"https:\\\/\\\/beebipood.ee\\\/ru\\\/produkt\\\/babydan-vooditasku-3in1\\\/\"]}]},{\"@type\":\"ImageObject\",\"inLanguage\":\"ru-RU\",\"@id\":\"https:\\\/\\\/beebipood.ee\\\/ru\\\/produkt\\\/babydan-vooditasku-3in1\\\/#primaryimage\",\"url\":\"https:\\\/\\\/beebipood.ee\\\/wp-content\\\/uploads\\\/2013\\\/09\\\/BabyDan-vooditasku-3in1-Beebivoodid-reisivoodid-hallid-Hallid-ja-vooditaskud-UUED-TOOTED-Lastemoobel-ja-sisustus_1-436.jpg\",\"contentUrl\":\"https:\\\/\\\/beebipood.ee\\\/wp-content\\\/uploads\\\/2013\\\/09\\\/BabyDan-vooditasku-3in1-Beebivoodid-reisivoodid-hallid-Hallid-ja-vooditaskud-UUED-TOOTED-Lastemoobel-ja-sisustus_1-436.jpg\",\"width\":600,\"height\":450},{\"@type\":\"BreadcrumbList\",\"@id\":\"https:\\\/\\\/beebipood.ee\\\/ru\\\/produkt\\\/babydan-vooditasku-3in1\\\/#breadcrumb\",\"itemListElement\":[{\"@type\":\"ListItem\",\"position\":1,\"name\":\"Home\",\"item\":\"https:\\\/\\\/beebipood.ee\\\/ru\\\/\"},{\"@type\":\"ListItem\",\"position\":2,\"name\":\"\u041a\u0430\u0442\u0430\u043b\u043e\u0433 \u0442\u043e\u0432\u0430\u0440\u043e\u0432\",\"item\":\"https:\\\/\\\/beebipood.ee\\\/tooted\\\/\"},{\"@type\":\"ListItem\",\"position\":3,\"name\":\"BabyDan vooditasku 3in1\"}]},{\"@type\":\"WebSite\",\"@id\":\"https:\\\/\\\/beebipood.ee\\\/ru\\\/#website\",\"url\":\"https:\\\/\\\/beebipood.ee\\\/ru\\\/\",\"name\":\"Beebipood\",\"description\":\"Lastekaubad, beebikaubad, m\u00e4nguasjad\",\"publisher\":{\"@id\":\"https:\\\/\\\/beebipood.ee\\\/ru\\\/#organization\"},\"potentialAction\":[{\"@type\":\"SearchAction\",\"target\":{\"@type\":\"EntryPoint\",\"urlTemplate\":\"https:\\\/\\\/beebipood.ee\\\/ru\\\/?s={search_term_string}\"},\"query-input\":{\"@type\":\"PropertyValueSpecification\",\"valueRequired\":true,\"valueName\":\"search_term_string\"}}],\"inLanguage\":\"ru-RU\"},{\"@type\":\"Organization\",\"@id\":\"https:\\\/\\\/beebipood.ee\\\/ru\\\/#organization\",\"name\":\"Beebipood\",\"url\":\"https:\\\/\\\/beebipood.ee\\\/ru\\\/\",\"logo\":{\"@type\":\"ImageObject\",\"inLanguage\":\"ru-RU\",\"@id\":\"https:\\\/\\\/beebipood.ee\\\/ru\\\/#\\\/schema\\\/logo\\\/image\\\/\",\"url\":\"https:\\\/\\\/beebipood.ee\\\/wp-content\\\/uploads\\\/2025\\\/03\\\/beebipood.ee-logo-1.svg\",\"contentUrl\":\"https:\\\/\\\/beebipood.ee\\\/wp-content\\\/uploads\\\/2025\\\/03\\\/beebipood.ee-logo-1.svg\",\"caption\":\"Beebipood\"},\"image\":{\"@id\":\"https:\\\/\\\/beebipood.ee\\\/ru\\\/#\\\/schema\\\/logo\\\/image\\\/\"}}]}<\/script>\n<!-- \/ Yoast SEO plugin. -->","yoast_head_json":{"title":"BabyDan vooditasku 3in1, \u0414\u0435\u0442\u0441\u043a\u0438e \u043a\u0440\u043e\u0432\u0430\u0442\u043a\u0438, \u043f\u0435\u0440\u0435\u043d\u043e\u0441\u043d\u044b\u0435 \u043a\u0440\u043e\u0432\u0430\u0442\u043a\u0438, \u043b\u044e\u043b\u044c\u043a\u0438, \u041b\u044e\u043b\u044c\u043a\u0438 \u0438 \u043a\u0430\u0440\u043c\u0430\u0448\u043a\u0438 \u0434\u043b\u044f \u043a\u0440\u043e\u0432\u0430\u0442\u043a\u0438, \u0421\u041a\u0418\u0414\u041a\u0418, M\u0435\u0431\u0435\u043b\u044c, Beebipood","description":"BabyDan vooditasku 3in1, Praktiline ja nutikas 3in1 lahendus: beebih&auml;ll, h&auml;ll voodi k&otilde;rvale ning m&auml;nguaedik.Beebih&auml;ll on v&o","robots":{"index":"index","follow":"follow","max-snippet":"max-snippet:-1","max-image-preview":"max-image-preview:large","max-video-preview":"max-video-preview:-1"},"canonical":"https:\/\/beebipood.ee\/ru\/produkt\/babydan-vooditasku-3in1\/","og_locale":"ru_RU","og_type":"article","og_title":"BabyDan vooditasku 3in1, \u0414\u0435\u0442\u0441\u043a\u0438e \u043a\u0440\u043e\u0432\u0430\u0442\u043a\u0438, \u043f\u0435\u0440\u0435\u043d\u043e\u0441\u043d\u044b\u0435 \u043a\u0440\u043e\u0432\u0430\u0442\u043a\u0438, \u043b\u044e\u043b\u044c\u043a\u0438, \u041b\u044e\u043b\u044c\u043a\u0438 \u0438 \u043a\u0430\u0440\u043c\u0430\u0448\u043a\u0438 \u0434\u043b\u044f \u043a\u0440\u043e\u0432\u0430\u0442\u043a\u0438, \u0421\u041a\u0418\u0414\u041a\u0418, M\u0435\u0431\u0435\u043b\u044c, Beebipood","og_description":"BabyDan vooditasku 3in1, Praktiline ja nutikas 3in1 lahendus: beebih&auml;ll, h&auml;ll voodi k&otilde;rvale ning m&auml;nguaedik.Beebih&auml;ll on v&o","og_url":"https:\/\/beebipood.ee\/ru\/produkt\/babydan-vooditasku-3in1\/","og_site_name":"Beebipood","article_modified_time":"2025-01-09T08:52:27+00:00","og_image":[{"width":600,"height":450,"url":"https:\/\/beebipood.ee\/wp-content\/uploads\/2013\/09\/BabyDan-vooditasku-3in1-Beebivoodid-reisivoodid-hallid-Hallid-ja-vooditaskud-UUED-TOOTED-Lastemoobel-ja-sisustus_1-436.jpg","type":"image\/jpeg"}],"twitter_card":"summary_large_image","twitter_misc":{"\u041f\u0440\u0438\u043c\u0435\u0440\u043d\u043e\u0435 \u0432\u0440\u0435\u043c\u044f \u0434\u043b\u044f \u0447\u0442\u0435\u043d\u0438\u044f":"1 \u043c\u0438\u043d\u0443\u0442\u0430"},"schema":{"@context":"https:\/\/schema.org","@graph":[{"@type":"WebPage","@id":"https:\/\/beebipood.ee\/ru\/produkt\/babydan-vooditasku-3in1\/","url":"https:\/\/beebipood.ee\/ru\/produkt\/babydan-vooditasku-3in1\/","name":"BabyDan vooditasku 3in1, \u0414\u0435\u0442\u0441\u043a\u0438e \u043a\u0440\u043e\u0432\u0430\u0442\u043a\u0438, \u043f\u0435\u0440\u0435\u043d\u043e\u0441\u043d\u044b\u0435 \u043a\u0440\u043e\u0432\u0430\u0442\u043a\u0438, \u043b\u044e\u043b\u044c\u043a\u0438, \u041b\u044e\u043b\u044c\u043a\u0438 \u0438 \u043a\u0430\u0440\u043c\u0430\u0448\u043a\u0438 \u0434\u043b\u044f \u043a\u0440\u043e\u0432\u0430\u0442\u043a\u0438, \u0421\u041a\u0418\u0414\u041a\u0418, M\u0435\u0431\u0435\u043b\u044c, Beebipood","isPartOf":{"@id":"https:\/\/beebipood.ee\/ru\/#website"},"primaryImageOfPage":{"@id":"https:\/\/beebipood.ee\/ru\/produkt\/babydan-vooditasku-3in1\/#primaryimage"},"image":{"@id":"https:\/\/beebipood.ee\/ru\/produkt\/babydan-vooditasku-3in1\/#primaryimage"},"thumbnailUrl":"https:\/\/beebipood.ee\/wp-content\/uploads\/2013\/09\/BabyDan-vooditasku-3in1-Beebivoodid-reisivoodid-hallid-Hallid-ja-vooditaskud-UUED-TOOTED-Lastemoobel-ja-sisustus_1-436.jpg","datePublished":"2013-09-02T10:43:54+00:00","dateModified":"2025-01-09T08:52:27+00:00","description":"BabyDan vooditasku 3in1, Praktiline ja nutikas 3in1 lahendus: beebih&auml;ll, h&auml;ll voodi k&otilde;rvale ning m&auml;nguaedik.Beebih&auml;ll on v&o","breadcrumb":{"@id":"https:\/\/beebipood.ee\/ru\/produkt\/babydan-vooditasku-3in1\/#breadcrumb"},"inLanguage":"ru-RU","potentialAction":[{"@type":"ReadAction","target":["https:\/\/beebipood.ee\/ru\/produkt\/babydan-vooditasku-3in1\/"]}]},{"@type":"ImageObject","inLanguage":"ru-RU","@id":"https:\/\/beebipood.ee\/ru\/produkt\/babydan-vooditasku-3in1\/#primaryimage","url":"https:\/\/beebipood.ee\/wp-content\/uploads\/2013\/09\/BabyDan-vooditasku-3in1-Beebivoodid-reisivoodid-hallid-Hallid-ja-vooditaskud-UUED-TOOTED-Lastemoobel-ja-sisustus_1-436.jpg","contentUrl":"https:\/\/beebipood.ee\/wp-content\/uploads\/2013\/09\/BabyDan-vooditasku-3in1-Beebivoodid-reisivoodid-hallid-Hallid-ja-vooditaskud-UUED-TOOTED-Lastemoobel-ja-sisustus_1-436.jpg","width":600,"height":450},{"@type":"BreadcrumbList","@id":"https:\/\/beebipood.ee\/ru\/produkt\/babydan-vooditasku-3in1\/#breadcrumb","itemListElement":[{"@type":"ListItem","position":1,"name":"Home","item":"https:\/\/beebipood.ee\/ru\/"},{"@type":"ListItem","position":2,"name":"\u041a\u0430\u0442\u0430\u043b\u043e\u0433 \u0442\u043e\u0432\u0430\u0440\u043e\u0432","item":"https:\/\/beebipood.ee\/tooted\/"},{"@type":"ListItem","position":3,"name":"BabyDan vooditasku 3in1"}]},{"@type":"WebSite","@id":"https:\/\/beebipood.ee\/ru\/#website","url":"https:\/\/beebipood.ee\/ru\/","name":"Beebipood","description":"Lastekaubad, beebikaubad, m\u00e4nguasjad","publisher":{"@id":"https:\/\/beebipood.ee\/ru\/#organization"},"potentialAction":[{"@type":"SearchAction","target":{"@type":"EntryPoint","urlTemplate":"https:\/\/beebipood.ee\/ru\/?s={search_term_string}"},"query-input":{"@type":"PropertyValueSpecification","valueRequired":true,"valueName":"search_term_string"}}],"inLanguage":"ru-RU"},{"@type":"Organization","@id":"https:\/\/beebipood.ee\/ru\/#organization","name":"Beebipood","url":"https:\/\/beebipood.ee\/ru\/","logo":{"@type":"ImageObject","inLanguage":"ru-RU","@id":"https:\/\/beebipood.ee\/ru\/#\/schema\/logo\/image\/","url":"https:\/\/beebipood.ee\/wp-content\/uploads\/2025\/03\/beebipood.ee-logo-1.svg","contentUrl":"https:\/\/beebipood.ee\/wp-content\/uploads\/2025\/03\/beebipood.ee-logo-1.svg","caption":"Beebipood"},"image":{"@id":"https:\/\/beebipood.ee\/ru\/#\/schema\/logo\/image\/"}}]}},"brands":[],"_links":{"self":[{"href":"https:\/\/beebipood.ee\/ru\/wp-json\/wp\/v2\/product\/454408","targetHints":{"allow":["GET"]}}],"collection":[{"href":"https:\/\/beebipood.ee\/ru\/wp-json\/wp\/v2\/product"}],"about":[{"href":"https:\/\/beebipood.ee\/ru\/wp-json\/wp\/v2\/types\/product"}],"wp:featuredmedia":[{"embeddable":true,"href":"https:\/\/beebipood.ee\/ru\/wp-json\/wp\/v2\/media\/100312"}],"wp:attachment":[{"href":"https:\/\/beebipood.ee\/ru\/wp-json\/wp\/v2\/media?parent=454408"}],"wp:term":[{"taxonomy":"pwb-brand","embeddable":true,"href":"https:\/\/beebipood.ee\/ru\/wp-json\/wp\/v2\/pwb-brand?post=454408"},{"taxonomy":"product_brand","embeddable":true,"href":"https:\/\/beebipood.ee\/ru\/wp-json\/wp\/v2\/product_brand?post=454408"},{"taxonomy":"product_cat","embeddable":true,"href":"https:\/\/beebipood.ee\/ru\/wp-json\/wp\/v2\/product_cat?post=454408"},{"taxonomy":"product_tag","embeddable":true,"href":"https:\/\/beebipood.ee\/ru\/wp-json\/wp\/v2\/product_tag?post=454408"}],"curies":[{"name":"wp","href":"https:\/\/api.w.org\/{rel}","templated":true}]}}