{"id":454410,"date":"2013-09-02T13:43:56","date_gmt":"2013-09-02T10:43:56","guid":{"rendered":"https:\/\/beebipood.ee\/toode\/alecto-beebimonitor-dbx-88-limited\/"},"modified":"2025-01-09T10:52:27","modified_gmt":"2025-01-09T08:52:27","slug":"alecto-beebimonitor-dbx-88-limited","status":"publish","type":"product","link":"https:\/\/beebipood.ee\/ru\/produkt\/alecto-beebimonitor-dbx-88-limited\/","title":{"rendered":"Alecto beebimonitor DBX-88 Limited"},"content":{"rendered":"<p>Usaldusv\u00e4\u00e4rne ja \u00fclimalt lihtsasti kasutatav beebimonitor DBX-88 Limited <br \/>on olnud juba aastaid Hollandis populaarseim mudel.<br \/>DECT tehnoloogiaga monitor tagab ideaalse helikvaliteedi ning ilma segamiseta \u00fclekande.<br \/>Unikaalne ECO re\u017eiim, mis tagab vanemapoolsel seadmel optimaalse aku kestvuse<br \/><span style=\"text-decoration: underline;\">Omadused<\/span><br \/>DECT-tehnoloogia tagab ideaalse helikvaliteedi ja 100% segamiseta \u00fclekande<br \/>Full-Eco v\u00f5imalus &#8212; ehk et \u00fchendus ainult siis kui seade kuuleb heli<br \/>Temperatuuri n\u00e4idik<br \/>Reguleeritav temperatuuri hoiatus<br \/>Kahepoolne kommunikatsioon &#8212; v\u00f5imalus beebile vastu r\u00e4\u00e4kida<br \/>Madala akutaseme hoiatus<br \/>Levist v\u00e4ljas hoiatus<br \/>VOX funktsioon &#8212; heli peale l\u00fclitub k\u00e4ima<br \/>Reguleeritav mikrofoni tundlikkus<br \/>Reguleeritav helitase<br \/>5 h\u00e4llilaulu<br \/>Reguleeritava tugevusega \u00f6\u00f6valgus<br \/>LED ekraan<br \/><span style=\"text-decoration: underline;\">N\u00e4itajad<\/span><br \/>Beebipoolse seadme m\u00f5\u00f5dud 9,7 x 13,2 x 7,3cm (k\u00f5rgus, laius, s\u00fcgavus)<br \/>Vanemapoolse seadme m\u00f5\u00f5dud 10,9 x 7,2 x 4,1cm (k\u00f5rgus, laius, s\u00fcgavus)<br \/>Tegevusraadius siseruumides 50m, \u00f5ues 300m<br \/>DECT 1,8Ghz<br \/><span style=\"text-decoration: underline;\">Komplektis<\/span><br \/>Beebipoolne seade<br \/>Vanemapoolne seade<br \/>Beebipoolse seadme AC adapter<br \/>V\u00f6\u00f6klamber<br \/>Laadimis dokk vanemapoolse seadme jaoks<\/p>\n<p><span style=\"text-decoration: underline;\">Lae alla kasutusjuhend<\/span><br \/>https:\/\/cdn.commaxx.nl\/5bd62b4689a355c899ebc228ddc790f560611057_DBX_88_ECO_manual_v5.6_NL_EN_DE_FR.pdf<\/p>\n","protected":false},"excerpt":{"rendered":"<p>Usaldusv\u00e4\u00e4rne ja \u00fclimalt lihtsasti kasutatav beebimonitor DBX-88 Limited on olnud juba aastaid Hollandis populaarseim mudel.DECT tehnoloogiaga monitor tagab ideaalse helikvaliteedi ning ilma segamiseta \u00fclekande.Unikaalne ECO re\u017eiim, mis tagab vanemapoolsel seadmel optimaalse aku kestvuseOmadusedDECT-tehnoloogia tagab ideaalse helikvaliteedi ja 100% segamiseta \u00fclekandeFull-Eco v\u00f5imalus &#8212; ehk et \u00fchendus ainult siis kui seade kuuleb heliTemperatuuri n\u00e4idikReguleeritav temperatuuri hoiatusKahepoolne kommunikatsioon [&hellip;]<\/p>\n","protected":false},"featured_media":100321,"template":"","meta":{"_acf_changed":false},"pwb-brand":[11968],"product_brand":[],"product_cat":[11703,11707,11791],"product_tag":[],"class_list":{"0":"post-454410","1":"product","2":"type-product","3":"status-publish","4":"has-post-thumbnail","6":"pwb-brand-alecto-ru","7":"product_cat-turvalisus-maneezid-turvavaravad-piirded-ru","8":"product_cat-beebimonitorid-ru","9":"product_cat-turvavarustus-ru","10":"pa_manufacturer-alecto-ru","12":"first","13":"onbackorder","14":"taxable","15":"shipping-taxable","16":"purchasable","17":"product-type-simple"},"exclude_global_add_ons":[],"addons":[],"acf":[],"yoast_head":"<!-- This site is optimized with the Yoast SEO plugin v27.1.1 - https:\/\/yoast.com\/product\/yoast-seo-wordpress\/ -->\n<title>Alecto beebimonitor DBX-88 Limited, \u041d\u041e\u0412\u042b\u0415 \u0422\u041e\u0412\u0410\u0420\u042b, \u0411\u0435\u0437\u043e\u043f\u0430\u0441\u043d\u043e\u0441\u0442\u044c, \u0432\u043e\u0440\u043e\u0442\u0430 \u0431\u0435\u0437\u043e\u043f\u0430\u0441\u043d\u043e\u0441\u0442\u0438,\u043c\u0430\u043d\u0435\u0436\u0438, \u0420\u0430\u0434\u0438\u043e\u043d\u044f\u043d\u0438, \u0421\u043d\u0430\u0440\u044f\u0436\u0435\u043d\u0438\u044f \u0431\u0435\u0437\u043e\u043f\u0430\u0441\u043d\u043e\u0441\u0442\u0438, Beebipood<\/title>\n<meta name=\"description\" content=\"Alecto beebimonitor DBX-88 Limited, Usaldusv&auml;&auml;rne ja &uuml;limalt lihtsasti kasutatav beebimonitor DBX-88 Limited on olnud juba aastaid Holla\" \/>\n<meta name=\"robots\" content=\"index, follow, max-snippet:-1, max-image-preview:large, max-video-preview:-1\" \/>\n<link rel=\"canonical\" href=\"https:\/\/beebipood.ee\/ru\/produkt\/alecto-beebimonitor-dbx-88-limited\/\" \/>\n<meta property=\"og:locale\" content=\"ru_RU\" \/>\n<meta property=\"og:type\" content=\"article\" \/>\n<meta property=\"og:title\" content=\"Alecto beebimonitor DBX-88 Limited, \u041d\u041e\u0412\u042b\u0415 \u0422\u041e\u0412\u0410\u0420\u042b, \u0411\u0435\u0437\u043e\u043f\u0430\u0441\u043d\u043e\u0441\u0442\u044c, \u0432\u043e\u0440\u043e\u0442\u0430 \u0431\u0435\u0437\u043e\u043f\u0430\u0441\u043d\u043e\u0441\u0442\u0438,\u043c\u0430\u043d\u0435\u0436\u0438, \u0420\u0430\u0434\u0438\u043e\u043d\u044f\u043d\u0438, \u0421\u043d\u0430\u0440\u044f\u0436\u0435\u043d\u0438\u044f \u0431\u0435\u0437\u043e\u043f\u0430\u0441\u043d\u043e\u0441\u0442\u0438, Beebipood\" \/>\n<meta property=\"og:description\" content=\"Alecto beebimonitor DBX-88 Limited, Usaldusv&auml;&auml;rne ja &uuml;limalt lihtsasti kasutatav beebimonitor DBX-88 Limited on olnud juba aastaid Holla\" \/>\n<meta property=\"og:url\" content=\"https:\/\/beebipood.ee\/ru\/produkt\/alecto-beebimonitor-dbx-88-limited\/\" \/>\n<meta property=\"og:site_name\" content=\"Beebipood\" \/>\n<meta property=\"article:modified_time\" content=\"2025-01-09T08:52:27+00:00\" \/>\n<meta property=\"og:image\" content=\"https:\/\/beebipood.ee\/wp-content\/uploads\/2013\/09\/Alecto-beebimonitor-DBX88-Limited-UUED-TOOTED-Turvalisus-maneeid-turvavaravad-piirded-Beebimonitorid-Turvavarustus_1-828.jpg\" \/>\n\t<meta property=\"og:image:width\" content=\"1200\" \/>\n\t<meta property=\"og:image:height\" content=\"1200\" \/>\n\t<meta property=\"og:image:type\" content=\"image\/jpeg\" \/>\n<meta name=\"twitter:card\" content=\"summary_large_image\" \/>\n<meta name=\"twitter:label1\" content=\"\u041f\u0440\u0438\u043c\u0435\u0440\u043d\u043e\u0435 \u0432\u0440\u0435\u043c\u044f \u0434\u043b\u044f \u0447\u0442\u0435\u043d\u0438\u044f\" \/>\n\t<meta name=\"twitter:data1\" content=\"1 \u043c\u0438\u043d\u0443\u0442\u0430\" \/>\n<script type=\"application\/ld+json\" class=\"yoast-schema-graph\">{\"@context\":\"https:\/\/schema.org\",\"@graph\":[{\"@type\":\"WebPage\",\"@id\":\"https:\/\/beebipood.ee\/ru\/produkt\/alecto-beebimonitor-dbx-88-limited\/\",\"url\":\"https:\/\/beebipood.ee\/ru\/produkt\/alecto-beebimonitor-dbx-88-limited\/\",\"name\":\"Alecto beebimonitor DBX-88 Limited, \u041d\u041e\u0412\u042b\u0415 \u0422\u041e\u0412\u0410\u0420\u042b, \u0411\u0435\u0437\u043e\u043f\u0430\u0441\u043d\u043e\u0441\u0442\u044c, \u0432\u043e\u0440\u043e\u0442\u0430 \u0431\u0435\u0437\u043e\u043f\u0430\u0441\u043d\u043e\u0441\u0442\u0438,\u043c\u0430\u043d\u0435\u0436\u0438, \u0420\u0430\u0434\u0438\u043e\u043d\u044f\u043d\u0438, \u0421\u043d\u0430\u0440\u044f\u0436\u0435\u043d\u0438\u044f \u0431\u0435\u0437\u043e\u043f\u0430\u0441\u043d\u043e\u0441\u0442\u0438, Beebipood\",\"isPartOf\":{\"@id\":\"https:\/\/beebipood.ee\/ru\/#website\"},\"primaryImageOfPage\":{\"@id\":\"https:\/\/beebipood.ee\/ru\/produkt\/alecto-beebimonitor-dbx-88-limited\/#primaryimage\"},\"image\":{\"@id\":\"https:\/\/beebipood.ee\/ru\/produkt\/alecto-beebimonitor-dbx-88-limited\/#primaryimage\"},\"thumbnailUrl\":\"https:\/\/beebipood.ee\/wp-content\/uploads\/2013\/09\/Alecto-beebimonitor-DBX88-Limited-UUED-TOOTED-Turvalisus-maneeid-turvavaravad-piirded-Beebimonitorid-Turvavarustus_1-828.jpg\",\"datePublished\":\"2013-09-02T10:43:56+00:00\",\"dateModified\":\"2025-01-09T08:52:27+00:00\",\"description\":\"Alecto beebimonitor DBX-88 Limited, Usaldusv&auml;&auml;rne ja &uuml;limalt lihtsasti kasutatav beebimonitor DBX-88 Limited on olnud juba aastaid Holla\",\"breadcrumb\":{\"@id\":\"https:\/\/beebipood.ee\/ru\/produkt\/alecto-beebimonitor-dbx-88-limited\/#breadcrumb\"},\"inLanguage\":\"ru-RU\",\"potentialAction\":[{\"@type\":\"ReadAction\",\"target\":[\"https:\/\/beebipood.ee\/ru\/produkt\/alecto-beebimonitor-dbx-88-limited\/\"]}]},{\"@type\":\"ImageObject\",\"inLanguage\":\"ru-RU\",\"@id\":\"https:\/\/beebipood.ee\/ru\/produkt\/alecto-beebimonitor-dbx-88-limited\/#primaryimage\",\"url\":\"https:\/\/beebipood.ee\/wp-content\/uploads\/2013\/09\/Alecto-beebimonitor-DBX88-Limited-UUED-TOOTED-Turvalisus-maneeid-turvavaravad-piirded-Beebimonitorid-Turvavarustus_1-828.jpg\",\"contentUrl\":\"https:\/\/beebipood.ee\/wp-content\/uploads\/2013\/09\/Alecto-beebimonitor-DBX88-Limited-UUED-TOOTED-Turvalisus-maneeid-turvavaravad-piirded-Beebimonitorid-Turvavarustus_1-828.jpg\",\"width\":1200,\"height\":1200},{\"@type\":\"BreadcrumbList\",\"@id\":\"https:\/\/beebipood.ee\/ru\/produkt\/alecto-beebimonitor-dbx-88-limited\/#breadcrumb\",\"itemListElement\":[{\"@type\":\"ListItem\",\"position\":1,\"name\":\"Home\",\"item\":\"https:\/\/beebipood.ee\/ru\/\"},{\"@type\":\"ListItem\",\"position\":2,\"name\":\"\u041a\u0430\u0442\u0430\u043b\u043e\u0433 \u0442\u043e\u0432\u0430\u0440\u043e\u0432\",\"item\":\"https:\/\/beebipood.ee\/tooted\/\"},{\"@type\":\"ListItem\",\"position\":3,\"name\":\"Alecto beebimonitor DBX-88 Limited\"}]},{\"@type\":\"WebSite\",\"@id\":\"https:\/\/beebipood.ee\/ru\/#website\",\"url\":\"https:\/\/beebipood.ee\/ru\/\",\"name\":\"Beebipood\",\"description\":\"Lastekaubad, beebikaubad, m\u00e4nguasjad\",\"publisher\":{\"@id\":\"https:\/\/beebipood.ee\/ru\/#organization\"},\"potentialAction\":[{\"@type\":\"SearchAction\",\"target\":{\"@type\":\"EntryPoint\",\"urlTemplate\":\"https:\/\/beebipood.ee\/ru\/?s={search_term_string}\"},\"query-input\":{\"@type\":\"PropertyValueSpecification\",\"valueRequired\":true,\"valueName\":\"search_term_string\"}}],\"inLanguage\":\"ru-RU\"},{\"@type\":\"Organization\",\"@id\":\"https:\/\/beebipood.ee\/ru\/#organization\",\"name\":\"Beebipood\",\"url\":\"https:\/\/beebipood.ee\/ru\/\",\"logo\":{\"@type\":\"ImageObject\",\"inLanguage\":\"ru-RU\",\"@id\":\"https:\/\/beebipood.ee\/ru\/#\/schema\/logo\/image\/\",\"url\":\"https:\/\/beebipood.ee\/wp-content\/uploads\/2025\/03\/beebipood.ee-logo-1.svg\",\"contentUrl\":\"https:\/\/beebipood.ee\/wp-content\/uploads\/2025\/03\/beebipood.ee-logo-1.svg\",\"caption\":\"Beebipood\"},\"image\":{\"@id\":\"https:\/\/beebipood.ee\/ru\/#\/schema\/logo\/image\/\"}}]}<\/script>\n<!-- \/ Yoast SEO plugin. -->","yoast_head_json":{"title":"Alecto beebimonitor DBX-88 Limited, \u041d\u041e\u0412\u042b\u0415 \u0422\u041e\u0412\u0410\u0420\u042b, \u0411\u0435\u0437\u043e\u043f\u0430\u0441\u043d\u043e\u0441\u0442\u044c, \u0432\u043e\u0440\u043e\u0442\u0430 \u0431\u0435\u0437\u043e\u043f\u0430\u0441\u043d\u043e\u0441\u0442\u0438,\u043c\u0430\u043d\u0435\u0436\u0438, \u0420\u0430\u0434\u0438\u043e\u043d\u044f\u043d\u0438, \u0421\u043d\u0430\u0440\u044f\u0436\u0435\u043d\u0438\u044f \u0431\u0435\u0437\u043e\u043f\u0430\u0441\u043d\u043e\u0441\u0442\u0438, Beebipood","description":"Alecto beebimonitor DBX-88 Limited, Usaldusv&auml;&auml;rne ja &uuml;limalt lihtsasti kasutatav beebimonitor DBX-88 Limited on olnud juba aastaid Holla","robots":{"index":"index","follow":"follow","max-snippet":"max-snippet:-1","max-image-preview":"max-image-preview:large","max-video-preview":"max-video-preview:-1"},"canonical":"https:\/\/beebipood.ee\/ru\/produkt\/alecto-beebimonitor-dbx-88-limited\/","og_locale":"ru_RU","og_type":"article","og_title":"Alecto beebimonitor DBX-88 Limited, \u041d\u041e\u0412\u042b\u0415 \u0422\u041e\u0412\u0410\u0420\u042b, \u0411\u0435\u0437\u043e\u043f\u0430\u0441\u043d\u043e\u0441\u0442\u044c, \u0432\u043e\u0440\u043e\u0442\u0430 \u0431\u0435\u0437\u043e\u043f\u0430\u0441\u043d\u043e\u0441\u0442\u0438,\u043c\u0430\u043d\u0435\u0436\u0438, \u0420\u0430\u0434\u0438\u043e\u043d\u044f\u043d\u0438, \u0421\u043d\u0430\u0440\u044f\u0436\u0435\u043d\u0438\u044f \u0431\u0435\u0437\u043e\u043f\u0430\u0441\u043d\u043e\u0441\u0442\u0438, Beebipood","og_description":"Alecto beebimonitor DBX-88 Limited, Usaldusv&auml;&auml;rne ja &uuml;limalt lihtsasti kasutatav beebimonitor DBX-88 Limited on olnud juba aastaid Holla","og_url":"https:\/\/beebipood.ee\/ru\/produkt\/alecto-beebimonitor-dbx-88-limited\/","og_site_name":"Beebipood","article_modified_time":"2025-01-09T08:52:27+00:00","og_image":[{"width":1200,"height":1200,"url":"https:\/\/beebipood.ee\/wp-content\/uploads\/2013\/09\/Alecto-beebimonitor-DBX88-Limited-UUED-TOOTED-Turvalisus-maneeid-turvavaravad-piirded-Beebimonitorid-Turvavarustus_1-828.jpg","type":"image\/jpeg"}],"twitter_card":"summary_large_image","twitter_misc":{"\u041f\u0440\u0438\u043c\u0435\u0440\u043d\u043e\u0435 \u0432\u0440\u0435\u043c\u044f \u0434\u043b\u044f \u0447\u0442\u0435\u043d\u0438\u044f":"1 \u043c\u0438\u043d\u0443\u0442\u0430"},"schema":{"@context":"https:\/\/schema.org","@graph":[{"@type":"WebPage","@id":"https:\/\/beebipood.ee\/ru\/produkt\/alecto-beebimonitor-dbx-88-limited\/","url":"https:\/\/beebipood.ee\/ru\/produkt\/alecto-beebimonitor-dbx-88-limited\/","name":"Alecto beebimonitor DBX-88 Limited, \u041d\u041e\u0412\u042b\u0415 \u0422\u041e\u0412\u0410\u0420\u042b, \u0411\u0435\u0437\u043e\u043f\u0430\u0441\u043d\u043e\u0441\u0442\u044c, \u0432\u043e\u0440\u043e\u0442\u0430 \u0431\u0435\u0437\u043e\u043f\u0430\u0441\u043d\u043e\u0441\u0442\u0438,\u043c\u0430\u043d\u0435\u0436\u0438, \u0420\u0430\u0434\u0438\u043e\u043d\u044f\u043d\u0438, \u0421\u043d\u0430\u0440\u044f\u0436\u0435\u043d\u0438\u044f \u0431\u0435\u0437\u043e\u043f\u0430\u0441\u043d\u043e\u0441\u0442\u0438, Beebipood","isPartOf":{"@id":"https:\/\/beebipood.ee\/ru\/#website"},"primaryImageOfPage":{"@id":"https:\/\/beebipood.ee\/ru\/produkt\/alecto-beebimonitor-dbx-88-limited\/#primaryimage"},"image":{"@id":"https:\/\/beebipood.ee\/ru\/produkt\/alecto-beebimonitor-dbx-88-limited\/#primaryimage"},"thumbnailUrl":"https:\/\/beebipood.ee\/wp-content\/uploads\/2013\/09\/Alecto-beebimonitor-DBX88-Limited-UUED-TOOTED-Turvalisus-maneeid-turvavaravad-piirded-Beebimonitorid-Turvavarustus_1-828.jpg","datePublished":"2013-09-02T10:43:56+00:00","dateModified":"2025-01-09T08:52:27+00:00","description":"Alecto beebimonitor DBX-88 Limited, Usaldusv&auml;&auml;rne ja &uuml;limalt lihtsasti kasutatav beebimonitor DBX-88 Limited on olnud juba aastaid Holla","breadcrumb":{"@id":"https:\/\/beebipood.ee\/ru\/produkt\/alecto-beebimonitor-dbx-88-limited\/#breadcrumb"},"inLanguage":"ru-RU","potentialAction":[{"@type":"ReadAction","target":["https:\/\/beebipood.ee\/ru\/produkt\/alecto-beebimonitor-dbx-88-limited\/"]}]},{"@type":"ImageObject","inLanguage":"ru-RU","@id":"https:\/\/beebipood.ee\/ru\/produkt\/alecto-beebimonitor-dbx-88-limited\/#primaryimage","url":"https:\/\/beebipood.ee\/wp-content\/uploads\/2013\/09\/Alecto-beebimonitor-DBX88-Limited-UUED-TOOTED-Turvalisus-maneeid-turvavaravad-piirded-Beebimonitorid-Turvavarustus_1-828.jpg","contentUrl":"https:\/\/beebipood.ee\/wp-content\/uploads\/2013\/09\/Alecto-beebimonitor-DBX88-Limited-UUED-TOOTED-Turvalisus-maneeid-turvavaravad-piirded-Beebimonitorid-Turvavarustus_1-828.jpg","width":1200,"height":1200},{"@type":"BreadcrumbList","@id":"https:\/\/beebipood.ee\/ru\/produkt\/alecto-beebimonitor-dbx-88-limited\/#breadcrumb","itemListElement":[{"@type":"ListItem","position":1,"name":"Home","item":"https:\/\/beebipood.ee\/ru\/"},{"@type":"ListItem","position":2,"name":"\u041a\u0430\u0442\u0430\u043b\u043e\u0433 \u0442\u043e\u0432\u0430\u0440\u043e\u0432","item":"https:\/\/beebipood.ee\/tooted\/"},{"@type":"ListItem","position":3,"name":"Alecto beebimonitor DBX-88 Limited"}]},{"@type":"WebSite","@id":"https:\/\/beebipood.ee\/ru\/#website","url":"https:\/\/beebipood.ee\/ru\/","name":"Beebipood","description":"Lastekaubad, beebikaubad, m\u00e4nguasjad","publisher":{"@id":"https:\/\/beebipood.ee\/ru\/#organization"},"potentialAction":[{"@type":"SearchAction","target":{"@type":"EntryPoint","urlTemplate":"https:\/\/beebipood.ee\/ru\/?s={search_term_string}"},"query-input":{"@type":"PropertyValueSpecification","valueRequired":true,"valueName":"search_term_string"}}],"inLanguage":"ru-RU"},{"@type":"Organization","@id":"https:\/\/beebipood.ee\/ru\/#organization","name":"Beebipood","url":"https:\/\/beebipood.ee\/ru\/","logo":{"@type":"ImageObject","inLanguage":"ru-RU","@id":"https:\/\/beebipood.ee\/ru\/#\/schema\/logo\/image\/","url":"https:\/\/beebipood.ee\/wp-content\/uploads\/2025\/03\/beebipood.ee-logo-1.svg","contentUrl":"https:\/\/beebipood.ee\/wp-content\/uploads\/2025\/03\/beebipood.ee-logo-1.svg","caption":"Beebipood"},"image":{"@id":"https:\/\/beebipood.ee\/ru\/#\/schema\/logo\/image\/"}}]}},"brands":[{"id":11968,"name":"Alecto","slug":"alecto-ru"}],"_links":{"self":[{"href":"https:\/\/beebipood.ee\/ru\/wp-json\/wp\/v2\/product\/454410","targetHints":{"allow":["GET"]}}],"collection":[{"href":"https:\/\/beebipood.ee\/ru\/wp-json\/wp\/v2\/product"}],"about":[{"href":"https:\/\/beebipood.ee\/ru\/wp-json\/wp\/v2\/types\/product"}],"wp:featuredmedia":[{"embeddable":true,"href":"https:\/\/beebipood.ee\/ru\/wp-json\/wp\/v2\/media\/100321"}],"wp:attachment":[{"href":"https:\/\/beebipood.ee\/ru\/wp-json\/wp\/v2\/media?parent=454410"}],"wp:term":[{"taxonomy":"pwb-brand","embeddable":true,"href":"https:\/\/beebipood.ee\/ru\/wp-json\/wp\/v2\/pwb-brand?post=454410"},{"taxonomy":"product_brand","embeddable":true,"href":"https:\/\/beebipood.ee\/ru\/wp-json\/wp\/v2\/product_brand?post=454410"},{"taxonomy":"product_cat","embeddable":true,"href":"https:\/\/beebipood.ee\/ru\/wp-json\/wp\/v2\/product_cat?post=454410"},{"taxonomy":"product_tag","embeddable":true,"href":"https:\/\/beebipood.ee\/ru\/wp-json\/wp\/v2\/product_tag?post=454410"}],"curies":[{"name":"wp","href":"https:\/\/api.w.org\/{rel}","templated":true}]}}