{"id":454414,"date":"2013-09-02T13:44:00","date_gmt":"2013-09-02T10:44:00","guid":{"rendered":"https:\/\/beebipood.ee\/toode\/peg-perego-viaggio-2-3-shuttle-turvatool-licorice\/"},"modified":"2025-03-05T07:10:42","modified_gmt":"2025-03-05T05:10:42","slug":"peg-perego-viaggio-2-3-shuttle-turvatool-licorice","status":"publish","type":"product","link":"https:\/\/beebipood.ee\/ru\/produkt\/peg-perego-viaggio-2-3-shuttle-turvatool-licorice\/","title":{"rendered":"Peg-Perego Viaggio 2-3 Shuttle turvaiste, Crystal Black"},"content":{"rendered":"<p>Lihtsasti ja mugavasti kasutatav auto turvaiste, <br \/>mis on m\u00f5eldud lastele vanuses 3-12 eluaastat (15-36kg).<br \/>ISOFIX kinnitusega turvatooli saab last kinnitada ainult auto turvav\u00f6\u00f6ga.<br \/>Omadused<br \/>V\u00f5imalik kinnitada kas ainult auto turvav\u00f6\u00f6ga v\u00f5i koos ISOFIX kinnitustega<br \/>ISOFIX kinnitus hoiab turvaistme ilusti paigal ka siis, <br \/>kui last parasjagu seal ei istu<br \/>Kaks pehemndavat kihti muudavad pikad autos\u00f5idud lapse jaoks mugavaks<br \/>Pehme poroloont\u00e4idisega k\u00e4etoed<br \/>Integreeritud kandesang, mille abil on lihtne turvatooli kaasas kanda<br \/>Turvav\u00f6\u00f6suunaja v\u00f5imaldab s\u00e4ttida v\u00f6\u00f6 alati \u00f5igele k\u00f5rgusele<br \/>Komplektis ka praktiline joogitopsihoidja<br \/>N\u00e4itajad<br \/>Suurus 44 x 24 x 40,5cm<br \/>Kaal 3kg<\/p>\n","protected":false},"excerpt":{"rendered":"<p>Lihtsasti ja mugavasti kasutatav auto turvaiste, mis on m\u00f5eldud lastele vanuses 3-12 eluaastat (15-36kg).ISOFIX kinnitusega turvatooli saab last kinnitada ainult auto turvav\u00f6\u00f6ga.OmadusedV\u00f5imalik kinnitada kas ainult auto turvav\u00f6\u00f6ga v\u00f5i koos ISOFIX kinnitustegaISOFIX kinnitus hoiab turvaistme ilusti paigal ka siis, kui last parasjagu seal ei istuKaks pehemndavat kihti muudavad pikad autos\u00f5idud lapse jaoks mugavaksPehme poroloont\u00e4idisega k\u00e4etoedIntegreeritud kandesang, [&hellip;]<\/p>\n","protected":false},"featured_media":145909,"template":"","meta":{"_acf_changed":false},"pwb-brand":[],"product_brand":[],"product_cat":[11727,11741,11791],"product_tag":[],"class_list":{"0":"post-454414","1":"product","2":"type-product","3":"status-publish","4":"has-post-thumbnail","6":"product_cat-turvatoolid-hallid-ru","7":"product_cat-turvaistmed-ru","8":"product_cat-turvavarustus-ru","10":"first","11":"onbackorder","12":"taxable","13":"shipping-taxable","14":"purchasable","15":"product-type-simple"},"exclude_global_add_ons":[],"addons":[],"acf":[],"yoast_head":"<!-- This site is optimized with the Yoast SEO plugin v27.1.1 - https:\/\/yoast.com\/product\/yoast-seo-wordpress\/ -->\n<title>Peg-Perego Viaggio 2-3 Shuttle turvaiste, Crystal Black, \u0410\u0432\u0442\u043e\u043a\u0440\u0435\u0441\u043b\u0430, \u043b\u044e\u043b\u044c\u043a\u0438, \u0414\u0435\u0442\u0441\u043a\u043e\u0435 \u043a\u0440\u0435\u0441\u043b\u043e, \u0421\u043d\u0430\u0440\u044f\u0436\u0435\u043d\u0438\u044f \u0431\u0435\u0437\u043e\u043f\u0430\u0441\u043d\u043e\u0441\u0442\u0438, Beebipood<\/title>\n<meta name=\"description\" content=\"Peg-Perego Viaggio 2-3 Shuttle turvaiste, Crystal Black, Lihtsasti ja mugavasti kasutatav auto turvaiste, mis on m&otilde;eldud lastele vanuses 3-12 el\" \/>\n<meta name=\"robots\" content=\"index, follow, max-snippet:-1, max-image-preview:large, max-video-preview:-1\" \/>\n<link rel=\"canonical\" href=\"https:\/\/beebipood.ee\/ru\/produkt\/peg-perego-viaggio-2-3-shuttle-turvatool-licorice\/\" \/>\n<meta property=\"og:locale\" content=\"ru_RU\" \/>\n<meta property=\"og:type\" content=\"article\" \/>\n<meta property=\"og:title\" content=\"Peg-Perego Viaggio 2-3 Shuttle turvaiste, Crystal Black, \u0410\u0432\u0442\u043e\u043a\u0440\u0435\u0441\u043b\u0430, \u043b\u044e\u043b\u044c\u043a\u0438, \u0414\u0435\u0442\u0441\u043a\u043e\u0435 \u043a\u0440\u0435\u0441\u043b\u043e, \u0421\u043d\u0430\u0440\u044f\u0436\u0435\u043d\u0438\u044f \u0431\u0435\u0437\u043e\u043f\u0430\u0441\u043d\u043e\u0441\u0442\u0438, Beebipood\" \/>\n<meta property=\"og:description\" content=\"Peg-Perego Viaggio 2-3 Shuttle turvaiste, Crystal Black, Lihtsasti ja mugavasti kasutatav auto turvaiste, mis on m&otilde;eldud lastele vanuses 3-12 el\" \/>\n<meta property=\"og:url\" content=\"https:\/\/beebipood.ee\/ru\/produkt\/peg-perego-viaggio-2-3-shuttle-turvatool-licorice\/\" \/>\n<meta property=\"og:site_name\" content=\"Beebipood\" \/>\n<meta property=\"article:modified_time\" content=\"2025-03-05T05:10:42+00:00\" \/>\n<meta property=\"og:image\" content=\"https:\/\/beebipood.ee\/wp-content\/uploads\/2013\/09\/PegPerego-Viaggio-23-Shuttle-turvaiste-Crystal-Black-Turvatoolid-hallid-Turvaistmed-Turvavarustus_6-83c.jpg\" \/>\n\t<meta property=\"og:image:width\" content=\"1084\" \/>\n\t<meta property=\"og:image:height\" content=\"899\" \/>\n\t<meta property=\"og:image:type\" content=\"image\/jpeg\" \/>\n<meta name=\"twitter:card\" content=\"summary_large_image\" \/>\n<script type=\"application\/ld+json\" class=\"yoast-schema-graph\">{\"@context\":\"https:\/\/schema.org\",\"@graph\":[{\"@type\":\"WebPage\",\"@id\":\"https:\/\/beebipood.ee\/ru\/produkt\/peg-perego-viaggio-2-3-shuttle-turvatool-licorice\/\",\"url\":\"https:\/\/beebipood.ee\/ru\/produkt\/peg-perego-viaggio-2-3-shuttle-turvatool-licorice\/\",\"name\":\"Peg-Perego Viaggio 2-3 Shuttle turvaiste, Crystal Black, \u0410\u0432\u0442\u043e\u043a\u0440\u0435\u0441\u043b\u0430, \u043b\u044e\u043b\u044c\u043a\u0438, \u0414\u0435\u0442\u0441\u043a\u043e\u0435 \u043a\u0440\u0435\u0441\u043b\u043e, \u0421\u043d\u0430\u0440\u044f\u0436\u0435\u043d\u0438\u044f \u0431\u0435\u0437\u043e\u043f\u0430\u0441\u043d\u043e\u0441\u0442\u0438, Beebipood\",\"isPartOf\":{\"@id\":\"https:\/\/beebipood.ee\/ru\/#website\"},\"primaryImageOfPage\":{\"@id\":\"https:\/\/beebipood.ee\/ru\/produkt\/peg-perego-viaggio-2-3-shuttle-turvatool-licorice\/#primaryimage\"},\"image\":{\"@id\":\"https:\/\/beebipood.ee\/ru\/produkt\/peg-perego-viaggio-2-3-shuttle-turvatool-licorice\/#primaryimage\"},\"thumbnailUrl\":\"https:\/\/beebipood.ee\/wp-content\/uploads\/2013\/09\/PegPerego-Viaggio-23-Shuttle-turvaiste-Crystal-Black-Turvatoolid-hallid-Turvaistmed-Turvavarustus_6-83c.jpg\",\"datePublished\":\"2013-09-02T10:44:00+00:00\",\"dateModified\":\"2025-03-05T05:10:42+00:00\",\"description\":\"Peg-Perego Viaggio 2-3 Shuttle turvaiste, Crystal Black, Lihtsasti ja mugavasti kasutatav auto turvaiste, mis on m&otilde;eldud lastele vanuses 3-12 el\",\"breadcrumb\":{\"@id\":\"https:\/\/beebipood.ee\/ru\/produkt\/peg-perego-viaggio-2-3-shuttle-turvatool-licorice\/#breadcrumb\"},\"inLanguage\":\"ru-RU\",\"potentialAction\":[{\"@type\":\"ReadAction\",\"target\":[\"https:\/\/beebipood.ee\/ru\/produkt\/peg-perego-viaggio-2-3-shuttle-turvatool-licorice\/\"]}]},{\"@type\":\"ImageObject\",\"inLanguage\":\"ru-RU\",\"@id\":\"https:\/\/beebipood.ee\/ru\/produkt\/peg-perego-viaggio-2-3-shuttle-turvatool-licorice\/#primaryimage\",\"url\":\"https:\/\/beebipood.ee\/wp-content\/uploads\/2013\/09\/PegPerego-Viaggio-23-Shuttle-turvaiste-Crystal-Black-Turvatoolid-hallid-Turvaistmed-Turvavarustus_6-83c.jpg\",\"contentUrl\":\"https:\/\/beebipood.ee\/wp-content\/uploads\/2013\/09\/PegPerego-Viaggio-23-Shuttle-turvaiste-Crystal-Black-Turvatoolid-hallid-Turvaistmed-Turvavarustus_6-83c.jpg\",\"width\":1084,\"height\":899},{\"@type\":\"BreadcrumbList\",\"@id\":\"https:\/\/beebipood.ee\/ru\/produkt\/peg-perego-viaggio-2-3-shuttle-turvatool-licorice\/#breadcrumb\",\"itemListElement\":[{\"@type\":\"ListItem\",\"position\":1,\"name\":\"Home\",\"item\":\"https:\/\/beebipood.ee\/ru\/\"},{\"@type\":\"ListItem\",\"position\":2,\"name\":\"\u041a\u0430\u0442\u0430\u043b\u043e\u0433 \u0442\u043e\u0432\u0430\u0440\u043e\u0432\",\"item\":\"https:\/\/beebipood.ee\/tooted\/\"},{\"@type\":\"ListItem\",\"position\":3,\"name\":\"Peg-Perego Viaggio 2-3 Shuttle turvaiste, Crystal Black\"}]},{\"@type\":\"WebSite\",\"@id\":\"https:\/\/beebipood.ee\/ru\/#website\",\"url\":\"https:\/\/beebipood.ee\/ru\/\",\"name\":\"Beebipood\",\"description\":\"Lastekaubad, beebikaubad, m\u00e4nguasjad\",\"publisher\":{\"@id\":\"https:\/\/beebipood.ee\/ru\/#organization\"},\"potentialAction\":[{\"@type\":\"SearchAction\",\"target\":{\"@type\":\"EntryPoint\",\"urlTemplate\":\"https:\/\/beebipood.ee\/ru\/?s={search_term_string}\"},\"query-input\":{\"@type\":\"PropertyValueSpecification\",\"valueRequired\":true,\"valueName\":\"search_term_string\"}}],\"inLanguage\":\"ru-RU\"},{\"@type\":\"Organization\",\"@id\":\"https:\/\/beebipood.ee\/ru\/#organization\",\"name\":\"Beebipood\",\"url\":\"https:\/\/beebipood.ee\/ru\/\",\"logo\":{\"@type\":\"ImageObject\",\"inLanguage\":\"ru-RU\",\"@id\":\"https:\/\/beebipood.ee\/ru\/#\/schema\/logo\/image\/\",\"url\":\"https:\/\/beebipood.ee\/wp-content\/uploads\/2025\/03\/beebipood.ee-logo-1.svg\",\"contentUrl\":\"https:\/\/beebipood.ee\/wp-content\/uploads\/2025\/03\/beebipood.ee-logo-1.svg\",\"caption\":\"Beebipood\"},\"image\":{\"@id\":\"https:\/\/beebipood.ee\/ru\/#\/schema\/logo\/image\/\"}}]}<\/script>\n<!-- \/ Yoast SEO plugin. -->","yoast_head_json":{"title":"Peg-Perego Viaggio 2-3 Shuttle turvaiste, Crystal Black, \u0410\u0432\u0442\u043e\u043a\u0440\u0435\u0441\u043b\u0430, \u043b\u044e\u043b\u044c\u043a\u0438, \u0414\u0435\u0442\u0441\u043a\u043e\u0435 \u043a\u0440\u0435\u0441\u043b\u043e, \u0421\u043d\u0430\u0440\u044f\u0436\u0435\u043d\u0438\u044f \u0431\u0435\u0437\u043e\u043f\u0430\u0441\u043d\u043e\u0441\u0442\u0438, Beebipood","description":"Peg-Perego Viaggio 2-3 Shuttle turvaiste, Crystal Black, Lihtsasti ja mugavasti kasutatav auto turvaiste, mis on m&otilde;eldud lastele vanuses 3-12 el","robots":{"index":"index","follow":"follow","max-snippet":"max-snippet:-1","max-image-preview":"max-image-preview:large","max-video-preview":"max-video-preview:-1"},"canonical":"https:\/\/beebipood.ee\/ru\/produkt\/peg-perego-viaggio-2-3-shuttle-turvatool-licorice\/","og_locale":"ru_RU","og_type":"article","og_title":"Peg-Perego Viaggio 2-3 Shuttle turvaiste, Crystal Black, \u0410\u0432\u0442\u043e\u043a\u0440\u0435\u0441\u043b\u0430, \u043b\u044e\u043b\u044c\u043a\u0438, \u0414\u0435\u0442\u0441\u043a\u043e\u0435 \u043a\u0440\u0435\u0441\u043b\u043e, \u0421\u043d\u0430\u0440\u044f\u0436\u0435\u043d\u0438\u044f \u0431\u0435\u0437\u043e\u043f\u0430\u0441\u043d\u043e\u0441\u0442\u0438, Beebipood","og_description":"Peg-Perego Viaggio 2-3 Shuttle turvaiste, Crystal Black, Lihtsasti ja mugavasti kasutatav auto turvaiste, mis on m&otilde;eldud lastele vanuses 3-12 el","og_url":"https:\/\/beebipood.ee\/ru\/produkt\/peg-perego-viaggio-2-3-shuttle-turvatool-licorice\/","og_site_name":"Beebipood","article_modified_time":"2025-03-05T05:10:42+00:00","og_image":[{"width":1084,"height":899,"url":"https:\/\/beebipood.ee\/wp-content\/uploads\/2013\/09\/PegPerego-Viaggio-23-Shuttle-turvaiste-Crystal-Black-Turvatoolid-hallid-Turvaistmed-Turvavarustus_6-83c.jpg","type":"image\/jpeg"}],"twitter_card":"summary_large_image","schema":{"@context":"https:\/\/schema.org","@graph":[{"@type":"WebPage","@id":"https:\/\/beebipood.ee\/ru\/produkt\/peg-perego-viaggio-2-3-shuttle-turvatool-licorice\/","url":"https:\/\/beebipood.ee\/ru\/produkt\/peg-perego-viaggio-2-3-shuttle-turvatool-licorice\/","name":"Peg-Perego Viaggio 2-3 Shuttle turvaiste, Crystal Black, \u0410\u0432\u0442\u043e\u043a\u0440\u0435\u0441\u043b\u0430, \u043b\u044e\u043b\u044c\u043a\u0438, \u0414\u0435\u0442\u0441\u043a\u043e\u0435 \u043a\u0440\u0435\u0441\u043b\u043e, \u0421\u043d\u0430\u0440\u044f\u0436\u0435\u043d\u0438\u044f \u0431\u0435\u0437\u043e\u043f\u0430\u0441\u043d\u043e\u0441\u0442\u0438, Beebipood","isPartOf":{"@id":"https:\/\/beebipood.ee\/ru\/#website"},"primaryImageOfPage":{"@id":"https:\/\/beebipood.ee\/ru\/produkt\/peg-perego-viaggio-2-3-shuttle-turvatool-licorice\/#primaryimage"},"image":{"@id":"https:\/\/beebipood.ee\/ru\/produkt\/peg-perego-viaggio-2-3-shuttle-turvatool-licorice\/#primaryimage"},"thumbnailUrl":"https:\/\/beebipood.ee\/wp-content\/uploads\/2013\/09\/PegPerego-Viaggio-23-Shuttle-turvaiste-Crystal-Black-Turvatoolid-hallid-Turvaistmed-Turvavarustus_6-83c.jpg","datePublished":"2013-09-02T10:44:00+00:00","dateModified":"2025-03-05T05:10:42+00:00","description":"Peg-Perego Viaggio 2-3 Shuttle turvaiste, Crystal Black, Lihtsasti ja mugavasti kasutatav auto turvaiste, mis on m&otilde;eldud lastele vanuses 3-12 el","breadcrumb":{"@id":"https:\/\/beebipood.ee\/ru\/produkt\/peg-perego-viaggio-2-3-shuttle-turvatool-licorice\/#breadcrumb"},"inLanguage":"ru-RU","potentialAction":[{"@type":"ReadAction","target":["https:\/\/beebipood.ee\/ru\/produkt\/peg-perego-viaggio-2-3-shuttle-turvatool-licorice\/"]}]},{"@type":"ImageObject","inLanguage":"ru-RU","@id":"https:\/\/beebipood.ee\/ru\/produkt\/peg-perego-viaggio-2-3-shuttle-turvatool-licorice\/#primaryimage","url":"https:\/\/beebipood.ee\/wp-content\/uploads\/2013\/09\/PegPerego-Viaggio-23-Shuttle-turvaiste-Crystal-Black-Turvatoolid-hallid-Turvaistmed-Turvavarustus_6-83c.jpg","contentUrl":"https:\/\/beebipood.ee\/wp-content\/uploads\/2013\/09\/PegPerego-Viaggio-23-Shuttle-turvaiste-Crystal-Black-Turvatoolid-hallid-Turvaistmed-Turvavarustus_6-83c.jpg","width":1084,"height":899},{"@type":"BreadcrumbList","@id":"https:\/\/beebipood.ee\/ru\/produkt\/peg-perego-viaggio-2-3-shuttle-turvatool-licorice\/#breadcrumb","itemListElement":[{"@type":"ListItem","position":1,"name":"Home","item":"https:\/\/beebipood.ee\/ru\/"},{"@type":"ListItem","position":2,"name":"\u041a\u0430\u0442\u0430\u043b\u043e\u0433 \u0442\u043e\u0432\u0430\u0440\u043e\u0432","item":"https:\/\/beebipood.ee\/tooted\/"},{"@type":"ListItem","position":3,"name":"Peg-Perego Viaggio 2-3 Shuttle turvaiste, Crystal Black"}]},{"@type":"WebSite","@id":"https:\/\/beebipood.ee\/ru\/#website","url":"https:\/\/beebipood.ee\/ru\/","name":"Beebipood","description":"Lastekaubad, beebikaubad, m\u00e4nguasjad","publisher":{"@id":"https:\/\/beebipood.ee\/ru\/#organization"},"potentialAction":[{"@type":"SearchAction","target":{"@type":"EntryPoint","urlTemplate":"https:\/\/beebipood.ee\/ru\/?s={search_term_string}"},"query-input":{"@type":"PropertyValueSpecification","valueRequired":true,"valueName":"search_term_string"}}],"inLanguage":"ru-RU"},{"@type":"Organization","@id":"https:\/\/beebipood.ee\/ru\/#organization","name":"Beebipood","url":"https:\/\/beebipood.ee\/ru\/","logo":{"@type":"ImageObject","inLanguage":"ru-RU","@id":"https:\/\/beebipood.ee\/ru\/#\/schema\/logo\/image\/","url":"https:\/\/beebipood.ee\/wp-content\/uploads\/2025\/03\/beebipood.ee-logo-1.svg","contentUrl":"https:\/\/beebipood.ee\/wp-content\/uploads\/2025\/03\/beebipood.ee-logo-1.svg","caption":"Beebipood"},"image":{"@id":"https:\/\/beebipood.ee\/ru\/#\/schema\/logo\/image\/"}}]}},"brands":[],"_links":{"self":[{"href":"https:\/\/beebipood.ee\/ru\/wp-json\/wp\/v2\/product\/454414","targetHints":{"allow":["GET"]}}],"collection":[{"href":"https:\/\/beebipood.ee\/ru\/wp-json\/wp\/v2\/product"}],"about":[{"href":"https:\/\/beebipood.ee\/ru\/wp-json\/wp\/v2\/types\/product"}],"wp:featuredmedia":[{"embeddable":true,"href":"https:\/\/beebipood.ee\/ru\/wp-json\/wp\/v2\/media\/145909"}],"wp:attachment":[{"href":"https:\/\/beebipood.ee\/ru\/wp-json\/wp\/v2\/media?parent=454414"}],"wp:term":[{"taxonomy":"pwb-brand","embeddable":true,"href":"https:\/\/beebipood.ee\/ru\/wp-json\/wp\/v2\/pwb-brand?post=454414"},{"taxonomy":"product_brand","embeddable":true,"href":"https:\/\/beebipood.ee\/ru\/wp-json\/wp\/v2\/product_brand?post=454414"},{"taxonomy":"product_cat","embeddable":true,"href":"https:\/\/beebipood.ee\/ru\/wp-json\/wp\/v2\/product_cat?post=454414"},{"taxonomy":"product_tag","embeddable":true,"href":"https:\/\/beebipood.ee\/ru\/wp-json\/wp\/v2\/product_tag?post=454414"}],"curies":[{"name":"wp","href":"https:\/\/api.w.org\/{rel}","templated":true}]}}