{"id":454418,"date":"2013-09-02T13:44:53","date_gmt":"2013-09-02T10:44:53","guid":{"rendered":"https:\/\/beebipood.ee\/toode\/tutti-bambini-hexa-manguaedik-ecru\/"},"modified":"2025-03-31T01:00:33","modified_gmt":"2025-03-30T22:00:33","slug":"tutti-bambini-hexa-manguaedik-ecru","status":"publish","type":"product","link":"https:\/\/beebipood.ee\/ru\/produkt\/tutti-bambini-hexa-manguaedik-ecru\/","title":{"rendered":"Tutti Bambini Hexa m\u00e4nguaedik, Ecru"},"content":{"rendered":"<p><span>M\u00e4nguaedik Hexa on loodud selleks, et pakkuda sinu lapsele rohkem m\u00e4nguruumi mugavas<\/span><br \/><span>ja turvalises keskkonnas. Kaasaegses stiilis kujundatud<\/span><br \/><span>ja h\u00f5behalli v\u00e4rviga m\u00e4nguaed sobib igasse lapsetuppa.<\/span><br \/><span>M\u00f5\u00f5dud: 135 x 135 x 75cm (laius, pikkus, k\u00f5rgus)<\/span><br \/><span style=\"text-decoration: underline;\">Omadused<\/span><br \/><span>Pehmest v\u00f5rkkangast seinad tagavad optimaalse \u00f5huringluse<\/span><br \/><span>ning laseb lapsevanemal paremini last j\u00e4lgida<\/span><br \/><span>Lihtsasti ligip\u00e4\u00e4setav t\u00e4nu lukuga avatavale uksele<\/span><br \/><span>Hexa m\u00e4nguaedik sobib ideaalselt ka pallimerena kasutamiseks (pallid ei kuulu komplekti)<\/span><br \/><span>Lihtsasti 60 sekundiga kokkupandav<\/span><br \/><span>V\u00f5imalik kasutada nii toas kui ka \u00f5ues<\/span><br \/><span>Komplektis kaasas transpordikott<\/span><br \/><span>Valmistatud alumiiniumist ja pol\u00fcester kangast<\/span><br \/><span>Puhastada niiske svammiga<\/span><br \/><span>N\u00e4itajad<\/span><br \/><span>M\u00f5\u00f5dud 135 x 135 x 75cm (laius, pikkus, k\u00f5rgus)<\/span><br \/><span>M\u00f5\u00f5dud kokkupandult 29 x 29 x 75cm<\/span><br \/><span>Kaal 7kg<\/span><\/p>\n","protected":false},"excerpt":{"rendered":"<p>M\u00e4nguaedik Hexa on loodud selleks, et pakkuda sinu lapsele rohkem m\u00e4nguruumi mugavasja turvalises keskkonnas. Kaasaegses stiilis kujundatudja h\u00f5behalli v\u00e4rviga m\u00e4nguaed sobib igasse lapsetuppa.M\u00f5\u00f5dud: 135 x 135 x 75cm (laius, pikkus, k\u00f5rgus)OmadusedPehmest v\u00f5rkkangast seinad tagavad optimaalse \u00f5huringlusening laseb lapsevanemal paremini last j\u00e4lgidaLihtsasti ligip\u00e4\u00e4setav t\u00e4nu lukuga avatavale ukseleHexa m\u00e4nguaedik sobib ideaalselt ka pallimerena kasutamiseks (pallid ei kuulu [&hellip;]<\/p>\n","protected":false},"featured_media":146370,"template":"","meta":{"_acf_changed":false},"pwb-brand":[],"product_brand":[],"product_cat":[11703,11791,11667],"product_tag":[],"class_list":{"0":"post-454418","1":"product","2":"type-product","3":"status-publish","4":"has-post-thumbnail","6":"product_cat-turvalisus-maneezid-turvavaravad-piirded-ru","7":"product_cat-turvavarustus-ru","8":"product_cat-maneezid-ru","10":"first","11":"onbackorder","12":"taxable","13":"shipping-taxable","14":"purchasable","15":"product-type-simple"},"exclude_global_add_ons":[],"addons":[],"acf":[],"yoast_head":"<!-- This site is optimized with the Yoast SEO plugin v27.1.1 - https:\/\/yoast.com\/product\/yoast-seo-wordpress\/ -->\n<title>Tutti Bambini Hexa m\u00e4nguaedik, Ecru, \u0421\u041a\u0418\u0414\u041a\u0418, M\u0430\u043d\u0435\u0436\u0438, \u0411\u0435\u0437\u043e\u043f\u0430\u0441\u043d\u043e\u0441\u0442\u044c, \u0432\u043e\u0440\u043e\u0442\u0430 \u0431\u0435\u0437\u043e\u043f\u0430\u0441\u043d\u043e\u0441\u0442\u0438,\u043c\u0430\u043d\u0435\u0436\u0438, \u0421\u043d\u0430\u0440\u044f\u0436\u0435\u043d\u0438\u044f \u0431\u0435\u0437\u043e\u043f\u0430\u0441\u043d\u043e\u0441\u0442\u0438, Beebipood<\/title>\n<meta name=\"description\" content=\"Tutti Bambini Hexa m\u00e4nguaedik, Ecru, M&auml;nguaedik Hexa on loodud selleks, et pakkuda sinu lapsele rohkem m&auml;nguruumi mugavas\" \/>\n<meta name=\"robots\" content=\"index, follow, max-snippet:-1, max-image-preview:large, max-video-preview:-1\" \/>\n<link rel=\"canonical\" href=\"https:\/\/beebipood.ee\/ru\/produkt\/tutti-bambini-hexa-manguaedik-ecru\/\" \/>\n<meta property=\"og:locale\" content=\"ru_RU\" \/>\n<meta property=\"og:type\" content=\"article\" \/>\n<meta property=\"og:title\" content=\"Tutti Bambini Hexa m\u00e4nguaedik, Ecru, \u0421\u041a\u0418\u0414\u041a\u0418, M\u0430\u043d\u0435\u0436\u0438, \u0411\u0435\u0437\u043e\u043f\u0430\u0441\u043d\u043e\u0441\u0442\u044c, \u0432\u043e\u0440\u043e\u0442\u0430 \u0431\u0435\u0437\u043e\u043f\u0430\u0441\u043d\u043e\u0441\u0442\u0438,\u043c\u0430\u043d\u0435\u0436\u0438, \u0421\u043d\u0430\u0440\u044f\u0436\u0435\u043d\u0438\u044f \u0431\u0435\u0437\u043e\u043f\u0430\u0441\u043d\u043e\u0441\u0442\u0438, Beebipood\" \/>\n<meta property=\"og:description\" content=\"Tutti Bambini Hexa m\u00e4nguaedik, Ecru, M&auml;nguaedik Hexa on loodud selleks, et pakkuda sinu lapsele rohkem m&auml;nguruumi mugavas\" \/>\n<meta property=\"og:url\" content=\"https:\/\/beebipood.ee\/ru\/produkt\/tutti-bambini-hexa-manguaedik-ecru\/\" \/>\n<meta property=\"og:site_name\" content=\"Beebipood\" \/>\n<meta property=\"article:modified_time\" content=\"2025-03-30T22:00:33+00:00\" \/>\n<meta property=\"og:image\" content=\"https:\/\/beebipood.ee\/wp-content\/uploads\/2013\/09\/Tutti-Bambini-Hexa-manguaedik-Ecru-UUED-TOOTED-Maneeid-Turvalisus-maneeid-turvavaravad-piirded-Turvavarustus_2-d2a.jpg\" \/>\n\t<meta property=\"og:image:width\" content=\"1200\" \/>\n\t<meta property=\"og:image:height\" content=\"1200\" \/>\n\t<meta property=\"og:image:type\" content=\"image\/jpeg\" \/>\n<meta name=\"twitter:card\" content=\"summary_large_image\" \/>\n<meta name=\"twitter:label1\" content=\"\u041f\u0440\u0438\u043c\u0435\u0440\u043d\u043e\u0435 \u0432\u0440\u0435\u043c\u044f \u0434\u043b\u044f \u0447\u0442\u0435\u043d\u0438\u044f\" \/>\n\t<meta name=\"twitter:data1\" content=\"1 \u043c\u0438\u043d\u0443\u0442\u0430\" \/>\n<script type=\"application\/ld+json\" class=\"yoast-schema-graph\">{\"@context\":\"https:\/\/schema.org\",\"@graph\":[{\"@type\":\"WebPage\",\"@id\":\"https:\/\/beebipood.ee\/ru\/produkt\/tutti-bambini-hexa-manguaedik-ecru\/\",\"url\":\"https:\/\/beebipood.ee\/ru\/produkt\/tutti-bambini-hexa-manguaedik-ecru\/\",\"name\":\"Tutti Bambini Hexa m\u00e4nguaedik, Ecru, \u0421\u041a\u0418\u0414\u041a\u0418, M\u0430\u043d\u0435\u0436\u0438, \u0411\u0435\u0437\u043e\u043f\u0430\u0441\u043d\u043e\u0441\u0442\u044c, \u0432\u043e\u0440\u043e\u0442\u0430 \u0431\u0435\u0437\u043e\u043f\u0430\u0441\u043d\u043e\u0441\u0442\u0438,\u043c\u0430\u043d\u0435\u0436\u0438, \u0421\u043d\u0430\u0440\u044f\u0436\u0435\u043d\u0438\u044f \u0431\u0435\u0437\u043e\u043f\u0430\u0441\u043d\u043e\u0441\u0442\u0438, Beebipood\",\"isPartOf\":{\"@id\":\"https:\/\/beebipood.ee\/ru\/#website\"},\"primaryImageOfPage\":{\"@id\":\"https:\/\/beebipood.ee\/ru\/produkt\/tutti-bambini-hexa-manguaedik-ecru\/#primaryimage\"},\"image\":{\"@id\":\"https:\/\/beebipood.ee\/ru\/produkt\/tutti-bambini-hexa-manguaedik-ecru\/#primaryimage\"},\"thumbnailUrl\":\"https:\/\/beebipood.ee\/wp-content\/uploads\/2013\/09\/Tutti-Bambini-Hexa-manguaedik-Ecru-UUED-TOOTED-Maneeid-Turvalisus-maneeid-turvavaravad-piirded-Turvavarustus_2-d2a.jpg\",\"datePublished\":\"2013-09-02T10:44:53+00:00\",\"dateModified\":\"2025-03-30T22:00:33+00:00\",\"description\":\"Tutti Bambini Hexa m\u00e4nguaedik, Ecru, M&auml;nguaedik Hexa on loodud selleks, et pakkuda sinu lapsele rohkem m&auml;nguruumi mugavas\",\"breadcrumb\":{\"@id\":\"https:\/\/beebipood.ee\/ru\/produkt\/tutti-bambini-hexa-manguaedik-ecru\/#breadcrumb\"},\"inLanguage\":\"ru-RU\",\"potentialAction\":[{\"@type\":\"ReadAction\",\"target\":[\"https:\/\/beebipood.ee\/ru\/produkt\/tutti-bambini-hexa-manguaedik-ecru\/\"]}]},{\"@type\":\"ImageObject\",\"inLanguage\":\"ru-RU\",\"@id\":\"https:\/\/beebipood.ee\/ru\/produkt\/tutti-bambini-hexa-manguaedik-ecru\/#primaryimage\",\"url\":\"https:\/\/beebipood.ee\/wp-content\/uploads\/2013\/09\/Tutti-Bambini-Hexa-manguaedik-Ecru-UUED-TOOTED-Maneeid-Turvalisus-maneeid-turvavaravad-piirded-Turvavarustus_2-d2a.jpg\",\"contentUrl\":\"https:\/\/beebipood.ee\/wp-content\/uploads\/2013\/09\/Tutti-Bambini-Hexa-manguaedik-Ecru-UUED-TOOTED-Maneeid-Turvalisus-maneeid-turvavaravad-piirded-Turvavarustus_2-d2a.jpg\",\"width\":1200,\"height\":1200},{\"@type\":\"BreadcrumbList\",\"@id\":\"https:\/\/beebipood.ee\/ru\/produkt\/tutti-bambini-hexa-manguaedik-ecru\/#breadcrumb\",\"itemListElement\":[{\"@type\":\"ListItem\",\"position\":1,\"name\":\"Home\",\"item\":\"https:\/\/beebipood.ee\/ru\/\"},{\"@type\":\"ListItem\",\"position\":2,\"name\":\"\u041a\u0430\u0442\u0430\u043b\u043e\u0433 \u0442\u043e\u0432\u0430\u0440\u043e\u0432\",\"item\":\"https:\/\/beebipood.ee\/tooted\/\"},{\"@type\":\"ListItem\",\"position\":3,\"name\":\"Tutti Bambini Hexa m\u00e4nguaedik, Ecru\"}]},{\"@type\":\"WebSite\",\"@id\":\"https:\/\/beebipood.ee\/ru\/#website\",\"url\":\"https:\/\/beebipood.ee\/ru\/\",\"name\":\"Beebipood\",\"description\":\"Lastekaubad, beebikaubad, m\u00e4nguasjad\",\"publisher\":{\"@id\":\"https:\/\/beebipood.ee\/ru\/#organization\"},\"potentialAction\":[{\"@type\":\"SearchAction\",\"target\":{\"@type\":\"EntryPoint\",\"urlTemplate\":\"https:\/\/beebipood.ee\/ru\/?s={search_term_string}\"},\"query-input\":{\"@type\":\"PropertyValueSpecification\",\"valueRequired\":true,\"valueName\":\"search_term_string\"}}],\"inLanguage\":\"ru-RU\"},{\"@type\":\"Organization\",\"@id\":\"https:\/\/beebipood.ee\/ru\/#organization\",\"name\":\"Beebipood\",\"url\":\"https:\/\/beebipood.ee\/ru\/\",\"logo\":{\"@type\":\"ImageObject\",\"inLanguage\":\"ru-RU\",\"@id\":\"https:\/\/beebipood.ee\/ru\/#\/schema\/logo\/image\/\",\"url\":\"https:\/\/beebipood.ee\/wp-content\/uploads\/2025\/03\/beebipood.ee-logo-1.svg\",\"contentUrl\":\"https:\/\/beebipood.ee\/wp-content\/uploads\/2025\/03\/beebipood.ee-logo-1.svg\",\"caption\":\"Beebipood\"},\"image\":{\"@id\":\"https:\/\/beebipood.ee\/ru\/#\/schema\/logo\/image\/\"}}]}<\/script>\n<!-- \/ Yoast SEO plugin. -->","yoast_head_json":{"title":"Tutti Bambini Hexa m\u00e4nguaedik, Ecru, \u0421\u041a\u0418\u0414\u041a\u0418, M\u0430\u043d\u0435\u0436\u0438, \u0411\u0435\u0437\u043e\u043f\u0430\u0441\u043d\u043e\u0441\u0442\u044c, \u0432\u043e\u0440\u043e\u0442\u0430 \u0431\u0435\u0437\u043e\u043f\u0430\u0441\u043d\u043e\u0441\u0442\u0438,\u043c\u0430\u043d\u0435\u0436\u0438, \u0421\u043d\u0430\u0440\u044f\u0436\u0435\u043d\u0438\u044f \u0431\u0435\u0437\u043e\u043f\u0430\u0441\u043d\u043e\u0441\u0442\u0438, Beebipood","description":"Tutti Bambini Hexa m\u00e4nguaedik, Ecru, M&auml;nguaedik Hexa on loodud selleks, et pakkuda sinu lapsele rohkem m&auml;nguruumi mugavas","robots":{"index":"index","follow":"follow","max-snippet":"max-snippet:-1","max-image-preview":"max-image-preview:large","max-video-preview":"max-video-preview:-1"},"canonical":"https:\/\/beebipood.ee\/ru\/produkt\/tutti-bambini-hexa-manguaedik-ecru\/","og_locale":"ru_RU","og_type":"article","og_title":"Tutti Bambini Hexa m\u00e4nguaedik, Ecru, \u0421\u041a\u0418\u0414\u041a\u0418, M\u0430\u043d\u0435\u0436\u0438, \u0411\u0435\u0437\u043e\u043f\u0430\u0441\u043d\u043e\u0441\u0442\u044c, \u0432\u043e\u0440\u043e\u0442\u0430 \u0431\u0435\u0437\u043e\u043f\u0430\u0441\u043d\u043e\u0441\u0442\u0438,\u043c\u0430\u043d\u0435\u0436\u0438, \u0421\u043d\u0430\u0440\u044f\u0436\u0435\u043d\u0438\u044f \u0431\u0435\u0437\u043e\u043f\u0430\u0441\u043d\u043e\u0441\u0442\u0438, Beebipood","og_description":"Tutti Bambini Hexa m\u00e4nguaedik, Ecru, M&auml;nguaedik Hexa on loodud selleks, et pakkuda sinu lapsele rohkem m&auml;nguruumi mugavas","og_url":"https:\/\/beebipood.ee\/ru\/produkt\/tutti-bambini-hexa-manguaedik-ecru\/","og_site_name":"Beebipood","article_modified_time":"2025-03-30T22:00:33+00:00","og_image":[{"width":1200,"height":1200,"url":"https:\/\/beebipood.ee\/wp-content\/uploads\/2013\/09\/Tutti-Bambini-Hexa-manguaedik-Ecru-UUED-TOOTED-Maneeid-Turvalisus-maneeid-turvavaravad-piirded-Turvavarustus_2-d2a.jpg","type":"image\/jpeg"}],"twitter_card":"summary_large_image","twitter_misc":{"\u041f\u0440\u0438\u043c\u0435\u0440\u043d\u043e\u0435 \u0432\u0440\u0435\u043c\u044f \u0434\u043b\u044f \u0447\u0442\u0435\u043d\u0438\u044f":"1 \u043c\u0438\u043d\u0443\u0442\u0430"},"schema":{"@context":"https:\/\/schema.org","@graph":[{"@type":"WebPage","@id":"https:\/\/beebipood.ee\/ru\/produkt\/tutti-bambini-hexa-manguaedik-ecru\/","url":"https:\/\/beebipood.ee\/ru\/produkt\/tutti-bambini-hexa-manguaedik-ecru\/","name":"Tutti Bambini Hexa m\u00e4nguaedik, Ecru, \u0421\u041a\u0418\u0414\u041a\u0418, M\u0430\u043d\u0435\u0436\u0438, \u0411\u0435\u0437\u043e\u043f\u0430\u0441\u043d\u043e\u0441\u0442\u044c, \u0432\u043e\u0440\u043e\u0442\u0430 \u0431\u0435\u0437\u043e\u043f\u0430\u0441\u043d\u043e\u0441\u0442\u0438,\u043c\u0430\u043d\u0435\u0436\u0438, \u0421\u043d\u0430\u0440\u044f\u0436\u0435\u043d\u0438\u044f \u0431\u0435\u0437\u043e\u043f\u0430\u0441\u043d\u043e\u0441\u0442\u0438, Beebipood","isPartOf":{"@id":"https:\/\/beebipood.ee\/ru\/#website"},"primaryImageOfPage":{"@id":"https:\/\/beebipood.ee\/ru\/produkt\/tutti-bambini-hexa-manguaedik-ecru\/#primaryimage"},"image":{"@id":"https:\/\/beebipood.ee\/ru\/produkt\/tutti-bambini-hexa-manguaedik-ecru\/#primaryimage"},"thumbnailUrl":"https:\/\/beebipood.ee\/wp-content\/uploads\/2013\/09\/Tutti-Bambini-Hexa-manguaedik-Ecru-UUED-TOOTED-Maneeid-Turvalisus-maneeid-turvavaravad-piirded-Turvavarustus_2-d2a.jpg","datePublished":"2013-09-02T10:44:53+00:00","dateModified":"2025-03-30T22:00:33+00:00","description":"Tutti Bambini Hexa m\u00e4nguaedik, Ecru, M&auml;nguaedik Hexa on loodud selleks, et pakkuda sinu lapsele rohkem m&auml;nguruumi mugavas","breadcrumb":{"@id":"https:\/\/beebipood.ee\/ru\/produkt\/tutti-bambini-hexa-manguaedik-ecru\/#breadcrumb"},"inLanguage":"ru-RU","potentialAction":[{"@type":"ReadAction","target":["https:\/\/beebipood.ee\/ru\/produkt\/tutti-bambini-hexa-manguaedik-ecru\/"]}]},{"@type":"ImageObject","inLanguage":"ru-RU","@id":"https:\/\/beebipood.ee\/ru\/produkt\/tutti-bambini-hexa-manguaedik-ecru\/#primaryimage","url":"https:\/\/beebipood.ee\/wp-content\/uploads\/2013\/09\/Tutti-Bambini-Hexa-manguaedik-Ecru-UUED-TOOTED-Maneeid-Turvalisus-maneeid-turvavaravad-piirded-Turvavarustus_2-d2a.jpg","contentUrl":"https:\/\/beebipood.ee\/wp-content\/uploads\/2013\/09\/Tutti-Bambini-Hexa-manguaedik-Ecru-UUED-TOOTED-Maneeid-Turvalisus-maneeid-turvavaravad-piirded-Turvavarustus_2-d2a.jpg","width":1200,"height":1200},{"@type":"BreadcrumbList","@id":"https:\/\/beebipood.ee\/ru\/produkt\/tutti-bambini-hexa-manguaedik-ecru\/#breadcrumb","itemListElement":[{"@type":"ListItem","position":1,"name":"Home","item":"https:\/\/beebipood.ee\/ru\/"},{"@type":"ListItem","position":2,"name":"\u041a\u0430\u0442\u0430\u043b\u043e\u0433 \u0442\u043e\u0432\u0430\u0440\u043e\u0432","item":"https:\/\/beebipood.ee\/tooted\/"},{"@type":"ListItem","position":3,"name":"Tutti Bambini Hexa m\u00e4nguaedik, Ecru"}]},{"@type":"WebSite","@id":"https:\/\/beebipood.ee\/ru\/#website","url":"https:\/\/beebipood.ee\/ru\/","name":"Beebipood","description":"Lastekaubad, beebikaubad, m\u00e4nguasjad","publisher":{"@id":"https:\/\/beebipood.ee\/ru\/#organization"},"potentialAction":[{"@type":"SearchAction","target":{"@type":"EntryPoint","urlTemplate":"https:\/\/beebipood.ee\/ru\/?s={search_term_string}"},"query-input":{"@type":"PropertyValueSpecification","valueRequired":true,"valueName":"search_term_string"}}],"inLanguage":"ru-RU"},{"@type":"Organization","@id":"https:\/\/beebipood.ee\/ru\/#organization","name":"Beebipood","url":"https:\/\/beebipood.ee\/ru\/","logo":{"@type":"ImageObject","inLanguage":"ru-RU","@id":"https:\/\/beebipood.ee\/ru\/#\/schema\/logo\/image\/","url":"https:\/\/beebipood.ee\/wp-content\/uploads\/2025\/03\/beebipood.ee-logo-1.svg","contentUrl":"https:\/\/beebipood.ee\/wp-content\/uploads\/2025\/03\/beebipood.ee-logo-1.svg","caption":"Beebipood"},"image":{"@id":"https:\/\/beebipood.ee\/ru\/#\/schema\/logo\/image\/"}}]}},"brands":[],"_links":{"self":[{"href":"https:\/\/beebipood.ee\/ru\/wp-json\/wp\/v2\/product\/454418","targetHints":{"allow":["GET"]}}],"collection":[{"href":"https:\/\/beebipood.ee\/ru\/wp-json\/wp\/v2\/product"}],"about":[{"href":"https:\/\/beebipood.ee\/ru\/wp-json\/wp\/v2\/types\/product"}],"wp:featuredmedia":[{"embeddable":true,"href":"https:\/\/beebipood.ee\/ru\/wp-json\/wp\/v2\/media\/146370"}],"wp:attachment":[{"href":"https:\/\/beebipood.ee\/ru\/wp-json\/wp\/v2\/media?parent=454418"}],"wp:term":[{"taxonomy":"pwb-brand","embeddable":true,"href":"https:\/\/beebipood.ee\/ru\/wp-json\/wp\/v2\/pwb-brand?post=454418"},{"taxonomy":"product_brand","embeddable":true,"href":"https:\/\/beebipood.ee\/ru\/wp-json\/wp\/v2\/product_brand?post=454418"},{"taxonomy":"product_cat","embeddable":true,"href":"https:\/\/beebipood.ee\/ru\/wp-json\/wp\/v2\/product_cat?post=454418"},{"taxonomy":"product_tag","embeddable":true,"href":"https:\/\/beebipood.ee\/ru\/wp-json\/wp\/v2\/product_tag?post=454418"}],"curies":[{"name":"wp","href":"https:\/\/api.w.org\/{rel}","templated":true}]}}