{"id":454430,"date":"2013-09-02T13:45:32","date_gmt":"2013-09-02T10:45:32","guid":{"rendered":"https:\/\/beebipood.ee\/toode\/babybjorn-move-kandekott-dusty-pink-mesh\/"},"modified":"2025-01-09T10:52:26","modified_gmt":"2025-01-09T08:52:26","slug":"babybjorn-move-kandekott-dusty-pink-mesh","status":"publish","type":"product","link":"https:\/\/beebipood.ee\/ru\/produkt\/babybjorn-move-kandekott-dusty-pink-mesh\/","title":{"rendered":"BabyBj\u00f6rn Move kandekott, Dusty Pink Mesh"},"content":{"rendered":"<p>BabyBj\u00f6rn Move on klassikalise kandekoti Miracle uuendatud versioon.<br \/>T\u00e4nu laiemale istmealale pakub Move kandekott paremat tuge lapse seljale,<br \/>jalgadele ja puusadele. Sellel on ergonoomiline seljatoestus ja v\u00f6\u00f6rihm,<br \/>mis tagab maksimaalse mugavuse nii sulle kui sinu lapsele.<br \/>See on valmistatud unikaalsest 3D-v\u00f5rkkangast, mis on \u00f5huline<br \/>ja kiiresti kuivav ning lapse naha vastu ka uskumatult pehme.<br \/>BabyBj\u00f6rn Move kandekott sobib kasutamiseks alates s\u00fcnnist kuni 15. elukuuni.<\/p>\n<p><span style=\"text-decoration: underline;\">Suurep\u00e4rane mugavus teile ja teie lapsele<\/span><br \/>Sisseehitatud seljatugi, v\u00f6\u00f6rihm ja polsterdatud \u00f5larihmad aitavad kaalu \u00fchtlaselt jaotada,<br \/>muutes pikemad lapse kandmise seansid sinu jaoks mugavamaks.<br \/>Istmeala laiust saate reguleerida, nii et laps istub alati mugavalt, selga, jalgu ja puusasid toetades.<br \/><span style=\"text-decoration: underline;\">Lihtne peale panna ja \u00e4ra v\u00f5tta<\/span><br \/>Move kandekott koosneb ainult kahest osast, nii et seda on kiire ja lihtne selga panna ja \u00e4ra v\u00f5tta.<br \/>Kandekotti on v\u00f5imalik ilma abita kohandada ja sobivad asendid on v\u00f5imalik s\u00e4ilitada ka j\u00e4rgmiseks korraks.<br \/><span style=\"text-decoration: underline;\">Pehme ja \u00f5huline disain<\/span><br \/>Kandekoti \u00f5huline 3D-v\u00f5rkkangas hoiab sind ja sinu last jahedana<br \/>ning annab sellele t\u00e4nap\u00e4evase ja sportliku ilme.<br \/>\u00d5hku l\u00e4bilaskev kangas kuivab p\u00e4rast pesemist kiiresti ning on beebi jaoks pehme ja m\u00f5nus.<br \/><span style=\"text-decoration: underline;\">V\u00f5imalik kanda n\u00e4oga sissepoole v\u00f5i v\u00e4ljapoole<\/span><br \/>M\u00f5ned beebid eelistavad kandekotis hoida lapsevanemaga silmsidet,<br \/>teised on aga v\u00e4ga uudishimulikud \u00fcmbritseva maailma vastu.<br \/>Kui beebi suudab juba iseseisvalt ilma abita oma pead hoida,<br \/>v\u00f5id sa valida kas kanda last n\u00e4oga sisse- v\u00f5i v\u00e4ljapoole (v\u00e4ljapoole alates v\u00e4hemalt 5. kuust).<br \/><span style=\"text-decoration: underline;\">Magavat last on lihtne v\u00e4lja t\u00f5sta<\/span><br \/>Kui laps j\u00e4\u00e4b kandekotis magama, saab kogu esiosa h\u00f5lpsalsti lahti teha.<br \/>V\u00f5id j\u00e4tta \u00f5larihmad selga nagu vesti ja kui laps \u00e4rkrab, siis lihtsalt kinnitada esiosa uuesti k\u00fclge.<br \/><span style=\"text-decoration: underline;\">Sobib vasts\u00fcndinult ja kohaneb sinu kasvava beebiga<\/span><br \/>BabyBj\u00f6rn Move kandekott sobib alates vasts\u00fcndinult (v\u00e4hemalt 3,2 kg)<br \/>ning selleks ei ole tarvis eraldi beebisisu.<br \/>Beebi kasvades saab reguleerida peatoe ja jalgade avade suurust ning kandekoti pikkust.<br \/>BabyBj\u00f6rn Move kandekotis saad sa last kanda kuni u. 15 kuuni (maksimaalselt 12 kg)<br \/>v\u00f5i kuni nad hakkavad juba k\u00f5ndima.<br \/><span style=\"text-decoration: underline;\">Puusas\u00f5bralik kandekott<\/span><br \/>Rahvusvaheline puusa-d\u00fcsplaasia instituut on testinud Move kandekotti<br \/>ja klassifitseerinud selle puusas\u00f5bralikuks kandekotiks (kui kasutada vastavalt juhistele).<br \/>See t\u00e4hendab, et kandekott pakub sinu lapse puusadele \u00f5iget tuge<br \/>ja soodustab puusaliigese head arengut, mis on eriti oluline lapse esimestel elukuudel.<br \/><span style=\"text-decoration: underline;\">Tugev, reguleeritav pea- ja kaelatugi<\/span><br \/>Hea peatugi on \u00fclioluline seniks kuni laps ei suuda veel oma pead iseseisvalt hoida.<br \/>BabyBj\u00f6rn Move&#8217;il on vastupidav, reguleeritav pea- ja kaelatugi.<br \/><span style=\"text-decoration: underline;\">Hoia oma k\u00e4ed vabad<\/span><br \/>Move kandekoti abil saate v\u00f5tta oma lapse kaasa k\u00f5ikjale kuhu l\u00e4hete,<br \/>samaaegselt v\u00f5imaldades hoida oma k\u00e4ed vabad muude tegevuste jaoks.<br \/><span style=\"text-decoration: underline;\">3D v\u00f5rkkangas &#8212; ainulaadne kandekoti materjal<\/span><br \/>BabyBj\u00f6rn Move kandekott on valmistatud k\u00f5rgtehnoloogilisest 3D v\u00f5rkkangast,<br \/>mis koosneb kolmest kihist &#8212; sisemisest, v\u00e4limisest ja keskmisest.<br \/>Liigselt palava polstri asemel koosneb keskmine kiht peenest \u00fchekiulisest niidist.<br \/>See annab kandekotile stabiilsuse, tagades samas hea \u00f5huvoolu.<br \/>BabyBj\u00f6rni kandekottides kasutatav 3D v\u00f5rkkangas on heaks kiidetud vastavalt OEKO-TEX 100 Standardile, klass 1.<br \/><span style=\"text-decoration: underline;\">T\u00e4helepanu!<\/span><br \/>Kui kannate oma last v\u00e4ljapoole suunatud asendis,<br \/>peavad nad suutma oma pead iseseisvalt \u00fcleval hoida (alates ca. 5. elukuust).<br \/>Lisarihmasid tuleks kasutada, et v\u00e4hendada jalaavade suurust v\u00e4ikelastel kaaluga 3,2\u20134,5 kg<br \/><span style=\"text-decoration: underline;\">Materjalid<\/span><br \/>K\u00f5ik materjalid vastavad OEKO-TEX 100 Standardile (klass 1).<br \/>See t\u00e4hendab, et need on beebi naha suhtes \u00f5rnad ja ohutud.<br \/>3D v\u00f5rkkangas: 100% pol\u00fcester<br \/><span style=\"text-decoration: underline;\">Pesemisjuhised<\/span><br \/>Masinpesu temperatuuril 40\u00b0C. Pese eraldi.<br \/>Kasutada keskkonnas\u00f5bralikku ja \u00f5rna pesuvahendit. Trummelkuivatus on keelatud.<br \/><span style=\"text-decoration: underline;\">Testitud ja ohutu<\/span><br \/>BabyBj\u00f6rn Move kandekott vastab nii Euroopa standardile EN 13209-2: 2015<br \/>kui ka ameerika ASTM F2236 ohutusstandarditele.<br \/>M\u00f5eldud lastele vanuses 0-15 elukuud (3,2kg-12kg), alates pikkusest 53cm.<\/p>\n","protected":false},"excerpt":{"rendered":"<p>BabyBj\u00f6rn Move on klassikalise kandekoti Miracle uuendatud versioon.T\u00e4nu laiemale istmealale pakub Move kandekott paremat tuge lapse seljale,jalgadele ja puusadele. Sellel on ergonoomiline seljatoestus ja v\u00f6\u00f6rihm,mis tagab maksimaalse mugavuse nii sulle kui sinu lapsele.See on valmistatud unikaalsest 3D-v\u00f5rkkangast, mis on \u00f5hulineja kiiresti kuivav ning lapse naha vastu ka uskumatult pehme.BabyBj\u00f6rn Move kandekott sobib kasutamiseks alates s\u00fcnnist [&hellip;]<\/p>\n","protected":false},"featured_media":100484,"template":"","meta":{"_acf_changed":false},"pwb-brand":[11966],"product_brand":[],"product_cat":[11573,11709,11881],"product_tag":[],"class_list":{"0":"post-454430","1":"product","2":"type-product","3":"status-publish","4":"has-post-thumbnail","6":"pwb-brand-babybjorn-ru","7":"product_cat-sooduspakkumised-ru","8":"product_cat-sootmistoolid-beebi-ja-lastetarbed-mahkimine-hugieen-ru","9":"product_cat-kandekotid-ja-linad-ru","10":"pa_manufacturer-babybjorn-ru","12":"first","13":"outofstock","14":"sale","15":"taxable","16":"shipping-taxable","17":"purchasable","18":"product-type-simple"},"exclude_global_add_ons":[],"addons":[],"acf":[],"yoast_head":"<!-- This site is optimized with the Yoast SEO plugin v27.1.1 - https:\/\/yoast.com\/product\/yoast-seo-wordpress\/ -->\n<title>BabyBj\u00f6rn Move kandekott, Dusty Pink Mesh, \u0421\u041a\u0418\u0414\u041a\u0418, \u041f\u0440\u0438\u043d\u0430\u0434\u043b\u0435\u0436\u043d\u043e\u0441\u0442\u0438 \u0434\u043b\u044f \u043c\u043b\u0430\u0434\u0435\u043d\u0446\u0435\u0432, \u0420\u044e\u043a\u0437\u0430\u043a-\u043f\u0435\u0440\u0435\u043d\u043e\u0441\u043a\u0430, Beebipood<\/title>\n<meta name=\"description\" content=\"BabyBj\u00f6rn Move kandekott, Dusty Pink Mesh, BabyBj&ouml;rn Move on klassikalise kandekoti Miracle uuendatud versioon.T&auml;nu laiemale istmealale paku\" \/>\n<meta name=\"robots\" content=\"index, follow, max-snippet:-1, max-image-preview:large, max-video-preview:-1\" \/>\n<link rel=\"canonical\" href=\"https:\/\/beebipood.ee\/ru\/produkt\/babybjorn-move-kandekott-dusty-pink-mesh\/\" \/>\n<meta property=\"og:locale\" content=\"ru_RU\" \/>\n<meta property=\"og:type\" content=\"article\" \/>\n<meta property=\"og:title\" content=\"BabyBj\u00f6rn Move kandekott, Dusty Pink Mesh, \u0421\u041a\u0418\u0414\u041a\u0418, \u041f\u0440\u0438\u043d\u0430\u0434\u043b\u0435\u0436\u043d\u043e\u0441\u0442\u0438 \u0434\u043b\u044f \u043c\u043b\u0430\u0434\u0435\u043d\u0446\u0435\u0432, \u0420\u044e\u043a\u0437\u0430\u043a-\u043f\u0435\u0440\u0435\u043d\u043e\u0441\u043a\u0430, Beebipood\" \/>\n<meta property=\"og:description\" content=\"BabyBj\u00f6rn Move kandekott, Dusty Pink Mesh, BabyBj&ouml;rn Move on klassikalise kandekoti Miracle uuendatud versioon.T&auml;nu laiemale istmealale paku\" \/>\n<meta property=\"og:url\" content=\"https:\/\/beebipood.ee\/ru\/produkt\/babybjorn-move-kandekott-dusty-pink-mesh\/\" \/>\n<meta property=\"og:site_name\" content=\"Beebipood\" \/>\n<meta property=\"article:modified_time\" content=\"2025-01-09T08:52:26+00:00\" \/>\n<meta property=\"og:image\" content=\"https:\/\/beebipood.ee\/wp-content\/uploads\/2013\/09\/BabyBjorn-Move-kandekott-Dusty-Pink-Mesh-UUED-TOOTED-Beebi-ja-lastetarbed-Kandekotid-ja-linad_7-75f.png\" \/>\n\t<meta property=\"og:image:width\" content=\"900\" \/>\n\t<meta property=\"og:image:height\" content=\"1200\" \/>\n\t<meta property=\"og:image:type\" content=\"image\/png\" \/>\n<meta name=\"twitter:card\" content=\"summary_large_image\" \/>\n<meta name=\"twitter:label1\" content=\"\u041f\u0440\u0438\u043c\u0435\u0440\u043d\u043e\u0435 \u0432\u0440\u0435\u043c\u044f \u0434\u043b\u044f \u0447\u0442\u0435\u043d\u0438\u044f\" \/>\n\t<meta name=\"twitter:data1\" content=\"3 \u043c\u0438\u043d\u0443\u0442\u044b\" \/>\n<script type=\"application\/ld+json\" class=\"yoast-schema-graph\">{\"@context\":\"https:\/\/schema.org\",\"@graph\":[{\"@type\":\"WebPage\",\"@id\":\"https:\/\/beebipood.ee\/ru\/produkt\/babybjorn-move-kandekott-dusty-pink-mesh\/\",\"url\":\"https:\/\/beebipood.ee\/ru\/produkt\/babybjorn-move-kandekott-dusty-pink-mesh\/\",\"name\":\"BabyBj\u00f6rn Move kandekott, Dusty Pink Mesh, \u0421\u041a\u0418\u0414\u041a\u0418, \u041f\u0440\u0438\u043d\u0430\u0434\u043b\u0435\u0436\u043d\u043e\u0441\u0442\u0438 \u0434\u043b\u044f \u043c\u043b\u0430\u0434\u0435\u043d\u0446\u0435\u0432, \u0420\u044e\u043a\u0437\u0430\u043a-\u043f\u0435\u0440\u0435\u043d\u043e\u0441\u043a\u0430, Beebipood\",\"isPartOf\":{\"@id\":\"https:\/\/beebipood.ee\/ru\/#website\"},\"primaryImageOfPage\":{\"@id\":\"https:\/\/beebipood.ee\/ru\/produkt\/babybjorn-move-kandekott-dusty-pink-mesh\/#primaryimage\"},\"image\":{\"@id\":\"https:\/\/beebipood.ee\/ru\/produkt\/babybjorn-move-kandekott-dusty-pink-mesh\/#primaryimage\"},\"thumbnailUrl\":\"https:\/\/beebipood.ee\/wp-content\/uploads\/2013\/09\/BabyBjorn-Move-kandekott-Dusty-Pink-Mesh-UUED-TOOTED-Beebi-ja-lastetarbed-Kandekotid-ja-linad_7-75f.png\",\"datePublished\":\"2013-09-02T10:45:32+00:00\",\"dateModified\":\"2025-01-09T08:52:26+00:00\",\"description\":\"BabyBj\u00f6rn Move kandekott, Dusty Pink Mesh, BabyBj&ouml;rn Move on klassikalise kandekoti Miracle uuendatud versioon.T&auml;nu laiemale istmealale paku\",\"breadcrumb\":{\"@id\":\"https:\/\/beebipood.ee\/ru\/produkt\/babybjorn-move-kandekott-dusty-pink-mesh\/#breadcrumb\"},\"inLanguage\":\"ru-RU\",\"potentialAction\":[{\"@type\":\"ReadAction\",\"target\":[\"https:\/\/beebipood.ee\/ru\/produkt\/babybjorn-move-kandekott-dusty-pink-mesh\/\"]}]},{\"@type\":\"ImageObject\",\"inLanguage\":\"ru-RU\",\"@id\":\"https:\/\/beebipood.ee\/ru\/produkt\/babybjorn-move-kandekott-dusty-pink-mesh\/#primaryimage\",\"url\":\"https:\/\/beebipood.ee\/wp-content\/uploads\/2013\/09\/BabyBjorn-Move-kandekott-Dusty-Pink-Mesh-UUED-TOOTED-Beebi-ja-lastetarbed-Kandekotid-ja-linad_7-75f.png\",\"contentUrl\":\"https:\/\/beebipood.ee\/wp-content\/uploads\/2013\/09\/BabyBjorn-Move-kandekott-Dusty-Pink-Mesh-UUED-TOOTED-Beebi-ja-lastetarbed-Kandekotid-ja-linad_7-75f.png\",\"width\":900,\"height\":1200},{\"@type\":\"BreadcrumbList\",\"@id\":\"https:\/\/beebipood.ee\/ru\/produkt\/babybjorn-move-kandekott-dusty-pink-mesh\/#breadcrumb\",\"itemListElement\":[{\"@type\":\"ListItem\",\"position\":1,\"name\":\"Home\",\"item\":\"https:\/\/beebipood.ee\/ru\/\"},{\"@type\":\"ListItem\",\"position\":2,\"name\":\"\u041a\u0430\u0442\u0430\u043b\u043e\u0433 \u0442\u043e\u0432\u0430\u0440\u043e\u0432\",\"item\":\"https:\/\/beebipood.ee\/tooted\/\"},{\"@type\":\"ListItem\",\"position\":3,\"name\":\"BabyBj\u00f6rn Move kandekott, Dusty Pink Mesh\"}]},{\"@type\":\"WebSite\",\"@id\":\"https:\/\/beebipood.ee\/ru\/#website\",\"url\":\"https:\/\/beebipood.ee\/ru\/\",\"name\":\"Beebipood\",\"description\":\"Lastekaubad, beebikaubad, m\u00e4nguasjad\",\"publisher\":{\"@id\":\"https:\/\/beebipood.ee\/ru\/#organization\"},\"potentialAction\":[{\"@type\":\"SearchAction\",\"target\":{\"@type\":\"EntryPoint\",\"urlTemplate\":\"https:\/\/beebipood.ee\/ru\/?s={search_term_string}\"},\"query-input\":{\"@type\":\"PropertyValueSpecification\",\"valueRequired\":true,\"valueName\":\"search_term_string\"}}],\"inLanguage\":\"ru-RU\"},{\"@type\":\"Organization\",\"@id\":\"https:\/\/beebipood.ee\/ru\/#organization\",\"name\":\"Beebipood\",\"url\":\"https:\/\/beebipood.ee\/ru\/\",\"logo\":{\"@type\":\"ImageObject\",\"inLanguage\":\"ru-RU\",\"@id\":\"https:\/\/beebipood.ee\/ru\/#\/schema\/logo\/image\/\",\"url\":\"https:\/\/beebipood.ee\/wp-content\/uploads\/2025\/03\/beebipood.ee-logo-1.svg\",\"contentUrl\":\"https:\/\/beebipood.ee\/wp-content\/uploads\/2025\/03\/beebipood.ee-logo-1.svg\",\"caption\":\"Beebipood\"},\"image\":{\"@id\":\"https:\/\/beebipood.ee\/ru\/#\/schema\/logo\/image\/\"}}]}<\/script>\n<!-- \/ Yoast SEO plugin. -->","yoast_head_json":{"title":"BabyBj\u00f6rn Move kandekott, Dusty Pink Mesh, \u0421\u041a\u0418\u0414\u041a\u0418, \u041f\u0440\u0438\u043d\u0430\u0434\u043b\u0435\u0436\u043d\u043e\u0441\u0442\u0438 \u0434\u043b\u044f \u043c\u043b\u0430\u0434\u0435\u043d\u0446\u0435\u0432, \u0420\u044e\u043a\u0437\u0430\u043a-\u043f\u0435\u0440\u0435\u043d\u043e\u0441\u043a\u0430, Beebipood","description":"BabyBj\u00f6rn Move kandekott, Dusty Pink Mesh, BabyBj&ouml;rn Move on klassikalise kandekoti Miracle uuendatud versioon.T&auml;nu laiemale istmealale paku","robots":{"index":"index","follow":"follow","max-snippet":"max-snippet:-1","max-image-preview":"max-image-preview:large","max-video-preview":"max-video-preview:-1"},"canonical":"https:\/\/beebipood.ee\/ru\/produkt\/babybjorn-move-kandekott-dusty-pink-mesh\/","og_locale":"ru_RU","og_type":"article","og_title":"BabyBj\u00f6rn Move kandekott, Dusty Pink Mesh, \u0421\u041a\u0418\u0414\u041a\u0418, \u041f\u0440\u0438\u043d\u0430\u0434\u043b\u0435\u0436\u043d\u043e\u0441\u0442\u0438 \u0434\u043b\u044f \u043c\u043b\u0430\u0434\u0435\u043d\u0446\u0435\u0432, \u0420\u044e\u043a\u0437\u0430\u043a-\u043f\u0435\u0440\u0435\u043d\u043e\u0441\u043a\u0430, Beebipood","og_description":"BabyBj\u00f6rn Move kandekott, Dusty Pink Mesh, BabyBj&ouml;rn Move on klassikalise kandekoti Miracle uuendatud versioon.T&auml;nu laiemale istmealale paku","og_url":"https:\/\/beebipood.ee\/ru\/produkt\/babybjorn-move-kandekott-dusty-pink-mesh\/","og_site_name":"Beebipood","article_modified_time":"2025-01-09T08:52:26+00:00","og_image":[{"width":900,"height":1200,"url":"https:\/\/beebipood.ee\/wp-content\/uploads\/2013\/09\/BabyBjorn-Move-kandekott-Dusty-Pink-Mesh-UUED-TOOTED-Beebi-ja-lastetarbed-Kandekotid-ja-linad_7-75f.png","type":"image\/png"}],"twitter_card":"summary_large_image","twitter_misc":{"\u041f\u0440\u0438\u043c\u0435\u0440\u043d\u043e\u0435 \u0432\u0440\u0435\u043c\u044f \u0434\u043b\u044f \u0447\u0442\u0435\u043d\u0438\u044f":"3 \u043c\u0438\u043d\u0443\u0442\u044b"},"schema":{"@context":"https:\/\/schema.org","@graph":[{"@type":"WebPage","@id":"https:\/\/beebipood.ee\/ru\/produkt\/babybjorn-move-kandekott-dusty-pink-mesh\/","url":"https:\/\/beebipood.ee\/ru\/produkt\/babybjorn-move-kandekott-dusty-pink-mesh\/","name":"BabyBj\u00f6rn Move kandekott, Dusty Pink Mesh, \u0421\u041a\u0418\u0414\u041a\u0418, \u041f\u0440\u0438\u043d\u0430\u0434\u043b\u0435\u0436\u043d\u043e\u0441\u0442\u0438 \u0434\u043b\u044f \u043c\u043b\u0430\u0434\u0435\u043d\u0446\u0435\u0432, \u0420\u044e\u043a\u0437\u0430\u043a-\u043f\u0435\u0440\u0435\u043d\u043e\u0441\u043a\u0430, Beebipood","isPartOf":{"@id":"https:\/\/beebipood.ee\/ru\/#website"},"primaryImageOfPage":{"@id":"https:\/\/beebipood.ee\/ru\/produkt\/babybjorn-move-kandekott-dusty-pink-mesh\/#primaryimage"},"image":{"@id":"https:\/\/beebipood.ee\/ru\/produkt\/babybjorn-move-kandekott-dusty-pink-mesh\/#primaryimage"},"thumbnailUrl":"https:\/\/beebipood.ee\/wp-content\/uploads\/2013\/09\/BabyBjorn-Move-kandekott-Dusty-Pink-Mesh-UUED-TOOTED-Beebi-ja-lastetarbed-Kandekotid-ja-linad_7-75f.png","datePublished":"2013-09-02T10:45:32+00:00","dateModified":"2025-01-09T08:52:26+00:00","description":"BabyBj\u00f6rn Move kandekott, Dusty Pink Mesh, BabyBj&ouml;rn Move on klassikalise kandekoti Miracle uuendatud versioon.T&auml;nu laiemale istmealale paku","breadcrumb":{"@id":"https:\/\/beebipood.ee\/ru\/produkt\/babybjorn-move-kandekott-dusty-pink-mesh\/#breadcrumb"},"inLanguage":"ru-RU","potentialAction":[{"@type":"ReadAction","target":["https:\/\/beebipood.ee\/ru\/produkt\/babybjorn-move-kandekott-dusty-pink-mesh\/"]}]},{"@type":"ImageObject","inLanguage":"ru-RU","@id":"https:\/\/beebipood.ee\/ru\/produkt\/babybjorn-move-kandekott-dusty-pink-mesh\/#primaryimage","url":"https:\/\/beebipood.ee\/wp-content\/uploads\/2013\/09\/BabyBjorn-Move-kandekott-Dusty-Pink-Mesh-UUED-TOOTED-Beebi-ja-lastetarbed-Kandekotid-ja-linad_7-75f.png","contentUrl":"https:\/\/beebipood.ee\/wp-content\/uploads\/2013\/09\/BabyBjorn-Move-kandekott-Dusty-Pink-Mesh-UUED-TOOTED-Beebi-ja-lastetarbed-Kandekotid-ja-linad_7-75f.png","width":900,"height":1200},{"@type":"BreadcrumbList","@id":"https:\/\/beebipood.ee\/ru\/produkt\/babybjorn-move-kandekott-dusty-pink-mesh\/#breadcrumb","itemListElement":[{"@type":"ListItem","position":1,"name":"Home","item":"https:\/\/beebipood.ee\/ru\/"},{"@type":"ListItem","position":2,"name":"\u041a\u0430\u0442\u0430\u043b\u043e\u0433 \u0442\u043e\u0432\u0430\u0440\u043e\u0432","item":"https:\/\/beebipood.ee\/tooted\/"},{"@type":"ListItem","position":3,"name":"BabyBj\u00f6rn Move kandekott, Dusty Pink Mesh"}]},{"@type":"WebSite","@id":"https:\/\/beebipood.ee\/ru\/#website","url":"https:\/\/beebipood.ee\/ru\/","name":"Beebipood","description":"Lastekaubad, beebikaubad, m\u00e4nguasjad","publisher":{"@id":"https:\/\/beebipood.ee\/ru\/#organization"},"potentialAction":[{"@type":"SearchAction","target":{"@type":"EntryPoint","urlTemplate":"https:\/\/beebipood.ee\/ru\/?s={search_term_string}"},"query-input":{"@type":"PropertyValueSpecification","valueRequired":true,"valueName":"search_term_string"}}],"inLanguage":"ru-RU"},{"@type":"Organization","@id":"https:\/\/beebipood.ee\/ru\/#organization","name":"Beebipood","url":"https:\/\/beebipood.ee\/ru\/","logo":{"@type":"ImageObject","inLanguage":"ru-RU","@id":"https:\/\/beebipood.ee\/ru\/#\/schema\/logo\/image\/","url":"https:\/\/beebipood.ee\/wp-content\/uploads\/2025\/03\/beebipood.ee-logo-1.svg","contentUrl":"https:\/\/beebipood.ee\/wp-content\/uploads\/2025\/03\/beebipood.ee-logo-1.svg","caption":"Beebipood"},"image":{"@id":"https:\/\/beebipood.ee\/ru\/#\/schema\/logo\/image\/"}}]}},"brands":[{"id":11966,"name":"BabyBj\u00f6rn","slug":"babybjorn-ru"}],"_links":{"self":[{"href":"https:\/\/beebipood.ee\/ru\/wp-json\/wp\/v2\/product\/454430","targetHints":{"allow":["GET"]}}],"collection":[{"href":"https:\/\/beebipood.ee\/ru\/wp-json\/wp\/v2\/product"}],"about":[{"href":"https:\/\/beebipood.ee\/ru\/wp-json\/wp\/v2\/types\/product"}],"wp:featuredmedia":[{"embeddable":true,"href":"https:\/\/beebipood.ee\/ru\/wp-json\/wp\/v2\/media\/100484"}],"wp:attachment":[{"href":"https:\/\/beebipood.ee\/ru\/wp-json\/wp\/v2\/media?parent=454430"}],"wp:term":[{"taxonomy":"pwb-brand","embeddable":true,"href":"https:\/\/beebipood.ee\/ru\/wp-json\/wp\/v2\/pwb-brand?post=454430"},{"taxonomy":"product_brand","embeddable":true,"href":"https:\/\/beebipood.ee\/ru\/wp-json\/wp\/v2\/product_brand?post=454430"},{"taxonomy":"product_cat","embeddable":true,"href":"https:\/\/beebipood.ee\/ru\/wp-json\/wp\/v2\/product_cat?post=454430"},{"taxonomy":"product_tag","embeddable":true,"href":"https:\/\/beebipood.ee\/ru\/wp-json\/wp\/v2\/product_tag?post=454430"}],"curies":[{"name":"wp","href":"https:\/\/api.w.org\/{rel}","templated":true}]}}