{"id":454446,"date":"2013-09-02T13:45:44","date_gmt":"2013-09-02T10:45:44","guid":{"rendered":"https:\/\/beebipood.ee\/toode\/vedrumadrats-sleepwell-red-pocket-90x140-pehme\/"},"modified":"2025-01-09T10:52:25","modified_gmt":"2025-01-09T08:52:25","slug":"vedrumadrats-sleepwell-red-pocket-90x140-pehme","status":"publish","type":"product","link":"https:\/\/beebipood.ee\/ru\/produkt\/vedrumadrats-sleepwell-red-pocket-90x140-pehme\/","title":{"rendered":"Vedrumadrats Sleepwell Red Pocket 90&#215;140, pehme"},"content":{"rendered":"<p>T\u00f5eliselt mugav ja kvaliteetne vedrumadrats,<br \/>mille sisuks on pakitud 5-tsooniline pocket-vedrustus.<br \/>Madratsi m\u00f5lemad pooled on vooderdatud Tiger Touch porolooniga,<br \/>mis on materjalit\u00f6\u00f6stuse viimane s\u00f5na &#8212; laseb h\u00e4sti \u00f5hul liikuda<br \/>ning moodustab m\u00f5nusalt vetruva, keha toetava vormi.<br \/>Lisamugavust pakub \u00fchel pool vill (talve pool), teisel puuvill (suve pool).<br \/>Kangas on erilise Sensity\u2122 t\u00f6\u00f6tlusega, mis takistab tolmulestade,<br \/>hallituse ja kahjulike bakterite teket ning neutraliseerib ebameeldivad l\u00f5hnad.<br \/>V\u00f5imalik valida vedru j\u00e4ikust \u2013 j\u00e4ik, keskmine v\u00f5i pehme.<br \/>Madratsikate on eemaldatav ja pestav kuni 40-kraadises vees.<br \/>Saadaval on m\u00f5\u00f5dud 80&#215;200, 90&#215;200, 120&#215;200, 140&#215;200, 160&#215;200 ja 180&#215;200.<br \/>V\u00f5imalik on tellida ka erim\u00f5\u00f5dus tooteid.<br \/>Madratsile soovitame juurde lisada ka Sleepwelli kattemadratsi,<br \/>mis loob t\u00e4iendava lisamugavuse, kaitseb madratsit,<br \/>pikendab selle eluiga ning aitab kaasa heale voodih\u00fcgieenile.<br \/>Toode on disainitud ja toodetud Eestis.<br \/>Porolooni on heaks kiitnud Eesti Allergialiit.<br \/>Sleepwelli toodetes kasutatavad materjalid nagu kangas, puuvill, vill<br \/>ja vatiin vastavad rahvusvahelisele \u00d6ko-Tex 100 standardile.<br \/>Vedru tsoonide arv: 5-tsooniline pocket, vedru 1.8\/1.9mm<br \/>J\u00e4ikus: Pehme<br \/>Sisu: Tiger Touch poroloon 3 cm<br \/>Vooderdus: vill \/ puuvill<br \/>Kate: puuvill 41% \/ pol\u00fcester 59%<br \/>Kanga erit\u00f6\u00f6tlus: Antibakteriaalne<br \/>\u00d6KO-TEX sertifikaat: jah<br \/>Pestav: temperatuur 40<br \/>K\u00f5rgus: 22 cm<\/p>\n","protected":false},"excerpt":{"rendered":"<p>T\u00f5eliselt mugav ja kvaliteetne vedrumadrats,mille sisuks on pakitud 5-tsooniline pocket-vedrustus.Madratsi m\u00f5lemad pooled on vooderdatud Tiger Touch porolooniga,mis on materjalit\u00f6\u00f6stuse viimane s\u00f5na &#8212; laseb h\u00e4sti \u00f5hul liikudaning moodustab m\u00f5nusalt vetruva, keha toetava vormi.Lisamugavust pakub \u00fchel pool vill (talve pool), teisel puuvill (suve pool).Kangas on erilise Sensity\u2122 t\u00f6\u00f6tlusega, mis takistab tolmulestade,hallituse ja kahjulike bakterite teket ning neutraliseerib [&hellip;]<\/p>\n","protected":false},"featured_media":100519,"template":"","meta":{"_acf_changed":false},"pwb-brand":[11949],"product_brand":[],"product_cat":[11601,11563,11789],"product_tag":[],"class_list":{"0":"post-454446","1":"product","2":"type-product","3":"status-publish","4":"has-post-thumbnail","6":"pwb-brand-sleepwell-ru","7":"product_cat-kuni-90cm-laiused-ru","8":"product_cat-madratsid-ja-kattemadratsid-ru","9":"product_cat-lastemoobel-ja-sisustus-ru","10":"pa_manufacturer-sleepwell-ru","12":"first","13":"onbackorder","14":"taxable","15":"shipping-taxable","16":"purchasable","17":"product-type-simple"},"exclude_global_add_ons":[],"addons":[],"acf":[],"yoast_head":"<!-- This site is optimized with the Yoast SEO plugin v27.1.1 - https:\/\/yoast.com\/product\/yoast-seo-wordpress\/ -->\n<title>Vedrumadrats Sleepwell Red Pocket 90x140, pehme, \u041c\u0430\u0442\u0440\u0430\u0441\u044b \u0438 \u043c\u0430\u0442\u0440\u0430\u0441\u044b-\u043f\u043e\u043a\u0440\u044b\u0432\u0430\u043b\u0430, \u0428\u0438\u0440\u0438\u043d\u043e\u0439 \u0434\u043e 90 c\u043c, M\u0435\u0431\u0435\u043b\u044c, Sleepwell soodushinnad, Beebipood<\/title>\n<meta name=\"description\" content=\"Vedrumadrats Sleepwell Red Pocket 90x140, pehme, T&otilde;eliselt mugav ja kvaliteetne vedrumadrats,mille sisuks on pakitud 5-tsooniline pocket-vedrust\" \/>\n<meta name=\"robots\" content=\"index, follow, max-snippet:-1, max-image-preview:large, max-video-preview:-1\" \/>\n<link rel=\"canonical\" href=\"https:\/\/beebipood.ee\/ru\/produkt\/vedrumadrats-sleepwell-red-pocket-90x140-pehme\/\" \/>\n<meta property=\"og:locale\" content=\"ru_RU\" \/>\n<meta property=\"og:type\" content=\"article\" \/>\n<meta property=\"og:title\" content=\"Vedrumadrats Sleepwell Red Pocket 90x140, pehme, \u041c\u0430\u0442\u0440\u0430\u0441\u044b \u0438 \u043c\u0430\u0442\u0440\u0430\u0441\u044b-\u043f\u043e\u043a\u0440\u044b\u0432\u0430\u043b\u0430, \u0428\u0438\u0440\u0438\u043d\u043e\u0439 \u0434\u043e 90 c\u043c, M\u0435\u0431\u0435\u043b\u044c, Sleepwell soodushinnad, Beebipood\" \/>\n<meta property=\"og:description\" content=\"Vedrumadrats Sleepwell Red Pocket 90x140, pehme, T&otilde;eliselt mugav ja kvaliteetne vedrumadrats,mille sisuks on pakitud 5-tsooniline pocket-vedrust\" \/>\n<meta property=\"og:url\" content=\"https:\/\/beebipood.ee\/ru\/produkt\/vedrumadrats-sleepwell-red-pocket-90x140-pehme\/\" \/>\n<meta property=\"og:site_name\" content=\"Beebipood\" \/>\n<meta property=\"article:modified_time\" content=\"2025-01-09T08:52:25+00:00\" \/>\n<meta property=\"og:image\" content=\"https:\/\/beebipood.ee\/wp-content\/uploads\/2013\/09\/Vedrumadrats-Sleepwell-Red-Pocket-90x140-pehme-Madratsid-ja-kattemadratsid-Kuni-90cm-laiused-Lastemoobel-ja-sisustus-Sleepwell-soodushinnad_3-823.png\" \/>\n\t<meta property=\"og:image:width\" content=\"1414\" \/>\n\t<meta property=\"og:image:height\" content=\"1000\" \/>\n\t<meta property=\"og:image:type\" content=\"image\/png\" \/>\n<meta name=\"twitter:card\" content=\"summary_large_image\" \/>\n<meta name=\"twitter:label1\" content=\"\u041f\u0440\u0438\u043c\u0435\u0440\u043d\u043e\u0435 \u0432\u0440\u0435\u043c\u044f \u0434\u043b\u044f \u0447\u0442\u0435\u043d\u0438\u044f\" \/>\n\t<meta name=\"twitter:data1\" content=\"1 \u043c\u0438\u043d\u0443\u0442\u0430\" \/>\n<script type=\"application\/ld+json\" class=\"yoast-schema-graph\">{\"@context\":\"https:\/\/schema.org\",\"@graph\":[{\"@type\":\"WebPage\",\"@id\":\"https:\/\/beebipood.ee\/ru\/produkt\/vedrumadrats-sleepwell-red-pocket-90x140-pehme\/\",\"url\":\"https:\/\/beebipood.ee\/ru\/produkt\/vedrumadrats-sleepwell-red-pocket-90x140-pehme\/\",\"name\":\"Vedrumadrats Sleepwell Red Pocket 90x140, pehme, \u041c\u0430\u0442\u0440\u0430\u0441\u044b \u0438 \u043c\u0430\u0442\u0440\u0430\u0441\u044b-\u043f\u043e\u043a\u0440\u044b\u0432\u0430\u043b\u0430, \u0428\u0438\u0440\u0438\u043d\u043e\u0439 \u0434\u043e 90 c\u043c, M\u0435\u0431\u0435\u043b\u044c, Sleepwell soodushinnad, Beebipood\",\"isPartOf\":{\"@id\":\"https:\/\/beebipood.ee\/ru\/#website\"},\"primaryImageOfPage\":{\"@id\":\"https:\/\/beebipood.ee\/ru\/produkt\/vedrumadrats-sleepwell-red-pocket-90x140-pehme\/#primaryimage\"},\"image\":{\"@id\":\"https:\/\/beebipood.ee\/ru\/produkt\/vedrumadrats-sleepwell-red-pocket-90x140-pehme\/#primaryimage\"},\"thumbnailUrl\":\"https:\/\/beebipood.ee\/wp-content\/uploads\/2013\/09\/Vedrumadrats-Sleepwell-Red-Pocket-90x140-pehme-Madratsid-ja-kattemadratsid-Kuni-90cm-laiused-Lastemoobel-ja-sisustus-Sleepwell-soodushinnad_3-823.png\",\"datePublished\":\"2013-09-02T10:45:44+00:00\",\"dateModified\":\"2025-01-09T08:52:25+00:00\",\"description\":\"Vedrumadrats Sleepwell Red Pocket 90x140, pehme, T&otilde;eliselt mugav ja kvaliteetne vedrumadrats,mille sisuks on pakitud 5-tsooniline pocket-vedrust\",\"breadcrumb\":{\"@id\":\"https:\/\/beebipood.ee\/ru\/produkt\/vedrumadrats-sleepwell-red-pocket-90x140-pehme\/#breadcrumb\"},\"inLanguage\":\"ru-RU\",\"potentialAction\":[{\"@type\":\"ReadAction\",\"target\":[\"https:\/\/beebipood.ee\/ru\/produkt\/vedrumadrats-sleepwell-red-pocket-90x140-pehme\/\"]}]},{\"@type\":\"ImageObject\",\"inLanguage\":\"ru-RU\",\"@id\":\"https:\/\/beebipood.ee\/ru\/produkt\/vedrumadrats-sleepwell-red-pocket-90x140-pehme\/#primaryimage\",\"url\":\"https:\/\/beebipood.ee\/wp-content\/uploads\/2013\/09\/Vedrumadrats-Sleepwell-Red-Pocket-90x140-pehme-Madratsid-ja-kattemadratsid-Kuni-90cm-laiused-Lastemoobel-ja-sisustus-Sleepwell-soodushinnad_3-823.png\",\"contentUrl\":\"https:\/\/beebipood.ee\/wp-content\/uploads\/2013\/09\/Vedrumadrats-Sleepwell-Red-Pocket-90x140-pehme-Madratsid-ja-kattemadratsid-Kuni-90cm-laiused-Lastemoobel-ja-sisustus-Sleepwell-soodushinnad_3-823.png\",\"width\":1414,\"height\":1000},{\"@type\":\"BreadcrumbList\",\"@id\":\"https:\/\/beebipood.ee\/ru\/produkt\/vedrumadrats-sleepwell-red-pocket-90x140-pehme\/#breadcrumb\",\"itemListElement\":[{\"@type\":\"ListItem\",\"position\":1,\"name\":\"Home\",\"item\":\"https:\/\/beebipood.ee\/ru\/\"},{\"@type\":\"ListItem\",\"position\":2,\"name\":\"\u041a\u0430\u0442\u0430\u043b\u043e\u0433 \u0442\u043e\u0432\u0430\u0440\u043e\u0432\",\"item\":\"https:\/\/beebipood.ee\/tooted\/\"},{\"@type\":\"ListItem\",\"position\":3,\"name\":\"Vedrumadrats Sleepwell Red Pocket 90&#215;140, pehme\"}]},{\"@type\":\"WebSite\",\"@id\":\"https:\/\/beebipood.ee\/ru\/#website\",\"url\":\"https:\/\/beebipood.ee\/ru\/\",\"name\":\"Beebipood\",\"description\":\"Lastekaubad, beebikaubad, m\u00e4nguasjad\",\"publisher\":{\"@id\":\"https:\/\/beebipood.ee\/ru\/#organization\"},\"potentialAction\":[{\"@type\":\"SearchAction\",\"target\":{\"@type\":\"EntryPoint\",\"urlTemplate\":\"https:\/\/beebipood.ee\/ru\/?s={search_term_string}\"},\"query-input\":{\"@type\":\"PropertyValueSpecification\",\"valueRequired\":true,\"valueName\":\"search_term_string\"}}],\"inLanguage\":\"ru-RU\"},{\"@type\":\"Organization\",\"@id\":\"https:\/\/beebipood.ee\/ru\/#organization\",\"name\":\"Beebipood\",\"url\":\"https:\/\/beebipood.ee\/ru\/\",\"logo\":{\"@type\":\"ImageObject\",\"inLanguage\":\"ru-RU\",\"@id\":\"https:\/\/beebipood.ee\/ru\/#\/schema\/logo\/image\/\",\"url\":\"https:\/\/beebipood.ee\/wp-content\/uploads\/2025\/03\/beebipood.ee-logo-1.svg\",\"contentUrl\":\"https:\/\/beebipood.ee\/wp-content\/uploads\/2025\/03\/beebipood.ee-logo-1.svg\",\"caption\":\"Beebipood\"},\"image\":{\"@id\":\"https:\/\/beebipood.ee\/ru\/#\/schema\/logo\/image\/\"}}]}<\/script>\n<!-- \/ Yoast SEO plugin. -->","yoast_head_json":{"title":"Vedrumadrats Sleepwell Red Pocket 90x140, pehme, \u041c\u0430\u0442\u0440\u0430\u0441\u044b \u0438 \u043c\u0430\u0442\u0440\u0430\u0441\u044b-\u043f\u043e\u043a\u0440\u044b\u0432\u0430\u043b\u0430, \u0428\u0438\u0440\u0438\u043d\u043e\u0439 \u0434\u043e 90 c\u043c, M\u0435\u0431\u0435\u043b\u044c, Sleepwell soodushinnad, Beebipood","description":"Vedrumadrats Sleepwell Red Pocket 90x140, pehme, T&otilde;eliselt mugav ja kvaliteetne vedrumadrats,mille sisuks on pakitud 5-tsooniline pocket-vedrust","robots":{"index":"index","follow":"follow","max-snippet":"max-snippet:-1","max-image-preview":"max-image-preview:large","max-video-preview":"max-video-preview:-1"},"canonical":"https:\/\/beebipood.ee\/ru\/produkt\/vedrumadrats-sleepwell-red-pocket-90x140-pehme\/","og_locale":"ru_RU","og_type":"article","og_title":"Vedrumadrats Sleepwell Red Pocket 90x140, pehme, \u041c\u0430\u0442\u0440\u0430\u0441\u044b \u0438 \u043c\u0430\u0442\u0440\u0430\u0441\u044b-\u043f\u043e\u043a\u0440\u044b\u0432\u0430\u043b\u0430, \u0428\u0438\u0440\u0438\u043d\u043e\u0439 \u0434\u043e 90 c\u043c, M\u0435\u0431\u0435\u043b\u044c, Sleepwell soodushinnad, Beebipood","og_description":"Vedrumadrats Sleepwell Red Pocket 90x140, pehme, T&otilde;eliselt mugav ja kvaliteetne vedrumadrats,mille sisuks on pakitud 5-tsooniline pocket-vedrust","og_url":"https:\/\/beebipood.ee\/ru\/produkt\/vedrumadrats-sleepwell-red-pocket-90x140-pehme\/","og_site_name":"Beebipood","article_modified_time":"2025-01-09T08:52:25+00:00","og_image":[{"width":1414,"height":1000,"url":"https:\/\/beebipood.ee\/wp-content\/uploads\/2013\/09\/Vedrumadrats-Sleepwell-Red-Pocket-90x140-pehme-Madratsid-ja-kattemadratsid-Kuni-90cm-laiused-Lastemoobel-ja-sisustus-Sleepwell-soodushinnad_3-823.png","type":"image\/png"}],"twitter_card":"summary_large_image","twitter_misc":{"\u041f\u0440\u0438\u043c\u0435\u0440\u043d\u043e\u0435 \u0432\u0440\u0435\u043c\u044f \u0434\u043b\u044f \u0447\u0442\u0435\u043d\u0438\u044f":"1 \u043c\u0438\u043d\u0443\u0442\u0430"},"schema":{"@context":"https:\/\/schema.org","@graph":[{"@type":"WebPage","@id":"https:\/\/beebipood.ee\/ru\/produkt\/vedrumadrats-sleepwell-red-pocket-90x140-pehme\/","url":"https:\/\/beebipood.ee\/ru\/produkt\/vedrumadrats-sleepwell-red-pocket-90x140-pehme\/","name":"Vedrumadrats Sleepwell Red Pocket 90x140, pehme, \u041c\u0430\u0442\u0440\u0430\u0441\u044b \u0438 \u043c\u0430\u0442\u0440\u0430\u0441\u044b-\u043f\u043e\u043a\u0440\u044b\u0432\u0430\u043b\u0430, \u0428\u0438\u0440\u0438\u043d\u043e\u0439 \u0434\u043e 90 c\u043c, M\u0435\u0431\u0435\u043b\u044c, Sleepwell soodushinnad, Beebipood","isPartOf":{"@id":"https:\/\/beebipood.ee\/ru\/#website"},"primaryImageOfPage":{"@id":"https:\/\/beebipood.ee\/ru\/produkt\/vedrumadrats-sleepwell-red-pocket-90x140-pehme\/#primaryimage"},"image":{"@id":"https:\/\/beebipood.ee\/ru\/produkt\/vedrumadrats-sleepwell-red-pocket-90x140-pehme\/#primaryimage"},"thumbnailUrl":"https:\/\/beebipood.ee\/wp-content\/uploads\/2013\/09\/Vedrumadrats-Sleepwell-Red-Pocket-90x140-pehme-Madratsid-ja-kattemadratsid-Kuni-90cm-laiused-Lastemoobel-ja-sisustus-Sleepwell-soodushinnad_3-823.png","datePublished":"2013-09-02T10:45:44+00:00","dateModified":"2025-01-09T08:52:25+00:00","description":"Vedrumadrats Sleepwell Red Pocket 90x140, pehme, T&otilde;eliselt mugav ja kvaliteetne vedrumadrats,mille sisuks on pakitud 5-tsooniline pocket-vedrust","breadcrumb":{"@id":"https:\/\/beebipood.ee\/ru\/produkt\/vedrumadrats-sleepwell-red-pocket-90x140-pehme\/#breadcrumb"},"inLanguage":"ru-RU","potentialAction":[{"@type":"ReadAction","target":["https:\/\/beebipood.ee\/ru\/produkt\/vedrumadrats-sleepwell-red-pocket-90x140-pehme\/"]}]},{"@type":"ImageObject","inLanguage":"ru-RU","@id":"https:\/\/beebipood.ee\/ru\/produkt\/vedrumadrats-sleepwell-red-pocket-90x140-pehme\/#primaryimage","url":"https:\/\/beebipood.ee\/wp-content\/uploads\/2013\/09\/Vedrumadrats-Sleepwell-Red-Pocket-90x140-pehme-Madratsid-ja-kattemadratsid-Kuni-90cm-laiused-Lastemoobel-ja-sisustus-Sleepwell-soodushinnad_3-823.png","contentUrl":"https:\/\/beebipood.ee\/wp-content\/uploads\/2013\/09\/Vedrumadrats-Sleepwell-Red-Pocket-90x140-pehme-Madratsid-ja-kattemadratsid-Kuni-90cm-laiused-Lastemoobel-ja-sisustus-Sleepwell-soodushinnad_3-823.png","width":1414,"height":1000},{"@type":"BreadcrumbList","@id":"https:\/\/beebipood.ee\/ru\/produkt\/vedrumadrats-sleepwell-red-pocket-90x140-pehme\/#breadcrumb","itemListElement":[{"@type":"ListItem","position":1,"name":"Home","item":"https:\/\/beebipood.ee\/ru\/"},{"@type":"ListItem","position":2,"name":"\u041a\u0430\u0442\u0430\u043b\u043e\u0433 \u0442\u043e\u0432\u0430\u0440\u043e\u0432","item":"https:\/\/beebipood.ee\/tooted\/"},{"@type":"ListItem","position":3,"name":"Vedrumadrats Sleepwell Red Pocket 90&#215;140, pehme"}]},{"@type":"WebSite","@id":"https:\/\/beebipood.ee\/ru\/#website","url":"https:\/\/beebipood.ee\/ru\/","name":"Beebipood","description":"Lastekaubad, beebikaubad, m\u00e4nguasjad","publisher":{"@id":"https:\/\/beebipood.ee\/ru\/#organization"},"potentialAction":[{"@type":"SearchAction","target":{"@type":"EntryPoint","urlTemplate":"https:\/\/beebipood.ee\/ru\/?s={search_term_string}"},"query-input":{"@type":"PropertyValueSpecification","valueRequired":true,"valueName":"search_term_string"}}],"inLanguage":"ru-RU"},{"@type":"Organization","@id":"https:\/\/beebipood.ee\/ru\/#organization","name":"Beebipood","url":"https:\/\/beebipood.ee\/ru\/","logo":{"@type":"ImageObject","inLanguage":"ru-RU","@id":"https:\/\/beebipood.ee\/ru\/#\/schema\/logo\/image\/","url":"https:\/\/beebipood.ee\/wp-content\/uploads\/2025\/03\/beebipood.ee-logo-1.svg","contentUrl":"https:\/\/beebipood.ee\/wp-content\/uploads\/2025\/03\/beebipood.ee-logo-1.svg","caption":"Beebipood"},"image":{"@id":"https:\/\/beebipood.ee\/ru\/#\/schema\/logo\/image\/"}}]}},"brands":[{"id":11949,"name":"Sleepwell","slug":"sleepwell-ru"}],"_links":{"self":[{"href":"https:\/\/beebipood.ee\/ru\/wp-json\/wp\/v2\/product\/454446","targetHints":{"allow":["GET"]}}],"collection":[{"href":"https:\/\/beebipood.ee\/ru\/wp-json\/wp\/v2\/product"}],"about":[{"href":"https:\/\/beebipood.ee\/ru\/wp-json\/wp\/v2\/types\/product"}],"wp:featuredmedia":[{"embeddable":true,"href":"https:\/\/beebipood.ee\/ru\/wp-json\/wp\/v2\/media\/100519"}],"wp:attachment":[{"href":"https:\/\/beebipood.ee\/ru\/wp-json\/wp\/v2\/media?parent=454446"}],"wp:term":[{"taxonomy":"pwb-brand","embeddable":true,"href":"https:\/\/beebipood.ee\/ru\/wp-json\/wp\/v2\/pwb-brand?post=454446"},{"taxonomy":"product_brand","embeddable":true,"href":"https:\/\/beebipood.ee\/ru\/wp-json\/wp\/v2\/product_brand?post=454446"},{"taxonomy":"product_cat","embeddable":true,"href":"https:\/\/beebipood.ee\/ru\/wp-json\/wp\/v2\/product_cat?post=454446"},{"taxonomy":"product_tag","embeddable":true,"href":"https:\/\/beebipood.ee\/ru\/wp-json\/wp\/v2\/product_tag?post=454446"}],"curies":[{"name":"wp","href":"https:\/\/api.w.org\/{rel}","templated":true}]}}