{"id":454476,"date":"2013-09-02T13:46:09","date_gmt":"2013-09-02T10:46:09","guid":{"rendered":"https:\/\/beebipood.ee\/toode\/maxi-cosi-swift-reisivoodi-manguaedik-beyond-grey\/"},"modified":"2025-01-09T10:52:23","modified_gmt":"2025-01-09T08:52:23","slug":"maxi-cosi-swift-reisivoodi-manguaedik-beyond-grey","status":"publish","type":"product","link":"https:\/\/beebipood.ee\/ru\/produkt\/maxi-cosi-swift-reisivoodi-manguaedik-beyond-grey\/","title":{"rendered":"Maxi-Cosi Swift reisivoodi\/m\u00e4nguaedik, Beyond Grey"},"content":{"rendered":"<p>Maxi-Cosi multifunktsionaalne reisivoodi Swift <br \/>on m\u00f5eldud muutma sinu igap\u00e4eva elu lihtsamaks ja mugavamaks.<br \/>3in1 lahendus h\u00f5lmab endas beebih\u00e4lli (\u00fclemisel k\u00f5rgusel), <br \/>reisivoodit (alumisel k\u00f5rgusel) ning m\u00e4nguaedikut.<br \/>Maxi-Cosi Swift kaaluks on ainult 7kg <br \/>ning selle kokkupanek v\u00f5tab aega k\u00f5igest \u00fche sekundi!<\/p>\n<p><span style=\"text-decoration: underline;\">Kasutajamugavus<\/span><br \/>Vasts\u00fcndinu jaoks on m\u00f5eldud \u00fclemine k\u00f5rgus, mida on hea kasutada beebih\u00e4llina<br \/>\u00dclemise k\u00f5rguse jaoks m\u00f5eldud alus kinnitub v\u00e4ga lihtsasti <br \/>\u00dclimalt kerge kaaluga &#8212; komplektis kaasas ka transpordikott<br \/>\u00dclimalt kompaktne<br \/>Mugavus<br \/>Alumine madratsip\u00f5hi on p\u00f5randast k\u00f5rgemal &#8212; laps ei pea k\u00fclma p\u00f5randa peal magama<br \/>Paks poroloonist madrats tagab lapsele \u00fclima mugavuse<br \/>Reisivoodi on \u00fcmbritsetud v\u00f5rkkangast &#8212; hea last j\u00e4lgida ning \u00f5hk liigub l\u00e4bi<br \/>\u00dcldine<br \/>M\u00f5eldud kasutamiseks lastele alates s\u00fcnnist kuni kaaluni 15kg<br \/>Stiilne ja elegantne disain sobitub sinu interj\u00f6\u00f6riga<br \/><span style=\"text-decoration: underline;\">N\u00e4itajad<\/span><br \/>Kaal 6,7kg<br \/>M\u00f5\u00f5dud 86 x 106 x 76cm (laius, pikkus, k\u00f5rgus)<br \/>M\u00f5\u00f5dud kokkupandult 26 x 78 x 26cm (laius, pikkus, k\u00f5rgus)<br \/>Madratsi m\u00f5\u00f5dud vasts\u00fcndinu positsioonis 48 x 78 x 3cm (laius, pikkus, paksus)<br \/>Madratsi m\u00f5\u00f5dud alumises positsioonis 78 x 87 x 3cm (laius, pikkus, paksus)<\/p>\n","protected":false},"excerpt":{"rendered":"<p>Maxi-Cosi multifunktsionaalne reisivoodi Swift on m\u00f5eldud muutma sinu igap\u00e4eva elu lihtsamaks ja mugavamaks.3in1 lahendus h\u00f5lmab endas beebih\u00e4lli (\u00fclemisel k\u00f5rgusel), reisivoodit (alumisel k\u00f5rgusel) ning m\u00e4nguaedikut.Maxi-Cosi Swift kaaluks on ainult 7kg ning selle kokkupanek v\u00f5tab aega k\u00f5igest \u00fche sekundi! KasutajamugavusVasts\u00fcndinu jaoks on m\u00f5eldud \u00fclemine k\u00f5rgus, mida on hea kasutada beebih\u00e4llina\u00dclemise k\u00f5rguse jaoks m\u00f5eldud alus kinnitub v\u00e4ga lihtsasti [&hellip;]<\/p>\n","protected":false},"featured_media":100567,"template":"","meta":{"_acf_changed":false},"pwb-brand":[11961],"product_brand":[],"product_cat":[11569,11553,11789],"product_tag":[],"class_list":{"0":"post-454476","1":"product","2":"type-product","3":"status-publish","4":"has-post-thumbnail","6":"pwb-brand-maxi-cosi-ru","7":"product_cat-reisivoodid-ru","8":"product_cat-beebivoodid-reisivoodid-hallid-ru","9":"product_cat-lastemoobel-ja-sisustus-ru","10":"pa_manufacturer-maxi_cosi-ru","12":"first","13":"onbackorder","14":"taxable","15":"shipping-taxable","16":"purchasable","17":"product-type-simple"},"exclude_global_add_ons":[],"addons":[],"acf":[],"yoast_head":"<!-- This site is optimized with the Yoast SEO plugin v27.1.1 - https:\/\/yoast.com\/product\/yoast-seo-wordpress\/ -->\n<title>Maxi-Cosi Swift reisivoodi\/m\u00e4nguaedik, Beyond Grey, \u0414\u0435\u0442\u0441\u043a\u0438e \u043a\u0440\u043e\u0432\u0430\u0442\u043a\u0438, \u043f\u0435\u0440\u0435\u043d\u043e\u0441\u043d\u044b\u0435 \u043a\u0440\u043e\u0432\u0430\u0442\u043a\u0438, \u043b\u044e\u043b\u044c\u043a\u0438, \u041f\u0435\u0440\u0435\u043d\u043e\u0441\u043d\u044b\u0435 \u043a\u0440\u043e\u0432\u0430\u0442\u043a\u0438, \u041d\u041e\u0412\u042b\u0415 \u0422\u041e\u0412\u0410\u0420\u042b, M\u0435\u0431\u0435\u043b\u044c, Beebipood<\/title>\n<meta name=\"description\" content=\"Maxi-Cosi Swift reisivoodi\/m\u00e4nguaedik, Beyond Grey, Maxi-Cosi multifunktsionaalne reisivoodi Swift on m&otilde;eldud muutma sinu igap&auml;eva elu lih\" \/>\n<meta name=\"robots\" content=\"index, follow, max-snippet:-1, max-image-preview:large, max-video-preview:-1\" \/>\n<link rel=\"canonical\" href=\"https:\/\/beebipood.ee\/ru\/produkt\/maxi-cosi-swift-reisivoodi-manguaedik-beyond-grey\/\" \/>\n<meta property=\"og:locale\" content=\"ru_RU\" \/>\n<meta property=\"og:type\" content=\"article\" \/>\n<meta property=\"og:title\" content=\"Maxi-Cosi Swift reisivoodi\/m\u00e4nguaedik, Beyond Grey, \u0414\u0435\u0442\u0441\u043a\u0438e \u043a\u0440\u043e\u0432\u0430\u0442\u043a\u0438, \u043f\u0435\u0440\u0435\u043d\u043e\u0441\u043d\u044b\u0435 \u043a\u0440\u043e\u0432\u0430\u0442\u043a\u0438, \u043b\u044e\u043b\u044c\u043a\u0438, \u041f\u0435\u0440\u0435\u043d\u043e\u0441\u043d\u044b\u0435 \u043a\u0440\u043e\u0432\u0430\u0442\u043a\u0438, \u041d\u041e\u0412\u042b\u0415 \u0422\u041e\u0412\u0410\u0420\u042b, M\u0435\u0431\u0435\u043b\u044c, Beebipood\" \/>\n<meta property=\"og:description\" content=\"Maxi-Cosi Swift reisivoodi\/m\u00e4nguaedik, Beyond Grey, Maxi-Cosi multifunktsionaalne reisivoodi Swift on m&otilde;eldud muutma sinu igap&auml;eva elu lih\" \/>\n<meta property=\"og:url\" content=\"https:\/\/beebipood.ee\/ru\/produkt\/maxi-cosi-swift-reisivoodi-manguaedik-beyond-grey\/\" \/>\n<meta property=\"og:site_name\" content=\"Beebipood\" \/>\n<meta property=\"article:modified_time\" content=\"2025-01-09T08:52:23+00:00\" \/>\n<meta property=\"og:image\" content=\"https:\/\/beebipood.ee\/wp-content\/uploads\/2013\/09\/MaxiCosi-Swift-reisivoodimanguaedik-Beyond-Grey-Beebivoodid-reisivoodid-hallid-Reisivoodid_2-96e.jpg\" \/>\n\t<meta property=\"og:image:width\" content=\"1062\" \/>\n\t<meta property=\"og:image:height\" content=\"1200\" \/>\n\t<meta property=\"og:image:type\" content=\"image\/jpeg\" \/>\n<meta name=\"twitter:card\" content=\"summary_large_image\" \/>\n<meta name=\"twitter:label1\" content=\"\u041f\u0440\u0438\u043c\u0435\u0440\u043d\u043e\u0435 \u0432\u0440\u0435\u043c\u044f \u0434\u043b\u044f \u0447\u0442\u0435\u043d\u0438\u044f\" \/>\n\t<meta name=\"twitter:data1\" content=\"1 \u043c\u0438\u043d\u0443\u0442\u0430\" \/>\n<script type=\"application\/ld+json\" class=\"yoast-schema-graph\">{\"@context\":\"https:\/\/schema.org\",\"@graph\":[{\"@type\":\"WebPage\",\"@id\":\"https:\/\/beebipood.ee\/ru\/produkt\/maxi-cosi-swift-reisivoodi-manguaedik-beyond-grey\/\",\"url\":\"https:\/\/beebipood.ee\/ru\/produkt\/maxi-cosi-swift-reisivoodi-manguaedik-beyond-grey\/\",\"name\":\"Maxi-Cosi Swift reisivoodi\/m\u00e4nguaedik, Beyond Grey, \u0414\u0435\u0442\u0441\u043a\u0438e \u043a\u0440\u043e\u0432\u0430\u0442\u043a\u0438, \u043f\u0435\u0440\u0435\u043d\u043e\u0441\u043d\u044b\u0435 \u043a\u0440\u043e\u0432\u0430\u0442\u043a\u0438, \u043b\u044e\u043b\u044c\u043a\u0438, \u041f\u0435\u0440\u0435\u043d\u043e\u0441\u043d\u044b\u0435 \u043a\u0440\u043e\u0432\u0430\u0442\u043a\u0438, \u041d\u041e\u0412\u042b\u0415 \u0422\u041e\u0412\u0410\u0420\u042b, M\u0435\u0431\u0435\u043b\u044c, Beebipood\",\"isPartOf\":{\"@id\":\"https:\/\/beebipood.ee\/ru\/#website\"},\"primaryImageOfPage\":{\"@id\":\"https:\/\/beebipood.ee\/ru\/produkt\/maxi-cosi-swift-reisivoodi-manguaedik-beyond-grey\/#primaryimage\"},\"image\":{\"@id\":\"https:\/\/beebipood.ee\/ru\/produkt\/maxi-cosi-swift-reisivoodi-manguaedik-beyond-grey\/#primaryimage\"},\"thumbnailUrl\":\"https:\/\/beebipood.ee\/wp-content\/uploads\/2013\/09\/MaxiCosi-Swift-reisivoodimanguaedik-Beyond-Grey-Beebivoodid-reisivoodid-hallid-Reisivoodid_2-96e.jpg\",\"datePublished\":\"2013-09-02T10:46:09+00:00\",\"dateModified\":\"2025-01-09T08:52:23+00:00\",\"description\":\"Maxi-Cosi Swift reisivoodi\/m\u00e4nguaedik, Beyond Grey, Maxi-Cosi multifunktsionaalne reisivoodi Swift on m&otilde;eldud muutma sinu igap&auml;eva elu lih\",\"breadcrumb\":{\"@id\":\"https:\/\/beebipood.ee\/ru\/produkt\/maxi-cosi-swift-reisivoodi-manguaedik-beyond-grey\/#breadcrumb\"},\"inLanguage\":\"ru-RU\",\"potentialAction\":[{\"@type\":\"ReadAction\",\"target\":[\"https:\/\/beebipood.ee\/ru\/produkt\/maxi-cosi-swift-reisivoodi-manguaedik-beyond-grey\/\"]}]},{\"@type\":\"ImageObject\",\"inLanguage\":\"ru-RU\",\"@id\":\"https:\/\/beebipood.ee\/ru\/produkt\/maxi-cosi-swift-reisivoodi-manguaedik-beyond-grey\/#primaryimage\",\"url\":\"https:\/\/beebipood.ee\/wp-content\/uploads\/2013\/09\/MaxiCosi-Swift-reisivoodimanguaedik-Beyond-Grey-Beebivoodid-reisivoodid-hallid-Reisivoodid_2-96e.jpg\",\"contentUrl\":\"https:\/\/beebipood.ee\/wp-content\/uploads\/2013\/09\/MaxiCosi-Swift-reisivoodimanguaedik-Beyond-Grey-Beebivoodid-reisivoodid-hallid-Reisivoodid_2-96e.jpg\",\"width\":1062,\"height\":1200},{\"@type\":\"BreadcrumbList\",\"@id\":\"https:\/\/beebipood.ee\/ru\/produkt\/maxi-cosi-swift-reisivoodi-manguaedik-beyond-grey\/#breadcrumb\",\"itemListElement\":[{\"@type\":\"ListItem\",\"position\":1,\"name\":\"Home\",\"item\":\"https:\/\/beebipood.ee\/ru\/\"},{\"@type\":\"ListItem\",\"position\":2,\"name\":\"\u041a\u0430\u0442\u0430\u043b\u043e\u0433 \u0442\u043e\u0432\u0430\u0440\u043e\u0432\",\"item\":\"https:\/\/beebipood.ee\/tooted\/\"},{\"@type\":\"ListItem\",\"position\":3,\"name\":\"Maxi-Cosi Swift reisivoodi\/m\u00e4nguaedik, Beyond Grey\"}]},{\"@type\":\"WebSite\",\"@id\":\"https:\/\/beebipood.ee\/ru\/#website\",\"url\":\"https:\/\/beebipood.ee\/ru\/\",\"name\":\"Beebipood\",\"description\":\"Lastekaubad, beebikaubad, m\u00e4nguasjad\",\"publisher\":{\"@id\":\"https:\/\/beebipood.ee\/ru\/#organization\"},\"potentialAction\":[{\"@type\":\"SearchAction\",\"target\":{\"@type\":\"EntryPoint\",\"urlTemplate\":\"https:\/\/beebipood.ee\/ru\/?s={search_term_string}\"},\"query-input\":{\"@type\":\"PropertyValueSpecification\",\"valueRequired\":true,\"valueName\":\"search_term_string\"}}],\"inLanguage\":\"ru-RU\"},{\"@type\":\"Organization\",\"@id\":\"https:\/\/beebipood.ee\/ru\/#organization\",\"name\":\"Beebipood\",\"url\":\"https:\/\/beebipood.ee\/ru\/\",\"logo\":{\"@type\":\"ImageObject\",\"inLanguage\":\"ru-RU\",\"@id\":\"https:\/\/beebipood.ee\/ru\/#\/schema\/logo\/image\/\",\"url\":\"https:\/\/beebipood.ee\/wp-content\/uploads\/2025\/03\/beebipood.ee-logo-1.svg\",\"contentUrl\":\"https:\/\/beebipood.ee\/wp-content\/uploads\/2025\/03\/beebipood.ee-logo-1.svg\",\"caption\":\"Beebipood\"},\"image\":{\"@id\":\"https:\/\/beebipood.ee\/ru\/#\/schema\/logo\/image\/\"}}]}<\/script>\n<!-- \/ Yoast SEO plugin. -->","yoast_head_json":{"title":"Maxi-Cosi Swift reisivoodi\/m\u00e4nguaedik, Beyond Grey, \u0414\u0435\u0442\u0441\u043a\u0438e \u043a\u0440\u043e\u0432\u0430\u0442\u043a\u0438, \u043f\u0435\u0440\u0435\u043d\u043e\u0441\u043d\u044b\u0435 \u043a\u0440\u043e\u0432\u0430\u0442\u043a\u0438, \u043b\u044e\u043b\u044c\u043a\u0438, \u041f\u0435\u0440\u0435\u043d\u043e\u0441\u043d\u044b\u0435 \u043a\u0440\u043e\u0432\u0430\u0442\u043a\u0438, \u041d\u041e\u0412\u042b\u0415 \u0422\u041e\u0412\u0410\u0420\u042b, M\u0435\u0431\u0435\u043b\u044c, Beebipood","description":"Maxi-Cosi Swift reisivoodi\/m\u00e4nguaedik, Beyond Grey, Maxi-Cosi multifunktsionaalne reisivoodi Swift on m&otilde;eldud muutma sinu igap&auml;eva elu lih","robots":{"index":"index","follow":"follow","max-snippet":"max-snippet:-1","max-image-preview":"max-image-preview:large","max-video-preview":"max-video-preview:-1"},"canonical":"https:\/\/beebipood.ee\/ru\/produkt\/maxi-cosi-swift-reisivoodi-manguaedik-beyond-grey\/","og_locale":"ru_RU","og_type":"article","og_title":"Maxi-Cosi Swift reisivoodi\/m\u00e4nguaedik, Beyond Grey, \u0414\u0435\u0442\u0441\u043a\u0438e \u043a\u0440\u043e\u0432\u0430\u0442\u043a\u0438, \u043f\u0435\u0440\u0435\u043d\u043e\u0441\u043d\u044b\u0435 \u043a\u0440\u043e\u0432\u0430\u0442\u043a\u0438, \u043b\u044e\u043b\u044c\u043a\u0438, \u041f\u0435\u0440\u0435\u043d\u043e\u0441\u043d\u044b\u0435 \u043a\u0440\u043e\u0432\u0430\u0442\u043a\u0438, \u041d\u041e\u0412\u042b\u0415 \u0422\u041e\u0412\u0410\u0420\u042b, M\u0435\u0431\u0435\u043b\u044c, Beebipood","og_description":"Maxi-Cosi Swift reisivoodi\/m\u00e4nguaedik, Beyond Grey, Maxi-Cosi multifunktsionaalne reisivoodi Swift on m&otilde;eldud muutma sinu igap&auml;eva elu lih","og_url":"https:\/\/beebipood.ee\/ru\/produkt\/maxi-cosi-swift-reisivoodi-manguaedik-beyond-grey\/","og_site_name":"Beebipood","article_modified_time":"2025-01-09T08:52:23+00:00","og_image":[{"width":1062,"height":1200,"url":"https:\/\/beebipood.ee\/wp-content\/uploads\/2013\/09\/MaxiCosi-Swift-reisivoodimanguaedik-Beyond-Grey-Beebivoodid-reisivoodid-hallid-Reisivoodid_2-96e.jpg","type":"image\/jpeg"}],"twitter_card":"summary_large_image","twitter_misc":{"\u041f\u0440\u0438\u043c\u0435\u0440\u043d\u043e\u0435 \u0432\u0440\u0435\u043c\u044f \u0434\u043b\u044f \u0447\u0442\u0435\u043d\u0438\u044f":"1 \u043c\u0438\u043d\u0443\u0442\u0430"},"schema":{"@context":"https:\/\/schema.org","@graph":[{"@type":"WebPage","@id":"https:\/\/beebipood.ee\/ru\/produkt\/maxi-cosi-swift-reisivoodi-manguaedik-beyond-grey\/","url":"https:\/\/beebipood.ee\/ru\/produkt\/maxi-cosi-swift-reisivoodi-manguaedik-beyond-grey\/","name":"Maxi-Cosi Swift reisivoodi\/m\u00e4nguaedik, Beyond Grey, \u0414\u0435\u0442\u0441\u043a\u0438e \u043a\u0440\u043e\u0432\u0430\u0442\u043a\u0438, \u043f\u0435\u0440\u0435\u043d\u043e\u0441\u043d\u044b\u0435 \u043a\u0440\u043e\u0432\u0430\u0442\u043a\u0438, \u043b\u044e\u043b\u044c\u043a\u0438, \u041f\u0435\u0440\u0435\u043d\u043e\u0441\u043d\u044b\u0435 \u043a\u0440\u043e\u0432\u0430\u0442\u043a\u0438, \u041d\u041e\u0412\u042b\u0415 \u0422\u041e\u0412\u0410\u0420\u042b, M\u0435\u0431\u0435\u043b\u044c, Beebipood","isPartOf":{"@id":"https:\/\/beebipood.ee\/ru\/#website"},"primaryImageOfPage":{"@id":"https:\/\/beebipood.ee\/ru\/produkt\/maxi-cosi-swift-reisivoodi-manguaedik-beyond-grey\/#primaryimage"},"image":{"@id":"https:\/\/beebipood.ee\/ru\/produkt\/maxi-cosi-swift-reisivoodi-manguaedik-beyond-grey\/#primaryimage"},"thumbnailUrl":"https:\/\/beebipood.ee\/wp-content\/uploads\/2013\/09\/MaxiCosi-Swift-reisivoodimanguaedik-Beyond-Grey-Beebivoodid-reisivoodid-hallid-Reisivoodid_2-96e.jpg","datePublished":"2013-09-02T10:46:09+00:00","dateModified":"2025-01-09T08:52:23+00:00","description":"Maxi-Cosi Swift reisivoodi\/m\u00e4nguaedik, Beyond Grey, Maxi-Cosi multifunktsionaalne reisivoodi Swift on m&otilde;eldud muutma sinu igap&auml;eva elu lih","breadcrumb":{"@id":"https:\/\/beebipood.ee\/ru\/produkt\/maxi-cosi-swift-reisivoodi-manguaedik-beyond-grey\/#breadcrumb"},"inLanguage":"ru-RU","potentialAction":[{"@type":"ReadAction","target":["https:\/\/beebipood.ee\/ru\/produkt\/maxi-cosi-swift-reisivoodi-manguaedik-beyond-grey\/"]}]},{"@type":"ImageObject","inLanguage":"ru-RU","@id":"https:\/\/beebipood.ee\/ru\/produkt\/maxi-cosi-swift-reisivoodi-manguaedik-beyond-grey\/#primaryimage","url":"https:\/\/beebipood.ee\/wp-content\/uploads\/2013\/09\/MaxiCosi-Swift-reisivoodimanguaedik-Beyond-Grey-Beebivoodid-reisivoodid-hallid-Reisivoodid_2-96e.jpg","contentUrl":"https:\/\/beebipood.ee\/wp-content\/uploads\/2013\/09\/MaxiCosi-Swift-reisivoodimanguaedik-Beyond-Grey-Beebivoodid-reisivoodid-hallid-Reisivoodid_2-96e.jpg","width":1062,"height":1200},{"@type":"BreadcrumbList","@id":"https:\/\/beebipood.ee\/ru\/produkt\/maxi-cosi-swift-reisivoodi-manguaedik-beyond-grey\/#breadcrumb","itemListElement":[{"@type":"ListItem","position":1,"name":"Home","item":"https:\/\/beebipood.ee\/ru\/"},{"@type":"ListItem","position":2,"name":"\u041a\u0430\u0442\u0430\u043b\u043e\u0433 \u0442\u043e\u0432\u0430\u0440\u043e\u0432","item":"https:\/\/beebipood.ee\/tooted\/"},{"@type":"ListItem","position":3,"name":"Maxi-Cosi Swift reisivoodi\/m\u00e4nguaedik, Beyond Grey"}]},{"@type":"WebSite","@id":"https:\/\/beebipood.ee\/ru\/#website","url":"https:\/\/beebipood.ee\/ru\/","name":"Beebipood","description":"Lastekaubad, beebikaubad, m\u00e4nguasjad","publisher":{"@id":"https:\/\/beebipood.ee\/ru\/#organization"},"potentialAction":[{"@type":"SearchAction","target":{"@type":"EntryPoint","urlTemplate":"https:\/\/beebipood.ee\/ru\/?s={search_term_string}"},"query-input":{"@type":"PropertyValueSpecification","valueRequired":true,"valueName":"search_term_string"}}],"inLanguage":"ru-RU"},{"@type":"Organization","@id":"https:\/\/beebipood.ee\/ru\/#organization","name":"Beebipood","url":"https:\/\/beebipood.ee\/ru\/","logo":{"@type":"ImageObject","inLanguage":"ru-RU","@id":"https:\/\/beebipood.ee\/ru\/#\/schema\/logo\/image\/","url":"https:\/\/beebipood.ee\/wp-content\/uploads\/2025\/03\/beebipood.ee-logo-1.svg","contentUrl":"https:\/\/beebipood.ee\/wp-content\/uploads\/2025\/03\/beebipood.ee-logo-1.svg","caption":"Beebipood"},"image":{"@id":"https:\/\/beebipood.ee\/ru\/#\/schema\/logo\/image\/"}}]}},"brands":[{"id":11961,"name":"Maxi-Cosi","slug":"maxi-cosi-ru"}],"_links":{"self":[{"href":"https:\/\/beebipood.ee\/ru\/wp-json\/wp\/v2\/product\/454476","targetHints":{"allow":["GET"]}}],"collection":[{"href":"https:\/\/beebipood.ee\/ru\/wp-json\/wp\/v2\/product"}],"about":[{"href":"https:\/\/beebipood.ee\/ru\/wp-json\/wp\/v2\/types\/product"}],"wp:featuredmedia":[{"embeddable":true,"href":"https:\/\/beebipood.ee\/ru\/wp-json\/wp\/v2\/media\/100567"}],"wp:attachment":[{"href":"https:\/\/beebipood.ee\/ru\/wp-json\/wp\/v2\/media?parent=454476"}],"wp:term":[{"taxonomy":"pwb-brand","embeddable":true,"href":"https:\/\/beebipood.ee\/ru\/wp-json\/wp\/v2\/pwb-brand?post=454476"},{"taxonomy":"product_brand","embeddable":true,"href":"https:\/\/beebipood.ee\/ru\/wp-json\/wp\/v2\/product_brand?post=454476"},{"taxonomy":"product_cat","embeddable":true,"href":"https:\/\/beebipood.ee\/ru\/wp-json\/wp\/v2\/product_cat?post=454476"},{"taxonomy":"product_tag","embeddable":true,"href":"https:\/\/beebipood.ee\/ru\/wp-json\/wp\/v2\/product_tag?post=454476"}],"curies":[{"name":"wp","href":"https:\/\/api.w.org\/{rel}","templated":true}]}}