{"id":454478,"date":"2013-09-02T13:46:09","date_gmt":"2013-09-02T10:46:09","guid":{"rendered":"https:\/\/beebipood.ee\/toode\/tutti-bambini-cozee-go-reisivoodi-oak-charcoal\/"},"modified":"2025-03-31T01:00:33","modified_gmt":"2025-03-30T22:00:33","slug":"tutti-bambini-cozee-go-reisivoodi-oak-charcoal","status":"publish","type":"product","link":"https:\/\/beebipood.ee\/ru\/produkt\/tutti-bambini-cozee-go-reisivoodi-oak-charcoal\/","title":{"rendered":"Tutti Bambini CoZee Go 3in1 reisivoodi, Oak-Charcoal"},"content":{"rendered":"<p>Tutti Bambini CoZee Go on kolm \u00fches toode, <br \/>mis h\u00f5lmab endas beebih\u00e4lli, reisivoodit ning m\u00e4nguaedikut.<br \/>Kompaktne ja kerge konstruktsioon <br \/>muudab selle ideaalseks kaaslaseks kodus v\u00f5i reisil.<br \/>&#8212; Kaks erinevat madratsip\u00f5hja k\u00f5rgust<br \/>&#8212; V\u00f5rkkangast seinad, <br \/>\u00a0 et tagada hea \u00f5huringlus ning n\u00e4htavus lapsevanemale<br \/>&#8212; Lukuga avatav k\u00fcljepaneel, <br \/>\u00a0 mis v\u00f5imaldab suuremal lapsel ise sisse ja v\u00e4lja liikuda<br \/>&#8212; Komplektis transpordikott<\/p>\n<p><span style=\"text-decoration: underline;\">Omadused<\/span><br \/>3in1 lahendus: beebih\u00e4ll, reisivoodi, m\u00e4nguaedik<br \/>V\u00f5rkkangast seinad, mis tagavad hea \u00f5huringluse<br \/>Kaks erinevat madratsik\u00f5rgust<br \/>Lihtsasti kokkupandav ning kompaktne<br \/>Beebih\u00e4lli kangas on v\u00f5imalik lukuga eemaldada ning masinpestav<br \/>Lukuga avatav k\u00fcljepaneel<br \/>Lisatarvikuna saadaval CoZee Go Day &#038; Night Shade, <br \/>mille abil saab reisivoodi pimedaks muuta<br \/><span style=\"text-decoration: underline;\">N\u00e4itajad<\/span><br \/>Kaal 6,5kg<br \/>M\u00f5\u00f5dud 133 x 98 x 65cm (pikkus, laius, k\u00f5rgus)<br \/>M\u00f5\u00f5dud kokkupandult 72 x 62 x 14cm (pikkus, laius, k\u00f5rgus)<br \/>Madratsim\u00f5\u00f5dud p\u00f5randal 120 x 80 x 3cm (pikkus, laius, k\u00f5rgus)<br \/>Madratsim\u00f5\u00f5dud beebih\u00e4lli k\u00f5rgusel 80 x 60 x 5cm (pikkus, laius, k\u00f5rgus)<br \/>Beebik\u00f5rgusel kasutatav kuni kaaluni 9kg<br \/>Ajakulu kokkupanemiseks umbes 1 minut<br \/><span style=\"text-decoration: underline;\">Milliseid linasid kasutada?<\/span><br \/>\u00dclemisel k\u00f5rgusel (beebih\u00e4llina kasutades) <br \/>saab kasutada tavalisi CoZee kummiga linasid. <br \/>Alumisel k\u00f5rgusel sobivad voodilinad, <br \/>mis on m\u00f5eldud m\u00f5\u00f5dule 70&#215;140 v\u00f5i 60x120cm.<br \/><span style=\"text-decoration: underline;\">Komplektis<\/span><br \/>CoZee Go reisivoodi<br \/>Madrats, mis sobib m\u00f5lemale k\u00f5rgusele<br \/>Transpordikott<\/p>\n","protected":false},"excerpt":{"rendered":"<p>Tutti Bambini CoZee Go on kolm \u00fches toode, mis h\u00f5lmab endas beebih\u00e4lli, reisivoodit ning m\u00e4nguaedikut.Kompaktne ja kerge konstruktsioon muudab selle ideaalseks kaaslaseks kodus v\u00f5i reisil.&#8212; Kaks erinevat madratsip\u00f5hja k\u00f5rgust&#8212; V\u00f5rkkangast seinad, \u00a0 et tagada hea \u00f5huringlus ning n\u00e4htavus lapsevanemale&#8212; Lukuga avatav k\u00fcljepaneel, \u00a0 mis v\u00f5imaldab suuremal lapsel ise sisse ja v\u00e4lja liikuda&#8212; Komplektis transpordikott Omadused3in1 [&hellip;]<\/p>\n","protected":false},"featured_media":100578,"template":"","meta":{"_acf_changed":false},"pwb-brand":[],"product_brand":[],"product_cat":[11569,11667],"product_tag":[],"class_list":{"0":"post-454478","1":"product","2":"type-product","3":"status-publish","4":"has-post-thumbnail","6":"product_cat-reisivoodid-ru","7":"product_cat-maneezid-ru","9":"first","10":"outofstock","11":"taxable","12":"shipping-taxable","13":"purchasable","14":"product-type-simple"},"exclude_global_add_ons":[],"addons":[],"acf":[],"yoast_head":"<!-- This site is optimized with the Yoast SEO plugin v27.1.1 - https:\/\/yoast.com\/product\/yoast-seo-wordpress\/ -->\n<title>Tutti Bambini CoZee Go 3in1 reisivoodi, Oak-Charcoal, \u041b\u044e\u043b\u044c\u043a\u0438 \u0438 \u043a\u0430\u0440\u043c\u0430\u0448\u043a\u0438 \u0434\u043b\u044f \u043a\u0440\u043e\u0432\u0430\u0442\u043a\u0438, \u0421\u041a\u0418\u0414\u041a\u0418, M\u0430\u043d\u0435\u0436\u0438, Beebipood<\/title>\n<meta name=\"description\" content=\"Tutti Bambini CoZee Go 3in1 reisivoodi, Oak-Charcoal, Tutti Bambini CoZee Go on kolm &uuml;hes toode, mis h&otilde;lmab endas beebih&auml;lli, reisivoo\" \/>\n<meta name=\"robots\" content=\"index, follow, max-snippet:-1, max-image-preview:large, max-video-preview:-1\" \/>\n<link rel=\"canonical\" href=\"https:\/\/beebipood.ee\/ru\/produkt\/tutti-bambini-cozee-go-reisivoodi-oak-charcoal\/\" \/>\n<meta property=\"og:locale\" content=\"ru_RU\" \/>\n<meta property=\"og:type\" content=\"article\" \/>\n<meta property=\"og:title\" content=\"Tutti Bambini CoZee Go 3in1 reisivoodi, Oak-Charcoal, \u041b\u044e\u043b\u044c\u043a\u0438 \u0438 \u043a\u0430\u0440\u043c\u0430\u0448\u043a\u0438 \u0434\u043b\u044f \u043a\u0440\u043e\u0432\u0430\u0442\u043a\u0438, \u0421\u041a\u0418\u0414\u041a\u0418, M\u0430\u043d\u0435\u0436\u0438, Beebipood\" \/>\n<meta property=\"og:description\" content=\"Tutti Bambini CoZee Go 3in1 reisivoodi, Oak-Charcoal, Tutti Bambini CoZee Go on kolm &uuml;hes toode, mis h&otilde;lmab endas beebih&auml;lli, reisivoo\" \/>\n<meta property=\"og:url\" content=\"https:\/\/beebipood.ee\/ru\/produkt\/tutti-bambini-cozee-go-reisivoodi-oak-charcoal\/\" \/>\n<meta property=\"og:site_name\" content=\"Beebipood\" \/>\n<meta property=\"article:modified_time\" content=\"2025-03-30T22:00:33+00:00\" \/>\n<meta property=\"og:image\" content=\"https:\/\/beebipood.ee\/wp-content\/uploads\/2013\/09\/Tutti-Bambini-CoZee-Go-reisivoodi-OakCharcoal-Beebivoodid-reisivoodid-hallid-Reisivoodid-Lastemoobel-ja-sisustus_1-7a5.jpg\" \/>\n\t<meta property=\"og:image:width\" content=\"1000\" \/>\n\t<meta property=\"og:image:height\" content=\"1000\" \/>\n\t<meta property=\"og:image:type\" content=\"image\/jpeg\" \/>\n<meta name=\"twitter:card\" content=\"summary_large_image\" \/>\n<meta name=\"twitter:label1\" content=\"\u041f\u0440\u0438\u043c\u0435\u0440\u043d\u043e\u0435 \u0432\u0440\u0435\u043c\u044f \u0434\u043b\u044f \u0447\u0442\u0435\u043d\u0438\u044f\" \/>\n\t<meta name=\"twitter:data1\" content=\"1 \u043c\u0438\u043d\u0443\u0442\u0430\" \/>\n<script type=\"application\/ld+json\" class=\"yoast-schema-graph\">{\"@context\":\"https:\/\/schema.org\",\"@graph\":[{\"@type\":\"WebPage\",\"@id\":\"https:\/\/beebipood.ee\/ru\/produkt\/tutti-bambini-cozee-go-reisivoodi-oak-charcoal\/\",\"url\":\"https:\/\/beebipood.ee\/ru\/produkt\/tutti-bambini-cozee-go-reisivoodi-oak-charcoal\/\",\"name\":\"Tutti Bambini CoZee Go 3in1 reisivoodi, Oak-Charcoal, \u041b\u044e\u043b\u044c\u043a\u0438 \u0438 \u043a\u0430\u0440\u043c\u0430\u0448\u043a\u0438 \u0434\u043b\u044f \u043a\u0440\u043e\u0432\u0430\u0442\u043a\u0438, \u0421\u041a\u0418\u0414\u041a\u0418, M\u0430\u043d\u0435\u0436\u0438, Beebipood\",\"isPartOf\":{\"@id\":\"https:\/\/beebipood.ee\/ru\/#website\"},\"primaryImageOfPage\":{\"@id\":\"https:\/\/beebipood.ee\/ru\/produkt\/tutti-bambini-cozee-go-reisivoodi-oak-charcoal\/#primaryimage\"},\"image\":{\"@id\":\"https:\/\/beebipood.ee\/ru\/produkt\/tutti-bambini-cozee-go-reisivoodi-oak-charcoal\/#primaryimage\"},\"thumbnailUrl\":\"https:\/\/beebipood.ee\/wp-content\/uploads\/2013\/09\/Tutti-Bambini-CoZee-Go-reisivoodi-OakCharcoal-Beebivoodid-reisivoodid-hallid-Reisivoodid-Lastemoobel-ja-sisustus_1-7a5.jpg\",\"datePublished\":\"2013-09-02T10:46:09+00:00\",\"dateModified\":\"2025-03-30T22:00:33+00:00\",\"description\":\"Tutti Bambini CoZee Go 3in1 reisivoodi, Oak-Charcoal, Tutti Bambini CoZee Go on kolm &uuml;hes toode, mis h&otilde;lmab endas beebih&auml;lli, reisivoo\",\"breadcrumb\":{\"@id\":\"https:\/\/beebipood.ee\/ru\/produkt\/tutti-bambini-cozee-go-reisivoodi-oak-charcoal\/#breadcrumb\"},\"inLanguage\":\"ru-RU\",\"potentialAction\":[{\"@type\":\"ReadAction\",\"target\":[\"https:\/\/beebipood.ee\/ru\/produkt\/tutti-bambini-cozee-go-reisivoodi-oak-charcoal\/\"]}]},{\"@type\":\"ImageObject\",\"inLanguage\":\"ru-RU\",\"@id\":\"https:\/\/beebipood.ee\/ru\/produkt\/tutti-bambini-cozee-go-reisivoodi-oak-charcoal\/#primaryimage\",\"url\":\"https:\/\/beebipood.ee\/wp-content\/uploads\/2013\/09\/Tutti-Bambini-CoZee-Go-reisivoodi-OakCharcoal-Beebivoodid-reisivoodid-hallid-Reisivoodid-Lastemoobel-ja-sisustus_1-7a5.jpg\",\"contentUrl\":\"https:\/\/beebipood.ee\/wp-content\/uploads\/2013\/09\/Tutti-Bambini-CoZee-Go-reisivoodi-OakCharcoal-Beebivoodid-reisivoodid-hallid-Reisivoodid-Lastemoobel-ja-sisustus_1-7a5.jpg\",\"width\":1000,\"height\":1000},{\"@type\":\"BreadcrumbList\",\"@id\":\"https:\/\/beebipood.ee\/ru\/produkt\/tutti-bambini-cozee-go-reisivoodi-oak-charcoal\/#breadcrumb\",\"itemListElement\":[{\"@type\":\"ListItem\",\"position\":1,\"name\":\"Home\",\"item\":\"https:\/\/beebipood.ee\/ru\/\"},{\"@type\":\"ListItem\",\"position\":2,\"name\":\"\u041a\u0430\u0442\u0430\u043b\u043e\u0433 \u0442\u043e\u0432\u0430\u0440\u043e\u0432\",\"item\":\"https:\/\/beebipood.ee\/tooted\/\"},{\"@type\":\"ListItem\",\"position\":3,\"name\":\"Tutti Bambini CoZee Go 3in1 reisivoodi, Oak-Charcoal\"}]},{\"@type\":\"WebSite\",\"@id\":\"https:\/\/beebipood.ee\/ru\/#website\",\"url\":\"https:\/\/beebipood.ee\/ru\/\",\"name\":\"Beebipood\",\"description\":\"Lastekaubad, beebikaubad, m\u00e4nguasjad\",\"publisher\":{\"@id\":\"https:\/\/beebipood.ee\/ru\/#organization\"},\"potentialAction\":[{\"@type\":\"SearchAction\",\"target\":{\"@type\":\"EntryPoint\",\"urlTemplate\":\"https:\/\/beebipood.ee\/ru\/?s={search_term_string}\"},\"query-input\":{\"@type\":\"PropertyValueSpecification\",\"valueRequired\":true,\"valueName\":\"search_term_string\"}}],\"inLanguage\":\"ru-RU\"},{\"@type\":\"Organization\",\"@id\":\"https:\/\/beebipood.ee\/ru\/#organization\",\"name\":\"Beebipood\",\"url\":\"https:\/\/beebipood.ee\/ru\/\",\"logo\":{\"@type\":\"ImageObject\",\"inLanguage\":\"ru-RU\",\"@id\":\"https:\/\/beebipood.ee\/ru\/#\/schema\/logo\/image\/\",\"url\":\"https:\/\/beebipood.ee\/wp-content\/uploads\/2025\/03\/beebipood.ee-logo-1.svg\",\"contentUrl\":\"https:\/\/beebipood.ee\/wp-content\/uploads\/2025\/03\/beebipood.ee-logo-1.svg\",\"caption\":\"Beebipood\"},\"image\":{\"@id\":\"https:\/\/beebipood.ee\/ru\/#\/schema\/logo\/image\/\"}}]}<\/script>\n<!-- \/ Yoast SEO plugin. -->","yoast_head_json":{"title":"Tutti Bambini CoZee Go 3in1 reisivoodi, Oak-Charcoal, \u041b\u044e\u043b\u044c\u043a\u0438 \u0438 \u043a\u0430\u0440\u043c\u0430\u0448\u043a\u0438 \u0434\u043b\u044f \u043a\u0440\u043e\u0432\u0430\u0442\u043a\u0438, \u0421\u041a\u0418\u0414\u041a\u0418, M\u0430\u043d\u0435\u0436\u0438, Beebipood","description":"Tutti Bambini CoZee Go 3in1 reisivoodi, Oak-Charcoal, Tutti Bambini CoZee Go on kolm &uuml;hes toode, mis h&otilde;lmab endas beebih&auml;lli, reisivoo","robots":{"index":"index","follow":"follow","max-snippet":"max-snippet:-1","max-image-preview":"max-image-preview:large","max-video-preview":"max-video-preview:-1"},"canonical":"https:\/\/beebipood.ee\/ru\/produkt\/tutti-bambini-cozee-go-reisivoodi-oak-charcoal\/","og_locale":"ru_RU","og_type":"article","og_title":"Tutti Bambini CoZee Go 3in1 reisivoodi, Oak-Charcoal, \u041b\u044e\u043b\u044c\u043a\u0438 \u0438 \u043a\u0430\u0440\u043c\u0430\u0448\u043a\u0438 \u0434\u043b\u044f \u043a\u0440\u043e\u0432\u0430\u0442\u043a\u0438, \u0421\u041a\u0418\u0414\u041a\u0418, M\u0430\u043d\u0435\u0436\u0438, Beebipood","og_description":"Tutti Bambini CoZee Go 3in1 reisivoodi, Oak-Charcoal, Tutti Bambini CoZee Go on kolm &uuml;hes toode, mis h&otilde;lmab endas beebih&auml;lli, reisivoo","og_url":"https:\/\/beebipood.ee\/ru\/produkt\/tutti-bambini-cozee-go-reisivoodi-oak-charcoal\/","og_site_name":"Beebipood","article_modified_time":"2025-03-30T22:00:33+00:00","og_image":[{"width":1000,"height":1000,"url":"https:\/\/beebipood.ee\/wp-content\/uploads\/2013\/09\/Tutti-Bambini-CoZee-Go-reisivoodi-OakCharcoal-Beebivoodid-reisivoodid-hallid-Reisivoodid-Lastemoobel-ja-sisustus_1-7a5.jpg","type":"image\/jpeg"}],"twitter_card":"summary_large_image","twitter_misc":{"\u041f\u0440\u0438\u043c\u0435\u0440\u043d\u043e\u0435 \u0432\u0440\u0435\u043c\u044f \u0434\u043b\u044f \u0447\u0442\u0435\u043d\u0438\u044f":"1 \u043c\u0438\u043d\u0443\u0442\u0430"},"schema":{"@context":"https:\/\/schema.org","@graph":[{"@type":"WebPage","@id":"https:\/\/beebipood.ee\/ru\/produkt\/tutti-bambini-cozee-go-reisivoodi-oak-charcoal\/","url":"https:\/\/beebipood.ee\/ru\/produkt\/tutti-bambini-cozee-go-reisivoodi-oak-charcoal\/","name":"Tutti Bambini CoZee Go 3in1 reisivoodi, Oak-Charcoal, \u041b\u044e\u043b\u044c\u043a\u0438 \u0438 \u043a\u0430\u0440\u043c\u0430\u0448\u043a\u0438 \u0434\u043b\u044f \u043a\u0440\u043e\u0432\u0430\u0442\u043a\u0438, \u0421\u041a\u0418\u0414\u041a\u0418, M\u0430\u043d\u0435\u0436\u0438, Beebipood","isPartOf":{"@id":"https:\/\/beebipood.ee\/ru\/#website"},"primaryImageOfPage":{"@id":"https:\/\/beebipood.ee\/ru\/produkt\/tutti-bambini-cozee-go-reisivoodi-oak-charcoal\/#primaryimage"},"image":{"@id":"https:\/\/beebipood.ee\/ru\/produkt\/tutti-bambini-cozee-go-reisivoodi-oak-charcoal\/#primaryimage"},"thumbnailUrl":"https:\/\/beebipood.ee\/wp-content\/uploads\/2013\/09\/Tutti-Bambini-CoZee-Go-reisivoodi-OakCharcoal-Beebivoodid-reisivoodid-hallid-Reisivoodid-Lastemoobel-ja-sisustus_1-7a5.jpg","datePublished":"2013-09-02T10:46:09+00:00","dateModified":"2025-03-30T22:00:33+00:00","description":"Tutti Bambini CoZee Go 3in1 reisivoodi, Oak-Charcoal, Tutti Bambini CoZee Go on kolm &uuml;hes toode, mis h&otilde;lmab endas beebih&auml;lli, reisivoo","breadcrumb":{"@id":"https:\/\/beebipood.ee\/ru\/produkt\/tutti-bambini-cozee-go-reisivoodi-oak-charcoal\/#breadcrumb"},"inLanguage":"ru-RU","potentialAction":[{"@type":"ReadAction","target":["https:\/\/beebipood.ee\/ru\/produkt\/tutti-bambini-cozee-go-reisivoodi-oak-charcoal\/"]}]},{"@type":"ImageObject","inLanguage":"ru-RU","@id":"https:\/\/beebipood.ee\/ru\/produkt\/tutti-bambini-cozee-go-reisivoodi-oak-charcoal\/#primaryimage","url":"https:\/\/beebipood.ee\/wp-content\/uploads\/2013\/09\/Tutti-Bambini-CoZee-Go-reisivoodi-OakCharcoal-Beebivoodid-reisivoodid-hallid-Reisivoodid-Lastemoobel-ja-sisustus_1-7a5.jpg","contentUrl":"https:\/\/beebipood.ee\/wp-content\/uploads\/2013\/09\/Tutti-Bambini-CoZee-Go-reisivoodi-OakCharcoal-Beebivoodid-reisivoodid-hallid-Reisivoodid-Lastemoobel-ja-sisustus_1-7a5.jpg","width":1000,"height":1000},{"@type":"BreadcrumbList","@id":"https:\/\/beebipood.ee\/ru\/produkt\/tutti-bambini-cozee-go-reisivoodi-oak-charcoal\/#breadcrumb","itemListElement":[{"@type":"ListItem","position":1,"name":"Home","item":"https:\/\/beebipood.ee\/ru\/"},{"@type":"ListItem","position":2,"name":"\u041a\u0430\u0442\u0430\u043b\u043e\u0433 \u0442\u043e\u0432\u0430\u0440\u043e\u0432","item":"https:\/\/beebipood.ee\/tooted\/"},{"@type":"ListItem","position":3,"name":"Tutti Bambini CoZee Go 3in1 reisivoodi, Oak-Charcoal"}]},{"@type":"WebSite","@id":"https:\/\/beebipood.ee\/ru\/#website","url":"https:\/\/beebipood.ee\/ru\/","name":"Beebipood","description":"Lastekaubad, beebikaubad, m\u00e4nguasjad","publisher":{"@id":"https:\/\/beebipood.ee\/ru\/#organization"},"potentialAction":[{"@type":"SearchAction","target":{"@type":"EntryPoint","urlTemplate":"https:\/\/beebipood.ee\/ru\/?s={search_term_string}"},"query-input":{"@type":"PropertyValueSpecification","valueRequired":true,"valueName":"search_term_string"}}],"inLanguage":"ru-RU"},{"@type":"Organization","@id":"https:\/\/beebipood.ee\/ru\/#organization","name":"Beebipood","url":"https:\/\/beebipood.ee\/ru\/","logo":{"@type":"ImageObject","inLanguage":"ru-RU","@id":"https:\/\/beebipood.ee\/ru\/#\/schema\/logo\/image\/","url":"https:\/\/beebipood.ee\/wp-content\/uploads\/2025\/03\/beebipood.ee-logo-1.svg","contentUrl":"https:\/\/beebipood.ee\/wp-content\/uploads\/2025\/03\/beebipood.ee-logo-1.svg","caption":"Beebipood"},"image":{"@id":"https:\/\/beebipood.ee\/ru\/#\/schema\/logo\/image\/"}}]}},"brands":[],"_links":{"self":[{"href":"https:\/\/beebipood.ee\/ru\/wp-json\/wp\/v2\/product\/454478","targetHints":{"allow":["GET"]}}],"collection":[{"href":"https:\/\/beebipood.ee\/ru\/wp-json\/wp\/v2\/product"}],"about":[{"href":"https:\/\/beebipood.ee\/ru\/wp-json\/wp\/v2\/types\/product"}],"wp:featuredmedia":[{"embeddable":true,"href":"https:\/\/beebipood.ee\/ru\/wp-json\/wp\/v2\/media\/100578"}],"wp:attachment":[{"href":"https:\/\/beebipood.ee\/ru\/wp-json\/wp\/v2\/media?parent=454478"}],"wp:term":[{"taxonomy":"pwb-brand","embeddable":true,"href":"https:\/\/beebipood.ee\/ru\/wp-json\/wp\/v2\/pwb-brand?post=454478"},{"taxonomy":"product_brand","embeddable":true,"href":"https:\/\/beebipood.ee\/ru\/wp-json\/wp\/v2\/product_brand?post=454478"},{"taxonomy":"product_cat","embeddable":true,"href":"https:\/\/beebipood.ee\/ru\/wp-json\/wp\/v2\/product_cat?post=454478"},{"taxonomy":"product_tag","embeddable":true,"href":"https:\/\/beebipood.ee\/ru\/wp-json\/wp\/v2\/product_tag?post=454478"}],"curies":[{"name":"wp","href":"https:\/\/api.w.org\/{rel}","templated":true}]}}