{"id":454480,"date":"2013-09-02T13:46:10","date_gmt":"2013-09-02T10:46:10","guid":{"rendered":"https:\/\/beebipood.ee\/toode\/safety-1st-reisivoodi-soft-dreams-warm-grey\/"},"modified":"2025-04-10T13:46:10","modified_gmt":"2025-04-10T10:46:10","slug":"safety-1st-reisivoodi-soft-dreams-mineral-gray","status":"publish","type":"product","link":"https:\/\/beebipood.ee\/ru\/produkt\/safety-1st-reisivoodi-soft-dreams-mineral-gray\/","title":{"rendered":"Safety 1st reisivoodi Soft Dreams, Mineral Gray"},"content":{"rendered":"<p>Kui soovid, et sinu lapsel oleks k\u00fclla minnes omaenda turvaline magamiskoht olemas,<br \/>\nsiis Safety 1st Soft Dreams reisivoodi on just sinule.<br \/>\nV\u00e4ga kiiresti ja lihtsasti kokkupandav.<br \/>\nKaasas transpordikott.<\/p>\n<p><span style=\"text-decoration: underline;\">Omadused<\/span><br \/>\n\u00dclimalt stabiilne t\u00e4nu puidust madratsip\u00f5hjale<br \/>\nKerge kaaluga<br \/>\nTranspordikott, millega saab reisivoodi igalepoole kaasa v\u00f5tta<br \/>\nKiiresti ja lihtsalt kokkupandav<br \/>\n<span style=\"text-decoration: underline;\">N\u00e4itajad<\/span><br \/>\nM\u00f5\u00f5dud: 57 x 117 x 75cm<br \/>\nM\u00f5\u00f5dud kokkupandult 21 x 75 x 21cm<br \/>\nKaal 7,5kg<\/p>\n","protected":false},"excerpt":{"rendered":"<p>Kui soovid, et sinu lapsel oleks k\u00fclla minnes omaenda turvaline magamiskoht olemas, siis Safety 1st Soft Dreams reisivoodi on just sinule. V\u00e4ga kiiresti ja lihtsasti kokkupandav. Kaasas transpordikott. Omadused \u00dclimalt stabiilne t\u00e4nu puidust madratsip\u00f5hjale Kerge kaaluga Transpordikott, millega saab reisivoodi igalepoole kaasa v\u00f5tta Kiiresti ja lihtsalt kokkupandav N\u00e4itajad M\u00f5\u00f5dud: 57 x 117 x 75cm M\u00f5\u00f5dud [&hellip;]<\/p>\n","protected":false},"featured_media":503822,"template":"","meta":{"_acf_changed":false},"pwb-brand":[11978],"product_brand":[],"product_cat":[11569,11553,11789],"product_tag":[],"class_list":{"0":"post-454480","1":"product","2":"type-product","3":"status-publish","4":"has-post-thumbnail","6":"pwb-brand-safety-1st-ru","7":"product_cat-reisivoodid-ru","8":"product_cat-beebivoodid-reisivoodid-hallid-ru","9":"product_cat-lastemoobel-ja-sisustus-ru","10":"pa_manufacturer-safety1st-ru","12":"first","13":"onbackorder","14":"taxable","15":"shipping-taxable","16":"purchasable","17":"product-type-simple"},"exclude_global_add_ons":[],"addons":[],"acf":[],"yoast_head":"<!-- This site is optimized with the Yoast SEO plugin v27.1.1 - https:\/\/yoast.com\/product\/yoast-seo-wordpress\/ -->\n<title>Safety 1st reisivoodi Soft Dreams, Warm Grey, \u0414\u0435\u0442\u0441\u043a\u0438e \u043a\u0440\u043e\u0432\u0430\u0442\u043a\u0438, \u043f\u0435\u0440\u0435\u043d\u043e\u0441\u043d\u044b\u0435 \u043a\u0440\u043e\u0432\u0430\u0442\u043a\u0438, \u043b\u044e\u043b\u044c\u043a\u0438, \u041f\u0435\u0440\u0435\u043d\u043e\u0441\u043d\u044b\u0435 \u043a\u0440\u043e\u0432\u0430\u0442\u043a\u0438, M\u0435\u0431\u0435\u043b\u044c, Beebipood<\/title>\n<meta name=\"description\" content=\"Safety 1st reisivoodi Soft Dreams, Warm Grey, Kui soovid, et sinu lapsel oleks k\u00fclla minnes omaenda turvaline magamiskoht olemas, siis Safety 1st\" \/>\n<meta name=\"robots\" content=\"index, follow, max-snippet:-1, max-image-preview:large, max-video-preview:-1\" \/>\n<link rel=\"canonical\" href=\"https:\/\/beebipood.ee\/ru\/produkt\/safety-1st-reisivoodi-soft-dreams-mineral-gray\/\" \/>\n<meta property=\"og:locale\" content=\"ru_RU\" \/>\n<meta property=\"og:type\" content=\"article\" \/>\n<meta property=\"og:title\" content=\"Safety 1st reisivoodi Soft Dreams, Warm Grey, \u0414\u0435\u0442\u0441\u043a\u0438e \u043a\u0440\u043e\u0432\u0430\u0442\u043a\u0438, \u043f\u0435\u0440\u0435\u043d\u043e\u0441\u043d\u044b\u0435 \u043a\u0440\u043e\u0432\u0430\u0442\u043a\u0438, \u043b\u044e\u043b\u044c\u043a\u0438, \u041f\u0435\u0440\u0435\u043d\u043e\u0441\u043d\u044b\u0435 \u043a\u0440\u043e\u0432\u0430\u0442\u043a\u0438, M\u0435\u0431\u0435\u043b\u044c, Beebipood\" \/>\n<meta property=\"og:description\" content=\"Safety 1st reisivoodi Soft Dreams, Warm Grey, Kui soovid, et sinu lapsel oleks k\u00fclla minnes omaenda turvaline magamiskoht olemas, siis Safety 1st\" \/>\n<meta property=\"og:url\" content=\"https:\/\/beebipood.ee\/ru\/produkt\/safety-1st-reisivoodi-soft-dreams-mineral-gray\/\" \/>\n<meta property=\"og:site_name\" content=\"Beebipood\" \/>\n<meta property=\"article:modified_time\" content=\"2025-04-10T10:46:10+00:00\" \/>\n<meta property=\"og:image\" content=\"https:\/\/beebipood.ee\/wp-content\/uploads\/2013\/09\/safety-1st-reisivoodi-soft-dreams-grey.jpg\" \/>\n\t<meta property=\"og:image:width\" content=\"930\" \/>\n\t<meta property=\"og:image:height\" content=\"1050\" \/>\n\t<meta property=\"og:image:type\" content=\"image\/jpeg\" \/>\n<meta name=\"twitter:card\" content=\"summary_large_image\" \/>\n<meta name=\"twitter:label1\" content=\"\u041f\u0440\u0438\u043c\u0435\u0440\u043d\u043e\u0435 \u0432\u0440\u0435\u043c\u044f \u0434\u043b\u044f \u0447\u0442\u0435\u043d\u0438\u044f\" \/>\n\t<meta name=\"twitter:data1\" content=\"1 \u043c\u0438\u043d\u0443\u0442\u0430\" \/>\n<script type=\"application\/ld+json\" class=\"yoast-schema-graph\">{\"@context\":\"https:\/\/schema.org\",\"@graph\":[{\"@type\":\"WebPage\",\"@id\":\"https:\/\/beebipood.ee\/ru\/produkt\/safety-1st-reisivoodi-soft-dreams-mineral-gray\/\",\"url\":\"https:\/\/beebipood.ee\/ru\/produkt\/safety-1st-reisivoodi-soft-dreams-mineral-gray\/\",\"name\":\"Safety 1st reisivoodi Soft Dreams, Warm Grey, \u0414\u0435\u0442\u0441\u043a\u0438e \u043a\u0440\u043e\u0432\u0430\u0442\u043a\u0438, \u043f\u0435\u0440\u0435\u043d\u043e\u0441\u043d\u044b\u0435 \u043a\u0440\u043e\u0432\u0430\u0442\u043a\u0438, \u043b\u044e\u043b\u044c\u043a\u0438, \u041f\u0435\u0440\u0435\u043d\u043e\u0441\u043d\u044b\u0435 \u043a\u0440\u043e\u0432\u0430\u0442\u043a\u0438, M\u0435\u0431\u0435\u043b\u044c, Beebipood\",\"isPartOf\":{\"@id\":\"https:\/\/beebipood.ee\/ru\/#website\"},\"primaryImageOfPage\":{\"@id\":\"https:\/\/beebipood.ee\/ru\/produkt\/safety-1st-reisivoodi-soft-dreams-mineral-gray\/#primaryimage\"},\"image\":{\"@id\":\"https:\/\/beebipood.ee\/ru\/produkt\/safety-1st-reisivoodi-soft-dreams-mineral-gray\/#primaryimage\"},\"thumbnailUrl\":\"https:\/\/beebipood.ee\/wp-content\/uploads\/2013\/09\/safety-1st-reisivoodi-soft-dreams-grey.jpg\",\"datePublished\":\"2013-09-02T10:46:10+00:00\",\"dateModified\":\"2025-04-10T10:46:10+00:00\",\"description\":\"Safety 1st reisivoodi Soft Dreams, Warm Grey, Kui soovid, et sinu lapsel oleks k\u00fclla minnes omaenda turvaline magamiskoht olemas, siis Safety 1st\",\"breadcrumb\":{\"@id\":\"https:\/\/beebipood.ee\/ru\/produkt\/safety-1st-reisivoodi-soft-dreams-mineral-gray\/#breadcrumb\"},\"inLanguage\":\"ru-RU\",\"potentialAction\":[{\"@type\":\"ReadAction\",\"target\":[\"https:\/\/beebipood.ee\/ru\/produkt\/safety-1st-reisivoodi-soft-dreams-mineral-gray\/\"]}]},{\"@type\":\"ImageObject\",\"inLanguage\":\"ru-RU\",\"@id\":\"https:\/\/beebipood.ee\/ru\/produkt\/safety-1st-reisivoodi-soft-dreams-mineral-gray\/#primaryimage\",\"url\":\"https:\/\/beebipood.ee\/wp-content\/uploads\/2013\/09\/safety-1st-reisivoodi-soft-dreams-grey.jpg\",\"contentUrl\":\"https:\/\/beebipood.ee\/wp-content\/uploads\/2013\/09\/safety-1st-reisivoodi-soft-dreams-grey.jpg\",\"width\":930,\"height\":1050},{\"@type\":\"BreadcrumbList\",\"@id\":\"https:\/\/beebipood.ee\/ru\/produkt\/safety-1st-reisivoodi-soft-dreams-mineral-gray\/#breadcrumb\",\"itemListElement\":[{\"@type\":\"ListItem\",\"position\":1,\"name\":\"Home\",\"item\":\"https:\/\/beebipood.ee\/ru\/\"},{\"@type\":\"ListItem\",\"position\":2,\"name\":\"\u041a\u0430\u0442\u0430\u043b\u043e\u0433 \u0442\u043e\u0432\u0430\u0440\u043e\u0432\",\"item\":\"https:\/\/beebipood.ee\/tooted\/\"},{\"@type\":\"ListItem\",\"position\":3,\"name\":\"Safety 1st reisivoodi Soft Dreams, Mineral Gray\"}]},{\"@type\":\"WebSite\",\"@id\":\"https:\/\/beebipood.ee\/ru\/#website\",\"url\":\"https:\/\/beebipood.ee\/ru\/\",\"name\":\"Beebipood\",\"description\":\"Lastekaubad, beebikaubad, m\u00e4nguasjad\",\"publisher\":{\"@id\":\"https:\/\/beebipood.ee\/ru\/#organization\"},\"potentialAction\":[{\"@type\":\"SearchAction\",\"target\":{\"@type\":\"EntryPoint\",\"urlTemplate\":\"https:\/\/beebipood.ee\/ru\/?s={search_term_string}\"},\"query-input\":{\"@type\":\"PropertyValueSpecification\",\"valueRequired\":true,\"valueName\":\"search_term_string\"}}],\"inLanguage\":\"ru-RU\"},{\"@type\":\"Organization\",\"@id\":\"https:\/\/beebipood.ee\/ru\/#organization\",\"name\":\"Beebipood\",\"url\":\"https:\/\/beebipood.ee\/ru\/\",\"logo\":{\"@type\":\"ImageObject\",\"inLanguage\":\"ru-RU\",\"@id\":\"https:\/\/beebipood.ee\/ru\/#\/schema\/logo\/image\/\",\"url\":\"https:\/\/beebipood.ee\/wp-content\/uploads\/2025\/03\/beebipood.ee-logo-1.svg\",\"contentUrl\":\"https:\/\/beebipood.ee\/wp-content\/uploads\/2025\/03\/beebipood.ee-logo-1.svg\",\"caption\":\"Beebipood\"},\"image\":{\"@id\":\"https:\/\/beebipood.ee\/ru\/#\/schema\/logo\/image\/\"}}]}<\/script>\n<!-- \/ Yoast SEO plugin. -->","yoast_head_json":{"title":"Safety 1st reisivoodi Soft Dreams, Warm Grey, \u0414\u0435\u0442\u0441\u043a\u0438e \u043a\u0440\u043e\u0432\u0430\u0442\u043a\u0438, \u043f\u0435\u0440\u0435\u043d\u043e\u0441\u043d\u044b\u0435 \u043a\u0440\u043e\u0432\u0430\u0442\u043a\u0438, \u043b\u044e\u043b\u044c\u043a\u0438, \u041f\u0435\u0440\u0435\u043d\u043e\u0441\u043d\u044b\u0435 \u043a\u0440\u043e\u0432\u0430\u0442\u043a\u0438, M\u0435\u0431\u0435\u043b\u044c, Beebipood","description":"Safety 1st reisivoodi Soft Dreams, Warm Grey, Kui soovid, et sinu lapsel oleks k\u00fclla minnes omaenda turvaline magamiskoht olemas, siis Safety 1st","robots":{"index":"index","follow":"follow","max-snippet":"max-snippet:-1","max-image-preview":"max-image-preview:large","max-video-preview":"max-video-preview:-1"},"canonical":"https:\/\/beebipood.ee\/ru\/produkt\/safety-1st-reisivoodi-soft-dreams-mineral-gray\/","og_locale":"ru_RU","og_type":"article","og_title":"Safety 1st reisivoodi Soft Dreams, Warm Grey, \u0414\u0435\u0442\u0441\u043a\u0438e \u043a\u0440\u043e\u0432\u0430\u0442\u043a\u0438, \u043f\u0435\u0440\u0435\u043d\u043e\u0441\u043d\u044b\u0435 \u043a\u0440\u043e\u0432\u0430\u0442\u043a\u0438, \u043b\u044e\u043b\u044c\u043a\u0438, \u041f\u0435\u0440\u0435\u043d\u043e\u0441\u043d\u044b\u0435 \u043a\u0440\u043e\u0432\u0430\u0442\u043a\u0438, M\u0435\u0431\u0435\u043b\u044c, Beebipood","og_description":"Safety 1st reisivoodi Soft Dreams, Warm Grey, Kui soovid, et sinu lapsel oleks k\u00fclla minnes omaenda turvaline magamiskoht olemas, siis Safety 1st","og_url":"https:\/\/beebipood.ee\/ru\/produkt\/safety-1st-reisivoodi-soft-dreams-mineral-gray\/","og_site_name":"Beebipood","article_modified_time":"2025-04-10T10:46:10+00:00","og_image":[{"width":930,"height":1050,"url":"https:\/\/beebipood.ee\/wp-content\/uploads\/2013\/09\/safety-1st-reisivoodi-soft-dreams-grey.jpg","type":"image\/jpeg"}],"twitter_card":"summary_large_image","twitter_misc":{"\u041f\u0440\u0438\u043c\u0435\u0440\u043d\u043e\u0435 \u0432\u0440\u0435\u043c\u044f \u0434\u043b\u044f \u0447\u0442\u0435\u043d\u0438\u044f":"1 \u043c\u0438\u043d\u0443\u0442\u0430"},"schema":{"@context":"https:\/\/schema.org","@graph":[{"@type":"WebPage","@id":"https:\/\/beebipood.ee\/ru\/produkt\/safety-1st-reisivoodi-soft-dreams-mineral-gray\/","url":"https:\/\/beebipood.ee\/ru\/produkt\/safety-1st-reisivoodi-soft-dreams-mineral-gray\/","name":"Safety 1st reisivoodi Soft Dreams, Warm Grey, \u0414\u0435\u0442\u0441\u043a\u0438e \u043a\u0440\u043e\u0432\u0430\u0442\u043a\u0438, \u043f\u0435\u0440\u0435\u043d\u043e\u0441\u043d\u044b\u0435 \u043a\u0440\u043e\u0432\u0430\u0442\u043a\u0438, \u043b\u044e\u043b\u044c\u043a\u0438, \u041f\u0435\u0440\u0435\u043d\u043e\u0441\u043d\u044b\u0435 \u043a\u0440\u043e\u0432\u0430\u0442\u043a\u0438, M\u0435\u0431\u0435\u043b\u044c, Beebipood","isPartOf":{"@id":"https:\/\/beebipood.ee\/ru\/#website"},"primaryImageOfPage":{"@id":"https:\/\/beebipood.ee\/ru\/produkt\/safety-1st-reisivoodi-soft-dreams-mineral-gray\/#primaryimage"},"image":{"@id":"https:\/\/beebipood.ee\/ru\/produkt\/safety-1st-reisivoodi-soft-dreams-mineral-gray\/#primaryimage"},"thumbnailUrl":"https:\/\/beebipood.ee\/wp-content\/uploads\/2013\/09\/safety-1st-reisivoodi-soft-dreams-grey.jpg","datePublished":"2013-09-02T10:46:10+00:00","dateModified":"2025-04-10T10:46:10+00:00","description":"Safety 1st reisivoodi Soft Dreams, Warm Grey, Kui soovid, et sinu lapsel oleks k\u00fclla minnes omaenda turvaline magamiskoht olemas, siis Safety 1st","breadcrumb":{"@id":"https:\/\/beebipood.ee\/ru\/produkt\/safety-1st-reisivoodi-soft-dreams-mineral-gray\/#breadcrumb"},"inLanguage":"ru-RU","potentialAction":[{"@type":"ReadAction","target":["https:\/\/beebipood.ee\/ru\/produkt\/safety-1st-reisivoodi-soft-dreams-mineral-gray\/"]}]},{"@type":"ImageObject","inLanguage":"ru-RU","@id":"https:\/\/beebipood.ee\/ru\/produkt\/safety-1st-reisivoodi-soft-dreams-mineral-gray\/#primaryimage","url":"https:\/\/beebipood.ee\/wp-content\/uploads\/2013\/09\/safety-1st-reisivoodi-soft-dreams-grey.jpg","contentUrl":"https:\/\/beebipood.ee\/wp-content\/uploads\/2013\/09\/safety-1st-reisivoodi-soft-dreams-grey.jpg","width":930,"height":1050},{"@type":"BreadcrumbList","@id":"https:\/\/beebipood.ee\/ru\/produkt\/safety-1st-reisivoodi-soft-dreams-mineral-gray\/#breadcrumb","itemListElement":[{"@type":"ListItem","position":1,"name":"Home","item":"https:\/\/beebipood.ee\/ru\/"},{"@type":"ListItem","position":2,"name":"\u041a\u0430\u0442\u0430\u043b\u043e\u0433 \u0442\u043e\u0432\u0430\u0440\u043e\u0432","item":"https:\/\/beebipood.ee\/tooted\/"},{"@type":"ListItem","position":3,"name":"Safety 1st reisivoodi Soft Dreams, Mineral Gray"}]},{"@type":"WebSite","@id":"https:\/\/beebipood.ee\/ru\/#website","url":"https:\/\/beebipood.ee\/ru\/","name":"Beebipood","description":"Lastekaubad, beebikaubad, m\u00e4nguasjad","publisher":{"@id":"https:\/\/beebipood.ee\/ru\/#organization"},"potentialAction":[{"@type":"SearchAction","target":{"@type":"EntryPoint","urlTemplate":"https:\/\/beebipood.ee\/ru\/?s={search_term_string}"},"query-input":{"@type":"PropertyValueSpecification","valueRequired":true,"valueName":"search_term_string"}}],"inLanguage":"ru-RU"},{"@type":"Organization","@id":"https:\/\/beebipood.ee\/ru\/#organization","name":"Beebipood","url":"https:\/\/beebipood.ee\/ru\/","logo":{"@type":"ImageObject","inLanguage":"ru-RU","@id":"https:\/\/beebipood.ee\/ru\/#\/schema\/logo\/image\/","url":"https:\/\/beebipood.ee\/wp-content\/uploads\/2025\/03\/beebipood.ee-logo-1.svg","contentUrl":"https:\/\/beebipood.ee\/wp-content\/uploads\/2025\/03\/beebipood.ee-logo-1.svg","caption":"Beebipood"},"image":{"@id":"https:\/\/beebipood.ee\/ru\/#\/schema\/logo\/image\/"}}]}},"brands":[{"id":11978,"name":"Safety 1st","slug":"safety-1st-ru"}],"_links":{"self":[{"href":"https:\/\/beebipood.ee\/ru\/wp-json\/wp\/v2\/product\/454480","targetHints":{"allow":["GET"]}}],"collection":[{"href":"https:\/\/beebipood.ee\/ru\/wp-json\/wp\/v2\/product"}],"about":[{"href":"https:\/\/beebipood.ee\/ru\/wp-json\/wp\/v2\/types\/product"}],"wp:featuredmedia":[{"embeddable":true,"href":"https:\/\/beebipood.ee\/ru\/wp-json\/wp\/v2\/media\/503822"}],"wp:attachment":[{"href":"https:\/\/beebipood.ee\/ru\/wp-json\/wp\/v2\/media?parent=454480"}],"wp:term":[{"taxonomy":"pwb-brand","embeddable":true,"href":"https:\/\/beebipood.ee\/ru\/wp-json\/wp\/v2\/pwb-brand?post=454480"},{"taxonomy":"product_brand","embeddable":true,"href":"https:\/\/beebipood.ee\/ru\/wp-json\/wp\/v2\/product_brand?post=454480"},{"taxonomy":"product_cat","embeddable":true,"href":"https:\/\/beebipood.ee\/ru\/wp-json\/wp\/v2\/product_cat?post=454480"},{"taxonomy":"product_tag","embeddable":true,"href":"https:\/\/beebipood.ee\/ru\/wp-json\/wp\/v2\/product_tag?post=454480"}],"curies":[{"name":"wp","href":"https:\/\/api.w.org\/{rel}","templated":true}]}}