{"id":454488,"date":"2013-09-02T13:46:22","date_gmt":"2013-09-02T10:46:22","guid":{"rendered":"https:\/\/beebipood.ee\/toode\/thule-chariot-sport-double-jalgrattakaru-midnight-black\/"},"modified":"2025-01-09T10:52:23","modified_gmt":"2025-01-09T08:52:23","slug":"thule-chariot-sport-double-jalgrattakaru-midnight-black","status":"publish","type":"product","link":"https:\/\/beebipood.ee\/ru\/produkt\/thule-chariot-sport-double-jalgrattakaru-midnight-black\/","title":{"rendered":"Thule Chariot Sport Double jalgrattak\u00e4ru, Midnight Black"},"content":{"rendered":"<p>Thule Chariot Sport Double<br \/>Tippkvaliteediga jooksu- ja jalutusk\u00e4ru, mis pakub sportlastele <br \/>ja nende lastele suurep\u00e4raseid t\u00f6\u00f6omadusi, mugavust ja stiili. <br \/>Sisaldab komplekte Standard, Comfort ja Sport.<br \/><span style=\"text-decoration: underline;\">Omadused<\/span><br \/>Neli tegevust \u2013 loodud suurep\u00e4raste saavutuste jaoks <br \/>nii jalgrattaga s\u00f5ites, joostes, jalutades kui ka suusatades.<br \/>Kompaktselt kokkuklapitav \u2013 nii on k\u00e4ru mugav kaasas kanda.<br \/>Langetatava seljatoega iste \u2013 mugavalt \u00fche k\u00e4ega langetatav. <br \/>Seljatoed saab langetada \u00fckshaaval.<br \/>Thule VersaWing-s\u00fcsteem \u2013 v\u00f5imaldab olenemata kasutatavast komplektist kiiresti <br \/>ja h\u00f5lpsalt \u00fche tegevuse teise vastu vahetada.<br \/>Reguleeritav vedrustus, t\u00e4ielikult polsterdatud istmed <br \/>ja reguleeritava kliimaga istumisruum koos eemaldatavate akende <br \/>ja muudetava asendiga p\u00e4ikesevarjuga tagab sujuva s\u00f5idu.<br \/>K\u00e4ega rakendatav ketaspidur \u2013 parandab juhtimist j\u00e4rsemal maastikul ja jooksmise ajal.<br \/>Reguleeritavad kliimaga istumisruum \u2013 eemaldatavad aknad ja muudetava asendiga p\u00e4ikesevari.<br \/>Eriti mugavad t\u00e4ielikult polsterdatud istmed \u2013 eemaldatavad ja h\u00f5lpsalt puhastatavad.<br \/>XL-suuruses hoiuruum \u2013 saab jooksmisel suuremaks liikumismugavuseks kokku panna.<br \/>Komplekti kuulub ka n\u00e4htavust ja ohutust suurendav tagatuli.<br \/>Thule Click n\u2019 Store \u2013 h\u00f5lpsalt hoiustatavad kohanduskomplektid <br \/>vaheldumisi jalutamiseks, jooksmiseks ja jalgrattas\u00f5iduks.<br \/>H\u00f5lpsalt reguleeritavad ventilatsiooniavad optimeerivad \u00f5huvoolu <br \/>ning kliimaseade ja eemaldatavad klambrid suurendavad ventilatsiooni vihmakatte kasutamisel.<br \/>Reguleeritav juhtraud \u2013 ergonoomiline reguleeritav juhtraud tagab vanemale mugava kasutuse.<br \/>Komplekt Standard (komplekti sisu) \u2013 ratta- ja jalutuskomplekt, <br \/>tuulutusavad ja tuli, vedrustus, reguleeritav juhtraud, lihtne kokku klappida.<br \/>Komplekt Comfort (komplekti sisu) \u2013 langetatava seljatoega iste, <br \/>reguleeritav vedrustus ja eraldi hoiuruum.<br \/>Komplekt Sport (komplekti sisu) \u2013 sobib ideaalselt jooksmiseks, <br \/>\u00fche k\u00e4ega rakendatavad ketaspidurid, eemaldatavad k\u00fclgpaneelid\/aknad <br \/>ja t\u00e4ielikult polsterdatud istmed.<br \/><span style=\"text-decoration: underline;\">Tehnilised andmed<\/span> <br \/>Kandev\u00f5ime: 45 kg<br \/>M\u00f5\u00f5tmed kokkupandult: 87 x 80 x 37.5 cm<br \/>Kaal: 15.9 kg<br \/>\u00d5lalaius: 57 cm<br \/>Istumisk\u00f5rgus: 68 cm<br \/>Laius: 80 cm<br \/>Turvarihm: Viie punkti<br \/>Vastab ohutusstandarditele: Jah<br \/>Lapsed: 1 or 2<br \/>V\u00e4rv: Midnight Black<\/p>\n","protected":false},"excerpt":{"rendered":"<p>Thule Chariot Sport DoubleTippkvaliteediga jooksu- ja jalutusk\u00e4ru, mis pakub sportlastele ja nende lastele suurep\u00e4raseid t\u00f6\u00f6omadusi, mugavust ja stiili. Sisaldab komplekte Standard, Comfort ja Sport.OmadusedNeli tegevust \u2013 loodud suurep\u00e4raste saavutuste jaoks nii jalgrattaga s\u00f5ites, joostes, jalutades kui ka suusatades.Kompaktselt kokkuklapitav \u2013 nii on k\u00e4ru mugav kaasas kanda.Langetatava seljatoega iste \u2013 mugavalt \u00fche k\u00e4ega langetatav. Seljatoed saab [&hellip;]<\/p>\n","protected":false},"featured_media":511541,"template":"","meta":{"_acf_changed":false},"pwb-brand":[11980],"product_brand":[],"product_cat":[11573,11841,11723,11717],"product_tag":[],"class_list":{"0":"post-454488","1":"product","2":"type-product","3":"status-publish","4":"has-post-thumbnail","6":"pwb-brand-thule-ru","7":"product_cat-sooduspakkumised-ru","8":"product_cat-jalgrattahaagised-ru","9":"product_cat-kaksikutele-ru","10":"product_cat-lastevankrid-ja-karud-ru","11":"pa_manufacturer-thule-ru","13":"first","14":"onbackorder","15":"sale","16":"taxable","17":"shipping-taxable","18":"purchasable","19":"product-type-simple"},"exclude_global_add_ons":[],"addons":[],"acf":[],"yoast_head":"<!-- This site is optimized with the Yoast SEO plugin v27.1.1 - https:\/\/yoast.com\/product\/yoast-seo-wordpress\/ -->\n<title>Thule Chariot Sport Double jalgrattak\u00e4ru, Midnight Black , \u0421\u041a\u0418\u0414\u041a\u0418, \u041d\u041e\u0412\u042b\u0415 \u0422\u041e\u0412\u0410\u0420\u042b, \u041a\u043e\u043b\u044f\u0441\u043a\u0438, \u0414\u043b\u044f \u0434\u0432\u043e\u0439\u043d\u044f\u0448\u0435\u043a, \u041f\u0440\u0438\u0446\u0435\u043f\u044b \u0434\u043b\u044f \u0432\u0435\u043b\u043e\u0441\u0438\u043f\u0435\u0434\u0430, Beebipood<\/title>\n<meta name=\"description\" content=\"Thule Chariot Sport Double jalgrattak\u00e4ru, Midnight Black , Thule Chariot Sport DoubleTippkvaliteediga jooksu- ja jalutusk&auml;ru, mis pakub sportlast\" \/>\n<meta name=\"robots\" content=\"index, follow, max-snippet:-1, max-image-preview:large, max-video-preview:-1\" \/>\n<link rel=\"canonical\" href=\"https:\/\/beebipood.ee\/ru\/produkt\/thule-chariot-sport-double-jalgrattakaru-midnight-black\/\" \/>\n<meta property=\"og:locale\" content=\"ru_RU\" \/>\n<meta property=\"og:type\" content=\"article\" \/>\n<meta property=\"og:title\" content=\"Thule Chariot Sport Double jalgrattak\u00e4ru, Midnight Black , \u0421\u041a\u0418\u0414\u041a\u0418, \u041d\u041e\u0412\u042b\u0415 \u0422\u041e\u0412\u0410\u0420\u042b, \u041a\u043e\u043b\u044f\u0441\u043a\u0438, \u0414\u043b\u044f \u0434\u0432\u043e\u0439\u043d\u044f\u0448\u0435\u043a, \u041f\u0440\u0438\u0446\u0435\u043f\u044b \u0434\u043b\u044f \u0432\u0435\u043b\u043e\u0441\u0438\u043f\u0435\u0434\u0430, Beebipood\" \/>\n<meta property=\"og:description\" content=\"Thule Chariot Sport Double jalgrattak\u00e4ru, Midnight Black , Thule Chariot Sport DoubleTippkvaliteediga jooksu- ja jalutusk&auml;ru, mis pakub sportlast\" \/>\n<meta property=\"og:url\" content=\"https:\/\/beebipood.ee\/ru\/produkt\/thule-chariot-sport-double-jalgrattakaru-midnight-black\/\" \/>\n<meta property=\"og:site_name\" content=\"Beebipood\" \/>\n<meta property=\"article:modified_time\" content=\"2025-01-09T08:52:23+00:00\" \/>\n<meta property=\"og:image\" content=\"https:\/\/beebipood.ee\/wp-content\/uploads\/2013\/09\/thule-chariot-sport-2-double-black.jpg\" \/>\n\t<meta property=\"og:image:width\" content=\"1200\" \/>\n\t<meta property=\"og:image:height\" content=\"1200\" \/>\n\t<meta property=\"og:image:type\" content=\"image\/jpeg\" \/>\n<meta name=\"twitter:card\" content=\"summary_large_image\" \/>\n<meta name=\"twitter:label1\" content=\"\u041f\u0440\u0438\u043c\u0435\u0440\u043d\u043e\u0435 \u0432\u0440\u0435\u043c\u044f \u0434\u043b\u044f \u0447\u0442\u0435\u043d\u0438\u044f\" \/>\n\t<meta name=\"twitter:data1\" content=\"1 \u043c\u0438\u043d\u0443\u0442\u0430\" \/>\n<script type=\"application\/ld+json\" class=\"yoast-schema-graph\">{\"@context\":\"https:\/\/schema.org\",\"@graph\":[{\"@type\":\"WebPage\",\"@id\":\"https:\/\/beebipood.ee\/ru\/produkt\/thule-chariot-sport-double-jalgrattakaru-midnight-black\/\",\"url\":\"https:\/\/beebipood.ee\/ru\/produkt\/thule-chariot-sport-double-jalgrattakaru-midnight-black\/\",\"name\":\"Thule Chariot Sport Double jalgrattak\u00e4ru, Midnight Black , \u0421\u041a\u0418\u0414\u041a\u0418, \u041d\u041e\u0412\u042b\u0415 \u0422\u041e\u0412\u0410\u0420\u042b, \u041a\u043e\u043b\u044f\u0441\u043a\u0438, \u0414\u043b\u044f \u0434\u0432\u043e\u0439\u043d\u044f\u0448\u0435\u043a, \u041f\u0440\u0438\u0446\u0435\u043f\u044b \u0434\u043b\u044f \u0432\u0435\u043b\u043e\u0441\u0438\u043f\u0435\u0434\u0430, Beebipood\",\"isPartOf\":{\"@id\":\"https:\/\/beebipood.ee\/ru\/#website\"},\"primaryImageOfPage\":{\"@id\":\"https:\/\/beebipood.ee\/ru\/produkt\/thule-chariot-sport-double-jalgrattakaru-midnight-black\/#primaryimage\"},\"image\":{\"@id\":\"https:\/\/beebipood.ee\/ru\/produkt\/thule-chariot-sport-double-jalgrattakaru-midnight-black\/#primaryimage\"},\"thumbnailUrl\":\"https:\/\/beebipood.ee\/wp-content\/uploads\/2013\/09\/thule-chariot-sport-2-double-black.jpg\",\"datePublished\":\"2013-09-02T10:46:22+00:00\",\"dateModified\":\"2025-01-09T08:52:23+00:00\",\"description\":\"Thule Chariot Sport Double jalgrattak\u00e4ru, Midnight Black , Thule Chariot Sport DoubleTippkvaliteediga jooksu- ja jalutusk&auml;ru, mis pakub sportlast\",\"breadcrumb\":{\"@id\":\"https:\/\/beebipood.ee\/ru\/produkt\/thule-chariot-sport-double-jalgrattakaru-midnight-black\/#breadcrumb\"},\"inLanguage\":\"ru-RU\",\"potentialAction\":[{\"@type\":\"ReadAction\",\"target\":[\"https:\/\/beebipood.ee\/ru\/produkt\/thule-chariot-sport-double-jalgrattakaru-midnight-black\/\"]}]},{\"@type\":\"ImageObject\",\"inLanguage\":\"ru-RU\",\"@id\":\"https:\/\/beebipood.ee\/ru\/produkt\/thule-chariot-sport-double-jalgrattakaru-midnight-black\/#primaryimage\",\"url\":\"https:\/\/beebipood.ee\/wp-content\/uploads\/2013\/09\/thule-chariot-sport-2-double-black.jpg\",\"contentUrl\":\"https:\/\/beebipood.ee\/wp-content\/uploads\/2013\/09\/thule-chariot-sport-2-double-black.jpg\",\"width\":1200,\"height\":1200},{\"@type\":\"BreadcrumbList\",\"@id\":\"https:\/\/beebipood.ee\/ru\/produkt\/thule-chariot-sport-double-jalgrattakaru-midnight-black\/#breadcrumb\",\"itemListElement\":[{\"@type\":\"ListItem\",\"position\":1,\"name\":\"Home\",\"item\":\"https:\/\/beebipood.ee\/ru\/\"},{\"@type\":\"ListItem\",\"position\":2,\"name\":\"\u041a\u0430\u0442\u0430\u043b\u043e\u0433 \u0442\u043e\u0432\u0430\u0440\u043e\u0432\",\"item\":\"https:\/\/beebipood.ee\/tooted\/\"},{\"@type\":\"ListItem\",\"position\":3,\"name\":\"Thule Chariot Sport Double jalgrattak\u00e4ru, Midnight Black\"}]},{\"@type\":\"WebSite\",\"@id\":\"https:\/\/beebipood.ee\/ru\/#website\",\"url\":\"https:\/\/beebipood.ee\/ru\/\",\"name\":\"Beebipood\",\"description\":\"Lastekaubad, beebikaubad, m\u00e4nguasjad\",\"publisher\":{\"@id\":\"https:\/\/beebipood.ee\/ru\/#organization\"},\"potentialAction\":[{\"@type\":\"SearchAction\",\"target\":{\"@type\":\"EntryPoint\",\"urlTemplate\":\"https:\/\/beebipood.ee\/ru\/?s={search_term_string}\"},\"query-input\":{\"@type\":\"PropertyValueSpecification\",\"valueRequired\":true,\"valueName\":\"search_term_string\"}}],\"inLanguage\":\"ru-RU\"},{\"@type\":\"Organization\",\"@id\":\"https:\/\/beebipood.ee\/ru\/#organization\",\"name\":\"Beebipood\",\"url\":\"https:\/\/beebipood.ee\/ru\/\",\"logo\":{\"@type\":\"ImageObject\",\"inLanguage\":\"ru-RU\",\"@id\":\"https:\/\/beebipood.ee\/ru\/#\/schema\/logo\/image\/\",\"url\":\"https:\/\/beebipood.ee\/wp-content\/uploads\/2025\/03\/beebipood.ee-logo-1.svg\",\"contentUrl\":\"https:\/\/beebipood.ee\/wp-content\/uploads\/2025\/03\/beebipood.ee-logo-1.svg\",\"caption\":\"Beebipood\"},\"image\":{\"@id\":\"https:\/\/beebipood.ee\/ru\/#\/schema\/logo\/image\/\"}}]}<\/script>\n<!-- \/ Yoast SEO plugin. -->","yoast_head_json":{"title":"Thule Chariot Sport Double jalgrattak\u00e4ru, Midnight Black , \u0421\u041a\u0418\u0414\u041a\u0418, \u041d\u041e\u0412\u042b\u0415 \u0422\u041e\u0412\u0410\u0420\u042b, \u041a\u043e\u043b\u044f\u0441\u043a\u0438, \u0414\u043b\u044f \u0434\u0432\u043e\u0439\u043d\u044f\u0448\u0435\u043a, \u041f\u0440\u0438\u0446\u0435\u043f\u044b \u0434\u043b\u044f \u0432\u0435\u043b\u043e\u0441\u0438\u043f\u0435\u0434\u0430, Beebipood","description":"Thule Chariot Sport Double jalgrattak\u00e4ru, Midnight Black , Thule Chariot Sport DoubleTippkvaliteediga jooksu- ja jalutusk&auml;ru, mis pakub sportlast","robots":{"index":"index","follow":"follow","max-snippet":"max-snippet:-1","max-image-preview":"max-image-preview:large","max-video-preview":"max-video-preview:-1"},"canonical":"https:\/\/beebipood.ee\/ru\/produkt\/thule-chariot-sport-double-jalgrattakaru-midnight-black\/","og_locale":"ru_RU","og_type":"article","og_title":"Thule Chariot Sport Double jalgrattak\u00e4ru, Midnight Black , \u0421\u041a\u0418\u0414\u041a\u0418, \u041d\u041e\u0412\u042b\u0415 \u0422\u041e\u0412\u0410\u0420\u042b, \u041a\u043e\u043b\u044f\u0441\u043a\u0438, \u0414\u043b\u044f \u0434\u0432\u043e\u0439\u043d\u044f\u0448\u0435\u043a, \u041f\u0440\u0438\u0446\u0435\u043f\u044b \u0434\u043b\u044f \u0432\u0435\u043b\u043e\u0441\u0438\u043f\u0435\u0434\u0430, Beebipood","og_description":"Thule Chariot Sport Double jalgrattak\u00e4ru, Midnight Black , Thule Chariot Sport DoubleTippkvaliteediga jooksu- ja jalutusk&auml;ru, mis pakub sportlast","og_url":"https:\/\/beebipood.ee\/ru\/produkt\/thule-chariot-sport-double-jalgrattakaru-midnight-black\/","og_site_name":"Beebipood","article_modified_time":"2025-01-09T08:52:23+00:00","og_image":[{"width":1200,"height":1200,"url":"https:\/\/beebipood.ee\/wp-content\/uploads\/2013\/09\/thule-chariot-sport-2-double-black.jpg","type":"image\/jpeg"}],"twitter_card":"summary_large_image","twitter_misc":{"\u041f\u0440\u0438\u043c\u0435\u0440\u043d\u043e\u0435 \u0432\u0440\u0435\u043c\u044f \u0434\u043b\u044f \u0447\u0442\u0435\u043d\u0438\u044f":"1 \u043c\u0438\u043d\u0443\u0442\u0430"},"schema":{"@context":"https:\/\/schema.org","@graph":[{"@type":"WebPage","@id":"https:\/\/beebipood.ee\/ru\/produkt\/thule-chariot-sport-double-jalgrattakaru-midnight-black\/","url":"https:\/\/beebipood.ee\/ru\/produkt\/thule-chariot-sport-double-jalgrattakaru-midnight-black\/","name":"Thule Chariot Sport Double jalgrattak\u00e4ru, Midnight Black , \u0421\u041a\u0418\u0414\u041a\u0418, \u041d\u041e\u0412\u042b\u0415 \u0422\u041e\u0412\u0410\u0420\u042b, \u041a\u043e\u043b\u044f\u0441\u043a\u0438, \u0414\u043b\u044f \u0434\u0432\u043e\u0439\u043d\u044f\u0448\u0435\u043a, \u041f\u0440\u0438\u0446\u0435\u043f\u044b \u0434\u043b\u044f \u0432\u0435\u043b\u043e\u0441\u0438\u043f\u0435\u0434\u0430, Beebipood","isPartOf":{"@id":"https:\/\/beebipood.ee\/ru\/#website"},"primaryImageOfPage":{"@id":"https:\/\/beebipood.ee\/ru\/produkt\/thule-chariot-sport-double-jalgrattakaru-midnight-black\/#primaryimage"},"image":{"@id":"https:\/\/beebipood.ee\/ru\/produkt\/thule-chariot-sport-double-jalgrattakaru-midnight-black\/#primaryimage"},"thumbnailUrl":"https:\/\/beebipood.ee\/wp-content\/uploads\/2013\/09\/thule-chariot-sport-2-double-black.jpg","datePublished":"2013-09-02T10:46:22+00:00","dateModified":"2025-01-09T08:52:23+00:00","description":"Thule Chariot Sport Double jalgrattak\u00e4ru, Midnight Black , Thule Chariot Sport DoubleTippkvaliteediga jooksu- ja jalutusk&auml;ru, mis pakub sportlast","breadcrumb":{"@id":"https:\/\/beebipood.ee\/ru\/produkt\/thule-chariot-sport-double-jalgrattakaru-midnight-black\/#breadcrumb"},"inLanguage":"ru-RU","potentialAction":[{"@type":"ReadAction","target":["https:\/\/beebipood.ee\/ru\/produkt\/thule-chariot-sport-double-jalgrattakaru-midnight-black\/"]}]},{"@type":"ImageObject","inLanguage":"ru-RU","@id":"https:\/\/beebipood.ee\/ru\/produkt\/thule-chariot-sport-double-jalgrattakaru-midnight-black\/#primaryimage","url":"https:\/\/beebipood.ee\/wp-content\/uploads\/2013\/09\/thule-chariot-sport-2-double-black.jpg","contentUrl":"https:\/\/beebipood.ee\/wp-content\/uploads\/2013\/09\/thule-chariot-sport-2-double-black.jpg","width":1200,"height":1200},{"@type":"BreadcrumbList","@id":"https:\/\/beebipood.ee\/ru\/produkt\/thule-chariot-sport-double-jalgrattakaru-midnight-black\/#breadcrumb","itemListElement":[{"@type":"ListItem","position":1,"name":"Home","item":"https:\/\/beebipood.ee\/ru\/"},{"@type":"ListItem","position":2,"name":"\u041a\u0430\u0442\u0430\u043b\u043e\u0433 \u0442\u043e\u0432\u0430\u0440\u043e\u0432","item":"https:\/\/beebipood.ee\/tooted\/"},{"@type":"ListItem","position":3,"name":"Thule Chariot Sport Double jalgrattak\u00e4ru, Midnight Black"}]},{"@type":"WebSite","@id":"https:\/\/beebipood.ee\/ru\/#website","url":"https:\/\/beebipood.ee\/ru\/","name":"Beebipood","description":"Lastekaubad, beebikaubad, m\u00e4nguasjad","publisher":{"@id":"https:\/\/beebipood.ee\/ru\/#organization"},"potentialAction":[{"@type":"SearchAction","target":{"@type":"EntryPoint","urlTemplate":"https:\/\/beebipood.ee\/ru\/?s={search_term_string}"},"query-input":{"@type":"PropertyValueSpecification","valueRequired":true,"valueName":"search_term_string"}}],"inLanguage":"ru-RU"},{"@type":"Organization","@id":"https:\/\/beebipood.ee\/ru\/#organization","name":"Beebipood","url":"https:\/\/beebipood.ee\/ru\/","logo":{"@type":"ImageObject","inLanguage":"ru-RU","@id":"https:\/\/beebipood.ee\/ru\/#\/schema\/logo\/image\/","url":"https:\/\/beebipood.ee\/wp-content\/uploads\/2025\/03\/beebipood.ee-logo-1.svg","contentUrl":"https:\/\/beebipood.ee\/wp-content\/uploads\/2025\/03\/beebipood.ee-logo-1.svg","caption":"Beebipood"},"image":{"@id":"https:\/\/beebipood.ee\/ru\/#\/schema\/logo\/image\/"}}]}},"brands":[{"id":11980,"name":"THULE","slug":"thule-ru"}],"_links":{"self":[{"href":"https:\/\/beebipood.ee\/ru\/wp-json\/wp\/v2\/product\/454488","targetHints":{"allow":["GET"]}}],"collection":[{"href":"https:\/\/beebipood.ee\/ru\/wp-json\/wp\/v2\/product"}],"about":[{"href":"https:\/\/beebipood.ee\/ru\/wp-json\/wp\/v2\/types\/product"}],"wp:featuredmedia":[{"embeddable":true,"href":"https:\/\/beebipood.ee\/ru\/wp-json\/wp\/v2\/media\/511541"}],"wp:attachment":[{"href":"https:\/\/beebipood.ee\/ru\/wp-json\/wp\/v2\/media?parent=454488"}],"wp:term":[{"taxonomy":"pwb-brand","embeddable":true,"href":"https:\/\/beebipood.ee\/ru\/wp-json\/wp\/v2\/pwb-brand?post=454488"},{"taxonomy":"product_brand","embeddable":true,"href":"https:\/\/beebipood.ee\/ru\/wp-json\/wp\/v2\/product_brand?post=454488"},{"taxonomy":"product_cat","embeddable":true,"href":"https:\/\/beebipood.ee\/ru\/wp-json\/wp\/v2\/product_cat?post=454488"},{"taxonomy":"product_tag","embeddable":true,"href":"https:\/\/beebipood.ee\/ru\/wp-json\/wp\/v2\/product_tag?post=454488"}],"curies":[{"name":"wp","href":"https:\/\/api.w.org\/{rel}","templated":true}]}}