{"id":454494,"date":"2013-09-02T13:47:11","date_gmt":"2013-09-02T10:47:11","guid":{"rendered":"https:\/\/beebipood.ee\/toode\/laste-porandakiik-rainbow-natural\/"},"modified":"2025-01-09T10:52:22","modified_gmt":"2025-01-09T08:52:22","slug":"laste-porandakiik-rainbow-natural","status":"publish","type":"product","link":"https:\/\/beebipood.ee\/ru\/produkt\/laste-porandakiik-rainbow-natural\/","title":{"rendered":"Laste p\u00f5randakiik Rainbow, natural"},"content":{"rendered":"<p>Funktsionaalne lastekiik Rainbow on p\u00f5nev m\u00e4nguasi lapsele, <br \/>ning seda saab kasutada mitmel viisil ja erinevateks m\u00e4ngudeks.<br \/>N\u00e4iteks sobib see lastekiik <br \/>* kiikumine &#8212; aeglaselt, kiiremini v\u00f5i v\u00e4ga kiiresti<br \/>* ostmine, m\u00fc\u00fcmine &#8212; kuna kiike saab kasutada lettina<br \/>* \u00fcle ronimine v\u00f5i sellest l\u00e4bi libistamine<br \/>* jalgadega edasi-tagasi libisemine jne.<br \/>P\u00f5randakiik Rainbow arendab lapse kujutlusv\u00f5imet, aga ka kognitiivseid ja f\u00fc\u00fcsilisi v\u00f5imeid.<br \/>Valmistatud naturaalsest kasevineeris<br \/>Viimistlemisel on kasutatud ainult sertifitseeritud orgaanilisi v\u00e4rve<br \/>Toode vastab k\u00f5ikidele EN turvastandarditele<br \/>M\u00f5\u00f5dud: P:75 L:40 K:37 cm<br \/>Kaal: 5,5 kg<br \/>Sobib lastele alates 1,5 aastast.<br \/>Maksimaalne kaal 50 kg.<br \/>Kasutada ainult t\u00e4iskasvanu j\u00e4relevalve all.<br \/>Sobib tubaseks kasutamiseks.<br \/>Kontrollige regulaarselt kruvisid, kas need on korralikult pingutatud. <br \/>Pingutage regulaarselt k\u00f5iki kruvisid.<br \/>Kasutamiseks ainult p\u00f5randal.<br \/>V\u00f5imalik eraldi juurde osta ka kiigega sobituv ronimissein.<\/p>\n","protected":false},"excerpt":{"rendered":"<p>Funktsionaalne lastekiik Rainbow on p\u00f5nev m\u00e4nguasi lapsele, ning seda saab kasutada mitmel viisil ja erinevateks m\u00e4ngudeks.N\u00e4iteks sobib see lastekiik * kiikumine &#8212; aeglaselt, kiiremini v\u00f5i v\u00e4ga kiiresti* ostmine, m\u00fc\u00fcmine &#8212; kuna kiike saab kasutada lettina* \u00fcle ronimine v\u00f5i sellest l\u00e4bi libistamine* jalgadega edasi-tagasi libisemine jne.P\u00f5randakiik Rainbow arendab lapse kujutlusv\u00f5imet, aga ka kognitiivseid ja f\u00fc\u00fcsilisi v\u00f5imeid.Valmistatud [&hellip;]<\/p>\n","protected":false},"featured_media":100669,"template":"","meta":{"_acf_changed":false},"pwb-brand":[],"product_brand":[],"product_cat":[11683,11573,11681,11675,11689],"product_tag":[],"class_list":{"0":"post-454494","1":"product","2":"type-product","3":"status-publish","4":"has-post-thumbnail","6":"product_cat-mangud-ru","7":"product_cat-sooduspakkumised-ru","8":"product_cat-istu-peale-ja-soida-ru","9":"product_cat-aktiivne-tegevus-ja-vaba-aeg-ru","10":"product_cat-manguasjad-mangud-nukud-mangumoobel-ru","12":"first","13":"onbackorder","14":"sale","15":"taxable","16":"shipping-taxable","17":"purchasable","18":"product-type-simple"},"exclude_global_add_ons":false,"addons":[{"name":"Vali v\u00e4rv","type":"multiple_choice","position":0,"required":true,"title_format":"heading","default":"","description_enable":false,"description":"","placeholder_enable":false,"placeholder":"","display":"images","restrictions_type":"any_text","adjust_price":false,"price":"","price_type":"flat_fee","restrictions":false,"min":"0","max":"0","options":[{"label":"Naturaalne\/Puuvalmis","price":"-14.0000","price_type":"quantity_based","image":500987,"visibility":true},{"label":"Natural\/Rainbow","price":"","price_type":"quantity_based","image":500989,"visibility":true},{"label":"Natural\/Rainbow Gelato","price":"","price_type":"quantity_based","image":500991,"visibility":true}]}],"acf":[],"yoast_head":"<!-- This site is optimized with the Yoast SEO plugin v27.1.1 - https:\/\/yoast.com\/product\/yoast-seo-wordpress\/ -->\n<title>Laste p\u00f5randakiik Rainbow, natural, \u0421\u041a\u0418\u0414\u041a\u0418, \u0410\u043a\u0442\u0438\u0432\u043d\u044b\u0435 \u0434\u0435\u0439\u0441\u0442\u0432\u0438\u044f, \u0421\u0430\u0434\u0438\u0441\u044c \u0438 \u043f\u043e\u0435\u0437\u0436\u0430\u0439, \u0418\u0433\u0440\u044b, \u0418\u0433\u0440\u0443\u0448\u043a\u0438, Beebipood<\/title>\n<meta name=\"description\" content=\"Laste p\u00f5randakiik Rainbow, natural, Funktsionaalne lastekiik Rainbow on p&otilde;nev m&auml;nguasi lapsele, ning seda saab kasutada mitmel viisil ja e\" \/>\n<meta name=\"robots\" content=\"index, follow, max-snippet:-1, max-image-preview:large, max-video-preview:-1\" \/>\n<link rel=\"canonical\" href=\"https:\/\/beebipood.ee\/ru\/produkt\/laste-porandakiik-rainbow-natural\/\" \/>\n<meta property=\"og:locale\" content=\"ru_RU\" \/>\n<meta property=\"og:type\" content=\"article\" \/>\n<meta property=\"og:title\" content=\"Laste p\u00f5randakiik Rainbow, natural, \u0421\u041a\u0418\u0414\u041a\u0418, \u0410\u043a\u0442\u0438\u0432\u043d\u044b\u0435 \u0434\u0435\u0439\u0441\u0442\u0432\u0438\u044f, \u0421\u0430\u0434\u0438\u0441\u044c \u0438 \u043f\u043e\u0435\u0437\u0436\u0430\u0439, \u0418\u0433\u0440\u044b, \u0418\u0433\u0440\u0443\u0448\u043a\u0438, Beebipood\" \/>\n<meta property=\"og:description\" content=\"Laste p\u00f5randakiik Rainbow, natural, Funktsionaalne lastekiik Rainbow on p&otilde;nev m&auml;nguasi lapsele, ning seda saab kasutada mitmel viisil ja e\" \/>\n<meta property=\"og:url\" content=\"https:\/\/beebipood.ee\/ru\/produkt\/laste-porandakiik-rainbow-natural\/\" \/>\n<meta property=\"og:site_name\" content=\"Beebipood\" \/>\n<meta property=\"article:modified_time\" content=\"2025-01-09T08:52:22+00:00\" \/>\n<meta property=\"og:image\" content=\"https:\/\/beebipood.ee\/wp-content\/uploads\/2013\/09\/Laste-porandakiik-Rainbow-natural-SOODUSPAKKUMISED-Aktiivne-tegevus-Istu-peale-ja-soida-Mangud-Manguasjad_4-16e.jpg\" \/>\n\t<meta property=\"og:image:width\" content=\"1200\" \/>\n\t<meta property=\"og:image:height\" content=\"937\" \/>\n\t<meta property=\"og:image:type\" content=\"image\/jpeg\" \/>\n<meta name=\"twitter:card\" content=\"summary_large_image\" \/>\n<meta name=\"twitter:label1\" content=\"\u041f\u0440\u0438\u043c\u0435\u0440\u043d\u043e\u0435 \u0432\u0440\u0435\u043c\u044f \u0434\u043b\u044f \u0447\u0442\u0435\u043d\u0438\u044f\" \/>\n\t<meta name=\"twitter:data1\" content=\"1 \u043c\u0438\u043d\u0443\u0442\u0430\" \/>\n<script type=\"application\/ld+json\" class=\"yoast-schema-graph\">{\"@context\":\"https:\/\/schema.org\",\"@graph\":[{\"@type\":\"WebPage\",\"@id\":\"https:\/\/beebipood.ee\/ru\/produkt\/laste-porandakiik-rainbow-natural\/\",\"url\":\"https:\/\/beebipood.ee\/ru\/produkt\/laste-porandakiik-rainbow-natural\/\",\"name\":\"Laste p\u00f5randakiik Rainbow, natural, \u0421\u041a\u0418\u0414\u041a\u0418, \u0410\u043a\u0442\u0438\u0432\u043d\u044b\u0435 \u0434\u0435\u0439\u0441\u0442\u0432\u0438\u044f, \u0421\u0430\u0434\u0438\u0441\u044c \u0438 \u043f\u043e\u0435\u0437\u0436\u0430\u0439, \u0418\u0433\u0440\u044b, \u0418\u0433\u0440\u0443\u0448\u043a\u0438, Beebipood\",\"isPartOf\":{\"@id\":\"https:\/\/beebipood.ee\/ru\/#website\"},\"primaryImageOfPage\":{\"@id\":\"https:\/\/beebipood.ee\/ru\/produkt\/laste-porandakiik-rainbow-natural\/#primaryimage\"},\"image\":{\"@id\":\"https:\/\/beebipood.ee\/ru\/produkt\/laste-porandakiik-rainbow-natural\/#primaryimage\"},\"thumbnailUrl\":\"https:\/\/beebipood.ee\/wp-content\/uploads\/2013\/09\/Laste-porandakiik-Rainbow-natural-SOODUSPAKKUMISED-Aktiivne-tegevus-Istu-peale-ja-soida-Mangud-Manguasjad_4-16e.jpg\",\"datePublished\":\"2013-09-02T10:47:11+00:00\",\"dateModified\":\"2025-01-09T08:52:22+00:00\",\"description\":\"Laste p\u00f5randakiik Rainbow, natural, Funktsionaalne lastekiik Rainbow on p&otilde;nev m&auml;nguasi lapsele, ning seda saab kasutada mitmel viisil ja e\",\"breadcrumb\":{\"@id\":\"https:\/\/beebipood.ee\/ru\/produkt\/laste-porandakiik-rainbow-natural\/#breadcrumb\"},\"inLanguage\":\"ru-RU\",\"potentialAction\":[{\"@type\":\"ReadAction\",\"target\":[\"https:\/\/beebipood.ee\/ru\/produkt\/laste-porandakiik-rainbow-natural\/\"]}]},{\"@type\":\"ImageObject\",\"inLanguage\":\"ru-RU\",\"@id\":\"https:\/\/beebipood.ee\/ru\/produkt\/laste-porandakiik-rainbow-natural\/#primaryimage\",\"url\":\"https:\/\/beebipood.ee\/wp-content\/uploads\/2013\/09\/Laste-porandakiik-Rainbow-natural-SOODUSPAKKUMISED-Aktiivne-tegevus-Istu-peale-ja-soida-Mangud-Manguasjad_4-16e.jpg\",\"contentUrl\":\"https:\/\/beebipood.ee\/wp-content\/uploads\/2013\/09\/Laste-porandakiik-Rainbow-natural-SOODUSPAKKUMISED-Aktiivne-tegevus-Istu-peale-ja-soida-Mangud-Manguasjad_4-16e.jpg\",\"width\":1200,\"height\":937},{\"@type\":\"BreadcrumbList\",\"@id\":\"https:\/\/beebipood.ee\/ru\/produkt\/laste-porandakiik-rainbow-natural\/#breadcrumb\",\"itemListElement\":[{\"@type\":\"ListItem\",\"position\":1,\"name\":\"Home\",\"item\":\"https:\/\/beebipood.ee\/ru\/\"},{\"@type\":\"ListItem\",\"position\":2,\"name\":\"\u041a\u0430\u0442\u0430\u043b\u043e\u0433 \u0442\u043e\u0432\u0430\u0440\u043e\u0432\",\"item\":\"https:\/\/beebipood.ee\/tooted\/\"},{\"@type\":\"ListItem\",\"position\":3,\"name\":\"Laste p\u00f5randakiik Rainbow, natural\"}]},{\"@type\":\"WebSite\",\"@id\":\"https:\/\/beebipood.ee\/ru\/#website\",\"url\":\"https:\/\/beebipood.ee\/ru\/\",\"name\":\"Beebipood\",\"description\":\"Lastekaubad, beebikaubad, m\u00e4nguasjad\",\"publisher\":{\"@id\":\"https:\/\/beebipood.ee\/ru\/#organization\"},\"potentialAction\":[{\"@type\":\"SearchAction\",\"target\":{\"@type\":\"EntryPoint\",\"urlTemplate\":\"https:\/\/beebipood.ee\/ru\/?s={search_term_string}\"},\"query-input\":{\"@type\":\"PropertyValueSpecification\",\"valueRequired\":true,\"valueName\":\"search_term_string\"}}],\"inLanguage\":\"ru-RU\"},{\"@type\":\"Organization\",\"@id\":\"https:\/\/beebipood.ee\/ru\/#organization\",\"name\":\"Beebipood\",\"url\":\"https:\/\/beebipood.ee\/ru\/\",\"logo\":{\"@type\":\"ImageObject\",\"inLanguage\":\"ru-RU\",\"@id\":\"https:\/\/beebipood.ee\/ru\/#\/schema\/logo\/image\/\",\"url\":\"https:\/\/beebipood.ee\/wp-content\/uploads\/2025\/03\/beebipood.ee-logo-1.svg\",\"contentUrl\":\"https:\/\/beebipood.ee\/wp-content\/uploads\/2025\/03\/beebipood.ee-logo-1.svg\",\"caption\":\"Beebipood\"},\"image\":{\"@id\":\"https:\/\/beebipood.ee\/ru\/#\/schema\/logo\/image\/\"}}]}<\/script>\n<!-- \/ Yoast SEO plugin. -->","yoast_head_json":{"title":"Laste p\u00f5randakiik Rainbow, natural, \u0421\u041a\u0418\u0414\u041a\u0418, \u0410\u043a\u0442\u0438\u0432\u043d\u044b\u0435 \u0434\u0435\u0439\u0441\u0442\u0432\u0438\u044f, \u0421\u0430\u0434\u0438\u0441\u044c \u0438 \u043f\u043e\u0435\u0437\u0436\u0430\u0439, \u0418\u0433\u0440\u044b, \u0418\u0433\u0440\u0443\u0448\u043a\u0438, Beebipood","description":"Laste p\u00f5randakiik Rainbow, natural, Funktsionaalne lastekiik Rainbow on p&otilde;nev m&auml;nguasi lapsele, ning seda saab kasutada mitmel viisil ja e","robots":{"index":"index","follow":"follow","max-snippet":"max-snippet:-1","max-image-preview":"max-image-preview:large","max-video-preview":"max-video-preview:-1"},"canonical":"https:\/\/beebipood.ee\/ru\/produkt\/laste-porandakiik-rainbow-natural\/","og_locale":"ru_RU","og_type":"article","og_title":"Laste p\u00f5randakiik Rainbow, natural, \u0421\u041a\u0418\u0414\u041a\u0418, \u0410\u043a\u0442\u0438\u0432\u043d\u044b\u0435 \u0434\u0435\u0439\u0441\u0442\u0432\u0438\u044f, \u0421\u0430\u0434\u0438\u0441\u044c \u0438 \u043f\u043e\u0435\u0437\u0436\u0430\u0439, \u0418\u0433\u0440\u044b, \u0418\u0433\u0440\u0443\u0448\u043a\u0438, Beebipood","og_description":"Laste p\u00f5randakiik Rainbow, natural, Funktsionaalne lastekiik Rainbow on p&otilde;nev m&auml;nguasi lapsele, ning seda saab kasutada mitmel viisil ja e","og_url":"https:\/\/beebipood.ee\/ru\/produkt\/laste-porandakiik-rainbow-natural\/","og_site_name":"Beebipood","article_modified_time":"2025-01-09T08:52:22+00:00","og_image":[{"width":1200,"height":937,"url":"https:\/\/beebipood.ee\/wp-content\/uploads\/2013\/09\/Laste-porandakiik-Rainbow-natural-SOODUSPAKKUMISED-Aktiivne-tegevus-Istu-peale-ja-soida-Mangud-Manguasjad_4-16e.jpg","type":"image\/jpeg"}],"twitter_card":"summary_large_image","twitter_misc":{"\u041f\u0440\u0438\u043c\u0435\u0440\u043d\u043e\u0435 \u0432\u0440\u0435\u043c\u044f \u0434\u043b\u044f \u0447\u0442\u0435\u043d\u0438\u044f":"1 \u043c\u0438\u043d\u0443\u0442\u0430"},"schema":{"@context":"https:\/\/schema.org","@graph":[{"@type":"WebPage","@id":"https:\/\/beebipood.ee\/ru\/produkt\/laste-porandakiik-rainbow-natural\/","url":"https:\/\/beebipood.ee\/ru\/produkt\/laste-porandakiik-rainbow-natural\/","name":"Laste p\u00f5randakiik Rainbow, natural, \u0421\u041a\u0418\u0414\u041a\u0418, \u0410\u043a\u0442\u0438\u0432\u043d\u044b\u0435 \u0434\u0435\u0439\u0441\u0442\u0432\u0438\u044f, \u0421\u0430\u0434\u0438\u0441\u044c \u0438 \u043f\u043e\u0435\u0437\u0436\u0430\u0439, \u0418\u0433\u0440\u044b, \u0418\u0433\u0440\u0443\u0448\u043a\u0438, Beebipood","isPartOf":{"@id":"https:\/\/beebipood.ee\/ru\/#website"},"primaryImageOfPage":{"@id":"https:\/\/beebipood.ee\/ru\/produkt\/laste-porandakiik-rainbow-natural\/#primaryimage"},"image":{"@id":"https:\/\/beebipood.ee\/ru\/produkt\/laste-porandakiik-rainbow-natural\/#primaryimage"},"thumbnailUrl":"https:\/\/beebipood.ee\/wp-content\/uploads\/2013\/09\/Laste-porandakiik-Rainbow-natural-SOODUSPAKKUMISED-Aktiivne-tegevus-Istu-peale-ja-soida-Mangud-Manguasjad_4-16e.jpg","datePublished":"2013-09-02T10:47:11+00:00","dateModified":"2025-01-09T08:52:22+00:00","description":"Laste p\u00f5randakiik Rainbow, natural, Funktsionaalne lastekiik Rainbow on p&otilde;nev m&auml;nguasi lapsele, ning seda saab kasutada mitmel viisil ja e","breadcrumb":{"@id":"https:\/\/beebipood.ee\/ru\/produkt\/laste-porandakiik-rainbow-natural\/#breadcrumb"},"inLanguage":"ru-RU","potentialAction":[{"@type":"ReadAction","target":["https:\/\/beebipood.ee\/ru\/produkt\/laste-porandakiik-rainbow-natural\/"]}]},{"@type":"ImageObject","inLanguage":"ru-RU","@id":"https:\/\/beebipood.ee\/ru\/produkt\/laste-porandakiik-rainbow-natural\/#primaryimage","url":"https:\/\/beebipood.ee\/wp-content\/uploads\/2013\/09\/Laste-porandakiik-Rainbow-natural-SOODUSPAKKUMISED-Aktiivne-tegevus-Istu-peale-ja-soida-Mangud-Manguasjad_4-16e.jpg","contentUrl":"https:\/\/beebipood.ee\/wp-content\/uploads\/2013\/09\/Laste-porandakiik-Rainbow-natural-SOODUSPAKKUMISED-Aktiivne-tegevus-Istu-peale-ja-soida-Mangud-Manguasjad_4-16e.jpg","width":1200,"height":937},{"@type":"BreadcrumbList","@id":"https:\/\/beebipood.ee\/ru\/produkt\/laste-porandakiik-rainbow-natural\/#breadcrumb","itemListElement":[{"@type":"ListItem","position":1,"name":"Home","item":"https:\/\/beebipood.ee\/ru\/"},{"@type":"ListItem","position":2,"name":"\u041a\u0430\u0442\u0430\u043b\u043e\u0433 \u0442\u043e\u0432\u0430\u0440\u043e\u0432","item":"https:\/\/beebipood.ee\/tooted\/"},{"@type":"ListItem","position":3,"name":"Laste p\u00f5randakiik Rainbow, natural"}]},{"@type":"WebSite","@id":"https:\/\/beebipood.ee\/ru\/#website","url":"https:\/\/beebipood.ee\/ru\/","name":"Beebipood","description":"Lastekaubad, beebikaubad, m\u00e4nguasjad","publisher":{"@id":"https:\/\/beebipood.ee\/ru\/#organization"},"potentialAction":[{"@type":"SearchAction","target":{"@type":"EntryPoint","urlTemplate":"https:\/\/beebipood.ee\/ru\/?s={search_term_string}"},"query-input":{"@type":"PropertyValueSpecification","valueRequired":true,"valueName":"search_term_string"}}],"inLanguage":"ru-RU"},{"@type":"Organization","@id":"https:\/\/beebipood.ee\/ru\/#organization","name":"Beebipood","url":"https:\/\/beebipood.ee\/ru\/","logo":{"@type":"ImageObject","inLanguage":"ru-RU","@id":"https:\/\/beebipood.ee\/ru\/#\/schema\/logo\/image\/","url":"https:\/\/beebipood.ee\/wp-content\/uploads\/2025\/03\/beebipood.ee-logo-1.svg","contentUrl":"https:\/\/beebipood.ee\/wp-content\/uploads\/2025\/03\/beebipood.ee-logo-1.svg","caption":"Beebipood"},"image":{"@id":"https:\/\/beebipood.ee\/ru\/#\/schema\/logo\/image\/"}}]}},"brands":[],"_links":{"self":[{"href":"https:\/\/beebipood.ee\/ru\/wp-json\/wp\/v2\/product\/454494","targetHints":{"allow":["GET"]}}],"collection":[{"href":"https:\/\/beebipood.ee\/ru\/wp-json\/wp\/v2\/product"}],"about":[{"href":"https:\/\/beebipood.ee\/ru\/wp-json\/wp\/v2\/types\/product"}],"wp:featuredmedia":[{"embeddable":true,"href":"https:\/\/beebipood.ee\/ru\/wp-json\/wp\/v2\/media\/100669"}],"wp:attachment":[{"href":"https:\/\/beebipood.ee\/ru\/wp-json\/wp\/v2\/media?parent=454494"}],"wp:term":[{"taxonomy":"pwb-brand","embeddable":true,"href":"https:\/\/beebipood.ee\/ru\/wp-json\/wp\/v2\/pwb-brand?post=454494"},{"taxonomy":"product_brand","embeddable":true,"href":"https:\/\/beebipood.ee\/ru\/wp-json\/wp\/v2\/product_brand?post=454494"},{"taxonomy":"product_cat","embeddable":true,"href":"https:\/\/beebipood.ee\/ru\/wp-json\/wp\/v2\/product_cat?post=454494"},{"taxonomy":"product_tag","embeddable":true,"href":"https:\/\/beebipood.ee\/ru\/wp-json\/wp\/v2\/product_tag?post=454494"}],"curies":[{"name":"wp","href":"https:\/\/api.w.org\/{rel}","templated":true}]}}