{"id":454498,"date":"2013-09-02T13:47:14","date_gmt":"2013-09-02T10:47:14","guid":{"rendered":"https:\/\/beebipood.ee\/toode\/jane-kids-zone-universaalne-higistamisvastane-istmekate-turvahallile\/"},"modified":"2025-01-09T10:52:22","modified_gmt":"2025-01-09T08:52:22","slug":"jane-kids-zone-universaalne-higistamisvastane-istmekate-turvahallile","status":"publish","type":"product","link":"https:\/\/beebipood.ee\/ru\/produkt\/jane-kids-zone-universaalne-higistamisvastane-istmekate-turvahallile\/","title":{"rendered":"Jane Kids Zone universaalne higistamisvastane istmekate turvah\u00e4llile"},"content":{"rendered":"<p>Hingav higistamisvastane istmekate turvah\u00e4lli v\u00f5i vankrikorvi jaoks.<br \/>Valmistatud hingavast ja v\u00e4ga elastsest materjalist, <br \/>v\u00e4hendades seel\u00e4bi \u00fclekuumenemise ohtu. <br \/>\u00dchildub enamike turvah\u00e4llidega ning seda on lihtne paigaldada!<\/p>\n<p>Sobib turvah\u00e4llidele, turvatoolidele 40\u201387 cm (r\u00fchm 0\/0 +) kuni 15 kuud<br \/>Antud istmekate pakub sinu lapsele optimaalse istumismugavuse ning hoiab istumisosa kauem uuena.<br \/>Universaalne.<br \/>T\u00e4nu oma tekstuurile v\u00f5imaldab pidevat \u00f5hu ringlust selja, <br \/>jalgade ja pea piirkonnas, v\u00e4hendades \u00fclekuumenemise ohtu.<br \/>Suurema mugavuse tagamiseks valmistatud hingavast, v\u00e4ga elastsest materjalist.<br \/>T\u00e4nu pikendatavatele kummipaeltele on see h\u00f5lpsasti oma kohale paigaldatav.<br \/>Masinpestav<br \/>Suurus: 40\u201387 cm<\/p>\n","protected":false},"excerpt":{"rendered":"<p>Hingav higistamisvastane istmekate turvah\u00e4lli v\u00f5i vankrikorvi jaoks.Valmistatud hingavast ja v\u00e4ga elastsest materjalist, v\u00e4hendades seel\u00e4bi \u00fclekuumenemise ohtu. \u00dchildub enamike turvah\u00e4llidega ning seda on lihtne paigaldada! Sobib turvah\u00e4llidele, turvatoolidele 40\u201387 cm (r\u00fchm 0\/0 +) kuni 15 kuudAntud istmekate pakub sinu lapsele optimaalse istumismugavuse ning hoiab istumisosa kauem uuena.Universaalne.T\u00e4nu oma tekstuurile v\u00f5imaldab pidevat \u00f5hu ringlust selja, jalgade ja [&hellip;]<\/p>\n","protected":false},"featured_media":100678,"template":"","meta":{"_acf_changed":false},"pwb-brand":[11972],"product_brand":[],"product_cat":[11727,11797,11791],"product_tag":[],"class_list":{"0":"post-454498","1":"product","2":"type-product","3":"status-publish","4":"has-post-thumbnail","6":"pwb-brand-jane-ru","7":"product_cat-turvatoolid-hallid-ru","8":"product_cat-lisatarvikud-ru-1","9":"product_cat-turvavarustus-ru","10":"pa_manufacturer-jane-ru","12":"first","13":"instock","14":"taxable","15":"shipping-taxable","16":"purchasable","17":"product-type-simple"},"exclude_global_add_ons":[],"addons":[],"acf":[],"yoast_head":"<!-- This site is optimized with the Yoast SEO plugin v27.1.1 - https:\/\/yoast.com\/product\/yoast-seo-wordpress\/ -->\n<title>Jane Kids Zone universaalne higistamisvastane istmekate turvah\u00e4llile, \u041d\u041e\u0412\u042b\u0415 \u0422\u041e\u0412\u0410\u0420\u042b, \u0410\u0432\u0442\u043e\u043a\u0440\u0435\u0441\u043b\u0430, \u043b\u044e\u043b\u044c\u043a\u0438, \u0421\u043d\u0430\u0440\u044f\u0436\u0435\u043d\u0438\u044f \u0431\u0435\u0437\u043e\u043f\u0430\u0441\u043d\u043e\u0441\u0442\u0438, \u0410\u043a\u0441\u0435\u0441\u0441\u0443\u0430\u0440\u044b, Beebipood<\/title>\n<meta name=\"description\" content=\"Jane Kids Zone universaalne higistamisvastane istmekate turvah\u00e4llile, Hingav higistamisvastane istmekate turvah&auml;lli v&otilde;i vankrikorvi jaoks.\" \/>\n<meta name=\"robots\" content=\"index, follow, max-snippet:-1, max-image-preview:large, max-video-preview:-1\" \/>\n<link rel=\"canonical\" href=\"https:\/\/beebipood.ee\/ru\/produkt\/jane-kids-zone-universaalne-higistamisvastane-istmekate-turvahallile\/\" \/>\n<meta property=\"og:locale\" content=\"ru_RU\" \/>\n<meta property=\"og:type\" content=\"article\" \/>\n<meta property=\"og:title\" content=\"Jane Kids Zone universaalne higistamisvastane istmekate turvah\u00e4llile, \u041d\u041e\u0412\u042b\u0415 \u0422\u041e\u0412\u0410\u0420\u042b, \u0410\u0432\u0442\u043e\u043a\u0440\u0435\u0441\u043b\u0430, \u043b\u044e\u043b\u044c\u043a\u0438, \u0421\u043d\u0430\u0440\u044f\u0436\u0435\u043d\u0438\u044f \u0431\u0435\u0437\u043e\u043f\u0430\u0441\u043d\u043e\u0441\u0442\u0438, \u0410\u043a\u0441\u0435\u0441\u0441\u0443\u0430\u0440\u044b, Beebipood\" \/>\n<meta property=\"og:description\" content=\"Jane Kids Zone universaalne higistamisvastane istmekate turvah\u00e4llile, Hingav higistamisvastane istmekate turvah&auml;lli v&otilde;i vankrikorvi jaoks.\" \/>\n<meta property=\"og:url\" content=\"https:\/\/beebipood.ee\/ru\/produkt\/jane-kids-zone-universaalne-higistamisvastane-istmekate-turvahallile\/\" \/>\n<meta property=\"og:site_name\" content=\"Beebipood\" \/>\n<meta property=\"article:modified_time\" content=\"2025-01-09T08:52:22+00:00\" \/>\n<meta property=\"og:image\" content=\"https:\/\/beebipood.ee\/wp-content\/uploads\/2013\/09\/Jane-Kids-Zone-universaalne-higistamisvastane-istmekate-turvahallile-UUED-TOOTED-Turvatoolid-hallid-Turvavarustus-Lisatarvikud_2-09f.jpg\" \/>\n\t<meta property=\"og:image:width\" content=\"1398\" \/>\n\t<meta property=\"og:image:height\" content=\"1426\" \/>\n\t<meta property=\"og:image:type\" content=\"image\/jpeg\" \/>\n<meta name=\"twitter:card\" content=\"summary_large_image\" \/>\n<script type=\"application\/ld+json\" class=\"yoast-schema-graph\">{\"@context\":\"https:\/\/schema.org\",\"@graph\":[{\"@type\":\"WebPage\",\"@id\":\"https:\/\/beebipood.ee\/ru\/produkt\/jane-kids-zone-universaalne-higistamisvastane-istmekate-turvahallile\/\",\"url\":\"https:\/\/beebipood.ee\/ru\/produkt\/jane-kids-zone-universaalne-higistamisvastane-istmekate-turvahallile\/\",\"name\":\"Jane Kids Zone universaalne higistamisvastane istmekate turvah\u00e4llile, \u041d\u041e\u0412\u042b\u0415 \u0422\u041e\u0412\u0410\u0420\u042b, \u0410\u0432\u0442\u043e\u043a\u0440\u0435\u0441\u043b\u0430, \u043b\u044e\u043b\u044c\u043a\u0438, \u0421\u043d\u0430\u0440\u044f\u0436\u0435\u043d\u0438\u044f \u0431\u0435\u0437\u043e\u043f\u0430\u0441\u043d\u043e\u0441\u0442\u0438, \u0410\u043a\u0441\u0435\u0441\u0441\u0443\u0430\u0440\u044b, Beebipood\",\"isPartOf\":{\"@id\":\"https:\/\/beebipood.ee\/ru\/#website\"},\"primaryImageOfPage\":{\"@id\":\"https:\/\/beebipood.ee\/ru\/produkt\/jane-kids-zone-universaalne-higistamisvastane-istmekate-turvahallile\/#primaryimage\"},\"image\":{\"@id\":\"https:\/\/beebipood.ee\/ru\/produkt\/jane-kids-zone-universaalne-higistamisvastane-istmekate-turvahallile\/#primaryimage\"},\"thumbnailUrl\":\"https:\/\/beebipood.ee\/wp-content\/uploads\/2013\/09\/Jane-Kids-Zone-universaalne-higistamisvastane-istmekate-turvahallile-UUED-TOOTED-Turvatoolid-hallid-Turvavarustus-Lisatarvikud_2-09f.jpg\",\"datePublished\":\"2013-09-02T10:47:14+00:00\",\"dateModified\":\"2025-01-09T08:52:22+00:00\",\"description\":\"Jane Kids Zone universaalne higistamisvastane istmekate turvah\u00e4llile, Hingav higistamisvastane istmekate turvah&auml;lli v&otilde;i vankrikorvi jaoks.\",\"breadcrumb\":{\"@id\":\"https:\/\/beebipood.ee\/ru\/produkt\/jane-kids-zone-universaalne-higistamisvastane-istmekate-turvahallile\/#breadcrumb\"},\"inLanguage\":\"ru-RU\",\"potentialAction\":[{\"@type\":\"ReadAction\",\"target\":[\"https:\/\/beebipood.ee\/ru\/produkt\/jane-kids-zone-universaalne-higistamisvastane-istmekate-turvahallile\/\"]}]},{\"@type\":\"ImageObject\",\"inLanguage\":\"ru-RU\",\"@id\":\"https:\/\/beebipood.ee\/ru\/produkt\/jane-kids-zone-universaalne-higistamisvastane-istmekate-turvahallile\/#primaryimage\",\"url\":\"https:\/\/beebipood.ee\/wp-content\/uploads\/2013\/09\/Jane-Kids-Zone-universaalne-higistamisvastane-istmekate-turvahallile-UUED-TOOTED-Turvatoolid-hallid-Turvavarustus-Lisatarvikud_2-09f.jpg\",\"contentUrl\":\"https:\/\/beebipood.ee\/wp-content\/uploads\/2013\/09\/Jane-Kids-Zone-universaalne-higistamisvastane-istmekate-turvahallile-UUED-TOOTED-Turvatoolid-hallid-Turvavarustus-Lisatarvikud_2-09f.jpg\",\"width\":1398,\"height\":1426},{\"@type\":\"BreadcrumbList\",\"@id\":\"https:\/\/beebipood.ee\/ru\/produkt\/jane-kids-zone-universaalne-higistamisvastane-istmekate-turvahallile\/#breadcrumb\",\"itemListElement\":[{\"@type\":\"ListItem\",\"position\":1,\"name\":\"Home\",\"item\":\"https:\/\/beebipood.ee\/ru\/\"},{\"@type\":\"ListItem\",\"position\":2,\"name\":\"\u041a\u0430\u0442\u0430\u043b\u043e\u0433 \u0442\u043e\u0432\u0430\u0440\u043e\u0432\",\"item\":\"https:\/\/beebipood.ee\/tooted\/\"},{\"@type\":\"ListItem\",\"position\":3,\"name\":\"Jane Kids Zone universaalne higistamisvastane istmekate turvah\u00e4llile\"}]},{\"@type\":\"WebSite\",\"@id\":\"https:\/\/beebipood.ee\/ru\/#website\",\"url\":\"https:\/\/beebipood.ee\/ru\/\",\"name\":\"Beebipood\",\"description\":\"Lastekaubad, beebikaubad, m\u00e4nguasjad\",\"publisher\":{\"@id\":\"https:\/\/beebipood.ee\/ru\/#organization\"},\"potentialAction\":[{\"@type\":\"SearchAction\",\"target\":{\"@type\":\"EntryPoint\",\"urlTemplate\":\"https:\/\/beebipood.ee\/ru\/?s={search_term_string}\"},\"query-input\":{\"@type\":\"PropertyValueSpecification\",\"valueRequired\":true,\"valueName\":\"search_term_string\"}}],\"inLanguage\":\"ru-RU\"},{\"@type\":\"Organization\",\"@id\":\"https:\/\/beebipood.ee\/ru\/#organization\",\"name\":\"Beebipood\",\"url\":\"https:\/\/beebipood.ee\/ru\/\",\"logo\":{\"@type\":\"ImageObject\",\"inLanguage\":\"ru-RU\",\"@id\":\"https:\/\/beebipood.ee\/ru\/#\/schema\/logo\/image\/\",\"url\":\"https:\/\/beebipood.ee\/wp-content\/uploads\/2025\/03\/beebipood.ee-logo-1.svg\",\"contentUrl\":\"https:\/\/beebipood.ee\/wp-content\/uploads\/2025\/03\/beebipood.ee-logo-1.svg\",\"caption\":\"Beebipood\"},\"image\":{\"@id\":\"https:\/\/beebipood.ee\/ru\/#\/schema\/logo\/image\/\"}}]}<\/script>\n<!-- \/ Yoast SEO plugin. -->","yoast_head_json":{"title":"Jane Kids Zone universaalne higistamisvastane istmekate turvah\u00e4llile, \u041d\u041e\u0412\u042b\u0415 \u0422\u041e\u0412\u0410\u0420\u042b, \u0410\u0432\u0442\u043e\u043a\u0440\u0435\u0441\u043b\u0430, \u043b\u044e\u043b\u044c\u043a\u0438, \u0421\u043d\u0430\u0440\u044f\u0436\u0435\u043d\u0438\u044f \u0431\u0435\u0437\u043e\u043f\u0430\u0441\u043d\u043e\u0441\u0442\u0438, \u0410\u043a\u0441\u0435\u0441\u0441\u0443\u0430\u0440\u044b, Beebipood","description":"Jane Kids Zone universaalne higistamisvastane istmekate turvah\u00e4llile, Hingav higistamisvastane istmekate turvah&auml;lli v&otilde;i vankrikorvi jaoks.","robots":{"index":"index","follow":"follow","max-snippet":"max-snippet:-1","max-image-preview":"max-image-preview:large","max-video-preview":"max-video-preview:-1"},"canonical":"https:\/\/beebipood.ee\/ru\/produkt\/jane-kids-zone-universaalne-higistamisvastane-istmekate-turvahallile\/","og_locale":"ru_RU","og_type":"article","og_title":"Jane Kids Zone universaalne higistamisvastane istmekate turvah\u00e4llile, \u041d\u041e\u0412\u042b\u0415 \u0422\u041e\u0412\u0410\u0420\u042b, \u0410\u0432\u0442\u043e\u043a\u0440\u0435\u0441\u043b\u0430, \u043b\u044e\u043b\u044c\u043a\u0438, \u0421\u043d\u0430\u0440\u044f\u0436\u0435\u043d\u0438\u044f \u0431\u0435\u0437\u043e\u043f\u0430\u0441\u043d\u043e\u0441\u0442\u0438, \u0410\u043a\u0441\u0435\u0441\u0441\u0443\u0430\u0440\u044b, Beebipood","og_description":"Jane Kids Zone universaalne higistamisvastane istmekate turvah\u00e4llile, Hingav higistamisvastane istmekate turvah&auml;lli v&otilde;i vankrikorvi jaoks.","og_url":"https:\/\/beebipood.ee\/ru\/produkt\/jane-kids-zone-universaalne-higistamisvastane-istmekate-turvahallile\/","og_site_name":"Beebipood","article_modified_time":"2025-01-09T08:52:22+00:00","og_image":[{"width":1398,"height":1426,"url":"https:\/\/beebipood.ee\/wp-content\/uploads\/2013\/09\/Jane-Kids-Zone-universaalne-higistamisvastane-istmekate-turvahallile-UUED-TOOTED-Turvatoolid-hallid-Turvavarustus-Lisatarvikud_2-09f.jpg","type":"image\/jpeg"}],"twitter_card":"summary_large_image","schema":{"@context":"https:\/\/schema.org","@graph":[{"@type":"WebPage","@id":"https:\/\/beebipood.ee\/ru\/produkt\/jane-kids-zone-universaalne-higistamisvastane-istmekate-turvahallile\/","url":"https:\/\/beebipood.ee\/ru\/produkt\/jane-kids-zone-universaalne-higistamisvastane-istmekate-turvahallile\/","name":"Jane Kids Zone universaalne higistamisvastane istmekate turvah\u00e4llile, \u041d\u041e\u0412\u042b\u0415 \u0422\u041e\u0412\u0410\u0420\u042b, \u0410\u0432\u0442\u043e\u043a\u0440\u0435\u0441\u043b\u0430, \u043b\u044e\u043b\u044c\u043a\u0438, \u0421\u043d\u0430\u0440\u044f\u0436\u0435\u043d\u0438\u044f \u0431\u0435\u0437\u043e\u043f\u0430\u0441\u043d\u043e\u0441\u0442\u0438, \u0410\u043a\u0441\u0435\u0441\u0441\u0443\u0430\u0440\u044b, Beebipood","isPartOf":{"@id":"https:\/\/beebipood.ee\/ru\/#website"},"primaryImageOfPage":{"@id":"https:\/\/beebipood.ee\/ru\/produkt\/jane-kids-zone-universaalne-higistamisvastane-istmekate-turvahallile\/#primaryimage"},"image":{"@id":"https:\/\/beebipood.ee\/ru\/produkt\/jane-kids-zone-universaalne-higistamisvastane-istmekate-turvahallile\/#primaryimage"},"thumbnailUrl":"https:\/\/beebipood.ee\/wp-content\/uploads\/2013\/09\/Jane-Kids-Zone-universaalne-higistamisvastane-istmekate-turvahallile-UUED-TOOTED-Turvatoolid-hallid-Turvavarustus-Lisatarvikud_2-09f.jpg","datePublished":"2013-09-02T10:47:14+00:00","dateModified":"2025-01-09T08:52:22+00:00","description":"Jane Kids Zone universaalne higistamisvastane istmekate turvah\u00e4llile, Hingav higistamisvastane istmekate turvah&auml;lli v&otilde;i vankrikorvi jaoks.","breadcrumb":{"@id":"https:\/\/beebipood.ee\/ru\/produkt\/jane-kids-zone-universaalne-higistamisvastane-istmekate-turvahallile\/#breadcrumb"},"inLanguage":"ru-RU","potentialAction":[{"@type":"ReadAction","target":["https:\/\/beebipood.ee\/ru\/produkt\/jane-kids-zone-universaalne-higistamisvastane-istmekate-turvahallile\/"]}]},{"@type":"ImageObject","inLanguage":"ru-RU","@id":"https:\/\/beebipood.ee\/ru\/produkt\/jane-kids-zone-universaalne-higistamisvastane-istmekate-turvahallile\/#primaryimage","url":"https:\/\/beebipood.ee\/wp-content\/uploads\/2013\/09\/Jane-Kids-Zone-universaalne-higistamisvastane-istmekate-turvahallile-UUED-TOOTED-Turvatoolid-hallid-Turvavarustus-Lisatarvikud_2-09f.jpg","contentUrl":"https:\/\/beebipood.ee\/wp-content\/uploads\/2013\/09\/Jane-Kids-Zone-universaalne-higistamisvastane-istmekate-turvahallile-UUED-TOOTED-Turvatoolid-hallid-Turvavarustus-Lisatarvikud_2-09f.jpg","width":1398,"height":1426},{"@type":"BreadcrumbList","@id":"https:\/\/beebipood.ee\/ru\/produkt\/jane-kids-zone-universaalne-higistamisvastane-istmekate-turvahallile\/#breadcrumb","itemListElement":[{"@type":"ListItem","position":1,"name":"Home","item":"https:\/\/beebipood.ee\/ru\/"},{"@type":"ListItem","position":2,"name":"\u041a\u0430\u0442\u0430\u043b\u043e\u0433 \u0442\u043e\u0432\u0430\u0440\u043e\u0432","item":"https:\/\/beebipood.ee\/tooted\/"},{"@type":"ListItem","position":3,"name":"Jane Kids Zone universaalne higistamisvastane istmekate turvah\u00e4llile"}]},{"@type":"WebSite","@id":"https:\/\/beebipood.ee\/ru\/#website","url":"https:\/\/beebipood.ee\/ru\/","name":"Beebipood","description":"Lastekaubad, beebikaubad, m\u00e4nguasjad","publisher":{"@id":"https:\/\/beebipood.ee\/ru\/#organization"},"potentialAction":[{"@type":"SearchAction","target":{"@type":"EntryPoint","urlTemplate":"https:\/\/beebipood.ee\/ru\/?s={search_term_string}"},"query-input":{"@type":"PropertyValueSpecification","valueRequired":true,"valueName":"search_term_string"}}],"inLanguage":"ru-RU"},{"@type":"Organization","@id":"https:\/\/beebipood.ee\/ru\/#organization","name":"Beebipood","url":"https:\/\/beebipood.ee\/ru\/","logo":{"@type":"ImageObject","inLanguage":"ru-RU","@id":"https:\/\/beebipood.ee\/ru\/#\/schema\/logo\/image\/","url":"https:\/\/beebipood.ee\/wp-content\/uploads\/2025\/03\/beebipood.ee-logo-1.svg","contentUrl":"https:\/\/beebipood.ee\/wp-content\/uploads\/2025\/03\/beebipood.ee-logo-1.svg","caption":"Beebipood"},"image":{"@id":"https:\/\/beebipood.ee\/ru\/#\/schema\/logo\/image\/"}}]}},"brands":[{"id":11972,"name":"Jane","slug":"jane-ru"}],"_links":{"self":[{"href":"https:\/\/beebipood.ee\/ru\/wp-json\/wp\/v2\/product\/454498","targetHints":{"allow":["GET"]}}],"collection":[{"href":"https:\/\/beebipood.ee\/ru\/wp-json\/wp\/v2\/product"}],"about":[{"href":"https:\/\/beebipood.ee\/ru\/wp-json\/wp\/v2\/types\/product"}],"wp:featuredmedia":[{"embeddable":true,"href":"https:\/\/beebipood.ee\/ru\/wp-json\/wp\/v2\/media\/100678"}],"wp:attachment":[{"href":"https:\/\/beebipood.ee\/ru\/wp-json\/wp\/v2\/media?parent=454498"}],"wp:term":[{"taxonomy":"pwb-brand","embeddable":true,"href":"https:\/\/beebipood.ee\/ru\/wp-json\/wp\/v2\/pwb-brand?post=454498"},{"taxonomy":"product_brand","embeddable":true,"href":"https:\/\/beebipood.ee\/ru\/wp-json\/wp\/v2\/product_brand?post=454498"},{"taxonomy":"product_cat","embeddable":true,"href":"https:\/\/beebipood.ee\/ru\/wp-json\/wp\/v2\/product_cat?post=454498"},{"taxonomy":"product_tag","embeddable":true,"href":"https:\/\/beebipood.ee\/ru\/wp-json\/wp\/v2\/product_tag?post=454498"}],"curies":[{"name":"wp","href":"https:\/\/api.w.org\/{rel}","templated":true}]}}