{"id":454502,"date":"2013-09-02T13:47:24","date_gmt":"2013-09-02T10:47:24","guid":{"rendered":"https:\/\/beebipood.ee\/toode\/baby-art-my-baby-touch-1p-malestusjalg-valge\/"},"modified":"2025-04-04T10:01:17","modified_gmt":"2025-04-04T07:01:17","slug":"turvapiire-voodile-yappyhytte-80cm-white","status":"publish","type":"product","link":"https:\/\/beebipood.ee\/ru\/produkt\/turvapiire-voodile-yappyhytte-80cm-white\/","title":{"rendered":"Turvapiire voodile YappyHytte 80cm, white"},"content":{"rendered":"<p>Turvapiire on suurep\u00e4rane lisa, mis tagab teie lapse turvalisuse une ajal.<br \/>\nSee on spetsiaalselt loodud YappyHytte 160, YappyHytte 200cm voodile<br \/>\nja v\u00f5imaldab t\u00e4ielikult sulgeda voodi \u00fche k\u00fclje,<br \/>\npakkudes lisakindlust nii vanematele kui ka lastele.<br \/>\nValmistatud kvaliteetsest \u00f6koloogilisest m\u00e4nnipuidust,<br \/>\nnagu ka YappyHytte voodi ise.<br \/>\nTurvapiire sobib ideaalselt loodusliku disainiga<br \/>\nning tagab pikaajalise vastupidavuse.<br \/>\nPuit on t\u00f6\u00f6deldud lastele ohutu kaitsevahaga, mis annab l\u00e4ike,<br \/>\nt\u00f5rjub niiskust ja kaitseb mustuse eest ning v\u00e4hendab puidukontakti t\u00f5ttu tekkivat kriginat.<br \/>\nTurvapiiret on lihtne paigaldada ja see kinnitub kindlalt voodi k\u00fcljele.<br \/>\nTugev konstruktsioon tagab stabiilse kaitse,<br \/>\nv\u00f5imaldades teie lapsel rahulikult ja turvaliselt magada.<br \/>\nP\u00f5hiomadused:<br \/>\n\u2013 Valmistatud FSC sertifikaadiga m\u00e4nnipuidust.<br \/>\n\u2013 T\u00f6\u00f6deldud \u00f6koloogilise, lastele ohutu vahaga.<br \/>\n\u2013 Lihtne ja turvaline paigaldus.<br \/>\n\u2013 Sobib YappyHytte voodi disainiga.<br \/>\nHooldusjuhised:<br \/>\nPuhastada niiske puuvillase lapiga ja kuivatada kohe.<br \/>\nSobib YappyHytte 160, YappyHytte 200cm vooditele.<br \/>\nM\u00f5\u00f5dud: pikkus 80 cm, k\u00f5rgus 31 cm<\/p>\n","protected":false},"excerpt":{"rendered":"<p>Turvapiire on suurep\u00e4rane lisa, mis tagab teie lapse turvalisuse une ajal. See on spetsiaalselt loodud YappyHytte 160, YappyHytte 200cm voodile ja v\u00f5imaldab t\u00e4ielikult sulgeda voodi \u00fche k\u00fclje, pakkudes lisakindlust nii vanematele kui ka lastele. Valmistatud kvaliteetsest \u00f6koloogilisest m\u00e4nnipuidust, nagu ka YappyHytte voodi ise. Turvapiire sobib ideaalselt loodusliku disainiga ning tagab pikaajalise vastupidavuse. Puit on t\u00f6\u00f6deldud [&hellip;]<\/p>\n","protected":false},"featured_media":503668,"template":"","meta":{"_acf_changed":false},"pwb-brand":[],"product_brand":[],"product_cat":[11673,11789],"product_tag":[],"class_list":{"0":"post-454502","1":"product","2":"type-product","3":"status-publish","4":"has-post-thumbnail","6":"product_cat-muud-aksessuaarid-ru","7":"product_cat-lastemoobel-ja-sisustus-ru","9":"first","10":"onbackorder","11":"sale","12":"taxable","13":"shipping-taxable","14":"purchasable","15":"product-type-simple"},"exclude_global_add_ons":[],"addons":[],"acf":[],"yoast_head":"<!-- This site is optimized with the Yoast SEO plugin v27.1.1 - https:\/\/yoast.com\/product\/yoast-seo-wordpress\/ -->\n<title>Baby Art My Baby Touch 1P m\u00e4lestusj\u00e4lg, valge, \u041f\u0440\u0438\u043d\u0430\u0434\u043b\u0435\u0436\u043d\u043e\u0441\u0442\u0438 \u0434\u043b\u044f \u043c\u043b\u0430\u0434\u0435\u043d\u0446\u0435\u0432, Beebipood<\/title>\n<meta name=\"description\" content=\"Baby Art My Baby Touch 1P m\u00e4lestusj\u00e4lg, valge, Baby Art My Baby Style savist m\u00e4lestusj\u00e4lg Ilus ja lihtne viis oma lapse k\u00e4e- v\u00f5\" \/>\n<meta name=\"robots\" content=\"index, follow, max-snippet:-1, max-image-preview:large, max-video-preview:-1\" \/>\n<link rel=\"canonical\" href=\"https:\/\/beebipood.ee\/ru\/produkt\/turvapiire-voodile-yappyhytte-80cm-white\/\" \/>\n<meta property=\"og:locale\" content=\"ru_RU\" \/>\n<meta property=\"og:type\" content=\"article\" \/>\n<meta property=\"og:title\" content=\"Baby Art My Baby Touch 1P m\u00e4lestusj\u00e4lg, valge, \u041f\u0440\u0438\u043d\u0430\u0434\u043b\u0435\u0436\u043d\u043e\u0441\u0442\u0438 \u0434\u043b\u044f \u043c\u043b\u0430\u0434\u0435\u043d\u0446\u0435\u0432, Beebipood\" \/>\n<meta property=\"og:description\" content=\"Baby Art My Baby Touch 1P m\u00e4lestusj\u00e4lg, valge, Baby Art My Baby Style savist m\u00e4lestusj\u00e4lg Ilus ja lihtne viis oma lapse k\u00e4e- v\u00f5\" \/>\n<meta property=\"og:url\" content=\"https:\/\/beebipood.ee\/ru\/produkt\/turvapiire-voodile-yappyhytte-80cm-white\/\" \/>\n<meta property=\"og:site_name\" content=\"Beebipood\" \/>\n<meta property=\"article:modified_time\" content=\"2025-04-04T07:01:17+00:00\" \/>\n<meta property=\"og:image\" content=\"https:\/\/beebipood.ee\/wp-content\/uploads\/2013\/09\/yappyhytte-turvapiire-voodile-80cm-white.webp\" \/>\n\t<meta property=\"og:image:width\" content=\"1200\" \/>\n\t<meta property=\"og:image:height\" content=\"900\" \/>\n\t<meta property=\"og:image:type\" content=\"image\/webp\" \/>\n<meta name=\"twitter:card\" content=\"summary_large_image\" \/>\n<meta name=\"twitter:label1\" content=\"\u041f\u0440\u0438\u043c\u0435\u0440\u043d\u043e\u0435 \u0432\u0440\u0435\u043c\u044f \u0434\u043b\u044f \u0447\u0442\u0435\u043d\u0438\u044f\" \/>\n\t<meta name=\"twitter:data1\" content=\"1 \u043c\u0438\u043d\u0443\u0442\u0430\" \/>\n<script type=\"application\/ld+json\" class=\"yoast-schema-graph\">{\"@context\":\"https:\/\/schema.org\",\"@graph\":[{\"@type\":\"WebPage\",\"@id\":\"https:\/\/beebipood.ee\/ru\/produkt\/turvapiire-voodile-yappyhytte-80cm-white\/\",\"url\":\"https:\/\/beebipood.ee\/ru\/produkt\/turvapiire-voodile-yappyhytte-80cm-white\/\",\"name\":\"Baby Art My Baby Touch 1P m\u00e4lestusj\u00e4lg, valge, \u041f\u0440\u0438\u043d\u0430\u0434\u043b\u0435\u0436\u043d\u043e\u0441\u0442\u0438 \u0434\u043b\u044f \u043c\u043b\u0430\u0434\u0435\u043d\u0446\u0435\u0432, Beebipood\",\"isPartOf\":{\"@id\":\"https:\/\/beebipood.ee\/ru\/#website\"},\"primaryImageOfPage\":{\"@id\":\"https:\/\/beebipood.ee\/ru\/produkt\/turvapiire-voodile-yappyhytte-80cm-white\/#primaryimage\"},\"image\":{\"@id\":\"https:\/\/beebipood.ee\/ru\/produkt\/turvapiire-voodile-yappyhytte-80cm-white\/#primaryimage\"},\"thumbnailUrl\":\"https:\/\/beebipood.ee\/wp-content\/uploads\/2013\/09\/yappyhytte-turvapiire-voodile-80cm-white.webp\",\"datePublished\":\"2013-09-02T10:47:24+00:00\",\"dateModified\":\"2025-04-04T07:01:17+00:00\",\"description\":\"Baby Art My Baby Touch 1P m\u00e4lestusj\u00e4lg, valge, Baby Art My Baby Style savist m\u00e4lestusj\u00e4lg Ilus ja lihtne viis oma lapse k\u00e4e- v\u00f5\",\"breadcrumb\":{\"@id\":\"https:\/\/beebipood.ee\/ru\/produkt\/turvapiire-voodile-yappyhytte-80cm-white\/#breadcrumb\"},\"inLanguage\":\"ru-RU\",\"potentialAction\":[{\"@type\":\"ReadAction\",\"target\":[\"https:\/\/beebipood.ee\/ru\/produkt\/turvapiire-voodile-yappyhytte-80cm-white\/\"]}]},{\"@type\":\"ImageObject\",\"inLanguage\":\"ru-RU\",\"@id\":\"https:\/\/beebipood.ee\/ru\/produkt\/turvapiire-voodile-yappyhytte-80cm-white\/#primaryimage\",\"url\":\"https:\/\/beebipood.ee\/wp-content\/uploads\/2013\/09\/yappyhytte-turvapiire-voodile-80cm-white.webp\",\"contentUrl\":\"https:\/\/beebipood.ee\/wp-content\/uploads\/2013\/09\/yappyhytte-turvapiire-voodile-80cm-white.webp\",\"width\":1200,\"height\":900},{\"@type\":\"BreadcrumbList\",\"@id\":\"https:\/\/beebipood.ee\/ru\/produkt\/turvapiire-voodile-yappyhytte-80cm-white\/#breadcrumb\",\"itemListElement\":[{\"@type\":\"ListItem\",\"position\":1,\"name\":\"Home\",\"item\":\"https:\/\/beebipood.ee\/ru\/\"},{\"@type\":\"ListItem\",\"position\":2,\"name\":\"\u041a\u0430\u0442\u0430\u043b\u043e\u0433 \u0442\u043e\u0432\u0430\u0440\u043e\u0432\",\"item\":\"https:\/\/beebipood.ee\/tooted\/\"},{\"@type\":\"ListItem\",\"position\":3,\"name\":\"Turvapiire voodile YappyHytte 80cm, white\"}]},{\"@type\":\"WebSite\",\"@id\":\"https:\/\/beebipood.ee\/ru\/#website\",\"url\":\"https:\/\/beebipood.ee\/ru\/\",\"name\":\"Beebipood\",\"description\":\"Lastekaubad, beebikaubad, m\u00e4nguasjad\",\"publisher\":{\"@id\":\"https:\/\/beebipood.ee\/ru\/#organization\"},\"potentialAction\":[{\"@type\":\"SearchAction\",\"target\":{\"@type\":\"EntryPoint\",\"urlTemplate\":\"https:\/\/beebipood.ee\/ru\/?s={search_term_string}\"},\"query-input\":{\"@type\":\"PropertyValueSpecification\",\"valueRequired\":true,\"valueName\":\"search_term_string\"}}],\"inLanguage\":\"ru-RU\"},{\"@type\":\"Organization\",\"@id\":\"https:\/\/beebipood.ee\/ru\/#organization\",\"name\":\"Beebipood\",\"url\":\"https:\/\/beebipood.ee\/ru\/\",\"logo\":{\"@type\":\"ImageObject\",\"inLanguage\":\"ru-RU\",\"@id\":\"https:\/\/beebipood.ee\/ru\/#\/schema\/logo\/image\/\",\"url\":\"https:\/\/beebipood.ee\/wp-content\/uploads\/2025\/03\/beebipood.ee-logo-1.svg\",\"contentUrl\":\"https:\/\/beebipood.ee\/wp-content\/uploads\/2025\/03\/beebipood.ee-logo-1.svg\",\"caption\":\"Beebipood\"},\"image\":{\"@id\":\"https:\/\/beebipood.ee\/ru\/#\/schema\/logo\/image\/\"}}]}<\/script>\n<!-- \/ Yoast SEO plugin. -->","yoast_head_json":{"title":"Baby Art My Baby Touch 1P m\u00e4lestusj\u00e4lg, valge, \u041f\u0440\u0438\u043d\u0430\u0434\u043b\u0435\u0436\u043d\u043e\u0441\u0442\u0438 \u0434\u043b\u044f \u043c\u043b\u0430\u0434\u0435\u043d\u0446\u0435\u0432, Beebipood","description":"Baby Art My Baby Touch 1P m\u00e4lestusj\u00e4lg, valge, Baby Art My Baby Style savist m\u00e4lestusj\u00e4lg Ilus ja lihtne viis oma lapse k\u00e4e- v\u00f5","robots":{"index":"index","follow":"follow","max-snippet":"max-snippet:-1","max-image-preview":"max-image-preview:large","max-video-preview":"max-video-preview:-1"},"canonical":"https:\/\/beebipood.ee\/ru\/produkt\/turvapiire-voodile-yappyhytte-80cm-white\/","og_locale":"ru_RU","og_type":"article","og_title":"Baby Art My Baby Touch 1P m\u00e4lestusj\u00e4lg, valge, \u041f\u0440\u0438\u043d\u0430\u0434\u043b\u0435\u0436\u043d\u043e\u0441\u0442\u0438 \u0434\u043b\u044f \u043c\u043b\u0430\u0434\u0435\u043d\u0446\u0435\u0432, Beebipood","og_description":"Baby Art My Baby Touch 1P m\u00e4lestusj\u00e4lg, valge, Baby Art My Baby Style savist m\u00e4lestusj\u00e4lg Ilus ja lihtne viis oma lapse k\u00e4e- v\u00f5","og_url":"https:\/\/beebipood.ee\/ru\/produkt\/turvapiire-voodile-yappyhytte-80cm-white\/","og_site_name":"Beebipood","article_modified_time":"2025-04-04T07:01:17+00:00","og_image":[{"width":1200,"height":900,"url":"https:\/\/beebipood.ee\/wp-content\/uploads\/2013\/09\/yappyhytte-turvapiire-voodile-80cm-white.webp","type":"image\/webp"}],"twitter_card":"summary_large_image","twitter_misc":{"\u041f\u0440\u0438\u043c\u0435\u0440\u043d\u043e\u0435 \u0432\u0440\u0435\u043c\u044f \u0434\u043b\u044f \u0447\u0442\u0435\u043d\u0438\u044f":"1 \u043c\u0438\u043d\u0443\u0442\u0430"},"schema":{"@context":"https:\/\/schema.org","@graph":[{"@type":"WebPage","@id":"https:\/\/beebipood.ee\/ru\/produkt\/turvapiire-voodile-yappyhytte-80cm-white\/","url":"https:\/\/beebipood.ee\/ru\/produkt\/turvapiire-voodile-yappyhytte-80cm-white\/","name":"Baby Art My Baby Touch 1P m\u00e4lestusj\u00e4lg, valge, \u041f\u0440\u0438\u043d\u0430\u0434\u043b\u0435\u0436\u043d\u043e\u0441\u0442\u0438 \u0434\u043b\u044f \u043c\u043b\u0430\u0434\u0435\u043d\u0446\u0435\u0432, Beebipood","isPartOf":{"@id":"https:\/\/beebipood.ee\/ru\/#website"},"primaryImageOfPage":{"@id":"https:\/\/beebipood.ee\/ru\/produkt\/turvapiire-voodile-yappyhytte-80cm-white\/#primaryimage"},"image":{"@id":"https:\/\/beebipood.ee\/ru\/produkt\/turvapiire-voodile-yappyhytte-80cm-white\/#primaryimage"},"thumbnailUrl":"https:\/\/beebipood.ee\/wp-content\/uploads\/2013\/09\/yappyhytte-turvapiire-voodile-80cm-white.webp","datePublished":"2013-09-02T10:47:24+00:00","dateModified":"2025-04-04T07:01:17+00:00","description":"Baby Art My Baby Touch 1P m\u00e4lestusj\u00e4lg, valge, Baby Art My Baby Style savist m\u00e4lestusj\u00e4lg Ilus ja lihtne viis oma lapse k\u00e4e- v\u00f5","breadcrumb":{"@id":"https:\/\/beebipood.ee\/ru\/produkt\/turvapiire-voodile-yappyhytte-80cm-white\/#breadcrumb"},"inLanguage":"ru-RU","potentialAction":[{"@type":"ReadAction","target":["https:\/\/beebipood.ee\/ru\/produkt\/turvapiire-voodile-yappyhytte-80cm-white\/"]}]},{"@type":"ImageObject","inLanguage":"ru-RU","@id":"https:\/\/beebipood.ee\/ru\/produkt\/turvapiire-voodile-yappyhytte-80cm-white\/#primaryimage","url":"https:\/\/beebipood.ee\/wp-content\/uploads\/2013\/09\/yappyhytte-turvapiire-voodile-80cm-white.webp","contentUrl":"https:\/\/beebipood.ee\/wp-content\/uploads\/2013\/09\/yappyhytte-turvapiire-voodile-80cm-white.webp","width":1200,"height":900},{"@type":"BreadcrumbList","@id":"https:\/\/beebipood.ee\/ru\/produkt\/turvapiire-voodile-yappyhytte-80cm-white\/#breadcrumb","itemListElement":[{"@type":"ListItem","position":1,"name":"Home","item":"https:\/\/beebipood.ee\/ru\/"},{"@type":"ListItem","position":2,"name":"\u041a\u0430\u0442\u0430\u043b\u043e\u0433 \u0442\u043e\u0432\u0430\u0440\u043e\u0432","item":"https:\/\/beebipood.ee\/tooted\/"},{"@type":"ListItem","position":3,"name":"Turvapiire voodile YappyHytte 80cm, white"}]},{"@type":"WebSite","@id":"https:\/\/beebipood.ee\/ru\/#website","url":"https:\/\/beebipood.ee\/ru\/","name":"Beebipood","description":"Lastekaubad, beebikaubad, m\u00e4nguasjad","publisher":{"@id":"https:\/\/beebipood.ee\/ru\/#organization"},"potentialAction":[{"@type":"SearchAction","target":{"@type":"EntryPoint","urlTemplate":"https:\/\/beebipood.ee\/ru\/?s={search_term_string}"},"query-input":{"@type":"PropertyValueSpecification","valueRequired":true,"valueName":"search_term_string"}}],"inLanguage":"ru-RU"},{"@type":"Organization","@id":"https:\/\/beebipood.ee\/ru\/#organization","name":"Beebipood","url":"https:\/\/beebipood.ee\/ru\/","logo":{"@type":"ImageObject","inLanguage":"ru-RU","@id":"https:\/\/beebipood.ee\/ru\/#\/schema\/logo\/image\/","url":"https:\/\/beebipood.ee\/wp-content\/uploads\/2025\/03\/beebipood.ee-logo-1.svg","contentUrl":"https:\/\/beebipood.ee\/wp-content\/uploads\/2025\/03\/beebipood.ee-logo-1.svg","caption":"Beebipood"},"image":{"@id":"https:\/\/beebipood.ee\/ru\/#\/schema\/logo\/image\/"}}]}},"brands":[],"_links":{"self":[{"href":"https:\/\/beebipood.ee\/ru\/wp-json\/wp\/v2\/product\/454502","targetHints":{"allow":["GET"]}}],"collection":[{"href":"https:\/\/beebipood.ee\/ru\/wp-json\/wp\/v2\/product"}],"about":[{"href":"https:\/\/beebipood.ee\/ru\/wp-json\/wp\/v2\/types\/product"}],"wp:featuredmedia":[{"embeddable":true,"href":"https:\/\/beebipood.ee\/ru\/wp-json\/wp\/v2\/media\/503668"}],"wp:attachment":[{"href":"https:\/\/beebipood.ee\/ru\/wp-json\/wp\/v2\/media?parent=454502"}],"wp:term":[{"taxonomy":"pwb-brand","embeddable":true,"href":"https:\/\/beebipood.ee\/ru\/wp-json\/wp\/v2\/pwb-brand?post=454502"},{"taxonomy":"product_brand","embeddable":true,"href":"https:\/\/beebipood.ee\/ru\/wp-json\/wp\/v2\/product_brand?post=454502"},{"taxonomy":"product_cat","embeddable":true,"href":"https:\/\/beebipood.ee\/ru\/wp-json\/wp\/v2\/product_cat?post=454502"},{"taxonomy":"product_tag","embeddable":true,"href":"https:\/\/beebipood.ee\/ru\/wp-json\/wp\/v2\/product_tag?post=454502"}],"curies":[{"name":"wp","href":"https:\/\/api.w.org\/{rel}","templated":true}]}}