{"id":454510,"date":"2025-07-29T13:47:44","date_gmt":"2025-07-29T10:47:44","guid":{"rendered":"https:\/\/beebipood.ee\/toode\/mahkimislaud-emma-valge\/"},"modified":"2025-07-29T16:00:37","modified_gmt":"2025-07-29T13:00:37","slug":"raamaturiiul-amelia-valge","status":"publish","type":"product","link":"https:\/\/beebipood.ee\/ru\/produkt\/raamaturiiul-amelia-valge\/","title":{"rendered":"Raamaturiiul Amelia, valge"},"content":{"rendered":"<p>Valge AMELIA raamaturiiul on ideaalne lahendus laste- ja teismeliste tuppa,<br \/>\n\u00fchendades funktsionaalsuse esteetilise disainiga.<br \/>\nKaks pikka riiulit mahutavad h\u00f5lpsalt teie lapse lemmikraamatud.<br \/>\nLisaks v\u00f5imaldavad kuus v\u00e4ikest riiulit m\u00e4nguasjade,<br \/>\nm\u00e4ngude ja koolivahendite hoiustamist, aidates tuba korras hoida.<br \/>\nTugev konstruktsioon ja klassikaline valge v\u00e4rv<br \/>\nmuudavad AMELIA raamaturiiuli harmooniliseks t\u00e4ienduseks igale sisekujundusele.<br \/>\nAMELIA riiul pole mitte ainult praktiline m\u00f6\u00f6bliese,<br \/>\nvaid ka stiilne disainielement, mis kasvab koos teie lapsega.<br \/>\n*raamaturiiul on valmistatud m\u00f6\u00f6bliplaadist<br \/>\n*viimistluses on kasutatud \u00f6koloogiliselt puhtaid ja ohutuid v\u00e4rve<br \/>\n*kvaliteetne ja vastupidav, lihtne kokku panna<br \/>\n*pinnad on kergesti puhastatavad<br \/>\n*funktsionaalsed riiulid mahutavad iga teismelise k\u00f5ik tarvikud.<\/p>\n","protected":false},"excerpt":{"rendered":"<p>Valge AMELIA raamaturiiul on ideaalne lahendus laste- ja teismeliste tuppa, \u00fchendades funktsionaalsuse esteetilise disainiga. Kaks pikka riiulit mahutavad h\u00f5lpsalt teie lapse lemmikraamatud. Lisaks v\u00f5imaldavad kuus v\u00e4ikest riiulit m\u00e4nguasjade, m\u00e4ngude ja koolivahendite hoiustamist, aidates tuba korras hoida. Tugev konstruktsioon ja klassikaline valge v\u00e4rv muudavad AMELIA raamaturiiuli harmooniliseks t\u00e4ienduseks igale sisekujundusele. AMELIA riiul pole mitte ainult praktiline [&hellip;]<\/p>\n","protected":false},"featured_media":505971,"template":"","meta":{"_acf_changed":false},"pwb-brand":[11946],"product_brand":[],"product_cat":[11637,11711,11709,11631,11789],"product_tag":[],"class_list":{"0":"post-454510","1":"product","2":"type-product","3":"status-publish","4":"has-post-thumbnail","6":"pwb-brand-klups-ru","7":"product_cat-raamaturiiulid-ru","8":"product_cat-mahkimisalused-ja-riiulid-ru","9":"product_cat-sootmistoolid-beebi-ja-lastetarbed-mahkimine-hugieen-ru","10":"product_cat-kapid-riiulid-ru","11":"product_cat-lastemoobel-ja-sisustus-ru","13":"first","14":"onbackorder","15":"sale","16":"taxable","17":"shipping-taxable","18":"purchasable","19":"product-type-simple"},"exclude_global_add_ons":[],"addons":[],"acf":[],"yoast_head":"<!-- This site is optimized with the Yoast SEO plugin v27.1.1 - https:\/\/yoast.com\/product\/yoast-seo-wordpress\/ -->\n<title>M\u00e4hkimislaud EMMA, valge, \u0421\u041a\u0418\u0414\u041a\u0418, \u041f\u0440\u0438\u043d\u0430\u0434\u043b\u0435\u0436\u043d\u043e\u0441\u0442\u0438 \u0434\u043b\u044f \u043c\u043b\u0430\u0434\u0435\u043d\u0446\u0435\u0432, \u041f\u0435\u043b\u0435\u043d\u0430\u043b\u044c\u043d\u044b\u0435 \u0441\u0442\u043e\u043b\u0438\u043a\u0438 \u0438 \u043f\u043e\u043b\u043a\u0438, Ha c\u043a\u043b\u0430\u0434\u0435, Ladu t\u00fchjaks, Beebipood<\/title>\n<meta name=\"description\" content=\"M\u00e4hkimislaud EMMA, valge, * m\u00e4nnipuidust m\u00e4hkimisriiul* vajalik abivahend, mis tagab beebile turvalise ja mugava olemise\" \/>\n<meta name=\"robots\" content=\"index, follow, max-snippet:-1, max-image-preview:large, max-video-preview:-1\" \/>\n<link rel=\"canonical\" href=\"https:\/\/beebipood.ee\/ru\/produkt\/raamaturiiul-amelia-valge\/\" \/>\n<meta property=\"og:locale\" content=\"ru_RU\" \/>\n<meta property=\"og:type\" content=\"article\" \/>\n<meta property=\"og:title\" content=\"M\u00e4hkimislaud EMMA, valge, \u0421\u041a\u0418\u0414\u041a\u0418, \u041f\u0440\u0438\u043d\u0430\u0434\u043b\u0435\u0436\u043d\u043e\u0441\u0442\u0438 \u0434\u043b\u044f \u043c\u043b\u0430\u0434\u0435\u043d\u0446\u0435\u0432, \u041f\u0435\u043b\u0435\u043d\u0430\u043b\u044c\u043d\u044b\u0435 \u0441\u0442\u043e\u043b\u0438\u043a\u0438 \u0438 \u043f\u043e\u043b\u043a\u0438, Ha c\u043a\u043b\u0430\u0434\u0435, Ladu t\u00fchjaks, Beebipood\" \/>\n<meta property=\"og:description\" content=\"M\u00e4hkimislaud EMMA, valge, * m\u00e4nnipuidust m\u00e4hkimisriiul* vajalik abivahend, mis tagab beebile turvalise ja mugava olemise\" \/>\n<meta property=\"og:url\" content=\"https:\/\/beebipood.ee\/ru\/produkt\/raamaturiiul-amelia-valge\/\" \/>\n<meta property=\"og:site_name\" content=\"Beebipood\" \/>\n<meta property=\"article:modified_time\" content=\"2025-07-29T13:00:37+00:00\" \/>\n<meta property=\"og:image\" content=\"https:\/\/beebipood.ee\/wp-content\/uploads\/2013\/09\/riiul-amelia-valge.jpg\" \/>\n\t<meta property=\"og:image:width\" content=\"1000\" \/>\n\t<meta property=\"og:image:height\" content=\"1000\" \/>\n\t<meta property=\"og:image:type\" content=\"image\/jpeg\" \/>\n<meta name=\"twitter:card\" content=\"summary_large_image\" \/>\n<meta name=\"twitter:label1\" content=\"\u041f\u0440\u0438\u043c\u0435\u0440\u043d\u043e\u0435 \u0432\u0440\u0435\u043c\u044f \u0434\u043b\u044f \u0447\u0442\u0435\u043d\u0438\u044f\" \/>\n\t<meta name=\"twitter:data1\" content=\"1 \u043c\u0438\u043d\u0443\u0442\u0430\" \/>\n<script type=\"application\/ld+json\" class=\"yoast-schema-graph\">{\"@context\":\"https:\/\/schema.org\",\"@graph\":[{\"@type\":\"WebPage\",\"@id\":\"https:\/\/beebipood.ee\/ru\/produkt\/raamaturiiul-amelia-valge\/\",\"url\":\"https:\/\/beebipood.ee\/ru\/produkt\/raamaturiiul-amelia-valge\/\",\"name\":\"M\u00e4hkimislaud EMMA, valge, \u0421\u041a\u0418\u0414\u041a\u0418, \u041f\u0440\u0438\u043d\u0430\u0434\u043b\u0435\u0436\u043d\u043e\u0441\u0442\u0438 \u0434\u043b\u044f \u043c\u043b\u0430\u0434\u0435\u043d\u0446\u0435\u0432, \u041f\u0435\u043b\u0435\u043d\u0430\u043b\u044c\u043d\u044b\u0435 \u0441\u0442\u043e\u043b\u0438\u043a\u0438 \u0438 \u043f\u043e\u043b\u043a\u0438, Ha c\u043a\u043b\u0430\u0434\u0435, Ladu t\u00fchjaks, Beebipood\",\"isPartOf\":{\"@id\":\"https:\/\/beebipood.ee\/ru\/#website\"},\"primaryImageOfPage\":{\"@id\":\"https:\/\/beebipood.ee\/ru\/produkt\/raamaturiiul-amelia-valge\/#primaryimage\"},\"image\":{\"@id\":\"https:\/\/beebipood.ee\/ru\/produkt\/raamaturiiul-amelia-valge\/#primaryimage\"},\"thumbnailUrl\":\"https:\/\/beebipood.ee\/wp-content\/uploads\/2013\/09\/riiul-amelia-valge.jpg\",\"datePublished\":\"2025-07-29T10:47:44+00:00\",\"dateModified\":\"2025-07-29T13:00:37+00:00\",\"description\":\"M\u00e4hkimislaud EMMA, valge, * m\u00e4nnipuidust m\u00e4hkimisriiul* vajalik abivahend, mis tagab beebile turvalise ja mugava olemise\",\"breadcrumb\":{\"@id\":\"https:\/\/beebipood.ee\/ru\/produkt\/raamaturiiul-amelia-valge\/#breadcrumb\"},\"inLanguage\":\"ru-RU\",\"potentialAction\":[{\"@type\":\"ReadAction\",\"target\":[\"https:\/\/beebipood.ee\/ru\/produkt\/raamaturiiul-amelia-valge\/\"]}]},{\"@type\":\"ImageObject\",\"inLanguage\":\"ru-RU\",\"@id\":\"https:\/\/beebipood.ee\/ru\/produkt\/raamaturiiul-amelia-valge\/#primaryimage\",\"url\":\"https:\/\/beebipood.ee\/wp-content\/uploads\/2013\/09\/riiul-amelia-valge.jpg\",\"contentUrl\":\"https:\/\/beebipood.ee\/wp-content\/uploads\/2013\/09\/riiul-amelia-valge.jpg\",\"width\":1000,\"height\":1000},{\"@type\":\"BreadcrumbList\",\"@id\":\"https:\/\/beebipood.ee\/ru\/produkt\/raamaturiiul-amelia-valge\/#breadcrumb\",\"itemListElement\":[{\"@type\":\"ListItem\",\"position\":1,\"name\":\"Home\",\"item\":\"https:\/\/beebipood.ee\/ru\/\"},{\"@type\":\"ListItem\",\"position\":2,\"name\":\"\u041a\u0430\u0442\u0430\u043b\u043e\u0433 \u0442\u043e\u0432\u0430\u0440\u043e\u0432\",\"item\":\"https:\/\/beebipood.ee\/tooted\/\"},{\"@type\":\"ListItem\",\"position\":3,\"name\":\"Raamaturiiul Amelia, valge\"}]},{\"@type\":\"WebSite\",\"@id\":\"https:\/\/beebipood.ee\/ru\/#website\",\"url\":\"https:\/\/beebipood.ee\/ru\/\",\"name\":\"Beebipood\",\"description\":\"Lastekaubad, beebikaubad, m\u00e4nguasjad\",\"publisher\":{\"@id\":\"https:\/\/beebipood.ee\/ru\/#organization\"},\"potentialAction\":[{\"@type\":\"SearchAction\",\"target\":{\"@type\":\"EntryPoint\",\"urlTemplate\":\"https:\/\/beebipood.ee\/ru\/?s={search_term_string}\"},\"query-input\":{\"@type\":\"PropertyValueSpecification\",\"valueRequired\":true,\"valueName\":\"search_term_string\"}}],\"inLanguage\":\"ru-RU\"},{\"@type\":\"Organization\",\"@id\":\"https:\/\/beebipood.ee\/ru\/#organization\",\"name\":\"Beebipood\",\"url\":\"https:\/\/beebipood.ee\/ru\/\",\"logo\":{\"@type\":\"ImageObject\",\"inLanguage\":\"ru-RU\",\"@id\":\"https:\/\/beebipood.ee\/ru\/#\/schema\/logo\/image\/\",\"url\":\"https:\/\/beebipood.ee\/wp-content\/uploads\/2025\/03\/beebipood.ee-logo-1.svg\",\"contentUrl\":\"https:\/\/beebipood.ee\/wp-content\/uploads\/2025\/03\/beebipood.ee-logo-1.svg\",\"caption\":\"Beebipood\"},\"image\":{\"@id\":\"https:\/\/beebipood.ee\/ru\/#\/schema\/logo\/image\/\"}}]}<\/script>\n<!-- \/ Yoast SEO plugin. -->","yoast_head_json":{"title":"M\u00e4hkimislaud EMMA, valge, \u0421\u041a\u0418\u0414\u041a\u0418, \u041f\u0440\u0438\u043d\u0430\u0434\u043b\u0435\u0436\u043d\u043e\u0441\u0442\u0438 \u0434\u043b\u044f \u043c\u043b\u0430\u0434\u0435\u043d\u0446\u0435\u0432, \u041f\u0435\u043b\u0435\u043d\u0430\u043b\u044c\u043d\u044b\u0435 \u0441\u0442\u043e\u043b\u0438\u043a\u0438 \u0438 \u043f\u043e\u043b\u043a\u0438, Ha c\u043a\u043b\u0430\u0434\u0435, Ladu t\u00fchjaks, Beebipood","description":"M\u00e4hkimislaud EMMA, valge, * m\u00e4nnipuidust m\u00e4hkimisriiul* vajalik abivahend, mis tagab beebile turvalise ja mugava olemise","robots":{"index":"index","follow":"follow","max-snippet":"max-snippet:-1","max-image-preview":"max-image-preview:large","max-video-preview":"max-video-preview:-1"},"canonical":"https:\/\/beebipood.ee\/ru\/produkt\/raamaturiiul-amelia-valge\/","og_locale":"ru_RU","og_type":"article","og_title":"M\u00e4hkimislaud EMMA, valge, \u0421\u041a\u0418\u0414\u041a\u0418, \u041f\u0440\u0438\u043d\u0430\u0434\u043b\u0435\u0436\u043d\u043e\u0441\u0442\u0438 \u0434\u043b\u044f \u043c\u043b\u0430\u0434\u0435\u043d\u0446\u0435\u0432, \u041f\u0435\u043b\u0435\u043d\u0430\u043b\u044c\u043d\u044b\u0435 \u0441\u0442\u043e\u043b\u0438\u043a\u0438 \u0438 \u043f\u043e\u043b\u043a\u0438, Ha c\u043a\u043b\u0430\u0434\u0435, Ladu t\u00fchjaks, Beebipood","og_description":"M\u00e4hkimislaud EMMA, valge, * m\u00e4nnipuidust m\u00e4hkimisriiul* vajalik abivahend, mis tagab beebile turvalise ja mugava olemise","og_url":"https:\/\/beebipood.ee\/ru\/produkt\/raamaturiiul-amelia-valge\/","og_site_name":"Beebipood","article_modified_time":"2025-07-29T13:00:37+00:00","og_image":[{"width":1000,"height":1000,"url":"https:\/\/beebipood.ee\/wp-content\/uploads\/2013\/09\/riiul-amelia-valge.jpg","type":"image\/jpeg"}],"twitter_card":"summary_large_image","twitter_misc":{"\u041f\u0440\u0438\u043c\u0435\u0440\u043d\u043e\u0435 \u0432\u0440\u0435\u043c\u044f \u0434\u043b\u044f \u0447\u0442\u0435\u043d\u0438\u044f":"1 \u043c\u0438\u043d\u0443\u0442\u0430"},"schema":{"@context":"https:\/\/schema.org","@graph":[{"@type":"WebPage","@id":"https:\/\/beebipood.ee\/ru\/produkt\/raamaturiiul-amelia-valge\/","url":"https:\/\/beebipood.ee\/ru\/produkt\/raamaturiiul-amelia-valge\/","name":"M\u00e4hkimislaud EMMA, valge, \u0421\u041a\u0418\u0414\u041a\u0418, \u041f\u0440\u0438\u043d\u0430\u0434\u043b\u0435\u0436\u043d\u043e\u0441\u0442\u0438 \u0434\u043b\u044f \u043c\u043b\u0430\u0434\u0435\u043d\u0446\u0435\u0432, \u041f\u0435\u043b\u0435\u043d\u0430\u043b\u044c\u043d\u044b\u0435 \u0441\u0442\u043e\u043b\u0438\u043a\u0438 \u0438 \u043f\u043e\u043b\u043a\u0438, Ha c\u043a\u043b\u0430\u0434\u0435, Ladu t\u00fchjaks, Beebipood","isPartOf":{"@id":"https:\/\/beebipood.ee\/ru\/#website"},"primaryImageOfPage":{"@id":"https:\/\/beebipood.ee\/ru\/produkt\/raamaturiiul-amelia-valge\/#primaryimage"},"image":{"@id":"https:\/\/beebipood.ee\/ru\/produkt\/raamaturiiul-amelia-valge\/#primaryimage"},"thumbnailUrl":"https:\/\/beebipood.ee\/wp-content\/uploads\/2013\/09\/riiul-amelia-valge.jpg","datePublished":"2025-07-29T10:47:44+00:00","dateModified":"2025-07-29T13:00:37+00:00","description":"M\u00e4hkimislaud EMMA, valge, * m\u00e4nnipuidust m\u00e4hkimisriiul* vajalik abivahend, mis tagab beebile turvalise ja mugava olemise","breadcrumb":{"@id":"https:\/\/beebipood.ee\/ru\/produkt\/raamaturiiul-amelia-valge\/#breadcrumb"},"inLanguage":"ru-RU","potentialAction":[{"@type":"ReadAction","target":["https:\/\/beebipood.ee\/ru\/produkt\/raamaturiiul-amelia-valge\/"]}]},{"@type":"ImageObject","inLanguage":"ru-RU","@id":"https:\/\/beebipood.ee\/ru\/produkt\/raamaturiiul-amelia-valge\/#primaryimage","url":"https:\/\/beebipood.ee\/wp-content\/uploads\/2013\/09\/riiul-amelia-valge.jpg","contentUrl":"https:\/\/beebipood.ee\/wp-content\/uploads\/2013\/09\/riiul-amelia-valge.jpg","width":1000,"height":1000},{"@type":"BreadcrumbList","@id":"https:\/\/beebipood.ee\/ru\/produkt\/raamaturiiul-amelia-valge\/#breadcrumb","itemListElement":[{"@type":"ListItem","position":1,"name":"Home","item":"https:\/\/beebipood.ee\/ru\/"},{"@type":"ListItem","position":2,"name":"\u041a\u0430\u0442\u0430\u043b\u043e\u0433 \u0442\u043e\u0432\u0430\u0440\u043e\u0432","item":"https:\/\/beebipood.ee\/tooted\/"},{"@type":"ListItem","position":3,"name":"Raamaturiiul Amelia, valge"}]},{"@type":"WebSite","@id":"https:\/\/beebipood.ee\/ru\/#website","url":"https:\/\/beebipood.ee\/ru\/","name":"Beebipood","description":"Lastekaubad, beebikaubad, m\u00e4nguasjad","publisher":{"@id":"https:\/\/beebipood.ee\/ru\/#organization"},"potentialAction":[{"@type":"SearchAction","target":{"@type":"EntryPoint","urlTemplate":"https:\/\/beebipood.ee\/ru\/?s={search_term_string}"},"query-input":{"@type":"PropertyValueSpecification","valueRequired":true,"valueName":"search_term_string"}}],"inLanguage":"ru-RU"},{"@type":"Organization","@id":"https:\/\/beebipood.ee\/ru\/#organization","name":"Beebipood","url":"https:\/\/beebipood.ee\/ru\/","logo":{"@type":"ImageObject","inLanguage":"ru-RU","@id":"https:\/\/beebipood.ee\/ru\/#\/schema\/logo\/image\/","url":"https:\/\/beebipood.ee\/wp-content\/uploads\/2025\/03\/beebipood.ee-logo-1.svg","contentUrl":"https:\/\/beebipood.ee\/wp-content\/uploads\/2025\/03\/beebipood.ee-logo-1.svg","caption":"Beebipood"},"image":{"@id":"https:\/\/beebipood.ee\/ru\/#\/schema\/logo\/image\/"}}]}},"brands":[{"id":11946,"name":"Klups","slug":"klups-ru"}],"_links":{"self":[{"href":"https:\/\/beebipood.ee\/ru\/wp-json\/wp\/v2\/product\/454510","targetHints":{"allow":["GET"]}}],"collection":[{"href":"https:\/\/beebipood.ee\/ru\/wp-json\/wp\/v2\/product"}],"about":[{"href":"https:\/\/beebipood.ee\/ru\/wp-json\/wp\/v2\/types\/product"}],"wp:featuredmedia":[{"embeddable":true,"href":"https:\/\/beebipood.ee\/ru\/wp-json\/wp\/v2\/media\/505971"}],"wp:attachment":[{"href":"https:\/\/beebipood.ee\/ru\/wp-json\/wp\/v2\/media?parent=454510"}],"wp:term":[{"taxonomy":"pwb-brand","embeddable":true,"href":"https:\/\/beebipood.ee\/ru\/wp-json\/wp\/v2\/pwb-brand?post=454510"},{"taxonomy":"product_brand","embeddable":true,"href":"https:\/\/beebipood.ee\/ru\/wp-json\/wp\/v2\/product_brand?post=454510"},{"taxonomy":"product_cat","embeddable":true,"href":"https:\/\/beebipood.ee\/ru\/wp-json\/wp\/v2\/product_cat?post=454510"},{"taxonomy":"product_tag","embeddable":true,"href":"https:\/\/beebipood.ee\/ru\/wp-json\/wp\/v2\/product_tag?post=454510"}],"curies":[{"name":"wp","href":"https:\/\/api.w.org\/{rel}","templated":true}]}}