{"id":454514,"date":"2013-09-02T13:47:53","date_gmt":"2013-09-02T10:47:53","guid":{"rendered":"https:\/\/beebipood.ee\/toode\/ookapp-ats\/"},"modified":"2025-01-09T10:52:21","modified_gmt":"2025-01-09T08:52:21","slug":"ookapp-ats","status":"publish","type":"product","link":"https:\/\/beebipood.ee\/ru\/produkt\/ookapp-ats\/","title":{"rendered":"\u00d6\u00f6kapp ATS"},"content":{"rendered":"<p><span>* m\u00e4nnipuidust \u00f6\u00f6kapp<\/span><br \/><span>* viimistlus: peits ja naturaalne lakk<\/span><br \/><span>* valmistatud Eestis<\/span><br \/><span>* \u00f6\u00f6kapil on kolm puitsiinidel sahtlit<\/span><br \/><span>* sahtli p\u00f5hjad on tugevast papist<\/span><\/p>\n","protected":false},"excerpt":{"rendered":"<p>* m\u00e4nnipuidust \u00f6\u00f6kapp* viimistlus: peits ja naturaalne lakk* valmistatud Eestis* \u00f6\u00f6kapil on kolm puitsiinidel sahtlit* sahtli p\u00f5hjad on tugevast papist<\/p>\n","protected":false},"featured_media":504454,"template":"","meta":{"_acf_changed":false},"pwb-brand":[],"product_brand":[],"product_cat":[11625,11623],"product_tag":[],"class_list":{"0":"post-454514","1":"product","2":"type-product","3":"status-publish","4":"has-post-thumbnail","6":"product_cat-ookapid-ru","7":"product_cat-kummutid-kastid-ru","9":"first","10":"onbackorder","11":"sale","12":"taxable","13":"shipping-taxable","14":"purchasable","15":"product-type-simple"},"exclude_global_add_ons":false,"addons":[{"name":"Vali v\u00e4rv","type":"multiple_choice","position":0,"required":true,"title_format":"heading","default":"","description_enable":false,"description":"","placeholder_enable":false,"placeholder":"","display":"images","restrictions_type":"any_text","adjust_price":false,"price":"","price_type":"flat_fee","restrictions":false,"min":"0","max":"0","options":[{"label":"hele lakk","price":"","price_type":"quantity_based","image":500751,"visibility":true},{"label":"vana m\u00e4nd","price":"","price_type":"quantity_based","image":500753,"visibility":true},{"label":"tumepruun","price":"","price_type":"quantity_based","image":500755,"visibility":true},{"label":"mahagon-pruun","price":"","price_type":"quantity_based","image":500757,"visibility":true},{"label":"kirss keskmine","price":"","price_type":"quantity_based","image":500759,"visibility":true},{"label":"kollane peits","price":"","price_type":"quantity_based","image":500761,"visibility":true},{"label":"oran\u017e peits","price":"","price_type":"quantity_based","image":500763,"visibility":true},{"label":"punane peits","price":"","price_type":"quantity_based","image":500765,"visibility":true},{"label":"hele-p\u00f6\u00f6k peits","price":"","price_type":"quantity_based","image":500767,"visibility":true},{"label":"roheline peits","price":"","price_type":"quantity_based","image":500769,"visibility":true},{"label":"roosakas peits","price":"","price_type":"quantity_based","image":500771,"visibility":true},{"label":"hele-sinakas peits","price":"","price_type":"quantity_based","image":500773,"visibility":true},{"label":"valge peits","price":"","price_type":"quantity_based","image":500775,"visibility":true},{"label":"antiik-rohekas peits","price":"","price_type":"quantity_based","image":500777,"visibility":true},{"label":"vana m\u00e4nd keskmine","price":"","price_type":"quantity_based","image":500779,"visibility":true}]}],"acf":[],"yoast_head":"<!-- This site is optimized with the Yoast SEO plugin v27.1.1 - https:\/\/yoast.com\/product\/yoast-seo-wordpress\/ -->\n<title>\u00d6\u00f6kapp ATS, K\u043e\u043c\u043e\u0434\u044b, \u044f\u0449\u0438\u043a\u0438, \u041d\u043e\u0447\u043d\u044b\u0435 \u0442\u0443\u043c\u0431\u043e\u0447\u043a\u0438, Beebipood<\/title>\n<meta name=\"description\" content=\"\u00d6\u00f6kapp ATS, * m&auml;nnipuidust &ouml;&ouml;kapp* viimistlus: peits ja naturaalne lakk* valmistatud Eestis&lt;\/spa\" \/>\n<meta name=\"robots\" content=\"index, follow, max-snippet:-1, max-image-preview:large, max-video-preview:-1\" \/>\n<link rel=\"canonical\" href=\"https:\/\/beebipood.ee\/ru\/produkt\/ookapp-ats\/\" \/>\n<meta property=\"og:locale\" content=\"ru_RU\" \/>\n<meta property=\"og:type\" content=\"article\" \/>\n<meta property=\"og:title\" content=\"\u00d6\u00f6kapp ATS, K\u043e\u043c\u043e\u0434\u044b, \u044f\u0449\u0438\u043a\u0438, \u041d\u043e\u0447\u043d\u044b\u0435 \u0442\u0443\u043c\u0431\u043e\u0447\u043a\u0438, Beebipood\" \/>\n<meta property=\"og:description\" content=\"\u00d6\u00f6kapp ATS, * m&auml;nnipuidust &ouml;&ouml;kapp* viimistlus: peits ja naturaalne lakk* valmistatud Eestis&lt;\/spa\" \/>\n<meta property=\"og:url\" content=\"https:\/\/beebipood.ee\/ru\/produkt\/ookapp-ats\/\" \/>\n<meta property=\"og:site_name\" content=\"Beebipood\" \/>\n<meta property=\"article:modified_time\" content=\"2025-01-09T08:52:21+00:00\" \/>\n<meta property=\"og:image\" content=\"https:\/\/beebipood.ee\/wp-content\/uploads\/2013\/09\/ookapp-sahtlitega-tume-1-scaled-1.jpg\" \/>\n\t<meta property=\"og:image:width\" content=\"2130\" \/>\n\t<meta property=\"og:image:height\" content=\"1707\" \/>\n\t<meta property=\"og:image:type\" content=\"image\/jpeg\" \/>\n<meta name=\"twitter:card\" content=\"summary_large_image\" \/>\n<script type=\"application\/ld+json\" class=\"yoast-schema-graph\">{\"@context\":\"https:\/\/schema.org\",\"@graph\":[{\"@type\":\"WebPage\",\"@id\":\"https:\/\/beebipood.ee\/ru\/produkt\/ookapp-ats\/\",\"url\":\"https:\/\/beebipood.ee\/ru\/produkt\/ookapp-ats\/\",\"name\":\"\u00d6\u00f6kapp ATS, K\u043e\u043c\u043e\u0434\u044b, \u044f\u0449\u0438\u043a\u0438, \u041d\u043e\u0447\u043d\u044b\u0435 \u0442\u0443\u043c\u0431\u043e\u0447\u043a\u0438, Beebipood\",\"isPartOf\":{\"@id\":\"https:\/\/beebipood.ee\/ru\/#website\"},\"primaryImageOfPage\":{\"@id\":\"https:\/\/beebipood.ee\/ru\/produkt\/ookapp-ats\/#primaryimage\"},\"image\":{\"@id\":\"https:\/\/beebipood.ee\/ru\/produkt\/ookapp-ats\/#primaryimage\"},\"thumbnailUrl\":\"https:\/\/beebipood.ee\/wp-content\/uploads\/2013\/09\/ookapp-sahtlitega-tume-1-scaled-1.jpg\",\"datePublished\":\"2013-09-02T10:47:53+00:00\",\"dateModified\":\"2025-01-09T08:52:21+00:00\",\"description\":\"\u00d6\u00f6kapp ATS, * m&auml;nnipuidust &ouml;&ouml;kapp* viimistlus: peits ja naturaalne lakk* valmistatud Eestis&lt;\/spa\",\"breadcrumb\":{\"@id\":\"https:\/\/beebipood.ee\/ru\/produkt\/ookapp-ats\/#breadcrumb\"},\"inLanguage\":\"ru-RU\",\"potentialAction\":[{\"@type\":\"ReadAction\",\"target\":[\"https:\/\/beebipood.ee\/ru\/produkt\/ookapp-ats\/\"]}]},{\"@type\":\"ImageObject\",\"inLanguage\":\"ru-RU\",\"@id\":\"https:\/\/beebipood.ee\/ru\/produkt\/ookapp-ats\/#primaryimage\",\"url\":\"https:\/\/beebipood.ee\/wp-content\/uploads\/2013\/09\/ookapp-sahtlitega-tume-1-scaled-1.jpg\",\"contentUrl\":\"https:\/\/beebipood.ee\/wp-content\/uploads\/2013\/09\/ookapp-sahtlitega-tume-1-scaled-1.jpg\",\"width\":2130,\"height\":1707},{\"@type\":\"BreadcrumbList\",\"@id\":\"https:\/\/beebipood.ee\/ru\/produkt\/ookapp-ats\/#breadcrumb\",\"itemListElement\":[{\"@type\":\"ListItem\",\"position\":1,\"name\":\"Home\",\"item\":\"https:\/\/beebipood.ee\/ru\/\"},{\"@type\":\"ListItem\",\"position\":2,\"name\":\"\u041a\u0430\u0442\u0430\u043b\u043e\u0433 \u0442\u043e\u0432\u0430\u0440\u043e\u0432\",\"item\":\"https:\/\/beebipood.ee\/tooted\/\"},{\"@type\":\"ListItem\",\"position\":3,\"name\":\"\u00d6\u00f6kapp ATS\"}]},{\"@type\":\"WebSite\",\"@id\":\"https:\/\/beebipood.ee\/ru\/#website\",\"url\":\"https:\/\/beebipood.ee\/ru\/\",\"name\":\"Beebipood\",\"description\":\"Lastekaubad, beebikaubad, m\u00e4nguasjad\",\"publisher\":{\"@id\":\"https:\/\/beebipood.ee\/ru\/#organization\"},\"potentialAction\":[{\"@type\":\"SearchAction\",\"target\":{\"@type\":\"EntryPoint\",\"urlTemplate\":\"https:\/\/beebipood.ee\/ru\/?s={search_term_string}\"},\"query-input\":{\"@type\":\"PropertyValueSpecification\",\"valueRequired\":true,\"valueName\":\"search_term_string\"}}],\"inLanguage\":\"ru-RU\"},{\"@type\":\"Organization\",\"@id\":\"https:\/\/beebipood.ee\/ru\/#organization\",\"name\":\"Beebipood\",\"url\":\"https:\/\/beebipood.ee\/ru\/\",\"logo\":{\"@type\":\"ImageObject\",\"inLanguage\":\"ru-RU\",\"@id\":\"https:\/\/beebipood.ee\/ru\/#\/schema\/logo\/image\/\",\"url\":\"https:\/\/beebipood.ee\/wp-content\/uploads\/2025\/03\/beebipood.ee-logo-1.svg\",\"contentUrl\":\"https:\/\/beebipood.ee\/wp-content\/uploads\/2025\/03\/beebipood.ee-logo-1.svg\",\"caption\":\"Beebipood\"},\"image\":{\"@id\":\"https:\/\/beebipood.ee\/ru\/#\/schema\/logo\/image\/\"}}]}<\/script>\n<!-- \/ Yoast SEO plugin. -->","yoast_head_json":{"title":"\u00d6\u00f6kapp ATS, K\u043e\u043c\u043e\u0434\u044b, \u044f\u0449\u0438\u043a\u0438, \u041d\u043e\u0447\u043d\u044b\u0435 \u0442\u0443\u043c\u0431\u043e\u0447\u043a\u0438, Beebipood","description":"\u00d6\u00f6kapp ATS, * m&auml;nnipuidust &ouml;&ouml;kapp* viimistlus: peits ja naturaalne lakk* valmistatud Eestis&lt;\/spa","robots":{"index":"index","follow":"follow","max-snippet":"max-snippet:-1","max-image-preview":"max-image-preview:large","max-video-preview":"max-video-preview:-1"},"canonical":"https:\/\/beebipood.ee\/ru\/produkt\/ookapp-ats\/","og_locale":"ru_RU","og_type":"article","og_title":"\u00d6\u00f6kapp ATS, K\u043e\u043c\u043e\u0434\u044b, \u044f\u0449\u0438\u043a\u0438, \u041d\u043e\u0447\u043d\u044b\u0435 \u0442\u0443\u043c\u0431\u043e\u0447\u043a\u0438, Beebipood","og_description":"\u00d6\u00f6kapp ATS, * m&auml;nnipuidust &ouml;&ouml;kapp* viimistlus: peits ja naturaalne lakk* valmistatud Eestis&lt;\/spa","og_url":"https:\/\/beebipood.ee\/ru\/produkt\/ookapp-ats\/","og_site_name":"Beebipood","article_modified_time":"2025-01-09T08:52:21+00:00","og_image":[{"width":2130,"height":1707,"url":"https:\/\/beebipood.ee\/wp-content\/uploads\/2013\/09\/ookapp-sahtlitega-tume-1-scaled-1.jpg","type":"image\/jpeg"}],"twitter_card":"summary_large_image","schema":{"@context":"https:\/\/schema.org","@graph":[{"@type":"WebPage","@id":"https:\/\/beebipood.ee\/ru\/produkt\/ookapp-ats\/","url":"https:\/\/beebipood.ee\/ru\/produkt\/ookapp-ats\/","name":"\u00d6\u00f6kapp ATS, K\u043e\u043c\u043e\u0434\u044b, \u044f\u0449\u0438\u043a\u0438, \u041d\u043e\u0447\u043d\u044b\u0435 \u0442\u0443\u043c\u0431\u043e\u0447\u043a\u0438, Beebipood","isPartOf":{"@id":"https:\/\/beebipood.ee\/ru\/#website"},"primaryImageOfPage":{"@id":"https:\/\/beebipood.ee\/ru\/produkt\/ookapp-ats\/#primaryimage"},"image":{"@id":"https:\/\/beebipood.ee\/ru\/produkt\/ookapp-ats\/#primaryimage"},"thumbnailUrl":"https:\/\/beebipood.ee\/wp-content\/uploads\/2013\/09\/ookapp-sahtlitega-tume-1-scaled-1.jpg","datePublished":"2013-09-02T10:47:53+00:00","dateModified":"2025-01-09T08:52:21+00:00","description":"\u00d6\u00f6kapp ATS, * m&auml;nnipuidust &ouml;&ouml;kapp* viimistlus: peits ja naturaalne lakk* valmistatud Eestis&lt;\/spa","breadcrumb":{"@id":"https:\/\/beebipood.ee\/ru\/produkt\/ookapp-ats\/#breadcrumb"},"inLanguage":"ru-RU","potentialAction":[{"@type":"ReadAction","target":["https:\/\/beebipood.ee\/ru\/produkt\/ookapp-ats\/"]}]},{"@type":"ImageObject","inLanguage":"ru-RU","@id":"https:\/\/beebipood.ee\/ru\/produkt\/ookapp-ats\/#primaryimage","url":"https:\/\/beebipood.ee\/wp-content\/uploads\/2013\/09\/ookapp-sahtlitega-tume-1-scaled-1.jpg","contentUrl":"https:\/\/beebipood.ee\/wp-content\/uploads\/2013\/09\/ookapp-sahtlitega-tume-1-scaled-1.jpg","width":2130,"height":1707},{"@type":"BreadcrumbList","@id":"https:\/\/beebipood.ee\/ru\/produkt\/ookapp-ats\/#breadcrumb","itemListElement":[{"@type":"ListItem","position":1,"name":"Home","item":"https:\/\/beebipood.ee\/ru\/"},{"@type":"ListItem","position":2,"name":"\u041a\u0430\u0442\u0430\u043b\u043e\u0433 \u0442\u043e\u0432\u0430\u0440\u043e\u0432","item":"https:\/\/beebipood.ee\/tooted\/"},{"@type":"ListItem","position":3,"name":"\u00d6\u00f6kapp ATS"}]},{"@type":"WebSite","@id":"https:\/\/beebipood.ee\/ru\/#website","url":"https:\/\/beebipood.ee\/ru\/","name":"Beebipood","description":"Lastekaubad, beebikaubad, m\u00e4nguasjad","publisher":{"@id":"https:\/\/beebipood.ee\/ru\/#organization"},"potentialAction":[{"@type":"SearchAction","target":{"@type":"EntryPoint","urlTemplate":"https:\/\/beebipood.ee\/ru\/?s={search_term_string}"},"query-input":{"@type":"PropertyValueSpecification","valueRequired":true,"valueName":"search_term_string"}}],"inLanguage":"ru-RU"},{"@type":"Organization","@id":"https:\/\/beebipood.ee\/ru\/#organization","name":"Beebipood","url":"https:\/\/beebipood.ee\/ru\/","logo":{"@type":"ImageObject","inLanguage":"ru-RU","@id":"https:\/\/beebipood.ee\/ru\/#\/schema\/logo\/image\/","url":"https:\/\/beebipood.ee\/wp-content\/uploads\/2025\/03\/beebipood.ee-logo-1.svg","contentUrl":"https:\/\/beebipood.ee\/wp-content\/uploads\/2025\/03\/beebipood.ee-logo-1.svg","caption":"Beebipood"},"image":{"@id":"https:\/\/beebipood.ee\/ru\/#\/schema\/logo\/image\/"}}]}},"brands":[],"_links":{"self":[{"href":"https:\/\/beebipood.ee\/ru\/wp-json\/wp\/v2\/product\/454514","targetHints":{"allow":["GET"]}}],"collection":[{"href":"https:\/\/beebipood.ee\/ru\/wp-json\/wp\/v2\/product"}],"about":[{"href":"https:\/\/beebipood.ee\/ru\/wp-json\/wp\/v2\/types\/product"}],"wp:featuredmedia":[{"embeddable":true,"href":"https:\/\/beebipood.ee\/ru\/wp-json\/wp\/v2\/media\/504454"}],"wp:attachment":[{"href":"https:\/\/beebipood.ee\/ru\/wp-json\/wp\/v2\/media?parent=454514"}],"wp:term":[{"taxonomy":"pwb-brand","embeddable":true,"href":"https:\/\/beebipood.ee\/ru\/wp-json\/wp\/v2\/pwb-brand?post=454514"},{"taxonomy":"product_brand","embeddable":true,"href":"https:\/\/beebipood.ee\/ru\/wp-json\/wp\/v2\/product_brand?post=454514"},{"taxonomy":"product_cat","embeddable":true,"href":"https:\/\/beebipood.ee\/ru\/wp-json\/wp\/v2\/product_cat?post=454514"},{"taxonomy":"product_tag","embeddable":true,"href":"https:\/\/beebipood.ee\/ru\/wp-json\/wp\/v2\/product_tag?post=454514"}],"curies":[{"name":"wp","href":"https:\/\/api.w.org\/{rel}","templated":true}]}}