{"id":454550,"date":"2013-09-02T13:48:33","date_gmt":"2013-09-02T10:48:33","guid":{"rendered":"https:\/\/beebipood.ee\/toode\/vedrumadrats-kookos-latex-ortopeediline-60x120\/"},"modified":"2025-04-09T13:23:22","modified_gmt":"2025-04-09T10:23:22","slug":"beebimadrats-kookos-lateks-ortopeediline-60x120","status":"publish","type":"product","link":"https:\/\/beebipood.ee\/ru\/produkt\/beebimadrats-kookos-lateks-ortopeediline-60x120\/","title":{"rendered":"Beebimadrats Kookos-Lateks Ortopeediline 60&#215;120"},"content":{"rendered":"<p>*\u00a0kahepoolne\u00a0vedrudeta\u00a0madrats<br \/>\n* madratsi \u00fcks pool on pehmendatud kvaliteetse LATEX\u00b4ga,<br \/>\n* lateksis on \u00f5hutuskanalid, mis tagavad \u00f5hu liikumise ja niiskuse \u00e4rajuhtimise magamiskohalt<br \/>\n* t\u00e4nu elastsusele kohandub h\u00e4sti teie kehakujuga<br \/>\n* j\u00e4ikuse lisamiseks kasutatud naturaalset kookost ja pehmenduseks 100% puuvilla<br \/>\n*\u00a0teisel pool on\u00a0kvaliteetne poroloon ning see on mugav ja pehme ning tagab muretu magamise<br \/>\n* antud madratsi mudel sobib h\u00e4sti inimesele, kes hindab naturaalseid materjale<br \/>\nning soovib j\u00e4tta endale valikuvabaduse magamisaseme j\u00e4ikuse osas<br \/>\n*\u00a0ortopeedilised omadused<br \/>\n* sobivaima madratsi poole saab valida juba kasutamise k\u00e4igus<br \/>\n* madrats on kaetud tepitud kangaga<br \/>\n* madratsikott on \u00e4rav\u00f5etav ja pestav 40\u00b0C juures<br \/>\n* madratsites kasutatav kookos, lateks, puuvill, vatiin ja pealiskangas vastavad \u00d6ko-Tex 100 standardile<\/p>\n","protected":false},"excerpt":{"rendered":"<p>*\u00a0kahepoolne\u00a0vedrudeta\u00a0madrats * madratsi \u00fcks pool on pehmendatud kvaliteetse LATEX\u00b4ga, * lateksis on \u00f5hutuskanalid, mis tagavad \u00f5hu liikumise ja niiskuse \u00e4rajuhtimise magamiskohalt * t\u00e4nu elastsusele kohandub h\u00e4sti teie kehakujuga * j\u00e4ikuse lisamiseks kasutatud naturaalset kookost ja pehmenduseks 100% puuvilla *\u00a0teisel pool on\u00a0kvaliteetne poroloon ning see on mugav ja pehme ning tagab muretu magamise * antud madratsi [&hellip;]<\/p>\n","protected":false},"featured_media":147175,"template":"","meta":{"_acf_changed":false},"pwb-brand":[],"product_brand":[],"product_cat":[11573,11595,11563,11789],"product_tag":[],"class_list":{"0":"post-454550","1":"product","2":"type-product","3":"status-publish","4":"has-post-thumbnail","6":"product_cat-sooduspakkumised-ru","7":"product_cat-kuni-60cm-laiused-ru","8":"product_cat-madratsid-ja-kattemadratsid-ru","9":"product_cat-lastemoobel-ja-sisustus-ru","11":"first","12":"onbackorder","13":"sale","14":"taxable","15":"shipping-taxable","16":"purchasable","17":"product-type-simple"},"exclude_global_add_ons":[],"addons":[],"acf":[],"yoast_head":"<!-- This site is optimized with the Yoast SEO plugin v27.1.1 - https:\/\/yoast.com\/product\/yoast-seo-wordpress\/ -->\n<title>Beebimadrats Kookos-Lateks Ortopeediline 60x120, \u041c\u0430\u0442\u0440\u0430\u0441\u044b \u0438 \u043c\u0430\u0442\u0440\u0430\u0441\u044b-\u043f\u043e\u043a\u0440\u044b\u0432\u0430\u043b\u0430, \u0421\u041a\u0418\u0414\u041a\u0418, \u0428\u0438\u0440\u0438\u043d\u043e\u0439 \u0434\u043e 60 c\u043c, M\u0435\u0431\u0435\u043b\u044c, Beebipood<\/title>\n<meta name=\"description\" content=\"Beebimadrats Kookos-Lateks Ortopeediline 60x120, *\u00a0kahepoolne\u00a0vedrudeta\u00a0madrats\u00a0* madratsi \u00fcks pool on pehmendatud kvaliteetse\" \/>\n<meta name=\"robots\" content=\"index, follow, max-snippet:-1, max-image-preview:large, max-video-preview:-1\" \/>\n<link rel=\"canonical\" href=\"https:\/\/beebipood.ee\/ru\/produkt\/beebimadrats-kookos-lateks-ortopeediline-60x120\/\" \/>\n<meta property=\"og:locale\" content=\"ru_RU\" \/>\n<meta property=\"og:type\" content=\"article\" \/>\n<meta property=\"og:title\" content=\"Beebimadrats Kookos-Lateks Ortopeediline 60x120, \u041c\u0430\u0442\u0440\u0430\u0441\u044b \u0438 \u043c\u0430\u0442\u0440\u0430\u0441\u044b-\u043f\u043e\u043a\u0440\u044b\u0432\u0430\u043b\u0430, \u0421\u041a\u0418\u0414\u041a\u0418, \u0428\u0438\u0440\u0438\u043d\u043e\u0439 \u0434\u043e 60 c\u043c, M\u0435\u0431\u0435\u043b\u044c, Beebipood\" \/>\n<meta property=\"og:description\" content=\"Beebimadrats Kookos-Lateks Ortopeediline 60x120, *\u00a0kahepoolne\u00a0vedrudeta\u00a0madrats\u00a0* madratsi \u00fcks pool on pehmendatud kvaliteetse\" \/>\n<meta property=\"og:url\" content=\"https:\/\/beebipood.ee\/ru\/produkt\/beebimadrats-kookos-lateks-ortopeediline-60x120\/\" \/>\n<meta property=\"og:site_name\" content=\"Beebipood\" \/>\n<meta property=\"article:modified_time\" content=\"2025-04-09T10:23:22+00:00\" \/>\n<meta property=\"og:image\" content=\"https:\/\/beebipood.ee\/wp-content\/uploads\/2013\/09\/Beebimadrats-KookosLateks-Ortopeediline-60x120-Madratsid-ja-kattemadratsid-Kuni-60cm-laiused-Lastemoobel-ja-sisustus_1-d78.jpg\" \/>\n\t<meta property=\"og:image:width\" content=\"992\" \/>\n\t<meta property=\"og:image:height\" content=\"900\" \/>\n\t<meta property=\"og:image:type\" content=\"image\/jpeg\" \/>\n<meta name=\"twitter:card\" content=\"summary_large_image\" \/>\n<meta name=\"twitter:label1\" content=\"\u041f\u0440\u0438\u043c\u0435\u0440\u043d\u043e\u0435 \u0432\u0440\u0435\u043c\u044f \u0434\u043b\u044f \u0447\u0442\u0435\u043d\u0438\u044f\" \/>\n\t<meta name=\"twitter:data1\" content=\"1 \u043c\u0438\u043d\u0443\u0442\u0430\" \/>\n<script type=\"application\/ld+json\" class=\"yoast-schema-graph\">{\"@context\":\"https:\/\/schema.org\",\"@graph\":[{\"@type\":\"WebPage\",\"@id\":\"https:\/\/beebipood.ee\/ru\/produkt\/beebimadrats-kookos-lateks-ortopeediline-60x120\/\",\"url\":\"https:\/\/beebipood.ee\/ru\/produkt\/beebimadrats-kookos-lateks-ortopeediline-60x120\/\",\"name\":\"Beebimadrats Kookos-Lateks Ortopeediline 60x120, \u041c\u0430\u0442\u0440\u0430\u0441\u044b \u0438 \u043c\u0430\u0442\u0440\u0430\u0441\u044b-\u043f\u043e\u043a\u0440\u044b\u0432\u0430\u043b\u0430, \u0421\u041a\u0418\u0414\u041a\u0418, \u0428\u0438\u0440\u0438\u043d\u043e\u0439 \u0434\u043e 60 c\u043c, M\u0435\u0431\u0435\u043b\u044c, Beebipood\",\"isPartOf\":{\"@id\":\"https:\/\/beebipood.ee\/ru\/#website\"},\"primaryImageOfPage\":{\"@id\":\"https:\/\/beebipood.ee\/ru\/produkt\/beebimadrats-kookos-lateks-ortopeediline-60x120\/#primaryimage\"},\"image\":{\"@id\":\"https:\/\/beebipood.ee\/ru\/produkt\/beebimadrats-kookos-lateks-ortopeediline-60x120\/#primaryimage\"},\"thumbnailUrl\":\"https:\/\/beebipood.ee\/wp-content\/uploads\/2013\/09\/Beebimadrats-KookosLateks-Ortopeediline-60x120-Madratsid-ja-kattemadratsid-Kuni-60cm-laiused-Lastemoobel-ja-sisustus_1-d78.jpg\",\"datePublished\":\"2013-09-02T10:48:33+00:00\",\"dateModified\":\"2025-04-09T10:23:22+00:00\",\"description\":\"Beebimadrats Kookos-Lateks Ortopeediline 60x120, *\u00a0kahepoolne\u00a0vedrudeta\u00a0madrats\u00a0* madratsi \u00fcks pool on pehmendatud kvaliteetse\",\"breadcrumb\":{\"@id\":\"https:\/\/beebipood.ee\/ru\/produkt\/beebimadrats-kookos-lateks-ortopeediline-60x120\/#breadcrumb\"},\"inLanguage\":\"ru-RU\",\"potentialAction\":[{\"@type\":\"ReadAction\",\"target\":[\"https:\/\/beebipood.ee\/ru\/produkt\/beebimadrats-kookos-lateks-ortopeediline-60x120\/\"]}]},{\"@type\":\"ImageObject\",\"inLanguage\":\"ru-RU\",\"@id\":\"https:\/\/beebipood.ee\/ru\/produkt\/beebimadrats-kookos-lateks-ortopeediline-60x120\/#primaryimage\",\"url\":\"https:\/\/beebipood.ee\/wp-content\/uploads\/2013\/09\/Beebimadrats-KookosLateks-Ortopeediline-60x120-Madratsid-ja-kattemadratsid-Kuni-60cm-laiused-Lastemoobel-ja-sisustus_1-d78.jpg\",\"contentUrl\":\"https:\/\/beebipood.ee\/wp-content\/uploads\/2013\/09\/Beebimadrats-KookosLateks-Ortopeediline-60x120-Madratsid-ja-kattemadratsid-Kuni-60cm-laiused-Lastemoobel-ja-sisustus_1-d78.jpg\",\"width\":992,\"height\":900},{\"@type\":\"BreadcrumbList\",\"@id\":\"https:\/\/beebipood.ee\/ru\/produkt\/beebimadrats-kookos-lateks-ortopeediline-60x120\/#breadcrumb\",\"itemListElement\":[{\"@type\":\"ListItem\",\"position\":1,\"name\":\"Home\",\"item\":\"https:\/\/beebipood.ee\/ru\/\"},{\"@type\":\"ListItem\",\"position\":2,\"name\":\"\u041a\u0430\u0442\u0430\u043b\u043e\u0433 \u0442\u043e\u0432\u0430\u0440\u043e\u0432\",\"item\":\"https:\/\/beebipood.ee\/tooted\/\"},{\"@type\":\"ListItem\",\"position\":3,\"name\":\"Beebimadrats Kookos-Lateks Ortopeediline 60&#215;120\"}]},{\"@type\":\"WebSite\",\"@id\":\"https:\/\/beebipood.ee\/ru\/#website\",\"url\":\"https:\/\/beebipood.ee\/ru\/\",\"name\":\"Beebipood\",\"description\":\"Lastekaubad, beebikaubad, m\u00e4nguasjad\",\"publisher\":{\"@id\":\"https:\/\/beebipood.ee\/ru\/#organization\"},\"potentialAction\":[{\"@type\":\"SearchAction\",\"target\":{\"@type\":\"EntryPoint\",\"urlTemplate\":\"https:\/\/beebipood.ee\/ru\/?s={search_term_string}\"},\"query-input\":{\"@type\":\"PropertyValueSpecification\",\"valueRequired\":true,\"valueName\":\"search_term_string\"}}],\"inLanguage\":\"ru-RU\"},{\"@type\":\"Organization\",\"@id\":\"https:\/\/beebipood.ee\/ru\/#organization\",\"name\":\"Beebipood\",\"url\":\"https:\/\/beebipood.ee\/ru\/\",\"logo\":{\"@type\":\"ImageObject\",\"inLanguage\":\"ru-RU\",\"@id\":\"https:\/\/beebipood.ee\/ru\/#\/schema\/logo\/image\/\",\"url\":\"https:\/\/beebipood.ee\/wp-content\/uploads\/2025\/03\/beebipood.ee-logo-1.svg\",\"contentUrl\":\"https:\/\/beebipood.ee\/wp-content\/uploads\/2025\/03\/beebipood.ee-logo-1.svg\",\"caption\":\"Beebipood\"},\"image\":{\"@id\":\"https:\/\/beebipood.ee\/ru\/#\/schema\/logo\/image\/\"}}]}<\/script>\n<!-- \/ Yoast SEO plugin. -->","yoast_head_json":{"title":"Beebimadrats Kookos-Lateks Ortopeediline 60x120, \u041c\u0430\u0442\u0440\u0430\u0441\u044b \u0438 \u043c\u0430\u0442\u0440\u0430\u0441\u044b-\u043f\u043e\u043a\u0440\u044b\u0432\u0430\u043b\u0430, \u0421\u041a\u0418\u0414\u041a\u0418, \u0428\u0438\u0440\u0438\u043d\u043e\u0439 \u0434\u043e 60 c\u043c, M\u0435\u0431\u0435\u043b\u044c, Beebipood","description":"Beebimadrats Kookos-Lateks Ortopeediline 60x120, *\u00a0kahepoolne\u00a0vedrudeta\u00a0madrats\u00a0* madratsi \u00fcks pool on pehmendatud kvaliteetse","robots":{"index":"index","follow":"follow","max-snippet":"max-snippet:-1","max-image-preview":"max-image-preview:large","max-video-preview":"max-video-preview:-1"},"canonical":"https:\/\/beebipood.ee\/ru\/produkt\/beebimadrats-kookos-lateks-ortopeediline-60x120\/","og_locale":"ru_RU","og_type":"article","og_title":"Beebimadrats Kookos-Lateks Ortopeediline 60x120, \u041c\u0430\u0442\u0440\u0430\u0441\u044b \u0438 \u043c\u0430\u0442\u0440\u0430\u0441\u044b-\u043f\u043e\u043a\u0440\u044b\u0432\u0430\u043b\u0430, \u0421\u041a\u0418\u0414\u041a\u0418, \u0428\u0438\u0440\u0438\u043d\u043e\u0439 \u0434\u043e 60 c\u043c, M\u0435\u0431\u0435\u043b\u044c, Beebipood","og_description":"Beebimadrats Kookos-Lateks Ortopeediline 60x120, *\u00a0kahepoolne\u00a0vedrudeta\u00a0madrats\u00a0* madratsi \u00fcks pool on pehmendatud kvaliteetse","og_url":"https:\/\/beebipood.ee\/ru\/produkt\/beebimadrats-kookos-lateks-ortopeediline-60x120\/","og_site_name":"Beebipood","article_modified_time":"2025-04-09T10:23:22+00:00","og_image":[{"width":992,"height":900,"url":"https:\/\/beebipood.ee\/wp-content\/uploads\/2013\/09\/Beebimadrats-KookosLateks-Ortopeediline-60x120-Madratsid-ja-kattemadratsid-Kuni-60cm-laiused-Lastemoobel-ja-sisustus_1-d78.jpg","type":"image\/jpeg"}],"twitter_card":"summary_large_image","twitter_misc":{"\u041f\u0440\u0438\u043c\u0435\u0440\u043d\u043e\u0435 \u0432\u0440\u0435\u043c\u044f \u0434\u043b\u044f \u0447\u0442\u0435\u043d\u0438\u044f":"1 \u043c\u0438\u043d\u0443\u0442\u0430"},"schema":{"@context":"https:\/\/schema.org","@graph":[{"@type":"WebPage","@id":"https:\/\/beebipood.ee\/ru\/produkt\/beebimadrats-kookos-lateks-ortopeediline-60x120\/","url":"https:\/\/beebipood.ee\/ru\/produkt\/beebimadrats-kookos-lateks-ortopeediline-60x120\/","name":"Beebimadrats Kookos-Lateks Ortopeediline 60x120, \u041c\u0430\u0442\u0440\u0430\u0441\u044b \u0438 \u043c\u0430\u0442\u0440\u0430\u0441\u044b-\u043f\u043e\u043a\u0440\u044b\u0432\u0430\u043b\u0430, \u0421\u041a\u0418\u0414\u041a\u0418, \u0428\u0438\u0440\u0438\u043d\u043e\u0439 \u0434\u043e 60 c\u043c, M\u0435\u0431\u0435\u043b\u044c, Beebipood","isPartOf":{"@id":"https:\/\/beebipood.ee\/ru\/#website"},"primaryImageOfPage":{"@id":"https:\/\/beebipood.ee\/ru\/produkt\/beebimadrats-kookos-lateks-ortopeediline-60x120\/#primaryimage"},"image":{"@id":"https:\/\/beebipood.ee\/ru\/produkt\/beebimadrats-kookos-lateks-ortopeediline-60x120\/#primaryimage"},"thumbnailUrl":"https:\/\/beebipood.ee\/wp-content\/uploads\/2013\/09\/Beebimadrats-KookosLateks-Ortopeediline-60x120-Madratsid-ja-kattemadratsid-Kuni-60cm-laiused-Lastemoobel-ja-sisustus_1-d78.jpg","datePublished":"2013-09-02T10:48:33+00:00","dateModified":"2025-04-09T10:23:22+00:00","description":"Beebimadrats Kookos-Lateks Ortopeediline 60x120, *\u00a0kahepoolne\u00a0vedrudeta\u00a0madrats\u00a0* madratsi \u00fcks pool on pehmendatud kvaliteetse","breadcrumb":{"@id":"https:\/\/beebipood.ee\/ru\/produkt\/beebimadrats-kookos-lateks-ortopeediline-60x120\/#breadcrumb"},"inLanguage":"ru-RU","potentialAction":[{"@type":"ReadAction","target":["https:\/\/beebipood.ee\/ru\/produkt\/beebimadrats-kookos-lateks-ortopeediline-60x120\/"]}]},{"@type":"ImageObject","inLanguage":"ru-RU","@id":"https:\/\/beebipood.ee\/ru\/produkt\/beebimadrats-kookos-lateks-ortopeediline-60x120\/#primaryimage","url":"https:\/\/beebipood.ee\/wp-content\/uploads\/2013\/09\/Beebimadrats-KookosLateks-Ortopeediline-60x120-Madratsid-ja-kattemadratsid-Kuni-60cm-laiused-Lastemoobel-ja-sisustus_1-d78.jpg","contentUrl":"https:\/\/beebipood.ee\/wp-content\/uploads\/2013\/09\/Beebimadrats-KookosLateks-Ortopeediline-60x120-Madratsid-ja-kattemadratsid-Kuni-60cm-laiused-Lastemoobel-ja-sisustus_1-d78.jpg","width":992,"height":900},{"@type":"BreadcrumbList","@id":"https:\/\/beebipood.ee\/ru\/produkt\/beebimadrats-kookos-lateks-ortopeediline-60x120\/#breadcrumb","itemListElement":[{"@type":"ListItem","position":1,"name":"Home","item":"https:\/\/beebipood.ee\/ru\/"},{"@type":"ListItem","position":2,"name":"\u041a\u0430\u0442\u0430\u043b\u043e\u0433 \u0442\u043e\u0432\u0430\u0440\u043e\u0432","item":"https:\/\/beebipood.ee\/tooted\/"},{"@type":"ListItem","position":3,"name":"Beebimadrats Kookos-Lateks Ortopeediline 60&#215;120"}]},{"@type":"WebSite","@id":"https:\/\/beebipood.ee\/ru\/#website","url":"https:\/\/beebipood.ee\/ru\/","name":"Beebipood","description":"Lastekaubad, beebikaubad, m\u00e4nguasjad","publisher":{"@id":"https:\/\/beebipood.ee\/ru\/#organization"},"potentialAction":[{"@type":"SearchAction","target":{"@type":"EntryPoint","urlTemplate":"https:\/\/beebipood.ee\/ru\/?s={search_term_string}"},"query-input":{"@type":"PropertyValueSpecification","valueRequired":true,"valueName":"search_term_string"}}],"inLanguage":"ru-RU"},{"@type":"Organization","@id":"https:\/\/beebipood.ee\/ru\/#organization","name":"Beebipood","url":"https:\/\/beebipood.ee\/ru\/","logo":{"@type":"ImageObject","inLanguage":"ru-RU","@id":"https:\/\/beebipood.ee\/ru\/#\/schema\/logo\/image\/","url":"https:\/\/beebipood.ee\/wp-content\/uploads\/2025\/03\/beebipood.ee-logo-1.svg","contentUrl":"https:\/\/beebipood.ee\/wp-content\/uploads\/2025\/03\/beebipood.ee-logo-1.svg","caption":"Beebipood"},"image":{"@id":"https:\/\/beebipood.ee\/ru\/#\/schema\/logo\/image\/"}}]}},"brands":[],"_links":{"self":[{"href":"https:\/\/beebipood.ee\/ru\/wp-json\/wp\/v2\/product\/454550","targetHints":{"allow":["GET"]}}],"collection":[{"href":"https:\/\/beebipood.ee\/ru\/wp-json\/wp\/v2\/product"}],"about":[{"href":"https:\/\/beebipood.ee\/ru\/wp-json\/wp\/v2\/types\/product"}],"wp:featuredmedia":[{"embeddable":true,"href":"https:\/\/beebipood.ee\/ru\/wp-json\/wp\/v2\/media\/147175"}],"wp:attachment":[{"href":"https:\/\/beebipood.ee\/ru\/wp-json\/wp\/v2\/media?parent=454550"}],"wp:term":[{"taxonomy":"pwb-brand","embeddable":true,"href":"https:\/\/beebipood.ee\/ru\/wp-json\/wp\/v2\/pwb-brand?post=454550"},{"taxonomy":"product_brand","embeddable":true,"href":"https:\/\/beebipood.ee\/ru\/wp-json\/wp\/v2\/product_brand?post=454550"},{"taxonomy":"product_cat","embeddable":true,"href":"https:\/\/beebipood.ee\/ru\/wp-json\/wp\/v2\/product_cat?post=454550"},{"taxonomy":"product_tag","embeddable":true,"href":"https:\/\/beebipood.ee\/ru\/wp-json\/wp\/v2\/product_tag?post=454550"}],"curies":[{"name":"wp","href":"https:\/\/api.w.org\/{rel}","templated":true}]}}