{"id":454560,"date":"2013-09-02T13:48:42","date_gmt":"2013-09-02T10:48:42","guid":{"rendered":"https:\/\/beebipood.ee\/toode\/tutti-bambini-cozee-luxe-beebihall-voodi-korvale-walnut-slate\/"},"modified":"2025-03-31T01:00:33","modified_gmt":"2025-03-30T22:00:33","slug":"tutti-bambini-cozee-luxe-beebihall-voodi-korvale-walnut-slate","status":"publish","type":"product","link":"https:\/\/beebipood.ee\/ru\/produkt\/tutti-bambini-cozee-luxe-beebihall-voodi-korvale-walnut-slate\/","title":{"rendered":"Tutti Bambini CoZee Luxe beebih\u00e4ll voodi k\u00f5rvale, Walnut-Slate"},"content":{"rendered":"<p>Luksuslike disainielementide ja oman\u00e4olise v\u00e4rvipaletiga CoZee Luxe beebih\u00e4ll on stiilne, <br \/>kuid praktiline magamislahendus sinu vasts\u00fcndinule. <br \/>See pakub parimat mugavust magamiseks lapsega k\u00fclg-k\u00fclje k\u00f5rval alates s\u00fcnnist kuni kuuenda elukuuni. <br \/>Lihtne kokkupanek ja kerge kaal muudavad selle beebih\u00e4lli ka suurep\u00e4raseks valikuks reisimisel.<br \/>Pehmest sametist tepitud kangas toob sinu magamistuppa moodsat elegantsi.<br \/><span style=\"text-decoration: underline;\">Omadused<\/span><br \/>6 erinevat k\u00f5rgust<br \/>V\u00f5imalik seada \u00fcks pool k\u00f5rgemale, et leevendada refluksi ja k\u00fclmetuse s\u00fcmptomeid<br \/>Praktiline riiul, kus on v\u00f5imalik hoiustada niiskeid salvr\u00e4tikuid, m\u00e4hkimislinasid, m\u00e4nguasju jms<br \/>Tepitud kangas on valmistatud pehmest sametist<br \/>Elegantsed p\u00e4hkliv\u00e4rvi jalad, millel on kuldsed aktsentdetailid<br \/>Kompaktselt kokkupandav<br \/>\u00dcks k\u00fclg on v\u00f5imalik alla lasta, et mugavalt s\u00e4ttida h\u00e4ll enda voodi k\u00f5rvale<br \/>Beebih\u00e4lli puuvillane sisevooder on eemaldatav ja pestav<br \/>Pehme ning toestav madrats tagab beebile parima une<br \/>Miks on kasulik, kui beebi magab teie k\u00f5rval?<br \/>Aitab luua ja tugevdada seda erilist sidet sinu ja beebi vahel<br \/>V\u00f5imaldab lihtsamini rinnaga toita<br \/>Pakub meelerahu, kuna laps on seal samas teie k\u00f5rval<br \/>Pakub beebile turvalist keskkonda vanemate magamistoas kuni 6. elukuuni<br \/><span style=\"text-decoration: underline;\">N\u00e4itajad<\/span><br \/>Kaal 11,4kg<br \/>M\u00f5\u00f5dud 92 x 54 x 69-84cm<br \/>M\u00f5\u00f5dud kokkupandult 92 x 54 x 12cm<br \/>Madratsi suurus 83 x 52 x 3cm<br \/>Madratsik\u00f5rgused: <br \/>1: 49-52cm, <br \/>2: 52-55cm, <br \/>3: 55-58cm, <br \/>4: 58-61cm, <br \/>5: 61-64cm, <br \/>6: 64+cm<br \/>Kasutamiseks alates s\u00fcnnist kuni 6. elukuuni (kuniks laps hakkab iseseisvalt istuma)<br \/>Sisevooder 100% puuvill<br \/>Vastab Euroopa turvastandardile BS EN 1130<\/p>\n","protected":false},"excerpt":{"rendered":"<p>Luksuslike disainielementide ja oman\u00e4olise v\u00e4rvipaletiga CoZee Luxe beebih\u00e4ll on stiilne, kuid praktiline magamislahendus sinu vasts\u00fcndinule. See pakub parimat mugavust magamiseks lapsega k\u00fclg-k\u00fclje k\u00f5rval alates s\u00fcnnist kuni kuuenda elukuuni. Lihtne kokkupanek ja kerge kaal muudavad selle beebih\u00e4lli ka suurep\u00e4raseks valikuks reisimisel.Pehmest sametist tepitud kangas toob sinu magamistuppa moodsat elegantsi.Omadused6 erinevat k\u00f5rgustV\u00f5imalik seada \u00fcks pool k\u00f5rgemale, et [&hellip;]<\/p>\n","protected":false},"featured_media":100848,"template":"","meta":{"_acf_changed":false},"pwb-brand":[],"product_brand":[],"product_cat":[11571,11553,11789],"product_tag":[],"class_list":{"0":"post-454560","1":"product","2":"type-product","3":"status-publish","4":"has-post-thumbnail","6":"product_cat-hallid-ja-vooditaskud-ru","7":"product_cat-beebivoodid-reisivoodid-hallid-ru","8":"product_cat-lastemoobel-ja-sisustus-ru","10":"first","11":"onbackorder","12":"taxable","13":"shipping-taxable","14":"purchasable","15":"product-type-simple"},"exclude_global_add_ons":[],"addons":[],"acf":[],"yoast_head":"<!-- This site is optimized with the Yoast SEO plugin v27.1.1 - https:\/\/yoast.com\/product\/yoast-seo-wordpress\/ -->\n<title>Tutti Bambini CoZee Luxe beebih\u00e4ll voodi k\u00f5rvale, Walnut-Slate, \u0414\u0435\u0442\u0441\u043a\u0438e \u043a\u0440\u043e\u0432\u0430\u0442\u043a\u0438, \u043f\u0435\u0440\u0435\u043d\u043e\u0441\u043d\u044b\u0435 \u043a\u0440\u043e\u0432\u0430\u0442\u043a\u0438, \u043b\u044e\u043b\u044c\u043a\u0438, \u041b\u044e\u043b\u044c\u043a\u0438 \u0438 \u043a\u0430\u0440\u043c\u0430\u0448\u043a\u0438 \u0434\u043b\u044f \u043a\u0440\u043e\u0432\u0430\u0442\u043a\u0438, \u0421\u041a\u0418\u0414\u041a\u0418, \u0428\u0438\u0440\u0438\u043d\u043e\u0439 \u0434\u043e 160 \u0441\u043c , M\u0435\u0431\u0435\u043b\u044c, Beebipood<\/title>\n<meta name=\"description\" content=\"Tutti Bambini CoZee Luxe beebih\u00e4ll voodi k\u00f5rvale, Walnut-Slate, Luksuslike disainielementide ja oman&auml;olise v&auml;rvipaletiga CoZee Luxe beebih&auml;l\" \/>\n<meta name=\"robots\" content=\"index, follow, max-snippet:-1, max-image-preview:large, max-video-preview:-1\" \/>\n<link rel=\"canonical\" href=\"https:\/\/beebipood.ee\/ru\/produkt\/tutti-bambini-cozee-luxe-beebihall-voodi-korvale-walnut-slate\/\" \/>\n<meta property=\"og:locale\" content=\"ru_RU\" \/>\n<meta property=\"og:type\" content=\"article\" \/>\n<meta property=\"og:title\" content=\"Tutti Bambini CoZee Luxe beebih\u00e4ll voodi k\u00f5rvale, Walnut-Slate, \u0414\u0435\u0442\u0441\u043a\u0438e \u043a\u0440\u043e\u0432\u0430\u0442\u043a\u0438, \u043f\u0435\u0440\u0435\u043d\u043e\u0441\u043d\u044b\u0435 \u043a\u0440\u043e\u0432\u0430\u0442\u043a\u0438, \u043b\u044e\u043b\u044c\u043a\u0438, \u041b\u044e\u043b\u044c\u043a\u0438 \u0438 \u043a\u0430\u0440\u043c\u0430\u0448\u043a\u0438 \u0434\u043b\u044f \u043a\u0440\u043e\u0432\u0430\u0442\u043a\u0438, \u0421\u041a\u0418\u0414\u041a\u0418, \u0428\u0438\u0440\u0438\u043d\u043e\u0439 \u0434\u043e 160 \u0441\u043c , M\u0435\u0431\u0435\u043b\u044c, Beebipood\" \/>\n<meta property=\"og:description\" content=\"Tutti Bambini CoZee Luxe beebih\u00e4ll voodi k\u00f5rvale, Walnut-Slate, Luksuslike disainielementide ja oman&auml;olise v&auml;rvipaletiga CoZee Luxe beebih&auml;l\" \/>\n<meta property=\"og:url\" content=\"https:\/\/beebipood.ee\/ru\/produkt\/tutti-bambini-cozee-luxe-beebihall-voodi-korvale-walnut-slate\/\" \/>\n<meta property=\"og:site_name\" content=\"Beebipood\" \/>\n<meta property=\"article:modified_time\" content=\"2025-03-30T22:00:33+00:00\" \/>\n<meta property=\"og:image\" content=\"https:\/\/beebipood.ee\/wp-content\/uploads\/2013\/09\/Tutti-Bambini-CoZee-Luxe-beebihall-voodi-korvale-WalnutSlate-Beebivoodid-reisivoodid-hallid-Hallid-ja-vooditaskud-UUED-TOOTED-Lastemoobel-ja-sisustus_10-f96.jpg\" \/>\n\t<meta property=\"og:image:width\" content=\"1000\" \/>\n\t<meta property=\"og:image:height\" content=\"1000\" \/>\n\t<meta property=\"og:image:type\" content=\"image\/jpeg\" \/>\n<meta name=\"twitter:card\" content=\"summary_large_image\" \/>\n<meta name=\"twitter:label1\" content=\"\u041f\u0440\u0438\u043c\u0435\u0440\u043d\u043e\u0435 \u0432\u0440\u0435\u043c\u044f \u0434\u043b\u044f \u0447\u0442\u0435\u043d\u0438\u044f\" \/>\n\t<meta name=\"twitter:data1\" content=\"1 \u043c\u0438\u043d\u0443\u0442\u0430\" \/>\n<script type=\"application\/ld+json\" class=\"yoast-schema-graph\">{\"@context\":\"https:\/\/schema.org\",\"@graph\":[{\"@type\":\"WebPage\",\"@id\":\"https:\/\/beebipood.ee\/ru\/produkt\/tutti-bambini-cozee-luxe-beebihall-voodi-korvale-walnut-slate\/\",\"url\":\"https:\/\/beebipood.ee\/ru\/produkt\/tutti-bambini-cozee-luxe-beebihall-voodi-korvale-walnut-slate\/\",\"name\":\"Tutti Bambini CoZee Luxe beebih\u00e4ll voodi k\u00f5rvale, Walnut-Slate, \u0414\u0435\u0442\u0441\u043a\u0438e \u043a\u0440\u043e\u0432\u0430\u0442\u043a\u0438, \u043f\u0435\u0440\u0435\u043d\u043e\u0441\u043d\u044b\u0435 \u043a\u0440\u043e\u0432\u0430\u0442\u043a\u0438, \u043b\u044e\u043b\u044c\u043a\u0438, \u041b\u044e\u043b\u044c\u043a\u0438 \u0438 \u043a\u0430\u0440\u043c\u0430\u0448\u043a\u0438 \u0434\u043b\u044f \u043a\u0440\u043e\u0432\u0430\u0442\u043a\u0438, \u0421\u041a\u0418\u0414\u041a\u0418, \u0428\u0438\u0440\u0438\u043d\u043e\u0439 \u0434\u043e 160 \u0441\u043c , M\u0435\u0431\u0435\u043b\u044c, Beebipood\",\"isPartOf\":{\"@id\":\"https:\/\/beebipood.ee\/ru\/#website\"},\"primaryImageOfPage\":{\"@id\":\"https:\/\/beebipood.ee\/ru\/produkt\/tutti-bambini-cozee-luxe-beebihall-voodi-korvale-walnut-slate\/#primaryimage\"},\"image\":{\"@id\":\"https:\/\/beebipood.ee\/ru\/produkt\/tutti-bambini-cozee-luxe-beebihall-voodi-korvale-walnut-slate\/#primaryimage\"},\"thumbnailUrl\":\"https:\/\/beebipood.ee\/wp-content\/uploads\/2013\/09\/Tutti-Bambini-CoZee-Luxe-beebihall-voodi-korvale-WalnutSlate-Beebivoodid-reisivoodid-hallid-Hallid-ja-vooditaskud-UUED-TOOTED-Lastemoobel-ja-sisustus_10-f96.jpg\",\"datePublished\":\"2013-09-02T10:48:42+00:00\",\"dateModified\":\"2025-03-30T22:00:33+00:00\",\"description\":\"Tutti Bambini CoZee Luxe beebih\u00e4ll voodi k\u00f5rvale, Walnut-Slate, Luksuslike disainielementide ja oman&auml;olise v&auml;rvipaletiga CoZee Luxe beebih&auml;l\",\"breadcrumb\":{\"@id\":\"https:\/\/beebipood.ee\/ru\/produkt\/tutti-bambini-cozee-luxe-beebihall-voodi-korvale-walnut-slate\/#breadcrumb\"},\"inLanguage\":\"ru-RU\",\"potentialAction\":[{\"@type\":\"ReadAction\",\"target\":[\"https:\/\/beebipood.ee\/ru\/produkt\/tutti-bambini-cozee-luxe-beebihall-voodi-korvale-walnut-slate\/\"]}]},{\"@type\":\"ImageObject\",\"inLanguage\":\"ru-RU\",\"@id\":\"https:\/\/beebipood.ee\/ru\/produkt\/tutti-bambini-cozee-luxe-beebihall-voodi-korvale-walnut-slate\/#primaryimage\",\"url\":\"https:\/\/beebipood.ee\/wp-content\/uploads\/2013\/09\/Tutti-Bambini-CoZee-Luxe-beebihall-voodi-korvale-WalnutSlate-Beebivoodid-reisivoodid-hallid-Hallid-ja-vooditaskud-UUED-TOOTED-Lastemoobel-ja-sisustus_10-f96.jpg\",\"contentUrl\":\"https:\/\/beebipood.ee\/wp-content\/uploads\/2013\/09\/Tutti-Bambini-CoZee-Luxe-beebihall-voodi-korvale-WalnutSlate-Beebivoodid-reisivoodid-hallid-Hallid-ja-vooditaskud-UUED-TOOTED-Lastemoobel-ja-sisustus_10-f96.jpg\",\"width\":1000,\"height\":1000},{\"@type\":\"BreadcrumbList\",\"@id\":\"https:\/\/beebipood.ee\/ru\/produkt\/tutti-bambini-cozee-luxe-beebihall-voodi-korvale-walnut-slate\/#breadcrumb\",\"itemListElement\":[{\"@type\":\"ListItem\",\"position\":1,\"name\":\"Home\",\"item\":\"https:\/\/beebipood.ee\/ru\/\"},{\"@type\":\"ListItem\",\"position\":2,\"name\":\"\u041a\u0430\u0442\u0430\u043b\u043e\u0433 \u0442\u043e\u0432\u0430\u0440\u043e\u0432\",\"item\":\"https:\/\/beebipood.ee\/tooted\/\"},{\"@type\":\"ListItem\",\"position\":3,\"name\":\"Tutti Bambini CoZee Luxe beebih\u00e4ll voodi k\u00f5rvale, Walnut-Slate\"}]},{\"@type\":\"WebSite\",\"@id\":\"https:\/\/beebipood.ee\/ru\/#website\",\"url\":\"https:\/\/beebipood.ee\/ru\/\",\"name\":\"Beebipood\",\"description\":\"Lastekaubad, beebikaubad, m\u00e4nguasjad\",\"publisher\":{\"@id\":\"https:\/\/beebipood.ee\/ru\/#organization\"},\"potentialAction\":[{\"@type\":\"SearchAction\",\"target\":{\"@type\":\"EntryPoint\",\"urlTemplate\":\"https:\/\/beebipood.ee\/ru\/?s={search_term_string}\"},\"query-input\":{\"@type\":\"PropertyValueSpecification\",\"valueRequired\":true,\"valueName\":\"search_term_string\"}}],\"inLanguage\":\"ru-RU\"},{\"@type\":\"Organization\",\"@id\":\"https:\/\/beebipood.ee\/ru\/#organization\",\"name\":\"Beebipood\",\"url\":\"https:\/\/beebipood.ee\/ru\/\",\"logo\":{\"@type\":\"ImageObject\",\"inLanguage\":\"ru-RU\",\"@id\":\"https:\/\/beebipood.ee\/ru\/#\/schema\/logo\/image\/\",\"url\":\"https:\/\/beebipood.ee\/wp-content\/uploads\/2025\/03\/beebipood.ee-logo-1.svg\",\"contentUrl\":\"https:\/\/beebipood.ee\/wp-content\/uploads\/2025\/03\/beebipood.ee-logo-1.svg\",\"caption\":\"Beebipood\"},\"image\":{\"@id\":\"https:\/\/beebipood.ee\/ru\/#\/schema\/logo\/image\/\"}}]}<\/script>\n<!-- \/ Yoast SEO plugin. -->","yoast_head_json":{"title":"Tutti Bambini CoZee Luxe beebih\u00e4ll voodi k\u00f5rvale, Walnut-Slate, \u0414\u0435\u0442\u0441\u043a\u0438e \u043a\u0440\u043e\u0432\u0430\u0442\u043a\u0438, \u043f\u0435\u0440\u0435\u043d\u043e\u0441\u043d\u044b\u0435 \u043a\u0440\u043e\u0432\u0430\u0442\u043a\u0438, \u043b\u044e\u043b\u044c\u043a\u0438, \u041b\u044e\u043b\u044c\u043a\u0438 \u0438 \u043a\u0430\u0440\u043c\u0430\u0448\u043a\u0438 \u0434\u043b\u044f \u043a\u0440\u043e\u0432\u0430\u0442\u043a\u0438, \u0421\u041a\u0418\u0414\u041a\u0418, \u0428\u0438\u0440\u0438\u043d\u043e\u0439 \u0434\u043e 160 \u0441\u043c , M\u0435\u0431\u0435\u043b\u044c, Beebipood","description":"Tutti Bambini CoZee Luxe beebih\u00e4ll voodi k\u00f5rvale, Walnut-Slate, Luksuslike disainielementide ja oman&auml;olise v&auml;rvipaletiga CoZee Luxe beebih&auml;l","robots":{"index":"index","follow":"follow","max-snippet":"max-snippet:-1","max-image-preview":"max-image-preview:large","max-video-preview":"max-video-preview:-1"},"canonical":"https:\/\/beebipood.ee\/ru\/produkt\/tutti-bambini-cozee-luxe-beebihall-voodi-korvale-walnut-slate\/","og_locale":"ru_RU","og_type":"article","og_title":"Tutti Bambini CoZee Luxe beebih\u00e4ll voodi k\u00f5rvale, Walnut-Slate, \u0414\u0435\u0442\u0441\u043a\u0438e \u043a\u0440\u043e\u0432\u0430\u0442\u043a\u0438, \u043f\u0435\u0440\u0435\u043d\u043e\u0441\u043d\u044b\u0435 \u043a\u0440\u043e\u0432\u0430\u0442\u043a\u0438, \u043b\u044e\u043b\u044c\u043a\u0438, \u041b\u044e\u043b\u044c\u043a\u0438 \u0438 \u043a\u0430\u0440\u043c\u0430\u0448\u043a\u0438 \u0434\u043b\u044f \u043a\u0440\u043e\u0432\u0430\u0442\u043a\u0438, \u0421\u041a\u0418\u0414\u041a\u0418, \u0428\u0438\u0440\u0438\u043d\u043e\u0439 \u0434\u043e 160 \u0441\u043c , M\u0435\u0431\u0435\u043b\u044c, Beebipood","og_description":"Tutti Bambini CoZee Luxe beebih\u00e4ll voodi k\u00f5rvale, Walnut-Slate, Luksuslike disainielementide ja oman&auml;olise v&auml;rvipaletiga CoZee Luxe beebih&auml;l","og_url":"https:\/\/beebipood.ee\/ru\/produkt\/tutti-bambini-cozee-luxe-beebihall-voodi-korvale-walnut-slate\/","og_site_name":"Beebipood","article_modified_time":"2025-03-30T22:00:33+00:00","og_image":[{"width":1000,"height":1000,"url":"https:\/\/beebipood.ee\/wp-content\/uploads\/2013\/09\/Tutti-Bambini-CoZee-Luxe-beebihall-voodi-korvale-WalnutSlate-Beebivoodid-reisivoodid-hallid-Hallid-ja-vooditaskud-UUED-TOOTED-Lastemoobel-ja-sisustus_10-f96.jpg","type":"image\/jpeg"}],"twitter_card":"summary_large_image","twitter_misc":{"\u041f\u0440\u0438\u043c\u0435\u0440\u043d\u043e\u0435 \u0432\u0440\u0435\u043c\u044f \u0434\u043b\u044f \u0447\u0442\u0435\u043d\u0438\u044f":"1 \u043c\u0438\u043d\u0443\u0442\u0430"},"schema":{"@context":"https:\/\/schema.org","@graph":[{"@type":"WebPage","@id":"https:\/\/beebipood.ee\/ru\/produkt\/tutti-bambini-cozee-luxe-beebihall-voodi-korvale-walnut-slate\/","url":"https:\/\/beebipood.ee\/ru\/produkt\/tutti-bambini-cozee-luxe-beebihall-voodi-korvale-walnut-slate\/","name":"Tutti Bambini CoZee Luxe beebih\u00e4ll voodi k\u00f5rvale, Walnut-Slate, \u0414\u0435\u0442\u0441\u043a\u0438e \u043a\u0440\u043e\u0432\u0430\u0442\u043a\u0438, \u043f\u0435\u0440\u0435\u043d\u043e\u0441\u043d\u044b\u0435 \u043a\u0440\u043e\u0432\u0430\u0442\u043a\u0438, \u043b\u044e\u043b\u044c\u043a\u0438, \u041b\u044e\u043b\u044c\u043a\u0438 \u0438 \u043a\u0430\u0440\u043c\u0430\u0448\u043a\u0438 \u0434\u043b\u044f \u043a\u0440\u043e\u0432\u0430\u0442\u043a\u0438, \u0421\u041a\u0418\u0414\u041a\u0418, \u0428\u0438\u0440\u0438\u043d\u043e\u0439 \u0434\u043e 160 \u0441\u043c , M\u0435\u0431\u0435\u043b\u044c, Beebipood","isPartOf":{"@id":"https:\/\/beebipood.ee\/ru\/#website"},"primaryImageOfPage":{"@id":"https:\/\/beebipood.ee\/ru\/produkt\/tutti-bambini-cozee-luxe-beebihall-voodi-korvale-walnut-slate\/#primaryimage"},"image":{"@id":"https:\/\/beebipood.ee\/ru\/produkt\/tutti-bambini-cozee-luxe-beebihall-voodi-korvale-walnut-slate\/#primaryimage"},"thumbnailUrl":"https:\/\/beebipood.ee\/wp-content\/uploads\/2013\/09\/Tutti-Bambini-CoZee-Luxe-beebihall-voodi-korvale-WalnutSlate-Beebivoodid-reisivoodid-hallid-Hallid-ja-vooditaskud-UUED-TOOTED-Lastemoobel-ja-sisustus_10-f96.jpg","datePublished":"2013-09-02T10:48:42+00:00","dateModified":"2025-03-30T22:00:33+00:00","description":"Tutti Bambini CoZee Luxe beebih\u00e4ll voodi k\u00f5rvale, Walnut-Slate, Luksuslike disainielementide ja oman&auml;olise v&auml;rvipaletiga CoZee Luxe beebih&auml;l","breadcrumb":{"@id":"https:\/\/beebipood.ee\/ru\/produkt\/tutti-bambini-cozee-luxe-beebihall-voodi-korvale-walnut-slate\/#breadcrumb"},"inLanguage":"ru-RU","potentialAction":[{"@type":"ReadAction","target":["https:\/\/beebipood.ee\/ru\/produkt\/tutti-bambini-cozee-luxe-beebihall-voodi-korvale-walnut-slate\/"]}]},{"@type":"ImageObject","inLanguage":"ru-RU","@id":"https:\/\/beebipood.ee\/ru\/produkt\/tutti-bambini-cozee-luxe-beebihall-voodi-korvale-walnut-slate\/#primaryimage","url":"https:\/\/beebipood.ee\/wp-content\/uploads\/2013\/09\/Tutti-Bambini-CoZee-Luxe-beebihall-voodi-korvale-WalnutSlate-Beebivoodid-reisivoodid-hallid-Hallid-ja-vooditaskud-UUED-TOOTED-Lastemoobel-ja-sisustus_10-f96.jpg","contentUrl":"https:\/\/beebipood.ee\/wp-content\/uploads\/2013\/09\/Tutti-Bambini-CoZee-Luxe-beebihall-voodi-korvale-WalnutSlate-Beebivoodid-reisivoodid-hallid-Hallid-ja-vooditaskud-UUED-TOOTED-Lastemoobel-ja-sisustus_10-f96.jpg","width":1000,"height":1000},{"@type":"BreadcrumbList","@id":"https:\/\/beebipood.ee\/ru\/produkt\/tutti-bambini-cozee-luxe-beebihall-voodi-korvale-walnut-slate\/#breadcrumb","itemListElement":[{"@type":"ListItem","position":1,"name":"Home","item":"https:\/\/beebipood.ee\/ru\/"},{"@type":"ListItem","position":2,"name":"\u041a\u0430\u0442\u0430\u043b\u043e\u0433 \u0442\u043e\u0432\u0430\u0440\u043e\u0432","item":"https:\/\/beebipood.ee\/tooted\/"},{"@type":"ListItem","position":3,"name":"Tutti Bambini CoZee Luxe beebih\u00e4ll voodi k\u00f5rvale, Walnut-Slate"}]},{"@type":"WebSite","@id":"https:\/\/beebipood.ee\/ru\/#website","url":"https:\/\/beebipood.ee\/ru\/","name":"Beebipood","description":"Lastekaubad, beebikaubad, m\u00e4nguasjad","publisher":{"@id":"https:\/\/beebipood.ee\/ru\/#organization"},"potentialAction":[{"@type":"SearchAction","target":{"@type":"EntryPoint","urlTemplate":"https:\/\/beebipood.ee\/ru\/?s={search_term_string}"},"query-input":{"@type":"PropertyValueSpecification","valueRequired":true,"valueName":"search_term_string"}}],"inLanguage":"ru-RU"},{"@type":"Organization","@id":"https:\/\/beebipood.ee\/ru\/#organization","name":"Beebipood","url":"https:\/\/beebipood.ee\/ru\/","logo":{"@type":"ImageObject","inLanguage":"ru-RU","@id":"https:\/\/beebipood.ee\/ru\/#\/schema\/logo\/image\/","url":"https:\/\/beebipood.ee\/wp-content\/uploads\/2025\/03\/beebipood.ee-logo-1.svg","contentUrl":"https:\/\/beebipood.ee\/wp-content\/uploads\/2025\/03\/beebipood.ee-logo-1.svg","caption":"Beebipood"},"image":{"@id":"https:\/\/beebipood.ee\/ru\/#\/schema\/logo\/image\/"}}]}},"brands":[],"_links":{"self":[{"href":"https:\/\/beebipood.ee\/ru\/wp-json\/wp\/v2\/product\/454560","targetHints":{"allow":["GET"]}}],"collection":[{"href":"https:\/\/beebipood.ee\/ru\/wp-json\/wp\/v2\/product"}],"about":[{"href":"https:\/\/beebipood.ee\/ru\/wp-json\/wp\/v2\/types\/product"}],"wp:featuredmedia":[{"embeddable":true,"href":"https:\/\/beebipood.ee\/ru\/wp-json\/wp\/v2\/media\/100848"}],"wp:attachment":[{"href":"https:\/\/beebipood.ee\/ru\/wp-json\/wp\/v2\/media?parent=454560"}],"wp:term":[{"taxonomy":"pwb-brand","embeddable":true,"href":"https:\/\/beebipood.ee\/ru\/wp-json\/wp\/v2\/pwb-brand?post=454560"},{"taxonomy":"product_brand","embeddable":true,"href":"https:\/\/beebipood.ee\/ru\/wp-json\/wp\/v2\/product_brand?post=454560"},{"taxonomy":"product_cat","embeddable":true,"href":"https:\/\/beebipood.ee\/ru\/wp-json\/wp\/v2\/product_cat?post=454560"},{"taxonomy":"product_tag","embeddable":true,"href":"https:\/\/beebipood.ee\/ru\/wp-json\/wp\/v2\/product_tag?post=454560"}],"curies":[{"name":"wp","href":"https:\/\/api.w.org\/{rel}","templated":true}]}}