{"id":454570,"date":"2013-09-02T13:48:58","date_gmt":"2013-09-02T10:48:58","guid":{"rendered":"https:\/\/beebipood.ee\/toode\/luma-beebivann-varvivalik\/"},"modified":"2025-01-09T10:52:18","modified_gmt":"2025-01-09T08:52:18","slug":"luma-beebivann-varvivalik","status":"publish","type":"product","link":"https:\/\/beebipood.ee\/ru\/produkt\/luma-beebivann-varvivalik\/","title":{"rendered":"Luma beebivann, v\u00e4rvivalik"},"content":{"rendered":"<p>Kaasaegse disainiga beebivann, mida saab kasutada iseseisvalt <br \/>v\u00f5i koos vannijalgadega (saadaval lisatarvikuna).<br \/><span style=\"text-decoration: underline;\">Omadused<\/span><br \/>Luma beebivanni on v\u00f5imalik kasutada p\u00f5randal v\u00f5i muul tasapinnal. <br \/>Samuti on v\u00f5imalik eraldi lisatarvikuna juurde osta vannijalad, <br \/>mis tagavad lapsevanemale \u00e4\u00e4rmiselt k\u00f5rge ja ergonoomilise asendi<br \/>Kaasaegne disain<br \/>Luma beebivannid on t\u00e4iustatud CLICK s\u00fcsteemiga, <br \/>t\u00e4nu millele saab vanni kinnitada jalgade k\u00fclge. <br \/>T\u00e4nu sellele p\u00fcsib vann paigal kogu vannitamise v\u00e4ltel<br \/>T\u00e4nu oma \u00fcmaratele nurkadele on seda vanni \u00e4\u00e4rmiselt lihtne ka puhastada<br \/>Vastab k\u00f5ikidele keskkonna- ja turvan\u00f5uetele<br \/>Vanni puhastamisel kasutada sooja vett ja seepi. <br \/>Mitte kasutada keemilisi puhastusvahendeid<br \/>Vannip\u00f5hjas on ka \u00e4ravoolu ava, mille kaudu saab vanni t\u00fchjendada<br \/>\u00c4ravoolu voolik on m\u00fc\u00fcgil eraldi!<br \/><span style=\"text-decoration: underline;\">N\u00e4itajad<\/span><br \/>M\u00f5\u00f5dud: 75 x 39 x 25cm (pikkus, laius, k\u00f5rgus)<br \/>Sisem\u00f5\u00f5dud: 50 x 28cm (p\u00f5hjapikkus, p\u00f5hjalaius)<br \/>K\u00f5rgus maapinnast: 100cm<br \/>Kasutamiseks lastele alates s\u00fcnnist kuni kaaluni 20kg<\/p>\n","protected":false},"excerpt":{"rendered":"<p>Kaasaegse disainiga beebivann, mida saab kasutada iseseisvalt v\u00f5i koos vannijalgadega (saadaval lisatarvikuna).OmadusedLuma beebivanni on v\u00f5imalik kasutada p\u00f5randal v\u00f5i muul tasapinnal. Samuti on v\u00f5imalik eraldi lisatarvikuna juurde osta vannijalad, mis tagavad lapsevanemale \u00e4\u00e4rmiselt k\u00f5rge ja ergonoomilise asendiKaasaegne disainLuma beebivannid on t\u00e4iustatud CLICK s\u00fcsteemiga, t\u00e4nu millele saab vanni kinnitada jalgade k\u00fclge. T\u00e4nu sellele p\u00fcsib vann paigal kogu [&hellip;]<\/p>\n","protected":false},"featured_media":507176,"template":"","meta":{"_acf_changed":false},"pwb-brand":[],"product_brand":[],"product_cat":[11811,11709],"product_tag":[],"class_list":{"0":"post-454570","1":"product","2":"type-product","3":"status-publish","4":"has-post-thumbnail","6":"product_cat-vannid-ja-vannitarbed-ru","7":"product_cat-sootmistoolid-beebi-ja-lastetarbed-mahkimine-hugieen-ru","9":"first","10":"onbackorder","11":"taxable","12":"shipping-taxable","13":"purchasable","14":"product-type-simple"},"exclude_global_add_ons":false,"addons":[{"name":"Vali v\u00e4rv","type":"multiple_choice","position":0,"required":true,"title_format":"heading","default":"","description_enable":false,"description":"","placeholder_enable":false,"placeholder":"","display":"images","restrictions_type":"any_text","adjust_price":false,"price":"","price_type":"flat_fee","restrictions":false,"min":"0","max":"0","options":[{"label":"Light Grey","price":"","price_type":"quantity_based","image":500999,"visibility":true},{"label":"Transparent","price":"","price_type":"quantity_based","image":501001,"visibility":true},{"label":"Blossom Pink","price":"","price_type":"quantity_based","image":501003,"visibility":true},{"label":"Dark Grey","price":"","price_type":"quantity_based","image":501005,"visibility":true},{"label":"Sage Green","price":"","price_type":"quantity_based","image":501007,"visibility":true},{"label":"Snow White","price":"","price_type":"quantity_based","image":501009,"visibility":true},{"label":"Speckle Lila","price":"","price_type":"quantity_based","image":501011,"visibility":true},{"label":"Speckle Mint","price":"","price_type":"quantity_based","image":501013,"visibility":true},{"label":"Speckle White","price":"","price_type":"quantity_based","image":501015,"visibility":true}]}],"acf":[],"yoast_head":"<!-- This site is optimized with the Yoast SEO plugin v27.3 - https:\/\/yoast.com\/product\/yoast-seo-wordpress\/ -->\n<title>Luma beebivann, v\u00e4rvivalik, \u041d\u041e\u0412\u042b\u0415 \u0422\u041e\u0412\u0410\u0420\u042b, \u041f\u0440\u0438\u043d\u0430\u0434\u043b\u0435\u0436\u043d\u043e\u0441\u0442\u0438 \u0434\u043b\u044f \u043c\u043b\u0430\u0434\u0435\u043d\u0446\u0435\u0432, \u0412\u0430\u043d\u043d\u044b \u0438 \u0430\u043a\u0441\u0435\u0441\u0441\u0443\u0430\u0440\u044b, Beebipood<\/title>\n<meta name=\"description\" content=\"Luma beebivann, v\u00e4rvivalik, Kaasaegse disainiga beebivann, mida saab kasutada iseseisvalt v&otilde;i koos vannijalgadega (saadaval lisatarvikuna).&lt;br\" \/>\n<meta name=\"robots\" content=\"index, follow, max-snippet:-1, max-image-preview:large, max-video-preview:-1\" \/>\n<link rel=\"canonical\" href=\"https:\/\/beebipood.ee\/ru\/produkt\/luma-beebivann-varvivalik\/\" \/>\n<meta property=\"og:locale\" content=\"ru_RU\" \/>\n<meta property=\"og:type\" content=\"article\" \/>\n<meta property=\"og:title\" content=\"Luma beebivann, v\u00e4rvivalik, \u041d\u041e\u0412\u042b\u0415 \u0422\u041e\u0412\u0410\u0420\u042b, \u041f\u0440\u0438\u043d\u0430\u0434\u043b\u0435\u0436\u043d\u043e\u0441\u0442\u0438 \u0434\u043b\u044f \u043c\u043b\u0430\u0434\u0435\u043d\u0446\u0435\u0432, \u0412\u0430\u043d\u043d\u044b \u0438 \u0430\u043a\u0441\u0435\u0441\u0441\u0443\u0430\u0440\u044b, Beebipood\" \/>\n<meta property=\"og:description\" content=\"Luma beebivann, v\u00e4rvivalik, Kaasaegse disainiga beebivann, mida saab kasutada iseseisvalt v&otilde;i koos vannijalgadega (saadaval lisatarvikuna).&lt;br\" \/>\n<meta property=\"og:url\" content=\"https:\/\/beebipood.ee\/ru\/produkt\/luma-beebivann-varvivalik\/\" \/>\n<meta property=\"og:site_name\" content=\"Beebipood\" \/>\n<meta property=\"article:modified_time\" content=\"2025-01-09T08:52:18+00:00\" \/>\n<meta property=\"og:image\" content=\"https:\/\/beebipood.ee\/wp-content\/uploads\/2013\/09\/Luma-beebivann-varvivalik-Voodipesu-Tekid-padjad-lisad_6-917.jpg\" \/>\n\t<meta property=\"og:image:width\" content=\"2126\" \/>\n\t<meta property=\"og:image:height\" content=\"2126\" \/>\n\t<meta property=\"og:image:type\" content=\"image\/jpeg\" \/>\n<meta name=\"twitter:card\" content=\"summary_large_image\" \/>\n<meta name=\"twitter:label1\" content=\"\u041f\u0440\u0438\u043c\u0435\u0440\u043d\u043e\u0435 \u0432\u0440\u0435\u043c\u044f \u0434\u043b\u044f \u0447\u0442\u0435\u043d\u0438\u044f\" \/>\n\t<meta name=\"twitter:data1\" content=\"1 \u043c\u0438\u043d\u0443\u0442\u0430\" \/>\n<script type=\"application\/ld+json\" class=\"yoast-schema-graph\">{\"@context\":\"https:\\\/\\\/schema.org\",\"@graph\":[{\"@type\":\"WebPage\",\"@id\":\"https:\\\/\\\/beebipood.ee\\\/ru\\\/produkt\\\/luma-beebivann-varvivalik\\\/\",\"url\":\"https:\\\/\\\/beebipood.ee\\\/ru\\\/produkt\\\/luma-beebivann-varvivalik\\\/\",\"name\":\"Luma beebivann, v\u00e4rvivalik, \u041d\u041e\u0412\u042b\u0415 \u0422\u041e\u0412\u0410\u0420\u042b, \u041f\u0440\u0438\u043d\u0430\u0434\u043b\u0435\u0436\u043d\u043e\u0441\u0442\u0438 \u0434\u043b\u044f \u043c\u043b\u0430\u0434\u0435\u043d\u0446\u0435\u0432, \u0412\u0430\u043d\u043d\u044b \u0438 \u0430\u043a\u0441\u0435\u0441\u0441\u0443\u0430\u0440\u044b, Beebipood\",\"isPartOf\":{\"@id\":\"https:\\\/\\\/beebipood.ee\\\/ru\\\/#website\"},\"primaryImageOfPage\":{\"@id\":\"https:\\\/\\\/beebipood.ee\\\/ru\\\/produkt\\\/luma-beebivann-varvivalik\\\/#primaryimage\"},\"image\":{\"@id\":\"https:\\\/\\\/beebipood.ee\\\/ru\\\/produkt\\\/luma-beebivann-varvivalik\\\/#primaryimage\"},\"thumbnailUrl\":\"https:\\\/\\\/beebipood.ee\\\/wp-content\\\/uploads\\\/2013\\\/09\\\/luma-beebivann-spiced-copper1.jpeg\",\"datePublished\":\"2013-09-02T10:48:58+00:00\",\"dateModified\":\"2025-01-09T08:52:18+00:00\",\"description\":\"Luma beebivann, v\u00e4rvivalik, Kaasaegse disainiga beebivann, mida saab kasutada iseseisvalt v&otilde;i koos vannijalgadega (saadaval lisatarvikuna).&lt;br\",\"breadcrumb\":{\"@id\":\"https:\\\/\\\/beebipood.ee\\\/ru\\\/produkt\\\/luma-beebivann-varvivalik\\\/#breadcrumb\"},\"inLanguage\":\"ru-RU\",\"potentialAction\":[{\"@type\":\"ReadAction\",\"target\":[\"https:\\\/\\\/beebipood.ee\\\/ru\\\/produkt\\\/luma-beebivann-varvivalik\\\/\"]}]},{\"@type\":\"ImageObject\",\"inLanguage\":\"ru-RU\",\"@id\":\"https:\\\/\\\/beebipood.ee\\\/ru\\\/produkt\\\/luma-beebivann-varvivalik\\\/#primaryimage\",\"url\":\"https:\\\/\\\/beebipood.ee\\\/wp-content\\\/uploads\\\/2013\\\/09\\\/luma-beebivann-spiced-copper1.jpeg\",\"contentUrl\":\"https:\\\/\\\/beebipood.ee\\\/wp-content\\\/uploads\\\/2013\\\/09\\\/luma-beebivann-spiced-copper1.jpeg\",\"width\":1200,\"height\":1200},{\"@type\":\"BreadcrumbList\",\"@id\":\"https:\\\/\\\/beebipood.ee\\\/ru\\\/produkt\\\/luma-beebivann-varvivalik\\\/#breadcrumb\",\"itemListElement\":[{\"@type\":\"ListItem\",\"position\":1,\"name\":\"Home\",\"item\":\"https:\\\/\\\/beebipood.ee\\\/ru\\\/\"},{\"@type\":\"ListItem\",\"position\":2,\"name\":\"\u041a\u0430\u0442\u0430\u043b\u043e\u0433 \u0442\u043e\u0432\u0430\u0440\u043e\u0432\",\"item\":\"https:\\\/\\\/beebipood.ee\\\/tooted\\\/\"},{\"@type\":\"ListItem\",\"position\":3,\"name\":\"Luma beebivann, v\u00e4rvivalik\"}]},{\"@type\":\"WebSite\",\"@id\":\"https:\\\/\\\/beebipood.ee\\\/ru\\\/#website\",\"url\":\"https:\\\/\\\/beebipood.ee\\\/ru\\\/\",\"name\":\"Beebipood\",\"description\":\"Lastekaubad, beebikaubad, m\u00e4nguasjad\",\"publisher\":{\"@id\":\"https:\\\/\\\/beebipood.ee\\\/ru\\\/#organization\"},\"potentialAction\":[{\"@type\":\"SearchAction\",\"target\":{\"@type\":\"EntryPoint\",\"urlTemplate\":\"https:\\\/\\\/beebipood.ee\\\/ru\\\/?s={search_term_string}\"},\"query-input\":{\"@type\":\"PropertyValueSpecification\",\"valueRequired\":true,\"valueName\":\"search_term_string\"}}],\"inLanguage\":\"ru-RU\"},{\"@type\":\"Organization\",\"@id\":\"https:\\\/\\\/beebipood.ee\\\/ru\\\/#organization\",\"name\":\"Beebipood\",\"url\":\"https:\\\/\\\/beebipood.ee\\\/ru\\\/\",\"logo\":{\"@type\":\"ImageObject\",\"inLanguage\":\"ru-RU\",\"@id\":\"https:\\\/\\\/beebipood.ee\\\/ru\\\/#\\\/schema\\\/logo\\\/image\\\/\",\"url\":\"https:\\\/\\\/beebipood.ee\\\/wp-content\\\/uploads\\\/2025\\\/03\\\/beebipood.ee-logo-1.svg\",\"contentUrl\":\"https:\\\/\\\/beebipood.ee\\\/wp-content\\\/uploads\\\/2025\\\/03\\\/beebipood.ee-logo-1.svg\",\"caption\":\"Beebipood\"},\"image\":{\"@id\":\"https:\\\/\\\/beebipood.ee\\\/ru\\\/#\\\/schema\\\/logo\\\/image\\\/\"}}]}<\/script>\n<!-- \/ Yoast SEO plugin. -->","yoast_head_json":{"title":"Luma beebivann, v\u00e4rvivalik, \u041d\u041e\u0412\u042b\u0415 \u0422\u041e\u0412\u0410\u0420\u042b, \u041f\u0440\u0438\u043d\u0430\u0434\u043b\u0435\u0436\u043d\u043e\u0441\u0442\u0438 \u0434\u043b\u044f \u043c\u043b\u0430\u0434\u0435\u043d\u0446\u0435\u0432, \u0412\u0430\u043d\u043d\u044b \u0438 \u0430\u043a\u0441\u0435\u0441\u0441\u0443\u0430\u0440\u044b, Beebipood","description":"Luma beebivann, v\u00e4rvivalik, Kaasaegse disainiga beebivann, mida saab kasutada iseseisvalt v&otilde;i koos vannijalgadega (saadaval lisatarvikuna).&lt;br","robots":{"index":"index","follow":"follow","max-snippet":"max-snippet:-1","max-image-preview":"max-image-preview:large","max-video-preview":"max-video-preview:-1"},"canonical":"https:\/\/beebipood.ee\/ru\/produkt\/luma-beebivann-varvivalik\/","og_locale":"ru_RU","og_type":"article","og_title":"Luma beebivann, v\u00e4rvivalik, \u041d\u041e\u0412\u042b\u0415 \u0422\u041e\u0412\u0410\u0420\u042b, \u041f\u0440\u0438\u043d\u0430\u0434\u043b\u0435\u0436\u043d\u043e\u0441\u0442\u0438 \u0434\u043b\u044f \u043c\u043b\u0430\u0434\u0435\u043d\u0446\u0435\u0432, \u0412\u0430\u043d\u043d\u044b \u0438 \u0430\u043a\u0441\u0435\u0441\u0441\u0443\u0430\u0440\u044b, Beebipood","og_description":"Luma beebivann, v\u00e4rvivalik, Kaasaegse disainiga beebivann, mida saab kasutada iseseisvalt v&otilde;i koos vannijalgadega (saadaval lisatarvikuna).&lt;br","og_url":"https:\/\/beebipood.ee\/ru\/produkt\/luma-beebivann-varvivalik\/","og_site_name":"Beebipood","article_modified_time":"2025-01-09T08:52:18+00:00","og_image":[{"width":2126,"height":2126,"url":"https:\/\/beebipood.ee\/wp-content\/uploads\/2013\/09\/Luma-beebivann-varvivalik-Voodipesu-Tekid-padjad-lisad_6-917.jpg","type":"image\/jpeg"}],"twitter_card":"summary_large_image","twitter_misc":{"\u041f\u0440\u0438\u043c\u0435\u0440\u043d\u043e\u0435 \u0432\u0440\u0435\u043c\u044f \u0434\u043b\u044f \u0447\u0442\u0435\u043d\u0438\u044f":"1 \u043c\u0438\u043d\u0443\u0442\u0430"},"schema":{"@context":"https:\/\/schema.org","@graph":[{"@type":"WebPage","@id":"https:\/\/beebipood.ee\/ru\/produkt\/luma-beebivann-varvivalik\/","url":"https:\/\/beebipood.ee\/ru\/produkt\/luma-beebivann-varvivalik\/","name":"Luma beebivann, v\u00e4rvivalik, \u041d\u041e\u0412\u042b\u0415 \u0422\u041e\u0412\u0410\u0420\u042b, \u041f\u0440\u0438\u043d\u0430\u0434\u043b\u0435\u0436\u043d\u043e\u0441\u0442\u0438 \u0434\u043b\u044f \u043c\u043b\u0430\u0434\u0435\u043d\u0446\u0435\u0432, \u0412\u0430\u043d\u043d\u044b \u0438 \u0430\u043a\u0441\u0435\u0441\u0441\u0443\u0430\u0440\u044b, Beebipood","isPartOf":{"@id":"https:\/\/beebipood.ee\/ru\/#website"},"primaryImageOfPage":{"@id":"https:\/\/beebipood.ee\/ru\/produkt\/luma-beebivann-varvivalik\/#primaryimage"},"image":{"@id":"https:\/\/beebipood.ee\/ru\/produkt\/luma-beebivann-varvivalik\/#primaryimage"},"thumbnailUrl":"https:\/\/beebipood.ee\/wp-content\/uploads\/2013\/09\/luma-beebivann-spiced-copper1.jpeg","datePublished":"2013-09-02T10:48:58+00:00","dateModified":"2025-01-09T08:52:18+00:00","description":"Luma beebivann, v\u00e4rvivalik, Kaasaegse disainiga beebivann, mida saab kasutada iseseisvalt v&otilde;i koos vannijalgadega (saadaval lisatarvikuna).&lt;br","breadcrumb":{"@id":"https:\/\/beebipood.ee\/ru\/produkt\/luma-beebivann-varvivalik\/#breadcrumb"},"inLanguage":"ru-RU","potentialAction":[{"@type":"ReadAction","target":["https:\/\/beebipood.ee\/ru\/produkt\/luma-beebivann-varvivalik\/"]}]},{"@type":"ImageObject","inLanguage":"ru-RU","@id":"https:\/\/beebipood.ee\/ru\/produkt\/luma-beebivann-varvivalik\/#primaryimage","url":"https:\/\/beebipood.ee\/wp-content\/uploads\/2013\/09\/luma-beebivann-spiced-copper1.jpeg","contentUrl":"https:\/\/beebipood.ee\/wp-content\/uploads\/2013\/09\/luma-beebivann-spiced-copper1.jpeg","width":1200,"height":1200},{"@type":"BreadcrumbList","@id":"https:\/\/beebipood.ee\/ru\/produkt\/luma-beebivann-varvivalik\/#breadcrumb","itemListElement":[{"@type":"ListItem","position":1,"name":"Home","item":"https:\/\/beebipood.ee\/ru\/"},{"@type":"ListItem","position":2,"name":"\u041a\u0430\u0442\u0430\u043b\u043e\u0433 \u0442\u043e\u0432\u0430\u0440\u043e\u0432","item":"https:\/\/beebipood.ee\/tooted\/"},{"@type":"ListItem","position":3,"name":"Luma beebivann, v\u00e4rvivalik"}]},{"@type":"WebSite","@id":"https:\/\/beebipood.ee\/ru\/#website","url":"https:\/\/beebipood.ee\/ru\/","name":"Beebipood","description":"Lastekaubad, beebikaubad, m\u00e4nguasjad","publisher":{"@id":"https:\/\/beebipood.ee\/ru\/#organization"},"potentialAction":[{"@type":"SearchAction","target":{"@type":"EntryPoint","urlTemplate":"https:\/\/beebipood.ee\/ru\/?s={search_term_string}"},"query-input":{"@type":"PropertyValueSpecification","valueRequired":true,"valueName":"search_term_string"}}],"inLanguage":"ru-RU"},{"@type":"Organization","@id":"https:\/\/beebipood.ee\/ru\/#organization","name":"Beebipood","url":"https:\/\/beebipood.ee\/ru\/","logo":{"@type":"ImageObject","inLanguage":"ru-RU","@id":"https:\/\/beebipood.ee\/ru\/#\/schema\/logo\/image\/","url":"https:\/\/beebipood.ee\/wp-content\/uploads\/2025\/03\/beebipood.ee-logo-1.svg","contentUrl":"https:\/\/beebipood.ee\/wp-content\/uploads\/2025\/03\/beebipood.ee-logo-1.svg","caption":"Beebipood"},"image":{"@id":"https:\/\/beebipood.ee\/ru\/#\/schema\/logo\/image\/"}}]}},"brands":[],"_links":{"self":[{"href":"https:\/\/beebipood.ee\/ru\/wp-json\/wp\/v2\/product\/454570","targetHints":{"allow":["GET"]}}],"collection":[{"href":"https:\/\/beebipood.ee\/ru\/wp-json\/wp\/v2\/product"}],"about":[{"href":"https:\/\/beebipood.ee\/ru\/wp-json\/wp\/v2\/types\/product"}],"wp:featuredmedia":[{"embeddable":true,"href":"https:\/\/beebipood.ee\/ru\/wp-json\/wp\/v2\/media\/507176"}],"wp:attachment":[{"href":"https:\/\/beebipood.ee\/ru\/wp-json\/wp\/v2\/media?parent=454570"}],"wp:term":[{"taxonomy":"pwb-brand","embeddable":true,"href":"https:\/\/beebipood.ee\/ru\/wp-json\/wp\/v2\/pwb-brand?post=454570"},{"taxonomy":"product_brand","embeddable":true,"href":"https:\/\/beebipood.ee\/ru\/wp-json\/wp\/v2\/product_brand?post=454570"},{"taxonomy":"product_cat","embeddable":true,"href":"https:\/\/beebipood.ee\/ru\/wp-json\/wp\/v2\/product_cat?post=454570"},{"taxonomy":"product_tag","embeddable":true,"href":"https:\/\/beebipood.ee\/ru\/wp-json\/wp\/v2\/product_tag?post=454570"}],"curies":[{"name":"wp","href":"https:\/\/api.w.org\/{rel}","templated":true}]}}