{"id":454580,"date":"2013-09-02T13:49:17","date_gmt":"2013-09-02T10:49:17","guid":{"rendered":"https:\/\/beebipood.ee\/toode\/puuvillane-fliis-tekk-75x100-beige\/"},"modified":"2025-01-09T10:52:17","modified_gmt":"2025-01-09T08:52:17","slug":"puuvillane-fliis-tekk-75x100-beige","status":"publish","type":"product","link":"https:\/\/beebipood.ee\/ru\/produkt\/puuvillane-fliis-tekk-75x100-beige\/","title":{"rendered":"Puuvillane Fliis tekk 75&#215;100, Beige"},"content":{"rendered":"<p>Puuvillane fliistekk teie lapsele uinaku, jalutusk\u00e4igu v\u00f5i reisi ajal. <br \/>Sobib igal aastaajal.<br \/>Tekk on valmistatud puuvillasest fliisist. <br \/>Puuvillane fliis on kangas, mis on valmistatud 100% orgaanilisest puuvillast. <br \/>See kangas soe, pehme ja katsudes \u00f5rn ning imab h\u00e4sti niiskust <br \/>ja sellel on termoregulatsiooni omadused. <br \/>Ei \u00e4rrita beebi \u00f5rna nahka ja laseb tal vabalt hingata, pakkudes sooja.<br \/>Kanga suur tihedus muudab teki vastupidavaks.<br \/>Teki servad on viimistletud puuvillase \u00e4\u00e4risega.<br \/>Tootel on Oeko-Tex sertifikaat, mis tagab turvalisuse k\u00f5ige pisematele.<br \/>Teki m\u00f5\u00f5dud: 75 x 100 cm.<br \/>Koostis: 100% puuvill<\/p>\n","protected":false},"excerpt":{"rendered":"<p>Puuvillane fliistekk teie lapsele uinaku, jalutusk\u00e4igu v\u00f5i reisi ajal. Sobib igal aastaajal.Tekk on valmistatud puuvillasest fliisist. Puuvillane fliis on kangas, mis on valmistatud 100% orgaanilisest puuvillast. See kangas soe, pehme ja katsudes \u00f5rn ning imab h\u00e4sti niiskust ja sellel on termoregulatsiooni omadused. Ei \u00e4rrita beebi \u00f5rna nahka ja laseb tal vabalt hingata, pakkudes sooja.Kanga suur [&hellip;]<\/p>\n","protected":false},"featured_media":100905,"template":"","meta":{"_acf_changed":false},"pwb-brand":[],"product_brand":[],"product_cat":[11613,11763,11789],"product_tag":[],"class_list":{"0":"post-454580","1":"product","2":"type-product","3":"status-publish","4":"has-post-thumbnail","6":"product_cat-voodipesu-ru","7":"product_cat-tekid-padjad-lisad-ru","8":"product_cat-lastemoobel-ja-sisustus-ru","10":"first","11":"onbackorder","12":"taxable","13":"shipping-taxable","14":"purchasable","15":"product-type-simple"},"exclude_global_add_ons":[],"addons":[],"acf":[],"yoast_head":"<!-- This site is optimized with the Yoast SEO plugin v27.1.1 - https:\/\/yoast.com\/product\/yoast-seo-wordpress\/ -->\n<title>Puuvillane Fliis tekk 75x100, Beige, \u041f\u043e\u0441\u0442\u0435\u043b\u044c\u043d\u043e\u0435 \u0431\u0435\u043b\u044c\u0435, \u041e\u0434\u0435\u044f\u043b\u0430, \u043f\u043e\u0434\u0443\u0448\u043a\u0438, \u0434\u043e\u043f\u043e\u043b\u043d\u0435\u043d\u0438\u044f, M\u0435\u0431\u0435\u043b\u044c, Beebipood<\/title>\n<meta name=\"description\" content=\"Puuvillane Fliis tekk 75x100, Beige, Puuvillane fliistekk teie lapsele uinaku, jalutusk&auml;igu v&otilde;i reisi ajal. Sobib igal aastaajal.Tekk\" \/>\n<meta name=\"robots\" content=\"index, follow, max-snippet:-1, max-image-preview:large, max-video-preview:-1\" \/>\n<link rel=\"canonical\" href=\"https:\/\/beebipood.ee\/ru\/produkt\/puuvillane-fliis-tekk-75x100-beige\/\" \/>\n<meta property=\"og:locale\" content=\"ru_RU\" \/>\n<meta property=\"og:type\" content=\"article\" \/>\n<meta property=\"og:title\" content=\"Puuvillane Fliis tekk 75x100, Beige, \u041f\u043e\u0441\u0442\u0435\u043b\u044c\u043d\u043e\u0435 \u0431\u0435\u043b\u044c\u0435, \u041e\u0434\u0435\u044f\u043b\u0430, \u043f\u043e\u0434\u0443\u0448\u043a\u0438, \u0434\u043e\u043f\u043e\u043b\u043d\u0435\u043d\u0438\u044f, M\u0435\u0431\u0435\u043b\u044c, Beebipood\" \/>\n<meta property=\"og:description\" content=\"Puuvillane Fliis tekk 75x100, Beige, Puuvillane fliistekk teie lapsele uinaku, jalutusk&auml;igu v&otilde;i reisi ajal. Sobib igal aastaajal.Tekk\" \/>\n<meta property=\"og:url\" content=\"https:\/\/beebipood.ee\/ru\/produkt\/puuvillane-fliis-tekk-75x100-beige\/\" \/>\n<meta property=\"og:site_name\" content=\"Beebipood\" \/>\n<meta property=\"article:modified_time\" content=\"2025-01-09T08:52:17+00:00\" \/>\n<meta property=\"og:image\" content=\"https:\/\/beebipood.ee\/wp-content\/uploads\/2013\/09\/Puuvillane-Fliis-tekk-75x100-Beige-Voodipesu-Tekid-padjad-lisad-Lastemoobel-ja-sisustus_1-602.jpg\" \/>\n\t<meta property=\"og:image:width\" content=\"839\" \/>\n\t<meta property=\"og:image:height\" content=\"839\" \/>\n\t<meta property=\"og:image:type\" content=\"image\/jpeg\" \/>\n<meta name=\"twitter:card\" content=\"summary_large_image\" \/>\n<script type=\"application\/ld+json\" class=\"yoast-schema-graph\">{\"@context\":\"https:\/\/schema.org\",\"@graph\":[{\"@type\":\"WebPage\",\"@id\":\"https:\/\/beebipood.ee\/ru\/produkt\/puuvillane-fliis-tekk-75x100-beige\/\",\"url\":\"https:\/\/beebipood.ee\/ru\/produkt\/puuvillane-fliis-tekk-75x100-beige\/\",\"name\":\"Puuvillane Fliis tekk 75x100, Beige, \u041f\u043e\u0441\u0442\u0435\u043b\u044c\u043d\u043e\u0435 \u0431\u0435\u043b\u044c\u0435, \u041e\u0434\u0435\u044f\u043b\u0430, \u043f\u043e\u0434\u0443\u0448\u043a\u0438, \u0434\u043e\u043f\u043e\u043b\u043d\u0435\u043d\u0438\u044f, M\u0435\u0431\u0435\u043b\u044c, Beebipood\",\"isPartOf\":{\"@id\":\"https:\/\/beebipood.ee\/ru\/#website\"},\"primaryImageOfPage\":{\"@id\":\"https:\/\/beebipood.ee\/ru\/produkt\/puuvillane-fliis-tekk-75x100-beige\/#primaryimage\"},\"image\":{\"@id\":\"https:\/\/beebipood.ee\/ru\/produkt\/puuvillane-fliis-tekk-75x100-beige\/#primaryimage\"},\"thumbnailUrl\":\"https:\/\/beebipood.ee\/wp-content\/uploads\/2013\/09\/Puuvillane-Fliis-tekk-75x100-Beige-Voodipesu-Tekid-padjad-lisad-Lastemoobel-ja-sisustus_1-602.jpg\",\"datePublished\":\"2013-09-02T10:49:17+00:00\",\"dateModified\":\"2025-01-09T08:52:17+00:00\",\"description\":\"Puuvillane Fliis tekk 75x100, Beige, Puuvillane fliistekk teie lapsele uinaku, jalutusk&auml;igu v&otilde;i reisi ajal. Sobib igal aastaajal.Tekk\",\"breadcrumb\":{\"@id\":\"https:\/\/beebipood.ee\/ru\/produkt\/puuvillane-fliis-tekk-75x100-beige\/#breadcrumb\"},\"inLanguage\":\"ru-RU\",\"potentialAction\":[{\"@type\":\"ReadAction\",\"target\":[\"https:\/\/beebipood.ee\/ru\/produkt\/puuvillane-fliis-tekk-75x100-beige\/\"]}]},{\"@type\":\"ImageObject\",\"inLanguage\":\"ru-RU\",\"@id\":\"https:\/\/beebipood.ee\/ru\/produkt\/puuvillane-fliis-tekk-75x100-beige\/#primaryimage\",\"url\":\"https:\/\/beebipood.ee\/wp-content\/uploads\/2013\/09\/Puuvillane-Fliis-tekk-75x100-Beige-Voodipesu-Tekid-padjad-lisad-Lastemoobel-ja-sisustus_1-602.jpg\",\"contentUrl\":\"https:\/\/beebipood.ee\/wp-content\/uploads\/2013\/09\/Puuvillane-Fliis-tekk-75x100-Beige-Voodipesu-Tekid-padjad-lisad-Lastemoobel-ja-sisustus_1-602.jpg\",\"width\":839,\"height\":839},{\"@type\":\"BreadcrumbList\",\"@id\":\"https:\/\/beebipood.ee\/ru\/produkt\/puuvillane-fliis-tekk-75x100-beige\/#breadcrumb\",\"itemListElement\":[{\"@type\":\"ListItem\",\"position\":1,\"name\":\"Home\",\"item\":\"https:\/\/beebipood.ee\/ru\/\"},{\"@type\":\"ListItem\",\"position\":2,\"name\":\"\u041a\u0430\u0442\u0430\u043b\u043e\u0433 \u0442\u043e\u0432\u0430\u0440\u043e\u0432\",\"item\":\"https:\/\/beebipood.ee\/tooted\/\"},{\"@type\":\"ListItem\",\"position\":3,\"name\":\"Puuvillane Fliis tekk 75&#215;100, Beige\"}]},{\"@type\":\"WebSite\",\"@id\":\"https:\/\/beebipood.ee\/ru\/#website\",\"url\":\"https:\/\/beebipood.ee\/ru\/\",\"name\":\"Beebipood\",\"description\":\"Lastekaubad, beebikaubad, m\u00e4nguasjad\",\"publisher\":{\"@id\":\"https:\/\/beebipood.ee\/ru\/#organization\"},\"potentialAction\":[{\"@type\":\"SearchAction\",\"target\":{\"@type\":\"EntryPoint\",\"urlTemplate\":\"https:\/\/beebipood.ee\/ru\/?s={search_term_string}\"},\"query-input\":{\"@type\":\"PropertyValueSpecification\",\"valueRequired\":true,\"valueName\":\"search_term_string\"}}],\"inLanguage\":\"ru-RU\"},{\"@type\":\"Organization\",\"@id\":\"https:\/\/beebipood.ee\/ru\/#organization\",\"name\":\"Beebipood\",\"url\":\"https:\/\/beebipood.ee\/ru\/\",\"logo\":{\"@type\":\"ImageObject\",\"inLanguage\":\"ru-RU\",\"@id\":\"https:\/\/beebipood.ee\/ru\/#\/schema\/logo\/image\/\",\"url\":\"https:\/\/beebipood.ee\/wp-content\/uploads\/2025\/03\/beebipood.ee-logo-1.svg\",\"contentUrl\":\"https:\/\/beebipood.ee\/wp-content\/uploads\/2025\/03\/beebipood.ee-logo-1.svg\",\"caption\":\"Beebipood\"},\"image\":{\"@id\":\"https:\/\/beebipood.ee\/ru\/#\/schema\/logo\/image\/\"}}]}<\/script>\n<!-- \/ Yoast SEO plugin. -->","yoast_head_json":{"title":"Puuvillane Fliis tekk 75x100, Beige, \u041f\u043e\u0441\u0442\u0435\u043b\u044c\u043d\u043e\u0435 \u0431\u0435\u043b\u044c\u0435, \u041e\u0434\u0435\u044f\u043b\u0430, \u043f\u043e\u0434\u0443\u0448\u043a\u0438, \u0434\u043e\u043f\u043e\u043b\u043d\u0435\u043d\u0438\u044f, M\u0435\u0431\u0435\u043b\u044c, Beebipood","description":"Puuvillane Fliis tekk 75x100, Beige, Puuvillane fliistekk teie lapsele uinaku, jalutusk&auml;igu v&otilde;i reisi ajal. Sobib igal aastaajal.Tekk","robots":{"index":"index","follow":"follow","max-snippet":"max-snippet:-1","max-image-preview":"max-image-preview:large","max-video-preview":"max-video-preview:-1"},"canonical":"https:\/\/beebipood.ee\/ru\/produkt\/puuvillane-fliis-tekk-75x100-beige\/","og_locale":"ru_RU","og_type":"article","og_title":"Puuvillane Fliis tekk 75x100, Beige, \u041f\u043e\u0441\u0442\u0435\u043b\u044c\u043d\u043e\u0435 \u0431\u0435\u043b\u044c\u0435, \u041e\u0434\u0435\u044f\u043b\u0430, \u043f\u043e\u0434\u0443\u0448\u043a\u0438, \u0434\u043e\u043f\u043e\u043b\u043d\u0435\u043d\u0438\u044f, M\u0435\u0431\u0435\u043b\u044c, Beebipood","og_description":"Puuvillane Fliis tekk 75x100, Beige, Puuvillane fliistekk teie lapsele uinaku, jalutusk&auml;igu v&otilde;i reisi ajal. Sobib igal aastaajal.Tekk","og_url":"https:\/\/beebipood.ee\/ru\/produkt\/puuvillane-fliis-tekk-75x100-beige\/","og_site_name":"Beebipood","article_modified_time":"2025-01-09T08:52:17+00:00","og_image":[{"width":839,"height":839,"url":"https:\/\/beebipood.ee\/wp-content\/uploads\/2013\/09\/Puuvillane-Fliis-tekk-75x100-Beige-Voodipesu-Tekid-padjad-lisad-Lastemoobel-ja-sisustus_1-602.jpg","type":"image\/jpeg"}],"twitter_card":"summary_large_image","schema":{"@context":"https:\/\/schema.org","@graph":[{"@type":"WebPage","@id":"https:\/\/beebipood.ee\/ru\/produkt\/puuvillane-fliis-tekk-75x100-beige\/","url":"https:\/\/beebipood.ee\/ru\/produkt\/puuvillane-fliis-tekk-75x100-beige\/","name":"Puuvillane Fliis tekk 75x100, Beige, \u041f\u043e\u0441\u0442\u0435\u043b\u044c\u043d\u043e\u0435 \u0431\u0435\u043b\u044c\u0435, \u041e\u0434\u0435\u044f\u043b\u0430, \u043f\u043e\u0434\u0443\u0448\u043a\u0438, \u0434\u043e\u043f\u043e\u043b\u043d\u0435\u043d\u0438\u044f, M\u0435\u0431\u0435\u043b\u044c, Beebipood","isPartOf":{"@id":"https:\/\/beebipood.ee\/ru\/#website"},"primaryImageOfPage":{"@id":"https:\/\/beebipood.ee\/ru\/produkt\/puuvillane-fliis-tekk-75x100-beige\/#primaryimage"},"image":{"@id":"https:\/\/beebipood.ee\/ru\/produkt\/puuvillane-fliis-tekk-75x100-beige\/#primaryimage"},"thumbnailUrl":"https:\/\/beebipood.ee\/wp-content\/uploads\/2013\/09\/Puuvillane-Fliis-tekk-75x100-Beige-Voodipesu-Tekid-padjad-lisad-Lastemoobel-ja-sisustus_1-602.jpg","datePublished":"2013-09-02T10:49:17+00:00","dateModified":"2025-01-09T08:52:17+00:00","description":"Puuvillane Fliis tekk 75x100, Beige, Puuvillane fliistekk teie lapsele uinaku, jalutusk&auml;igu v&otilde;i reisi ajal. Sobib igal aastaajal.Tekk","breadcrumb":{"@id":"https:\/\/beebipood.ee\/ru\/produkt\/puuvillane-fliis-tekk-75x100-beige\/#breadcrumb"},"inLanguage":"ru-RU","potentialAction":[{"@type":"ReadAction","target":["https:\/\/beebipood.ee\/ru\/produkt\/puuvillane-fliis-tekk-75x100-beige\/"]}]},{"@type":"ImageObject","inLanguage":"ru-RU","@id":"https:\/\/beebipood.ee\/ru\/produkt\/puuvillane-fliis-tekk-75x100-beige\/#primaryimage","url":"https:\/\/beebipood.ee\/wp-content\/uploads\/2013\/09\/Puuvillane-Fliis-tekk-75x100-Beige-Voodipesu-Tekid-padjad-lisad-Lastemoobel-ja-sisustus_1-602.jpg","contentUrl":"https:\/\/beebipood.ee\/wp-content\/uploads\/2013\/09\/Puuvillane-Fliis-tekk-75x100-Beige-Voodipesu-Tekid-padjad-lisad-Lastemoobel-ja-sisustus_1-602.jpg","width":839,"height":839},{"@type":"BreadcrumbList","@id":"https:\/\/beebipood.ee\/ru\/produkt\/puuvillane-fliis-tekk-75x100-beige\/#breadcrumb","itemListElement":[{"@type":"ListItem","position":1,"name":"Home","item":"https:\/\/beebipood.ee\/ru\/"},{"@type":"ListItem","position":2,"name":"\u041a\u0430\u0442\u0430\u043b\u043e\u0433 \u0442\u043e\u0432\u0430\u0440\u043e\u0432","item":"https:\/\/beebipood.ee\/tooted\/"},{"@type":"ListItem","position":3,"name":"Puuvillane Fliis tekk 75&#215;100, Beige"}]},{"@type":"WebSite","@id":"https:\/\/beebipood.ee\/ru\/#website","url":"https:\/\/beebipood.ee\/ru\/","name":"Beebipood","description":"Lastekaubad, beebikaubad, m\u00e4nguasjad","publisher":{"@id":"https:\/\/beebipood.ee\/ru\/#organization"},"potentialAction":[{"@type":"SearchAction","target":{"@type":"EntryPoint","urlTemplate":"https:\/\/beebipood.ee\/ru\/?s={search_term_string}"},"query-input":{"@type":"PropertyValueSpecification","valueRequired":true,"valueName":"search_term_string"}}],"inLanguage":"ru-RU"},{"@type":"Organization","@id":"https:\/\/beebipood.ee\/ru\/#organization","name":"Beebipood","url":"https:\/\/beebipood.ee\/ru\/","logo":{"@type":"ImageObject","inLanguage":"ru-RU","@id":"https:\/\/beebipood.ee\/ru\/#\/schema\/logo\/image\/","url":"https:\/\/beebipood.ee\/wp-content\/uploads\/2025\/03\/beebipood.ee-logo-1.svg","contentUrl":"https:\/\/beebipood.ee\/wp-content\/uploads\/2025\/03\/beebipood.ee-logo-1.svg","caption":"Beebipood"},"image":{"@id":"https:\/\/beebipood.ee\/ru\/#\/schema\/logo\/image\/"}}]}},"brands":[],"_links":{"self":[{"href":"https:\/\/beebipood.ee\/ru\/wp-json\/wp\/v2\/product\/454580","targetHints":{"allow":["GET"]}}],"collection":[{"href":"https:\/\/beebipood.ee\/ru\/wp-json\/wp\/v2\/product"}],"about":[{"href":"https:\/\/beebipood.ee\/ru\/wp-json\/wp\/v2\/types\/product"}],"wp:featuredmedia":[{"embeddable":true,"href":"https:\/\/beebipood.ee\/ru\/wp-json\/wp\/v2\/media\/100905"}],"wp:attachment":[{"href":"https:\/\/beebipood.ee\/ru\/wp-json\/wp\/v2\/media?parent=454580"}],"wp:term":[{"taxonomy":"pwb-brand","embeddable":true,"href":"https:\/\/beebipood.ee\/ru\/wp-json\/wp\/v2\/pwb-brand?post=454580"},{"taxonomy":"product_brand","embeddable":true,"href":"https:\/\/beebipood.ee\/ru\/wp-json\/wp\/v2\/product_brand?post=454580"},{"taxonomy":"product_cat","embeddable":true,"href":"https:\/\/beebipood.ee\/ru\/wp-json\/wp\/v2\/product_cat?post=454580"},{"taxonomy":"product_tag","embeddable":true,"href":"https:\/\/beebipood.ee\/ru\/wp-json\/wp\/v2\/product_tag?post=454580"}],"curies":[{"name":"wp","href":"https:\/\/api.w.org\/{rel}","templated":true}]}}