{"id":454594,"date":"2013-09-02T13:49:50","date_gmt":"2013-09-02T10:49:50","guid":{"rendered":"https:\/\/beebipood.ee\/toode\/tutti-bambini-cozee-xl-beebihall-voodi-korvale-oak-liqorice\/"},"modified":"2025-03-04T10:22:14","modified_gmt":"2025-03-04T08:22:14","slug":"tutti-bambini-cozee-xl-beebihall-voodi-korvale-oak-liqorice","status":"publish","type":"product","link":"https:\/\/beebipood.ee\/ru\/produkt\/tutti-bambini-cozee-xl-beebihall-voodi-korvale-oak-liqorice\/","title":{"rendered":"Tutti Bambini CoZee XL beebih\u00e4ll voodi k\u00f5rvale, Scandinavian Walnut-Ecru"},"content":{"rendered":"<p>CoZee XL voodi\u00e4\u00e4rne beebih\u00e4ll pakub funktsionaalsust, <br \/>mida vajate oma lapsega k\u00f5rvuti magamiseks alates s\u00fcnnist kuni umbes 6 kuu vanuseni <br \/>(seni kuni laps oskab iseseisvalt istuda) <br \/>ning samas revolutsioonilised laiendusraamid v\u00f5imaldavad <br \/>teil toote eluiga pikendada veel v\u00e4hemalt 18 kuu v\u00f5rra.<br \/>CoZee XL muutub beebih\u00e4llist tavaliseks beebivoodiks, <br \/>kuhu sisse mahub 60x120cm m\u00f5\u00f5dus madrats (ei kuulu komplekti). <br \/>Samale mudelile on v\u00f5imalik juurde osta ka Junior pikendus, <br \/>mis muudab beebivoodi mugavaks lastevoodiks ja diivaniks.<br \/><span style=\"text-decoration: underline;\">Omadused<\/span><br \/>V\u00f5imalik muuta beebih\u00e4llist suuremaks voodiks (60x120cm)<br \/>T\u00e4nu lisapaketile (Junior pikendus) on v\u00f5imalik seda toodet pikendada diivanilahenduseni v\u00e4lja<br \/>6 erinevat k\u00f5rgust<br \/>V\u00f5imalik seada \u00fcks pool k\u00f5rgemale, et leevendada refluksi ja k\u00fclmetuse s\u00fcmptomeid<br \/>Praktiline riiul, kus on v\u00f5imalik hoiustada niiskeid salvr\u00e4tikuid, m\u00e4hkimislinasid, m\u00e4nguasju jms<br \/>Tugev p\u00f5hi ja tugijalad tagavad turvalise \u00fclemineku beebih\u00e4llist kuni diivanini v\u00e4lja,<br \/>tagades mugavuse k\u00f5igis kasvuetappides<br \/>Kompaktselt kokkupandav<br \/>\u00dcks k\u00fclg on v\u00f5imalik alla lasta, et mugavalt s\u00e4ttida h\u00e4ll enda voodi k\u00f5rvale<br \/>Beebih\u00e4lli puuvillane sisevooder on eemaldatav ja pestav<br \/>Pehme ning toestav madrats tagab beebile parima une<br \/>Miks on kasulik, kui beebi magab teie k\u00f5rval?<br \/>Aitab luua ja tugevdada seda erilist sidet sinu ja beebi vahel<br \/>V\u00f5imaldab lihtsamini rinnaga toita<br \/>Pakub meelerahu, kuna laps on seal samas teie k\u00f5rval<br \/>Pakub beebile turvalist keskkonda vanemate magamistoas kuni 6. elukuuni<br \/><span style=\"text-decoration: underline;\">N\u00e4itajad<\/span><br \/>Beebih\u00e4lli m\u00f5\u00f5dud 90 x 55 x 69-84cm (pikkus, laius, k\u00f5rgus)<br \/>Beebivoodi m\u00f5\u00f5dud 131 x 66 x 84cm (pikkus, laius, k\u00f5rgus)<br \/>Beebih\u00e4lli kaal 12,5kg<br \/>Beebivoodi kaal 16,2kg<br \/>Madratsi suurus h\u00e4lli puhul 83 x 52 x 3cm<br \/>Madratsi suurus voodi puhul 60 x 120cm (ei kuulu komplekti)<br \/>Madratsik\u00f5rgused: <br \/>1: 49-52cm, <br \/>2: 52-55cm, <br \/>3: 55-58cm, <br \/>4: 58-61cm, <br \/>5: 61-64cm, <br \/>6: 64+cm<br \/>H\u00e4lliosa on kasutamiseks alates s\u00fcnnist kuni 6. elukuuni (kuniks laps hakkab iseseisvalt istuma)<br \/>Voodiosa on kasutamiseks kuni ca. 2. eluaastani<br \/>Sisevooder 100% puuvill<br \/>Vastab Euroopa turvastandardile BS EN 1130<\/p>\n","protected":false},"excerpt":{"rendered":"<p>CoZee XL voodi\u00e4\u00e4rne beebih\u00e4ll pakub funktsionaalsust, mida vajate oma lapsega k\u00f5rvuti magamiseks alates s\u00fcnnist kuni umbes 6 kuu vanuseni (seni kuni laps oskab iseseisvalt istuda) ning samas revolutsioonilised laiendusraamid v\u00f5imaldavad teil toote eluiga pikendada veel v\u00e4hemalt 18 kuu v\u00f5rra.CoZee XL muutub beebih\u00e4llist tavaliseks beebivoodiks, kuhu sisse mahub 60x120cm m\u00f5\u00f5dus madrats (ei kuulu komplekti). Samale mudelile [&hellip;]<\/p>\n","protected":false},"featured_media":147223,"template":"","meta":{"_acf_changed":false},"pwb-brand":[],"product_brand":[],"product_cat":[11571,11553,11789],"product_tag":[],"class_list":{"0":"post-454594","1":"product","2":"type-product","3":"status-publish","4":"has-post-thumbnail","6":"product_cat-hallid-ja-vooditaskud-ru","7":"product_cat-beebivoodid-reisivoodid-hallid-ru","8":"product_cat-lastemoobel-ja-sisustus-ru","10":"first","11":"onbackorder","12":"taxable","13":"shipping-taxable","14":"purchasable","15":"product-type-simple"},"exclude_global_add_ons":[],"addons":[],"acf":[],"yoast_head":"<!-- This site is optimized with the Yoast SEO plugin v27.1.1 - https:\/\/yoast.com\/product\/yoast-seo-wordpress\/ -->\n<title>Tutti Bambini CoZee XL beebih\u00e4ll voodi k\u00f5rvale, Scandinavian Walnut-Ecru, \u0414\u0435\u0442\u0441\u043a\u0438e \u043a\u0440\u043e\u0432\u0430\u0442\u043a\u0438, \u043f\u0435\u0440\u0435\u043d\u043e\u0441\u043d\u044b\u0435 \u043a\u0440\u043e\u0432\u0430\u0442\u043a\u0438, \u043b\u044e\u043b\u044c\u043a\u0438, \u041b\u044e\u043b\u044c\u043a\u0438 \u0438 \u043a\u0430\u0440\u043c\u0430\u0448\u043a\u0438 \u0434\u043b\u044f \u043a\u0440\u043e\u0432\u0430\u0442\u043a\u0438, \u0428\u0438\u0440\u0438\u043d\u043e\u0439 \u0434\u043e 160 \u0441\u043c , M\u0435\u0431\u0435\u043b\u044c, Beebipood<\/title>\n<meta name=\"description\" content=\"Tutti Bambini CoZee XL beebih\u00e4ll voodi k\u00f5rvale, Scandinavian Walnut-Ecru, CoZee XL voodi&auml;&auml;rne beebih&auml;ll pakub funktsionaalsust, mida v\" \/>\n<meta name=\"robots\" content=\"index, follow, max-snippet:-1, max-image-preview:large, max-video-preview:-1\" \/>\n<link rel=\"canonical\" href=\"https:\/\/beebipood.ee\/ru\/produkt\/tutti-bambini-cozee-xl-beebihall-voodi-korvale-oak-liqorice\/\" \/>\n<meta property=\"og:locale\" content=\"ru_RU\" \/>\n<meta property=\"og:type\" content=\"article\" \/>\n<meta property=\"og:title\" content=\"Tutti Bambini CoZee XL beebih\u00e4ll voodi k\u00f5rvale, Scandinavian Walnut-Ecru, \u0414\u0435\u0442\u0441\u043a\u0438e \u043a\u0440\u043e\u0432\u0430\u0442\u043a\u0438, \u043f\u0435\u0440\u0435\u043d\u043e\u0441\u043d\u044b\u0435 \u043a\u0440\u043e\u0432\u0430\u0442\u043a\u0438, \u043b\u044e\u043b\u044c\u043a\u0438, \u041b\u044e\u043b\u044c\u043a\u0438 \u0438 \u043a\u0430\u0440\u043c\u0430\u0448\u043a\u0438 \u0434\u043b\u044f \u043a\u0440\u043e\u0432\u0430\u0442\u043a\u0438, \u0428\u0438\u0440\u0438\u043d\u043e\u0439 \u0434\u043e 160 \u0441\u043c , M\u0435\u0431\u0435\u043b\u044c, Beebipood\" \/>\n<meta property=\"og:description\" content=\"Tutti Bambini CoZee XL beebih\u00e4ll voodi k\u00f5rvale, Scandinavian Walnut-Ecru, CoZee XL voodi&auml;&auml;rne beebih&auml;ll pakub funktsionaalsust, mida v\" \/>\n<meta property=\"og:url\" content=\"https:\/\/beebipood.ee\/ru\/produkt\/tutti-bambini-cozee-xl-beebihall-voodi-korvale-oak-liqorice\/\" \/>\n<meta property=\"og:site_name\" content=\"Beebipood\" \/>\n<meta property=\"article:modified_time\" content=\"2025-03-04T08:22:14+00:00\" \/>\n<meta property=\"og:image\" content=\"https:\/\/beebipood.ee\/wp-content\/uploads\/2013\/09\/Tutti-Bambini-CoZee-XL-beebihall-voodi-korvale-Scandinavian-WalnutEcru-Beebivoodid-reisivoodid-hallid-Hallid-ja-vooditaskud-Hallid-ja-vooditaskud-side-Lastemoobel-ja-sisustus_3-415.jpg\" \/>\n\t<meta property=\"og:image:width\" content=\"1280\" \/>\n\t<meta property=\"og:image:height\" content=\"1200\" \/>\n\t<meta property=\"og:image:type\" content=\"image\/jpeg\" \/>\n<meta name=\"twitter:card\" content=\"summary_large_image\" \/>\n<meta name=\"twitter:label1\" content=\"\u041f\u0440\u0438\u043c\u0435\u0440\u043d\u043e\u0435 \u0432\u0440\u0435\u043c\u044f \u0434\u043b\u044f \u0447\u0442\u0435\u043d\u0438\u044f\" \/>\n\t<meta name=\"twitter:data1\" content=\"2 \u043c\u0438\u043d\u0443\u0442\u044b\" \/>\n<script type=\"application\/ld+json\" class=\"yoast-schema-graph\">{\"@context\":\"https:\/\/schema.org\",\"@graph\":[{\"@type\":\"WebPage\",\"@id\":\"https:\/\/beebipood.ee\/ru\/produkt\/tutti-bambini-cozee-xl-beebihall-voodi-korvale-oak-liqorice\/\",\"url\":\"https:\/\/beebipood.ee\/ru\/produkt\/tutti-bambini-cozee-xl-beebihall-voodi-korvale-oak-liqorice\/\",\"name\":\"Tutti Bambini CoZee XL beebih\u00e4ll voodi k\u00f5rvale, Scandinavian Walnut-Ecru, \u0414\u0435\u0442\u0441\u043a\u0438e \u043a\u0440\u043e\u0432\u0430\u0442\u043a\u0438, \u043f\u0435\u0440\u0435\u043d\u043e\u0441\u043d\u044b\u0435 \u043a\u0440\u043e\u0432\u0430\u0442\u043a\u0438, \u043b\u044e\u043b\u044c\u043a\u0438, \u041b\u044e\u043b\u044c\u043a\u0438 \u0438 \u043a\u0430\u0440\u043c\u0430\u0448\u043a\u0438 \u0434\u043b\u044f \u043a\u0440\u043e\u0432\u0430\u0442\u043a\u0438, \u0428\u0438\u0440\u0438\u043d\u043e\u0439 \u0434\u043e 160 \u0441\u043c , M\u0435\u0431\u0435\u043b\u044c, Beebipood\",\"isPartOf\":{\"@id\":\"https:\/\/beebipood.ee\/ru\/#website\"},\"primaryImageOfPage\":{\"@id\":\"https:\/\/beebipood.ee\/ru\/produkt\/tutti-bambini-cozee-xl-beebihall-voodi-korvale-oak-liqorice\/#primaryimage\"},\"image\":{\"@id\":\"https:\/\/beebipood.ee\/ru\/produkt\/tutti-bambini-cozee-xl-beebihall-voodi-korvale-oak-liqorice\/#primaryimage\"},\"thumbnailUrl\":\"https:\/\/beebipood.ee\/wp-content\/uploads\/2013\/09\/Tutti-Bambini-CoZee-XL-beebihall-voodi-korvale-Scandinavian-WalnutEcru-Beebivoodid-reisivoodid-hallid-Hallid-ja-vooditaskud-Hallid-ja-vooditaskud-side-Lastemoobel-ja-sisustus_3-415.jpg\",\"datePublished\":\"2013-09-02T10:49:50+00:00\",\"dateModified\":\"2025-03-04T08:22:14+00:00\",\"description\":\"Tutti Bambini CoZee XL beebih\u00e4ll voodi k\u00f5rvale, Scandinavian Walnut-Ecru, CoZee XL voodi&auml;&auml;rne beebih&auml;ll pakub funktsionaalsust, mida v\",\"breadcrumb\":{\"@id\":\"https:\/\/beebipood.ee\/ru\/produkt\/tutti-bambini-cozee-xl-beebihall-voodi-korvale-oak-liqorice\/#breadcrumb\"},\"inLanguage\":\"ru-RU\",\"potentialAction\":[{\"@type\":\"ReadAction\",\"target\":[\"https:\/\/beebipood.ee\/ru\/produkt\/tutti-bambini-cozee-xl-beebihall-voodi-korvale-oak-liqorice\/\"]}]},{\"@type\":\"ImageObject\",\"inLanguage\":\"ru-RU\",\"@id\":\"https:\/\/beebipood.ee\/ru\/produkt\/tutti-bambini-cozee-xl-beebihall-voodi-korvale-oak-liqorice\/#primaryimage\",\"url\":\"https:\/\/beebipood.ee\/wp-content\/uploads\/2013\/09\/Tutti-Bambini-CoZee-XL-beebihall-voodi-korvale-Scandinavian-WalnutEcru-Beebivoodid-reisivoodid-hallid-Hallid-ja-vooditaskud-Hallid-ja-vooditaskud-side-Lastemoobel-ja-sisustus_3-415.jpg\",\"contentUrl\":\"https:\/\/beebipood.ee\/wp-content\/uploads\/2013\/09\/Tutti-Bambini-CoZee-XL-beebihall-voodi-korvale-Scandinavian-WalnutEcru-Beebivoodid-reisivoodid-hallid-Hallid-ja-vooditaskud-Hallid-ja-vooditaskud-side-Lastemoobel-ja-sisustus_3-415.jpg\",\"width\":1280,\"height\":1200},{\"@type\":\"BreadcrumbList\",\"@id\":\"https:\/\/beebipood.ee\/ru\/produkt\/tutti-bambini-cozee-xl-beebihall-voodi-korvale-oak-liqorice\/#breadcrumb\",\"itemListElement\":[{\"@type\":\"ListItem\",\"position\":1,\"name\":\"Home\",\"item\":\"https:\/\/beebipood.ee\/ru\/\"},{\"@type\":\"ListItem\",\"position\":2,\"name\":\"\u041a\u0430\u0442\u0430\u043b\u043e\u0433 \u0442\u043e\u0432\u0430\u0440\u043e\u0432\",\"item\":\"https:\/\/beebipood.ee\/tooted\/\"},{\"@type\":\"ListItem\",\"position\":3,\"name\":\"Tutti Bambini CoZee XL beebih\u00e4ll voodi k\u00f5rvale, Scandinavian Walnut-Ecru\"}]},{\"@type\":\"WebSite\",\"@id\":\"https:\/\/beebipood.ee\/ru\/#website\",\"url\":\"https:\/\/beebipood.ee\/ru\/\",\"name\":\"Beebipood\",\"description\":\"Lastekaubad, beebikaubad, m\u00e4nguasjad\",\"publisher\":{\"@id\":\"https:\/\/beebipood.ee\/ru\/#organization\"},\"potentialAction\":[{\"@type\":\"SearchAction\",\"target\":{\"@type\":\"EntryPoint\",\"urlTemplate\":\"https:\/\/beebipood.ee\/ru\/?s={search_term_string}\"},\"query-input\":{\"@type\":\"PropertyValueSpecification\",\"valueRequired\":true,\"valueName\":\"search_term_string\"}}],\"inLanguage\":\"ru-RU\"},{\"@type\":\"Organization\",\"@id\":\"https:\/\/beebipood.ee\/ru\/#organization\",\"name\":\"Beebipood\",\"url\":\"https:\/\/beebipood.ee\/ru\/\",\"logo\":{\"@type\":\"ImageObject\",\"inLanguage\":\"ru-RU\",\"@id\":\"https:\/\/beebipood.ee\/ru\/#\/schema\/logo\/image\/\",\"url\":\"https:\/\/beebipood.ee\/wp-content\/uploads\/2025\/03\/beebipood.ee-logo-1.svg\",\"contentUrl\":\"https:\/\/beebipood.ee\/wp-content\/uploads\/2025\/03\/beebipood.ee-logo-1.svg\",\"caption\":\"Beebipood\"},\"image\":{\"@id\":\"https:\/\/beebipood.ee\/ru\/#\/schema\/logo\/image\/\"}}]}<\/script>\n<!-- \/ Yoast SEO plugin. -->","yoast_head_json":{"title":"Tutti Bambini CoZee XL beebih\u00e4ll voodi k\u00f5rvale, Scandinavian Walnut-Ecru, \u0414\u0435\u0442\u0441\u043a\u0438e \u043a\u0440\u043e\u0432\u0430\u0442\u043a\u0438, \u043f\u0435\u0440\u0435\u043d\u043e\u0441\u043d\u044b\u0435 \u043a\u0440\u043e\u0432\u0430\u0442\u043a\u0438, \u043b\u044e\u043b\u044c\u043a\u0438, \u041b\u044e\u043b\u044c\u043a\u0438 \u0438 \u043a\u0430\u0440\u043c\u0430\u0448\u043a\u0438 \u0434\u043b\u044f \u043a\u0440\u043e\u0432\u0430\u0442\u043a\u0438, \u0428\u0438\u0440\u0438\u043d\u043e\u0439 \u0434\u043e 160 \u0441\u043c , M\u0435\u0431\u0435\u043b\u044c, Beebipood","description":"Tutti Bambini CoZee XL beebih\u00e4ll voodi k\u00f5rvale, Scandinavian Walnut-Ecru, CoZee XL voodi&auml;&auml;rne beebih&auml;ll pakub funktsionaalsust, mida v","robots":{"index":"index","follow":"follow","max-snippet":"max-snippet:-1","max-image-preview":"max-image-preview:large","max-video-preview":"max-video-preview:-1"},"canonical":"https:\/\/beebipood.ee\/ru\/produkt\/tutti-bambini-cozee-xl-beebihall-voodi-korvale-oak-liqorice\/","og_locale":"ru_RU","og_type":"article","og_title":"Tutti Bambini CoZee XL beebih\u00e4ll voodi k\u00f5rvale, Scandinavian Walnut-Ecru, \u0414\u0435\u0442\u0441\u043a\u0438e \u043a\u0440\u043e\u0432\u0430\u0442\u043a\u0438, \u043f\u0435\u0440\u0435\u043d\u043e\u0441\u043d\u044b\u0435 \u043a\u0440\u043e\u0432\u0430\u0442\u043a\u0438, \u043b\u044e\u043b\u044c\u043a\u0438, \u041b\u044e\u043b\u044c\u043a\u0438 \u0438 \u043a\u0430\u0440\u043c\u0430\u0448\u043a\u0438 \u0434\u043b\u044f \u043a\u0440\u043e\u0432\u0430\u0442\u043a\u0438, \u0428\u0438\u0440\u0438\u043d\u043e\u0439 \u0434\u043e 160 \u0441\u043c , M\u0435\u0431\u0435\u043b\u044c, Beebipood","og_description":"Tutti Bambini CoZee XL beebih\u00e4ll voodi k\u00f5rvale, Scandinavian Walnut-Ecru, CoZee XL voodi&auml;&auml;rne beebih&auml;ll pakub funktsionaalsust, mida v","og_url":"https:\/\/beebipood.ee\/ru\/produkt\/tutti-bambini-cozee-xl-beebihall-voodi-korvale-oak-liqorice\/","og_site_name":"Beebipood","article_modified_time":"2025-03-04T08:22:14+00:00","og_image":[{"width":1280,"height":1200,"url":"https:\/\/beebipood.ee\/wp-content\/uploads\/2013\/09\/Tutti-Bambini-CoZee-XL-beebihall-voodi-korvale-Scandinavian-WalnutEcru-Beebivoodid-reisivoodid-hallid-Hallid-ja-vooditaskud-Hallid-ja-vooditaskud-side-Lastemoobel-ja-sisustus_3-415.jpg","type":"image\/jpeg"}],"twitter_card":"summary_large_image","twitter_misc":{"\u041f\u0440\u0438\u043c\u0435\u0440\u043d\u043e\u0435 \u0432\u0440\u0435\u043c\u044f \u0434\u043b\u044f \u0447\u0442\u0435\u043d\u0438\u044f":"2 \u043c\u0438\u043d\u0443\u0442\u044b"},"schema":{"@context":"https:\/\/schema.org","@graph":[{"@type":"WebPage","@id":"https:\/\/beebipood.ee\/ru\/produkt\/tutti-bambini-cozee-xl-beebihall-voodi-korvale-oak-liqorice\/","url":"https:\/\/beebipood.ee\/ru\/produkt\/tutti-bambini-cozee-xl-beebihall-voodi-korvale-oak-liqorice\/","name":"Tutti Bambini CoZee XL beebih\u00e4ll voodi k\u00f5rvale, Scandinavian Walnut-Ecru, \u0414\u0435\u0442\u0441\u043a\u0438e \u043a\u0440\u043e\u0432\u0430\u0442\u043a\u0438, \u043f\u0435\u0440\u0435\u043d\u043e\u0441\u043d\u044b\u0435 \u043a\u0440\u043e\u0432\u0430\u0442\u043a\u0438, \u043b\u044e\u043b\u044c\u043a\u0438, \u041b\u044e\u043b\u044c\u043a\u0438 \u0438 \u043a\u0430\u0440\u043c\u0430\u0448\u043a\u0438 \u0434\u043b\u044f \u043a\u0440\u043e\u0432\u0430\u0442\u043a\u0438, \u0428\u0438\u0440\u0438\u043d\u043e\u0439 \u0434\u043e 160 \u0441\u043c , M\u0435\u0431\u0435\u043b\u044c, Beebipood","isPartOf":{"@id":"https:\/\/beebipood.ee\/ru\/#website"},"primaryImageOfPage":{"@id":"https:\/\/beebipood.ee\/ru\/produkt\/tutti-bambini-cozee-xl-beebihall-voodi-korvale-oak-liqorice\/#primaryimage"},"image":{"@id":"https:\/\/beebipood.ee\/ru\/produkt\/tutti-bambini-cozee-xl-beebihall-voodi-korvale-oak-liqorice\/#primaryimage"},"thumbnailUrl":"https:\/\/beebipood.ee\/wp-content\/uploads\/2013\/09\/Tutti-Bambini-CoZee-XL-beebihall-voodi-korvale-Scandinavian-WalnutEcru-Beebivoodid-reisivoodid-hallid-Hallid-ja-vooditaskud-Hallid-ja-vooditaskud-side-Lastemoobel-ja-sisustus_3-415.jpg","datePublished":"2013-09-02T10:49:50+00:00","dateModified":"2025-03-04T08:22:14+00:00","description":"Tutti Bambini CoZee XL beebih\u00e4ll voodi k\u00f5rvale, Scandinavian Walnut-Ecru, CoZee XL voodi&auml;&auml;rne beebih&auml;ll pakub funktsionaalsust, mida v","breadcrumb":{"@id":"https:\/\/beebipood.ee\/ru\/produkt\/tutti-bambini-cozee-xl-beebihall-voodi-korvale-oak-liqorice\/#breadcrumb"},"inLanguage":"ru-RU","potentialAction":[{"@type":"ReadAction","target":["https:\/\/beebipood.ee\/ru\/produkt\/tutti-bambini-cozee-xl-beebihall-voodi-korvale-oak-liqorice\/"]}]},{"@type":"ImageObject","inLanguage":"ru-RU","@id":"https:\/\/beebipood.ee\/ru\/produkt\/tutti-bambini-cozee-xl-beebihall-voodi-korvale-oak-liqorice\/#primaryimage","url":"https:\/\/beebipood.ee\/wp-content\/uploads\/2013\/09\/Tutti-Bambini-CoZee-XL-beebihall-voodi-korvale-Scandinavian-WalnutEcru-Beebivoodid-reisivoodid-hallid-Hallid-ja-vooditaskud-Hallid-ja-vooditaskud-side-Lastemoobel-ja-sisustus_3-415.jpg","contentUrl":"https:\/\/beebipood.ee\/wp-content\/uploads\/2013\/09\/Tutti-Bambini-CoZee-XL-beebihall-voodi-korvale-Scandinavian-WalnutEcru-Beebivoodid-reisivoodid-hallid-Hallid-ja-vooditaskud-Hallid-ja-vooditaskud-side-Lastemoobel-ja-sisustus_3-415.jpg","width":1280,"height":1200},{"@type":"BreadcrumbList","@id":"https:\/\/beebipood.ee\/ru\/produkt\/tutti-bambini-cozee-xl-beebihall-voodi-korvale-oak-liqorice\/#breadcrumb","itemListElement":[{"@type":"ListItem","position":1,"name":"Home","item":"https:\/\/beebipood.ee\/ru\/"},{"@type":"ListItem","position":2,"name":"\u041a\u0430\u0442\u0430\u043b\u043e\u0433 \u0442\u043e\u0432\u0430\u0440\u043e\u0432","item":"https:\/\/beebipood.ee\/tooted\/"},{"@type":"ListItem","position":3,"name":"Tutti Bambini CoZee XL beebih\u00e4ll voodi k\u00f5rvale, Scandinavian Walnut-Ecru"}]},{"@type":"WebSite","@id":"https:\/\/beebipood.ee\/ru\/#website","url":"https:\/\/beebipood.ee\/ru\/","name":"Beebipood","description":"Lastekaubad, beebikaubad, m\u00e4nguasjad","publisher":{"@id":"https:\/\/beebipood.ee\/ru\/#organization"},"potentialAction":[{"@type":"SearchAction","target":{"@type":"EntryPoint","urlTemplate":"https:\/\/beebipood.ee\/ru\/?s={search_term_string}"},"query-input":{"@type":"PropertyValueSpecification","valueRequired":true,"valueName":"search_term_string"}}],"inLanguage":"ru-RU"},{"@type":"Organization","@id":"https:\/\/beebipood.ee\/ru\/#organization","name":"Beebipood","url":"https:\/\/beebipood.ee\/ru\/","logo":{"@type":"ImageObject","inLanguage":"ru-RU","@id":"https:\/\/beebipood.ee\/ru\/#\/schema\/logo\/image\/","url":"https:\/\/beebipood.ee\/wp-content\/uploads\/2025\/03\/beebipood.ee-logo-1.svg","contentUrl":"https:\/\/beebipood.ee\/wp-content\/uploads\/2025\/03\/beebipood.ee-logo-1.svg","caption":"Beebipood"},"image":{"@id":"https:\/\/beebipood.ee\/ru\/#\/schema\/logo\/image\/"}}]}},"brands":[],"_links":{"self":[{"href":"https:\/\/beebipood.ee\/ru\/wp-json\/wp\/v2\/product\/454594","targetHints":{"allow":["GET"]}}],"collection":[{"href":"https:\/\/beebipood.ee\/ru\/wp-json\/wp\/v2\/product"}],"about":[{"href":"https:\/\/beebipood.ee\/ru\/wp-json\/wp\/v2\/types\/product"}],"wp:featuredmedia":[{"embeddable":true,"href":"https:\/\/beebipood.ee\/ru\/wp-json\/wp\/v2\/media\/147223"}],"wp:attachment":[{"href":"https:\/\/beebipood.ee\/ru\/wp-json\/wp\/v2\/media?parent=454594"}],"wp:term":[{"taxonomy":"pwb-brand","embeddable":true,"href":"https:\/\/beebipood.ee\/ru\/wp-json\/wp\/v2\/pwb-brand?post=454594"},{"taxonomy":"product_brand","embeddable":true,"href":"https:\/\/beebipood.ee\/ru\/wp-json\/wp\/v2\/product_brand?post=454594"},{"taxonomy":"product_cat","embeddable":true,"href":"https:\/\/beebipood.ee\/ru\/wp-json\/wp\/v2\/product_cat?post=454594"},{"taxonomy":"product_tag","embeddable":true,"href":"https:\/\/beebipood.ee\/ru\/wp-json\/wp\/v2\/product_tag?post=454594"}],"curies":[{"name":"wp","href":"https:\/\/api.w.org\/{rel}","templated":true}]}}