{"id":454600,"date":"2013-09-02T13:49:59","date_gmt":"2013-09-02T10:49:59","guid":{"rendered":"https:\/\/beebipood.ee\/toode\/luma-digitaalne-vannitermomeeter-varvivalik\/"},"modified":"2025-01-09T10:52:16","modified_gmt":"2025-01-09T08:52:16","slug":"luma-digitaalne-vannitermomeeter-varvivalik","status":"publish","type":"product","link":"https:\/\/beebipood.ee\/ru\/produkt\/luma-digitaalne-vannitermomeeter-varvivalik\/","title":{"rendered":"Luma digitaalne vannitermomeeter, v\u00e4rvivalik"},"content":{"rendered":"<p><span>* vannilina kapuutsiga\u00a0<\/span><br \/><span>* valmistatud 100% puuvillast<\/span><br \/><span>* kujundid ja disian on peale tikitud\u00a0<\/span><br \/><span>* vastupidav ja kerge hooldada<\/span><br \/><span>* kaitseb t\u00e4ielikult last k\u00fclma eest<\/span><br \/><span>* h\u00e4davajalik vannituppa, basseini v\u00f5i randa<\/span><br \/><span>* pestav 40\u00b0C\u00a0<\/span><\/p>\n","protected":false},"excerpt":{"rendered":"<p>* vannilina kapuutsiga\u00a0* valmistatud 100% puuvillast* kujundid ja disian on peale tikitud\u00a0* vastupidav ja kerge hooldada* kaitseb t\u00e4ielikult last k\u00fclma eest* h\u00e4davajalik vannituppa, basseini v\u00f5i randa* pestav 40\u00b0C\u00a0<\/p>\n","protected":false},"featured_media":147241,"template":"","meta":{"_acf_changed":false},"pwb-brand":[],"product_brand":[],"product_cat":[11811,11709],"product_tag":[],"class_list":{"0":"post-454600","1":"product","2":"type-product","3":"status-publish","4":"has-post-thumbnail","6":"product_cat-vannid-ja-vannitarbed-ru","7":"product_cat-sootmistoolid-beebi-ja-lastetarbed-mahkimine-hugieen-ru","9":"first","10":"onbackorder","11":"taxable","12":"shipping-taxable","13":"purchasable","14":"product-type-simple"},"exclude_global_add_ons":false,"addons":[{"name":"Vali v\u00e4rv","type":"multiple_choice","position":0,"required":true,"title_format":"heading","default":"","description_enable":false,"description":"","placeholder_enable":false,"placeholder":"","display":"images","restrictions_type":"any_text","adjust_price":false,"price":"","price_type":"flat_fee","restrictions":false,"min":"0","max":"0","options":[{"label":"Snow White","price":"","price_type":"quantity_based","image":501017,"visibility":true},{"label":"Desert Taupe","price":"","price_type":"quantity_based","image":501019,"visibility":true},{"label":"Iron Blue","price":"","price_type":"quantity_based","image":501021,"visibility":true},{"label":"Olive Green","price":"","price_type":"quantity_based","image":501023,"visibility":true},{"label":"Spiced Copper","price":"","price_type":"quantity_based","image":501025,"visibility":true}]}],"acf":[],"yoast_head":"<!-- This site is optimized with the Yoast SEO plugin v27.3 - https:\/\/yoast.com\/product\/yoast-seo-wordpress\/ -->\n<title>Luma digitaalne vannitermomeeter, v\u00e4rvivalik, \u041f\u0440\u0438\u043d\u0430\u0434\u043b\u0435\u0436\u043d\u043e\u0441\u0442\u0438 \u0434\u043b\u044f \u043c\u043b\u0430\u0434\u0435\u043d\u0446\u0435\u0432, \u0412\u0430\u043d\u043d\u044b \u0438 \u0430\u043a\u0441\u0435\u0441\u0441\u0443\u0430\u0440\u044b, Beebipood<\/title>\n<meta name=\"description\" content=\"Luma digitaalne vannitermomeeter, v\u00e4rvivalik, * vannilina kapuutsiga&nbsp;* valmistatud 100% puuvillast* kujundi\" \/>\n<meta name=\"robots\" content=\"index, follow, max-snippet:-1, max-image-preview:large, max-video-preview:-1\" \/>\n<link rel=\"canonical\" href=\"https:\/\/beebipood.ee\/ru\/produkt\/luma-digitaalne-vannitermomeeter-varvivalik\/\" \/>\n<meta property=\"og:locale\" content=\"ru_RU\" \/>\n<meta property=\"og:type\" content=\"article\" \/>\n<meta property=\"og:title\" content=\"Luma digitaalne vannitermomeeter, v\u00e4rvivalik, \u041f\u0440\u0438\u043d\u0430\u0434\u043b\u0435\u0436\u043d\u043e\u0441\u0442\u0438 \u0434\u043b\u044f \u043c\u043b\u0430\u0434\u0435\u043d\u0446\u0435\u0432, \u0412\u0430\u043d\u043d\u044b \u0438 \u0430\u043a\u0441\u0435\u0441\u0441\u0443\u0430\u0440\u044b, Beebipood\" \/>\n<meta property=\"og:description\" content=\"Luma digitaalne vannitermomeeter, v\u00e4rvivalik, * vannilina kapuutsiga&nbsp;* valmistatud 100% puuvillast* kujundi\" \/>\n<meta property=\"og:url\" content=\"https:\/\/beebipood.ee\/ru\/produkt\/luma-digitaalne-vannitermomeeter-varvivalik\/\" \/>\n<meta property=\"og:site_name\" content=\"Beebipood\" \/>\n<meta property=\"article:modified_time\" content=\"2025-01-09T08:52:16+00:00\" \/>\n<meta property=\"og:image\" content=\"https:\/\/beebipood.ee\/wp-content\/uploads\/2013\/09\/Luma-digitaalne-vannitermomeeter-varvivalik-Beebi-ja-lastetarbed-Vannid-ja-vannitarbed_1-055.jpg\" \/>\n\t<meta property=\"og:image:width\" content=\"453\" \/>\n\t<meta property=\"og:image:height\" content=\"453\" \/>\n\t<meta property=\"og:image:type\" content=\"image\/jpeg\" \/>\n<meta name=\"twitter:card\" content=\"summary_large_image\" \/>\n<script type=\"application\/ld+json\" class=\"yoast-schema-graph\">{\"@context\":\"https:\\\/\\\/schema.org\",\"@graph\":[{\"@type\":\"WebPage\",\"@id\":\"https:\\\/\\\/beebipood.ee\\\/ru\\\/produkt\\\/luma-digitaalne-vannitermomeeter-varvivalik\\\/\",\"url\":\"https:\\\/\\\/beebipood.ee\\\/ru\\\/produkt\\\/luma-digitaalne-vannitermomeeter-varvivalik\\\/\",\"name\":\"Luma digitaalne vannitermomeeter, v\u00e4rvivalik, \u041f\u0440\u0438\u043d\u0430\u0434\u043b\u0435\u0436\u043d\u043e\u0441\u0442\u0438 \u0434\u043b\u044f \u043c\u043b\u0430\u0434\u0435\u043d\u0446\u0435\u0432, \u0412\u0430\u043d\u043d\u044b \u0438 \u0430\u043a\u0441\u0435\u0441\u0441\u0443\u0430\u0440\u044b, Beebipood\",\"isPartOf\":{\"@id\":\"https:\\\/\\\/beebipood.ee\\\/ru\\\/#website\"},\"primaryImageOfPage\":{\"@id\":\"https:\\\/\\\/beebipood.ee\\\/ru\\\/produkt\\\/luma-digitaalne-vannitermomeeter-varvivalik\\\/#primaryimage\"},\"image\":{\"@id\":\"https:\\\/\\\/beebipood.ee\\\/ru\\\/produkt\\\/luma-digitaalne-vannitermomeeter-varvivalik\\\/#primaryimage\"},\"thumbnailUrl\":\"https:\\\/\\\/beebipood.ee\\\/wp-content\\\/uploads\\\/2013\\\/09\\\/Luma-digitaalne-vannitermomeeter-varvivalik-Beebi-ja-lastetarbed-Vannid-ja-vannitarbed_1-055.jpg\",\"datePublished\":\"2013-09-02T10:49:59+00:00\",\"dateModified\":\"2025-01-09T08:52:16+00:00\",\"description\":\"Luma digitaalne vannitermomeeter, v\u00e4rvivalik, * vannilina kapuutsiga&nbsp;* valmistatud 100% puuvillast* kujundi\",\"breadcrumb\":{\"@id\":\"https:\\\/\\\/beebipood.ee\\\/ru\\\/produkt\\\/luma-digitaalne-vannitermomeeter-varvivalik\\\/#breadcrumb\"},\"inLanguage\":\"ru-RU\",\"potentialAction\":[{\"@type\":\"ReadAction\",\"target\":[\"https:\\\/\\\/beebipood.ee\\\/ru\\\/produkt\\\/luma-digitaalne-vannitermomeeter-varvivalik\\\/\"]}]},{\"@type\":\"ImageObject\",\"inLanguage\":\"ru-RU\",\"@id\":\"https:\\\/\\\/beebipood.ee\\\/ru\\\/produkt\\\/luma-digitaalne-vannitermomeeter-varvivalik\\\/#primaryimage\",\"url\":\"https:\\\/\\\/beebipood.ee\\\/wp-content\\\/uploads\\\/2013\\\/09\\\/Luma-digitaalne-vannitermomeeter-varvivalik-Beebi-ja-lastetarbed-Vannid-ja-vannitarbed_1-055.jpg\",\"contentUrl\":\"https:\\\/\\\/beebipood.ee\\\/wp-content\\\/uploads\\\/2013\\\/09\\\/Luma-digitaalne-vannitermomeeter-varvivalik-Beebi-ja-lastetarbed-Vannid-ja-vannitarbed_1-055.jpg\",\"width\":453,\"height\":453},{\"@type\":\"BreadcrumbList\",\"@id\":\"https:\\\/\\\/beebipood.ee\\\/ru\\\/produkt\\\/luma-digitaalne-vannitermomeeter-varvivalik\\\/#breadcrumb\",\"itemListElement\":[{\"@type\":\"ListItem\",\"position\":1,\"name\":\"Home\",\"item\":\"https:\\\/\\\/beebipood.ee\\\/ru\\\/\"},{\"@type\":\"ListItem\",\"position\":2,\"name\":\"\u041a\u0430\u0442\u0430\u043b\u043e\u0433 \u0442\u043e\u0432\u0430\u0440\u043e\u0432\",\"item\":\"https:\\\/\\\/beebipood.ee\\\/tooted\\\/\"},{\"@type\":\"ListItem\",\"position\":3,\"name\":\"Luma digitaalne vannitermomeeter, v\u00e4rvivalik\"}]},{\"@type\":\"WebSite\",\"@id\":\"https:\\\/\\\/beebipood.ee\\\/ru\\\/#website\",\"url\":\"https:\\\/\\\/beebipood.ee\\\/ru\\\/\",\"name\":\"Beebipood\",\"description\":\"Lastekaubad, beebikaubad, m\u00e4nguasjad\",\"publisher\":{\"@id\":\"https:\\\/\\\/beebipood.ee\\\/ru\\\/#organization\"},\"potentialAction\":[{\"@type\":\"SearchAction\",\"target\":{\"@type\":\"EntryPoint\",\"urlTemplate\":\"https:\\\/\\\/beebipood.ee\\\/ru\\\/?s={search_term_string}\"},\"query-input\":{\"@type\":\"PropertyValueSpecification\",\"valueRequired\":true,\"valueName\":\"search_term_string\"}}],\"inLanguage\":\"ru-RU\"},{\"@type\":\"Organization\",\"@id\":\"https:\\\/\\\/beebipood.ee\\\/ru\\\/#organization\",\"name\":\"Beebipood\",\"url\":\"https:\\\/\\\/beebipood.ee\\\/ru\\\/\",\"logo\":{\"@type\":\"ImageObject\",\"inLanguage\":\"ru-RU\",\"@id\":\"https:\\\/\\\/beebipood.ee\\\/ru\\\/#\\\/schema\\\/logo\\\/image\\\/\",\"url\":\"https:\\\/\\\/beebipood.ee\\\/wp-content\\\/uploads\\\/2025\\\/03\\\/beebipood.ee-logo-1.svg\",\"contentUrl\":\"https:\\\/\\\/beebipood.ee\\\/wp-content\\\/uploads\\\/2025\\\/03\\\/beebipood.ee-logo-1.svg\",\"caption\":\"Beebipood\"},\"image\":{\"@id\":\"https:\\\/\\\/beebipood.ee\\\/ru\\\/#\\\/schema\\\/logo\\\/image\\\/\"}}]}<\/script>\n<!-- \/ Yoast SEO plugin. -->","yoast_head_json":{"title":"Luma digitaalne vannitermomeeter, v\u00e4rvivalik, \u041f\u0440\u0438\u043d\u0430\u0434\u043b\u0435\u0436\u043d\u043e\u0441\u0442\u0438 \u0434\u043b\u044f \u043c\u043b\u0430\u0434\u0435\u043d\u0446\u0435\u0432, \u0412\u0430\u043d\u043d\u044b \u0438 \u0430\u043a\u0441\u0435\u0441\u0441\u0443\u0430\u0440\u044b, Beebipood","description":"Luma digitaalne vannitermomeeter, v\u00e4rvivalik, * vannilina kapuutsiga&nbsp;* valmistatud 100% puuvillast* kujundi","robots":{"index":"index","follow":"follow","max-snippet":"max-snippet:-1","max-image-preview":"max-image-preview:large","max-video-preview":"max-video-preview:-1"},"canonical":"https:\/\/beebipood.ee\/ru\/produkt\/luma-digitaalne-vannitermomeeter-varvivalik\/","og_locale":"ru_RU","og_type":"article","og_title":"Luma digitaalne vannitermomeeter, v\u00e4rvivalik, \u041f\u0440\u0438\u043d\u0430\u0434\u043b\u0435\u0436\u043d\u043e\u0441\u0442\u0438 \u0434\u043b\u044f \u043c\u043b\u0430\u0434\u0435\u043d\u0446\u0435\u0432, \u0412\u0430\u043d\u043d\u044b \u0438 \u0430\u043a\u0441\u0435\u0441\u0441\u0443\u0430\u0440\u044b, Beebipood","og_description":"Luma digitaalne vannitermomeeter, v\u00e4rvivalik, * vannilina kapuutsiga&nbsp;* valmistatud 100% puuvillast* kujundi","og_url":"https:\/\/beebipood.ee\/ru\/produkt\/luma-digitaalne-vannitermomeeter-varvivalik\/","og_site_name":"Beebipood","article_modified_time":"2025-01-09T08:52:16+00:00","og_image":[{"width":453,"height":453,"url":"https:\/\/beebipood.ee\/wp-content\/uploads\/2013\/09\/Luma-digitaalne-vannitermomeeter-varvivalik-Beebi-ja-lastetarbed-Vannid-ja-vannitarbed_1-055.jpg","type":"image\/jpeg"}],"twitter_card":"summary_large_image","schema":{"@context":"https:\/\/schema.org","@graph":[{"@type":"WebPage","@id":"https:\/\/beebipood.ee\/ru\/produkt\/luma-digitaalne-vannitermomeeter-varvivalik\/","url":"https:\/\/beebipood.ee\/ru\/produkt\/luma-digitaalne-vannitermomeeter-varvivalik\/","name":"Luma digitaalne vannitermomeeter, v\u00e4rvivalik, \u041f\u0440\u0438\u043d\u0430\u0434\u043b\u0435\u0436\u043d\u043e\u0441\u0442\u0438 \u0434\u043b\u044f \u043c\u043b\u0430\u0434\u0435\u043d\u0446\u0435\u0432, \u0412\u0430\u043d\u043d\u044b \u0438 \u0430\u043a\u0441\u0435\u0441\u0441\u0443\u0430\u0440\u044b, Beebipood","isPartOf":{"@id":"https:\/\/beebipood.ee\/ru\/#website"},"primaryImageOfPage":{"@id":"https:\/\/beebipood.ee\/ru\/produkt\/luma-digitaalne-vannitermomeeter-varvivalik\/#primaryimage"},"image":{"@id":"https:\/\/beebipood.ee\/ru\/produkt\/luma-digitaalne-vannitermomeeter-varvivalik\/#primaryimage"},"thumbnailUrl":"https:\/\/beebipood.ee\/wp-content\/uploads\/2013\/09\/Luma-digitaalne-vannitermomeeter-varvivalik-Beebi-ja-lastetarbed-Vannid-ja-vannitarbed_1-055.jpg","datePublished":"2013-09-02T10:49:59+00:00","dateModified":"2025-01-09T08:52:16+00:00","description":"Luma digitaalne vannitermomeeter, v\u00e4rvivalik, * vannilina kapuutsiga&nbsp;* valmistatud 100% puuvillast* kujundi","breadcrumb":{"@id":"https:\/\/beebipood.ee\/ru\/produkt\/luma-digitaalne-vannitermomeeter-varvivalik\/#breadcrumb"},"inLanguage":"ru-RU","potentialAction":[{"@type":"ReadAction","target":["https:\/\/beebipood.ee\/ru\/produkt\/luma-digitaalne-vannitermomeeter-varvivalik\/"]}]},{"@type":"ImageObject","inLanguage":"ru-RU","@id":"https:\/\/beebipood.ee\/ru\/produkt\/luma-digitaalne-vannitermomeeter-varvivalik\/#primaryimage","url":"https:\/\/beebipood.ee\/wp-content\/uploads\/2013\/09\/Luma-digitaalne-vannitermomeeter-varvivalik-Beebi-ja-lastetarbed-Vannid-ja-vannitarbed_1-055.jpg","contentUrl":"https:\/\/beebipood.ee\/wp-content\/uploads\/2013\/09\/Luma-digitaalne-vannitermomeeter-varvivalik-Beebi-ja-lastetarbed-Vannid-ja-vannitarbed_1-055.jpg","width":453,"height":453},{"@type":"BreadcrumbList","@id":"https:\/\/beebipood.ee\/ru\/produkt\/luma-digitaalne-vannitermomeeter-varvivalik\/#breadcrumb","itemListElement":[{"@type":"ListItem","position":1,"name":"Home","item":"https:\/\/beebipood.ee\/ru\/"},{"@type":"ListItem","position":2,"name":"\u041a\u0430\u0442\u0430\u043b\u043e\u0433 \u0442\u043e\u0432\u0430\u0440\u043e\u0432","item":"https:\/\/beebipood.ee\/tooted\/"},{"@type":"ListItem","position":3,"name":"Luma digitaalne vannitermomeeter, v\u00e4rvivalik"}]},{"@type":"WebSite","@id":"https:\/\/beebipood.ee\/ru\/#website","url":"https:\/\/beebipood.ee\/ru\/","name":"Beebipood","description":"Lastekaubad, beebikaubad, m\u00e4nguasjad","publisher":{"@id":"https:\/\/beebipood.ee\/ru\/#organization"},"potentialAction":[{"@type":"SearchAction","target":{"@type":"EntryPoint","urlTemplate":"https:\/\/beebipood.ee\/ru\/?s={search_term_string}"},"query-input":{"@type":"PropertyValueSpecification","valueRequired":true,"valueName":"search_term_string"}}],"inLanguage":"ru-RU"},{"@type":"Organization","@id":"https:\/\/beebipood.ee\/ru\/#organization","name":"Beebipood","url":"https:\/\/beebipood.ee\/ru\/","logo":{"@type":"ImageObject","inLanguage":"ru-RU","@id":"https:\/\/beebipood.ee\/ru\/#\/schema\/logo\/image\/","url":"https:\/\/beebipood.ee\/wp-content\/uploads\/2025\/03\/beebipood.ee-logo-1.svg","contentUrl":"https:\/\/beebipood.ee\/wp-content\/uploads\/2025\/03\/beebipood.ee-logo-1.svg","caption":"Beebipood"},"image":{"@id":"https:\/\/beebipood.ee\/ru\/#\/schema\/logo\/image\/"}}]}},"brands":[],"_links":{"self":[{"href":"https:\/\/beebipood.ee\/ru\/wp-json\/wp\/v2\/product\/454600","targetHints":{"allow":["GET"]}}],"collection":[{"href":"https:\/\/beebipood.ee\/ru\/wp-json\/wp\/v2\/product"}],"about":[{"href":"https:\/\/beebipood.ee\/ru\/wp-json\/wp\/v2\/types\/product"}],"wp:featuredmedia":[{"embeddable":true,"href":"https:\/\/beebipood.ee\/ru\/wp-json\/wp\/v2\/media\/147241"}],"wp:attachment":[{"href":"https:\/\/beebipood.ee\/ru\/wp-json\/wp\/v2\/media?parent=454600"}],"wp:term":[{"taxonomy":"pwb-brand","embeddable":true,"href":"https:\/\/beebipood.ee\/ru\/wp-json\/wp\/v2\/pwb-brand?post=454600"},{"taxonomy":"product_brand","embeddable":true,"href":"https:\/\/beebipood.ee\/ru\/wp-json\/wp\/v2\/product_brand?post=454600"},{"taxonomy":"product_cat","embeddable":true,"href":"https:\/\/beebipood.ee\/ru\/wp-json\/wp\/v2\/product_cat?post=454600"},{"taxonomy":"product_tag","embeddable":true,"href":"https:\/\/beebipood.ee\/ru\/wp-json\/wp\/v2\/product_tag?post=454600"}],"curies":[{"name":"wp","href":"https:\/\/api.w.org\/{rel}","templated":true}]}}