{"id":454606,"date":"2013-09-02T13:50:04","date_gmt":"2013-09-02T10:50:04","guid":{"rendered":"https:\/\/beebipood.ee\/toode\/narivoodi-kats-90x200-valge-peits\/"},"modified":"2025-01-09T10:52:15","modified_gmt":"2025-01-09T08:52:15","slug":"narivoodi-kats-90x200-valge-peits","status":"publish","type":"product","link":"https:\/\/beebipood.ee\/ru\/produkt\/narivoodi-kats-90x200-valge-peits\/","title":{"rendered":"Narivoodi Kats 90&#215;200, valge peits"},"content":{"rendered":"<p>* m\u00e4nnipuidust narivoodi Kats<br \/>* valmistatud Eestis<br \/>* viimistlus: peits ja naturaalne lakk<br \/>* viimistlemisel on kasutatud lastele ohutuid veebaasil v\u00e4rve ja lakke<br \/>* redel paigutatav nii vasakule kui paremale poole<br \/>* madratsid ei kuulu komplekti<br \/>* vali sobivad madratsid m\u00f5\u00f5dus 90&#215;200 cm<br \/>* v\u00f5imalik kasutada ka kahe eraldiseisva voodina<br \/>* m\u00f5lema voodi kandev\u00f5ime kuni 100 kg (kokku 200kg)<br \/>* narivoodi all mahub k\u00f5rvuti 2 voodikasti<\/p>\n","protected":false},"excerpt":{"rendered":"<p>* m\u00e4nnipuidust narivoodi Kats* valmistatud Eestis* viimistlus: peits ja naturaalne lakk* viimistlemisel on kasutatud lastele ohutuid veebaasil v\u00e4rve ja lakke* redel paigutatav nii vasakule kui paremale poole* madratsid ei kuulu komplekti* vali sobivad madratsid m\u00f5\u00f5dus 90&#215;200 cm* v\u00f5imalik kasutada ka kahe eraldiseisva voodina* m\u00f5lema voodi kandev\u00f5ime kuni 100 kg (kokku 200kg)* narivoodi all mahub k\u00f5rvuti [&hellip;]<\/p>\n","protected":false},"featured_media":101016,"template":"","meta":{"_acf_changed":false},"pwb-brand":[],"product_brand":[],"product_cat":[11583,11557,11789],"product_tag":[],"class_list":{"0":"post-454606","1":"product","2":"type-product","3":"status-publish","4":"has-post-thumbnail","6":"product_cat-narid-laiusega-90cm-ru","7":"product_cat-narid-ru","8":"product_cat-lastemoobel-ja-sisustus-ru","10":"first","11":"onbackorder","12":"sale","13":"taxable","14":"shipping-taxable","15":"purchasable","16":"product-type-simple"},"exclude_global_add_ons":[],"addons":[],"acf":[],"yoast_head":"<!-- This site is optimized with the Yoast SEO plugin v27.1.1 - https:\/\/yoast.com\/product\/yoast-seo-wordpress\/ -->\n<title>Narivoodi Kats 90x200, valge peits, \u041d\u0430\u0440\u044b, \u041d\u0430\u0440\u044b \u0448\u0438\u0440\u0438\u043d\u043e\u0439 90c\u043c, M\u0435\u0431\u0435\u043b\u044c, Beebipood<\/title>\n<meta name=\"description\" content=\"Narivoodi Kats 90x200, valge peits, * m&auml;nnipuidust narivoodi Kats* valmistatud Eestis* viimistlus: peits ja naturaalne lakk* viimistle\" \/>\n<meta name=\"robots\" content=\"index, follow, max-snippet:-1, max-image-preview:large, max-video-preview:-1\" \/>\n<link rel=\"canonical\" href=\"https:\/\/beebipood.ee\/ru\/produkt\/narivoodi-kats-90x200-valge-peits\/\" \/>\n<meta property=\"og:locale\" content=\"ru_RU\" \/>\n<meta property=\"og:type\" content=\"article\" \/>\n<meta property=\"og:title\" content=\"Narivoodi Kats 90x200, valge peits, \u041d\u0430\u0440\u044b, \u041d\u0430\u0440\u044b \u0448\u0438\u0440\u0438\u043d\u043e\u0439 90c\u043c, M\u0435\u0431\u0435\u043b\u044c, Beebipood\" \/>\n<meta property=\"og:description\" content=\"Narivoodi Kats 90x200, valge peits, * m&auml;nnipuidust narivoodi Kats* valmistatud Eestis* viimistlus: peits ja naturaalne lakk* viimistle\" \/>\n<meta property=\"og:url\" content=\"https:\/\/beebipood.ee\/ru\/produkt\/narivoodi-kats-90x200-valge-peits\/\" \/>\n<meta property=\"og:site_name\" content=\"Beebipood\" \/>\n<meta property=\"article:modified_time\" content=\"2025-01-09T08:52:15+00:00\" \/>\n<meta property=\"og:image\" content=\"https:\/\/beebipood.ee\/wp-content\/uploads\/2013\/09\/Narivoodi-Kats-90x200-valge-peits-Narid-UUED-TOOTED-Narid-laiusega-90cm-Lastemoobel-ja-sisustus_1-619.jpg\" \/>\n\t<meta property=\"og:image:width\" content=\"1984\" \/>\n\t<meta property=\"og:image:height\" content=\"1707\" \/>\n\t<meta property=\"og:image:type\" content=\"image\/jpeg\" \/>\n<meta name=\"twitter:card\" content=\"summary_large_image\" \/>\n<script type=\"application\/ld+json\" class=\"yoast-schema-graph\">{\"@context\":\"https:\/\/schema.org\",\"@graph\":[{\"@type\":\"WebPage\",\"@id\":\"https:\/\/beebipood.ee\/ru\/produkt\/narivoodi-kats-90x200-valge-peits\/\",\"url\":\"https:\/\/beebipood.ee\/ru\/produkt\/narivoodi-kats-90x200-valge-peits\/\",\"name\":\"Narivoodi Kats 90x200, valge peits, \u041d\u0430\u0440\u044b, \u041d\u0430\u0440\u044b \u0448\u0438\u0440\u0438\u043d\u043e\u0439 90c\u043c, M\u0435\u0431\u0435\u043b\u044c, Beebipood\",\"isPartOf\":{\"@id\":\"https:\/\/beebipood.ee\/ru\/#website\"},\"primaryImageOfPage\":{\"@id\":\"https:\/\/beebipood.ee\/ru\/produkt\/narivoodi-kats-90x200-valge-peits\/#primaryimage\"},\"image\":{\"@id\":\"https:\/\/beebipood.ee\/ru\/produkt\/narivoodi-kats-90x200-valge-peits\/#primaryimage\"},\"thumbnailUrl\":\"https:\/\/beebipood.ee\/wp-content\/uploads\/2013\/09\/Narivoodi-Kats-90x200-valge-peits-Narid-UUED-TOOTED-Narid-laiusega-90cm-Lastemoobel-ja-sisustus_1-619.jpg\",\"datePublished\":\"2013-09-02T10:50:04+00:00\",\"dateModified\":\"2025-01-09T08:52:15+00:00\",\"description\":\"Narivoodi Kats 90x200, valge peits, * m&auml;nnipuidust narivoodi Kats* valmistatud Eestis* viimistlus: peits ja naturaalne lakk* viimistle\",\"breadcrumb\":{\"@id\":\"https:\/\/beebipood.ee\/ru\/produkt\/narivoodi-kats-90x200-valge-peits\/#breadcrumb\"},\"inLanguage\":\"ru-RU\",\"potentialAction\":[{\"@type\":\"ReadAction\",\"target\":[\"https:\/\/beebipood.ee\/ru\/produkt\/narivoodi-kats-90x200-valge-peits\/\"]}]},{\"@type\":\"ImageObject\",\"inLanguage\":\"ru-RU\",\"@id\":\"https:\/\/beebipood.ee\/ru\/produkt\/narivoodi-kats-90x200-valge-peits\/#primaryimage\",\"url\":\"https:\/\/beebipood.ee\/wp-content\/uploads\/2013\/09\/Narivoodi-Kats-90x200-valge-peits-Narid-UUED-TOOTED-Narid-laiusega-90cm-Lastemoobel-ja-sisustus_1-619.jpg\",\"contentUrl\":\"https:\/\/beebipood.ee\/wp-content\/uploads\/2013\/09\/Narivoodi-Kats-90x200-valge-peits-Narid-UUED-TOOTED-Narid-laiusega-90cm-Lastemoobel-ja-sisustus_1-619.jpg\",\"width\":1984,\"height\":1707},{\"@type\":\"BreadcrumbList\",\"@id\":\"https:\/\/beebipood.ee\/ru\/produkt\/narivoodi-kats-90x200-valge-peits\/#breadcrumb\",\"itemListElement\":[{\"@type\":\"ListItem\",\"position\":1,\"name\":\"Home\",\"item\":\"https:\/\/beebipood.ee\/ru\/\"},{\"@type\":\"ListItem\",\"position\":2,\"name\":\"\u041a\u0430\u0442\u0430\u043b\u043e\u0433 \u0442\u043e\u0432\u0430\u0440\u043e\u0432\",\"item\":\"https:\/\/beebipood.ee\/tooted\/\"},{\"@type\":\"ListItem\",\"position\":3,\"name\":\"Narivoodi Kats 90&#215;200, valge peits\"}]},{\"@type\":\"WebSite\",\"@id\":\"https:\/\/beebipood.ee\/ru\/#website\",\"url\":\"https:\/\/beebipood.ee\/ru\/\",\"name\":\"Beebipood\",\"description\":\"Lastekaubad, beebikaubad, m\u00e4nguasjad\",\"publisher\":{\"@id\":\"https:\/\/beebipood.ee\/ru\/#organization\"},\"potentialAction\":[{\"@type\":\"SearchAction\",\"target\":{\"@type\":\"EntryPoint\",\"urlTemplate\":\"https:\/\/beebipood.ee\/ru\/?s={search_term_string}\"},\"query-input\":{\"@type\":\"PropertyValueSpecification\",\"valueRequired\":true,\"valueName\":\"search_term_string\"}}],\"inLanguage\":\"ru-RU\"},{\"@type\":\"Organization\",\"@id\":\"https:\/\/beebipood.ee\/ru\/#organization\",\"name\":\"Beebipood\",\"url\":\"https:\/\/beebipood.ee\/ru\/\",\"logo\":{\"@type\":\"ImageObject\",\"inLanguage\":\"ru-RU\",\"@id\":\"https:\/\/beebipood.ee\/ru\/#\/schema\/logo\/image\/\",\"url\":\"https:\/\/beebipood.ee\/wp-content\/uploads\/2025\/03\/beebipood.ee-logo-1.svg\",\"contentUrl\":\"https:\/\/beebipood.ee\/wp-content\/uploads\/2025\/03\/beebipood.ee-logo-1.svg\",\"caption\":\"Beebipood\"},\"image\":{\"@id\":\"https:\/\/beebipood.ee\/ru\/#\/schema\/logo\/image\/\"}}]}<\/script>\n<!-- \/ Yoast SEO plugin. -->","yoast_head_json":{"title":"Narivoodi Kats 90x200, valge peits, \u041d\u0430\u0440\u044b, \u041d\u0430\u0440\u044b \u0448\u0438\u0440\u0438\u043d\u043e\u0439 90c\u043c, M\u0435\u0431\u0435\u043b\u044c, Beebipood","description":"Narivoodi Kats 90x200, valge peits, * m&auml;nnipuidust narivoodi Kats* valmistatud Eestis* viimistlus: peits ja naturaalne lakk* viimistle","robots":{"index":"index","follow":"follow","max-snippet":"max-snippet:-1","max-image-preview":"max-image-preview:large","max-video-preview":"max-video-preview:-1"},"canonical":"https:\/\/beebipood.ee\/ru\/produkt\/narivoodi-kats-90x200-valge-peits\/","og_locale":"ru_RU","og_type":"article","og_title":"Narivoodi Kats 90x200, valge peits, \u041d\u0430\u0440\u044b, \u041d\u0430\u0440\u044b \u0448\u0438\u0440\u0438\u043d\u043e\u0439 90c\u043c, M\u0435\u0431\u0435\u043b\u044c, Beebipood","og_description":"Narivoodi Kats 90x200, valge peits, * m&auml;nnipuidust narivoodi Kats* valmistatud Eestis* viimistlus: peits ja naturaalne lakk* viimistle","og_url":"https:\/\/beebipood.ee\/ru\/produkt\/narivoodi-kats-90x200-valge-peits\/","og_site_name":"Beebipood","article_modified_time":"2025-01-09T08:52:15+00:00","og_image":[{"width":1984,"height":1707,"url":"https:\/\/beebipood.ee\/wp-content\/uploads\/2013\/09\/Narivoodi-Kats-90x200-valge-peits-Narid-UUED-TOOTED-Narid-laiusega-90cm-Lastemoobel-ja-sisustus_1-619.jpg","type":"image\/jpeg"}],"twitter_card":"summary_large_image","schema":{"@context":"https:\/\/schema.org","@graph":[{"@type":"WebPage","@id":"https:\/\/beebipood.ee\/ru\/produkt\/narivoodi-kats-90x200-valge-peits\/","url":"https:\/\/beebipood.ee\/ru\/produkt\/narivoodi-kats-90x200-valge-peits\/","name":"Narivoodi Kats 90x200, valge peits, \u041d\u0430\u0440\u044b, \u041d\u0430\u0440\u044b \u0448\u0438\u0440\u0438\u043d\u043e\u0439 90c\u043c, M\u0435\u0431\u0435\u043b\u044c, Beebipood","isPartOf":{"@id":"https:\/\/beebipood.ee\/ru\/#website"},"primaryImageOfPage":{"@id":"https:\/\/beebipood.ee\/ru\/produkt\/narivoodi-kats-90x200-valge-peits\/#primaryimage"},"image":{"@id":"https:\/\/beebipood.ee\/ru\/produkt\/narivoodi-kats-90x200-valge-peits\/#primaryimage"},"thumbnailUrl":"https:\/\/beebipood.ee\/wp-content\/uploads\/2013\/09\/Narivoodi-Kats-90x200-valge-peits-Narid-UUED-TOOTED-Narid-laiusega-90cm-Lastemoobel-ja-sisustus_1-619.jpg","datePublished":"2013-09-02T10:50:04+00:00","dateModified":"2025-01-09T08:52:15+00:00","description":"Narivoodi Kats 90x200, valge peits, * m&auml;nnipuidust narivoodi Kats* valmistatud Eestis* viimistlus: peits ja naturaalne lakk* viimistle","breadcrumb":{"@id":"https:\/\/beebipood.ee\/ru\/produkt\/narivoodi-kats-90x200-valge-peits\/#breadcrumb"},"inLanguage":"ru-RU","potentialAction":[{"@type":"ReadAction","target":["https:\/\/beebipood.ee\/ru\/produkt\/narivoodi-kats-90x200-valge-peits\/"]}]},{"@type":"ImageObject","inLanguage":"ru-RU","@id":"https:\/\/beebipood.ee\/ru\/produkt\/narivoodi-kats-90x200-valge-peits\/#primaryimage","url":"https:\/\/beebipood.ee\/wp-content\/uploads\/2013\/09\/Narivoodi-Kats-90x200-valge-peits-Narid-UUED-TOOTED-Narid-laiusega-90cm-Lastemoobel-ja-sisustus_1-619.jpg","contentUrl":"https:\/\/beebipood.ee\/wp-content\/uploads\/2013\/09\/Narivoodi-Kats-90x200-valge-peits-Narid-UUED-TOOTED-Narid-laiusega-90cm-Lastemoobel-ja-sisustus_1-619.jpg","width":1984,"height":1707},{"@type":"BreadcrumbList","@id":"https:\/\/beebipood.ee\/ru\/produkt\/narivoodi-kats-90x200-valge-peits\/#breadcrumb","itemListElement":[{"@type":"ListItem","position":1,"name":"Home","item":"https:\/\/beebipood.ee\/ru\/"},{"@type":"ListItem","position":2,"name":"\u041a\u0430\u0442\u0430\u043b\u043e\u0433 \u0442\u043e\u0432\u0430\u0440\u043e\u0432","item":"https:\/\/beebipood.ee\/tooted\/"},{"@type":"ListItem","position":3,"name":"Narivoodi Kats 90&#215;200, valge peits"}]},{"@type":"WebSite","@id":"https:\/\/beebipood.ee\/ru\/#website","url":"https:\/\/beebipood.ee\/ru\/","name":"Beebipood","description":"Lastekaubad, beebikaubad, m\u00e4nguasjad","publisher":{"@id":"https:\/\/beebipood.ee\/ru\/#organization"},"potentialAction":[{"@type":"SearchAction","target":{"@type":"EntryPoint","urlTemplate":"https:\/\/beebipood.ee\/ru\/?s={search_term_string}"},"query-input":{"@type":"PropertyValueSpecification","valueRequired":true,"valueName":"search_term_string"}}],"inLanguage":"ru-RU"},{"@type":"Organization","@id":"https:\/\/beebipood.ee\/ru\/#organization","name":"Beebipood","url":"https:\/\/beebipood.ee\/ru\/","logo":{"@type":"ImageObject","inLanguage":"ru-RU","@id":"https:\/\/beebipood.ee\/ru\/#\/schema\/logo\/image\/","url":"https:\/\/beebipood.ee\/wp-content\/uploads\/2025\/03\/beebipood.ee-logo-1.svg","contentUrl":"https:\/\/beebipood.ee\/wp-content\/uploads\/2025\/03\/beebipood.ee-logo-1.svg","caption":"Beebipood"},"image":{"@id":"https:\/\/beebipood.ee\/ru\/#\/schema\/logo\/image\/"}}]}},"brands":[],"_links":{"self":[{"href":"https:\/\/beebipood.ee\/ru\/wp-json\/wp\/v2\/product\/454606","targetHints":{"allow":["GET"]}}],"collection":[{"href":"https:\/\/beebipood.ee\/ru\/wp-json\/wp\/v2\/product"}],"about":[{"href":"https:\/\/beebipood.ee\/ru\/wp-json\/wp\/v2\/types\/product"}],"wp:featuredmedia":[{"embeddable":true,"href":"https:\/\/beebipood.ee\/ru\/wp-json\/wp\/v2\/media\/101016"}],"wp:attachment":[{"href":"https:\/\/beebipood.ee\/ru\/wp-json\/wp\/v2\/media?parent=454606"}],"wp:term":[{"taxonomy":"pwb-brand","embeddable":true,"href":"https:\/\/beebipood.ee\/ru\/wp-json\/wp\/v2\/pwb-brand?post=454606"},{"taxonomy":"product_brand","embeddable":true,"href":"https:\/\/beebipood.ee\/ru\/wp-json\/wp\/v2\/product_brand?post=454606"},{"taxonomy":"product_cat","embeddable":true,"href":"https:\/\/beebipood.ee\/ru\/wp-json\/wp\/v2\/product_cat?post=454606"},{"taxonomy":"product_tag","embeddable":true,"href":"https:\/\/beebipood.ee\/ru\/wp-json\/wp\/v2\/product_tag?post=454606"}],"curies":[{"name":"wp","href":"https:\/\/api.w.org\/{rel}","templated":true}]}}