{"id":454612,"date":"2013-09-02T13:50:06","date_gmt":"2013-09-02T10:50:06","guid":{"rendered":"https:\/\/beebipood.ee\/toode\/maxi-cosi-tori-beebihall-voodi-korvale-beyond-grey\/"},"modified":"2025-01-09T10:52:15","modified_gmt":"2025-01-09T08:52:15","slug":"maxi-cosi-tori-beebihall-voodi-korvale-beyond-grey","status":"publish","type":"product","link":"https:\/\/beebipood.ee\/ru\/produkt\/maxi-cosi-tori-beebihall-voodi-korvale-beyond-grey\/","title":{"rendered":"Maxi-Cosi Tori beebih\u00e4ll voodi k\u00f5rvale, Beyond Grey"},"content":{"rendered":"<p>Tori on kergesti paigaldatav ja saab lihtsasti reguleerida vastavalt Sinu voodi k\u00f5rgusele.<br \/>Kompaktsus ning kerge kaal v\u00f5imaldavad kergelt kodust eemale s\u00f5ites voodi kaasa v\u00f5tta. <br \/>Lihtsalt voldi kokku ja kanna seda k\u00e4ep\u00e4rases reisikotis.<br \/><span style=\"text-decoration: underline;\">Omadused:<\/span><br \/>Eriti kompaktne ja kerge<br \/>Kangad on masinpestavad 30 kraadi juures<br \/>Reguleerige k\u00f5rgust h\u00f5lpsalt viide erinevasse asendisse<br \/>Tori on transpordikotiga lihtne kaasas kanda (komplektis olemas)<br \/>V\u00e4ga mugav madrats<br \/>M\u00f5lemal k\u00fcljel hingavad v\u00f5rkkangad<br \/>\u00dcks voodiots on v\u00f5imalik k\u00f5rgemale t\u00f5sta, mis aitab igasuguse refluksi korral<br \/>Kinnitage Tori lihtsalt kaasasolevate rihmadega oma voodi k\u00fclge<br \/>EcoCare: valmistatud taaskasutatud kangast<br \/>Komplektis madrats, transpordikott ja rihmad (voodi k\u00fclge kinnitamiseks)<br \/><span style=\"text-decoration: underline;\">N\u00e4itajad:<\/span><br \/>Kaal: 7,7kg<br \/>M\u00f5\u00f5dud: 76-85 x 61 x 88 cm (k\u00f5rgus, laius, pikkus)<br \/>Kandev\u00f5ime: 9kg<br \/>Madratsi m\u00f5\u00f5dud: 50 x 81 cm<br \/>Kasutamisele lastele alates s\u00fcnnist<\/p>\n","protected":false},"excerpt":{"rendered":"<p>Tori on kergesti paigaldatav ja saab lihtsasti reguleerida vastavalt Sinu voodi k\u00f5rgusele.Kompaktsus ning kerge kaal v\u00f5imaldavad kergelt kodust eemale s\u00f5ites voodi kaasa v\u00f5tta. Lihtsalt voldi kokku ja kanna seda k\u00e4ep\u00e4rases reisikotis.Omadused:Eriti kompaktne ja kergeKangad on masinpestavad 30 kraadi juuresReguleerige k\u00f5rgust h\u00f5lpsalt viide erinevasse asendisseTori on transpordikotiga lihtne kaasas kanda (komplektis olemas)V\u00e4ga mugav madratsM\u00f5lemal k\u00fcljel hingavad [&hellip;]<\/p>\n","protected":false},"featured_media":101028,"template":"","meta":{"_acf_changed":false},"pwb-brand":[11961],"product_brand":[],"product_cat":[11571,11553,11789],"product_tag":[],"class_list":{"0":"post-454612","1":"product","2":"type-product","3":"status-publish","4":"has-post-thumbnail","6":"pwb-brand-maxi-cosi-ru","7":"product_cat-hallid-ja-vooditaskud-ru","8":"product_cat-beebivoodid-reisivoodid-hallid-ru","9":"product_cat-lastemoobel-ja-sisustus-ru","10":"pa_manufacturer-maxi_cosi-ru","12":"first","13":"onbackorder","14":"taxable","15":"shipping-taxable","16":"purchasable","17":"product-type-simple"},"exclude_global_add_ons":[],"addons":[],"acf":[],"yoast_head":"<!-- This site is optimized with the Yoast SEO plugin v27.1.1 - https:\/\/yoast.com\/product\/yoast-seo-wordpress\/ -->\n<title>Maxi-Cosi Tori beebih\u00e4ll voodi k\u00f5rvale, Beyond Grey, \u0414\u0435\u0442\u0441\u043a\u0438e \u043a\u0440\u043e\u0432\u0430\u0442\u043a\u0438, \u043f\u0435\u0440\u0435\u043d\u043e\u0441\u043d\u044b\u0435 \u043a\u0440\u043e\u0432\u0430\u0442\u043a\u0438, \u043b\u044e\u043b\u044c\u043a\u0438, \u041b\u044e\u043b\u044c\u043a\u0438 \u0438 \u043a\u0430\u0440\u043c\u0430\u0448\u043a\u0438 \u0434\u043b\u044f \u043a\u0440\u043e\u0432\u0430\u0442\u043a\u0438, M\u0435\u0431\u0435\u043b\u044c, Beebipood<\/title>\n<meta name=\"description\" content=\"Maxi-Cosi Tori beebih\u00e4ll voodi k\u00f5rvale, Beyond Grey, Tori on kergesti paigaldatav ja saab lihtsasti reguleerida vastavalt Sinu voodi k&otilde;rgusele.&lt;br \/\" \/>\n<meta name=\"robots\" content=\"index, follow, max-snippet:-1, max-image-preview:large, max-video-preview:-1\" \/>\n<link rel=\"canonical\" href=\"https:\/\/beebipood.ee\/ru\/produkt\/maxi-cosi-tori-beebihall-voodi-korvale-beyond-grey\/\" \/>\n<meta property=\"og:locale\" content=\"ru_RU\" \/>\n<meta property=\"og:type\" content=\"article\" \/>\n<meta property=\"og:title\" content=\"Maxi-Cosi Tori beebih\u00e4ll voodi k\u00f5rvale, Beyond Grey, \u0414\u0435\u0442\u0441\u043a\u0438e \u043a\u0440\u043e\u0432\u0430\u0442\u043a\u0438, \u043f\u0435\u0440\u0435\u043d\u043e\u0441\u043d\u044b\u0435 \u043a\u0440\u043e\u0432\u0430\u0442\u043a\u0438, \u043b\u044e\u043b\u044c\u043a\u0438, \u041b\u044e\u043b\u044c\u043a\u0438 \u0438 \u043a\u0430\u0440\u043c\u0430\u0448\u043a\u0438 \u0434\u043b\u044f \u043a\u0440\u043e\u0432\u0430\u0442\u043a\u0438, M\u0435\u0431\u0435\u043b\u044c, Beebipood\" \/>\n<meta property=\"og:description\" content=\"Maxi-Cosi Tori beebih\u00e4ll voodi k\u00f5rvale, Beyond Grey, Tori on kergesti paigaldatav ja saab lihtsasti reguleerida vastavalt Sinu voodi k&otilde;rgusele.&lt;br \/\" \/>\n<meta property=\"og:url\" content=\"https:\/\/beebipood.ee\/ru\/produkt\/maxi-cosi-tori-beebihall-voodi-korvale-beyond-grey\/\" \/>\n<meta property=\"og:site_name\" content=\"Beebipood\" \/>\n<meta property=\"article:modified_time\" content=\"2025-01-09T08:52:15+00:00\" \/>\n<meta property=\"og:image\" content=\"https:\/\/beebipood.ee\/wp-content\/uploads\/2013\/09\/MaxiCosi-Tori-beebihall-voodi-korvale-Beyond-Grey-Voodipesu-Komplekt-7osa-Lastemoobel-ja-sisustus_2-9e3.jpg\" \/>\n\t<meta property=\"og:image:width\" content=\"930\" \/>\n\t<meta property=\"og:image:height\" content=\"1050\" \/>\n\t<meta property=\"og:image:type\" content=\"image\/jpeg\" \/>\n<meta name=\"twitter:card\" content=\"summary_large_image\" \/>\n<meta name=\"twitter:label1\" content=\"\u041f\u0440\u0438\u043c\u0435\u0440\u043d\u043e\u0435 \u0432\u0440\u0435\u043c\u044f \u0434\u043b\u044f \u0447\u0442\u0435\u043d\u0438\u044f\" \/>\n\t<meta name=\"twitter:data1\" content=\"1 \u043c\u0438\u043d\u0443\u0442\u0430\" \/>\n<script type=\"application\/ld+json\" class=\"yoast-schema-graph\">{\"@context\":\"https:\/\/schema.org\",\"@graph\":[{\"@type\":\"WebPage\",\"@id\":\"https:\/\/beebipood.ee\/ru\/produkt\/maxi-cosi-tori-beebihall-voodi-korvale-beyond-grey\/\",\"url\":\"https:\/\/beebipood.ee\/ru\/produkt\/maxi-cosi-tori-beebihall-voodi-korvale-beyond-grey\/\",\"name\":\"Maxi-Cosi Tori beebih\u00e4ll voodi k\u00f5rvale, Beyond Grey, \u0414\u0435\u0442\u0441\u043a\u0438e \u043a\u0440\u043e\u0432\u0430\u0442\u043a\u0438, \u043f\u0435\u0440\u0435\u043d\u043e\u0441\u043d\u044b\u0435 \u043a\u0440\u043e\u0432\u0430\u0442\u043a\u0438, \u043b\u044e\u043b\u044c\u043a\u0438, \u041b\u044e\u043b\u044c\u043a\u0438 \u0438 \u043a\u0430\u0440\u043c\u0430\u0448\u043a\u0438 \u0434\u043b\u044f \u043a\u0440\u043e\u0432\u0430\u0442\u043a\u0438, M\u0435\u0431\u0435\u043b\u044c, Beebipood\",\"isPartOf\":{\"@id\":\"https:\/\/beebipood.ee\/ru\/#website\"},\"primaryImageOfPage\":{\"@id\":\"https:\/\/beebipood.ee\/ru\/produkt\/maxi-cosi-tori-beebihall-voodi-korvale-beyond-grey\/#primaryimage\"},\"image\":{\"@id\":\"https:\/\/beebipood.ee\/ru\/produkt\/maxi-cosi-tori-beebihall-voodi-korvale-beyond-grey\/#primaryimage\"},\"thumbnailUrl\":\"https:\/\/beebipood.ee\/wp-content\/uploads\/2013\/09\/MaxiCosi-Tori-beebihall-voodi-korvale-Beyond-Grey-Voodipesu-Komplekt-7osa-Lastemoobel-ja-sisustus_2-9e3.jpg\",\"datePublished\":\"2013-09-02T10:50:06+00:00\",\"dateModified\":\"2025-01-09T08:52:15+00:00\",\"description\":\"Maxi-Cosi Tori beebih\u00e4ll voodi k\u00f5rvale, Beyond Grey, Tori on kergesti paigaldatav ja saab lihtsasti reguleerida vastavalt Sinu voodi k&otilde;rgusele.&lt;br \/\",\"breadcrumb\":{\"@id\":\"https:\/\/beebipood.ee\/ru\/produkt\/maxi-cosi-tori-beebihall-voodi-korvale-beyond-grey\/#breadcrumb\"},\"inLanguage\":\"ru-RU\",\"potentialAction\":[{\"@type\":\"ReadAction\",\"target\":[\"https:\/\/beebipood.ee\/ru\/produkt\/maxi-cosi-tori-beebihall-voodi-korvale-beyond-grey\/\"]}]},{\"@type\":\"ImageObject\",\"inLanguage\":\"ru-RU\",\"@id\":\"https:\/\/beebipood.ee\/ru\/produkt\/maxi-cosi-tori-beebihall-voodi-korvale-beyond-grey\/#primaryimage\",\"url\":\"https:\/\/beebipood.ee\/wp-content\/uploads\/2013\/09\/MaxiCosi-Tori-beebihall-voodi-korvale-Beyond-Grey-Voodipesu-Komplekt-7osa-Lastemoobel-ja-sisustus_2-9e3.jpg\",\"contentUrl\":\"https:\/\/beebipood.ee\/wp-content\/uploads\/2013\/09\/MaxiCosi-Tori-beebihall-voodi-korvale-Beyond-Grey-Voodipesu-Komplekt-7osa-Lastemoobel-ja-sisustus_2-9e3.jpg\",\"width\":930,\"height\":1050},{\"@type\":\"BreadcrumbList\",\"@id\":\"https:\/\/beebipood.ee\/ru\/produkt\/maxi-cosi-tori-beebihall-voodi-korvale-beyond-grey\/#breadcrumb\",\"itemListElement\":[{\"@type\":\"ListItem\",\"position\":1,\"name\":\"Home\",\"item\":\"https:\/\/beebipood.ee\/ru\/\"},{\"@type\":\"ListItem\",\"position\":2,\"name\":\"\u041a\u0430\u0442\u0430\u043b\u043e\u0433 \u0442\u043e\u0432\u0430\u0440\u043e\u0432\",\"item\":\"https:\/\/beebipood.ee\/tooted\/\"},{\"@type\":\"ListItem\",\"position\":3,\"name\":\"Maxi-Cosi Tori beebih\u00e4ll voodi k\u00f5rvale, Beyond Grey\"}]},{\"@type\":\"WebSite\",\"@id\":\"https:\/\/beebipood.ee\/ru\/#website\",\"url\":\"https:\/\/beebipood.ee\/ru\/\",\"name\":\"Beebipood\",\"description\":\"Lastekaubad, beebikaubad, m\u00e4nguasjad\",\"publisher\":{\"@id\":\"https:\/\/beebipood.ee\/ru\/#organization\"},\"potentialAction\":[{\"@type\":\"SearchAction\",\"target\":{\"@type\":\"EntryPoint\",\"urlTemplate\":\"https:\/\/beebipood.ee\/ru\/?s={search_term_string}\"},\"query-input\":{\"@type\":\"PropertyValueSpecification\",\"valueRequired\":true,\"valueName\":\"search_term_string\"}}],\"inLanguage\":\"ru-RU\"},{\"@type\":\"Organization\",\"@id\":\"https:\/\/beebipood.ee\/ru\/#organization\",\"name\":\"Beebipood\",\"url\":\"https:\/\/beebipood.ee\/ru\/\",\"logo\":{\"@type\":\"ImageObject\",\"inLanguage\":\"ru-RU\",\"@id\":\"https:\/\/beebipood.ee\/ru\/#\/schema\/logo\/image\/\",\"url\":\"https:\/\/beebipood.ee\/wp-content\/uploads\/2025\/03\/beebipood.ee-logo-1.svg\",\"contentUrl\":\"https:\/\/beebipood.ee\/wp-content\/uploads\/2025\/03\/beebipood.ee-logo-1.svg\",\"caption\":\"Beebipood\"},\"image\":{\"@id\":\"https:\/\/beebipood.ee\/ru\/#\/schema\/logo\/image\/\"}}]}<\/script>\n<!-- \/ Yoast SEO plugin. -->","yoast_head_json":{"title":"Maxi-Cosi Tori beebih\u00e4ll voodi k\u00f5rvale, Beyond Grey, \u0414\u0435\u0442\u0441\u043a\u0438e \u043a\u0440\u043e\u0432\u0430\u0442\u043a\u0438, \u043f\u0435\u0440\u0435\u043d\u043e\u0441\u043d\u044b\u0435 \u043a\u0440\u043e\u0432\u0430\u0442\u043a\u0438, \u043b\u044e\u043b\u044c\u043a\u0438, \u041b\u044e\u043b\u044c\u043a\u0438 \u0438 \u043a\u0430\u0440\u043c\u0430\u0448\u043a\u0438 \u0434\u043b\u044f \u043a\u0440\u043e\u0432\u0430\u0442\u043a\u0438, M\u0435\u0431\u0435\u043b\u044c, Beebipood","description":"Maxi-Cosi Tori beebih\u00e4ll voodi k\u00f5rvale, Beyond Grey, Tori on kergesti paigaldatav ja saab lihtsasti reguleerida vastavalt Sinu voodi k&otilde;rgusele.&lt;br \/","robots":{"index":"index","follow":"follow","max-snippet":"max-snippet:-1","max-image-preview":"max-image-preview:large","max-video-preview":"max-video-preview:-1"},"canonical":"https:\/\/beebipood.ee\/ru\/produkt\/maxi-cosi-tori-beebihall-voodi-korvale-beyond-grey\/","og_locale":"ru_RU","og_type":"article","og_title":"Maxi-Cosi Tori beebih\u00e4ll voodi k\u00f5rvale, Beyond Grey, \u0414\u0435\u0442\u0441\u043a\u0438e \u043a\u0440\u043e\u0432\u0430\u0442\u043a\u0438, \u043f\u0435\u0440\u0435\u043d\u043e\u0441\u043d\u044b\u0435 \u043a\u0440\u043e\u0432\u0430\u0442\u043a\u0438, \u043b\u044e\u043b\u044c\u043a\u0438, \u041b\u044e\u043b\u044c\u043a\u0438 \u0438 \u043a\u0430\u0440\u043c\u0430\u0448\u043a\u0438 \u0434\u043b\u044f \u043a\u0440\u043e\u0432\u0430\u0442\u043a\u0438, M\u0435\u0431\u0435\u043b\u044c, Beebipood","og_description":"Maxi-Cosi Tori beebih\u00e4ll voodi k\u00f5rvale, Beyond Grey, Tori on kergesti paigaldatav ja saab lihtsasti reguleerida vastavalt Sinu voodi k&otilde;rgusele.&lt;br \/","og_url":"https:\/\/beebipood.ee\/ru\/produkt\/maxi-cosi-tori-beebihall-voodi-korvale-beyond-grey\/","og_site_name":"Beebipood","article_modified_time":"2025-01-09T08:52:15+00:00","og_image":[{"width":930,"height":1050,"url":"https:\/\/beebipood.ee\/wp-content\/uploads\/2013\/09\/MaxiCosi-Tori-beebihall-voodi-korvale-Beyond-Grey-Voodipesu-Komplekt-7osa-Lastemoobel-ja-sisustus_2-9e3.jpg","type":"image\/jpeg"}],"twitter_card":"summary_large_image","twitter_misc":{"\u041f\u0440\u0438\u043c\u0435\u0440\u043d\u043e\u0435 \u0432\u0440\u0435\u043c\u044f \u0434\u043b\u044f \u0447\u0442\u0435\u043d\u0438\u044f":"1 \u043c\u0438\u043d\u0443\u0442\u0430"},"schema":{"@context":"https:\/\/schema.org","@graph":[{"@type":"WebPage","@id":"https:\/\/beebipood.ee\/ru\/produkt\/maxi-cosi-tori-beebihall-voodi-korvale-beyond-grey\/","url":"https:\/\/beebipood.ee\/ru\/produkt\/maxi-cosi-tori-beebihall-voodi-korvale-beyond-grey\/","name":"Maxi-Cosi Tori beebih\u00e4ll voodi k\u00f5rvale, Beyond Grey, \u0414\u0435\u0442\u0441\u043a\u0438e \u043a\u0440\u043e\u0432\u0430\u0442\u043a\u0438, \u043f\u0435\u0440\u0435\u043d\u043e\u0441\u043d\u044b\u0435 \u043a\u0440\u043e\u0432\u0430\u0442\u043a\u0438, \u043b\u044e\u043b\u044c\u043a\u0438, \u041b\u044e\u043b\u044c\u043a\u0438 \u0438 \u043a\u0430\u0440\u043c\u0430\u0448\u043a\u0438 \u0434\u043b\u044f \u043a\u0440\u043e\u0432\u0430\u0442\u043a\u0438, M\u0435\u0431\u0435\u043b\u044c, Beebipood","isPartOf":{"@id":"https:\/\/beebipood.ee\/ru\/#website"},"primaryImageOfPage":{"@id":"https:\/\/beebipood.ee\/ru\/produkt\/maxi-cosi-tori-beebihall-voodi-korvale-beyond-grey\/#primaryimage"},"image":{"@id":"https:\/\/beebipood.ee\/ru\/produkt\/maxi-cosi-tori-beebihall-voodi-korvale-beyond-grey\/#primaryimage"},"thumbnailUrl":"https:\/\/beebipood.ee\/wp-content\/uploads\/2013\/09\/MaxiCosi-Tori-beebihall-voodi-korvale-Beyond-Grey-Voodipesu-Komplekt-7osa-Lastemoobel-ja-sisustus_2-9e3.jpg","datePublished":"2013-09-02T10:50:06+00:00","dateModified":"2025-01-09T08:52:15+00:00","description":"Maxi-Cosi Tori beebih\u00e4ll voodi k\u00f5rvale, Beyond Grey, Tori on kergesti paigaldatav ja saab lihtsasti reguleerida vastavalt Sinu voodi k&otilde;rgusele.&lt;br \/","breadcrumb":{"@id":"https:\/\/beebipood.ee\/ru\/produkt\/maxi-cosi-tori-beebihall-voodi-korvale-beyond-grey\/#breadcrumb"},"inLanguage":"ru-RU","potentialAction":[{"@type":"ReadAction","target":["https:\/\/beebipood.ee\/ru\/produkt\/maxi-cosi-tori-beebihall-voodi-korvale-beyond-grey\/"]}]},{"@type":"ImageObject","inLanguage":"ru-RU","@id":"https:\/\/beebipood.ee\/ru\/produkt\/maxi-cosi-tori-beebihall-voodi-korvale-beyond-grey\/#primaryimage","url":"https:\/\/beebipood.ee\/wp-content\/uploads\/2013\/09\/MaxiCosi-Tori-beebihall-voodi-korvale-Beyond-Grey-Voodipesu-Komplekt-7osa-Lastemoobel-ja-sisustus_2-9e3.jpg","contentUrl":"https:\/\/beebipood.ee\/wp-content\/uploads\/2013\/09\/MaxiCosi-Tori-beebihall-voodi-korvale-Beyond-Grey-Voodipesu-Komplekt-7osa-Lastemoobel-ja-sisustus_2-9e3.jpg","width":930,"height":1050},{"@type":"BreadcrumbList","@id":"https:\/\/beebipood.ee\/ru\/produkt\/maxi-cosi-tori-beebihall-voodi-korvale-beyond-grey\/#breadcrumb","itemListElement":[{"@type":"ListItem","position":1,"name":"Home","item":"https:\/\/beebipood.ee\/ru\/"},{"@type":"ListItem","position":2,"name":"\u041a\u0430\u0442\u0430\u043b\u043e\u0433 \u0442\u043e\u0432\u0430\u0440\u043e\u0432","item":"https:\/\/beebipood.ee\/tooted\/"},{"@type":"ListItem","position":3,"name":"Maxi-Cosi Tori beebih\u00e4ll voodi k\u00f5rvale, Beyond Grey"}]},{"@type":"WebSite","@id":"https:\/\/beebipood.ee\/ru\/#website","url":"https:\/\/beebipood.ee\/ru\/","name":"Beebipood","description":"Lastekaubad, beebikaubad, m\u00e4nguasjad","publisher":{"@id":"https:\/\/beebipood.ee\/ru\/#organization"},"potentialAction":[{"@type":"SearchAction","target":{"@type":"EntryPoint","urlTemplate":"https:\/\/beebipood.ee\/ru\/?s={search_term_string}"},"query-input":{"@type":"PropertyValueSpecification","valueRequired":true,"valueName":"search_term_string"}}],"inLanguage":"ru-RU"},{"@type":"Organization","@id":"https:\/\/beebipood.ee\/ru\/#organization","name":"Beebipood","url":"https:\/\/beebipood.ee\/ru\/","logo":{"@type":"ImageObject","inLanguage":"ru-RU","@id":"https:\/\/beebipood.ee\/ru\/#\/schema\/logo\/image\/","url":"https:\/\/beebipood.ee\/wp-content\/uploads\/2025\/03\/beebipood.ee-logo-1.svg","contentUrl":"https:\/\/beebipood.ee\/wp-content\/uploads\/2025\/03\/beebipood.ee-logo-1.svg","caption":"Beebipood"},"image":{"@id":"https:\/\/beebipood.ee\/ru\/#\/schema\/logo\/image\/"}}]}},"brands":[{"id":11961,"name":"Maxi-Cosi","slug":"maxi-cosi-ru"}],"_links":{"self":[{"href":"https:\/\/beebipood.ee\/ru\/wp-json\/wp\/v2\/product\/454612","targetHints":{"allow":["GET"]}}],"collection":[{"href":"https:\/\/beebipood.ee\/ru\/wp-json\/wp\/v2\/product"}],"about":[{"href":"https:\/\/beebipood.ee\/ru\/wp-json\/wp\/v2\/types\/product"}],"wp:featuredmedia":[{"embeddable":true,"href":"https:\/\/beebipood.ee\/ru\/wp-json\/wp\/v2\/media\/101028"}],"wp:attachment":[{"href":"https:\/\/beebipood.ee\/ru\/wp-json\/wp\/v2\/media?parent=454612"}],"wp:term":[{"taxonomy":"pwb-brand","embeddable":true,"href":"https:\/\/beebipood.ee\/ru\/wp-json\/wp\/v2\/pwb-brand?post=454612"},{"taxonomy":"product_brand","embeddable":true,"href":"https:\/\/beebipood.ee\/ru\/wp-json\/wp\/v2\/product_brand?post=454612"},{"taxonomy":"product_cat","embeddable":true,"href":"https:\/\/beebipood.ee\/ru\/wp-json\/wp\/v2\/product_cat?post=454612"},{"taxonomy":"product_tag","embeddable":true,"href":"https:\/\/beebipood.ee\/ru\/wp-json\/wp\/v2\/product_tag?post=454612"}],"curies":[{"name":"wp","href":"https:\/\/api.w.org\/{rel}","templated":true}]}}