{"id":454620,"date":"2013-09-02T13:50:20","date_gmt":"2013-09-02T10:50:20","guid":{"rendered":"https:\/\/beebipood.ee\/toode\/mini-kott-tool-roosa-laim-lill-40l\/"},"modified":"2025-01-09T10:52:15","modified_gmt":"2025-01-09T08:52:15","slug":"mini-kott-tool-roosa-laim-lill-40l","status":"publish","type":"product","link":"https:\/\/beebipood.ee\/ru\/produkt\/mini-kott-tool-roosa-laim-lill-40l\/","title":{"rendered":"Mini Kott-tool roosa\/laim LILL 40L"},"content":{"rendered":"<p><span>* kott-tooli on valmistatud kunstnahast<\/span><br \/><span>* t\u00e4idetud on penoplastgraanulitega<\/span><br \/><span>* sobib h\u00e4sti v\u00e4ikestele lastele nii istumiseks, kui ka m\u00e4ngimiseks<\/span><br \/><span>* kott-tooli kahekordne p\u00f5hi takistab graanulite v\u00e4ljapudenemise<\/span><\/p>\n","protected":false},"excerpt":{"rendered":"<p>* kott-tooli on valmistatud kunstnahast* t\u00e4idetud on penoplastgraanulitega* sobib h\u00e4sti v\u00e4ikestele lastele nii istumiseks, kui ka m\u00e4ngimiseks* kott-tooli kahekordne p\u00f5hi takistab graanulite v\u00e4ljapudenemise<\/p>\n","protected":false},"featured_media":101046,"template":"","meta":{"_acf_changed":false},"pwb-brand":[],"product_brand":[],"product_cat":[11621,11565],"product_tag":[],"class_list":{"0":"post-454620","1":"product","2":"type-product","3":"status-publish","4":"has-post-thumbnail","6":"product_cat-kott-toolid-ru","7":"product_cat-pehme-moobel-kott-toolid-tumbad-ru","9":"first","10":"onbackorder","11":"sale","12":"taxable","13":"shipping-taxable","14":"purchasable","15":"product-type-simple"},"exclude_global_add_ons":[],"addons":[],"acf":[],"yoast_head":"<!-- This site is optimized with the Yoast SEO plugin v27.1.1 - https:\/\/yoast.com\/product\/yoast-seo-wordpress\/ -->\n<title>Mini Kott-tool roosa\/laim LILL 40L, \u041c\u044f\u0433\u043a\u0430\u044f \u043c\u0435\u0431\u0435\u043b\u044c, \u043a\u0440\u0435\u0441\u043b\u043e-\u043c\u0435\u0448\u043e\u043a,\u0442\u0443\u043c\u0431\u044b, \u041a\u0440\u0435\u0441\u043b\u043e-\u043c\u0435\u0448\u043e\u043a, Beebipood<\/title>\n<meta name=\"description\" content=\"Mini Kott-tool roosa\/laim LILL 40L, * kott-tooli on valmistatud kunstnahast* t&auml;idetud on penoplastgraanulitega&lt;spa\" \/>\n<meta name=\"robots\" content=\"index, follow, max-snippet:-1, max-image-preview:large, max-video-preview:-1\" \/>\n<link rel=\"canonical\" href=\"https:\/\/beebipood.ee\/ru\/produkt\/mini-kott-tool-roosa-laim-lill-40l\/\" \/>\n<meta property=\"og:locale\" content=\"ru_RU\" \/>\n<meta property=\"og:type\" content=\"article\" \/>\n<meta property=\"og:title\" content=\"Mini Kott-tool roosa\/laim LILL 40L, \u041c\u044f\u0433\u043a\u0430\u044f \u043c\u0435\u0431\u0435\u043b\u044c, \u043a\u0440\u0435\u0441\u043b\u043e-\u043c\u0435\u0448\u043e\u043a,\u0442\u0443\u043c\u0431\u044b, \u041a\u0440\u0435\u0441\u043b\u043e-\u043c\u0435\u0448\u043e\u043a, Beebipood\" \/>\n<meta property=\"og:description\" content=\"Mini Kott-tool roosa\/laim LILL 40L, * kott-tooli on valmistatud kunstnahast* t&auml;idetud on penoplastgraanulitega&lt;spa\" \/>\n<meta property=\"og:url\" content=\"https:\/\/beebipood.ee\/ru\/produkt\/mini-kott-tool-roosa-laim-lill-40l\/\" \/>\n<meta property=\"og:site_name\" content=\"Beebipood\" \/>\n<meta property=\"article:modified_time\" content=\"2025-01-09T08:52:15+00:00\" \/>\n<meta property=\"og:image\" content=\"https:\/\/beebipood.ee\/wp-content\/uploads\/2013\/09\/Mini-Kotttool-roosalaim-LILL-40L-Pehme-moobel-kotttoolid-tumbad-Kotttoolid_2-fea.jpg\" \/>\n\t<meta property=\"og:image:width\" content=\"768\" \/>\n\t<meta property=\"og:image:height\" content=\"614\" \/>\n\t<meta property=\"og:image:type\" content=\"image\/jpeg\" \/>\n<meta name=\"twitter:card\" content=\"summary_large_image\" \/>\n<script type=\"application\/ld+json\" class=\"yoast-schema-graph\">{\"@context\":\"https:\/\/schema.org\",\"@graph\":[{\"@type\":\"WebPage\",\"@id\":\"https:\/\/beebipood.ee\/ru\/produkt\/mini-kott-tool-roosa-laim-lill-40l\/\",\"url\":\"https:\/\/beebipood.ee\/ru\/produkt\/mini-kott-tool-roosa-laim-lill-40l\/\",\"name\":\"Mini Kott-tool roosa\/laim LILL 40L, \u041c\u044f\u0433\u043a\u0430\u044f \u043c\u0435\u0431\u0435\u043b\u044c, \u043a\u0440\u0435\u0441\u043b\u043e-\u043c\u0435\u0448\u043e\u043a,\u0442\u0443\u043c\u0431\u044b, \u041a\u0440\u0435\u0441\u043b\u043e-\u043c\u0435\u0448\u043e\u043a, Beebipood\",\"isPartOf\":{\"@id\":\"https:\/\/beebipood.ee\/ru\/#website\"},\"primaryImageOfPage\":{\"@id\":\"https:\/\/beebipood.ee\/ru\/produkt\/mini-kott-tool-roosa-laim-lill-40l\/#primaryimage\"},\"image\":{\"@id\":\"https:\/\/beebipood.ee\/ru\/produkt\/mini-kott-tool-roosa-laim-lill-40l\/#primaryimage\"},\"thumbnailUrl\":\"https:\/\/beebipood.ee\/wp-content\/uploads\/2013\/09\/Mini-Kotttool-roosalaim-LILL-40L-Pehme-moobel-kotttoolid-tumbad-Kotttoolid_2-fea.jpg\",\"datePublished\":\"2013-09-02T10:50:20+00:00\",\"dateModified\":\"2025-01-09T08:52:15+00:00\",\"description\":\"Mini Kott-tool roosa\/laim LILL 40L, * kott-tooli on valmistatud kunstnahast* t&auml;idetud on penoplastgraanulitega&lt;spa\",\"breadcrumb\":{\"@id\":\"https:\/\/beebipood.ee\/ru\/produkt\/mini-kott-tool-roosa-laim-lill-40l\/#breadcrumb\"},\"inLanguage\":\"ru-RU\",\"potentialAction\":[{\"@type\":\"ReadAction\",\"target\":[\"https:\/\/beebipood.ee\/ru\/produkt\/mini-kott-tool-roosa-laim-lill-40l\/\"]}]},{\"@type\":\"ImageObject\",\"inLanguage\":\"ru-RU\",\"@id\":\"https:\/\/beebipood.ee\/ru\/produkt\/mini-kott-tool-roosa-laim-lill-40l\/#primaryimage\",\"url\":\"https:\/\/beebipood.ee\/wp-content\/uploads\/2013\/09\/Mini-Kotttool-roosalaim-LILL-40L-Pehme-moobel-kotttoolid-tumbad-Kotttoolid_2-fea.jpg\",\"contentUrl\":\"https:\/\/beebipood.ee\/wp-content\/uploads\/2013\/09\/Mini-Kotttool-roosalaim-LILL-40L-Pehme-moobel-kotttoolid-tumbad-Kotttoolid_2-fea.jpg\",\"width\":768,\"height\":614},{\"@type\":\"BreadcrumbList\",\"@id\":\"https:\/\/beebipood.ee\/ru\/produkt\/mini-kott-tool-roosa-laim-lill-40l\/#breadcrumb\",\"itemListElement\":[{\"@type\":\"ListItem\",\"position\":1,\"name\":\"Home\",\"item\":\"https:\/\/beebipood.ee\/ru\/\"},{\"@type\":\"ListItem\",\"position\":2,\"name\":\"\u041a\u0430\u0442\u0430\u043b\u043e\u0433 \u0442\u043e\u0432\u0430\u0440\u043e\u0432\",\"item\":\"https:\/\/beebipood.ee\/tooted\/\"},{\"@type\":\"ListItem\",\"position\":3,\"name\":\"Mini Kott-tool roosa\/laim LILL 40L\"}]},{\"@type\":\"WebSite\",\"@id\":\"https:\/\/beebipood.ee\/ru\/#website\",\"url\":\"https:\/\/beebipood.ee\/ru\/\",\"name\":\"Beebipood\",\"description\":\"Lastekaubad, beebikaubad, m\u00e4nguasjad\",\"publisher\":{\"@id\":\"https:\/\/beebipood.ee\/ru\/#organization\"},\"potentialAction\":[{\"@type\":\"SearchAction\",\"target\":{\"@type\":\"EntryPoint\",\"urlTemplate\":\"https:\/\/beebipood.ee\/ru\/?s={search_term_string}\"},\"query-input\":{\"@type\":\"PropertyValueSpecification\",\"valueRequired\":true,\"valueName\":\"search_term_string\"}}],\"inLanguage\":\"ru-RU\"},{\"@type\":\"Organization\",\"@id\":\"https:\/\/beebipood.ee\/ru\/#organization\",\"name\":\"Beebipood\",\"url\":\"https:\/\/beebipood.ee\/ru\/\",\"logo\":{\"@type\":\"ImageObject\",\"inLanguage\":\"ru-RU\",\"@id\":\"https:\/\/beebipood.ee\/ru\/#\/schema\/logo\/image\/\",\"url\":\"https:\/\/beebipood.ee\/wp-content\/uploads\/2025\/03\/beebipood.ee-logo-1.svg\",\"contentUrl\":\"https:\/\/beebipood.ee\/wp-content\/uploads\/2025\/03\/beebipood.ee-logo-1.svg\",\"caption\":\"Beebipood\"},\"image\":{\"@id\":\"https:\/\/beebipood.ee\/ru\/#\/schema\/logo\/image\/\"}}]}<\/script>\n<!-- \/ Yoast SEO plugin. -->","yoast_head_json":{"title":"Mini Kott-tool roosa\/laim LILL 40L, \u041c\u044f\u0433\u043a\u0430\u044f \u043c\u0435\u0431\u0435\u043b\u044c, \u043a\u0440\u0435\u0441\u043b\u043e-\u043c\u0435\u0448\u043e\u043a,\u0442\u0443\u043c\u0431\u044b, \u041a\u0440\u0435\u0441\u043b\u043e-\u043c\u0435\u0448\u043e\u043a, Beebipood","description":"Mini Kott-tool roosa\/laim LILL 40L, * kott-tooli on valmistatud kunstnahast* t&auml;idetud on penoplastgraanulitega&lt;spa","robots":{"index":"index","follow":"follow","max-snippet":"max-snippet:-1","max-image-preview":"max-image-preview:large","max-video-preview":"max-video-preview:-1"},"canonical":"https:\/\/beebipood.ee\/ru\/produkt\/mini-kott-tool-roosa-laim-lill-40l\/","og_locale":"ru_RU","og_type":"article","og_title":"Mini Kott-tool roosa\/laim LILL 40L, \u041c\u044f\u0433\u043a\u0430\u044f \u043c\u0435\u0431\u0435\u043b\u044c, \u043a\u0440\u0435\u0441\u043b\u043e-\u043c\u0435\u0448\u043e\u043a,\u0442\u0443\u043c\u0431\u044b, \u041a\u0440\u0435\u0441\u043b\u043e-\u043c\u0435\u0448\u043e\u043a, Beebipood","og_description":"Mini Kott-tool roosa\/laim LILL 40L, * kott-tooli on valmistatud kunstnahast* t&auml;idetud on penoplastgraanulitega&lt;spa","og_url":"https:\/\/beebipood.ee\/ru\/produkt\/mini-kott-tool-roosa-laim-lill-40l\/","og_site_name":"Beebipood","article_modified_time":"2025-01-09T08:52:15+00:00","og_image":[{"width":768,"height":614,"url":"https:\/\/beebipood.ee\/wp-content\/uploads\/2013\/09\/Mini-Kotttool-roosalaim-LILL-40L-Pehme-moobel-kotttoolid-tumbad-Kotttoolid_2-fea.jpg","type":"image\/jpeg"}],"twitter_card":"summary_large_image","schema":{"@context":"https:\/\/schema.org","@graph":[{"@type":"WebPage","@id":"https:\/\/beebipood.ee\/ru\/produkt\/mini-kott-tool-roosa-laim-lill-40l\/","url":"https:\/\/beebipood.ee\/ru\/produkt\/mini-kott-tool-roosa-laim-lill-40l\/","name":"Mini Kott-tool roosa\/laim LILL 40L, \u041c\u044f\u0433\u043a\u0430\u044f \u043c\u0435\u0431\u0435\u043b\u044c, \u043a\u0440\u0435\u0441\u043b\u043e-\u043c\u0435\u0448\u043e\u043a,\u0442\u0443\u043c\u0431\u044b, \u041a\u0440\u0435\u0441\u043b\u043e-\u043c\u0435\u0448\u043e\u043a, Beebipood","isPartOf":{"@id":"https:\/\/beebipood.ee\/ru\/#website"},"primaryImageOfPage":{"@id":"https:\/\/beebipood.ee\/ru\/produkt\/mini-kott-tool-roosa-laim-lill-40l\/#primaryimage"},"image":{"@id":"https:\/\/beebipood.ee\/ru\/produkt\/mini-kott-tool-roosa-laim-lill-40l\/#primaryimage"},"thumbnailUrl":"https:\/\/beebipood.ee\/wp-content\/uploads\/2013\/09\/Mini-Kotttool-roosalaim-LILL-40L-Pehme-moobel-kotttoolid-tumbad-Kotttoolid_2-fea.jpg","datePublished":"2013-09-02T10:50:20+00:00","dateModified":"2025-01-09T08:52:15+00:00","description":"Mini Kott-tool roosa\/laim LILL 40L, * kott-tooli on valmistatud kunstnahast* t&auml;idetud on penoplastgraanulitega&lt;spa","breadcrumb":{"@id":"https:\/\/beebipood.ee\/ru\/produkt\/mini-kott-tool-roosa-laim-lill-40l\/#breadcrumb"},"inLanguage":"ru-RU","potentialAction":[{"@type":"ReadAction","target":["https:\/\/beebipood.ee\/ru\/produkt\/mini-kott-tool-roosa-laim-lill-40l\/"]}]},{"@type":"ImageObject","inLanguage":"ru-RU","@id":"https:\/\/beebipood.ee\/ru\/produkt\/mini-kott-tool-roosa-laim-lill-40l\/#primaryimage","url":"https:\/\/beebipood.ee\/wp-content\/uploads\/2013\/09\/Mini-Kotttool-roosalaim-LILL-40L-Pehme-moobel-kotttoolid-tumbad-Kotttoolid_2-fea.jpg","contentUrl":"https:\/\/beebipood.ee\/wp-content\/uploads\/2013\/09\/Mini-Kotttool-roosalaim-LILL-40L-Pehme-moobel-kotttoolid-tumbad-Kotttoolid_2-fea.jpg","width":768,"height":614},{"@type":"BreadcrumbList","@id":"https:\/\/beebipood.ee\/ru\/produkt\/mini-kott-tool-roosa-laim-lill-40l\/#breadcrumb","itemListElement":[{"@type":"ListItem","position":1,"name":"Home","item":"https:\/\/beebipood.ee\/ru\/"},{"@type":"ListItem","position":2,"name":"\u041a\u0430\u0442\u0430\u043b\u043e\u0433 \u0442\u043e\u0432\u0430\u0440\u043e\u0432","item":"https:\/\/beebipood.ee\/tooted\/"},{"@type":"ListItem","position":3,"name":"Mini Kott-tool roosa\/laim LILL 40L"}]},{"@type":"WebSite","@id":"https:\/\/beebipood.ee\/ru\/#website","url":"https:\/\/beebipood.ee\/ru\/","name":"Beebipood","description":"Lastekaubad, beebikaubad, m\u00e4nguasjad","publisher":{"@id":"https:\/\/beebipood.ee\/ru\/#organization"},"potentialAction":[{"@type":"SearchAction","target":{"@type":"EntryPoint","urlTemplate":"https:\/\/beebipood.ee\/ru\/?s={search_term_string}"},"query-input":{"@type":"PropertyValueSpecification","valueRequired":true,"valueName":"search_term_string"}}],"inLanguage":"ru-RU"},{"@type":"Organization","@id":"https:\/\/beebipood.ee\/ru\/#organization","name":"Beebipood","url":"https:\/\/beebipood.ee\/ru\/","logo":{"@type":"ImageObject","inLanguage":"ru-RU","@id":"https:\/\/beebipood.ee\/ru\/#\/schema\/logo\/image\/","url":"https:\/\/beebipood.ee\/wp-content\/uploads\/2025\/03\/beebipood.ee-logo-1.svg","contentUrl":"https:\/\/beebipood.ee\/wp-content\/uploads\/2025\/03\/beebipood.ee-logo-1.svg","caption":"Beebipood"},"image":{"@id":"https:\/\/beebipood.ee\/ru\/#\/schema\/logo\/image\/"}}]}},"brands":[],"_links":{"self":[{"href":"https:\/\/beebipood.ee\/ru\/wp-json\/wp\/v2\/product\/454620","targetHints":{"allow":["GET"]}}],"collection":[{"href":"https:\/\/beebipood.ee\/ru\/wp-json\/wp\/v2\/product"}],"about":[{"href":"https:\/\/beebipood.ee\/ru\/wp-json\/wp\/v2\/types\/product"}],"wp:featuredmedia":[{"embeddable":true,"href":"https:\/\/beebipood.ee\/ru\/wp-json\/wp\/v2\/media\/101046"}],"wp:attachment":[{"href":"https:\/\/beebipood.ee\/ru\/wp-json\/wp\/v2\/media?parent=454620"}],"wp:term":[{"taxonomy":"pwb-brand","embeddable":true,"href":"https:\/\/beebipood.ee\/ru\/wp-json\/wp\/v2\/pwb-brand?post=454620"},{"taxonomy":"product_brand","embeddable":true,"href":"https:\/\/beebipood.ee\/ru\/wp-json\/wp\/v2\/product_brand?post=454620"},{"taxonomy":"product_cat","embeddable":true,"href":"https:\/\/beebipood.ee\/ru\/wp-json\/wp\/v2\/product_cat?post=454620"},{"taxonomy":"product_tag","embeddable":true,"href":"https:\/\/beebipood.ee\/ru\/wp-json\/wp\/v2\/product_tag?post=454620"}],"curies":[{"name":"wp","href":"https:\/\/api.w.org\/{rel}","templated":true}]}}