{"id":454632,"date":"2013-09-02T13:50:25","date_gmt":"2013-09-02T10:50:25","guid":{"rendered":"https:\/\/beebipood.ee\/toode\/laste-istepadi-kilpkonn\/"},"modified":"2025-01-09T10:52:14","modified_gmt":"2025-01-09T08:52:14","slug":"laste-istepadi-kilpkonn","status":"publish","type":"product","link":"https:\/\/beebipood.ee\/ru\/produkt\/laste-istepadi-kilpkonn\/","title":{"rendered":"Laste istepadi Kilpkonn"},"content":{"rendered":"<p>Kilpkonnakujuline istumispadi on valmistatud kunstnahast <br \/>ning t\u00e4itematerjalina on kasutatud vatiini ja porolooni segu.<br \/>Erinevad v\u00e4rvikombinatsioonid.<br \/>Sobib lastele nii istumiseks, kui ka m\u00e4ngimiseks.<br \/>V\u00e4ga popp m\u00e4nguasi lasteaedades v\u00f5i m\u00e4ngutubades. Erinevad v\u00e4rvikombinatsioon.<br \/>M\u00f5\u00f5dud: Laius: 28cm, Pikkus 80cm, K\u00f5rgus 28cm<\/p>\n","protected":false},"excerpt":{"rendered":"<p>Kilpkonnakujuline istumispadi on valmistatud kunstnahast ning t\u00e4itematerjalina on kasutatud vatiini ja porolooni segu.Erinevad v\u00e4rvikombinatsioonid.Sobib lastele nii istumiseks, kui ka m\u00e4ngimiseks.V\u00e4ga popp m\u00e4nguasi lasteaedades v\u00f5i m\u00e4ngutubades. Erinevad v\u00e4rvikombinatsioon.M\u00f5\u00f5dud: Laius: 28cm, Pikkus 80cm, K\u00f5rgus 28cm<\/p>\n","protected":false},"featured_media":101065,"template":"","meta":{"_acf_changed":false},"pwb-brand":[],"product_brand":[],"product_cat":[11619,11621,11565],"product_tag":[],"class_list":{"0":"post-454632","1":"product","2":"type-product","3":"status-publish","4":"has-post-thumbnail","6":"product_cat-tumbad-ru","7":"product_cat-kott-toolid-ru","8":"product_cat-pehme-moobel-kott-toolid-tumbad-ru","10":"first","11":"onbackorder","12":"sale","13":"taxable","14":"shipping-taxable","15":"purchasable","16":"product-type-simple"},"exclude_global_add_ons":false,"addons":[{"name":"Vali v\u00e4rv","type":"multiple_choice","position":0,"required":true,"title_format":"heading","default":"","description_enable":false,"description":"","placeholder_enable":false,"placeholder":"","display":"images","restrictions_type":"any_text","adjust_price":false,"price":"","price_type":"flat_fee","restrictions":false,"min":"0","max":"0","options":[{"label":"Elevandiluu + Laim","price":"","price_type":"quantity_based","image":501027,"visibility":true},{"label":"Elevandiluu + Roosa","price":"","price_type":"quantity_based","image":501029,"visibility":true},{"label":"Must + Valge","price":"","price_type":"quantity_based","image":501031,"visibility":true},{"label":"Pruun + Laim","price":"","price_type":"quantity_based","image":501033,"visibility":true},{"label":"Pruun + Valge","price":"","price_type":"quantity_based","image":501035,"visibility":true}]}],"acf":[],"yoast_head":"<!-- This site is optimized with the Yoast SEO plugin v27.1.1 - https:\/\/yoast.com\/product\/yoast-seo-wordpress\/ -->\n<title>Laste istepadi Kilpkonn, \u041c\u044f\u0433\u043a\u0430\u044f \u043c\u0435\u0431\u0435\u043b\u044c, \u043a\u0440\u0435\u0441\u043b\u043e-\u043c\u0435\u0448\u043e\u043a,\u0442\u0443\u043c\u0431\u044b, \u041d\u041e\u0412\u042b\u0415 \u0422\u041e\u0412\u0410\u0420\u042b, T\u0443\u043c\u0431\u044b, \u041a\u0440\u0435\u0441\u043b\u043e-\u043c\u0435\u0448\u043e\u043a, Beebipood<\/title>\n<meta name=\"description\" content=\"Laste istepadi Kilpkonn, Kilpkonnakujuline istumispadi on valmistatud kunstnahast ning t&auml;itematerjalina on kasutatud vatiini ja porolooni segu.&lt;br\" \/>\n<meta name=\"robots\" content=\"index, follow, max-snippet:-1, max-image-preview:large, max-video-preview:-1\" \/>\n<link rel=\"canonical\" href=\"https:\/\/beebipood.ee\/ru\/produkt\/laste-istepadi-kilpkonn\/\" \/>\n<meta property=\"og:locale\" content=\"ru_RU\" \/>\n<meta property=\"og:type\" content=\"article\" \/>\n<meta property=\"og:title\" content=\"Laste istepadi Kilpkonn, \u041c\u044f\u0433\u043a\u0430\u044f \u043c\u0435\u0431\u0435\u043b\u044c, \u043a\u0440\u0435\u0441\u043b\u043e-\u043c\u0435\u0448\u043e\u043a,\u0442\u0443\u043c\u0431\u044b, \u041d\u041e\u0412\u042b\u0415 \u0422\u041e\u0412\u0410\u0420\u042b, T\u0443\u043c\u0431\u044b, \u041a\u0440\u0435\u0441\u043b\u043e-\u043c\u0435\u0448\u043e\u043a, Beebipood\" \/>\n<meta property=\"og:description\" content=\"Laste istepadi Kilpkonn, Kilpkonnakujuline istumispadi on valmistatud kunstnahast ning t&auml;itematerjalina on kasutatud vatiini ja porolooni segu.&lt;br\" \/>\n<meta property=\"og:url\" content=\"https:\/\/beebipood.ee\/ru\/produkt\/laste-istepadi-kilpkonn\/\" \/>\n<meta property=\"og:site_name\" content=\"Beebipood\" \/>\n<meta property=\"article:modified_time\" content=\"2025-01-09T08:52:14+00:00\" \/>\n<meta property=\"og:image\" content=\"https:\/\/beebipood.ee\/wp-content\/uploads\/2013\/09\/Laste-istepadi-kilpkonn-Pehme-moobel-kotttoolid-tumbad-Tumbad-Kotttoolid_5-038.jpg\" \/>\n\t<meta property=\"og:image:width\" content=\"1500\" \/>\n\t<meta property=\"og:image:height\" content=\"1000\" \/>\n\t<meta property=\"og:image:type\" content=\"image\/jpeg\" \/>\n<meta name=\"twitter:card\" content=\"summary_large_image\" \/>\n<script type=\"application\/ld+json\" class=\"yoast-schema-graph\">{\"@context\":\"https:\/\/schema.org\",\"@graph\":[{\"@type\":\"WebPage\",\"@id\":\"https:\/\/beebipood.ee\/ru\/produkt\/laste-istepadi-kilpkonn\/\",\"url\":\"https:\/\/beebipood.ee\/ru\/produkt\/laste-istepadi-kilpkonn\/\",\"name\":\"Laste istepadi Kilpkonn, \u041c\u044f\u0433\u043a\u0430\u044f \u043c\u0435\u0431\u0435\u043b\u044c, \u043a\u0440\u0435\u0441\u043b\u043e-\u043c\u0435\u0448\u043e\u043a,\u0442\u0443\u043c\u0431\u044b, \u041d\u041e\u0412\u042b\u0415 \u0422\u041e\u0412\u0410\u0420\u042b, T\u0443\u043c\u0431\u044b, \u041a\u0440\u0435\u0441\u043b\u043e-\u043c\u0435\u0448\u043e\u043a, Beebipood\",\"isPartOf\":{\"@id\":\"https:\/\/beebipood.ee\/ru\/#website\"},\"primaryImageOfPage\":{\"@id\":\"https:\/\/beebipood.ee\/ru\/produkt\/laste-istepadi-kilpkonn\/#primaryimage\"},\"image\":{\"@id\":\"https:\/\/beebipood.ee\/ru\/produkt\/laste-istepadi-kilpkonn\/#primaryimage\"},\"thumbnailUrl\":\"https:\/\/beebipood.ee\/wp-content\/uploads\/2013\/09\/Laste-istepadi-kilpkonn-Pehme-moobel-kotttoolid-tumbad-Tumbad-Kotttoolid_5-038.jpg\",\"datePublished\":\"2013-09-02T10:50:25+00:00\",\"dateModified\":\"2025-01-09T08:52:14+00:00\",\"description\":\"Laste istepadi Kilpkonn, Kilpkonnakujuline istumispadi on valmistatud kunstnahast ning t&auml;itematerjalina on kasutatud vatiini ja porolooni segu.&lt;br\",\"breadcrumb\":{\"@id\":\"https:\/\/beebipood.ee\/ru\/produkt\/laste-istepadi-kilpkonn\/#breadcrumb\"},\"inLanguage\":\"ru-RU\",\"potentialAction\":[{\"@type\":\"ReadAction\",\"target\":[\"https:\/\/beebipood.ee\/ru\/produkt\/laste-istepadi-kilpkonn\/\"]}]},{\"@type\":\"ImageObject\",\"inLanguage\":\"ru-RU\",\"@id\":\"https:\/\/beebipood.ee\/ru\/produkt\/laste-istepadi-kilpkonn\/#primaryimage\",\"url\":\"https:\/\/beebipood.ee\/wp-content\/uploads\/2013\/09\/Laste-istepadi-kilpkonn-Pehme-moobel-kotttoolid-tumbad-Tumbad-Kotttoolid_5-038.jpg\",\"contentUrl\":\"https:\/\/beebipood.ee\/wp-content\/uploads\/2013\/09\/Laste-istepadi-kilpkonn-Pehme-moobel-kotttoolid-tumbad-Tumbad-Kotttoolid_5-038.jpg\",\"width\":1500,\"height\":1000},{\"@type\":\"BreadcrumbList\",\"@id\":\"https:\/\/beebipood.ee\/ru\/produkt\/laste-istepadi-kilpkonn\/#breadcrumb\",\"itemListElement\":[{\"@type\":\"ListItem\",\"position\":1,\"name\":\"Home\",\"item\":\"https:\/\/beebipood.ee\/ru\/\"},{\"@type\":\"ListItem\",\"position\":2,\"name\":\"\u041a\u0430\u0442\u0430\u043b\u043e\u0433 \u0442\u043e\u0432\u0430\u0440\u043e\u0432\",\"item\":\"https:\/\/beebipood.ee\/tooted\/\"},{\"@type\":\"ListItem\",\"position\":3,\"name\":\"Laste istepadi Kilpkonn\"}]},{\"@type\":\"WebSite\",\"@id\":\"https:\/\/beebipood.ee\/ru\/#website\",\"url\":\"https:\/\/beebipood.ee\/ru\/\",\"name\":\"Beebipood\",\"description\":\"Lastekaubad, beebikaubad, m\u00e4nguasjad\",\"publisher\":{\"@id\":\"https:\/\/beebipood.ee\/ru\/#organization\"},\"potentialAction\":[{\"@type\":\"SearchAction\",\"target\":{\"@type\":\"EntryPoint\",\"urlTemplate\":\"https:\/\/beebipood.ee\/ru\/?s={search_term_string}\"},\"query-input\":{\"@type\":\"PropertyValueSpecification\",\"valueRequired\":true,\"valueName\":\"search_term_string\"}}],\"inLanguage\":\"ru-RU\"},{\"@type\":\"Organization\",\"@id\":\"https:\/\/beebipood.ee\/ru\/#organization\",\"name\":\"Beebipood\",\"url\":\"https:\/\/beebipood.ee\/ru\/\",\"logo\":{\"@type\":\"ImageObject\",\"inLanguage\":\"ru-RU\",\"@id\":\"https:\/\/beebipood.ee\/ru\/#\/schema\/logo\/image\/\",\"url\":\"https:\/\/beebipood.ee\/wp-content\/uploads\/2025\/03\/beebipood.ee-logo-1.svg\",\"contentUrl\":\"https:\/\/beebipood.ee\/wp-content\/uploads\/2025\/03\/beebipood.ee-logo-1.svg\",\"caption\":\"Beebipood\"},\"image\":{\"@id\":\"https:\/\/beebipood.ee\/ru\/#\/schema\/logo\/image\/\"}}]}<\/script>\n<!-- \/ Yoast SEO plugin. -->","yoast_head_json":{"title":"Laste istepadi Kilpkonn, \u041c\u044f\u0433\u043a\u0430\u044f \u043c\u0435\u0431\u0435\u043b\u044c, \u043a\u0440\u0435\u0441\u043b\u043e-\u043c\u0435\u0448\u043e\u043a,\u0442\u0443\u043c\u0431\u044b, \u041d\u041e\u0412\u042b\u0415 \u0422\u041e\u0412\u0410\u0420\u042b, T\u0443\u043c\u0431\u044b, \u041a\u0440\u0435\u0441\u043b\u043e-\u043c\u0435\u0448\u043e\u043a, Beebipood","description":"Laste istepadi Kilpkonn, Kilpkonnakujuline istumispadi on valmistatud kunstnahast ning t&auml;itematerjalina on kasutatud vatiini ja porolooni segu.&lt;br","robots":{"index":"index","follow":"follow","max-snippet":"max-snippet:-1","max-image-preview":"max-image-preview:large","max-video-preview":"max-video-preview:-1"},"canonical":"https:\/\/beebipood.ee\/ru\/produkt\/laste-istepadi-kilpkonn\/","og_locale":"ru_RU","og_type":"article","og_title":"Laste istepadi Kilpkonn, \u041c\u044f\u0433\u043a\u0430\u044f \u043c\u0435\u0431\u0435\u043b\u044c, \u043a\u0440\u0435\u0441\u043b\u043e-\u043c\u0435\u0448\u043e\u043a,\u0442\u0443\u043c\u0431\u044b, \u041d\u041e\u0412\u042b\u0415 \u0422\u041e\u0412\u0410\u0420\u042b, T\u0443\u043c\u0431\u044b, \u041a\u0440\u0435\u0441\u043b\u043e-\u043c\u0435\u0448\u043e\u043a, Beebipood","og_description":"Laste istepadi Kilpkonn, Kilpkonnakujuline istumispadi on valmistatud kunstnahast ning t&auml;itematerjalina on kasutatud vatiini ja porolooni segu.&lt;br","og_url":"https:\/\/beebipood.ee\/ru\/produkt\/laste-istepadi-kilpkonn\/","og_site_name":"Beebipood","article_modified_time":"2025-01-09T08:52:14+00:00","og_image":[{"width":1500,"height":1000,"url":"https:\/\/beebipood.ee\/wp-content\/uploads\/2013\/09\/Laste-istepadi-kilpkonn-Pehme-moobel-kotttoolid-tumbad-Tumbad-Kotttoolid_5-038.jpg","type":"image\/jpeg"}],"twitter_card":"summary_large_image","schema":{"@context":"https:\/\/schema.org","@graph":[{"@type":"WebPage","@id":"https:\/\/beebipood.ee\/ru\/produkt\/laste-istepadi-kilpkonn\/","url":"https:\/\/beebipood.ee\/ru\/produkt\/laste-istepadi-kilpkonn\/","name":"Laste istepadi Kilpkonn, \u041c\u044f\u0433\u043a\u0430\u044f \u043c\u0435\u0431\u0435\u043b\u044c, \u043a\u0440\u0435\u0441\u043b\u043e-\u043c\u0435\u0448\u043e\u043a,\u0442\u0443\u043c\u0431\u044b, \u041d\u041e\u0412\u042b\u0415 \u0422\u041e\u0412\u0410\u0420\u042b, T\u0443\u043c\u0431\u044b, \u041a\u0440\u0435\u0441\u043b\u043e-\u043c\u0435\u0448\u043e\u043a, Beebipood","isPartOf":{"@id":"https:\/\/beebipood.ee\/ru\/#website"},"primaryImageOfPage":{"@id":"https:\/\/beebipood.ee\/ru\/produkt\/laste-istepadi-kilpkonn\/#primaryimage"},"image":{"@id":"https:\/\/beebipood.ee\/ru\/produkt\/laste-istepadi-kilpkonn\/#primaryimage"},"thumbnailUrl":"https:\/\/beebipood.ee\/wp-content\/uploads\/2013\/09\/Laste-istepadi-kilpkonn-Pehme-moobel-kotttoolid-tumbad-Tumbad-Kotttoolid_5-038.jpg","datePublished":"2013-09-02T10:50:25+00:00","dateModified":"2025-01-09T08:52:14+00:00","description":"Laste istepadi Kilpkonn, Kilpkonnakujuline istumispadi on valmistatud kunstnahast ning t&auml;itematerjalina on kasutatud vatiini ja porolooni segu.&lt;br","breadcrumb":{"@id":"https:\/\/beebipood.ee\/ru\/produkt\/laste-istepadi-kilpkonn\/#breadcrumb"},"inLanguage":"ru-RU","potentialAction":[{"@type":"ReadAction","target":["https:\/\/beebipood.ee\/ru\/produkt\/laste-istepadi-kilpkonn\/"]}]},{"@type":"ImageObject","inLanguage":"ru-RU","@id":"https:\/\/beebipood.ee\/ru\/produkt\/laste-istepadi-kilpkonn\/#primaryimage","url":"https:\/\/beebipood.ee\/wp-content\/uploads\/2013\/09\/Laste-istepadi-kilpkonn-Pehme-moobel-kotttoolid-tumbad-Tumbad-Kotttoolid_5-038.jpg","contentUrl":"https:\/\/beebipood.ee\/wp-content\/uploads\/2013\/09\/Laste-istepadi-kilpkonn-Pehme-moobel-kotttoolid-tumbad-Tumbad-Kotttoolid_5-038.jpg","width":1500,"height":1000},{"@type":"BreadcrumbList","@id":"https:\/\/beebipood.ee\/ru\/produkt\/laste-istepadi-kilpkonn\/#breadcrumb","itemListElement":[{"@type":"ListItem","position":1,"name":"Home","item":"https:\/\/beebipood.ee\/ru\/"},{"@type":"ListItem","position":2,"name":"\u041a\u0430\u0442\u0430\u043b\u043e\u0433 \u0442\u043e\u0432\u0430\u0440\u043e\u0432","item":"https:\/\/beebipood.ee\/tooted\/"},{"@type":"ListItem","position":3,"name":"Laste istepadi Kilpkonn"}]},{"@type":"WebSite","@id":"https:\/\/beebipood.ee\/ru\/#website","url":"https:\/\/beebipood.ee\/ru\/","name":"Beebipood","description":"Lastekaubad, beebikaubad, m\u00e4nguasjad","publisher":{"@id":"https:\/\/beebipood.ee\/ru\/#organization"},"potentialAction":[{"@type":"SearchAction","target":{"@type":"EntryPoint","urlTemplate":"https:\/\/beebipood.ee\/ru\/?s={search_term_string}"},"query-input":{"@type":"PropertyValueSpecification","valueRequired":true,"valueName":"search_term_string"}}],"inLanguage":"ru-RU"},{"@type":"Organization","@id":"https:\/\/beebipood.ee\/ru\/#organization","name":"Beebipood","url":"https:\/\/beebipood.ee\/ru\/","logo":{"@type":"ImageObject","inLanguage":"ru-RU","@id":"https:\/\/beebipood.ee\/ru\/#\/schema\/logo\/image\/","url":"https:\/\/beebipood.ee\/wp-content\/uploads\/2025\/03\/beebipood.ee-logo-1.svg","contentUrl":"https:\/\/beebipood.ee\/wp-content\/uploads\/2025\/03\/beebipood.ee-logo-1.svg","caption":"Beebipood"},"image":{"@id":"https:\/\/beebipood.ee\/ru\/#\/schema\/logo\/image\/"}}]}},"brands":[],"_links":{"self":[{"href":"https:\/\/beebipood.ee\/ru\/wp-json\/wp\/v2\/product\/454632","targetHints":{"allow":["GET"]}}],"collection":[{"href":"https:\/\/beebipood.ee\/ru\/wp-json\/wp\/v2\/product"}],"about":[{"href":"https:\/\/beebipood.ee\/ru\/wp-json\/wp\/v2\/types\/product"}],"wp:featuredmedia":[{"embeddable":true,"href":"https:\/\/beebipood.ee\/ru\/wp-json\/wp\/v2\/media\/101065"}],"wp:attachment":[{"href":"https:\/\/beebipood.ee\/ru\/wp-json\/wp\/v2\/media?parent=454632"}],"wp:term":[{"taxonomy":"pwb-brand","embeddable":true,"href":"https:\/\/beebipood.ee\/ru\/wp-json\/wp\/v2\/pwb-brand?post=454632"},{"taxonomy":"product_brand","embeddable":true,"href":"https:\/\/beebipood.ee\/ru\/wp-json\/wp\/v2\/product_brand?post=454632"},{"taxonomy":"product_cat","embeddable":true,"href":"https:\/\/beebipood.ee\/ru\/wp-json\/wp\/v2\/product_cat?post=454632"},{"taxonomy":"product_tag","embeddable":true,"href":"https:\/\/beebipood.ee\/ru\/wp-json\/wp\/v2\/product_tag?post=454632"}],"curies":[{"name":"wp","href":"https:\/\/api.w.org\/{rel}","templated":true}]}}