{"id":454642,"date":"2013-09-02T13:50:46","date_gmt":"2013-09-02T10:50:46","guid":{"rendered":"https:\/\/beebipood.ee\/toode\/tugitool-voodi-trend-varvivalik\/"},"modified":"2025-03-04T11:26:05","modified_gmt":"2025-03-04T09:26:05","slug":"tugitool-voodi-trend-varvivalik","status":"publish","type":"product","link":"https:\/\/beebipood.ee\/ru\/produkt\/tugitool-voodi-trend-varvivalik\/","title":{"rendered":"Tugitool-Voodi Trend, v\u00e4rvivalik"},"content":{"rendered":"<p>Efektne ja praktiline 3-osaline kokkuvolditav tugitool-voodi Trend, <br \/>millel sisuks poroloonblokid ja \u00fcmbriseks m\u00f6\u00f6bliriidest kangas <br \/>(mis on luku abil eemaldatav).<br \/>Ilma raamita kokkuklapitav tugitool-voodi on kerge <br \/>ja lihtsasti ringi t\u00f5stetav.<br \/>M\u00f5\u00f5dud tumbana: laius 60 cm, s\u00fcgavus 80 cm, k\u00f5rgus 61 cm.<br \/>M\u00f5\u00f5dud madratsina: laius 60 cm, s\u00fcgavus 195 cm, k\u00f5rgus 17 cm.<br \/>Tumbat \u00fcmbritsevat katet on v\u00f5imalik mugavalt pesumasinas pesta <br \/>(tavapesu programm, kuni 40 kraadi).<br \/>Disainitud ja toodetud Eestis!<br \/>Macau kangas<br \/>on pehme ja \u00f5huke mitmetooniline m\u00f6\u00f6bliriie, <br \/>mis sobib ideaalselt poroloontoodetele \u00fcmber,<br \/>seda saab vajadusel lukkude abil eemaldada iga mooduli \u00fcmbert, <br \/>et pesta, samas on ta t\u00e4nu oma mitmetoonilisusele hea peitev\u00f5imega.<\/p>\n","protected":false},"excerpt":{"rendered":"<p>Efektne ja praktiline 3-osaline kokkuvolditav tugitool-voodi Trend, millel sisuks poroloonblokid ja \u00fcmbriseks m\u00f6\u00f6bliriidest kangas (mis on luku abil eemaldatav).Ilma raamita kokkuklapitav tugitool-voodi on kerge ja lihtsasti ringi t\u00f5stetav.M\u00f5\u00f5dud tumbana: laius 60 cm, s\u00fcgavus 80 cm, k\u00f5rgus 61 cm.M\u00f5\u00f5dud madratsina: laius 60 cm, s\u00fcgavus 195 cm, k\u00f5rgus 17 cm.Tumbat \u00fcmbritsevat katet on v\u00f5imalik mugavalt pesumasinas pesta [&hellip;]<\/p>\n","protected":false},"featured_media":101101,"template":"","meta":{"_acf_changed":false},"pwb-brand":[],"product_brand":[],"product_cat":[11615,11617,11565,11789],"product_tag":[],"class_list":{"0":"post-454642","1":"product","2":"type-product","3":"status-publish","4":"has-post-thumbnail","6":"product_cat-lastele-ru","7":"product_cat-tugitoolid-ru","8":"product_cat-pehme-moobel-kott-toolid-tumbad-ru","9":"product_cat-lastemoobel-ja-sisustus-ru","11":"first","12":"onbackorder","13":"sale","14":"taxable","15":"shipping-taxable","16":"purchasable","17":"product-type-simple"},"exclude_global_add_ons":false,"addons":[{"name":"Vali v\u00e4rv","type":"multiple_choice","position":0,"required":true,"title_format":"heading","default":"","description_enable":false,"description":"","placeholder_enable":false,"placeholder":"","display":"images","restrictions_type":"any_text","adjust_price":false,"price":"","price_type":"flat_fee","restrictions":false,"min":"0","max":"0","options":[{"label":"Bee\u017e","price":"","price_type":"quantity_based","image":501037,"visibility":true},{"label":"Hall","price":"","price_type":"quantity_based","image":501039,"visibility":true},{"label":"Helehall","price":"","price_type":"quantity_based","image":501041,"visibility":true},{"label":"Heleroheline","price":"","price_type":"quantity_based","image":501043,"visibility":true},{"label":"Heleroosa","price":"","price_type":"quantity_based","image":501045,"visibility":true},{"label":"Helesinine","price":"","price_type":"quantity_based","image":501047,"visibility":true},{"label":"Kollane","price":"","price_type":"quantity_based","image":501049,"visibility":true},{"label":"Laimiroheline","price":"","price_type":"quantity_based","image":501051,"visibility":true},{"label":"Sinakasroheline","price":"","price_type":"quantity_based","image":501053,"visibility":true},{"label":"Tumepruun","price":"","price_type":"quantity_based","image":501055,"visibility":true},{"label":"Tumepunane","price":"","price_type":"quantity_based","image":501057,"visibility":true},{"label":"Tumesinine","price":"","price_type":"quantity_based","image":501059,"visibility":true}]}],"acf":[],"yoast_head":"<!-- This site is optimized with the Yoast SEO plugin v27.1.1 - https:\/\/yoast.com\/product\/yoast-seo-wordpress\/ -->\n<title>Tugitool-Voodi Trend, v\u00e4rvivalik, \u041c\u044f\u0433\u043a\u0430\u044f \u043c\u0435\u0431\u0435\u043b\u044c, \u043a\u0440\u0435\u0441\u043b\u043e-\u043c\u0435\u0448\u043e\u043a,\u0442\u0443\u043c\u0431\u044b, \u041d\u041e\u0412\u042b\u0415 \u0422\u041e\u0412\u0410\u0420\u042b, \u0414\u043b\u044f \u0434\u0435\u0442\u0435\u0439, \u041a\u0440\u0435\u0441\u043b\u0430, M\u0435\u0431\u0435\u043b\u044c, Beebipood<\/title>\n<meta name=\"description\" content=\"Tugitool-Voodi Trend, v\u00e4rvivalik, Efektne ja praktiline 3-osaline kokkuvolditav tugitool-voodi Trend, millel sisuks poroloonblokid ja &uuml;mbriseks m\" \/>\n<meta name=\"robots\" content=\"index, follow, max-snippet:-1, max-image-preview:large, max-video-preview:-1\" \/>\n<link rel=\"canonical\" href=\"https:\/\/beebipood.ee\/ru\/produkt\/tugitool-voodi-trend-varvivalik\/\" \/>\n<meta property=\"og:locale\" content=\"ru_RU\" \/>\n<meta property=\"og:type\" content=\"article\" \/>\n<meta property=\"og:title\" content=\"Tugitool-Voodi Trend, v\u00e4rvivalik, \u041c\u044f\u0433\u043a\u0430\u044f \u043c\u0435\u0431\u0435\u043b\u044c, \u043a\u0440\u0435\u0441\u043b\u043e-\u043c\u0435\u0448\u043e\u043a,\u0442\u0443\u043c\u0431\u044b, \u041d\u041e\u0412\u042b\u0415 \u0422\u041e\u0412\u0410\u0420\u042b, \u0414\u043b\u044f \u0434\u0435\u0442\u0435\u0439, \u041a\u0440\u0435\u0441\u043b\u0430, M\u0435\u0431\u0435\u043b\u044c, Beebipood\" \/>\n<meta property=\"og:description\" content=\"Tugitool-Voodi Trend, v\u00e4rvivalik, Efektne ja praktiline 3-osaline kokkuvolditav tugitool-voodi Trend, millel sisuks poroloonblokid ja &uuml;mbriseks m\" \/>\n<meta property=\"og:url\" content=\"https:\/\/beebipood.ee\/ru\/produkt\/tugitool-voodi-trend-varvivalik\/\" \/>\n<meta property=\"og:site_name\" content=\"Beebipood\" \/>\n<meta property=\"article:modified_time\" content=\"2025-03-04T09:26:05+00:00\" \/>\n<meta property=\"og:image\" content=\"https:\/\/beebipood.ee\/wp-content\/uploads\/2013\/09\/TugitoolVoodi-Trend-varvivalik-Pehme-moobel-kotttoolid-tumbad-UUED-TOOTED-Lastele-Tugitoolid-Lastemoobel-ja-sisustus_1-a8a.jpg\" \/>\n\t<meta property=\"og:image:width\" content=\"1024\" \/>\n\t<meta property=\"og:image:height\" content=\"683\" \/>\n\t<meta property=\"og:image:type\" content=\"image\/jpeg\" \/>\n<meta name=\"twitter:card\" content=\"summary_large_image\" \/>\n<meta name=\"twitter:label1\" content=\"\u041f\u0440\u0438\u043c\u0435\u0440\u043d\u043e\u0435 \u0432\u0440\u0435\u043c\u044f \u0434\u043b\u044f \u0447\u0442\u0435\u043d\u0438\u044f\" \/>\n\t<meta name=\"twitter:data1\" content=\"1 \u043c\u0438\u043d\u0443\u0442\u0430\" \/>\n<script type=\"application\/ld+json\" class=\"yoast-schema-graph\">{\"@context\":\"https:\/\/schema.org\",\"@graph\":[{\"@type\":\"WebPage\",\"@id\":\"https:\/\/beebipood.ee\/ru\/produkt\/tugitool-voodi-trend-varvivalik\/\",\"url\":\"https:\/\/beebipood.ee\/ru\/produkt\/tugitool-voodi-trend-varvivalik\/\",\"name\":\"Tugitool-Voodi Trend, v\u00e4rvivalik, \u041c\u044f\u0433\u043a\u0430\u044f \u043c\u0435\u0431\u0435\u043b\u044c, \u043a\u0440\u0435\u0441\u043b\u043e-\u043c\u0435\u0448\u043e\u043a,\u0442\u0443\u043c\u0431\u044b, \u041d\u041e\u0412\u042b\u0415 \u0422\u041e\u0412\u0410\u0420\u042b, \u0414\u043b\u044f \u0434\u0435\u0442\u0435\u0439, \u041a\u0440\u0435\u0441\u043b\u0430, M\u0435\u0431\u0435\u043b\u044c, Beebipood\",\"isPartOf\":{\"@id\":\"https:\/\/beebipood.ee\/ru\/#website\"},\"primaryImageOfPage\":{\"@id\":\"https:\/\/beebipood.ee\/ru\/produkt\/tugitool-voodi-trend-varvivalik\/#primaryimage\"},\"image\":{\"@id\":\"https:\/\/beebipood.ee\/ru\/produkt\/tugitool-voodi-trend-varvivalik\/#primaryimage\"},\"thumbnailUrl\":\"https:\/\/beebipood.ee\/wp-content\/uploads\/2013\/09\/TugitoolVoodi-Trend-varvivalik-Pehme-moobel-kotttoolid-tumbad-UUED-TOOTED-Lastele-Tugitoolid-Lastemoobel-ja-sisustus_1-a8a.jpg\",\"datePublished\":\"2013-09-02T10:50:46+00:00\",\"dateModified\":\"2025-03-04T09:26:05+00:00\",\"description\":\"Tugitool-Voodi Trend, v\u00e4rvivalik, Efektne ja praktiline 3-osaline kokkuvolditav tugitool-voodi Trend, millel sisuks poroloonblokid ja &uuml;mbriseks m\",\"breadcrumb\":{\"@id\":\"https:\/\/beebipood.ee\/ru\/produkt\/tugitool-voodi-trend-varvivalik\/#breadcrumb\"},\"inLanguage\":\"ru-RU\",\"potentialAction\":[{\"@type\":\"ReadAction\",\"target\":[\"https:\/\/beebipood.ee\/ru\/produkt\/tugitool-voodi-trend-varvivalik\/\"]}]},{\"@type\":\"ImageObject\",\"inLanguage\":\"ru-RU\",\"@id\":\"https:\/\/beebipood.ee\/ru\/produkt\/tugitool-voodi-trend-varvivalik\/#primaryimage\",\"url\":\"https:\/\/beebipood.ee\/wp-content\/uploads\/2013\/09\/TugitoolVoodi-Trend-varvivalik-Pehme-moobel-kotttoolid-tumbad-UUED-TOOTED-Lastele-Tugitoolid-Lastemoobel-ja-sisustus_1-a8a.jpg\",\"contentUrl\":\"https:\/\/beebipood.ee\/wp-content\/uploads\/2013\/09\/TugitoolVoodi-Trend-varvivalik-Pehme-moobel-kotttoolid-tumbad-UUED-TOOTED-Lastele-Tugitoolid-Lastemoobel-ja-sisustus_1-a8a.jpg\",\"width\":1024,\"height\":683},{\"@type\":\"BreadcrumbList\",\"@id\":\"https:\/\/beebipood.ee\/ru\/produkt\/tugitool-voodi-trend-varvivalik\/#breadcrumb\",\"itemListElement\":[{\"@type\":\"ListItem\",\"position\":1,\"name\":\"Home\",\"item\":\"https:\/\/beebipood.ee\/ru\/\"},{\"@type\":\"ListItem\",\"position\":2,\"name\":\"\u041a\u0430\u0442\u0430\u043b\u043e\u0433 \u0442\u043e\u0432\u0430\u0440\u043e\u0432\",\"item\":\"https:\/\/beebipood.ee\/tooted\/\"},{\"@type\":\"ListItem\",\"position\":3,\"name\":\"Tugitool-Voodi Trend, v\u00e4rvivalik\"}]},{\"@type\":\"WebSite\",\"@id\":\"https:\/\/beebipood.ee\/ru\/#website\",\"url\":\"https:\/\/beebipood.ee\/ru\/\",\"name\":\"Beebipood\",\"description\":\"Lastekaubad, beebikaubad, m\u00e4nguasjad\",\"publisher\":{\"@id\":\"https:\/\/beebipood.ee\/ru\/#organization\"},\"potentialAction\":[{\"@type\":\"SearchAction\",\"target\":{\"@type\":\"EntryPoint\",\"urlTemplate\":\"https:\/\/beebipood.ee\/ru\/?s={search_term_string}\"},\"query-input\":{\"@type\":\"PropertyValueSpecification\",\"valueRequired\":true,\"valueName\":\"search_term_string\"}}],\"inLanguage\":\"ru-RU\"},{\"@type\":\"Organization\",\"@id\":\"https:\/\/beebipood.ee\/ru\/#organization\",\"name\":\"Beebipood\",\"url\":\"https:\/\/beebipood.ee\/ru\/\",\"logo\":{\"@type\":\"ImageObject\",\"inLanguage\":\"ru-RU\",\"@id\":\"https:\/\/beebipood.ee\/ru\/#\/schema\/logo\/image\/\",\"url\":\"https:\/\/beebipood.ee\/wp-content\/uploads\/2025\/03\/beebipood.ee-logo-1.svg\",\"contentUrl\":\"https:\/\/beebipood.ee\/wp-content\/uploads\/2025\/03\/beebipood.ee-logo-1.svg\",\"caption\":\"Beebipood\"},\"image\":{\"@id\":\"https:\/\/beebipood.ee\/ru\/#\/schema\/logo\/image\/\"}}]}<\/script>\n<!-- \/ Yoast SEO plugin. -->","yoast_head_json":{"title":"Tugitool-Voodi Trend, v\u00e4rvivalik, \u041c\u044f\u0433\u043a\u0430\u044f \u043c\u0435\u0431\u0435\u043b\u044c, \u043a\u0440\u0435\u0441\u043b\u043e-\u043c\u0435\u0448\u043e\u043a,\u0442\u0443\u043c\u0431\u044b, \u041d\u041e\u0412\u042b\u0415 \u0422\u041e\u0412\u0410\u0420\u042b, \u0414\u043b\u044f \u0434\u0435\u0442\u0435\u0439, \u041a\u0440\u0435\u0441\u043b\u0430, M\u0435\u0431\u0435\u043b\u044c, Beebipood","description":"Tugitool-Voodi Trend, v\u00e4rvivalik, Efektne ja praktiline 3-osaline kokkuvolditav tugitool-voodi Trend, millel sisuks poroloonblokid ja &uuml;mbriseks m","robots":{"index":"index","follow":"follow","max-snippet":"max-snippet:-1","max-image-preview":"max-image-preview:large","max-video-preview":"max-video-preview:-1"},"canonical":"https:\/\/beebipood.ee\/ru\/produkt\/tugitool-voodi-trend-varvivalik\/","og_locale":"ru_RU","og_type":"article","og_title":"Tugitool-Voodi Trend, v\u00e4rvivalik, \u041c\u044f\u0433\u043a\u0430\u044f \u043c\u0435\u0431\u0435\u043b\u044c, \u043a\u0440\u0435\u0441\u043b\u043e-\u043c\u0435\u0448\u043e\u043a,\u0442\u0443\u043c\u0431\u044b, \u041d\u041e\u0412\u042b\u0415 \u0422\u041e\u0412\u0410\u0420\u042b, \u0414\u043b\u044f \u0434\u0435\u0442\u0435\u0439, \u041a\u0440\u0435\u0441\u043b\u0430, M\u0435\u0431\u0435\u043b\u044c, Beebipood","og_description":"Tugitool-Voodi Trend, v\u00e4rvivalik, Efektne ja praktiline 3-osaline kokkuvolditav tugitool-voodi Trend, millel sisuks poroloonblokid ja &uuml;mbriseks m","og_url":"https:\/\/beebipood.ee\/ru\/produkt\/tugitool-voodi-trend-varvivalik\/","og_site_name":"Beebipood","article_modified_time":"2025-03-04T09:26:05+00:00","og_image":[{"width":1024,"height":683,"url":"https:\/\/beebipood.ee\/wp-content\/uploads\/2013\/09\/TugitoolVoodi-Trend-varvivalik-Pehme-moobel-kotttoolid-tumbad-UUED-TOOTED-Lastele-Tugitoolid-Lastemoobel-ja-sisustus_1-a8a.jpg","type":"image\/jpeg"}],"twitter_card":"summary_large_image","twitter_misc":{"\u041f\u0440\u0438\u043c\u0435\u0440\u043d\u043e\u0435 \u0432\u0440\u0435\u043c\u044f \u0434\u043b\u044f \u0447\u0442\u0435\u043d\u0438\u044f":"1 \u043c\u0438\u043d\u0443\u0442\u0430"},"schema":{"@context":"https:\/\/schema.org","@graph":[{"@type":"WebPage","@id":"https:\/\/beebipood.ee\/ru\/produkt\/tugitool-voodi-trend-varvivalik\/","url":"https:\/\/beebipood.ee\/ru\/produkt\/tugitool-voodi-trend-varvivalik\/","name":"Tugitool-Voodi Trend, v\u00e4rvivalik, \u041c\u044f\u0433\u043a\u0430\u044f \u043c\u0435\u0431\u0435\u043b\u044c, \u043a\u0440\u0435\u0441\u043b\u043e-\u043c\u0435\u0448\u043e\u043a,\u0442\u0443\u043c\u0431\u044b, \u041d\u041e\u0412\u042b\u0415 \u0422\u041e\u0412\u0410\u0420\u042b, \u0414\u043b\u044f \u0434\u0435\u0442\u0435\u0439, \u041a\u0440\u0435\u0441\u043b\u0430, M\u0435\u0431\u0435\u043b\u044c, Beebipood","isPartOf":{"@id":"https:\/\/beebipood.ee\/ru\/#website"},"primaryImageOfPage":{"@id":"https:\/\/beebipood.ee\/ru\/produkt\/tugitool-voodi-trend-varvivalik\/#primaryimage"},"image":{"@id":"https:\/\/beebipood.ee\/ru\/produkt\/tugitool-voodi-trend-varvivalik\/#primaryimage"},"thumbnailUrl":"https:\/\/beebipood.ee\/wp-content\/uploads\/2013\/09\/TugitoolVoodi-Trend-varvivalik-Pehme-moobel-kotttoolid-tumbad-UUED-TOOTED-Lastele-Tugitoolid-Lastemoobel-ja-sisustus_1-a8a.jpg","datePublished":"2013-09-02T10:50:46+00:00","dateModified":"2025-03-04T09:26:05+00:00","description":"Tugitool-Voodi Trend, v\u00e4rvivalik, Efektne ja praktiline 3-osaline kokkuvolditav tugitool-voodi Trend, millel sisuks poroloonblokid ja &uuml;mbriseks m","breadcrumb":{"@id":"https:\/\/beebipood.ee\/ru\/produkt\/tugitool-voodi-trend-varvivalik\/#breadcrumb"},"inLanguage":"ru-RU","potentialAction":[{"@type":"ReadAction","target":["https:\/\/beebipood.ee\/ru\/produkt\/tugitool-voodi-trend-varvivalik\/"]}]},{"@type":"ImageObject","inLanguage":"ru-RU","@id":"https:\/\/beebipood.ee\/ru\/produkt\/tugitool-voodi-trend-varvivalik\/#primaryimage","url":"https:\/\/beebipood.ee\/wp-content\/uploads\/2013\/09\/TugitoolVoodi-Trend-varvivalik-Pehme-moobel-kotttoolid-tumbad-UUED-TOOTED-Lastele-Tugitoolid-Lastemoobel-ja-sisustus_1-a8a.jpg","contentUrl":"https:\/\/beebipood.ee\/wp-content\/uploads\/2013\/09\/TugitoolVoodi-Trend-varvivalik-Pehme-moobel-kotttoolid-tumbad-UUED-TOOTED-Lastele-Tugitoolid-Lastemoobel-ja-sisustus_1-a8a.jpg","width":1024,"height":683},{"@type":"BreadcrumbList","@id":"https:\/\/beebipood.ee\/ru\/produkt\/tugitool-voodi-trend-varvivalik\/#breadcrumb","itemListElement":[{"@type":"ListItem","position":1,"name":"Home","item":"https:\/\/beebipood.ee\/ru\/"},{"@type":"ListItem","position":2,"name":"\u041a\u0430\u0442\u0430\u043b\u043e\u0433 \u0442\u043e\u0432\u0430\u0440\u043e\u0432","item":"https:\/\/beebipood.ee\/tooted\/"},{"@type":"ListItem","position":3,"name":"Tugitool-Voodi Trend, v\u00e4rvivalik"}]},{"@type":"WebSite","@id":"https:\/\/beebipood.ee\/ru\/#website","url":"https:\/\/beebipood.ee\/ru\/","name":"Beebipood","description":"Lastekaubad, beebikaubad, m\u00e4nguasjad","publisher":{"@id":"https:\/\/beebipood.ee\/ru\/#organization"},"potentialAction":[{"@type":"SearchAction","target":{"@type":"EntryPoint","urlTemplate":"https:\/\/beebipood.ee\/ru\/?s={search_term_string}"},"query-input":{"@type":"PropertyValueSpecification","valueRequired":true,"valueName":"search_term_string"}}],"inLanguage":"ru-RU"},{"@type":"Organization","@id":"https:\/\/beebipood.ee\/ru\/#organization","name":"Beebipood","url":"https:\/\/beebipood.ee\/ru\/","logo":{"@type":"ImageObject","inLanguage":"ru-RU","@id":"https:\/\/beebipood.ee\/ru\/#\/schema\/logo\/image\/","url":"https:\/\/beebipood.ee\/wp-content\/uploads\/2025\/03\/beebipood.ee-logo-1.svg","contentUrl":"https:\/\/beebipood.ee\/wp-content\/uploads\/2025\/03\/beebipood.ee-logo-1.svg","caption":"Beebipood"},"image":{"@id":"https:\/\/beebipood.ee\/ru\/#\/schema\/logo\/image\/"}}]}},"brands":[],"_links":{"self":[{"href":"https:\/\/beebipood.ee\/ru\/wp-json\/wp\/v2\/product\/454642","targetHints":{"allow":["GET"]}}],"collection":[{"href":"https:\/\/beebipood.ee\/ru\/wp-json\/wp\/v2\/product"}],"about":[{"href":"https:\/\/beebipood.ee\/ru\/wp-json\/wp\/v2\/types\/product"}],"wp:featuredmedia":[{"embeddable":true,"href":"https:\/\/beebipood.ee\/ru\/wp-json\/wp\/v2\/media\/101101"}],"wp:attachment":[{"href":"https:\/\/beebipood.ee\/ru\/wp-json\/wp\/v2\/media?parent=454642"}],"wp:term":[{"taxonomy":"pwb-brand","embeddable":true,"href":"https:\/\/beebipood.ee\/ru\/wp-json\/wp\/v2\/pwb-brand?post=454642"},{"taxonomy":"product_brand","embeddable":true,"href":"https:\/\/beebipood.ee\/ru\/wp-json\/wp\/v2\/product_brand?post=454642"},{"taxonomy":"product_cat","embeddable":true,"href":"https:\/\/beebipood.ee\/ru\/wp-json\/wp\/v2\/product_cat?post=454642"},{"taxonomy":"product_tag","embeddable":true,"href":"https:\/\/beebipood.ee\/ru\/wp-json\/wp\/v2\/product_tag?post=454642"}],"curies":[{"name":"wp","href":"https:\/\/api.w.org\/{rel}","templated":true}]}}