{"id":454644,"date":"2013-09-02T13:50:48","date_gmt":"2013-09-02T10:50:48","guid":{"rendered":"https:\/\/beebipood.ee\/toode\/vaikelapse-koogitorn-muudetava-korgusega-car-model-uhevarviline\/"},"modified":"2025-01-09T10:52:13","modified_gmt":"2025-01-09T08:52:13","slug":"vaikelapse-koogitorn-muudetava-korgusega-car-model-uhevarviline","status":"publish","type":"product","link":"https:\/\/beebipood.ee\/ru\/produkt\/vaikelapse-koogitorn-muudetava-korgusega-car-model-uhevarviline\/","title":{"rendered":"V\u00e4ikelapse k\u00f6\u00f6gitorn muudetava k\u00f5rgusega Car Model, \u00fchev\u00e4rviline"},"content":{"rendered":"<p>Muudetavate astmete k\u00f5rgusega v\u00e4ikelapse k\u00f6\u00f6gitorn\/torntool on t\u00e4iuslik abiline,<br \/>mis on m\u00f5eldud \u00f5ppimiseks, s\u00f6\u00f6gitegemiseks, <br \/>k\u00e4ttesaamatutesse kohtadesse j\u00f5udmiseks v\u00f5i lihtsalt m\u00e4ngimiseks. <br \/>Lapse kasvades on k\u00f6\u00f6gitorni astmete k\u00f5rguseid v\u00f6imalik muuta.<br \/>Kuidas k\u00f6\u00f6gitorn aitab s\u00fc\u00fca teha? <br \/>Paigutaga k\u00f6\u00f6gitorn k\u00f6\u00f6gi t\u00f6\u00f6tasapinna juurde ja laske lapsel aidata teil \u00f5htus\u00f6\u00f6ki valmistada, <br \/>sest koos s\u00f6\u00f6gitegemine on lapse jaoks alati huvitav. <br \/>K\u00f6\u00f6gitornist\/torntoolist ei saa mitte ainult teie lapse s\u00f5ber, vaid see on pereliige, <br \/>kes on alati valmis aitama v\u00e4ikestel j\u00f5uda k\u00e4ttesaamatutesse kohtadesse <br \/>ja saavutada uusi eesm\u00e4rke.<\/p>\n<p>M\u00d5\u00d5DUD:<br \/>K\u00f5rgus: 90 cm <br \/>Laius: 38 cm <br \/>S\u00fcgavus: 40 cm <br \/>Esimene aste (p\u00f5randast): 24 cm<br \/>Teine aste (p\u00f5randast): 45 cm<\/p>\n","protected":false},"excerpt":{"rendered":"<p>Muudetavate astmete k\u00f5rgusega v\u00e4ikelapse k\u00f6\u00f6gitorn\/torntool on t\u00e4iuslik abiline,mis on m\u00f5eldud \u00f5ppimiseks, s\u00f6\u00f6gitegemiseks, k\u00e4ttesaamatutesse kohtadesse j\u00f5udmiseks v\u00f5i lihtsalt m\u00e4ngimiseks. Lapse kasvades on k\u00f6\u00f6gitorni astmete k\u00f5rguseid v\u00f6imalik muuta.Kuidas k\u00f6\u00f6gitorn aitab s\u00fc\u00fca teha? Paigutaga k\u00f6\u00f6gitorn k\u00f6\u00f6gi t\u00f6\u00f6tasapinna juurde ja laske lapsel aidata teil \u00f5htus\u00f6\u00f6ki valmistada, sest koos s\u00f6\u00f6gitegemine on lapse jaoks alati huvitav. K\u00f6\u00f6gitornist\/torntoolist ei saa mitte ainult [&hellip;]<\/p>\n","protected":false},"featured_media":101105,"template":"","meta":{"_acf_changed":false},"pwb-brand":[],"product_brand":[],"product_cat":[11651,11647,11789],"product_tag":[],"class_list":{"0":"post-454644","1":"product","2":"type-product","3":"status-publish","4":"has-post-thumbnail","6":"product_cat-lastetoolid-ru","7":"product_cat-lastelauad-toolid-arvuti-ja-kirjutuslauad-ru","8":"product_cat-lastemoobel-ja-sisustus-ru","10":"first","11":"onbackorder","12":"sale","13":"taxable","14":"shipping-taxable","15":"purchasable","16":"product-type-simple"},"exclude_global_add_ons":false,"addons":[{"name":"Vali v\u00e4rv","type":"multiple_choice","position":0,"required":true,"title_format":"heading","default":"","description_enable":false,"description":"","placeholder_enable":false,"placeholder":"","display":"select","restrictions_type":"any_text","adjust_price":false,"price":"","price_type":"flat_fee","restrictions":false,"min":"0","max":"0","options":[{"label":"Puuvalmis","price":"","price_type":"quantity_based","image":0,"visibility":true},{"label":"Valge","price":"10.0000","price_type":"quantity_based","image":0,"visibility":true},{"label":"Roosa","price":"10.0000","price_type":"quantity_based","image":0,"visibility":true},{"label":"Hall","price":"10.0000","price_type":"quantity_based","image":0,"visibility":true},{"label":"Sinine","price":"10.0000","price_type":"quantity_based","image":0,"visibility":true},{"label":"Roheline","price":"10.0000","price_type":"quantity_based","image":0,"visibility":true}]}],"acf":[],"yoast_head":"<!-- This site is optimized with the Yoast SEO plugin v27.1.1 - https:\/\/yoast.com\/product\/yoast-seo-wordpress\/ -->\n<title>V\u00e4ikelapse k\u00f6\u00f6gitorn muudetava k\u00f5rgusega Car Model, \u00fchev\u00e4rviline, \u0414\u0435\u0442\u0441\u043a\u0438\u0435 \u0441\u0442\u043e\u043b\u044b, \u0441\u0442\u0443\u043b\u044c\u044f, \u043f\u0438\u0441\u044c\u043c\u0435\u043d\u043d\u044b\u0435 \u0441\u0442\u043e\u043b\u044b, \u0414\u0435\u0442\u0441\u043a\u0438\u0435 \u0441\u0442\u0443\u043b\u044c\u044f, M\u0435\u0431\u0435\u043b\u044c, Beebipood<\/title>\n<meta name=\"description\" content=\"V\u00e4ikelapse k\u00f6\u00f6gitorn muudetava k\u00f5rgusega Car Model, \u00fchev\u00e4rviline, Muudetavate astmete k&otilde;rgusega v&auml;ikelapse k&ouml;&ouml;gitorn\/torntool on\" \/>\n<meta name=\"robots\" content=\"index, follow, max-snippet:-1, max-image-preview:large, max-video-preview:-1\" \/>\n<link rel=\"canonical\" href=\"https:\/\/beebipood.ee\/ru\/produkt\/vaikelapse-koogitorn-muudetava-korgusega-car-model-uhevarviline\/\" \/>\n<meta property=\"og:locale\" content=\"ru_RU\" \/>\n<meta property=\"og:type\" content=\"article\" \/>\n<meta property=\"og:title\" content=\"V\u00e4ikelapse k\u00f6\u00f6gitorn muudetava k\u00f5rgusega Car Model, \u00fchev\u00e4rviline, \u0414\u0435\u0442\u0441\u043a\u0438\u0435 \u0441\u0442\u043e\u043b\u044b, \u0441\u0442\u0443\u043b\u044c\u044f, \u043f\u0438\u0441\u044c\u043c\u0435\u043d\u043d\u044b\u0435 \u0441\u0442\u043e\u043b\u044b, \u0414\u0435\u0442\u0441\u043a\u0438\u0435 \u0441\u0442\u0443\u043b\u044c\u044f, M\u0435\u0431\u0435\u043b\u044c, Beebipood\" \/>\n<meta property=\"og:description\" content=\"V\u00e4ikelapse k\u00f6\u00f6gitorn muudetava k\u00f5rgusega Car Model, \u00fchev\u00e4rviline, Muudetavate astmete k&otilde;rgusega v&auml;ikelapse k&ouml;&ouml;gitorn\/torntool on\" \/>\n<meta property=\"og:url\" content=\"https:\/\/beebipood.ee\/ru\/produkt\/vaikelapse-koogitorn-muudetava-korgusega-car-model-uhevarviline\/\" \/>\n<meta property=\"og:site_name\" content=\"Beebipood\" \/>\n<meta property=\"article:modified_time\" content=\"2025-01-09T08:52:13+00:00\" \/>\n<meta property=\"og:image\" content=\"https:\/\/beebipood.ee\/wp-content\/uploads\/2013\/09\/Vaikelapse-koogitorn-muudetava-korgusega-Car-Model-uhevarviline-Lastelauad-toolid-Arvutija-kirjutuslauad-Lastetoolid_2-334.jpg\" \/>\n\t<meta property=\"og:image:width\" content=\"1140\" \/>\n\t<meta property=\"og:image:height\" content=\"758\" \/>\n\t<meta property=\"og:image:type\" content=\"image\/jpeg\" \/>\n<meta name=\"twitter:card\" content=\"summary_large_image\" \/>\n<meta name=\"twitter:label1\" content=\"\u041f\u0440\u0438\u043c\u0435\u0440\u043d\u043e\u0435 \u0432\u0440\u0435\u043c\u044f \u0434\u043b\u044f \u0447\u0442\u0435\u043d\u0438\u044f\" \/>\n\t<meta name=\"twitter:data1\" content=\"1 \u043c\u0438\u043d\u0443\u0442\u0430\" \/>\n<script type=\"application\/ld+json\" class=\"yoast-schema-graph\">{\"@context\":\"https:\/\/schema.org\",\"@graph\":[{\"@type\":\"WebPage\",\"@id\":\"https:\/\/beebipood.ee\/ru\/produkt\/vaikelapse-koogitorn-muudetava-korgusega-car-model-uhevarviline\/\",\"url\":\"https:\/\/beebipood.ee\/ru\/produkt\/vaikelapse-koogitorn-muudetava-korgusega-car-model-uhevarviline\/\",\"name\":\"V\u00e4ikelapse k\u00f6\u00f6gitorn muudetava k\u00f5rgusega Car Model, \u00fchev\u00e4rviline, \u0414\u0435\u0442\u0441\u043a\u0438\u0435 \u0441\u0442\u043e\u043b\u044b, \u0441\u0442\u0443\u043b\u044c\u044f, \u043f\u0438\u0441\u044c\u043c\u0435\u043d\u043d\u044b\u0435 \u0441\u0442\u043e\u043b\u044b, \u0414\u0435\u0442\u0441\u043a\u0438\u0435 \u0441\u0442\u0443\u043b\u044c\u044f, M\u0435\u0431\u0435\u043b\u044c, Beebipood\",\"isPartOf\":{\"@id\":\"https:\/\/beebipood.ee\/ru\/#website\"},\"primaryImageOfPage\":{\"@id\":\"https:\/\/beebipood.ee\/ru\/produkt\/vaikelapse-koogitorn-muudetava-korgusega-car-model-uhevarviline\/#primaryimage\"},\"image\":{\"@id\":\"https:\/\/beebipood.ee\/ru\/produkt\/vaikelapse-koogitorn-muudetava-korgusega-car-model-uhevarviline\/#primaryimage\"},\"thumbnailUrl\":\"https:\/\/beebipood.ee\/wp-content\/uploads\/2013\/09\/Vaikelapse-koogitorn-muudetava-korgusega-Car-Model-uhevarviline-Lastelauad-toolid-Arvutija-kirjutuslauad-Lastetoolid_2-334.jpg\",\"datePublished\":\"2013-09-02T10:50:48+00:00\",\"dateModified\":\"2025-01-09T08:52:13+00:00\",\"description\":\"V\u00e4ikelapse k\u00f6\u00f6gitorn muudetava k\u00f5rgusega Car Model, \u00fchev\u00e4rviline, Muudetavate astmete k&otilde;rgusega v&auml;ikelapse k&ouml;&ouml;gitorn\/torntool on\",\"breadcrumb\":{\"@id\":\"https:\/\/beebipood.ee\/ru\/produkt\/vaikelapse-koogitorn-muudetava-korgusega-car-model-uhevarviline\/#breadcrumb\"},\"inLanguage\":\"ru-RU\",\"potentialAction\":[{\"@type\":\"ReadAction\",\"target\":[\"https:\/\/beebipood.ee\/ru\/produkt\/vaikelapse-koogitorn-muudetava-korgusega-car-model-uhevarviline\/\"]}]},{\"@type\":\"ImageObject\",\"inLanguage\":\"ru-RU\",\"@id\":\"https:\/\/beebipood.ee\/ru\/produkt\/vaikelapse-koogitorn-muudetava-korgusega-car-model-uhevarviline\/#primaryimage\",\"url\":\"https:\/\/beebipood.ee\/wp-content\/uploads\/2013\/09\/Vaikelapse-koogitorn-muudetava-korgusega-Car-Model-uhevarviline-Lastelauad-toolid-Arvutija-kirjutuslauad-Lastetoolid_2-334.jpg\",\"contentUrl\":\"https:\/\/beebipood.ee\/wp-content\/uploads\/2013\/09\/Vaikelapse-koogitorn-muudetava-korgusega-Car-Model-uhevarviline-Lastelauad-toolid-Arvutija-kirjutuslauad-Lastetoolid_2-334.jpg\",\"width\":1140,\"height\":758},{\"@type\":\"BreadcrumbList\",\"@id\":\"https:\/\/beebipood.ee\/ru\/produkt\/vaikelapse-koogitorn-muudetava-korgusega-car-model-uhevarviline\/#breadcrumb\",\"itemListElement\":[{\"@type\":\"ListItem\",\"position\":1,\"name\":\"Home\",\"item\":\"https:\/\/beebipood.ee\/ru\/\"},{\"@type\":\"ListItem\",\"position\":2,\"name\":\"\u041a\u0430\u0442\u0430\u043b\u043e\u0433 \u0442\u043e\u0432\u0430\u0440\u043e\u0432\",\"item\":\"https:\/\/beebipood.ee\/tooted\/\"},{\"@type\":\"ListItem\",\"position\":3,\"name\":\"V\u00e4ikelapse k\u00f6\u00f6gitorn muudetava k\u00f5rgusega Car Model, \u00fchev\u00e4rviline\"}]},{\"@type\":\"WebSite\",\"@id\":\"https:\/\/beebipood.ee\/ru\/#website\",\"url\":\"https:\/\/beebipood.ee\/ru\/\",\"name\":\"Beebipood\",\"description\":\"Lastekaubad, beebikaubad, m\u00e4nguasjad\",\"publisher\":{\"@id\":\"https:\/\/beebipood.ee\/ru\/#organization\"},\"potentialAction\":[{\"@type\":\"SearchAction\",\"target\":{\"@type\":\"EntryPoint\",\"urlTemplate\":\"https:\/\/beebipood.ee\/ru\/?s={search_term_string}\"},\"query-input\":{\"@type\":\"PropertyValueSpecification\",\"valueRequired\":true,\"valueName\":\"search_term_string\"}}],\"inLanguage\":\"ru-RU\"},{\"@type\":\"Organization\",\"@id\":\"https:\/\/beebipood.ee\/ru\/#organization\",\"name\":\"Beebipood\",\"url\":\"https:\/\/beebipood.ee\/ru\/\",\"logo\":{\"@type\":\"ImageObject\",\"inLanguage\":\"ru-RU\",\"@id\":\"https:\/\/beebipood.ee\/ru\/#\/schema\/logo\/image\/\",\"url\":\"https:\/\/beebipood.ee\/wp-content\/uploads\/2025\/03\/beebipood.ee-logo-1.svg\",\"contentUrl\":\"https:\/\/beebipood.ee\/wp-content\/uploads\/2025\/03\/beebipood.ee-logo-1.svg\",\"caption\":\"Beebipood\"},\"image\":{\"@id\":\"https:\/\/beebipood.ee\/ru\/#\/schema\/logo\/image\/\"}}]}<\/script>\n<!-- \/ Yoast SEO plugin. -->","yoast_head_json":{"title":"V\u00e4ikelapse k\u00f6\u00f6gitorn muudetava k\u00f5rgusega Car Model, \u00fchev\u00e4rviline, \u0414\u0435\u0442\u0441\u043a\u0438\u0435 \u0441\u0442\u043e\u043b\u044b, \u0441\u0442\u0443\u043b\u044c\u044f, \u043f\u0438\u0441\u044c\u043c\u0435\u043d\u043d\u044b\u0435 \u0441\u0442\u043e\u043b\u044b, \u0414\u0435\u0442\u0441\u043a\u0438\u0435 \u0441\u0442\u0443\u043b\u044c\u044f, M\u0435\u0431\u0435\u043b\u044c, Beebipood","description":"V\u00e4ikelapse k\u00f6\u00f6gitorn muudetava k\u00f5rgusega Car Model, \u00fchev\u00e4rviline, Muudetavate astmete k&otilde;rgusega v&auml;ikelapse k&ouml;&ouml;gitorn\/torntool on","robots":{"index":"index","follow":"follow","max-snippet":"max-snippet:-1","max-image-preview":"max-image-preview:large","max-video-preview":"max-video-preview:-1"},"canonical":"https:\/\/beebipood.ee\/ru\/produkt\/vaikelapse-koogitorn-muudetava-korgusega-car-model-uhevarviline\/","og_locale":"ru_RU","og_type":"article","og_title":"V\u00e4ikelapse k\u00f6\u00f6gitorn muudetava k\u00f5rgusega Car Model, \u00fchev\u00e4rviline, \u0414\u0435\u0442\u0441\u043a\u0438\u0435 \u0441\u0442\u043e\u043b\u044b, \u0441\u0442\u0443\u043b\u044c\u044f, \u043f\u0438\u0441\u044c\u043c\u0435\u043d\u043d\u044b\u0435 \u0441\u0442\u043e\u043b\u044b, \u0414\u0435\u0442\u0441\u043a\u0438\u0435 \u0441\u0442\u0443\u043b\u044c\u044f, M\u0435\u0431\u0435\u043b\u044c, Beebipood","og_description":"V\u00e4ikelapse k\u00f6\u00f6gitorn muudetava k\u00f5rgusega Car Model, \u00fchev\u00e4rviline, Muudetavate astmete k&otilde;rgusega v&auml;ikelapse k&ouml;&ouml;gitorn\/torntool on","og_url":"https:\/\/beebipood.ee\/ru\/produkt\/vaikelapse-koogitorn-muudetava-korgusega-car-model-uhevarviline\/","og_site_name":"Beebipood","article_modified_time":"2025-01-09T08:52:13+00:00","og_image":[{"width":1140,"height":758,"url":"https:\/\/beebipood.ee\/wp-content\/uploads\/2013\/09\/Vaikelapse-koogitorn-muudetava-korgusega-Car-Model-uhevarviline-Lastelauad-toolid-Arvutija-kirjutuslauad-Lastetoolid_2-334.jpg","type":"image\/jpeg"}],"twitter_card":"summary_large_image","twitter_misc":{"\u041f\u0440\u0438\u043c\u0435\u0440\u043d\u043e\u0435 \u0432\u0440\u0435\u043c\u044f \u0434\u043b\u044f \u0447\u0442\u0435\u043d\u0438\u044f":"1 \u043c\u0438\u043d\u0443\u0442\u0430"},"schema":{"@context":"https:\/\/schema.org","@graph":[{"@type":"WebPage","@id":"https:\/\/beebipood.ee\/ru\/produkt\/vaikelapse-koogitorn-muudetava-korgusega-car-model-uhevarviline\/","url":"https:\/\/beebipood.ee\/ru\/produkt\/vaikelapse-koogitorn-muudetava-korgusega-car-model-uhevarviline\/","name":"V\u00e4ikelapse k\u00f6\u00f6gitorn muudetava k\u00f5rgusega Car Model, \u00fchev\u00e4rviline, \u0414\u0435\u0442\u0441\u043a\u0438\u0435 \u0441\u0442\u043e\u043b\u044b, \u0441\u0442\u0443\u043b\u044c\u044f, \u043f\u0438\u0441\u044c\u043c\u0435\u043d\u043d\u044b\u0435 \u0441\u0442\u043e\u043b\u044b, \u0414\u0435\u0442\u0441\u043a\u0438\u0435 \u0441\u0442\u0443\u043b\u044c\u044f, M\u0435\u0431\u0435\u043b\u044c, Beebipood","isPartOf":{"@id":"https:\/\/beebipood.ee\/ru\/#website"},"primaryImageOfPage":{"@id":"https:\/\/beebipood.ee\/ru\/produkt\/vaikelapse-koogitorn-muudetava-korgusega-car-model-uhevarviline\/#primaryimage"},"image":{"@id":"https:\/\/beebipood.ee\/ru\/produkt\/vaikelapse-koogitorn-muudetava-korgusega-car-model-uhevarviline\/#primaryimage"},"thumbnailUrl":"https:\/\/beebipood.ee\/wp-content\/uploads\/2013\/09\/Vaikelapse-koogitorn-muudetava-korgusega-Car-Model-uhevarviline-Lastelauad-toolid-Arvutija-kirjutuslauad-Lastetoolid_2-334.jpg","datePublished":"2013-09-02T10:50:48+00:00","dateModified":"2025-01-09T08:52:13+00:00","description":"V\u00e4ikelapse k\u00f6\u00f6gitorn muudetava k\u00f5rgusega Car Model, \u00fchev\u00e4rviline, Muudetavate astmete k&otilde;rgusega v&auml;ikelapse k&ouml;&ouml;gitorn\/torntool on","breadcrumb":{"@id":"https:\/\/beebipood.ee\/ru\/produkt\/vaikelapse-koogitorn-muudetava-korgusega-car-model-uhevarviline\/#breadcrumb"},"inLanguage":"ru-RU","potentialAction":[{"@type":"ReadAction","target":["https:\/\/beebipood.ee\/ru\/produkt\/vaikelapse-koogitorn-muudetava-korgusega-car-model-uhevarviline\/"]}]},{"@type":"ImageObject","inLanguage":"ru-RU","@id":"https:\/\/beebipood.ee\/ru\/produkt\/vaikelapse-koogitorn-muudetava-korgusega-car-model-uhevarviline\/#primaryimage","url":"https:\/\/beebipood.ee\/wp-content\/uploads\/2013\/09\/Vaikelapse-koogitorn-muudetava-korgusega-Car-Model-uhevarviline-Lastelauad-toolid-Arvutija-kirjutuslauad-Lastetoolid_2-334.jpg","contentUrl":"https:\/\/beebipood.ee\/wp-content\/uploads\/2013\/09\/Vaikelapse-koogitorn-muudetava-korgusega-Car-Model-uhevarviline-Lastelauad-toolid-Arvutija-kirjutuslauad-Lastetoolid_2-334.jpg","width":1140,"height":758},{"@type":"BreadcrumbList","@id":"https:\/\/beebipood.ee\/ru\/produkt\/vaikelapse-koogitorn-muudetava-korgusega-car-model-uhevarviline\/#breadcrumb","itemListElement":[{"@type":"ListItem","position":1,"name":"Home","item":"https:\/\/beebipood.ee\/ru\/"},{"@type":"ListItem","position":2,"name":"\u041a\u0430\u0442\u0430\u043b\u043e\u0433 \u0442\u043e\u0432\u0430\u0440\u043e\u0432","item":"https:\/\/beebipood.ee\/tooted\/"},{"@type":"ListItem","position":3,"name":"V\u00e4ikelapse k\u00f6\u00f6gitorn muudetava k\u00f5rgusega Car Model, \u00fchev\u00e4rviline"}]},{"@type":"WebSite","@id":"https:\/\/beebipood.ee\/ru\/#website","url":"https:\/\/beebipood.ee\/ru\/","name":"Beebipood","description":"Lastekaubad, beebikaubad, m\u00e4nguasjad","publisher":{"@id":"https:\/\/beebipood.ee\/ru\/#organization"},"potentialAction":[{"@type":"SearchAction","target":{"@type":"EntryPoint","urlTemplate":"https:\/\/beebipood.ee\/ru\/?s={search_term_string}"},"query-input":{"@type":"PropertyValueSpecification","valueRequired":true,"valueName":"search_term_string"}}],"inLanguage":"ru-RU"},{"@type":"Organization","@id":"https:\/\/beebipood.ee\/ru\/#organization","name":"Beebipood","url":"https:\/\/beebipood.ee\/ru\/","logo":{"@type":"ImageObject","inLanguage":"ru-RU","@id":"https:\/\/beebipood.ee\/ru\/#\/schema\/logo\/image\/","url":"https:\/\/beebipood.ee\/wp-content\/uploads\/2025\/03\/beebipood.ee-logo-1.svg","contentUrl":"https:\/\/beebipood.ee\/wp-content\/uploads\/2025\/03\/beebipood.ee-logo-1.svg","caption":"Beebipood"},"image":{"@id":"https:\/\/beebipood.ee\/ru\/#\/schema\/logo\/image\/"}}]}},"brands":[],"_links":{"self":[{"href":"https:\/\/beebipood.ee\/ru\/wp-json\/wp\/v2\/product\/454644","targetHints":{"allow":["GET"]}}],"collection":[{"href":"https:\/\/beebipood.ee\/ru\/wp-json\/wp\/v2\/product"}],"about":[{"href":"https:\/\/beebipood.ee\/ru\/wp-json\/wp\/v2\/types\/product"}],"wp:featuredmedia":[{"embeddable":true,"href":"https:\/\/beebipood.ee\/ru\/wp-json\/wp\/v2\/media\/101105"}],"wp:attachment":[{"href":"https:\/\/beebipood.ee\/ru\/wp-json\/wp\/v2\/media?parent=454644"}],"wp:term":[{"taxonomy":"pwb-brand","embeddable":true,"href":"https:\/\/beebipood.ee\/ru\/wp-json\/wp\/v2\/pwb-brand?post=454644"},{"taxonomy":"product_brand","embeddable":true,"href":"https:\/\/beebipood.ee\/ru\/wp-json\/wp\/v2\/product_brand?post=454644"},{"taxonomy":"product_cat","embeddable":true,"href":"https:\/\/beebipood.ee\/ru\/wp-json\/wp\/v2\/product_cat?post=454644"},{"taxonomy":"product_tag","embeddable":true,"href":"https:\/\/beebipood.ee\/ru\/wp-json\/wp\/v2\/product_tag?post=454644"}],"curies":[{"name":"wp","href":"https:\/\/api.w.org\/{rel}","templated":true}]}}