{"id":454646,"date":"2013-09-02T13:50:50","date_gmt":"2013-09-02T10:50:50","guid":{"rendered":"https:\/\/beebipood.ee\/toode\/laste-riidestange-montessori-varvivalik\/"},"modified":"2025-01-09T10:52:13","modified_gmt":"2025-01-09T08:52:13","slug":"laste-riidestange-montessori-varvivalik","status":"publish","type":"product","link":"https:\/\/beebipood.ee\/ru\/produkt\/laste-riidestange-montessori-varvivalik\/","title":{"rendered":"Laste riidestange Montessori, v\u00e4rvivalik"},"content":{"rendered":"<p>Laste riidestange, nutikas lahendused igasse lastetuppa.<br \/>Riputage ja korrastega oma lasteriideid, <br \/>hoides neid korralikult \u00fches kohas ja h\u00f5lpsasti k\u00e4ttesaadavaid. <br \/>Riidestange, v\u00f5imaldab teie lapsel arendada armastust korra vastu <br \/>ja hallata oma asju, samuti on avatud garderoob t\u00f5eline kaunistus igas lapse magamistoas.<br \/>\u2022 valmistatud k\u00e4sit\u00f6\u00f6na<br \/>\u2022 materjal: vineer<br \/>\u2022 sobib ideaalselt lastetuppa<br \/>\u2022 riidepuud ei ole komplektis<\/p>\n<p>M\u00f5\u00f5dud:<br \/>K\u00f5rgus: 80 cm<br \/>Laius: 81 cm <br \/>S\u00fcgavus: 42 cm<\/p>\n","protected":false},"excerpt":{"rendered":"<p>Laste riidestange, nutikas lahendused igasse lastetuppa.Riputage ja korrastega oma lasteriideid, hoides neid korralikult \u00fches kohas ja h\u00f5lpsasti k\u00e4ttesaadavaid. Riidestange, v\u00f5imaldab teie lapsel arendada armastust korra vastu ja hallata oma asju, samuti on avatud garderoob t\u00f5eline kaunistus igas lapse magamistoas.\u2022 valmistatud k\u00e4sit\u00f6\u00f6na\u2022 materjal: vineer\u2022 sobib ideaalselt lastetuppa\u2022 riidepuud ei ole komplektis M\u00f5\u00f5dud:K\u00f5rgus: 80 cmLaius: 81 cm [&hellip;]<\/p>\n","protected":false},"featured_media":101115,"template":"","meta":{"_acf_changed":false},"pwb-brand":[],"product_brand":[],"product_cat":[11647,11653],"product_tag":[],"class_list":{"0":"post-454646","1":"product","2":"type-product","3":"status-publish","4":"has-post-thumbnail","6":"product_cat-lastelauad-toolid-arvuti-ja-kirjutuslauad-ru","7":"product_cat-lastelauad-ru","9":"first","10":"onbackorder","11":"sale","12":"taxable","13":"shipping-taxable","14":"purchasable","15":"product-type-simple"},"exclude_global_add_ons":false,"addons":[{"name":"Vali v\u00e4rv","type":"multiple_choice","position":0,"required":true,"title_format":"heading","default":"","description_enable":false,"description":"","placeholder_enable":false,"placeholder":"","display":"images","restrictions_type":"any_text","adjust_price":false,"price":"","price_type":"flat_fee","restrictions":false,"min":"0","max":"0","options":[{"label":"Puuvalmis\/Viimistlemata","price":"","price_type":"quantity_based","image":501061,"visibility":true},{"label":"Roosa","price":"18.0000","price_type":"quantity_based","image":501063,"visibility":true},{"label":"Valge","price":"18.0000","price_type":"quantity_based","image":501065,"visibility":true},{"label":"Hall","price":"18.0000","price_type":"quantity_based","image":501067,"visibility":true}]}],"acf":[],"yoast_head":"<!-- This site is optimized with the Yoast SEO plugin v27.1.1 - https:\/\/yoast.com\/product\/yoast-seo-wordpress\/ -->\n<title>Laste riidestange Montessori, v\u00e4rvivalik, \u0414\u0435\u0442\u0441\u043a\u0438\u0435 \u0441\u0442\u043e\u043b\u044b, \u0441\u0442\u0443\u043b\u044c\u044f, \u043f\u0438\u0441\u044c\u043c\u0435\u043d\u043d\u044b\u0435 \u0441\u0442\u043e\u043b\u044b, \u0414\u0435\u0442\u0441\u043a\u0438\u0435 \u0441\u0442\u043e\u043b\u044b, Beebipood<\/title>\n<meta name=\"description\" content=\"Laste riidestange Montessori, v\u00e4rvivalik, Laste riidestange, nutikas lahendused igasse lastetuppa.Riputage ja korrastega oma lasteriideid, hoide\" \/>\n<meta name=\"robots\" content=\"index, follow, max-snippet:-1, max-image-preview:large, max-video-preview:-1\" \/>\n<link rel=\"canonical\" href=\"https:\/\/beebipood.ee\/ru\/produkt\/laste-riidestange-montessori-varvivalik\/\" \/>\n<meta property=\"og:locale\" content=\"ru_RU\" \/>\n<meta property=\"og:type\" content=\"article\" \/>\n<meta property=\"og:title\" content=\"Laste riidestange Montessori, v\u00e4rvivalik, \u0414\u0435\u0442\u0441\u043a\u0438\u0435 \u0441\u0442\u043e\u043b\u044b, \u0441\u0442\u0443\u043b\u044c\u044f, \u043f\u0438\u0441\u044c\u043c\u0435\u043d\u043d\u044b\u0435 \u0441\u0442\u043e\u043b\u044b, \u0414\u0435\u0442\u0441\u043a\u0438\u0435 \u0441\u0442\u043e\u043b\u044b, Beebipood\" \/>\n<meta property=\"og:description\" content=\"Laste riidestange Montessori, v\u00e4rvivalik, Laste riidestange, nutikas lahendused igasse lastetuppa.Riputage ja korrastega oma lasteriideid, hoide\" \/>\n<meta property=\"og:url\" content=\"https:\/\/beebipood.ee\/ru\/produkt\/laste-riidestange-montessori-varvivalik\/\" \/>\n<meta property=\"og:site_name\" content=\"Beebipood\" \/>\n<meta property=\"article:modified_time\" content=\"2025-01-09T08:52:13+00:00\" \/>\n<meta property=\"og:image\" content=\"https:\/\/beebipood.ee\/wp-content\/uploads\/2013\/09\/Laste-riidestange-Montessori-varvivalik-Lastelauad-toolid-Arvutija-kirjutuslauad-Lastelauad_2-89d.jpg\" \/>\n\t<meta property=\"og:image:width\" content=\"1140\" \/>\n\t<meta property=\"og:image:height\" content=\"758\" \/>\n\t<meta property=\"og:image:type\" content=\"image\/jpeg\" \/>\n<meta name=\"twitter:card\" content=\"summary_large_image\" \/>\n<script type=\"application\/ld+json\" class=\"yoast-schema-graph\">{\"@context\":\"https:\/\/schema.org\",\"@graph\":[{\"@type\":\"WebPage\",\"@id\":\"https:\/\/beebipood.ee\/ru\/produkt\/laste-riidestange-montessori-varvivalik\/\",\"url\":\"https:\/\/beebipood.ee\/ru\/produkt\/laste-riidestange-montessori-varvivalik\/\",\"name\":\"Laste riidestange Montessori, v\u00e4rvivalik, \u0414\u0435\u0442\u0441\u043a\u0438\u0435 \u0441\u0442\u043e\u043b\u044b, \u0441\u0442\u0443\u043b\u044c\u044f, \u043f\u0438\u0441\u044c\u043c\u0435\u043d\u043d\u044b\u0435 \u0441\u0442\u043e\u043b\u044b, \u0414\u0435\u0442\u0441\u043a\u0438\u0435 \u0441\u0442\u043e\u043b\u044b, Beebipood\",\"isPartOf\":{\"@id\":\"https:\/\/beebipood.ee\/ru\/#website\"},\"primaryImageOfPage\":{\"@id\":\"https:\/\/beebipood.ee\/ru\/produkt\/laste-riidestange-montessori-varvivalik\/#primaryimage\"},\"image\":{\"@id\":\"https:\/\/beebipood.ee\/ru\/produkt\/laste-riidestange-montessori-varvivalik\/#primaryimage\"},\"thumbnailUrl\":\"https:\/\/beebipood.ee\/wp-content\/uploads\/2013\/09\/Laste-riidestange-Montessori-varvivalik-Lastelauad-toolid-Arvutija-kirjutuslauad-Lastelauad_2-89d.jpg\",\"datePublished\":\"2013-09-02T10:50:50+00:00\",\"dateModified\":\"2025-01-09T08:52:13+00:00\",\"description\":\"Laste riidestange Montessori, v\u00e4rvivalik, Laste riidestange, nutikas lahendused igasse lastetuppa.Riputage ja korrastega oma lasteriideid, hoide\",\"breadcrumb\":{\"@id\":\"https:\/\/beebipood.ee\/ru\/produkt\/laste-riidestange-montessori-varvivalik\/#breadcrumb\"},\"inLanguage\":\"ru-RU\",\"potentialAction\":[{\"@type\":\"ReadAction\",\"target\":[\"https:\/\/beebipood.ee\/ru\/produkt\/laste-riidestange-montessori-varvivalik\/\"]}]},{\"@type\":\"ImageObject\",\"inLanguage\":\"ru-RU\",\"@id\":\"https:\/\/beebipood.ee\/ru\/produkt\/laste-riidestange-montessori-varvivalik\/#primaryimage\",\"url\":\"https:\/\/beebipood.ee\/wp-content\/uploads\/2013\/09\/Laste-riidestange-Montessori-varvivalik-Lastelauad-toolid-Arvutija-kirjutuslauad-Lastelauad_2-89d.jpg\",\"contentUrl\":\"https:\/\/beebipood.ee\/wp-content\/uploads\/2013\/09\/Laste-riidestange-Montessori-varvivalik-Lastelauad-toolid-Arvutija-kirjutuslauad-Lastelauad_2-89d.jpg\",\"width\":1140,\"height\":758},{\"@type\":\"BreadcrumbList\",\"@id\":\"https:\/\/beebipood.ee\/ru\/produkt\/laste-riidestange-montessori-varvivalik\/#breadcrumb\",\"itemListElement\":[{\"@type\":\"ListItem\",\"position\":1,\"name\":\"Home\",\"item\":\"https:\/\/beebipood.ee\/ru\/\"},{\"@type\":\"ListItem\",\"position\":2,\"name\":\"\u041a\u0430\u0442\u0430\u043b\u043e\u0433 \u0442\u043e\u0432\u0430\u0440\u043e\u0432\",\"item\":\"https:\/\/beebipood.ee\/tooted\/\"},{\"@type\":\"ListItem\",\"position\":3,\"name\":\"Laste riidestange Montessori, v\u00e4rvivalik\"}]},{\"@type\":\"WebSite\",\"@id\":\"https:\/\/beebipood.ee\/ru\/#website\",\"url\":\"https:\/\/beebipood.ee\/ru\/\",\"name\":\"Beebipood\",\"description\":\"Lastekaubad, beebikaubad, m\u00e4nguasjad\",\"publisher\":{\"@id\":\"https:\/\/beebipood.ee\/ru\/#organization\"},\"potentialAction\":[{\"@type\":\"SearchAction\",\"target\":{\"@type\":\"EntryPoint\",\"urlTemplate\":\"https:\/\/beebipood.ee\/ru\/?s={search_term_string}\"},\"query-input\":{\"@type\":\"PropertyValueSpecification\",\"valueRequired\":true,\"valueName\":\"search_term_string\"}}],\"inLanguage\":\"ru-RU\"},{\"@type\":\"Organization\",\"@id\":\"https:\/\/beebipood.ee\/ru\/#organization\",\"name\":\"Beebipood\",\"url\":\"https:\/\/beebipood.ee\/ru\/\",\"logo\":{\"@type\":\"ImageObject\",\"inLanguage\":\"ru-RU\",\"@id\":\"https:\/\/beebipood.ee\/ru\/#\/schema\/logo\/image\/\",\"url\":\"https:\/\/beebipood.ee\/wp-content\/uploads\/2025\/03\/beebipood.ee-logo-1.svg\",\"contentUrl\":\"https:\/\/beebipood.ee\/wp-content\/uploads\/2025\/03\/beebipood.ee-logo-1.svg\",\"caption\":\"Beebipood\"},\"image\":{\"@id\":\"https:\/\/beebipood.ee\/ru\/#\/schema\/logo\/image\/\"}}]}<\/script>\n<!-- \/ Yoast SEO plugin. -->","yoast_head_json":{"title":"Laste riidestange Montessori, v\u00e4rvivalik, \u0414\u0435\u0442\u0441\u043a\u0438\u0435 \u0441\u0442\u043e\u043b\u044b, \u0441\u0442\u0443\u043b\u044c\u044f, \u043f\u0438\u0441\u044c\u043c\u0435\u043d\u043d\u044b\u0435 \u0441\u0442\u043e\u043b\u044b, \u0414\u0435\u0442\u0441\u043a\u0438\u0435 \u0441\u0442\u043e\u043b\u044b, Beebipood","description":"Laste riidestange Montessori, v\u00e4rvivalik, Laste riidestange, nutikas lahendused igasse lastetuppa.Riputage ja korrastega oma lasteriideid, hoide","robots":{"index":"index","follow":"follow","max-snippet":"max-snippet:-1","max-image-preview":"max-image-preview:large","max-video-preview":"max-video-preview:-1"},"canonical":"https:\/\/beebipood.ee\/ru\/produkt\/laste-riidestange-montessori-varvivalik\/","og_locale":"ru_RU","og_type":"article","og_title":"Laste riidestange Montessori, v\u00e4rvivalik, \u0414\u0435\u0442\u0441\u043a\u0438\u0435 \u0441\u0442\u043e\u043b\u044b, \u0441\u0442\u0443\u043b\u044c\u044f, \u043f\u0438\u0441\u044c\u043c\u0435\u043d\u043d\u044b\u0435 \u0441\u0442\u043e\u043b\u044b, \u0414\u0435\u0442\u0441\u043a\u0438\u0435 \u0441\u0442\u043e\u043b\u044b, Beebipood","og_description":"Laste riidestange Montessori, v\u00e4rvivalik, Laste riidestange, nutikas lahendused igasse lastetuppa.Riputage ja korrastega oma lasteriideid, hoide","og_url":"https:\/\/beebipood.ee\/ru\/produkt\/laste-riidestange-montessori-varvivalik\/","og_site_name":"Beebipood","article_modified_time":"2025-01-09T08:52:13+00:00","og_image":[{"width":1140,"height":758,"url":"https:\/\/beebipood.ee\/wp-content\/uploads\/2013\/09\/Laste-riidestange-Montessori-varvivalik-Lastelauad-toolid-Arvutija-kirjutuslauad-Lastelauad_2-89d.jpg","type":"image\/jpeg"}],"twitter_card":"summary_large_image","schema":{"@context":"https:\/\/schema.org","@graph":[{"@type":"WebPage","@id":"https:\/\/beebipood.ee\/ru\/produkt\/laste-riidestange-montessori-varvivalik\/","url":"https:\/\/beebipood.ee\/ru\/produkt\/laste-riidestange-montessori-varvivalik\/","name":"Laste riidestange Montessori, v\u00e4rvivalik, \u0414\u0435\u0442\u0441\u043a\u0438\u0435 \u0441\u0442\u043e\u043b\u044b, \u0441\u0442\u0443\u043b\u044c\u044f, \u043f\u0438\u0441\u044c\u043c\u0435\u043d\u043d\u044b\u0435 \u0441\u0442\u043e\u043b\u044b, \u0414\u0435\u0442\u0441\u043a\u0438\u0435 \u0441\u0442\u043e\u043b\u044b, Beebipood","isPartOf":{"@id":"https:\/\/beebipood.ee\/ru\/#website"},"primaryImageOfPage":{"@id":"https:\/\/beebipood.ee\/ru\/produkt\/laste-riidestange-montessori-varvivalik\/#primaryimage"},"image":{"@id":"https:\/\/beebipood.ee\/ru\/produkt\/laste-riidestange-montessori-varvivalik\/#primaryimage"},"thumbnailUrl":"https:\/\/beebipood.ee\/wp-content\/uploads\/2013\/09\/Laste-riidestange-Montessori-varvivalik-Lastelauad-toolid-Arvutija-kirjutuslauad-Lastelauad_2-89d.jpg","datePublished":"2013-09-02T10:50:50+00:00","dateModified":"2025-01-09T08:52:13+00:00","description":"Laste riidestange Montessori, v\u00e4rvivalik, Laste riidestange, nutikas lahendused igasse lastetuppa.Riputage ja korrastega oma lasteriideid, hoide","breadcrumb":{"@id":"https:\/\/beebipood.ee\/ru\/produkt\/laste-riidestange-montessori-varvivalik\/#breadcrumb"},"inLanguage":"ru-RU","potentialAction":[{"@type":"ReadAction","target":["https:\/\/beebipood.ee\/ru\/produkt\/laste-riidestange-montessori-varvivalik\/"]}]},{"@type":"ImageObject","inLanguage":"ru-RU","@id":"https:\/\/beebipood.ee\/ru\/produkt\/laste-riidestange-montessori-varvivalik\/#primaryimage","url":"https:\/\/beebipood.ee\/wp-content\/uploads\/2013\/09\/Laste-riidestange-Montessori-varvivalik-Lastelauad-toolid-Arvutija-kirjutuslauad-Lastelauad_2-89d.jpg","contentUrl":"https:\/\/beebipood.ee\/wp-content\/uploads\/2013\/09\/Laste-riidestange-Montessori-varvivalik-Lastelauad-toolid-Arvutija-kirjutuslauad-Lastelauad_2-89d.jpg","width":1140,"height":758},{"@type":"BreadcrumbList","@id":"https:\/\/beebipood.ee\/ru\/produkt\/laste-riidestange-montessori-varvivalik\/#breadcrumb","itemListElement":[{"@type":"ListItem","position":1,"name":"Home","item":"https:\/\/beebipood.ee\/ru\/"},{"@type":"ListItem","position":2,"name":"\u041a\u0430\u0442\u0430\u043b\u043e\u0433 \u0442\u043e\u0432\u0430\u0440\u043e\u0432","item":"https:\/\/beebipood.ee\/tooted\/"},{"@type":"ListItem","position":3,"name":"Laste riidestange Montessori, v\u00e4rvivalik"}]},{"@type":"WebSite","@id":"https:\/\/beebipood.ee\/ru\/#website","url":"https:\/\/beebipood.ee\/ru\/","name":"Beebipood","description":"Lastekaubad, beebikaubad, m\u00e4nguasjad","publisher":{"@id":"https:\/\/beebipood.ee\/ru\/#organization"},"potentialAction":[{"@type":"SearchAction","target":{"@type":"EntryPoint","urlTemplate":"https:\/\/beebipood.ee\/ru\/?s={search_term_string}"},"query-input":{"@type":"PropertyValueSpecification","valueRequired":true,"valueName":"search_term_string"}}],"inLanguage":"ru-RU"},{"@type":"Organization","@id":"https:\/\/beebipood.ee\/ru\/#organization","name":"Beebipood","url":"https:\/\/beebipood.ee\/ru\/","logo":{"@type":"ImageObject","inLanguage":"ru-RU","@id":"https:\/\/beebipood.ee\/ru\/#\/schema\/logo\/image\/","url":"https:\/\/beebipood.ee\/wp-content\/uploads\/2025\/03\/beebipood.ee-logo-1.svg","contentUrl":"https:\/\/beebipood.ee\/wp-content\/uploads\/2025\/03\/beebipood.ee-logo-1.svg","caption":"Beebipood"},"image":{"@id":"https:\/\/beebipood.ee\/ru\/#\/schema\/logo\/image\/"}}]}},"brands":[],"_links":{"self":[{"href":"https:\/\/beebipood.ee\/ru\/wp-json\/wp\/v2\/product\/454646","targetHints":{"allow":["GET"]}}],"collection":[{"href":"https:\/\/beebipood.ee\/ru\/wp-json\/wp\/v2\/product"}],"about":[{"href":"https:\/\/beebipood.ee\/ru\/wp-json\/wp\/v2\/types\/product"}],"wp:featuredmedia":[{"embeddable":true,"href":"https:\/\/beebipood.ee\/ru\/wp-json\/wp\/v2\/media\/101115"}],"wp:attachment":[{"href":"https:\/\/beebipood.ee\/ru\/wp-json\/wp\/v2\/media?parent=454646"}],"wp:term":[{"taxonomy":"pwb-brand","embeddable":true,"href":"https:\/\/beebipood.ee\/ru\/wp-json\/wp\/v2\/pwb-brand?post=454646"},{"taxonomy":"product_brand","embeddable":true,"href":"https:\/\/beebipood.ee\/ru\/wp-json\/wp\/v2\/product_brand?post=454646"},{"taxonomy":"product_cat","embeddable":true,"href":"https:\/\/beebipood.ee\/ru\/wp-json\/wp\/v2\/product_cat?post=454646"},{"taxonomy":"product_tag","embeddable":true,"href":"https:\/\/beebipood.ee\/ru\/wp-json\/wp\/v2\/product_tag?post=454646"}],"curies":[{"name":"wp","href":"https:\/\/api.w.org\/{rel}","templated":true}]}}