{"id":454648,"date":"2013-09-02T13:50:51","date_gmt":"2013-09-02T10:50:51","guid":{"rendered":"https:\/\/beebipood.ee\/toode\/lastelaud-ja-tool-car-model-varvivalik\/"},"modified":"2025-01-09T10:52:13","modified_gmt":"2025-01-09T08:52:13","slug":"lastelaud-ja-tool-car-model-varvivalik","status":"publish","type":"product","link":"https:\/\/beebipood.ee\/ru\/produkt\/lastelaud-ja-tool-car-model-varvivalik\/","title":{"rendered":"Lastelaud ja tool Car Model, v\u00e4rvivalik"},"content":{"rendered":"<p>Sageli pole lihtne panna v\u00e4ikest last istuma laua taha ja s\u00f6\u00f6ma l\u00f5unat,<br \/>maalima, voolima v\u00f5i m\u00f5nda muud loovat ideed ellu viima. <br \/>Seet\u00f5ttu on tavalist lauda ja tooli muudetud, <br \/>kohandades neid huvitavama ja p\u00f5nevama kujundusega. <br \/>Laud ja tool n\u00e4evad v\u00e4lja nagu auto, <br \/>t\u00fcdruktele roosat varianti, kuna see meenutab nukuvankrit <br \/>samas kui sinakas-roheline auto sobib ideaalselt poistele , <br \/>kuna see on nii sarnane veoautole v\u00f5i haagisega autole. <br \/>Tooge v\u00e4rvid lapse igap\u00e4evasesse ellu ja muutke tavaline ebatavaliseks!<br \/>Laua ja tooli ehitus on tehtud lastele ohutuks.<br \/>M\u00f5\u00f5dus: laua k\u00f5rgus 45 cm, istme k\u00f5rgus 25 cm<\/p>\n","protected":false},"excerpt":{"rendered":"<p>Sageli pole lihtne panna v\u00e4ikest last istuma laua taha ja s\u00f6\u00f6ma l\u00f5unat,maalima, voolima v\u00f5i m\u00f5nda muud loovat ideed ellu viima. Seet\u00f5ttu on tavalist lauda ja tooli muudetud, kohandades neid huvitavama ja p\u00f5nevama kujundusega. Laud ja tool n\u00e4evad v\u00e4lja nagu auto, t\u00fcdruktele roosat varianti, kuna see meenutab nukuvankrit samas kui sinakas-roheline auto sobib ideaalselt poistele , [&hellip;]<\/p>\n","protected":false},"featured_media":101124,"template":"","meta":{"_acf_changed":false},"pwb-brand":[],"product_brand":[],"product_cat":[11647,11655,11789],"product_tag":[],"class_list":{"0":"post-454648","1":"product","2":"type-product","3":"status-publish","4":"has-post-thumbnail","6":"product_cat-lastelauad-toolid-arvuti-ja-kirjutuslauad-ru","7":"product_cat-lastelaud-toolid-komplektid-ru","8":"product_cat-lastemoobel-ja-sisustus-ru","10":"first","11":"onbackorder","12":"sale","13":"taxable","14":"shipping-taxable","15":"purchasable","16":"product-type-simple"},"exclude_global_add_ons":false,"addons":[{"name":"Vali v\u00e4rv","type":"multiple_choice","position":0,"required":true,"title_format":"heading","default":"","description_enable":false,"description":"","placeholder_enable":false,"placeholder":"","display":"images","restrictions_type":"any_text","adjust_price":false,"price":"","price_type":"flat_fee","restrictions":false,"min":"0","max":"0","options":[{"label":"Puuvalims\/Viimistlemata","price":"","price_type":"quantity_based","image":501069,"visibility":true},{"label":"Mesilasvaha","price":"16.0000","price_type":"quantity_based","image":501071,"visibility":true},{"label":"Nat. lakk","price":"16.0000","price_type":"quantity_based","image":501073,"visibility":true},{"label":"Hall\/Roosa","price":"16.0000","price_type":"quantity_based","image":501075,"visibility":true},{"label":"Hall\/Sinine","price":"16.0000","price_type":"quantity_based","image":501077,"visibility":true}]}],"acf":[],"yoast_head":"<!-- This site is optimized with the Yoast SEO plugin v27.1.1 - https:\/\/yoast.com\/product\/yoast-seo-wordpress\/ -->\n<title>Lastelaud ja tool Car Model, v\u00e4rvivalik, \u0414\u0435\u0442\u0441\u043a\u0438\u0435 \u0441\u0442\u043e\u043b\u044b, \u0441\u0442\u0443\u043b\u044c\u044f, \u043f\u0438\u0441\u044c\u043c\u0435\u043d\u043d\u044b\u0435 \u0441\u0442\u043e\u043b\u044b, \u041a\u043e\u043c\u043f\u043b\u0435\u043a\u0442\u044b - \u0434\u0435\u0442\u0441\u043a\u0438\u0439 \u0441\u0442\u043e\u043b+\u0441\u0442\u0443\u043b\u044c\u044f, M\u0435\u0431\u0435\u043b\u044c, Beebipood<\/title>\n<meta name=\"description\" content=\"Lastelaud ja tool Car Model, v\u00e4rvivalik, Sageli pole lihtne panna v&auml;ikest last istuma laua taha ja s&ouml;&ouml;ma l&otilde;unat,maalima, voolima\" \/>\n<meta name=\"robots\" content=\"index, follow, max-snippet:-1, max-image-preview:large, max-video-preview:-1\" \/>\n<link rel=\"canonical\" href=\"https:\/\/beebipood.ee\/ru\/produkt\/lastelaud-ja-tool-car-model-varvivalik\/\" \/>\n<meta property=\"og:locale\" content=\"ru_RU\" \/>\n<meta property=\"og:type\" content=\"article\" \/>\n<meta property=\"og:title\" content=\"Lastelaud ja tool Car Model, v\u00e4rvivalik, \u0414\u0435\u0442\u0441\u043a\u0438\u0435 \u0441\u0442\u043e\u043b\u044b, \u0441\u0442\u0443\u043b\u044c\u044f, \u043f\u0438\u0441\u044c\u043c\u0435\u043d\u043d\u044b\u0435 \u0441\u0442\u043e\u043b\u044b, \u041a\u043e\u043c\u043f\u043b\u0435\u043a\u0442\u044b - \u0434\u0435\u0442\u0441\u043a\u0438\u0439 \u0441\u0442\u043e\u043b+\u0441\u0442\u0443\u043b\u044c\u044f, M\u0435\u0431\u0435\u043b\u044c, Beebipood\" \/>\n<meta property=\"og:description\" content=\"Lastelaud ja tool Car Model, v\u00e4rvivalik, Sageli pole lihtne panna v&auml;ikest last istuma laua taha ja s&ouml;&ouml;ma l&otilde;unat,maalima, voolima\" \/>\n<meta property=\"og:url\" content=\"https:\/\/beebipood.ee\/ru\/produkt\/lastelaud-ja-tool-car-model-varvivalik\/\" \/>\n<meta property=\"og:site_name\" content=\"Beebipood\" \/>\n<meta property=\"article:modified_time\" content=\"2025-01-09T08:52:13+00:00\" \/>\n<meta property=\"og:image\" content=\"https:\/\/beebipood.ee\/wp-content\/uploads\/2013\/09\/Lastelaud-ja-tool-Car-Model-varvivalik-UUED-TOOTED-Lastelauad-toolid-Arvutija-kirjutuslauad-Lastelaudtoolid-komplektid-Lastemoobel-ja-sisustus_3-28a.jpg\" \/>\n\t<meta property=\"og:image:width\" content=\"1140\" \/>\n\t<meta property=\"og:image:height\" content=\"1709\" \/>\n\t<meta property=\"og:image:type\" content=\"image\/jpeg\" \/>\n<meta name=\"twitter:card\" content=\"summary_large_image\" \/>\n<meta name=\"twitter:label1\" content=\"\u041f\u0440\u0438\u043c\u0435\u0440\u043d\u043e\u0435 \u0432\u0440\u0435\u043c\u044f \u0434\u043b\u044f \u0447\u0442\u0435\u043d\u0438\u044f\" \/>\n\t<meta name=\"twitter:data1\" content=\"1 \u043c\u0438\u043d\u0443\u0442\u0430\" \/>\n<script type=\"application\/ld+json\" class=\"yoast-schema-graph\">{\"@context\":\"https:\/\/schema.org\",\"@graph\":[{\"@type\":\"WebPage\",\"@id\":\"https:\/\/beebipood.ee\/ru\/produkt\/lastelaud-ja-tool-car-model-varvivalik\/\",\"url\":\"https:\/\/beebipood.ee\/ru\/produkt\/lastelaud-ja-tool-car-model-varvivalik\/\",\"name\":\"Lastelaud ja tool Car Model, v\u00e4rvivalik, \u0414\u0435\u0442\u0441\u043a\u0438\u0435 \u0441\u0442\u043e\u043b\u044b, \u0441\u0442\u0443\u043b\u044c\u044f, \u043f\u0438\u0441\u044c\u043c\u0435\u043d\u043d\u044b\u0435 \u0441\u0442\u043e\u043b\u044b, \u041a\u043e\u043c\u043f\u043b\u0435\u043a\u0442\u044b - \u0434\u0435\u0442\u0441\u043a\u0438\u0439 \u0441\u0442\u043e\u043b+\u0441\u0442\u0443\u043b\u044c\u044f, M\u0435\u0431\u0435\u043b\u044c, Beebipood\",\"isPartOf\":{\"@id\":\"https:\/\/beebipood.ee\/ru\/#website\"},\"primaryImageOfPage\":{\"@id\":\"https:\/\/beebipood.ee\/ru\/produkt\/lastelaud-ja-tool-car-model-varvivalik\/#primaryimage\"},\"image\":{\"@id\":\"https:\/\/beebipood.ee\/ru\/produkt\/lastelaud-ja-tool-car-model-varvivalik\/#primaryimage\"},\"thumbnailUrl\":\"https:\/\/beebipood.ee\/wp-content\/uploads\/2013\/09\/Lastelaud-ja-tool-Car-Model-varvivalik-UUED-TOOTED-Lastelauad-toolid-Arvutija-kirjutuslauad-Lastelaudtoolid-komplektid-Lastemoobel-ja-sisustus_3-28a.jpg\",\"datePublished\":\"2013-09-02T10:50:51+00:00\",\"dateModified\":\"2025-01-09T08:52:13+00:00\",\"description\":\"Lastelaud ja tool Car Model, v\u00e4rvivalik, Sageli pole lihtne panna v&auml;ikest last istuma laua taha ja s&ouml;&ouml;ma l&otilde;unat,maalima, voolima\",\"breadcrumb\":{\"@id\":\"https:\/\/beebipood.ee\/ru\/produkt\/lastelaud-ja-tool-car-model-varvivalik\/#breadcrumb\"},\"inLanguage\":\"ru-RU\",\"potentialAction\":[{\"@type\":\"ReadAction\",\"target\":[\"https:\/\/beebipood.ee\/ru\/produkt\/lastelaud-ja-tool-car-model-varvivalik\/\"]}]},{\"@type\":\"ImageObject\",\"inLanguage\":\"ru-RU\",\"@id\":\"https:\/\/beebipood.ee\/ru\/produkt\/lastelaud-ja-tool-car-model-varvivalik\/#primaryimage\",\"url\":\"https:\/\/beebipood.ee\/wp-content\/uploads\/2013\/09\/Lastelaud-ja-tool-Car-Model-varvivalik-UUED-TOOTED-Lastelauad-toolid-Arvutija-kirjutuslauad-Lastelaudtoolid-komplektid-Lastemoobel-ja-sisustus_3-28a.jpg\",\"contentUrl\":\"https:\/\/beebipood.ee\/wp-content\/uploads\/2013\/09\/Lastelaud-ja-tool-Car-Model-varvivalik-UUED-TOOTED-Lastelauad-toolid-Arvutija-kirjutuslauad-Lastelaudtoolid-komplektid-Lastemoobel-ja-sisustus_3-28a.jpg\",\"width\":1140,\"height\":1709},{\"@type\":\"BreadcrumbList\",\"@id\":\"https:\/\/beebipood.ee\/ru\/produkt\/lastelaud-ja-tool-car-model-varvivalik\/#breadcrumb\",\"itemListElement\":[{\"@type\":\"ListItem\",\"position\":1,\"name\":\"Home\",\"item\":\"https:\/\/beebipood.ee\/ru\/\"},{\"@type\":\"ListItem\",\"position\":2,\"name\":\"\u041a\u0430\u0442\u0430\u043b\u043e\u0433 \u0442\u043e\u0432\u0430\u0440\u043e\u0432\",\"item\":\"https:\/\/beebipood.ee\/tooted\/\"},{\"@type\":\"ListItem\",\"position\":3,\"name\":\"Lastelaud ja tool Car Model, v\u00e4rvivalik\"}]},{\"@type\":\"WebSite\",\"@id\":\"https:\/\/beebipood.ee\/ru\/#website\",\"url\":\"https:\/\/beebipood.ee\/ru\/\",\"name\":\"Beebipood\",\"description\":\"Lastekaubad, beebikaubad, m\u00e4nguasjad\",\"publisher\":{\"@id\":\"https:\/\/beebipood.ee\/ru\/#organization\"},\"potentialAction\":[{\"@type\":\"SearchAction\",\"target\":{\"@type\":\"EntryPoint\",\"urlTemplate\":\"https:\/\/beebipood.ee\/ru\/?s={search_term_string}\"},\"query-input\":{\"@type\":\"PropertyValueSpecification\",\"valueRequired\":true,\"valueName\":\"search_term_string\"}}],\"inLanguage\":\"ru-RU\"},{\"@type\":\"Organization\",\"@id\":\"https:\/\/beebipood.ee\/ru\/#organization\",\"name\":\"Beebipood\",\"url\":\"https:\/\/beebipood.ee\/ru\/\",\"logo\":{\"@type\":\"ImageObject\",\"inLanguage\":\"ru-RU\",\"@id\":\"https:\/\/beebipood.ee\/ru\/#\/schema\/logo\/image\/\",\"url\":\"https:\/\/beebipood.ee\/wp-content\/uploads\/2025\/03\/beebipood.ee-logo-1.svg\",\"contentUrl\":\"https:\/\/beebipood.ee\/wp-content\/uploads\/2025\/03\/beebipood.ee-logo-1.svg\",\"caption\":\"Beebipood\"},\"image\":{\"@id\":\"https:\/\/beebipood.ee\/ru\/#\/schema\/logo\/image\/\"}}]}<\/script>\n<!-- \/ Yoast SEO plugin. -->","yoast_head_json":{"title":"Lastelaud ja tool Car Model, v\u00e4rvivalik, \u0414\u0435\u0442\u0441\u043a\u0438\u0435 \u0441\u0442\u043e\u043b\u044b, \u0441\u0442\u0443\u043b\u044c\u044f, \u043f\u0438\u0441\u044c\u043c\u0435\u043d\u043d\u044b\u0435 \u0441\u0442\u043e\u043b\u044b, \u041a\u043e\u043c\u043f\u043b\u0435\u043a\u0442\u044b - \u0434\u0435\u0442\u0441\u043a\u0438\u0439 \u0441\u0442\u043e\u043b+\u0441\u0442\u0443\u043b\u044c\u044f, M\u0435\u0431\u0435\u043b\u044c, Beebipood","description":"Lastelaud ja tool Car Model, v\u00e4rvivalik, Sageli pole lihtne panna v&auml;ikest last istuma laua taha ja s&ouml;&ouml;ma l&otilde;unat,maalima, voolima","robots":{"index":"index","follow":"follow","max-snippet":"max-snippet:-1","max-image-preview":"max-image-preview:large","max-video-preview":"max-video-preview:-1"},"canonical":"https:\/\/beebipood.ee\/ru\/produkt\/lastelaud-ja-tool-car-model-varvivalik\/","og_locale":"ru_RU","og_type":"article","og_title":"Lastelaud ja tool Car Model, v\u00e4rvivalik, \u0414\u0435\u0442\u0441\u043a\u0438\u0435 \u0441\u0442\u043e\u043b\u044b, \u0441\u0442\u0443\u043b\u044c\u044f, \u043f\u0438\u0441\u044c\u043c\u0435\u043d\u043d\u044b\u0435 \u0441\u0442\u043e\u043b\u044b, \u041a\u043e\u043c\u043f\u043b\u0435\u043a\u0442\u044b - \u0434\u0435\u0442\u0441\u043a\u0438\u0439 \u0441\u0442\u043e\u043b+\u0441\u0442\u0443\u043b\u044c\u044f, M\u0435\u0431\u0435\u043b\u044c, Beebipood","og_description":"Lastelaud ja tool Car Model, v\u00e4rvivalik, Sageli pole lihtne panna v&auml;ikest last istuma laua taha ja s&ouml;&ouml;ma l&otilde;unat,maalima, voolima","og_url":"https:\/\/beebipood.ee\/ru\/produkt\/lastelaud-ja-tool-car-model-varvivalik\/","og_site_name":"Beebipood","article_modified_time":"2025-01-09T08:52:13+00:00","og_image":[{"width":1140,"height":1709,"url":"https:\/\/beebipood.ee\/wp-content\/uploads\/2013\/09\/Lastelaud-ja-tool-Car-Model-varvivalik-UUED-TOOTED-Lastelauad-toolid-Arvutija-kirjutuslauad-Lastelaudtoolid-komplektid-Lastemoobel-ja-sisustus_3-28a.jpg","type":"image\/jpeg"}],"twitter_card":"summary_large_image","twitter_misc":{"\u041f\u0440\u0438\u043c\u0435\u0440\u043d\u043e\u0435 \u0432\u0440\u0435\u043c\u044f \u0434\u043b\u044f \u0447\u0442\u0435\u043d\u0438\u044f":"1 \u043c\u0438\u043d\u0443\u0442\u0430"},"schema":{"@context":"https:\/\/schema.org","@graph":[{"@type":"WebPage","@id":"https:\/\/beebipood.ee\/ru\/produkt\/lastelaud-ja-tool-car-model-varvivalik\/","url":"https:\/\/beebipood.ee\/ru\/produkt\/lastelaud-ja-tool-car-model-varvivalik\/","name":"Lastelaud ja tool Car Model, v\u00e4rvivalik, \u0414\u0435\u0442\u0441\u043a\u0438\u0435 \u0441\u0442\u043e\u043b\u044b, \u0441\u0442\u0443\u043b\u044c\u044f, \u043f\u0438\u0441\u044c\u043c\u0435\u043d\u043d\u044b\u0435 \u0441\u0442\u043e\u043b\u044b, \u041a\u043e\u043c\u043f\u043b\u0435\u043a\u0442\u044b - \u0434\u0435\u0442\u0441\u043a\u0438\u0439 \u0441\u0442\u043e\u043b+\u0441\u0442\u0443\u043b\u044c\u044f, M\u0435\u0431\u0435\u043b\u044c, Beebipood","isPartOf":{"@id":"https:\/\/beebipood.ee\/ru\/#website"},"primaryImageOfPage":{"@id":"https:\/\/beebipood.ee\/ru\/produkt\/lastelaud-ja-tool-car-model-varvivalik\/#primaryimage"},"image":{"@id":"https:\/\/beebipood.ee\/ru\/produkt\/lastelaud-ja-tool-car-model-varvivalik\/#primaryimage"},"thumbnailUrl":"https:\/\/beebipood.ee\/wp-content\/uploads\/2013\/09\/Lastelaud-ja-tool-Car-Model-varvivalik-UUED-TOOTED-Lastelauad-toolid-Arvutija-kirjutuslauad-Lastelaudtoolid-komplektid-Lastemoobel-ja-sisustus_3-28a.jpg","datePublished":"2013-09-02T10:50:51+00:00","dateModified":"2025-01-09T08:52:13+00:00","description":"Lastelaud ja tool Car Model, v\u00e4rvivalik, Sageli pole lihtne panna v&auml;ikest last istuma laua taha ja s&ouml;&ouml;ma l&otilde;unat,maalima, voolima","breadcrumb":{"@id":"https:\/\/beebipood.ee\/ru\/produkt\/lastelaud-ja-tool-car-model-varvivalik\/#breadcrumb"},"inLanguage":"ru-RU","potentialAction":[{"@type":"ReadAction","target":["https:\/\/beebipood.ee\/ru\/produkt\/lastelaud-ja-tool-car-model-varvivalik\/"]}]},{"@type":"ImageObject","inLanguage":"ru-RU","@id":"https:\/\/beebipood.ee\/ru\/produkt\/lastelaud-ja-tool-car-model-varvivalik\/#primaryimage","url":"https:\/\/beebipood.ee\/wp-content\/uploads\/2013\/09\/Lastelaud-ja-tool-Car-Model-varvivalik-UUED-TOOTED-Lastelauad-toolid-Arvutija-kirjutuslauad-Lastelaudtoolid-komplektid-Lastemoobel-ja-sisustus_3-28a.jpg","contentUrl":"https:\/\/beebipood.ee\/wp-content\/uploads\/2013\/09\/Lastelaud-ja-tool-Car-Model-varvivalik-UUED-TOOTED-Lastelauad-toolid-Arvutija-kirjutuslauad-Lastelaudtoolid-komplektid-Lastemoobel-ja-sisustus_3-28a.jpg","width":1140,"height":1709},{"@type":"BreadcrumbList","@id":"https:\/\/beebipood.ee\/ru\/produkt\/lastelaud-ja-tool-car-model-varvivalik\/#breadcrumb","itemListElement":[{"@type":"ListItem","position":1,"name":"Home","item":"https:\/\/beebipood.ee\/ru\/"},{"@type":"ListItem","position":2,"name":"\u041a\u0430\u0442\u0430\u043b\u043e\u0433 \u0442\u043e\u0432\u0430\u0440\u043e\u0432","item":"https:\/\/beebipood.ee\/tooted\/"},{"@type":"ListItem","position":3,"name":"Lastelaud ja tool Car Model, v\u00e4rvivalik"}]},{"@type":"WebSite","@id":"https:\/\/beebipood.ee\/ru\/#website","url":"https:\/\/beebipood.ee\/ru\/","name":"Beebipood","description":"Lastekaubad, beebikaubad, m\u00e4nguasjad","publisher":{"@id":"https:\/\/beebipood.ee\/ru\/#organization"},"potentialAction":[{"@type":"SearchAction","target":{"@type":"EntryPoint","urlTemplate":"https:\/\/beebipood.ee\/ru\/?s={search_term_string}"},"query-input":{"@type":"PropertyValueSpecification","valueRequired":true,"valueName":"search_term_string"}}],"inLanguage":"ru-RU"},{"@type":"Organization","@id":"https:\/\/beebipood.ee\/ru\/#organization","name":"Beebipood","url":"https:\/\/beebipood.ee\/ru\/","logo":{"@type":"ImageObject","inLanguage":"ru-RU","@id":"https:\/\/beebipood.ee\/ru\/#\/schema\/logo\/image\/","url":"https:\/\/beebipood.ee\/wp-content\/uploads\/2025\/03\/beebipood.ee-logo-1.svg","contentUrl":"https:\/\/beebipood.ee\/wp-content\/uploads\/2025\/03\/beebipood.ee-logo-1.svg","caption":"Beebipood"},"image":{"@id":"https:\/\/beebipood.ee\/ru\/#\/schema\/logo\/image\/"}}]}},"brands":[],"_links":{"self":[{"href":"https:\/\/beebipood.ee\/ru\/wp-json\/wp\/v2\/product\/454648","targetHints":{"allow":["GET"]}}],"collection":[{"href":"https:\/\/beebipood.ee\/ru\/wp-json\/wp\/v2\/product"}],"about":[{"href":"https:\/\/beebipood.ee\/ru\/wp-json\/wp\/v2\/types\/product"}],"wp:featuredmedia":[{"embeddable":true,"href":"https:\/\/beebipood.ee\/ru\/wp-json\/wp\/v2\/media\/101124"}],"wp:attachment":[{"href":"https:\/\/beebipood.ee\/ru\/wp-json\/wp\/v2\/media?parent=454648"}],"wp:term":[{"taxonomy":"pwb-brand","embeddable":true,"href":"https:\/\/beebipood.ee\/ru\/wp-json\/wp\/v2\/pwb-brand?post=454648"},{"taxonomy":"product_brand","embeddable":true,"href":"https:\/\/beebipood.ee\/ru\/wp-json\/wp\/v2\/product_brand?post=454648"},{"taxonomy":"product_cat","embeddable":true,"href":"https:\/\/beebipood.ee\/ru\/wp-json\/wp\/v2\/product_cat?post=454648"},{"taxonomy":"product_tag","embeddable":true,"href":"https:\/\/beebipood.ee\/ru\/wp-json\/wp\/v2\/product_tag?post=454648"}],"curies":[{"name":"wp","href":"https:\/\/api.w.org\/{rel}","templated":true}]}}