{"id":454654,"date":"2013-09-02T13:50:59","date_gmt":"2013-09-02T10:50:59","guid":{"rendered":"https:\/\/beebipood.ee\/toode\/madrats-pikendatavale-voodile-75x184-kollane\/"},"modified":"2025-01-09T10:52:13","modified_gmt":"2025-01-09T08:52:13","slug":"madrats-pikendatavale-voodile-75x184-kollane","status":"publish","type":"product","link":"https:\/\/beebipood.ee\/ru\/produkt\/madrats-pikendatavale-voodile-75x184-kollane\/","title":{"rendered":"Madrats pikendatavale voodile 75&#215;184 (kollane)"},"content":{"rendered":"<p><span>* madrats koosneb kolmest osast (100+42+42)<\/span><br \/><span>* sisu vahtpol\u00fcuretan\u00a030 kg\/m3,<\/span><br \/><span>* pehmenduseks on mahuline vatiin<\/span><br \/><span>* kangas 100% puuvillane, \u00d6KO-TEX 100 Standard<\/span><br \/><span>* kott \u00e4rav\u00f5etav ja pestav 60C juures<\/span><br \/><span>* Eesti Allergialiit soovitab<\/span><br \/><span>* toode tarnitakse kilepakendis\u00a0<\/span><br \/><span>* sobib voodisse: Kiku, Linden, Emma<\/span><\/p>\n","protected":false},"excerpt":{"rendered":"<p>* madrats koosneb kolmest osast (100+42+42)* sisu vahtpol\u00fcuretan\u00a030 kg\/m3,* pehmenduseks on mahuline vatiin* kangas 100% puuvillane, \u00d6KO-TEX 100 Standard* kott \u00e4rav\u00f5etav ja pestav 60C juures* Eesti Allergialiit soovitab* toode tarnitakse kilepakendis\u00a0* sobib voodisse: Kiku, Linden, Emma<\/p>\n","protected":false},"featured_media":101137,"template":"","meta":{"_acf_changed":false},"pwb-brand":[],"product_brand":[],"product_cat":[11599,11563,11789],"product_tag":[],"class_list":{"0":"post-454654","1":"product","2":"type-product","3":"status-publish","4":"has-post-thumbnail","6":"product_cat-kuni-80cm-laiused-ru","7":"product_cat-madratsid-ja-kattemadratsid-ru","8":"product_cat-lastemoobel-ja-sisustus-ru","10":"first","11":"onbackorder","12":"taxable","13":"shipping-taxable","14":"purchasable","15":"product-type-simple"},"exclude_global_add_ons":[],"addons":[],"acf":[],"yoast_head":"<!-- This site is optimized with the Yoast SEO plugin v27.3 - https:\/\/yoast.com\/product\/yoast-seo-wordpress\/ -->\n<title>Madrats pikendatavale voodile 75x184 (kollane), \u041c\u0430\u0442\u0440\u0430\u0441\u044b \u0438 \u043c\u0430\u0442\u0440\u0430\u0441\u044b-\u043f\u043e\u043a\u0440\u044b\u0432\u0430\u043b\u0430, \u0428\u0438\u0440\u0438\u043d\u043e\u0439 \u0434\u043e 80 c\u043c, M\u0435\u0431\u0435\u043b\u044c, Beebipood<\/title>\n<meta name=\"description\" content=\"Madrats pikendatavale voodile 75x184 (kollane), * madrats koosneb kolmest osast (100+42+42)* sisu vahtpol&uuml;uretan&nbsp;30 kg\/m3,\" \/>\n<meta name=\"robots\" content=\"index, follow, max-snippet:-1, max-image-preview:large, max-video-preview:-1\" \/>\n<link rel=\"canonical\" href=\"https:\/\/beebipood.ee\/ru\/produkt\/madrats-pikendatavale-voodile-75x184-kollane\/\" \/>\n<meta property=\"og:locale\" content=\"ru_RU\" \/>\n<meta property=\"og:type\" content=\"article\" \/>\n<meta property=\"og:title\" content=\"Madrats pikendatavale voodile 75x184 (kollane), \u041c\u0430\u0442\u0440\u0430\u0441\u044b \u0438 \u043c\u0430\u0442\u0440\u0430\u0441\u044b-\u043f\u043e\u043a\u0440\u044b\u0432\u0430\u043b\u0430, \u0428\u0438\u0440\u0438\u043d\u043e\u0439 \u0434\u043e 80 c\u043c, M\u0435\u0431\u0435\u043b\u044c, Beebipood\" \/>\n<meta property=\"og:description\" content=\"Madrats pikendatavale voodile 75x184 (kollane), * madrats koosneb kolmest osast (100+42+42)* sisu vahtpol&uuml;uretan&nbsp;30 kg\/m3,\" \/>\n<meta property=\"og:url\" content=\"https:\/\/beebipood.ee\/ru\/produkt\/madrats-pikendatavale-voodile-75x184-kollane\/\" \/>\n<meta property=\"og:site_name\" content=\"Beebipood\" \/>\n<meta property=\"article:modified_time\" content=\"2025-01-09T08:52:13+00:00\" \/>\n<meta property=\"og:image\" content=\"https:\/\/beebipood.ee\/wp-content\/uploads\/2013\/09\/Madrats-pikendatavale-voodile-75x184-kollane-Madratsid-ja-kattemadratsid-UUED-TOOTED-Kuni-80cm-laiused-Lastemoobel-ja-sisustus_1-945.jpg\" \/>\n\t<meta property=\"og:image:width\" content=\"1119\" \/>\n\t<meta property=\"og:image:height\" content=\"854\" \/>\n\t<meta property=\"og:image:type\" content=\"image\/jpeg\" \/>\n<meta name=\"twitter:card\" content=\"summary_large_image\" \/>\n<script type=\"application\/ld+json\" class=\"yoast-schema-graph\">{\"@context\":\"https:\\\/\\\/schema.org\",\"@graph\":[{\"@type\":\"WebPage\",\"@id\":\"https:\\\/\\\/beebipood.ee\\\/ru\\\/produkt\\\/madrats-pikendatavale-voodile-75x184-kollane\\\/\",\"url\":\"https:\\\/\\\/beebipood.ee\\\/ru\\\/produkt\\\/madrats-pikendatavale-voodile-75x184-kollane\\\/\",\"name\":\"Madrats pikendatavale voodile 75x184 (kollane), \u041c\u0430\u0442\u0440\u0430\u0441\u044b \u0438 \u043c\u0430\u0442\u0440\u0430\u0441\u044b-\u043f\u043e\u043a\u0440\u044b\u0432\u0430\u043b\u0430, \u0428\u0438\u0440\u0438\u043d\u043e\u0439 \u0434\u043e 80 c\u043c, M\u0435\u0431\u0435\u043b\u044c, Beebipood\",\"isPartOf\":{\"@id\":\"https:\\\/\\\/beebipood.ee\\\/ru\\\/#website\"},\"primaryImageOfPage\":{\"@id\":\"https:\\\/\\\/beebipood.ee\\\/ru\\\/produkt\\\/madrats-pikendatavale-voodile-75x184-kollane\\\/#primaryimage\"},\"image\":{\"@id\":\"https:\\\/\\\/beebipood.ee\\\/ru\\\/produkt\\\/madrats-pikendatavale-voodile-75x184-kollane\\\/#primaryimage\"},\"thumbnailUrl\":\"https:\\\/\\\/beebipood.ee\\\/wp-content\\\/uploads\\\/2013\\\/09\\\/Madrats-pikendatavale-voodile-75x184-kollane-Madratsid-ja-kattemadratsid-UUED-TOOTED-Kuni-80cm-laiused-Lastemoobel-ja-sisustus_1-945.jpg\",\"datePublished\":\"2013-09-02T10:50:59+00:00\",\"dateModified\":\"2025-01-09T08:52:13+00:00\",\"description\":\"Madrats pikendatavale voodile 75x184 (kollane), * madrats koosneb kolmest osast (100+42+42)* sisu vahtpol&uuml;uretan&nbsp;30 kg\\\/m3,\",\"breadcrumb\":{\"@id\":\"https:\\\/\\\/beebipood.ee\\\/ru\\\/produkt\\\/madrats-pikendatavale-voodile-75x184-kollane\\\/#breadcrumb\"},\"inLanguage\":\"ru-RU\",\"potentialAction\":[{\"@type\":\"ReadAction\",\"target\":[\"https:\\\/\\\/beebipood.ee\\\/ru\\\/produkt\\\/madrats-pikendatavale-voodile-75x184-kollane\\\/\"]}]},{\"@type\":\"ImageObject\",\"inLanguage\":\"ru-RU\",\"@id\":\"https:\\\/\\\/beebipood.ee\\\/ru\\\/produkt\\\/madrats-pikendatavale-voodile-75x184-kollane\\\/#primaryimage\",\"url\":\"https:\\\/\\\/beebipood.ee\\\/wp-content\\\/uploads\\\/2013\\\/09\\\/Madrats-pikendatavale-voodile-75x184-kollane-Madratsid-ja-kattemadratsid-UUED-TOOTED-Kuni-80cm-laiused-Lastemoobel-ja-sisustus_1-945.jpg\",\"contentUrl\":\"https:\\\/\\\/beebipood.ee\\\/wp-content\\\/uploads\\\/2013\\\/09\\\/Madrats-pikendatavale-voodile-75x184-kollane-Madratsid-ja-kattemadratsid-UUED-TOOTED-Kuni-80cm-laiused-Lastemoobel-ja-sisustus_1-945.jpg\",\"width\":1119,\"height\":854},{\"@type\":\"BreadcrumbList\",\"@id\":\"https:\\\/\\\/beebipood.ee\\\/ru\\\/produkt\\\/madrats-pikendatavale-voodile-75x184-kollane\\\/#breadcrumb\",\"itemListElement\":[{\"@type\":\"ListItem\",\"position\":1,\"name\":\"Home\",\"item\":\"https:\\\/\\\/beebipood.ee\\\/ru\\\/\"},{\"@type\":\"ListItem\",\"position\":2,\"name\":\"\u041a\u0430\u0442\u0430\u043b\u043e\u0433 \u0442\u043e\u0432\u0430\u0440\u043e\u0432\",\"item\":\"https:\\\/\\\/beebipood.ee\\\/tooted\\\/\"},{\"@type\":\"ListItem\",\"position\":3,\"name\":\"Madrats pikendatavale voodile 75&#215;184 (kollane)\"}]},{\"@type\":\"WebSite\",\"@id\":\"https:\\\/\\\/beebipood.ee\\\/ru\\\/#website\",\"url\":\"https:\\\/\\\/beebipood.ee\\\/ru\\\/\",\"name\":\"Beebipood\",\"description\":\"Lastekaubad, beebikaubad, m\u00e4nguasjad\",\"publisher\":{\"@id\":\"https:\\\/\\\/beebipood.ee\\\/ru\\\/#organization\"},\"potentialAction\":[{\"@type\":\"SearchAction\",\"target\":{\"@type\":\"EntryPoint\",\"urlTemplate\":\"https:\\\/\\\/beebipood.ee\\\/ru\\\/?s={search_term_string}\"},\"query-input\":{\"@type\":\"PropertyValueSpecification\",\"valueRequired\":true,\"valueName\":\"search_term_string\"}}],\"inLanguage\":\"ru-RU\"},{\"@type\":\"Organization\",\"@id\":\"https:\\\/\\\/beebipood.ee\\\/ru\\\/#organization\",\"name\":\"Beebipood\",\"url\":\"https:\\\/\\\/beebipood.ee\\\/ru\\\/\",\"logo\":{\"@type\":\"ImageObject\",\"inLanguage\":\"ru-RU\",\"@id\":\"https:\\\/\\\/beebipood.ee\\\/ru\\\/#\\\/schema\\\/logo\\\/image\\\/\",\"url\":\"https:\\\/\\\/beebipood.ee\\\/wp-content\\\/uploads\\\/2025\\\/03\\\/beebipood.ee-logo-1.svg\",\"contentUrl\":\"https:\\\/\\\/beebipood.ee\\\/wp-content\\\/uploads\\\/2025\\\/03\\\/beebipood.ee-logo-1.svg\",\"caption\":\"Beebipood\"},\"image\":{\"@id\":\"https:\\\/\\\/beebipood.ee\\\/ru\\\/#\\\/schema\\\/logo\\\/image\\\/\"}}]}<\/script>\n<!-- \/ Yoast SEO plugin. -->","yoast_head_json":{"title":"Madrats pikendatavale voodile 75x184 (kollane), \u041c\u0430\u0442\u0440\u0430\u0441\u044b \u0438 \u043c\u0430\u0442\u0440\u0430\u0441\u044b-\u043f\u043e\u043a\u0440\u044b\u0432\u0430\u043b\u0430, \u0428\u0438\u0440\u0438\u043d\u043e\u0439 \u0434\u043e 80 c\u043c, M\u0435\u0431\u0435\u043b\u044c, Beebipood","description":"Madrats pikendatavale voodile 75x184 (kollane), * madrats koosneb kolmest osast (100+42+42)* sisu vahtpol&uuml;uretan&nbsp;30 kg\/m3,","robots":{"index":"index","follow":"follow","max-snippet":"max-snippet:-1","max-image-preview":"max-image-preview:large","max-video-preview":"max-video-preview:-1"},"canonical":"https:\/\/beebipood.ee\/ru\/produkt\/madrats-pikendatavale-voodile-75x184-kollane\/","og_locale":"ru_RU","og_type":"article","og_title":"Madrats pikendatavale voodile 75x184 (kollane), \u041c\u0430\u0442\u0440\u0430\u0441\u044b \u0438 \u043c\u0430\u0442\u0440\u0430\u0441\u044b-\u043f\u043e\u043a\u0440\u044b\u0432\u0430\u043b\u0430, \u0428\u0438\u0440\u0438\u043d\u043e\u0439 \u0434\u043e 80 c\u043c, M\u0435\u0431\u0435\u043b\u044c, Beebipood","og_description":"Madrats pikendatavale voodile 75x184 (kollane), * madrats koosneb kolmest osast (100+42+42)* sisu vahtpol&uuml;uretan&nbsp;30 kg\/m3,","og_url":"https:\/\/beebipood.ee\/ru\/produkt\/madrats-pikendatavale-voodile-75x184-kollane\/","og_site_name":"Beebipood","article_modified_time":"2025-01-09T08:52:13+00:00","og_image":[{"width":1119,"height":854,"url":"https:\/\/beebipood.ee\/wp-content\/uploads\/2013\/09\/Madrats-pikendatavale-voodile-75x184-kollane-Madratsid-ja-kattemadratsid-UUED-TOOTED-Kuni-80cm-laiused-Lastemoobel-ja-sisustus_1-945.jpg","type":"image\/jpeg"}],"twitter_card":"summary_large_image","schema":{"@context":"https:\/\/schema.org","@graph":[{"@type":"WebPage","@id":"https:\/\/beebipood.ee\/ru\/produkt\/madrats-pikendatavale-voodile-75x184-kollane\/","url":"https:\/\/beebipood.ee\/ru\/produkt\/madrats-pikendatavale-voodile-75x184-kollane\/","name":"Madrats pikendatavale voodile 75x184 (kollane), \u041c\u0430\u0442\u0440\u0430\u0441\u044b \u0438 \u043c\u0430\u0442\u0440\u0430\u0441\u044b-\u043f\u043e\u043a\u0440\u044b\u0432\u0430\u043b\u0430, \u0428\u0438\u0440\u0438\u043d\u043e\u0439 \u0434\u043e 80 c\u043c, M\u0435\u0431\u0435\u043b\u044c, Beebipood","isPartOf":{"@id":"https:\/\/beebipood.ee\/ru\/#website"},"primaryImageOfPage":{"@id":"https:\/\/beebipood.ee\/ru\/produkt\/madrats-pikendatavale-voodile-75x184-kollane\/#primaryimage"},"image":{"@id":"https:\/\/beebipood.ee\/ru\/produkt\/madrats-pikendatavale-voodile-75x184-kollane\/#primaryimage"},"thumbnailUrl":"https:\/\/beebipood.ee\/wp-content\/uploads\/2013\/09\/Madrats-pikendatavale-voodile-75x184-kollane-Madratsid-ja-kattemadratsid-UUED-TOOTED-Kuni-80cm-laiused-Lastemoobel-ja-sisustus_1-945.jpg","datePublished":"2013-09-02T10:50:59+00:00","dateModified":"2025-01-09T08:52:13+00:00","description":"Madrats pikendatavale voodile 75x184 (kollane), * madrats koosneb kolmest osast (100+42+42)* sisu vahtpol&uuml;uretan&nbsp;30 kg\/m3,","breadcrumb":{"@id":"https:\/\/beebipood.ee\/ru\/produkt\/madrats-pikendatavale-voodile-75x184-kollane\/#breadcrumb"},"inLanguage":"ru-RU","potentialAction":[{"@type":"ReadAction","target":["https:\/\/beebipood.ee\/ru\/produkt\/madrats-pikendatavale-voodile-75x184-kollane\/"]}]},{"@type":"ImageObject","inLanguage":"ru-RU","@id":"https:\/\/beebipood.ee\/ru\/produkt\/madrats-pikendatavale-voodile-75x184-kollane\/#primaryimage","url":"https:\/\/beebipood.ee\/wp-content\/uploads\/2013\/09\/Madrats-pikendatavale-voodile-75x184-kollane-Madratsid-ja-kattemadratsid-UUED-TOOTED-Kuni-80cm-laiused-Lastemoobel-ja-sisustus_1-945.jpg","contentUrl":"https:\/\/beebipood.ee\/wp-content\/uploads\/2013\/09\/Madrats-pikendatavale-voodile-75x184-kollane-Madratsid-ja-kattemadratsid-UUED-TOOTED-Kuni-80cm-laiused-Lastemoobel-ja-sisustus_1-945.jpg","width":1119,"height":854},{"@type":"BreadcrumbList","@id":"https:\/\/beebipood.ee\/ru\/produkt\/madrats-pikendatavale-voodile-75x184-kollane\/#breadcrumb","itemListElement":[{"@type":"ListItem","position":1,"name":"Home","item":"https:\/\/beebipood.ee\/ru\/"},{"@type":"ListItem","position":2,"name":"\u041a\u0430\u0442\u0430\u043b\u043e\u0433 \u0442\u043e\u0432\u0430\u0440\u043e\u0432","item":"https:\/\/beebipood.ee\/tooted\/"},{"@type":"ListItem","position":3,"name":"Madrats pikendatavale voodile 75&#215;184 (kollane)"}]},{"@type":"WebSite","@id":"https:\/\/beebipood.ee\/ru\/#website","url":"https:\/\/beebipood.ee\/ru\/","name":"Beebipood","description":"Lastekaubad, beebikaubad, m\u00e4nguasjad","publisher":{"@id":"https:\/\/beebipood.ee\/ru\/#organization"},"potentialAction":[{"@type":"SearchAction","target":{"@type":"EntryPoint","urlTemplate":"https:\/\/beebipood.ee\/ru\/?s={search_term_string}"},"query-input":{"@type":"PropertyValueSpecification","valueRequired":true,"valueName":"search_term_string"}}],"inLanguage":"ru-RU"},{"@type":"Organization","@id":"https:\/\/beebipood.ee\/ru\/#organization","name":"Beebipood","url":"https:\/\/beebipood.ee\/ru\/","logo":{"@type":"ImageObject","inLanguage":"ru-RU","@id":"https:\/\/beebipood.ee\/ru\/#\/schema\/logo\/image\/","url":"https:\/\/beebipood.ee\/wp-content\/uploads\/2025\/03\/beebipood.ee-logo-1.svg","contentUrl":"https:\/\/beebipood.ee\/wp-content\/uploads\/2025\/03\/beebipood.ee-logo-1.svg","caption":"Beebipood"},"image":{"@id":"https:\/\/beebipood.ee\/ru\/#\/schema\/logo\/image\/"}}]}},"brands":[],"_links":{"self":[{"href":"https:\/\/beebipood.ee\/ru\/wp-json\/wp\/v2\/product\/454654","targetHints":{"allow":["GET"]}}],"collection":[{"href":"https:\/\/beebipood.ee\/ru\/wp-json\/wp\/v2\/product"}],"about":[{"href":"https:\/\/beebipood.ee\/ru\/wp-json\/wp\/v2\/types\/product"}],"wp:featuredmedia":[{"embeddable":true,"href":"https:\/\/beebipood.ee\/ru\/wp-json\/wp\/v2\/media\/101137"}],"wp:attachment":[{"href":"https:\/\/beebipood.ee\/ru\/wp-json\/wp\/v2\/media?parent=454654"}],"wp:term":[{"taxonomy":"pwb-brand","embeddable":true,"href":"https:\/\/beebipood.ee\/ru\/wp-json\/wp\/v2\/pwb-brand?post=454654"},{"taxonomy":"product_brand","embeddable":true,"href":"https:\/\/beebipood.ee\/ru\/wp-json\/wp\/v2\/product_brand?post=454654"},{"taxonomy":"product_cat","embeddable":true,"href":"https:\/\/beebipood.ee\/ru\/wp-json\/wp\/v2\/product_cat?post=454654"},{"taxonomy":"product_tag","embeddable":true,"href":"https:\/\/beebipood.ee\/ru\/wp-json\/wp\/v2\/product_tag?post=454654"}],"curies":[{"name":"wp","href":"https:\/\/api.w.org\/{rel}","templated":true}]}}