{"id":454656,"date":"2013-09-02T13:51:17","date_gmt":"2013-09-02T10:51:17","guid":{"rendered":"https:\/\/beebipood.ee\/toode\/thule-stroller-footmuff-soft-green\/"},"modified":"2025-01-09T10:52:13","modified_gmt":"2025-01-09T08:52:13","slug":"thule-stroller-footmuff-soft-green","status":"publish","type":"product","link":"https:\/\/beebipood.ee\/ru\/produkt\/thule-stroller-footmuff-soft-green\/","title":{"rendered":"Thule stroller footmuff, Soft Green"},"content":{"rendered":"<p><span>Thule Stroller Footmuff on esmaklassiline soojustusega jalakate,<\/span><br \/><span>mis hoiab teie lapse k\u00fclmematel p\u00e4evadel sooja ja hubasena.<\/span><br \/><span>Suur t\u00f5mblukuga avaus aitab teie v\u00e4ikelapsel reguleerida kehatemperatuuri,<\/span><br \/><span>et tal oleks v\u00f5imalik terve p\u00e4ev \u00f5ues olla, isegi kui ilm muutub.<\/span><br \/><span>Thule Stroller Footmuff on saadaval mitmes kaasaegses v\u00e4rvivalikus<\/span><br \/><span>mida teil on v\u00f5imalik oma jalutusk\u00e4rule lisada ja sobitada.<\/span><br \/><span>Soe ja hubane jalakate k\u00fclma ilmaga lisamugavuse pakkumiseks<\/span><br \/><span>Suur t\u00f5mblukuava muudab lapsele ligip\u00e4\u00e4semise<\/span><br \/><span>ja temperatuuri reguleerimise h\u00f5lpsaks<\/span><br \/><span>Mugav esitasku v\u00e4iksemate esemete h\u00f5lpsalt k\u00e4ttesaamiseks<\/span><br \/><span>Libisemisvastane omadus takistab peale paigaldamist jalakatte libisemist<\/span><br \/><span>Kaitsevooder hoiab \u00e4ra sisemuse m\u00e4\u00e4rdumise poriste jalatsite t\u00f5ttu<\/span><br \/><span>Temperatuuri reguleerimiseks on \u00fclaosa lihtne kokku voltida.<\/span><br \/><span>Mugavad magnetid hoiavad seda paigal<\/span><br \/><span>Pehme hall sisemine polster musta tagak\u00fcljega<\/span><br \/><span>ja teie valitud v\u00e4rv esik\u00fcljel<\/span><\/p>\n","protected":false},"excerpt":{"rendered":"<p>Thule Stroller Footmuff on esmaklassiline soojustusega jalakate,mis hoiab teie lapse k\u00fclmematel p\u00e4evadel sooja ja hubasena.Suur t\u00f5mblukuga avaus aitab teie v\u00e4ikelapsel reguleerida kehatemperatuuri,et tal oleks v\u00f5imalik terve p\u00e4ev \u00f5ues olla, isegi kui ilm muutub.Thule Stroller Footmuff on saadaval mitmes kaasaegses v\u00e4rvivalikusmida teil on v\u00f5imalik oma jalutusk\u00e4rule lisada ja sobitada.Soe ja hubane jalakate k\u00fclma ilmaga lisamugavuse pakkumiseksSuur [&hellip;]<\/p>\n","protected":false},"featured_media":148378,"template":"","meta":{"_acf_changed":false},"pwb-brand":[11980],"product_brand":[],"product_cat":[11915,11573,11725,11717,11827],"product_tag":[],"class_list":{"0":"post-454656","1":"product","2":"type-product","3":"status-publish","4":"has-post-thumbnail","6":"pwb-brand-thule-ru","7":"product_cat-soojakotid-ru","8":"product_cat-sooduspakkumised-ru","9":"product_cat-lisatarvikud-ru","10":"product_cat-lastevankrid-ja-karud-ru","11":"product_cat-thule-sleek-ru","12":"pa_manufacturer-thule-ru","14":"first","15":"onbackorder","16":"taxable","17":"shipping-taxable","18":"purchasable","19":"product-type-simple"},"exclude_global_add_ons":[],"addons":[],"acf":[],"yoast_head":"<!-- This site is optimized with the Yoast SEO plugin v27.1.1 - https:\/\/yoast.com\/product\/yoast-seo-wordpress\/ -->\n<title>Thule stroller footmuff, Soft Green, \u0421\u041a\u0418\u0414\u041a\u0418, \u041d\u041e\u0412\u042b\u0415 \u0422\u041e\u0412\u0410\u0420\u042b, \u041b\u043e\u0448\u0430\u0434\u043a\u0430-\u043a\u0430\u0447\u0430\u043b\u043a\u0430, \u041a\u043e\u043b\u044f\u0441\u043a\u0438, \u041f\u0440\u0438\u043d\u0430\u0434\u043b\u0435\u0436\u043d\u043e\u0441\u0442\u0438, Thule Sleek, Soojakotid, Beebipood<\/title>\n<meta name=\"description\" content=\"Thule stroller footmuff, Soft Green, Thule Stroller Footmuff on esmaklassiline soojustusega jalakate,mis hoiab teie lapse k&uuml;lme\" \/>\n<meta name=\"robots\" content=\"index, follow, max-snippet:-1, max-image-preview:large, max-video-preview:-1\" \/>\n<link rel=\"canonical\" href=\"https:\/\/beebipood.ee\/ru\/produkt\/thule-stroller-footmuff-soft-green\/\" \/>\n<meta property=\"og:locale\" content=\"ru_RU\" \/>\n<meta property=\"og:type\" content=\"article\" \/>\n<meta property=\"og:title\" content=\"Thule stroller footmuff, Soft Green, \u0421\u041a\u0418\u0414\u041a\u0418, \u041d\u041e\u0412\u042b\u0415 \u0422\u041e\u0412\u0410\u0420\u042b, \u041b\u043e\u0448\u0430\u0434\u043a\u0430-\u043a\u0430\u0447\u0430\u043b\u043a\u0430, \u041a\u043e\u043b\u044f\u0441\u043a\u0438, \u041f\u0440\u0438\u043d\u0430\u0434\u043b\u0435\u0436\u043d\u043e\u0441\u0442\u0438, Thule Sleek, Soojakotid, Beebipood\" \/>\n<meta property=\"og:description\" content=\"Thule stroller footmuff, Soft Green, Thule Stroller Footmuff on esmaklassiline soojustusega jalakate,mis hoiab teie lapse k&uuml;lme\" \/>\n<meta property=\"og:url\" content=\"https:\/\/beebipood.ee\/ru\/produkt\/thule-stroller-footmuff-soft-green\/\" \/>\n<meta property=\"og:site_name\" content=\"Beebipood\" \/>\n<meta property=\"article:modified_time\" content=\"2025-01-09T08:52:13+00:00\" \/>\n<meta property=\"og:image\" content=\"https:\/\/beebipood.ee\/wp-content\/uploads\/2013\/09\/Thule-stroller-footmuff-Soft-Green-Lastevankrid-ja-karud-Lisavarustus-Soojakotid_1-ca8.jpg\" \/>\n\t<meta property=\"og:image:width\" content=\"941\" \/>\n\t<meta property=\"og:image:height\" content=\"942\" \/>\n\t<meta property=\"og:image:type\" content=\"image\/jpeg\" \/>\n<meta name=\"twitter:card\" content=\"summary_large_image\" \/>\n<meta name=\"twitter:label1\" content=\"\u041f\u0440\u0438\u043c\u0435\u0440\u043d\u043e\u0435 \u0432\u0440\u0435\u043c\u044f \u0434\u043b\u044f \u0447\u0442\u0435\u043d\u0438\u044f\" \/>\n\t<meta name=\"twitter:data1\" content=\"1 \u043c\u0438\u043d\u0443\u0442\u0430\" \/>\n<script type=\"application\/ld+json\" class=\"yoast-schema-graph\">{\"@context\":\"https:\/\/schema.org\",\"@graph\":[{\"@type\":\"WebPage\",\"@id\":\"https:\/\/beebipood.ee\/ru\/produkt\/thule-stroller-footmuff-soft-green\/\",\"url\":\"https:\/\/beebipood.ee\/ru\/produkt\/thule-stroller-footmuff-soft-green\/\",\"name\":\"Thule stroller footmuff, Soft Green, \u0421\u041a\u0418\u0414\u041a\u0418, \u041d\u041e\u0412\u042b\u0415 \u0422\u041e\u0412\u0410\u0420\u042b, \u041b\u043e\u0448\u0430\u0434\u043a\u0430-\u043a\u0430\u0447\u0430\u043b\u043a\u0430, \u041a\u043e\u043b\u044f\u0441\u043a\u0438, \u041f\u0440\u0438\u043d\u0430\u0434\u043b\u0435\u0436\u043d\u043e\u0441\u0442\u0438, Thule Sleek, Soojakotid, Beebipood\",\"isPartOf\":{\"@id\":\"https:\/\/beebipood.ee\/ru\/#website\"},\"primaryImageOfPage\":{\"@id\":\"https:\/\/beebipood.ee\/ru\/produkt\/thule-stroller-footmuff-soft-green\/#primaryimage\"},\"image\":{\"@id\":\"https:\/\/beebipood.ee\/ru\/produkt\/thule-stroller-footmuff-soft-green\/#primaryimage\"},\"thumbnailUrl\":\"https:\/\/beebipood.ee\/wp-content\/uploads\/2013\/09\/Thule-stroller-footmuff-Soft-Green-Lastevankrid-ja-karud-Lisavarustus-Soojakotid_1-ca8.jpg\",\"datePublished\":\"2013-09-02T10:51:17+00:00\",\"dateModified\":\"2025-01-09T08:52:13+00:00\",\"description\":\"Thule stroller footmuff, Soft Green, Thule Stroller Footmuff on esmaklassiline soojustusega jalakate,mis hoiab teie lapse k&uuml;lme\",\"breadcrumb\":{\"@id\":\"https:\/\/beebipood.ee\/ru\/produkt\/thule-stroller-footmuff-soft-green\/#breadcrumb\"},\"inLanguage\":\"ru-RU\",\"potentialAction\":[{\"@type\":\"ReadAction\",\"target\":[\"https:\/\/beebipood.ee\/ru\/produkt\/thule-stroller-footmuff-soft-green\/\"]}]},{\"@type\":\"ImageObject\",\"inLanguage\":\"ru-RU\",\"@id\":\"https:\/\/beebipood.ee\/ru\/produkt\/thule-stroller-footmuff-soft-green\/#primaryimage\",\"url\":\"https:\/\/beebipood.ee\/wp-content\/uploads\/2013\/09\/Thule-stroller-footmuff-Soft-Green-Lastevankrid-ja-karud-Lisavarustus-Soojakotid_1-ca8.jpg\",\"contentUrl\":\"https:\/\/beebipood.ee\/wp-content\/uploads\/2013\/09\/Thule-stroller-footmuff-Soft-Green-Lastevankrid-ja-karud-Lisavarustus-Soojakotid_1-ca8.jpg\",\"width\":941,\"height\":942},{\"@type\":\"BreadcrumbList\",\"@id\":\"https:\/\/beebipood.ee\/ru\/produkt\/thule-stroller-footmuff-soft-green\/#breadcrumb\",\"itemListElement\":[{\"@type\":\"ListItem\",\"position\":1,\"name\":\"Home\",\"item\":\"https:\/\/beebipood.ee\/ru\/\"},{\"@type\":\"ListItem\",\"position\":2,\"name\":\"\u041a\u0430\u0442\u0430\u043b\u043e\u0433 \u0442\u043e\u0432\u0430\u0440\u043e\u0432\",\"item\":\"https:\/\/beebipood.ee\/tooted\/\"},{\"@type\":\"ListItem\",\"position\":3,\"name\":\"Thule stroller footmuff, Soft Green\"}]},{\"@type\":\"WebSite\",\"@id\":\"https:\/\/beebipood.ee\/ru\/#website\",\"url\":\"https:\/\/beebipood.ee\/ru\/\",\"name\":\"Beebipood\",\"description\":\"Lastekaubad, beebikaubad, m\u00e4nguasjad\",\"publisher\":{\"@id\":\"https:\/\/beebipood.ee\/ru\/#organization\"},\"potentialAction\":[{\"@type\":\"SearchAction\",\"target\":{\"@type\":\"EntryPoint\",\"urlTemplate\":\"https:\/\/beebipood.ee\/ru\/?s={search_term_string}\"},\"query-input\":{\"@type\":\"PropertyValueSpecification\",\"valueRequired\":true,\"valueName\":\"search_term_string\"}}],\"inLanguage\":\"ru-RU\"},{\"@type\":\"Organization\",\"@id\":\"https:\/\/beebipood.ee\/ru\/#organization\",\"name\":\"Beebipood\",\"url\":\"https:\/\/beebipood.ee\/ru\/\",\"logo\":{\"@type\":\"ImageObject\",\"inLanguage\":\"ru-RU\",\"@id\":\"https:\/\/beebipood.ee\/ru\/#\/schema\/logo\/image\/\",\"url\":\"https:\/\/beebipood.ee\/wp-content\/uploads\/2025\/03\/beebipood.ee-logo-1.svg\",\"contentUrl\":\"https:\/\/beebipood.ee\/wp-content\/uploads\/2025\/03\/beebipood.ee-logo-1.svg\",\"caption\":\"Beebipood\"},\"image\":{\"@id\":\"https:\/\/beebipood.ee\/ru\/#\/schema\/logo\/image\/\"}}]}<\/script>\n<!-- \/ Yoast SEO plugin. -->","yoast_head_json":{"title":"Thule stroller footmuff, Soft Green, \u0421\u041a\u0418\u0414\u041a\u0418, \u041d\u041e\u0412\u042b\u0415 \u0422\u041e\u0412\u0410\u0420\u042b, \u041b\u043e\u0448\u0430\u0434\u043a\u0430-\u043a\u0430\u0447\u0430\u043b\u043a\u0430, \u041a\u043e\u043b\u044f\u0441\u043a\u0438, \u041f\u0440\u0438\u043d\u0430\u0434\u043b\u0435\u0436\u043d\u043e\u0441\u0442\u0438, Thule Sleek, Soojakotid, Beebipood","description":"Thule stroller footmuff, Soft Green, Thule Stroller Footmuff on esmaklassiline soojustusega jalakate,mis hoiab teie lapse k&uuml;lme","robots":{"index":"index","follow":"follow","max-snippet":"max-snippet:-1","max-image-preview":"max-image-preview:large","max-video-preview":"max-video-preview:-1"},"canonical":"https:\/\/beebipood.ee\/ru\/produkt\/thule-stroller-footmuff-soft-green\/","og_locale":"ru_RU","og_type":"article","og_title":"Thule stroller footmuff, Soft Green, \u0421\u041a\u0418\u0414\u041a\u0418, \u041d\u041e\u0412\u042b\u0415 \u0422\u041e\u0412\u0410\u0420\u042b, \u041b\u043e\u0448\u0430\u0434\u043a\u0430-\u043a\u0430\u0447\u0430\u043b\u043a\u0430, \u041a\u043e\u043b\u044f\u0441\u043a\u0438, \u041f\u0440\u0438\u043d\u0430\u0434\u043b\u0435\u0436\u043d\u043e\u0441\u0442\u0438, Thule Sleek, Soojakotid, Beebipood","og_description":"Thule stroller footmuff, Soft Green, Thule Stroller Footmuff on esmaklassiline soojustusega jalakate,mis hoiab teie lapse k&uuml;lme","og_url":"https:\/\/beebipood.ee\/ru\/produkt\/thule-stroller-footmuff-soft-green\/","og_site_name":"Beebipood","article_modified_time":"2025-01-09T08:52:13+00:00","og_image":[{"width":941,"height":942,"url":"https:\/\/beebipood.ee\/wp-content\/uploads\/2013\/09\/Thule-stroller-footmuff-Soft-Green-Lastevankrid-ja-karud-Lisavarustus-Soojakotid_1-ca8.jpg","type":"image\/jpeg"}],"twitter_card":"summary_large_image","twitter_misc":{"\u041f\u0440\u0438\u043c\u0435\u0440\u043d\u043e\u0435 \u0432\u0440\u0435\u043c\u044f \u0434\u043b\u044f \u0447\u0442\u0435\u043d\u0438\u044f":"1 \u043c\u0438\u043d\u0443\u0442\u0430"},"schema":{"@context":"https:\/\/schema.org","@graph":[{"@type":"WebPage","@id":"https:\/\/beebipood.ee\/ru\/produkt\/thule-stroller-footmuff-soft-green\/","url":"https:\/\/beebipood.ee\/ru\/produkt\/thule-stroller-footmuff-soft-green\/","name":"Thule stroller footmuff, Soft Green, \u0421\u041a\u0418\u0414\u041a\u0418, \u041d\u041e\u0412\u042b\u0415 \u0422\u041e\u0412\u0410\u0420\u042b, \u041b\u043e\u0448\u0430\u0434\u043a\u0430-\u043a\u0430\u0447\u0430\u043b\u043a\u0430, \u041a\u043e\u043b\u044f\u0441\u043a\u0438, \u041f\u0440\u0438\u043d\u0430\u0434\u043b\u0435\u0436\u043d\u043e\u0441\u0442\u0438, Thule Sleek, Soojakotid, Beebipood","isPartOf":{"@id":"https:\/\/beebipood.ee\/ru\/#website"},"primaryImageOfPage":{"@id":"https:\/\/beebipood.ee\/ru\/produkt\/thule-stroller-footmuff-soft-green\/#primaryimage"},"image":{"@id":"https:\/\/beebipood.ee\/ru\/produkt\/thule-stroller-footmuff-soft-green\/#primaryimage"},"thumbnailUrl":"https:\/\/beebipood.ee\/wp-content\/uploads\/2013\/09\/Thule-stroller-footmuff-Soft-Green-Lastevankrid-ja-karud-Lisavarustus-Soojakotid_1-ca8.jpg","datePublished":"2013-09-02T10:51:17+00:00","dateModified":"2025-01-09T08:52:13+00:00","description":"Thule stroller footmuff, Soft Green, Thule Stroller Footmuff on esmaklassiline soojustusega jalakate,mis hoiab teie lapse k&uuml;lme","breadcrumb":{"@id":"https:\/\/beebipood.ee\/ru\/produkt\/thule-stroller-footmuff-soft-green\/#breadcrumb"},"inLanguage":"ru-RU","potentialAction":[{"@type":"ReadAction","target":["https:\/\/beebipood.ee\/ru\/produkt\/thule-stroller-footmuff-soft-green\/"]}]},{"@type":"ImageObject","inLanguage":"ru-RU","@id":"https:\/\/beebipood.ee\/ru\/produkt\/thule-stroller-footmuff-soft-green\/#primaryimage","url":"https:\/\/beebipood.ee\/wp-content\/uploads\/2013\/09\/Thule-stroller-footmuff-Soft-Green-Lastevankrid-ja-karud-Lisavarustus-Soojakotid_1-ca8.jpg","contentUrl":"https:\/\/beebipood.ee\/wp-content\/uploads\/2013\/09\/Thule-stroller-footmuff-Soft-Green-Lastevankrid-ja-karud-Lisavarustus-Soojakotid_1-ca8.jpg","width":941,"height":942},{"@type":"BreadcrumbList","@id":"https:\/\/beebipood.ee\/ru\/produkt\/thule-stroller-footmuff-soft-green\/#breadcrumb","itemListElement":[{"@type":"ListItem","position":1,"name":"Home","item":"https:\/\/beebipood.ee\/ru\/"},{"@type":"ListItem","position":2,"name":"\u041a\u0430\u0442\u0430\u043b\u043e\u0433 \u0442\u043e\u0432\u0430\u0440\u043e\u0432","item":"https:\/\/beebipood.ee\/tooted\/"},{"@type":"ListItem","position":3,"name":"Thule stroller footmuff, Soft Green"}]},{"@type":"WebSite","@id":"https:\/\/beebipood.ee\/ru\/#website","url":"https:\/\/beebipood.ee\/ru\/","name":"Beebipood","description":"Lastekaubad, beebikaubad, m\u00e4nguasjad","publisher":{"@id":"https:\/\/beebipood.ee\/ru\/#organization"},"potentialAction":[{"@type":"SearchAction","target":{"@type":"EntryPoint","urlTemplate":"https:\/\/beebipood.ee\/ru\/?s={search_term_string}"},"query-input":{"@type":"PropertyValueSpecification","valueRequired":true,"valueName":"search_term_string"}}],"inLanguage":"ru-RU"},{"@type":"Organization","@id":"https:\/\/beebipood.ee\/ru\/#organization","name":"Beebipood","url":"https:\/\/beebipood.ee\/ru\/","logo":{"@type":"ImageObject","inLanguage":"ru-RU","@id":"https:\/\/beebipood.ee\/ru\/#\/schema\/logo\/image\/","url":"https:\/\/beebipood.ee\/wp-content\/uploads\/2025\/03\/beebipood.ee-logo-1.svg","contentUrl":"https:\/\/beebipood.ee\/wp-content\/uploads\/2025\/03\/beebipood.ee-logo-1.svg","caption":"Beebipood"},"image":{"@id":"https:\/\/beebipood.ee\/ru\/#\/schema\/logo\/image\/"}}]}},"brands":[{"id":11980,"name":"THULE","slug":"thule-ru"}],"_links":{"self":[{"href":"https:\/\/beebipood.ee\/ru\/wp-json\/wp\/v2\/product\/454656","targetHints":{"allow":["GET"]}}],"collection":[{"href":"https:\/\/beebipood.ee\/ru\/wp-json\/wp\/v2\/product"}],"about":[{"href":"https:\/\/beebipood.ee\/ru\/wp-json\/wp\/v2\/types\/product"}],"wp:featuredmedia":[{"embeddable":true,"href":"https:\/\/beebipood.ee\/ru\/wp-json\/wp\/v2\/media\/148378"}],"wp:attachment":[{"href":"https:\/\/beebipood.ee\/ru\/wp-json\/wp\/v2\/media?parent=454656"}],"wp:term":[{"taxonomy":"pwb-brand","embeddable":true,"href":"https:\/\/beebipood.ee\/ru\/wp-json\/wp\/v2\/pwb-brand?post=454656"},{"taxonomy":"product_brand","embeddable":true,"href":"https:\/\/beebipood.ee\/ru\/wp-json\/wp\/v2\/product_brand?post=454656"},{"taxonomy":"product_cat","embeddable":true,"href":"https:\/\/beebipood.ee\/ru\/wp-json\/wp\/v2\/product_cat?post=454656"},{"taxonomy":"product_tag","embeddable":true,"href":"https:\/\/beebipood.ee\/ru\/wp-json\/wp\/v2\/product_tag?post=454656"}],"curies":[{"name":"wp","href":"https:\/\/api.w.org\/{rel}","templated":true}]}}