{"id":454658,"date":"2013-09-02T13:51:33","date_gmt":"2013-09-02T10:51:33","guid":{"rendered":"https:\/\/beebipood.ee\/toode\/tutti-bambini-cozee-rattad-4tk\/"},"modified":"2025-06-17T14:44:54","modified_gmt":"2025-06-17T11:44:54","slug":"tutti-bambini-cozee-rattad-4tk","status":"publish","type":"product","link":"https:\/\/beebipood.ee\/ru\/produkt\/tutti-bambini-cozee-rattad-4tk\/","title":{"rendered":"Tutti Bambini CoZee rattad (4tk)"},"content":{"rendered":"<p>CoZee beebih\u00e4lli rattad aitavad sul h\u00e4lli liigutada mugavalt m\u00f6\u00f6da erinevaid tube. <br \/>Neid saab h\u00f5lpsasti kinnitada\/eemaldada ning ratastel on ka pidurid.<br \/>Sobib CoZee, CoZee Lite, CoZee Air, CoZee Luxe ja CoZee XL jaoks.<br \/><span style=\"text-decoration: underline;\">Omadused<\/span><br \/>Lihtsasti kinnitatavad ja eemaldatavad<br \/>Piduritega rattad<br \/><span style=\"text-decoration: underline;\">N\u00e4itajad<\/span><br \/>Diameeter 40mm<br \/>Ratta kaal 0,2kg<\/p>\n","protected":false},"excerpt":{"rendered":"<p>CoZee beebih\u00e4lli rattad aitavad sul h\u00e4lli liigutada mugavalt m\u00f6\u00f6da erinevaid tube. Neid saab h\u00f5lpsasti kinnitada\/eemaldada ning ratastel on ka pidurid.Sobib CoZee, CoZee Lite, CoZee Air, CoZee Luxe ja CoZee XL jaoks.OmadusedLihtsasti kinnitatavad ja eemaldatavadPiduritega rattadN\u00e4itajadDiameeter 40mmRatta kaal 0,2kg<\/p>\n","protected":false},"featured_media":101175,"template":"","meta":{"_acf_changed":false},"pwb-brand":[],"product_brand":[],"product_cat":[11571,11553,11789],"product_tag":[],"class_list":{"0":"post-454658","1":"product","2":"type-product","3":"status-publish","4":"has-post-thumbnail","6":"product_cat-hallid-ja-vooditaskud-ru","7":"product_cat-beebivoodid-reisivoodid-hallid-ru","8":"product_cat-lastemoobel-ja-sisustus-ru","10":"first","11":"onbackorder","12":"taxable","13":"shipping-taxable","14":"purchasable","15":"product-type-simple"},"exclude_global_add_ons":[],"addons":[],"acf":[],"yoast_head":"<!-- This site is optimized with the Yoast SEO plugin v27.1.1 - https:\/\/yoast.com\/product\/yoast-seo-wordpress\/ -->\n<title>Tutti Bambini CoZee rattad (4tk), \u0414\u0435\u0442\u0441\u043a\u0438e \u043a\u0440\u043e\u0432\u0430\u0442\u043a\u0438, \u043f\u0435\u0440\u0435\u043d\u043e\u0441\u043d\u044b\u0435 \u043a\u0440\u043e\u0432\u0430\u0442\u043a\u0438, \u043b\u044e\u043b\u044c\u043a\u0438, \u041b\u044e\u043b\u044c\u043a\u0438 \u0438 \u043a\u0430\u0440\u043c\u0430\u0448\u043a\u0438 \u0434\u043b\u044f \u043a\u0440\u043e\u0432\u0430\u0442\u043a\u0438, \u0428\u0438\u0440\u0438\u043d\u043e\u0439 \u0434\u043e 160 \u0441\u043c , M\u0435\u0431\u0435\u043b\u044c, Beebipood<\/title>\n<meta name=\"description\" content=\"Tutti Bambini CoZee rattad (4tk), CoZee beebih&auml;lli rattad aitavad sul h&auml;lli liigutada mugavalt m&ouml;&ouml;da erinevaid tube. Neid saab h&amp;ot\" \/>\n<meta name=\"robots\" content=\"index, follow, max-snippet:-1, max-image-preview:large, max-video-preview:-1\" \/>\n<link rel=\"canonical\" href=\"https:\/\/beebipood.ee\/ru\/produkt\/tutti-bambini-cozee-rattad-4tk\/\" \/>\n<meta property=\"og:locale\" content=\"ru_RU\" \/>\n<meta property=\"og:type\" content=\"article\" \/>\n<meta property=\"og:title\" content=\"Tutti Bambini CoZee rattad (4tk), \u0414\u0435\u0442\u0441\u043a\u0438e \u043a\u0440\u043e\u0432\u0430\u0442\u043a\u0438, \u043f\u0435\u0440\u0435\u043d\u043e\u0441\u043d\u044b\u0435 \u043a\u0440\u043e\u0432\u0430\u0442\u043a\u0438, \u043b\u044e\u043b\u044c\u043a\u0438, \u041b\u044e\u043b\u044c\u043a\u0438 \u0438 \u043a\u0430\u0440\u043c\u0430\u0448\u043a\u0438 \u0434\u043b\u044f \u043a\u0440\u043e\u0432\u0430\u0442\u043a\u0438, \u0428\u0438\u0440\u0438\u043d\u043e\u0439 \u0434\u043e 160 \u0441\u043c , M\u0435\u0431\u0435\u043b\u044c, Beebipood\" \/>\n<meta property=\"og:description\" content=\"Tutti Bambini CoZee rattad (4tk), CoZee beebih&auml;lli rattad aitavad sul h&auml;lli liigutada mugavalt m&ouml;&ouml;da erinevaid tube. Neid saab h&amp;ot\" \/>\n<meta property=\"og:url\" content=\"https:\/\/beebipood.ee\/ru\/produkt\/tutti-bambini-cozee-rattad-4tk\/\" \/>\n<meta property=\"og:site_name\" content=\"Beebipood\" \/>\n<meta property=\"article:modified_time\" content=\"2025-06-17T11:44:54+00:00\" \/>\n<meta property=\"og:image\" content=\"https:\/\/beebipood.ee\/wp-content\/uploads\/2013\/09\/Tutti-Bambini-CoZee-rattad-4tk-Beebivoodid-reisivoodid-hallid-Hallid-ja-vooditaskud-Lastemoobel-ja-sisustus_1-18f.jpg\" \/>\n\t<meta property=\"og:image:width\" content=\"1000\" \/>\n\t<meta property=\"og:image:height\" content=\"1000\" \/>\n\t<meta property=\"og:image:type\" content=\"image\/jpeg\" \/>\n<meta name=\"twitter:card\" content=\"summary_large_image\" \/>\n<script type=\"application\/ld+json\" class=\"yoast-schema-graph\">{\"@context\":\"https:\/\/schema.org\",\"@graph\":[{\"@type\":\"WebPage\",\"@id\":\"https:\/\/beebipood.ee\/ru\/produkt\/tutti-bambini-cozee-rattad-4tk\/\",\"url\":\"https:\/\/beebipood.ee\/ru\/produkt\/tutti-bambini-cozee-rattad-4tk\/\",\"name\":\"Tutti Bambini CoZee rattad (4tk), \u0414\u0435\u0442\u0441\u043a\u0438e \u043a\u0440\u043e\u0432\u0430\u0442\u043a\u0438, \u043f\u0435\u0440\u0435\u043d\u043e\u0441\u043d\u044b\u0435 \u043a\u0440\u043e\u0432\u0430\u0442\u043a\u0438, \u043b\u044e\u043b\u044c\u043a\u0438, \u041b\u044e\u043b\u044c\u043a\u0438 \u0438 \u043a\u0430\u0440\u043c\u0430\u0448\u043a\u0438 \u0434\u043b\u044f \u043a\u0440\u043e\u0432\u0430\u0442\u043a\u0438, \u0428\u0438\u0440\u0438\u043d\u043e\u0439 \u0434\u043e 160 \u0441\u043c , M\u0435\u0431\u0435\u043b\u044c, Beebipood\",\"isPartOf\":{\"@id\":\"https:\/\/beebipood.ee\/ru\/#website\"},\"primaryImageOfPage\":{\"@id\":\"https:\/\/beebipood.ee\/ru\/produkt\/tutti-bambini-cozee-rattad-4tk\/#primaryimage\"},\"image\":{\"@id\":\"https:\/\/beebipood.ee\/ru\/produkt\/tutti-bambini-cozee-rattad-4tk\/#primaryimage\"},\"thumbnailUrl\":\"https:\/\/beebipood.ee\/wp-content\/uploads\/2013\/09\/Tutti-Bambini-CoZee-rattad-4tk-Beebivoodid-reisivoodid-hallid-Hallid-ja-vooditaskud-Lastemoobel-ja-sisustus_1-18f.jpg\",\"datePublished\":\"2013-09-02T10:51:33+00:00\",\"dateModified\":\"2025-06-17T11:44:54+00:00\",\"description\":\"Tutti Bambini CoZee rattad (4tk), CoZee beebih&auml;lli rattad aitavad sul h&auml;lli liigutada mugavalt m&ouml;&ouml;da erinevaid tube. Neid saab h&ot\",\"breadcrumb\":{\"@id\":\"https:\/\/beebipood.ee\/ru\/produkt\/tutti-bambini-cozee-rattad-4tk\/#breadcrumb\"},\"inLanguage\":\"ru-RU\",\"potentialAction\":[{\"@type\":\"ReadAction\",\"target\":[\"https:\/\/beebipood.ee\/ru\/produkt\/tutti-bambini-cozee-rattad-4tk\/\"]}]},{\"@type\":\"ImageObject\",\"inLanguage\":\"ru-RU\",\"@id\":\"https:\/\/beebipood.ee\/ru\/produkt\/tutti-bambini-cozee-rattad-4tk\/#primaryimage\",\"url\":\"https:\/\/beebipood.ee\/wp-content\/uploads\/2013\/09\/Tutti-Bambini-CoZee-rattad-4tk-Beebivoodid-reisivoodid-hallid-Hallid-ja-vooditaskud-Lastemoobel-ja-sisustus_1-18f.jpg\",\"contentUrl\":\"https:\/\/beebipood.ee\/wp-content\/uploads\/2013\/09\/Tutti-Bambini-CoZee-rattad-4tk-Beebivoodid-reisivoodid-hallid-Hallid-ja-vooditaskud-Lastemoobel-ja-sisustus_1-18f.jpg\",\"width\":1000,\"height\":1000},{\"@type\":\"BreadcrumbList\",\"@id\":\"https:\/\/beebipood.ee\/ru\/produkt\/tutti-bambini-cozee-rattad-4tk\/#breadcrumb\",\"itemListElement\":[{\"@type\":\"ListItem\",\"position\":1,\"name\":\"Home\",\"item\":\"https:\/\/beebipood.ee\/ru\/\"},{\"@type\":\"ListItem\",\"position\":2,\"name\":\"\u041a\u0430\u0442\u0430\u043b\u043e\u0433 \u0442\u043e\u0432\u0430\u0440\u043e\u0432\",\"item\":\"https:\/\/beebipood.ee\/tooted\/\"},{\"@type\":\"ListItem\",\"position\":3,\"name\":\"Tutti Bambini CoZee rattad (4tk)\"}]},{\"@type\":\"WebSite\",\"@id\":\"https:\/\/beebipood.ee\/ru\/#website\",\"url\":\"https:\/\/beebipood.ee\/ru\/\",\"name\":\"Beebipood\",\"description\":\"Lastekaubad, beebikaubad, m\u00e4nguasjad\",\"publisher\":{\"@id\":\"https:\/\/beebipood.ee\/ru\/#organization\"},\"potentialAction\":[{\"@type\":\"SearchAction\",\"target\":{\"@type\":\"EntryPoint\",\"urlTemplate\":\"https:\/\/beebipood.ee\/ru\/?s={search_term_string}\"},\"query-input\":{\"@type\":\"PropertyValueSpecification\",\"valueRequired\":true,\"valueName\":\"search_term_string\"}}],\"inLanguage\":\"ru-RU\"},{\"@type\":\"Organization\",\"@id\":\"https:\/\/beebipood.ee\/ru\/#organization\",\"name\":\"Beebipood\",\"url\":\"https:\/\/beebipood.ee\/ru\/\",\"logo\":{\"@type\":\"ImageObject\",\"inLanguage\":\"ru-RU\",\"@id\":\"https:\/\/beebipood.ee\/ru\/#\/schema\/logo\/image\/\",\"url\":\"https:\/\/beebipood.ee\/wp-content\/uploads\/2025\/03\/beebipood.ee-logo-1.svg\",\"contentUrl\":\"https:\/\/beebipood.ee\/wp-content\/uploads\/2025\/03\/beebipood.ee-logo-1.svg\",\"caption\":\"Beebipood\"},\"image\":{\"@id\":\"https:\/\/beebipood.ee\/ru\/#\/schema\/logo\/image\/\"}}]}<\/script>\n<!-- \/ Yoast SEO plugin. -->","yoast_head_json":{"title":"Tutti Bambini CoZee rattad (4tk), \u0414\u0435\u0442\u0441\u043a\u0438e \u043a\u0440\u043e\u0432\u0430\u0442\u043a\u0438, \u043f\u0435\u0440\u0435\u043d\u043e\u0441\u043d\u044b\u0435 \u043a\u0440\u043e\u0432\u0430\u0442\u043a\u0438, \u043b\u044e\u043b\u044c\u043a\u0438, \u041b\u044e\u043b\u044c\u043a\u0438 \u0438 \u043a\u0430\u0440\u043c\u0430\u0448\u043a\u0438 \u0434\u043b\u044f \u043a\u0440\u043e\u0432\u0430\u0442\u043a\u0438, \u0428\u0438\u0440\u0438\u043d\u043e\u0439 \u0434\u043e 160 \u0441\u043c , M\u0435\u0431\u0435\u043b\u044c, Beebipood","description":"Tutti Bambini CoZee rattad (4tk), CoZee beebih&auml;lli rattad aitavad sul h&auml;lli liigutada mugavalt m&ouml;&ouml;da erinevaid tube. Neid saab h&ot","robots":{"index":"index","follow":"follow","max-snippet":"max-snippet:-1","max-image-preview":"max-image-preview:large","max-video-preview":"max-video-preview:-1"},"canonical":"https:\/\/beebipood.ee\/ru\/produkt\/tutti-bambini-cozee-rattad-4tk\/","og_locale":"ru_RU","og_type":"article","og_title":"Tutti Bambini CoZee rattad (4tk), \u0414\u0435\u0442\u0441\u043a\u0438e \u043a\u0440\u043e\u0432\u0430\u0442\u043a\u0438, \u043f\u0435\u0440\u0435\u043d\u043e\u0441\u043d\u044b\u0435 \u043a\u0440\u043e\u0432\u0430\u0442\u043a\u0438, \u043b\u044e\u043b\u044c\u043a\u0438, \u041b\u044e\u043b\u044c\u043a\u0438 \u0438 \u043a\u0430\u0440\u043c\u0430\u0448\u043a\u0438 \u0434\u043b\u044f \u043a\u0440\u043e\u0432\u0430\u0442\u043a\u0438, \u0428\u0438\u0440\u0438\u043d\u043e\u0439 \u0434\u043e 160 \u0441\u043c , M\u0435\u0431\u0435\u043b\u044c, Beebipood","og_description":"Tutti Bambini CoZee rattad (4tk), CoZee beebih&auml;lli rattad aitavad sul h&auml;lli liigutada mugavalt m&ouml;&ouml;da erinevaid tube. Neid saab h&ot","og_url":"https:\/\/beebipood.ee\/ru\/produkt\/tutti-bambini-cozee-rattad-4tk\/","og_site_name":"Beebipood","article_modified_time":"2025-06-17T11:44:54+00:00","og_image":[{"width":1000,"height":1000,"url":"https:\/\/beebipood.ee\/wp-content\/uploads\/2013\/09\/Tutti-Bambini-CoZee-rattad-4tk-Beebivoodid-reisivoodid-hallid-Hallid-ja-vooditaskud-Lastemoobel-ja-sisustus_1-18f.jpg","type":"image\/jpeg"}],"twitter_card":"summary_large_image","schema":{"@context":"https:\/\/schema.org","@graph":[{"@type":"WebPage","@id":"https:\/\/beebipood.ee\/ru\/produkt\/tutti-bambini-cozee-rattad-4tk\/","url":"https:\/\/beebipood.ee\/ru\/produkt\/tutti-bambini-cozee-rattad-4tk\/","name":"Tutti Bambini CoZee rattad (4tk), \u0414\u0435\u0442\u0441\u043a\u0438e \u043a\u0440\u043e\u0432\u0430\u0442\u043a\u0438, \u043f\u0435\u0440\u0435\u043d\u043e\u0441\u043d\u044b\u0435 \u043a\u0440\u043e\u0432\u0430\u0442\u043a\u0438, \u043b\u044e\u043b\u044c\u043a\u0438, \u041b\u044e\u043b\u044c\u043a\u0438 \u0438 \u043a\u0430\u0440\u043c\u0430\u0448\u043a\u0438 \u0434\u043b\u044f \u043a\u0440\u043e\u0432\u0430\u0442\u043a\u0438, \u0428\u0438\u0440\u0438\u043d\u043e\u0439 \u0434\u043e 160 \u0441\u043c , M\u0435\u0431\u0435\u043b\u044c, Beebipood","isPartOf":{"@id":"https:\/\/beebipood.ee\/ru\/#website"},"primaryImageOfPage":{"@id":"https:\/\/beebipood.ee\/ru\/produkt\/tutti-bambini-cozee-rattad-4tk\/#primaryimage"},"image":{"@id":"https:\/\/beebipood.ee\/ru\/produkt\/tutti-bambini-cozee-rattad-4tk\/#primaryimage"},"thumbnailUrl":"https:\/\/beebipood.ee\/wp-content\/uploads\/2013\/09\/Tutti-Bambini-CoZee-rattad-4tk-Beebivoodid-reisivoodid-hallid-Hallid-ja-vooditaskud-Lastemoobel-ja-sisustus_1-18f.jpg","datePublished":"2013-09-02T10:51:33+00:00","dateModified":"2025-06-17T11:44:54+00:00","description":"Tutti Bambini CoZee rattad (4tk), CoZee beebih&auml;lli rattad aitavad sul h&auml;lli liigutada mugavalt m&ouml;&ouml;da erinevaid tube. Neid saab h&ot","breadcrumb":{"@id":"https:\/\/beebipood.ee\/ru\/produkt\/tutti-bambini-cozee-rattad-4tk\/#breadcrumb"},"inLanguage":"ru-RU","potentialAction":[{"@type":"ReadAction","target":["https:\/\/beebipood.ee\/ru\/produkt\/tutti-bambini-cozee-rattad-4tk\/"]}]},{"@type":"ImageObject","inLanguage":"ru-RU","@id":"https:\/\/beebipood.ee\/ru\/produkt\/tutti-bambini-cozee-rattad-4tk\/#primaryimage","url":"https:\/\/beebipood.ee\/wp-content\/uploads\/2013\/09\/Tutti-Bambini-CoZee-rattad-4tk-Beebivoodid-reisivoodid-hallid-Hallid-ja-vooditaskud-Lastemoobel-ja-sisustus_1-18f.jpg","contentUrl":"https:\/\/beebipood.ee\/wp-content\/uploads\/2013\/09\/Tutti-Bambini-CoZee-rattad-4tk-Beebivoodid-reisivoodid-hallid-Hallid-ja-vooditaskud-Lastemoobel-ja-sisustus_1-18f.jpg","width":1000,"height":1000},{"@type":"BreadcrumbList","@id":"https:\/\/beebipood.ee\/ru\/produkt\/tutti-bambini-cozee-rattad-4tk\/#breadcrumb","itemListElement":[{"@type":"ListItem","position":1,"name":"Home","item":"https:\/\/beebipood.ee\/ru\/"},{"@type":"ListItem","position":2,"name":"\u041a\u0430\u0442\u0430\u043b\u043e\u0433 \u0442\u043e\u0432\u0430\u0440\u043e\u0432","item":"https:\/\/beebipood.ee\/tooted\/"},{"@type":"ListItem","position":3,"name":"Tutti Bambini CoZee rattad (4tk)"}]},{"@type":"WebSite","@id":"https:\/\/beebipood.ee\/ru\/#website","url":"https:\/\/beebipood.ee\/ru\/","name":"Beebipood","description":"Lastekaubad, beebikaubad, m\u00e4nguasjad","publisher":{"@id":"https:\/\/beebipood.ee\/ru\/#organization"},"potentialAction":[{"@type":"SearchAction","target":{"@type":"EntryPoint","urlTemplate":"https:\/\/beebipood.ee\/ru\/?s={search_term_string}"},"query-input":{"@type":"PropertyValueSpecification","valueRequired":true,"valueName":"search_term_string"}}],"inLanguage":"ru-RU"},{"@type":"Organization","@id":"https:\/\/beebipood.ee\/ru\/#organization","name":"Beebipood","url":"https:\/\/beebipood.ee\/ru\/","logo":{"@type":"ImageObject","inLanguage":"ru-RU","@id":"https:\/\/beebipood.ee\/ru\/#\/schema\/logo\/image\/","url":"https:\/\/beebipood.ee\/wp-content\/uploads\/2025\/03\/beebipood.ee-logo-1.svg","contentUrl":"https:\/\/beebipood.ee\/wp-content\/uploads\/2025\/03\/beebipood.ee-logo-1.svg","caption":"Beebipood"},"image":{"@id":"https:\/\/beebipood.ee\/ru\/#\/schema\/logo\/image\/"}}]}},"brands":[],"_links":{"self":[{"href":"https:\/\/beebipood.ee\/ru\/wp-json\/wp\/v2\/product\/454658","targetHints":{"allow":["GET"]}}],"collection":[{"href":"https:\/\/beebipood.ee\/ru\/wp-json\/wp\/v2\/product"}],"about":[{"href":"https:\/\/beebipood.ee\/ru\/wp-json\/wp\/v2\/types\/product"}],"wp:featuredmedia":[{"embeddable":true,"href":"https:\/\/beebipood.ee\/ru\/wp-json\/wp\/v2\/media\/101175"}],"wp:attachment":[{"href":"https:\/\/beebipood.ee\/ru\/wp-json\/wp\/v2\/media?parent=454658"}],"wp:term":[{"taxonomy":"pwb-brand","embeddable":true,"href":"https:\/\/beebipood.ee\/ru\/wp-json\/wp\/v2\/pwb-brand?post=454658"},{"taxonomy":"product_brand","embeddable":true,"href":"https:\/\/beebipood.ee\/ru\/wp-json\/wp\/v2\/product_brand?post=454658"},{"taxonomy":"product_cat","embeddable":true,"href":"https:\/\/beebipood.ee\/ru\/wp-json\/wp\/v2\/product_cat?post=454658"},{"taxonomy":"product_tag","embeddable":true,"href":"https:\/\/beebipood.ee\/ru\/wp-json\/wp\/v2\/product_tag?post=454658"}],"curies":[{"name":"wp","href":"https:\/\/api.w.org\/{rel}","templated":true}]}}