{"id":454682,"date":"2013-09-02T13:52:37","date_gmt":"2013-09-02T10:52:37","guid":{"rendered":"https:\/\/beebipood.ee\/toode\/thule-adapterid-maxi-cosi-turvahallile\/"},"modified":"2025-01-09T10:52:11","modified_gmt":"2025-01-09T08:52:11","slug":"thule-adapterid-maxi-cosi-turvahallile","status":"publish","type":"product","link":"https:\/\/beebipood.ee\/ru\/produkt\/thule-adapterid-maxi-cosi-turvahallile\/","title":{"rendered":"Thule adapterid Maxi-Cosi turvah\u00e4llile"},"content":{"rendered":"<p>Adapteritega saab lihtsalt kinnitada k\u00f5iki Maxi-Cosi turvah\u00e4lle. <br \/>Lihtsa kinnitusega paigaldamine ja eemaldamine<br \/>\u00dchildub Maxi-Cosi, BeSafe, Cybex ja Nuna populaarsete laste turvaistmete mudelitega (uurige \u00fchilduvust paigaldamisel)<br \/>Sobib mudelitega Thule Urban Glide 2, Thule Urban Glide 2 Double i Thule Glide 2.<\/p>\n","protected":false},"excerpt":{"rendered":"<p>Adapteritega saab lihtsalt kinnitada k\u00f5iki Maxi-Cosi turvah\u00e4lle. Lihtsa kinnitusega paigaldamine ja eemaldamine\u00dchildub Maxi-Cosi, BeSafe, Cybex ja Nuna populaarsete laste turvaistmete mudelitega (uurige \u00fchilduvust paigaldamisel)Sobib mudelitega Thule Urban Glide 2, Thule Urban Glide 2 Double i Thule Glide 2.<\/p>\n","protected":false},"featured_media":101285,"template":"","meta":{"_acf_changed":false},"pwb-brand":[11980],"product_brand":[],"product_cat":[11847,11725,11717],"product_tag":[],"class_list":{"0":"post-454682","1":"product","2":"type-product","3":"status-publish","4":"has-post-thumbnail","6":"pwb-brand-thule-ru","7":"product_cat-thule-ru","8":"product_cat-lisatarvikud-ru","9":"product_cat-lastevankrid-ja-karud-ru","10":"pa_manufacturer-thule-ru","12":"first","13":"outofstock","14":"taxable","15":"shipping-taxable","16":"purchasable","17":"product-type-simple"},"exclude_global_add_ons":[],"addons":[],"acf":[],"yoast_head":"<!-- This site is optimized with the Yoast SEO plugin v27.1.1 - https:\/\/yoast.com\/product\/yoast-seo-wordpress\/ -->\n<title>Thule adapterid Maxi-Cosi turvah\u00e4llile, \u041a\u043e\u043b\u044f\u0441\u043a\u0438, \u041f\u0440\u0438\u043d\u0430\u0434\u043b\u0435\u0436\u043d\u043e\u0441\u0442\u0438, Thule Urban Glide 2, THULE, Beebipood<\/title>\n<meta name=\"description\" content=\"Thule adapterid Maxi-Cosi turvah\u00e4llile, Adapteritega saab lihtsalt kinnitada k&otilde;iki Maxi-Cosi turvah&auml;lle. Lihtsa kinnitusega paigaldamine j\" \/>\n<meta name=\"robots\" content=\"index, follow, max-snippet:-1, max-image-preview:large, max-video-preview:-1\" \/>\n<link rel=\"canonical\" href=\"https:\/\/beebipood.ee\/ru\/produkt\/thule-adapterid-maxi-cosi-turvahallile\/\" \/>\n<meta property=\"og:locale\" content=\"ru_RU\" \/>\n<meta property=\"og:type\" content=\"article\" \/>\n<meta property=\"og:title\" content=\"Thule adapterid Maxi-Cosi turvah\u00e4llile, \u041a\u043e\u043b\u044f\u0441\u043a\u0438, \u041f\u0440\u0438\u043d\u0430\u0434\u043b\u0435\u0436\u043d\u043e\u0441\u0442\u0438, Thule Urban Glide 2, THULE, Beebipood\" \/>\n<meta property=\"og:description\" content=\"Thule adapterid Maxi-Cosi turvah\u00e4llile, Adapteritega saab lihtsalt kinnitada k&otilde;iki Maxi-Cosi turvah&auml;lle. Lihtsa kinnitusega paigaldamine j\" \/>\n<meta property=\"og:url\" content=\"https:\/\/beebipood.ee\/ru\/produkt\/thule-adapterid-maxi-cosi-turvahallile\/\" \/>\n<meta property=\"og:site_name\" content=\"Beebipood\" \/>\n<meta property=\"article:modified_time\" content=\"2025-01-09T08:52:11+00:00\" \/>\n<meta property=\"og:image\" content=\"https:\/\/beebipood.ee\/wp-content\/uploads\/2013\/09\/Thule-adapterid-MaxiCosi-turvahallile-UUED-TOOTED-Lastevankrid-ja-karud-Lisavarustus-_1-1e1.jpg\" \/>\n\t<meta property=\"og:image:width\" content=\"631\" \/>\n\t<meta property=\"og:image:height\" content=\"594\" \/>\n\t<meta property=\"og:image:type\" content=\"image\/jpeg\" \/>\n<meta name=\"twitter:card\" content=\"summary_large_image\" \/>\n<script type=\"application\/ld+json\" class=\"yoast-schema-graph\">{\"@context\":\"https:\/\/schema.org\",\"@graph\":[{\"@type\":\"WebPage\",\"@id\":\"https:\/\/beebipood.ee\/ru\/produkt\/thule-adapterid-maxi-cosi-turvahallile\/\",\"url\":\"https:\/\/beebipood.ee\/ru\/produkt\/thule-adapterid-maxi-cosi-turvahallile\/\",\"name\":\"Thule adapterid Maxi-Cosi turvah\u00e4llile, \u041a\u043e\u043b\u044f\u0441\u043a\u0438, \u041f\u0440\u0438\u043d\u0430\u0434\u043b\u0435\u0436\u043d\u043e\u0441\u0442\u0438, Thule Urban Glide 2, THULE, Beebipood\",\"isPartOf\":{\"@id\":\"https:\/\/beebipood.ee\/ru\/#website\"},\"primaryImageOfPage\":{\"@id\":\"https:\/\/beebipood.ee\/ru\/produkt\/thule-adapterid-maxi-cosi-turvahallile\/#primaryimage\"},\"image\":{\"@id\":\"https:\/\/beebipood.ee\/ru\/produkt\/thule-adapterid-maxi-cosi-turvahallile\/#primaryimage\"},\"thumbnailUrl\":\"https:\/\/beebipood.ee\/wp-content\/uploads\/2013\/09\/Thule-adapterid-MaxiCosi-turvahallile-UUED-TOOTED-Lastevankrid-ja-karud-Lisavarustus-_1-1e1.jpg\",\"datePublished\":\"2013-09-02T10:52:37+00:00\",\"dateModified\":\"2025-01-09T08:52:11+00:00\",\"description\":\"Thule adapterid Maxi-Cosi turvah\u00e4llile, Adapteritega saab lihtsalt kinnitada k&otilde;iki Maxi-Cosi turvah&auml;lle. Lihtsa kinnitusega paigaldamine j\",\"breadcrumb\":{\"@id\":\"https:\/\/beebipood.ee\/ru\/produkt\/thule-adapterid-maxi-cosi-turvahallile\/#breadcrumb\"},\"inLanguage\":\"ru-RU\",\"potentialAction\":[{\"@type\":\"ReadAction\",\"target\":[\"https:\/\/beebipood.ee\/ru\/produkt\/thule-adapterid-maxi-cosi-turvahallile\/\"]}]},{\"@type\":\"ImageObject\",\"inLanguage\":\"ru-RU\",\"@id\":\"https:\/\/beebipood.ee\/ru\/produkt\/thule-adapterid-maxi-cosi-turvahallile\/#primaryimage\",\"url\":\"https:\/\/beebipood.ee\/wp-content\/uploads\/2013\/09\/Thule-adapterid-MaxiCosi-turvahallile-UUED-TOOTED-Lastevankrid-ja-karud-Lisavarustus-_1-1e1.jpg\",\"contentUrl\":\"https:\/\/beebipood.ee\/wp-content\/uploads\/2013\/09\/Thule-adapterid-MaxiCosi-turvahallile-UUED-TOOTED-Lastevankrid-ja-karud-Lisavarustus-_1-1e1.jpg\",\"width\":631,\"height\":594},{\"@type\":\"BreadcrumbList\",\"@id\":\"https:\/\/beebipood.ee\/ru\/produkt\/thule-adapterid-maxi-cosi-turvahallile\/#breadcrumb\",\"itemListElement\":[{\"@type\":\"ListItem\",\"position\":1,\"name\":\"Home\",\"item\":\"https:\/\/beebipood.ee\/ru\/\"},{\"@type\":\"ListItem\",\"position\":2,\"name\":\"\u041a\u0430\u0442\u0430\u043b\u043e\u0433 \u0442\u043e\u0432\u0430\u0440\u043e\u0432\",\"item\":\"https:\/\/beebipood.ee\/tooted\/\"},{\"@type\":\"ListItem\",\"position\":3,\"name\":\"Thule adapterid Maxi-Cosi turvah\u00e4llile\"}]},{\"@type\":\"WebSite\",\"@id\":\"https:\/\/beebipood.ee\/ru\/#website\",\"url\":\"https:\/\/beebipood.ee\/ru\/\",\"name\":\"Beebipood\",\"description\":\"Lastekaubad, beebikaubad, m\u00e4nguasjad\",\"publisher\":{\"@id\":\"https:\/\/beebipood.ee\/ru\/#organization\"},\"potentialAction\":[{\"@type\":\"SearchAction\",\"target\":{\"@type\":\"EntryPoint\",\"urlTemplate\":\"https:\/\/beebipood.ee\/ru\/?s={search_term_string}\"},\"query-input\":{\"@type\":\"PropertyValueSpecification\",\"valueRequired\":true,\"valueName\":\"search_term_string\"}}],\"inLanguage\":\"ru-RU\"},{\"@type\":\"Organization\",\"@id\":\"https:\/\/beebipood.ee\/ru\/#organization\",\"name\":\"Beebipood\",\"url\":\"https:\/\/beebipood.ee\/ru\/\",\"logo\":{\"@type\":\"ImageObject\",\"inLanguage\":\"ru-RU\",\"@id\":\"https:\/\/beebipood.ee\/ru\/#\/schema\/logo\/image\/\",\"url\":\"https:\/\/beebipood.ee\/wp-content\/uploads\/2025\/03\/beebipood.ee-logo-1.svg\",\"contentUrl\":\"https:\/\/beebipood.ee\/wp-content\/uploads\/2025\/03\/beebipood.ee-logo-1.svg\",\"caption\":\"Beebipood\"},\"image\":{\"@id\":\"https:\/\/beebipood.ee\/ru\/#\/schema\/logo\/image\/\"}}]}<\/script>\n<!-- \/ Yoast SEO plugin. -->","yoast_head_json":{"title":"Thule adapterid Maxi-Cosi turvah\u00e4llile, \u041a\u043e\u043b\u044f\u0441\u043a\u0438, \u041f\u0440\u0438\u043d\u0430\u0434\u043b\u0435\u0436\u043d\u043e\u0441\u0442\u0438, Thule Urban Glide 2, THULE, Beebipood","description":"Thule adapterid Maxi-Cosi turvah\u00e4llile, Adapteritega saab lihtsalt kinnitada k&otilde;iki Maxi-Cosi turvah&auml;lle. Lihtsa kinnitusega paigaldamine j","robots":{"index":"index","follow":"follow","max-snippet":"max-snippet:-1","max-image-preview":"max-image-preview:large","max-video-preview":"max-video-preview:-1"},"canonical":"https:\/\/beebipood.ee\/ru\/produkt\/thule-adapterid-maxi-cosi-turvahallile\/","og_locale":"ru_RU","og_type":"article","og_title":"Thule adapterid Maxi-Cosi turvah\u00e4llile, \u041a\u043e\u043b\u044f\u0441\u043a\u0438, \u041f\u0440\u0438\u043d\u0430\u0434\u043b\u0435\u0436\u043d\u043e\u0441\u0442\u0438, Thule Urban Glide 2, THULE, Beebipood","og_description":"Thule adapterid Maxi-Cosi turvah\u00e4llile, Adapteritega saab lihtsalt kinnitada k&otilde;iki Maxi-Cosi turvah&auml;lle. Lihtsa kinnitusega paigaldamine j","og_url":"https:\/\/beebipood.ee\/ru\/produkt\/thule-adapterid-maxi-cosi-turvahallile\/","og_site_name":"Beebipood","article_modified_time":"2025-01-09T08:52:11+00:00","og_image":[{"width":631,"height":594,"url":"https:\/\/beebipood.ee\/wp-content\/uploads\/2013\/09\/Thule-adapterid-MaxiCosi-turvahallile-UUED-TOOTED-Lastevankrid-ja-karud-Lisavarustus-_1-1e1.jpg","type":"image\/jpeg"}],"twitter_card":"summary_large_image","schema":{"@context":"https:\/\/schema.org","@graph":[{"@type":"WebPage","@id":"https:\/\/beebipood.ee\/ru\/produkt\/thule-adapterid-maxi-cosi-turvahallile\/","url":"https:\/\/beebipood.ee\/ru\/produkt\/thule-adapterid-maxi-cosi-turvahallile\/","name":"Thule adapterid Maxi-Cosi turvah\u00e4llile, \u041a\u043e\u043b\u044f\u0441\u043a\u0438, \u041f\u0440\u0438\u043d\u0430\u0434\u043b\u0435\u0436\u043d\u043e\u0441\u0442\u0438, Thule Urban Glide 2, THULE, Beebipood","isPartOf":{"@id":"https:\/\/beebipood.ee\/ru\/#website"},"primaryImageOfPage":{"@id":"https:\/\/beebipood.ee\/ru\/produkt\/thule-adapterid-maxi-cosi-turvahallile\/#primaryimage"},"image":{"@id":"https:\/\/beebipood.ee\/ru\/produkt\/thule-adapterid-maxi-cosi-turvahallile\/#primaryimage"},"thumbnailUrl":"https:\/\/beebipood.ee\/wp-content\/uploads\/2013\/09\/Thule-adapterid-MaxiCosi-turvahallile-UUED-TOOTED-Lastevankrid-ja-karud-Lisavarustus-_1-1e1.jpg","datePublished":"2013-09-02T10:52:37+00:00","dateModified":"2025-01-09T08:52:11+00:00","description":"Thule adapterid Maxi-Cosi turvah\u00e4llile, Adapteritega saab lihtsalt kinnitada k&otilde;iki Maxi-Cosi turvah&auml;lle. Lihtsa kinnitusega paigaldamine j","breadcrumb":{"@id":"https:\/\/beebipood.ee\/ru\/produkt\/thule-adapterid-maxi-cosi-turvahallile\/#breadcrumb"},"inLanguage":"ru-RU","potentialAction":[{"@type":"ReadAction","target":["https:\/\/beebipood.ee\/ru\/produkt\/thule-adapterid-maxi-cosi-turvahallile\/"]}]},{"@type":"ImageObject","inLanguage":"ru-RU","@id":"https:\/\/beebipood.ee\/ru\/produkt\/thule-adapterid-maxi-cosi-turvahallile\/#primaryimage","url":"https:\/\/beebipood.ee\/wp-content\/uploads\/2013\/09\/Thule-adapterid-MaxiCosi-turvahallile-UUED-TOOTED-Lastevankrid-ja-karud-Lisavarustus-_1-1e1.jpg","contentUrl":"https:\/\/beebipood.ee\/wp-content\/uploads\/2013\/09\/Thule-adapterid-MaxiCosi-turvahallile-UUED-TOOTED-Lastevankrid-ja-karud-Lisavarustus-_1-1e1.jpg","width":631,"height":594},{"@type":"BreadcrumbList","@id":"https:\/\/beebipood.ee\/ru\/produkt\/thule-adapterid-maxi-cosi-turvahallile\/#breadcrumb","itemListElement":[{"@type":"ListItem","position":1,"name":"Home","item":"https:\/\/beebipood.ee\/ru\/"},{"@type":"ListItem","position":2,"name":"\u041a\u0430\u0442\u0430\u043b\u043e\u0433 \u0442\u043e\u0432\u0430\u0440\u043e\u0432","item":"https:\/\/beebipood.ee\/tooted\/"},{"@type":"ListItem","position":3,"name":"Thule adapterid Maxi-Cosi turvah\u00e4llile"}]},{"@type":"WebSite","@id":"https:\/\/beebipood.ee\/ru\/#website","url":"https:\/\/beebipood.ee\/ru\/","name":"Beebipood","description":"Lastekaubad, beebikaubad, m\u00e4nguasjad","publisher":{"@id":"https:\/\/beebipood.ee\/ru\/#organization"},"potentialAction":[{"@type":"SearchAction","target":{"@type":"EntryPoint","urlTemplate":"https:\/\/beebipood.ee\/ru\/?s={search_term_string}"},"query-input":{"@type":"PropertyValueSpecification","valueRequired":true,"valueName":"search_term_string"}}],"inLanguage":"ru-RU"},{"@type":"Organization","@id":"https:\/\/beebipood.ee\/ru\/#organization","name":"Beebipood","url":"https:\/\/beebipood.ee\/ru\/","logo":{"@type":"ImageObject","inLanguage":"ru-RU","@id":"https:\/\/beebipood.ee\/ru\/#\/schema\/logo\/image\/","url":"https:\/\/beebipood.ee\/wp-content\/uploads\/2025\/03\/beebipood.ee-logo-1.svg","contentUrl":"https:\/\/beebipood.ee\/wp-content\/uploads\/2025\/03\/beebipood.ee-logo-1.svg","caption":"Beebipood"},"image":{"@id":"https:\/\/beebipood.ee\/ru\/#\/schema\/logo\/image\/"}}]}},"brands":[{"id":11980,"name":"THULE","slug":"thule-ru"}],"_links":{"self":[{"href":"https:\/\/beebipood.ee\/ru\/wp-json\/wp\/v2\/product\/454682","targetHints":{"allow":["GET"]}}],"collection":[{"href":"https:\/\/beebipood.ee\/ru\/wp-json\/wp\/v2\/product"}],"about":[{"href":"https:\/\/beebipood.ee\/ru\/wp-json\/wp\/v2\/types\/product"}],"wp:featuredmedia":[{"embeddable":true,"href":"https:\/\/beebipood.ee\/ru\/wp-json\/wp\/v2\/media\/101285"}],"wp:attachment":[{"href":"https:\/\/beebipood.ee\/ru\/wp-json\/wp\/v2\/media?parent=454682"}],"wp:term":[{"taxonomy":"pwb-brand","embeddable":true,"href":"https:\/\/beebipood.ee\/ru\/wp-json\/wp\/v2\/pwb-brand?post=454682"},{"taxonomy":"product_brand","embeddable":true,"href":"https:\/\/beebipood.ee\/ru\/wp-json\/wp\/v2\/product_brand?post=454682"},{"taxonomy":"product_cat","embeddable":true,"href":"https:\/\/beebipood.ee\/ru\/wp-json\/wp\/v2\/product_cat?post=454682"},{"taxonomy":"product_tag","embeddable":true,"href":"https:\/\/beebipood.ee\/ru\/wp-json\/wp\/v2\/product_tag?post=454682"}],"curies":[{"name":"wp","href":"https:\/\/api.w.org\/{rel}","templated":true}]}}