{"id":454684,"date":"2025-12-17T13:52:38","date_gmt":"2025-12-17T11:52:38","guid":{"rendered":"https:\/\/beebipood.ee\/toode\/thule-glide-2-jet-black\/"},"modified":"2025-12-17T15:55:29","modified_gmt":"2025-12-17T13:55:29","slug":"thule-glide-3-black","status":"publish","type":"product","link":"https:\/\/beebipood.ee\/ru\/produkt\/thule-glide-3-black\/","title":{"rendered":"Thule Glide 3, Black"},"content":{"rendered":"<h2 data-start=\"130\" data-end=\"177\">Thule Glide 3 \u2013 jooksuk\u00e4ru aktiivsele perele<\/h2>\n<p data-start=\"179\" data-end=\"421\">Thule Glide 3 on loodud lapsevanematele, kes soovivad s\u00e4ilitada aktiivse eluviisi ka koos lapsega. See kerge ja aerod\u00fcnaamiline jooksuk\u00e4ru on spetsiaalselt m\u00f5eldud jooksmiseks ning pakub samaaegselt lapsele turvalist ja mugavat s\u00f5idukogemust.<\/p>\n<p data-start=\"423\" data-end=\"782\">Suured 18-tollised tagarattad ja fikseeritud 16-tolline esiratas tagavad stabiilsuse, sujuva liikumise ja hea juhitavuse ka kiiremal sammul. Integreeritud p\u00f6\u00f6rdk\u00e4epidemega k\u00e4sipidur v\u00f5imaldab kiirust mugavalt kontrollida ning tagab turvalisuse ka k\u00fcnklikul maastikul. Uuendatud seisupidur ja lisaruum sammupikkuseks muudavad jooksmise loomulikuks ja mugavaks.<\/p>\n<p data-start=\"784\" data-end=\"1140\">Teie lapse heaolu on esikohal \u2013 avar mitme asendiga varikatus pakub suurep\u00e4rast p\u00e4ikesekaitset ja ventilatsiooni, samas kui mugav jalatugi ja reguleeritav seljatugi tagavad hea asendi ka pikematel jooksudel. Pehme, t\u00e4ielikult reguleeritav 5-punkti turvav\u00f6\u00f6 koos magnetilise pandlaga teeb lapse k\u00e4russe panemise ja sealt v\u00e4lja v\u00f5tmise kiireks ning lihtsaks.<\/p>\n<p data-start=\"1142\" data-end=\"1545\">Kvaliteetne vedrustus tagab sujuva s\u00f5idu nii lapsele kui vanemale. Ergonoomiline ja reguleeritav juhtraud kohandub erineva pikkusega kasutajatele ning \u00fche k\u00e4ega kokkupandav disain teeb k\u00e4ru hoiustamise ja transportimise lihtsaks. Mahukas kaubakorv, tagatasku ja v\u00f5rktaskud v\u00f5imaldavad k\u00f5ik vajaliku mugavalt kaasa v\u00f5tta. Helkurdetailid ratastel ja varikatusel parandavad n\u00e4htavust h\u00e4marates tingimustes.<\/p>\n<hr data-start=\"1547\" data-end=\"1550\" \/>\n<h3 data-start=\"1552\" data-end=\"1573\">Tehnilised andmed<\/h3>\n<ul data-start=\"1575\" data-end=\"1950\">\n<li data-start=\"1575\" data-end=\"1641\">\n<p data-start=\"1577\" data-end=\"1641\"><strong data-start=\"1577\" data-end=\"1598\">Soovitatav vanus:<\/strong> alates 6 kuust kuni umbes 4\u20135 eluaastani<\/p>\n<\/li>\n<li data-start=\"1642\" data-end=\"1688\">\n<p data-start=\"1644\" data-end=\"1688\"><strong data-start=\"1644\" data-end=\"1668\">M\u00f5\u00f5dud kokkupandult:<\/strong> 93,5 \u00d7 58 \u00d7 33 cm<\/p>\n<\/li>\n<li data-start=\"1689\" data-end=\"1717\">\n<p data-start=\"1691\" data-end=\"1717\"><strong data-start=\"1691\" data-end=\"1707\">Istme laius:<\/strong> 31,5 cm<\/p>\n<\/li>\n<li data-start=\"1718\" data-end=\"1748\">\n<p data-start=\"1720\" data-end=\"1748\"><strong data-start=\"1720\" data-end=\"1740\">Seljatoe k\u00f5rgus:<\/strong> 53 cm<\/p>\n<\/li>\n<li data-start=\"1750\" data-end=\"1790\">\n<p data-start=\"1752\" data-end=\"1790\"><strong data-start=\"1752\" data-end=\"1774\">Esiratta l\u00e4bim\u00f5\u00f5t:<\/strong> 40,6 cm (16&#8243;)<\/p>\n<\/li>\n<li data-start=\"1791\" data-end=\"1840\">\n<p data-start=\"1793\" data-end=\"1840\"><strong data-start=\"1793\" data-end=\"1824\">Tagumiste rataste l\u00e4bim\u00f5\u00f5t:<\/strong> 45,7 cm (18&#8243;)<\/p>\n<\/li>\n<li data-start=\"1842\" data-end=\"1868\">\n<p data-start=\"1844\" data-end=\"1868\"><strong data-start=\"1844\" data-end=\"1858\">K\u00e4ru kaal:<\/strong> 11 kg<\/p>\n<\/li>\n<li data-start=\"1869\" data-end=\"1906\">\n<p data-start=\"1871\" data-end=\"1906\"><strong data-start=\"1871\" data-end=\"1898\">Maksimaalne lapse kaal:<\/strong> 22 kg<\/p>\n<\/li>\n<li data-start=\"1907\" data-end=\"1950\">\n<p data-start=\"1909\" data-end=\"1950\"><strong data-start=\"1909\" data-end=\"1942\">Maksimaalne kandev\u00f5ime kokku:<\/strong> 34 kg<\/p>\n<\/li>\n<\/ul>\n","protected":false},"excerpt":{"rendered":"<p>Thule Glide 3 \u2013 jooksuk\u00e4ru aktiivsele perele Thule Glide 3 on loodud lapsevanematele, kes soovivad s\u00e4ilitada aktiivse eluviisi ka koos lapsega. See kerge ja aerod\u00fcnaamiline jooksuk\u00e4ru on spetsiaalselt m\u00f5eldud jooksmiseks ning pakub samaaegselt lapsele turvalist ja mugavat s\u00f5idukogemust. Suured 18-tollised tagarattad ja fikseeritud 16-tolline esiratas tagavad stabiilsuse, sujuva liikumise ja hea juhitavuse ka kiiremal sammul. [&hellip;]<\/p>\n","protected":false},"featured_media":509854,"template":"","meta":{"_acf_changed":false},"pwb-brand":[11980],"product_brand":[],"product_cat":[11573,11847,11721,11717,11825],"product_tag":[],"class_list":{"0":"post-454684","1":"product","2":"type-product","3":"status-publish","4":"has-post-thumbnail","6":"pwb-brand-thule-ru","7":"product_cat-sooduspakkumised-ru","8":"product_cat-thule-ru","9":"product_cat-jalutuskarud-ru","10":"product_cat-lastevankrid-ja-karud-ru","11":"product_cat-thule-glide-3-ru","13":"first","14":"onbackorder","15":"sale","16":"taxable","17":"shipping-taxable","18":"purchasable","19":"product-type-simple"},"exclude_global_add_ons":[],"addons":[],"acf":[],"yoast_head":"<!-- This site is optimized with the Yoast SEO plugin v27.1.1 - https:\/\/yoast.com\/product\/yoast-seo-wordpress\/ -->\n<title>Thule Glide 2, Jet Black, \u0421\u041a\u0418\u0414\u041a\u0418, \u041a\u043e\u043b\u044f\u0441\u043a\u0438, \u041f\u0440\u043e\u0433\u0443\u043b\u043e\u0447\u043d\u044b\u0435 \u043a\u043e\u043b\u044f\u0441\u043a\u0438, Thule Urban Glide 2, THULE, Beebipood<\/title>\n<meta name=\"description\" content=\"Thule Glide 2, Jet Black, Thule Glide 2 on loodud jooksjatele.Vastupidav ja kerge aerod\u00fcnaamilise konstruktsiooniga jooksuk\u00e4ru pakub pa\" \/>\n<meta name=\"robots\" content=\"index, follow, max-snippet:-1, max-image-preview:large, max-video-preview:-1\" \/>\n<link rel=\"canonical\" href=\"https:\/\/beebipood.ee\/ru\/produkt\/thule-glide-3-black\/\" \/>\n<meta property=\"og:locale\" content=\"ru_RU\" \/>\n<meta property=\"og:type\" content=\"article\" \/>\n<meta property=\"og:title\" content=\"Thule Glide 2, Jet Black, \u0421\u041a\u0418\u0414\u041a\u0418, \u041a\u043e\u043b\u044f\u0441\u043a\u0438, \u041f\u0440\u043e\u0433\u0443\u043b\u043e\u0447\u043d\u044b\u0435 \u043a\u043e\u043b\u044f\u0441\u043a\u0438, Thule Urban Glide 2, THULE, Beebipood\" \/>\n<meta property=\"og:description\" content=\"Thule Glide 2, Jet Black, Thule Glide 2 on loodud jooksjatele.Vastupidav ja kerge aerod\u00fcnaamilise konstruktsiooniga jooksuk\u00e4ru pakub pa\" \/>\n<meta property=\"og:url\" content=\"https:\/\/beebipood.ee\/ru\/produkt\/thule-glide-3-black\/\" \/>\n<meta property=\"og:site_name\" content=\"Beebipood\" \/>\n<meta property=\"article:modified_time\" content=\"2025-12-17T13:55:29+00:00\" \/>\n<meta property=\"og:image\" content=\"https:\/\/beebipood.ee\/wp-content\/uploads\/2013\/09\/thule-glide-3-must.jpg\" \/>\n\t<meta property=\"og:image:width\" content=\"1200\" \/>\n\t<meta property=\"og:image:height\" content=\"1200\" \/>\n\t<meta property=\"og:image:type\" content=\"image\/jpeg\" \/>\n<meta name=\"twitter:card\" content=\"summary_large_image\" \/>\n<meta name=\"twitter:label1\" content=\"\u041f\u0440\u0438\u043c\u0435\u0440\u043d\u043e\u0435 \u0432\u0440\u0435\u043c\u044f \u0434\u043b\u044f \u0447\u0442\u0435\u043d\u0438\u044f\" \/>\n\t<meta name=\"twitter:data1\" content=\"2 \u043c\u0438\u043d\u0443\u0442\u044b\" \/>\n<script type=\"application\/ld+json\" class=\"yoast-schema-graph\">{\"@context\":\"https:\/\/schema.org\",\"@graph\":[{\"@type\":\"WebPage\",\"@id\":\"https:\/\/beebipood.ee\/ru\/produkt\/thule-glide-3-black\/\",\"url\":\"https:\/\/beebipood.ee\/ru\/produkt\/thule-glide-3-black\/\",\"name\":\"Thule Glide 2, Jet Black, \u0421\u041a\u0418\u0414\u041a\u0418, \u041a\u043e\u043b\u044f\u0441\u043a\u0438, \u041f\u0440\u043e\u0433\u0443\u043b\u043e\u0447\u043d\u044b\u0435 \u043a\u043e\u043b\u044f\u0441\u043a\u0438, Thule Urban Glide 2, THULE, Beebipood\",\"isPartOf\":{\"@id\":\"https:\/\/beebipood.ee\/ru\/#website\"},\"primaryImageOfPage\":{\"@id\":\"https:\/\/beebipood.ee\/ru\/produkt\/thule-glide-3-black\/#primaryimage\"},\"image\":{\"@id\":\"https:\/\/beebipood.ee\/ru\/produkt\/thule-glide-3-black\/#primaryimage\"},\"thumbnailUrl\":\"https:\/\/beebipood.ee\/wp-content\/uploads\/2013\/09\/thule-glide-3-must.jpg\",\"datePublished\":\"2025-12-17T11:52:38+00:00\",\"dateModified\":\"2025-12-17T13:55:29+00:00\",\"description\":\"Thule Glide 2, Jet Black, Thule Glide 2 on loodud jooksjatele.Vastupidav ja kerge aerod\u00fcnaamilise konstruktsiooniga jooksuk\u00e4ru pakub pa\",\"breadcrumb\":{\"@id\":\"https:\/\/beebipood.ee\/ru\/produkt\/thule-glide-3-black\/#breadcrumb\"},\"inLanguage\":\"ru-RU\",\"potentialAction\":[{\"@type\":\"ReadAction\",\"target\":[\"https:\/\/beebipood.ee\/ru\/produkt\/thule-glide-3-black\/\"]}]},{\"@type\":\"ImageObject\",\"inLanguage\":\"ru-RU\",\"@id\":\"https:\/\/beebipood.ee\/ru\/produkt\/thule-glide-3-black\/#primaryimage\",\"url\":\"https:\/\/beebipood.ee\/wp-content\/uploads\/2013\/09\/thule-glide-3-must.jpg\",\"contentUrl\":\"https:\/\/beebipood.ee\/wp-content\/uploads\/2013\/09\/thule-glide-3-must.jpg\",\"width\":1200,\"height\":1200},{\"@type\":\"BreadcrumbList\",\"@id\":\"https:\/\/beebipood.ee\/ru\/produkt\/thule-glide-3-black\/#breadcrumb\",\"itemListElement\":[{\"@type\":\"ListItem\",\"position\":1,\"name\":\"Home\",\"item\":\"https:\/\/beebipood.ee\/ru\/\"},{\"@type\":\"ListItem\",\"position\":2,\"name\":\"\u041a\u0430\u0442\u0430\u043b\u043e\u0433 \u0442\u043e\u0432\u0430\u0440\u043e\u0432\",\"item\":\"https:\/\/beebipood.ee\/tooted\/\"},{\"@type\":\"ListItem\",\"position\":3,\"name\":\"Thule Glide 3, Black\"}]},{\"@type\":\"WebSite\",\"@id\":\"https:\/\/beebipood.ee\/ru\/#website\",\"url\":\"https:\/\/beebipood.ee\/ru\/\",\"name\":\"Beebipood\",\"description\":\"Lastekaubad, beebikaubad, m\u00e4nguasjad\",\"publisher\":{\"@id\":\"https:\/\/beebipood.ee\/ru\/#organization\"},\"potentialAction\":[{\"@type\":\"SearchAction\",\"target\":{\"@type\":\"EntryPoint\",\"urlTemplate\":\"https:\/\/beebipood.ee\/ru\/?s={search_term_string}\"},\"query-input\":{\"@type\":\"PropertyValueSpecification\",\"valueRequired\":true,\"valueName\":\"search_term_string\"}}],\"inLanguage\":\"ru-RU\"},{\"@type\":\"Organization\",\"@id\":\"https:\/\/beebipood.ee\/ru\/#organization\",\"name\":\"Beebipood\",\"url\":\"https:\/\/beebipood.ee\/ru\/\",\"logo\":{\"@type\":\"ImageObject\",\"inLanguage\":\"ru-RU\",\"@id\":\"https:\/\/beebipood.ee\/ru\/#\/schema\/logo\/image\/\",\"url\":\"https:\/\/beebipood.ee\/wp-content\/uploads\/2025\/03\/beebipood.ee-logo-1.svg\",\"contentUrl\":\"https:\/\/beebipood.ee\/wp-content\/uploads\/2025\/03\/beebipood.ee-logo-1.svg\",\"caption\":\"Beebipood\"},\"image\":{\"@id\":\"https:\/\/beebipood.ee\/ru\/#\/schema\/logo\/image\/\"}}]}<\/script>\n<!-- \/ Yoast SEO plugin. -->","yoast_head_json":{"title":"Thule Glide 2, Jet Black, \u0421\u041a\u0418\u0414\u041a\u0418, \u041a\u043e\u043b\u044f\u0441\u043a\u0438, \u041f\u0440\u043e\u0433\u0443\u043b\u043e\u0447\u043d\u044b\u0435 \u043a\u043e\u043b\u044f\u0441\u043a\u0438, Thule Urban Glide 2, THULE, Beebipood","description":"Thule Glide 2, Jet Black, Thule Glide 2 on loodud jooksjatele.Vastupidav ja kerge aerod\u00fcnaamilise konstruktsiooniga jooksuk\u00e4ru pakub pa","robots":{"index":"index","follow":"follow","max-snippet":"max-snippet:-1","max-image-preview":"max-image-preview:large","max-video-preview":"max-video-preview:-1"},"canonical":"https:\/\/beebipood.ee\/ru\/produkt\/thule-glide-3-black\/","og_locale":"ru_RU","og_type":"article","og_title":"Thule Glide 2, Jet Black, \u0421\u041a\u0418\u0414\u041a\u0418, \u041a\u043e\u043b\u044f\u0441\u043a\u0438, \u041f\u0440\u043e\u0433\u0443\u043b\u043e\u0447\u043d\u044b\u0435 \u043a\u043e\u043b\u044f\u0441\u043a\u0438, Thule Urban Glide 2, THULE, Beebipood","og_description":"Thule Glide 2, Jet Black, Thule Glide 2 on loodud jooksjatele.Vastupidav ja kerge aerod\u00fcnaamilise konstruktsiooniga jooksuk\u00e4ru pakub pa","og_url":"https:\/\/beebipood.ee\/ru\/produkt\/thule-glide-3-black\/","og_site_name":"Beebipood","article_modified_time":"2025-12-17T13:55:29+00:00","og_image":[{"width":1200,"height":1200,"url":"https:\/\/beebipood.ee\/wp-content\/uploads\/2013\/09\/thule-glide-3-must.jpg","type":"image\/jpeg"}],"twitter_card":"summary_large_image","twitter_misc":{"\u041f\u0440\u0438\u043c\u0435\u0440\u043d\u043e\u0435 \u0432\u0440\u0435\u043c\u044f \u0434\u043b\u044f \u0447\u0442\u0435\u043d\u0438\u044f":"2 \u043c\u0438\u043d\u0443\u0442\u044b"},"schema":{"@context":"https:\/\/schema.org","@graph":[{"@type":"WebPage","@id":"https:\/\/beebipood.ee\/ru\/produkt\/thule-glide-3-black\/","url":"https:\/\/beebipood.ee\/ru\/produkt\/thule-glide-3-black\/","name":"Thule Glide 2, Jet Black, \u0421\u041a\u0418\u0414\u041a\u0418, \u041a\u043e\u043b\u044f\u0441\u043a\u0438, \u041f\u0440\u043e\u0433\u0443\u043b\u043e\u0447\u043d\u044b\u0435 \u043a\u043e\u043b\u044f\u0441\u043a\u0438, Thule Urban Glide 2, THULE, Beebipood","isPartOf":{"@id":"https:\/\/beebipood.ee\/ru\/#website"},"primaryImageOfPage":{"@id":"https:\/\/beebipood.ee\/ru\/produkt\/thule-glide-3-black\/#primaryimage"},"image":{"@id":"https:\/\/beebipood.ee\/ru\/produkt\/thule-glide-3-black\/#primaryimage"},"thumbnailUrl":"https:\/\/beebipood.ee\/wp-content\/uploads\/2013\/09\/thule-glide-3-must.jpg","datePublished":"2025-12-17T11:52:38+00:00","dateModified":"2025-12-17T13:55:29+00:00","description":"Thule Glide 2, Jet Black, Thule Glide 2 on loodud jooksjatele.Vastupidav ja kerge aerod\u00fcnaamilise konstruktsiooniga jooksuk\u00e4ru pakub pa","breadcrumb":{"@id":"https:\/\/beebipood.ee\/ru\/produkt\/thule-glide-3-black\/#breadcrumb"},"inLanguage":"ru-RU","potentialAction":[{"@type":"ReadAction","target":["https:\/\/beebipood.ee\/ru\/produkt\/thule-glide-3-black\/"]}]},{"@type":"ImageObject","inLanguage":"ru-RU","@id":"https:\/\/beebipood.ee\/ru\/produkt\/thule-glide-3-black\/#primaryimage","url":"https:\/\/beebipood.ee\/wp-content\/uploads\/2013\/09\/thule-glide-3-must.jpg","contentUrl":"https:\/\/beebipood.ee\/wp-content\/uploads\/2013\/09\/thule-glide-3-must.jpg","width":1200,"height":1200},{"@type":"BreadcrumbList","@id":"https:\/\/beebipood.ee\/ru\/produkt\/thule-glide-3-black\/#breadcrumb","itemListElement":[{"@type":"ListItem","position":1,"name":"Home","item":"https:\/\/beebipood.ee\/ru\/"},{"@type":"ListItem","position":2,"name":"\u041a\u0430\u0442\u0430\u043b\u043e\u0433 \u0442\u043e\u0432\u0430\u0440\u043e\u0432","item":"https:\/\/beebipood.ee\/tooted\/"},{"@type":"ListItem","position":3,"name":"Thule Glide 3, Black"}]},{"@type":"WebSite","@id":"https:\/\/beebipood.ee\/ru\/#website","url":"https:\/\/beebipood.ee\/ru\/","name":"Beebipood","description":"Lastekaubad, beebikaubad, m\u00e4nguasjad","publisher":{"@id":"https:\/\/beebipood.ee\/ru\/#organization"},"potentialAction":[{"@type":"SearchAction","target":{"@type":"EntryPoint","urlTemplate":"https:\/\/beebipood.ee\/ru\/?s={search_term_string}"},"query-input":{"@type":"PropertyValueSpecification","valueRequired":true,"valueName":"search_term_string"}}],"inLanguage":"ru-RU"},{"@type":"Organization","@id":"https:\/\/beebipood.ee\/ru\/#organization","name":"Beebipood","url":"https:\/\/beebipood.ee\/ru\/","logo":{"@type":"ImageObject","inLanguage":"ru-RU","@id":"https:\/\/beebipood.ee\/ru\/#\/schema\/logo\/image\/","url":"https:\/\/beebipood.ee\/wp-content\/uploads\/2025\/03\/beebipood.ee-logo-1.svg","contentUrl":"https:\/\/beebipood.ee\/wp-content\/uploads\/2025\/03\/beebipood.ee-logo-1.svg","caption":"Beebipood"},"image":{"@id":"https:\/\/beebipood.ee\/ru\/#\/schema\/logo\/image\/"}}]}},"brands":[{"id":11980,"name":"THULE","slug":"thule-ru"}],"_links":{"self":[{"href":"https:\/\/beebipood.ee\/ru\/wp-json\/wp\/v2\/product\/454684","targetHints":{"allow":["GET"]}}],"collection":[{"href":"https:\/\/beebipood.ee\/ru\/wp-json\/wp\/v2\/product"}],"about":[{"href":"https:\/\/beebipood.ee\/ru\/wp-json\/wp\/v2\/types\/product"}],"wp:featuredmedia":[{"embeddable":true,"href":"https:\/\/beebipood.ee\/ru\/wp-json\/wp\/v2\/media\/509854"}],"wp:attachment":[{"href":"https:\/\/beebipood.ee\/ru\/wp-json\/wp\/v2\/media?parent=454684"}],"wp:term":[{"taxonomy":"pwb-brand","embeddable":true,"href":"https:\/\/beebipood.ee\/ru\/wp-json\/wp\/v2\/pwb-brand?post=454684"},{"taxonomy":"product_brand","embeddable":true,"href":"https:\/\/beebipood.ee\/ru\/wp-json\/wp\/v2\/product_brand?post=454684"},{"taxonomy":"product_cat","embeddable":true,"href":"https:\/\/beebipood.ee\/ru\/wp-json\/wp\/v2\/product_cat?post=454684"},{"taxonomy":"product_tag","embeddable":true,"href":"https:\/\/beebipood.ee\/ru\/wp-json\/wp\/v2\/product_tag?post=454684"}],"curies":[{"name":"wp","href":"https:\/\/api.w.org\/{rel}","templated":true}]}}