{"id":454716,"date":"2013-09-02T13:53:44","date_gmt":"2013-09-02T10:53:44","guid":{"rendered":"https:\/\/beebipood.ee\/toode\/ookapp-kubi-valge\/"},"modified":"2025-01-09T10:52:09","modified_gmt":"2025-01-09T08:52:09","slug":"ookapp-kubi-valge","status":"publish","type":"product","link":"https:\/\/beebipood.ee\/ru\/produkt\/ookapp-kubi-valge\/","title":{"rendered":"\u00d6\u00f6kapp Kubi, valge"},"content":{"rendered":"<p>Moodne \u00f6\u00f6kappp koos puidust elementidega, <br \/>mis r\u00f5hutavad suurep\u00e4raselt skandinaavialikku disaini.<br \/>Valmistatud kvaliteetsest MDP plaadist ja tamme t\u00e4ispuit<br \/>\u00d6\u00f6kapi k\u00e4epidemed ja jalad on valmistatud tammepuidust<br \/>Viimistlus: valge\/natural<br \/>Sobib nii poisi kui t\u00fcdruku tuppa<br \/>Valmistamisel on kasutatud kaasaegset tehnoloogiat ja A-klass tarvikuid ning furnituure<br \/>Parim toode perele kes hindab kvaliteeti ning huvitavat disain<br \/>Ust saab paigaldada nii vasakule kui paremale<br \/>Viimistlemisel on kasutatud ainult sertifitseeritud orgaanilisi v\u00e4rve<br \/>Toode vastab k\u00f5ikidele EN turvastandarditele<\/p>\n","protected":false},"excerpt":{"rendered":"<p>Moodne \u00f6\u00f6kappp koos puidust elementidega, mis r\u00f5hutavad suurep\u00e4raselt skandinaavialikku disaini.Valmistatud kvaliteetsest MDP plaadist ja tamme t\u00e4ispuit\u00d6\u00f6kapi k\u00e4epidemed ja jalad on valmistatud tammepuidustViimistlus: valge\/naturalSobib nii poisi kui t\u00fcdruku tuppaValmistamisel on kasutatud kaasaegset tehnoloogiat ja A-klass tarvikuid ning furnituureParim toode perele kes hindab kvaliteeti ning huvitavat disainUst saab paigaldada nii vasakule kui paremaleViimistlemisel on kasutatud ainult sertifitseeritud [&hellip;]<\/p>\n","protected":false},"featured_media":101416,"template":"","meta":{"_acf_changed":false},"pwb-brand":[11945],"product_brand":[],"product_cat":[11625,11623,11789],"product_tag":[],"class_list":{"0":"post-454716","1":"product","2":"type-product","3":"status-publish","4":"has-post-thumbnail","6":"pwb-brand-kocot-kids-ru","7":"product_cat-ookapid-ru","8":"product_cat-kummutid-kastid-ru","9":"product_cat-lastemoobel-ja-sisustus-ru","10":"pa_manufacturer-kocotkids-ru","12":"first","13":"onbackorder","14":"sale","15":"taxable","16":"shipping-taxable","17":"purchasable","18":"product-type-simple"},"exclude_global_add_ons":[],"addons":[],"acf":[],"yoast_head":"<!-- This site is optimized with the Yoast SEO plugin v27.1.1 - https:\/\/yoast.com\/product\/yoast-seo-wordpress\/ -->\n<title>\u00d6\u00f6kapp Kubi, valge, \u041d\u041e\u0412\u042b\u0415 \u0422\u041e\u0412\u0410\u0420\u042b, K\u043e\u043c\u043e\u0434\u044b, \u044f\u0449\u0438\u043a\u0438, \u041d\u043e\u0447\u043d\u044b\u0435 \u0442\u0443\u043c\u0431\u043e\u0447\u043a\u0438, M\u0435\u0431\u0435\u043b\u044c, Beebipood<\/title>\n<meta name=\"description\" content=\"\u00d6\u00f6kapp Kubi, valge, Moodne &ouml;&ouml;kappp koos puidust elementidega, mis r&otilde;hutavad suurep&auml;raselt skandinaavialikku disaini.Valmi\" \/>\n<meta name=\"robots\" content=\"index, follow, max-snippet:-1, max-image-preview:large, max-video-preview:-1\" \/>\n<link rel=\"canonical\" href=\"https:\/\/beebipood.ee\/ru\/produkt\/ookapp-kubi-valge\/\" \/>\n<meta property=\"og:locale\" content=\"ru_RU\" \/>\n<meta property=\"og:type\" content=\"article\" \/>\n<meta property=\"og:title\" content=\"\u00d6\u00f6kapp Kubi, valge, \u041d\u041e\u0412\u042b\u0415 \u0422\u041e\u0412\u0410\u0420\u042b, K\u043e\u043c\u043e\u0434\u044b, \u044f\u0449\u0438\u043a\u0438, \u041d\u043e\u0447\u043d\u044b\u0435 \u0442\u0443\u043c\u0431\u043e\u0447\u043a\u0438, M\u0435\u0431\u0435\u043b\u044c, Beebipood\" \/>\n<meta property=\"og:description\" content=\"\u00d6\u00f6kapp Kubi, valge, Moodne &ouml;&ouml;kappp koos puidust elementidega, mis r&otilde;hutavad suurep&auml;raselt skandinaavialikku disaini.Valmi\" \/>\n<meta property=\"og:url\" content=\"https:\/\/beebipood.ee\/ru\/produkt\/ookapp-kubi-valge\/\" \/>\n<meta property=\"og:site_name\" content=\"Beebipood\" \/>\n<meta property=\"article:modified_time\" content=\"2025-01-09T08:52:09+00:00\" \/>\n<meta property=\"og:image\" content=\"https:\/\/beebipood.ee\/wp-content\/uploads\/2013\/09\/Ookapp-Kubi-valge-UUED-TOOTED-Kummutid-kastid-Ookapid-Lastemoobel-ja-sisustus_1-258.jpg\" \/>\n\t<meta property=\"og:image:width\" content=\"1134\" \/>\n\t<meta property=\"og:image:height\" content=\"1134\" \/>\n\t<meta property=\"og:image:type\" content=\"image\/jpeg\" \/>\n<meta name=\"twitter:card\" content=\"summary_large_image\" \/>\n<script type=\"application\/ld+json\" class=\"yoast-schema-graph\">{\"@context\":\"https:\/\/schema.org\",\"@graph\":[{\"@type\":\"WebPage\",\"@id\":\"https:\/\/beebipood.ee\/ru\/produkt\/ookapp-kubi-valge\/\",\"url\":\"https:\/\/beebipood.ee\/ru\/produkt\/ookapp-kubi-valge\/\",\"name\":\"\u00d6\u00f6kapp Kubi, valge, \u041d\u041e\u0412\u042b\u0415 \u0422\u041e\u0412\u0410\u0420\u042b, K\u043e\u043c\u043e\u0434\u044b, \u044f\u0449\u0438\u043a\u0438, \u041d\u043e\u0447\u043d\u044b\u0435 \u0442\u0443\u043c\u0431\u043e\u0447\u043a\u0438, M\u0435\u0431\u0435\u043b\u044c, Beebipood\",\"isPartOf\":{\"@id\":\"https:\/\/beebipood.ee\/ru\/#website\"},\"primaryImageOfPage\":{\"@id\":\"https:\/\/beebipood.ee\/ru\/produkt\/ookapp-kubi-valge\/#primaryimage\"},\"image\":{\"@id\":\"https:\/\/beebipood.ee\/ru\/produkt\/ookapp-kubi-valge\/#primaryimage\"},\"thumbnailUrl\":\"https:\/\/beebipood.ee\/wp-content\/uploads\/2013\/09\/Ookapp-Kubi-valge-UUED-TOOTED-Kummutid-kastid-Ookapid-Lastemoobel-ja-sisustus_1-258.jpg\",\"datePublished\":\"2013-09-02T10:53:44+00:00\",\"dateModified\":\"2025-01-09T08:52:09+00:00\",\"description\":\"\u00d6\u00f6kapp Kubi, valge, Moodne &ouml;&ouml;kappp koos puidust elementidega, mis r&otilde;hutavad suurep&auml;raselt skandinaavialikku disaini.Valmi\",\"breadcrumb\":{\"@id\":\"https:\/\/beebipood.ee\/ru\/produkt\/ookapp-kubi-valge\/#breadcrumb\"},\"inLanguage\":\"ru-RU\",\"potentialAction\":[{\"@type\":\"ReadAction\",\"target\":[\"https:\/\/beebipood.ee\/ru\/produkt\/ookapp-kubi-valge\/\"]}]},{\"@type\":\"ImageObject\",\"inLanguage\":\"ru-RU\",\"@id\":\"https:\/\/beebipood.ee\/ru\/produkt\/ookapp-kubi-valge\/#primaryimage\",\"url\":\"https:\/\/beebipood.ee\/wp-content\/uploads\/2013\/09\/Ookapp-Kubi-valge-UUED-TOOTED-Kummutid-kastid-Ookapid-Lastemoobel-ja-sisustus_1-258.jpg\",\"contentUrl\":\"https:\/\/beebipood.ee\/wp-content\/uploads\/2013\/09\/Ookapp-Kubi-valge-UUED-TOOTED-Kummutid-kastid-Ookapid-Lastemoobel-ja-sisustus_1-258.jpg\",\"width\":1134,\"height\":1134},{\"@type\":\"BreadcrumbList\",\"@id\":\"https:\/\/beebipood.ee\/ru\/produkt\/ookapp-kubi-valge\/#breadcrumb\",\"itemListElement\":[{\"@type\":\"ListItem\",\"position\":1,\"name\":\"Home\",\"item\":\"https:\/\/beebipood.ee\/ru\/\"},{\"@type\":\"ListItem\",\"position\":2,\"name\":\"\u041a\u0430\u0442\u0430\u043b\u043e\u0433 \u0442\u043e\u0432\u0430\u0440\u043e\u0432\",\"item\":\"https:\/\/beebipood.ee\/tooted\/\"},{\"@type\":\"ListItem\",\"position\":3,\"name\":\"\u00d6\u00f6kapp Kubi, valge\"}]},{\"@type\":\"WebSite\",\"@id\":\"https:\/\/beebipood.ee\/ru\/#website\",\"url\":\"https:\/\/beebipood.ee\/ru\/\",\"name\":\"Beebipood\",\"description\":\"Lastekaubad, beebikaubad, m\u00e4nguasjad\",\"publisher\":{\"@id\":\"https:\/\/beebipood.ee\/ru\/#organization\"},\"potentialAction\":[{\"@type\":\"SearchAction\",\"target\":{\"@type\":\"EntryPoint\",\"urlTemplate\":\"https:\/\/beebipood.ee\/ru\/?s={search_term_string}\"},\"query-input\":{\"@type\":\"PropertyValueSpecification\",\"valueRequired\":true,\"valueName\":\"search_term_string\"}}],\"inLanguage\":\"ru-RU\"},{\"@type\":\"Organization\",\"@id\":\"https:\/\/beebipood.ee\/ru\/#organization\",\"name\":\"Beebipood\",\"url\":\"https:\/\/beebipood.ee\/ru\/\",\"logo\":{\"@type\":\"ImageObject\",\"inLanguage\":\"ru-RU\",\"@id\":\"https:\/\/beebipood.ee\/ru\/#\/schema\/logo\/image\/\",\"url\":\"https:\/\/beebipood.ee\/wp-content\/uploads\/2025\/03\/beebipood.ee-logo-1.svg\",\"contentUrl\":\"https:\/\/beebipood.ee\/wp-content\/uploads\/2025\/03\/beebipood.ee-logo-1.svg\",\"caption\":\"Beebipood\"},\"image\":{\"@id\":\"https:\/\/beebipood.ee\/ru\/#\/schema\/logo\/image\/\"}}]}<\/script>\n<!-- \/ Yoast SEO plugin. -->","yoast_head_json":{"title":"\u00d6\u00f6kapp Kubi, valge, \u041d\u041e\u0412\u042b\u0415 \u0422\u041e\u0412\u0410\u0420\u042b, K\u043e\u043c\u043e\u0434\u044b, \u044f\u0449\u0438\u043a\u0438, \u041d\u043e\u0447\u043d\u044b\u0435 \u0442\u0443\u043c\u0431\u043e\u0447\u043a\u0438, M\u0435\u0431\u0435\u043b\u044c, Beebipood","description":"\u00d6\u00f6kapp Kubi, valge, Moodne &ouml;&ouml;kappp koos puidust elementidega, mis r&otilde;hutavad suurep&auml;raselt skandinaavialikku disaini.Valmi","robots":{"index":"index","follow":"follow","max-snippet":"max-snippet:-1","max-image-preview":"max-image-preview:large","max-video-preview":"max-video-preview:-1"},"canonical":"https:\/\/beebipood.ee\/ru\/produkt\/ookapp-kubi-valge\/","og_locale":"ru_RU","og_type":"article","og_title":"\u00d6\u00f6kapp Kubi, valge, \u041d\u041e\u0412\u042b\u0415 \u0422\u041e\u0412\u0410\u0420\u042b, K\u043e\u043c\u043e\u0434\u044b, \u044f\u0449\u0438\u043a\u0438, \u041d\u043e\u0447\u043d\u044b\u0435 \u0442\u0443\u043c\u0431\u043e\u0447\u043a\u0438, M\u0435\u0431\u0435\u043b\u044c, Beebipood","og_description":"\u00d6\u00f6kapp Kubi, valge, Moodne &ouml;&ouml;kappp koos puidust elementidega, mis r&otilde;hutavad suurep&auml;raselt skandinaavialikku disaini.Valmi","og_url":"https:\/\/beebipood.ee\/ru\/produkt\/ookapp-kubi-valge\/","og_site_name":"Beebipood","article_modified_time":"2025-01-09T08:52:09+00:00","og_image":[{"width":1134,"height":1134,"url":"https:\/\/beebipood.ee\/wp-content\/uploads\/2013\/09\/Ookapp-Kubi-valge-UUED-TOOTED-Kummutid-kastid-Ookapid-Lastemoobel-ja-sisustus_1-258.jpg","type":"image\/jpeg"}],"twitter_card":"summary_large_image","schema":{"@context":"https:\/\/schema.org","@graph":[{"@type":"WebPage","@id":"https:\/\/beebipood.ee\/ru\/produkt\/ookapp-kubi-valge\/","url":"https:\/\/beebipood.ee\/ru\/produkt\/ookapp-kubi-valge\/","name":"\u00d6\u00f6kapp Kubi, valge, \u041d\u041e\u0412\u042b\u0415 \u0422\u041e\u0412\u0410\u0420\u042b, K\u043e\u043c\u043e\u0434\u044b, \u044f\u0449\u0438\u043a\u0438, \u041d\u043e\u0447\u043d\u044b\u0435 \u0442\u0443\u043c\u0431\u043e\u0447\u043a\u0438, M\u0435\u0431\u0435\u043b\u044c, Beebipood","isPartOf":{"@id":"https:\/\/beebipood.ee\/ru\/#website"},"primaryImageOfPage":{"@id":"https:\/\/beebipood.ee\/ru\/produkt\/ookapp-kubi-valge\/#primaryimage"},"image":{"@id":"https:\/\/beebipood.ee\/ru\/produkt\/ookapp-kubi-valge\/#primaryimage"},"thumbnailUrl":"https:\/\/beebipood.ee\/wp-content\/uploads\/2013\/09\/Ookapp-Kubi-valge-UUED-TOOTED-Kummutid-kastid-Ookapid-Lastemoobel-ja-sisustus_1-258.jpg","datePublished":"2013-09-02T10:53:44+00:00","dateModified":"2025-01-09T08:52:09+00:00","description":"\u00d6\u00f6kapp Kubi, valge, Moodne &ouml;&ouml;kappp koos puidust elementidega, mis r&otilde;hutavad suurep&auml;raselt skandinaavialikku disaini.Valmi","breadcrumb":{"@id":"https:\/\/beebipood.ee\/ru\/produkt\/ookapp-kubi-valge\/#breadcrumb"},"inLanguage":"ru-RU","potentialAction":[{"@type":"ReadAction","target":["https:\/\/beebipood.ee\/ru\/produkt\/ookapp-kubi-valge\/"]}]},{"@type":"ImageObject","inLanguage":"ru-RU","@id":"https:\/\/beebipood.ee\/ru\/produkt\/ookapp-kubi-valge\/#primaryimage","url":"https:\/\/beebipood.ee\/wp-content\/uploads\/2013\/09\/Ookapp-Kubi-valge-UUED-TOOTED-Kummutid-kastid-Ookapid-Lastemoobel-ja-sisustus_1-258.jpg","contentUrl":"https:\/\/beebipood.ee\/wp-content\/uploads\/2013\/09\/Ookapp-Kubi-valge-UUED-TOOTED-Kummutid-kastid-Ookapid-Lastemoobel-ja-sisustus_1-258.jpg","width":1134,"height":1134},{"@type":"BreadcrumbList","@id":"https:\/\/beebipood.ee\/ru\/produkt\/ookapp-kubi-valge\/#breadcrumb","itemListElement":[{"@type":"ListItem","position":1,"name":"Home","item":"https:\/\/beebipood.ee\/ru\/"},{"@type":"ListItem","position":2,"name":"\u041a\u0430\u0442\u0430\u043b\u043e\u0433 \u0442\u043e\u0432\u0430\u0440\u043e\u0432","item":"https:\/\/beebipood.ee\/tooted\/"},{"@type":"ListItem","position":3,"name":"\u00d6\u00f6kapp Kubi, valge"}]},{"@type":"WebSite","@id":"https:\/\/beebipood.ee\/ru\/#website","url":"https:\/\/beebipood.ee\/ru\/","name":"Beebipood","description":"Lastekaubad, beebikaubad, m\u00e4nguasjad","publisher":{"@id":"https:\/\/beebipood.ee\/ru\/#organization"},"potentialAction":[{"@type":"SearchAction","target":{"@type":"EntryPoint","urlTemplate":"https:\/\/beebipood.ee\/ru\/?s={search_term_string}"},"query-input":{"@type":"PropertyValueSpecification","valueRequired":true,"valueName":"search_term_string"}}],"inLanguage":"ru-RU"},{"@type":"Organization","@id":"https:\/\/beebipood.ee\/ru\/#organization","name":"Beebipood","url":"https:\/\/beebipood.ee\/ru\/","logo":{"@type":"ImageObject","inLanguage":"ru-RU","@id":"https:\/\/beebipood.ee\/ru\/#\/schema\/logo\/image\/","url":"https:\/\/beebipood.ee\/wp-content\/uploads\/2025\/03\/beebipood.ee-logo-1.svg","contentUrl":"https:\/\/beebipood.ee\/wp-content\/uploads\/2025\/03\/beebipood.ee-logo-1.svg","caption":"Beebipood"},"image":{"@id":"https:\/\/beebipood.ee\/ru\/#\/schema\/logo\/image\/"}}]}},"brands":[{"id":11945,"name":"Kocot Kids","slug":"kocot-kids-ru"}],"_links":{"self":[{"href":"https:\/\/beebipood.ee\/ru\/wp-json\/wp\/v2\/product\/454716","targetHints":{"allow":["GET"]}}],"collection":[{"href":"https:\/\/beebipood.ee\/ru\/wp-json\/wp\/v2\/product"}],"about":[{"href":"https:\/\/beebipood.ee\/ru\/wp-json\/wp\/v2\/types\/product"}],"wp:featuredmedia":[{"embeddable":true,"href":"https:\/\/beebipood.ee\/ru\/wp-json\/wp\/v2\/media\/101416"}],"wp:attachment":[{"href":"https:\/\/beebipood.ee\/ru\/wp-json\/wp\/v2\/media?parent=454716"}],"wp:term":[{"taxonomy":"pwb-brand","embeddable":true,"href":"https:\/\/beebipood.ee\/ru\/wp-json\/wp\/v2\/pwb-brand?post=454716"},{"taxonomy":"product_brand","embeddable":true,"href":"https:\/\/beebipood.ee\/ru\/wp-json\/wp\/v2\/product_brand?post=454716"},{"taxonomy":"product_cat","embeddable":true,"href":"https:\/\/beebipood.ee\/ru\/wp-json\/wp\/v2\/product_cat?post=454716"},{"taxonomy":"product_tag","embeddable":true,"href":"https:\/\/beebipood.ee\/ru\/wp-json\/wp\/v2\/product_tag?post=454716"}],"curies":[{"name":"wp","href":"https:\/\/api.w.org\/{rel}","templated":true}]}}