{"id":454724,"date":"2013-09-02T13:53:51","date_gmt":"2013-09-02T10:53:51","guid":{"rendered":"https:\/\/beebipood.ee\/toode\/pikendatav-lastevoodi-victor-valge\/"},"modified":"2025-09-02T14:45:32","modified_gmt":"2025-09-02T11:45:32","slug":"babydan-asta-premier-turvavarava-pikendus-32cm-valge","status":"publish","type":"product","link":"https:\/\/beebipood.ee\/ru\/produkt\/babydan-asta-premier-turvavarava-pikendus-32cm-valge\/","title":{"rendered":"BabyDan Asta \/ Premier turvav\u00e4rava pikendus 32cm, valge"},"content":{"rendered":"<p>BabyDan 32cm turvav\u00e4rava pikendus v\u00f5imaldab sul laiendada<br \/>\nBabyDan Asta v\u00f5i Premier v\u00e4ravat vastavalt kodu vajadustele.<br \/>\nSee on ideaalne lahendus, kui soovid katta laiemat ukseava<br \/>\nv\u00f5i trepikohta ilma turvalisust ohverdamata.<br \/>\n\u2022 Sobib BabyDan Asta ja Premier survekinnitusega v\u00e4ravatele<br \/>\n\u2022 Lihtne paigaldus \u2013 t\u00f6\u00f6riistu pole vaja<br \/>\n\u2022 T\u00f5stab turvav\u00e4rava paindlikkust ja kohandatavust<br \/>\nOmadused<br \/>\nPikendab turvav\u00e4ravat 32cm v\u00f5rra<br \/>\nSobib kasutamiseks ainult BabyDan Asta\/Premier v\u00e4ravatega<br \/>\nKiire ja t\u00f6\u00f6riistavaba paigaldus<br \/>\nIdeaalne laiemate ukseavade v\u00f5i trepikodade jaoks<br \/>\nV\u00f5imaldab v\u00e4ravat vastavalt vajadusele kohandada<br \/>\n<strong>N\u00e4itajad<\/strong><br \/>\nPikkus: 32cm<br \/>\nV\u00f5rede vahe 5,5cm<br \/>\nK\u00f5rgus 73cm<br \/>\nMaterjal: metall<br \/>\nPaigaldus: survekinnitusega s\u00fcsteemiga \u00fchilduv<br \/>\n<strong>Komplektis<\/strong><br \/>\n1\u00d7 32cm BabyDan pikendusdetail<br \/>\nPaigaldusjuhend<\/p>\n","protected":false},"excerpt":{"rendered":"<p>BabyDan 32cm turvav\u00e4rava pikendus v\u00f5imaldab sul laiendada BabyDan Asta v\u00f5i Premier v\u00e4ravat vastavalt kodu vajadustele. See on ideaalne lahendus, kui soovid katta laiemat ukseava v\u00f5i trepikohta ilma turvalisust ohverdamata. \u2022 Sobib BabyDan Asta ja Premier survekinnitusega v\u00e4ravatele \u2022 Lihtne paigaldus \u2013 t\u00f6\u00f6riistu pole vaja \u2022 T\u00f5stab turvav\u00e4rava paindlikkust ja kohandatavust Omadused Pikendab turvav\u00e4ravat 32cm v\u00f5rra [&hellip;]<\/p>\n","protected":false},"featured_media":506606,"template":"","meta":{"_acf_changed":false},"pwb-brand":[11971],"product_brand":[],"product_cat":[11703,11705,11791],"product_tag":[],"class_list":{"0":"post-454724","1":"product","2":"type-product","3":"status-publish","4":"has-post-thumbnail","6":"pwb-brand-babydan-ru","7":"product_cat-turvalisus-maneezid-turvavaravad-piirded-ru","8":"product_cat-turvavaravad-ru","9":"product_cat-turvavarustus-ru","10":"pa_manufacturer-troll-ru","12":"first","13":"onbackorder","14":"taxable","15":"shipping-taxable","16":"purchasable","17":"product-type-simple"},"exclude_global_add_ons":[],"addons":[],"acf":[],"yoast_head":"<!-- This site is optimized with the Yoast SEO plugin v27.1.1 - https:\/\/yoast.com\/product\/yoast-seo-wordpress\/ -->\n<title>PIKENDATAV LASTEVOODI Victor, valge, \u0423\u0434\u043b\u0438\u043d\u044f\u044e\u0449\u0438\u0435\u0441\u044f \u043a\u0440\u043e\u0432\u0430\u0442\u0438, M\u0435\u0431\u0435\u043b\u044c, Beebipood<\/title>\n<meta name=\"description\" content=\"PIKENDATAV LASTEVOODI Victor, valge, * pikendatav lastevoodi Victor on eelk\u00f5ige m\u00f5eldud kasvavale mudilasele * voodi on valmistatud kasep\" \/>\n<meta name=\"robots\" content=\"index, follow, max-snippet:-1, max-image-preview:large, max-video-preview:-1\" \/>\n<link rel=\"canonical\" href=\"https:\/\/beebipood.ee\/ru\/produkt\/babydan-asta-premier-turvavarava-pikendus-32cm-valge\/\" \/>\n<meta property=\"og:locale\" content=\"ru_RU\" \/>\n<meta property=\"og:type\" content=\"article\" \/>\n<meta property=\"og:title\" content=\"PIKENDATAV LASTEVOODI Victor, valge, \u0423\u0434\u043b\u0438\u043d\u044f\u044e\u0449\u0438\u0435\u0441\u044f \u043a\u0440\u043e\u0432\u0430\u0442\u0438, M\u0435\u0431\u0435\u043b\u044c, Beebipood\" \/>\n<meta property=\"og:description\" content=\"PIKENDATAV LASTEVOODI Victor, valge, * pikendatav lastevoodi Victor on eelk\u00f5ige m\u00f5eldud kasvavale mudilasele * voodi on valmistatud kasep\" \/>\n<meta property=\"og:url\" content=\"https:\/\/beebipood.ee\/ru\/produkt\/babydan-asta-premier-turvavarava-pikendus-32cm-valge\/\" \/>\n<meta property=\"og:site_name\" content=\"Beebipood\" \/>\n<meta property=\"article:modified_time\" content=\"2025-09-02T11:45:32+00:00\" \/>\n<meta property=\"og:image\" content=\"https:\/\/beebipood.ee\/wp-content\/uploads\/2013\/09\/babydan-asta-premier-turvavarava-pikendus-32cm-valge-3.jpg\" \/>\n\t<meta property=\"og:image:width\" content=\"1476\" \/>\n\t<meta property=\"og:image:height\" content=\"1476\" \/>\n\t<meta property=\"og:image:type\" content=\"image\/jpeg\" \/>\n<meta name=\"twitter:card\" content=\"summary_large_image\" \/>\n<meta name=\"twitter:label1\" content=\"\u041f\u0440\u0438\u043c\u0435\u0440\u043d\u043e\u0435 \u0432\u0440\u0435\u043c\u044f \u0434\u043b\u044f \u0447\u0442\u0435\u043d\u0438\u044f\" \/>\n\t<meta name=\"twitter:data1\" content=\"1 \u043c\u0438\u043d\u0443\u0442\u0430\" \/>\n<script type=\"application\/ld+json\" class=\"yoast-schema-graph\">{\"@context\":\"https:\/\/schema.org\",\"@graph\":[{\"@type\":\"WebPage\",\"@id\":\"https:\/\/beebipood.ee\/ru\/produkt\/babydan-asta-premier-turvavarava-pikendus-32cm-valge\/\",\"url\":\"https:\/\/beebipood.ee\/ru\/produkt\/babydan-asta-premier-turvavarava-pikendus-32cm-valge\/\",\"name\":\"PIKENDATAV LASTEVOODI Victor, valge, \u0423\u0434\u043b\u0438\u043d\u044f\u044e\u0449\u0438\u0435\u0441\u044f \u043a\u0440\u043e\u0432\u0430\u0442\u0438, M\u0435\u0431\u0435\u043b\u044c, Beebipood\",\"isPartOf\":{\"@id\":\"https:\/\/beebipood.ee\/ru\/#website\"},\"primaryImageOfPage\":{\"@id\":\"https:\/\/beebipood.ee\/ru\/produkt\/babydan-asta-premier-turvavarava-pikendus-32cm-valge\/#primaryimage\"},\"image\":{\"@id\":\"https:\/\/beebipood.ee\/ru\/produkt\/babydan-asta-premier-turvavarava-pikendus-32cm-valge\/#primaryimage\"},\"thumbnailUrl\":\"https:\/\/beebipood.ee\/wp-content\/uploads\/2013\/09\/babydan-asta-premier-turvavarava-pikendus-32cm-valge-3.jpg\",\"datePublished\":\"2013-09-02T10:53:51+00:00\",\"dateModified\":\"2025-09-02T11:45:32+00:00\",\"description\":\"PIKENDATAV LASTEVOODI Victor, valge, * pikendatav lastevoodi Victor on eelk\u00f5ige m\u00f5eldud kasvavale mudilasele * voodi on valmistatud kasep\",\"breadcrumb\":{\"@id\":\"https:\/\/beebipood.ee\/ru\/produkt\/babydan-asta-premier-turvavarava-pikendus-32cm-valge\/#breadcrumb\"},\"inLanguage\":\"ru-RU\",\"potentialAction\":[{\"@type\":\"ReadAction\",\"target\":[\"https:\/\/beebipood.ee\/ru\/produkt\/babydan-asta-premier-turvavarava-pikendus-32cm-valge\/\"]}]},{\"@type\":\"ImageObject\",\"inLanguage\":\"ru-RU\",\"@id\":\"https:\/\/beebipood.ee\/ru\/produkt\/babydan-asta-premier-turvavarava-pikendus-32cm-valge\/#primaryimage\",\"url\":\"https:\/\/beebipood.ee\/wp-content\/uploads\/2013\/09\/babydan-asta-premier-turvavarava-pikendus-32cm-valge-3.jpg\",\"contentUrl\":\"https:\/\/beebipood.ee\/wp-content\/uploads\/2013\/09\/babydan-asta-premier-turvavarava-pikendus-32cm-valge-3.jpg\",\"width\":1476,\"height\":1476},{\"@type\":\"BreadcrumbList\",\"@id\":\"https:\/\/beebipood.ee\/ru\/produkt\/babydan-asta-premier-turvavarava-pikendus-32cm-valge\/#breadcrumb\",\"itemListElement\":[{\"@type\":\"ListItem\",\"position\":1,\"name\":\"Home\",\"item\":\"https:\/\/beebipood.ee\/ru\/\"},{\"@type\":\"ListItem\",\"position\":2,\"name\":\"\u041a\u0430\u0442\u0430\u043b\u043e\u0433 \u0442\u043e\u0432\u0430\u0440\u043e\u0432\",\"item\":\"https:\/\/beebipood.ee\/tooted\/\"},{\"@type\":\"ListItem\",\"position\":3,\"name\":\"BabyDan Asta \/ Premier turvav\u00e4rava pikendus 32cm, valge\"}]},{\"@type\":\"WebSite\",\"@id\":\"https:\/\/beebipood.ee\/ru\/#website\",\"url\":\"https:\/\/beebipood.ee\/ru\/\",\"name\":\"Beebipood\",\"description\":\"Lastekaubad, beebikaubad, m\u00e4nguasjad\",\"publisher\":{\"@id\":\"https:\/\/beebipood.ee\/ru\/#organization\"},\"potentialAction\":[{\"@type\":\"SearchAction\",\"target\":{\"@type\":\"EntryPoint\",\"urlTemplate\":\"https:\/\/beebipood.ee\/ru\/?s={search_term_string}\"},\"query-input\":{\"@type\":\"PropertyValueSpecification\",\"valueRequired\":true,\"valueName\":\"search_term_string\"}}],\"inLanguage\":\"ru-RU\"},{\"@type\":\"Organization\",\"@id\":\"https:\/\/beebipood.ee\/ru\/#organization\",\"name\":\"Beebipood\",\"url\":\"https:\/\/beebipood.ee\/ru\/\",\"logo\":{\"@type\":\"ImageObject\",\"inLanguage\":\"ru-RU\",\"@id\":\"https:\/\/beebipood.ee\/ru\/#\/schema\/logo\/image\/\",\"url\":\"https:\/\/beebipood.ee\/wp-content\/uploads\/2025\/03\/beebipood.ee-logo-1.svg\",\"contentUrl\":\"https:\/\/beebipood.ee\/wp-content\/uploads\/2025\/03\/beebipood.ee-logo-1.svg\",\"caption\":\"Beebipood\"},\"image\":{\"@id\":\"https:\/\/beebipood.ee\/ru\/#\/schema\/logo\/image\/\"}}]}<\/script>\n<!-- \/ Yoast SEO plugin. -->","yoast_head_json":{"title":"PIKENDATAV LASTEVOODI Victor, valge, \u0423\u0434\u043b\u0438\u043d\u044f\u044e\u0449\u0438\u0435\u0441\u044f \u043a\u0440\u043e\u0432\u0430\u0442\u0438, M\u0435\u0431\u0435\u043b\u044c, Beebipood","description":"PIKENDATAV LASTEVOODI Victor, valge, * pikendatav lastevoodi Victor on eelk\u00f5ige m\u00f5eldud kasvavale mudilasele * voodi on valmistatud kasep","robots":{"index":"index","follow":"follow","max-snippet":"max-snippet:-1","max-image-preview":"max-image-preview:large","max-video-preview":"max-video-preview:-1"},"canonical":"https:\/\/beebipood.ee\/ru\/produkt\/babydan-asta-premier-turvavarava-pikendus-32cm-valge\/","og_locale":"ru_RU","og_type":"article","og_title":"PIKENDATAV LASTEVOODI Victor, valge, \u0423\u0434\u043b\u0438\u043d\u044f\u044e\u0449\u0438\u0435\u0441\u044f \u043a\u0440\u043e\u0432\u0430\u0442\u0438, M\u0435\u0431\u0435\u043b\u044c, Beebipood","og_description":"PIKENDATAV LASTEVOODI Victor, valge, * pikendatav lastevoodi Victor on eelk\u00f5ige m\u00f5eldud kasvavale mudilasele * voodi on valmistatud kasep","og_url":"https:\/\/beebipood.ee\/ru\/produkt\/babydan-asta-premier-turvavarava-pikendus-32cm-valge\/","og_site_name":"Beebipood","article_modified_time":"2025-09-02T11:45:32+00:00","og_image":[{"width":1476,"height":1476,"url":"https:\/\/beebipood.ee\/wp-content\/uploads\/2013\/09\/babydan-asta-premier-turvavarava-pikendus-32cm-valge-3.jpg","type":"image\/jpeg"}],"twitter_card":"summary_large_image","twitter_misc":{"\u041f\u0440\u0438\u043c\u0435\u0440\u043d\u043e\u0435 \u0432\u0440\u0435\u043c\u044f \u0434\u043b\u044f \u0447\u0442\u0435\u043d\u0438\u044f":"1 \u043c\u0438\u043d\u0443\u0442\u0430"},"schema":{"@context":"https:\/\/schema.org","@graph":[{"@type":"WebPage","@id":"https:\/\/beebipood.ee\/ru\/produkt\/babydan-asta-premier-turvavarava-pikendus-32cm-valge\/","url":"https:\/\/beebipood.ee\/ru\/produkt\/babydan-asta-premier-turvavarava-pikendus-32cm-valge\/","name":"PIKENDATAV LASTEVOODI Victor, valge, \u0423\u0434\u043b\u0438\u043d\u044f\u044e\u0449\u0438\u0435\u0441\u044f \u043a\u0440\u043e\u0432\u0430\u0442\u0438, M\u0435\u0431\u0435\u043b\u044c, Beebipood","isPartOf":{"@id":"https:\/\/beebipood.ee\/ru\/#website"},"primaryImageOfPage":{"@id":"https:\/\/beebipood.ee\/ru\/produkt\/babydan-asta-premier-turvavarava-pikendus-32cm-valge\/#primaryimage"},"image":{"@id":"https:\/\/beebipood.ee\/ru\/produkt\/babydan-asta-premier-turvavarava-pikendus-32cm-valge\/#primaryimage"},"thumbnailUrl":"https:\/\/beebipood.ee\/wp-content\/uploads\/2013\/09\/babydan-asta-premier-turvavarava-pikendus-32cm-valge-3.jpg","datePublished":"2013-09-02T10:53:51+00:00","dateModified":"2025-09-02T11:45:32+00:00","description":"PIKENDATAV LASTEVOODI Victor, valge, * pikendatav lastevoodi Victor on eelk\u00f5ige m\u00f5eldud kasvavale mudilasele * voodi on valmistatud kasep","breadcrumb":{"@id":"https:\/\/beebipood.ee\/ru\/produkt\/babydan-asta-premier-turvavarava-pikendus-32cm-valge\/#breadcrumb"},"inLanguage":"ru-RU","potentialAction":[{"@type":"ReadAction","target":["https:\/\/beebipood.ee\/ru\/produkt\/babydan-asta-premier-turvavarava-pikendus-32cm-valge\/"]}]},{"@type":"ImageObject","inLanguage":"ru-RU","@id":"https:\/\/beebipood.ee\/ru\/produkt\/babydan-asta-premier-turvavarava-pikendus-32cm-valge\/#primaryimage","url":"https:\/\/beebipood.ee\/wp-content\/uploads\/2013\/09\/babydan-asta-premier-turvavarava-pikendus-32cm-valge-3.jpg","contentUrl":"https:\/\/beebipood.ee\/wp-content\/uploads\/2013\/09\/babydan-asta-premier-turvavarava-pikendus-32cm-valge-3.jpg","width":1476,"height":1476},{"@type":"BreadcrumbList","@id":"https:\/\/beebipood.ee\/ru\/produkt\/babydan-asta-premier-turvavarava-pikendus-32cm-valge\/#breadcrumb","itemListElement":[{"@type":"ListItem","position":1,"name":"Home","item":"https:\/\/beebipood.ee\/ru\/"},{"@type":"ListItem","position":2,"name":"\u041a\u0430\u0442\u0430\u043b\u043e\u0433 \u0442\u043e\u0432\u0430\u0440\u043e\u0432","item":"https:\/\/beebipood.ee\/tooted\/"},{"@type":"ListItem","position":3,"name":"BabyDan Asta \/ Premier turvav\u00e4rava pikendus 32cm, valge"}]},{"@type":"WebSite","@id":"https:\/\/beebipood.ee\/ru\/#website","url":"https:\/\/beebipood.ee\/ru\/","name":"Beebipood","description":"Lastekaubad, beebikaubad, m\u00e4nguasjad","publisher":{"@id":"https:\/\/beebipood.ee\/ru\/#organization"},"potentialAction":[{"@type":"SearchAction","target":{"@type":"EntryPoint","urlTemplate":"https:\/\/beebipood.ee\/ru\/?s={search_term_string}"},"query-input":{"@type":"PropertyValueSpecification","valueRequired":true,"valueName":"search_term_string"}}],"inLanguage":"ru-RU"},{"@type":"Organization","@id":"https:\/\/beebipood.ee\/ru\/#organization","name":"Beebipood","url":"https:\/\/beebipood.ee\/ru\/","logo":{"@type":"ImageObject","inLanguage":"ru-RU","@id":"https:\/\/beebipood.ee\/ru\/#\/schema\/logo\/image\/","url":"https:\/\/beebipood.ee\/wp-content\/uploads\/2025\/03\/beebipood.ee-logo-1.svg","contentUrl":"https:\/\/beebipood.ee\/wp-content\/uploads\/2025\/03\/beebipood.ee-logo-1.svg","caption":"Beebipood"},"image":{"@id":"https:\/\/beebipood.ee\/ru\/#\/schema\/logo\/image\/"}}]}},"brands":[{"id":11971,"name":"BabyDan","slug":"babydan-ru"}],"_links":{"self":[{"href":"https:\/\/beebipood.ee\/ru\/wp-json\/wp\/v2\/product\/454724","targetHints":{"allow":["GET"]}}],"collection":[{"href":"https:\/\/beebipood.ee\/ru\/wp-json\/wp\/v2\/product"}],"about":[{"href":"https:\/\/beebipood.ee\/ru\/wp-json\/wp\/v2\/types\/product"}],"wp:featuredmedia":[{"embeddable":true,"href":"https:\/\/beebipood.ee\/ru\/wp-json\/wp\/v2\/media\/506606"}],"wp:attachment":[{"href":"https:\/\/beebipood.ee\/ru\/wp-json\/wp\/v2\/media?parent=454724"}],"wp:term":[{"taxonomy":"pwb-brand","embeddable":true,"href":"https:\/\/beebipood.ee\/ru\/wp-json\/wp\/v2\/pwb-brand?post=454724"},{"taxonomy":"product_brand","embeddable":true,"href":"https:\/\/beebipood.ee\/ru\/wp-json\/wp\/v2\/product_brand?post=454724"},{"taxonomy":"product_cat","embeddable":true,"href":"https:\/\/beebipood.ee\/ru\/wp-json\/wp\/v2\/product_cat?post=454724"},{"taxonomy":"product_tag","embeddable":true,"href":"https:\/\/beebipood.ee\/ru\/wp-json\/wp\/v2\/product_tag?post=454724"}],"curies":[{"name":"wp","href":"https:\/\/api.w.org\/{rel}","templated":true}]}}