{"id":454726,"date":"2013-09-02T13:53:52","date_gmt":"2013-09-02T10:53:52","guid":{"rendered":"https:\/\/beebipood.ee\/toode\/kummut-julia-valge\/"},"modified":"2025-01-09T10:52:08","modified_gmt":"2025-01-09T08:52:08","slug":"kummut-julia-valge","status":"publish","type":"product","link":"https:\/\/beebipood.ee\/ru\/produkt\/kummut-julia-valge\/","title":{"rendered":"Kummut Julia, valge"},"content":{"rendered":"<p>Julia kollektsioon on loodud silmas pidades mugavust ja stiili,<br \/>mis peidab endas nii funktsionaalsust kui ka elegantsi, <br \/>luues k\u00fctkestava interj\u00f6\u00f6ri<br \/>M\u00f6\u00f6blil on dekoratiivsed s\u00fcdamekujulised v\u00e4ljal\u00f5iked, <br \/>mis toimivad k\u00e4epidemetena. <br \/>Kummut on valmistatud kvaliteetsest 18mm MDF m\u00f6\u00f6bliplaadist (m\u00e4nnipuit)<br \/>Kummutil on kolm mahukat sahtlit. <br \/>Sahtli s\u00fcgavus on 34cm<br \/>Kummut on varustatud aeglaselt Soft-Close sulguvate furnituuridega<br \/>Vaikne ja mugav kasutada<br \/>Valmistamisel on kasutatud A-klass tarvikuid ning furnituure<br \/>Lihtsasti puhastatav<br \/>Viimistlemisel on kasutatud ainult vee baasil v\u00e4rve ja lakke<br \/>Toodetud EL&#8217;s<br \/>Toode vastab k\u00f5ikidele EN turvastandarditele<\/p>\n","protected":false},"excerpt":{"rendered":"<p>Julia kollektsioon on loodud silmas pidades mugavust ja stiili,mis peidab endas nii funktsionaalsust kui ka elegantsi, luues k\u00fctkestava interj\u00f6\u00f6riM\u00f6\u00f6blil on dekoratiivsed s\u00fcdamekujulised v\u00e4ljal\u00f5iked, mis toimivad k\u00e4epidemetena. Kummut on valmistatud kvaliteetsest 18mm MDF m\u00f6\u00f6bliplaadist (m\u00e4nnipuit)Kummutil on kolm mahukat sahtlit. Sahtli s\u00fcgavus on 34cmKummut on varustatud aeglaselt Soft-Close sulguvate furnituuridegaVaikne ja mugav kasutadaValmistamisel on kasutatud A-klass tarvikuid [&hellip;]<\/p>\n","protected":false},"featured_media":101439,"template":"","meta":{"_acf_changed":false},"pwb-brand":[11945],"product_brand":[],"product_cat":[11627,11623,11789],"product_tag":[],"class_list":{"0":"post-454726","1":"product","2":"type-product","3":"status-publish","4":"has-post-thumbnail","6":"pwb-brand-kocot-kids-ru","7":"product_cat-kummutid-ru","8":"product_cat-kummutid-kastid-ru","9":"product_cat-lastemoobel-ja-sisustus-ru","10":"pa_manufacturer-kocotkids-ru","12":"first","13":"onbackorder","14":"sale","15":"taxable","16":"shipping-taxable","17":"purchasable","18":"product-type-simple"},"exclude_global_add_ons":[],"addons":[],"acf":[],"yoast_head":"<!-- This site is optimized with the Yoast SEO plugin v27.1.1 - https:\/\/yoast.com\/product\/yoast-seo-wordpress\/ -->\n<title>Kummut Julia, valge, K\u043e\u043c\u043e\u0434\u044b, \u044f\u0449\u0438\u043a\u0438, K\u043e\u043c\u043e\u0434\u044b, M\u0435\u0431\u0435\u043b\u044c, Beebipood<\/title>\n<meta name=\"description\" content=\"Kummut Julia, valge, Julia kollektsioon on loodud silmas pidades mugavust ja stiili,mis peidab endas nii funktsionaalsust kui ka elegantsi, luues\" \/>\n<meta name=\"robots\" content=\"index, follow, max-snippet:-1, max-image-preview:large, max-video-preview:-1\" \/>\n<link rel=\"canonical\" href=\"https:\/\/beebipood.ee\/ru\/produkt\/kummut-julia-valge\/\" \/>\n<meta property=\"og:locale\" content=\"ru_RU\" \/>\n<meta property=\"og:type\" content=\"article\" \/>\n<meta property=\"og:title\" content=\"Kummut Julia, valge, K\u043e\u043c\u043e\u0434\u044b, \u044f\u0449\u0438\u043a\u0438, K\u043e\u043c\u043e\u0434\u044b, M\u0435\u0431\u0435\u043b\u044c, Beebipood\" \/>\n<meta property=\"og:description\" content=\"Kummut Julia, valge, Julia kollektsioon on loodud silmas pidades mugavust ja stiili,mis peidab endas nii funktsionaalsust kui ka elegantsi, luues\" \/>\n<meta property=\"og:url\" content=\"https:\/\/beebipood.ee\/ru\/produkt\/kummut-julia-valge\/\" \/>\n<meta property=\"og:site_name\" content=\"Beebipood\" \/>\n<meta property=\"article:modified_time\" content=\"2025-01-09T08:52:08+00:00\" \/>\n<meta property=\"og:image\" content=\"https:\/\/beebipood.ee\/wp-content\/uploads\/2013\/09\/Kummut-Julia-valge-Kummutid-kastid-Kummutid-Lastemoobel-ja-sisustus_1-9af.jpg\" \/>\n\t<meta property=\"og:image:width\" content=\"1920\" \/>\n\t<meta property=\"og:image:height\" content=\"1440\" \/>\n\t<meta property=\"og:image:type\" content=\"image\/jpeg\" \/>\n<meta name=\"twitter:card\" content=\"summary_large_image\" \/>\n<script type=\"application\/ld+json\" class=\"yoast-schema-graph\">{\"@context\":\"https:\/\/schema.org\",\"@graph\":[{\"@type\":\"WebPage\",\"@id\":\"https:\/\/beebipood.ee\/ru\/produkt\/kummut-julia-valge\/\",\"url\":\"https:\/\/beebipood.ee\/ru\/produkt\/kummut-julia-valge\/\",\"name\":\"Kummut Julia, valge, K\u043e\u043c\u043e\u0434\u044b, \u044f\u0449\u0438\u043a\u0438, K\u043e\u043c\u043e\u0434\u044b, M\u0435\u0431\u0435\u043b\u044c, Beebipood\",\"isPartOf\":{\"@id\":\"https:\/\/beebipood.ee\/ru\/#website\"},\"primaryImageOfPage\":{\"@id\":\"https:\/\/beebipood.ee\/ru\/produkt\/kummut-julia-valge\/#primaryimage\"},\"image\":{\"@id\":\"https:\/\/beebipood.ee\/ru\/produkt\/kummut-julia-valge\/#primaryimage\"},\"thumbnailUrl\":\"https:\/\/beebipood.ee\/wp-content\/uploads\/2013\/09\/Kummut-Julia-valge-Kummutid-kastid-Kummutid-Lastemoobel-ja-sisustus_1-9af.jpg\",\"datePublished\":\"2013-09-02T10:53:52+00:00\",\"dateModified\":\"2025-01-09T08:52:08+00:00\",\"description\":\"Kummut Julia, valge, Julia kollektsioon on loodud silmas pidades mugavust ja stiili,mis peidab endas nii funktsionaalsust kui ka elegantsi, luues\",\"breadcrumb\":{\"@id\":\"https:\/\/beebipood.ee\/ru\/produkt\/kummut-julia-valge\/#breadcrumb\"},\"inLanguage\":\"ru-RU\",\"potentialAction\":[{\"@type\":\"ReadAction\",\"target\":[\"https:\/\/beebipood.ee\/ru\/produkt\/kummut-julia-valge\/\"]}]},{\"@type\":\"ImageObject\",\"inLanguage\":\"ru-RU\",\"@id\":\"https:\/\/beebipood.ee\/ru\/produkt\/kummut-julia-valge\/#primaryimage\",\"url\":\"https:\/\/beebipood.ee\/wp-content\/uploads\/2013\/09\/Kummut-Julia-valge-Kummutid-kastid-Kummutid-Lastemoobel-ja-sisustus_1-9af.jpg\",\"contentUrl\":\"https:\/\/beebipood.ee\/wp-content\/uploads\/2013\/09\/Kummut-Julia-valge-Kummutid-kastid-Kummutid-Lastemoobel-ja-sisustus_1-9af.jpg\",\"width\":1920,\"height\":1440},{\"@type\":\"BreadcrumbList\",\"@id\":\"https:\/\/beebipood.ee\/ru\/produkt\/kummut-julia-valge\/#breadcrumb\",\"itemListElement\":[{\"@type\":\"ListItem\",\"position\":1,\"name\":\"Home\",\"item\":\"https:\/\/beebipood.ee\/ru\/\"},{\"@type\":\"ListItem\",\"position\":2,\"name\":\"\u041a\u0430\u0442\u0430\u043b\u043e\u0433 \u0442\u043e\u0432\u0430\u0440\u043e\u0432\",\"item\":\"https:\/\/beebipood.ee\/tooted\/\"},{\"@type\":\"ListItem\",\"position\":3,\"name\":\"Kummut Julia, valge\"}]},{\"@type\":\"WebSite\",\"@id\":\"https:\/\/beebipood.ee\/ru\/#website\",\"url\":\"https:\/\/beebipood.ee\/ru\/\",\"name\":\"Beebipood\",\"description\":\"Lastekaubad, beebikaubad, m\u00e4nguasjad\",\"publisher\":{\"@id\":\"https:\/\/beebipood.ee\/ru\/#organization\"},\"potentialAction\":[{\"@type\":\"SearchAction\",\"target\":{\"@type\":\"EntryPoint\",\"urlTemplate\":\"https:\/\/beebipood.ee\/ru\/?s={search_term_string}\"},\"query-input\":{\"@type\":\"PropertyValueSpecification\",\"valueRequired\":true,\"valueName\":\"search_term_string\"}}],\"inLanguage\":\"ru-RU\"},{\"@type\":\"Organization\",\"@id\":\"https:\/\/beebipood.ee\/ru\/#organization\",\"name\":\"Beebipood\",\"url\":\"https:\/\/beebipood.ee\/ru\/\",\"logo\":{\"@type\":\"ImageObject\",\"inLanguage\":\"ru-RU\",\"@id\":\"https:\/\/beebipood.ee\/ru\/#\/schema\/logo\/image\/\",\"url\":\"https:\/\/beebipood.ee\/wp-content\/uploads\/2025\/03\/beebipood.ee-logo-1.svg\",\"contentUrl\":\"https:\/\/beebipood.ee\/wp-content\/uploads\/2025\/03\/beebipood.ee-logo-1.svg\",\"caption\":\"Beebipood\"},\"image\":{\"@id\":\"https:\/\/beebipood.ee\/ru\/#\/schema\/logo\/image\/\"}}]}<\/script>\n<!-- \/ Yoast SEO plugin. -->","yoast_head_json":{"title":"Kummut Julia, valge, K\u043e\u043c\u043e\u0434\u044b, \u044f\u0449\u0438\u043a\u0438, K\u043e\u043c\u043e\u0434\u044b, M\u0435\u0431\u0435\u043b\u044c, Beebipood","description":"Kummut Julia, valge, Julia kollektsioon on loodud silmas pidades mugavust ja stiili,mis peidab endas nii funktsionaalsust kui ka elegantsi, luues","robots":{"index":"index","follow":"follow","max-snippet":"max-snippet:-1","max-image-preview":"max-image-preview:large","max-video-preview":"max-video-preview:-1"},"canonical":"https:\/\/beebipood.ee\/ru\/produkt\/kummut-julia-valge\/","og_locale":"ru_RU","og_type":"article","og_title":"Kummut Julia, valge, K\u043e\u043c\u043e\u0434\u044b, \u044f\u0449\u0438\u043a\u0438, K\u043e\u043c\u043e\u0434\u044b, M\u0435\u0431\u0435\u043b\u044c, Beebipood","og_description":"Kummut Julia, valge, Julia kollektsioon on loodud silmas pidades mugavust ja stiili,mis peidab endas nii funktsionaalsust kui ka elegantsi, luues","og_url":"https:\/\/beebipood.ee\/ru\/produkt\/kummut-julia-valge\/","og_site_name":"Beebipood","article_modified_time":"2025-01-09T08:52:08+00:00","og_image":[{"width":1920,"height":1440,"url":"https:\/\/beebipood.ee\/wp-content\/uploads\/2013\/09\/Kummut-Julia-valge-Kummutid-kastid-Kummutid-Lastemoobel-ja-sisustus_1-9af.jpg","type":"image\/jpeg"}],"twitter_card":"summary_large_image","schema":{"@context":"https:\/\/schema.org","@graph":[{"@type":"WebPage","@id":"https:\/\/beebipood.ee\/ru\/produkt\/kummut-julia-valge\/","url":"https:\/\/beebipood.ee\/ru\/produkt\/kummut-julia-valge\/","name":"Kummut Julia, valge, K\u043e\u043c\u043e\u0434\u044b, \u044f\u0449\u0438\u043a\u0438, K\u043e\u043c\u043e\u0434\u044b, M\u0435\u0431\u0435\u043b\u044c, Beebipood","isPartOf":{"@id":"https:\/\/beebipood.ee\/ru\/#website"},"primaryImageOfPage":{"@id":"https:\/\/beebipood.ee\/ru\/produkt\/kummut-julia-valge\/#primaryimage"},"image":{"@id":"https:\/\/beebipood.ee\/ru\/produkt\/kummut-julia-valge\/#primaryimage"},"thumbnailUrl":"https:\/\/beebipood.ee\/wp-content\/uploads\/2013\/09\/Kummut-Julia-valge-Kummutid-kastid-Kummutid-Lastemoobel-ja-sisustus_1-9af.jpg","datePublished":"2013-09-02T10:53:52+00:00","dateModified":"2025-01-09T08:52:08+00:00","description":"Kummut Julia, valge, Julia kollektsioon on loodud silmas pidades mugavust ja stiili,mis peidab endas nii funktsionaalsust kui ka elegantsi, luues","breadcrumb":{"@id":"https:\/\/beebipood.ee\/ru\/produkt\/kummut-julia-valge\/#breadcrumb"},"inLanguage":"ru-RU","potentialAction":[{"@type":"ReadAction","target":["https:\/\/beebipood.ee\/ru\/produkt\/kummut-julia-valge\/"]}]},{"@type":"ImageObject","inLanguage":"ru-RU","@id":"https:\/\/beebipood.ee\/ru\/produkt\/kummut-julia-valge\/#primaryimage","url":"https:\/\/beebipood.ee\/wp-content\/uploads\/2013\/09\/Kummut-Julia-valge-Kummutid-kastid-Kummutid-Lastemoobel-ja-sisustus_1-9af.jpg","contentUrl":"https:\/\/beebipood.ee\/wp-content\/uploads\/2013\/09\/Kummut-Julia-valge-Kummutid-kastid-Kummutid-Lastemoobel-ja-sisustus_1-9af.jpg","width":1920,"height":1440},{"@type":"BreadcrumbList","@id":"https:\/\/beebipood.ee\/ru\/produkt\/kummut-julia-valge\/#breadcrumb","itemListElement":[{"@type":"ListItem","position":1,"name":"Home","item":"https:\/\/beebipood.ee\/ru\/"},{"@type":"ListItem","position":2,"name":"\u041a\u0430\u0442\u0430\u043b\u043e\u0433 \u0442\u043e\u0432\u0430\u0440\u043e\u0432","item":"https:\/\/beebipood.ee\/tooted\/"},{"@type":"ListItem","position":3,"name":"Kummut Julia, valge"}]},{"@type":"WebSite","@id":"https:\/\/beebipood.ee\/ru\/#website","url":"https:\/\/beebipood.ee\/ru\/","name":"Beebipood","description":"Lastekaubad, beebikaubad, m\u00e4nguasjad","publisher":{"@id":"https:\/\/beebipood.ee\/ru\/#organization"},"potentialAction":[{"@type":"SearchAction","target":{"@type":"EntryPoint","urlTemplate":"https:\/\/beebipood.ee\/ru\/?s={search_term_string}"},"query-input":{"@type":"PropertyValueSpecification","valueRequired":true,"valueName":"search_term_string"}}],"inLanguage":"ru-RU"},{"@type":"Organization","@id":"https:\/\/beebipood.ee\/ru\/#organization","name":"Beebipood","url":"https:\/\/beebipood.ee\/ru\/","logo":{"@type":"ImageObject","inLanguage":"ru-RU","@id":"https:\/\/beebipood.ee\/ru\/#\/schema\/logo\/image\/","url":"https:\/\/beebipood.ee\/wp-content\/uploads\/2025\/03\/beebipood.ee-logo-1.svg","contentUrl":"https:\/\/beebipood.ee\/wp-content\/uploads\/2025\/03\/beebipood.ee-logo-1.svg","caption":"Beebipood"},"image":{"@id":"https:\/\/beebipood.ee\/ru\/#\/schema\/logo\/image\/"}}]}},"brands":[{"id":11945,"name":"Kocot Kids","slug":"kocot-kids-ru"}],"_links":{"self":[{"href":"https:\/\/beebipood.ee\/ru\/wp-json\/wp\/v2\/product\/454726","targetHints":{"allow":["GET"]}}],"collection":[{"href":"https:\/\/beebipood.ee\/ru\/wp-json\/wp\/v2\/product"}],"about":[{"href":"https:\/\/beebipood.ee\/ru\/wp-json\/wp\/v2\/types\/product"}],"wp:featuredmedia":[{"embeddable":true,"href":"https:\/\/beebipood.ee\/ru\/wp-json\/wp\/v2\/media\/101439"}],"wp:attachment":[{"href":"https:\/\/beebipood.ee\/ru\/wp-json\/wp\/v2\/media?parent=454726"}],"wp:term":[{"taxonomy":"pwb-brand","embeddable":true,"href":"https:\/\/beebipood.ee\/ru\/wp-json\/wp\/v2\/pwb-brand?post=454726"},{"taxonomy":"product_brand","embeddable":true,"href":"https:\/\/beebipood.ee\/ru\/wp-json\/wp\/v2\/product_brand?post=454726"},{"taxonomy":"product_cat","embeddable":true,"href":"https:\/\/beebipood.ee\/ru\/wp-json\/wp\/v2\/product_cat?post=454726"},{"taxonomy":"product_tag","embeddable":true,"href":"https:\/\/beebipood.ee\/ru\/wp-json\/wp\/v2\/product_tag?post=454726"}],"curies":[{"name":"wp","href":"https:\/\/api.w.org\/{rel}","templated":true}]}}