{"id":454744,"date":"2013-09-02T13:54:08","date_gmt":"2013-09-02T10:54:08","guid":{"rendered":"https:\/\/beebipood.ee\/toode\/cam-gironanna-evo-beebikiik-coniglio\/"},"modified":"2025-01-09T10:52:07","modified_gmt":"2025-01-09T08:52:07","slug":"cam-gironanna-evo-beebikiik-coniglio","status":"publish","type":"product","link":"https:\/\/beebipood.ee\/ru\/produkt\/cam-gironanna-evo-beebikiik-coniglio\/","title":{"rendered":"Cam Gironanna Evo beebikiik, Coniglio"},"content":{"rendered":"<p>Lihtne ja praktiline beebikiik Cam Gironanna, <br \/>mis on m\u00f5eldud lastele kaaluga 0-9kg. <br \/><span style=\"text-decoration: underline;\"><br \/>Omadused<\/span><br \/>Reguleeritav seljatugi &#8212; 2 asendit<br \/>Lukuga eemaldatav kaarvari<br \/>Isteosa on v\u00f5imalik p\u00f6\u00f6rata vastavalt soovile<br \/>5-punkti kinnitusega \u00f5larihmad<br \/>Beebikiik on pehme polsterdusega ja valmistatud pehmest masinpestavast riidest<br \/>Eemaldatavad rippuvad m\u00e4nguasjad ja m\u00e4ngualus<br \/>Kiigel on ka sume valgustus<br \/>Kiigel on 3 erinevat kiirust, automaatne v\u00e4ljal\u00fclitus taimer (8, 15 v\u00f5i 30minuti j\u00e4rel)<br \/>3 erinevat unelaulu ja 3 erinevat looduslikku heli<br \/>Heli on reguleeritav<br \/>Kiige jalgadel on libisemisvastased kummid<br \/>Kiik t\u00f6\u00f6tab voolu v\u00f5i patareidega<br \/>Eemaldatav kandik<br \/>Kompatne ja lihtsasti volditav<br \/><span style=\"text-decoration: underline;\">N\u00e4itajad<\/span><br \/>Kaal: 9,1kg<br \/>M\u00f5\u00f5dud: 114 x78 x104cm<br \/>M\u00f5\u00f5dud kokkupandult: 48 x 73 x 113cm<br \/>M\u00f5eldud kasutamiseks lastele kaaluga 0-9kg<br \/><span style=\"text-decoration: underline;\">Turvalisus<\/span><br \/>Valmistatud mittetoksilistest materjalidest<br \/>Vastab Euroopa turvastandardile EN 16232<br \/>L\u00e4binud stabiilsustesti, mis v\u00e4ldib olukorda, <br \/>kus beebi ennast kiigega \u00fcmber saaks kukutada<br \/>Testitud kiikumise k\u00e4igus m\u00f5juvaid j\u00f5ude<br \/>Elektroonilised detailid on testitud ning ohututd<br \/>Turvamehhanism, mis v\u00e4ldib toote kokku vajumist<\/p>\n","protected":false},"excerpt":{"rendered":"<p>Lihtne ja praktiline beebikiik Cam Gironanna, mis on m\u00f5eldud lastele kaaluga 0-9kg. OmadusedReguleeritav seljatugi &#8212; 2 asenditLukuga eemaldatav kaarvariIsteosa on v\u00f5imalik p\u00f6\u00f6rata vastavalt soovile5-punkti kinnitusega \u00f5larihmadBeebikiik on pehme polsterdusega ja valmistatud pehmest masinpestavast riidestEemaldatavad rippuvad m\u00e4nguasjad ja m\u00e4ngualusKiigel on ka sume valgustusKiigel on 3 erinevat kiirust, automaatne v\u00e4ljal\u00fclitus taimer (8, 15 v\u00f5i 30minuti j\u00e4rel)3 erinevat [&hellip;]<\/p>\n","protected":false},"featured_media":101488,"template":"","meta":{"_acf_changed":false},"pwb-brand":[11970],"product_brand":[],"product_cat":[11879,11709],"product_tag":[],"class_list":{"0":"post-454744","1":"product","2":"type-product","3":"status-publish","4":"has-post-thumbnail","6":"pwb-brand-cam-ru","7":"product_cat-lamamistoolid-ja-kiiged-ru","8":"product_cat-sootmistoolid-beebi-ja-lastetarbed-mahkimine-hugieen-ru","9":"pa_manufacturer-cam-ru","11":"first","12":"onbackorder","13":"taxable","14":"shipping-taxable","15":"purchasable","16":"product-type-simple"},"exclude_global_add_ons":[],"addons":[],"acf":[],"yoast_head":"<!-- This site is optimized with the Yoast SEO plugin v27.1.1 - https:\/\/yoast.com\/product\/yoast-seo-wordpress\/ -->\n<title>Cam Gironanna Evo beebikiik, Coniglio, \u041d\u041e\u0412\u042b\u0415 \u0422\u041e\u0412\u0410\u0420\u042b, \u041f\u0440\u0438\u043d\u0430\u0434\u043b\u0435\u0436\u043d\u043e\u0441\u0442\u0438 \u0434\u043b\u044f \u043c\u043b\u0430\u0434\u0435\u043d\u0446\u0435\u0432, Lamamistoolid ja kiiged, Beebipood<\/title>\n<meta name=\"description\" content=\"Cam Gironanna Evo beebikiik, Coniglio, Lihtne ja praktiline beebikiik Cam Gironanna, mis on m&otilde;eldud lastele kaaluga 0-9kg. &lt;span style=&quot;te\" \/>\n<meta name=\"robots\" content=\"index, follow, max-snippet:-1, max-image-preview:large, max-video-preview:-1\" \/>\n<link rel=\"canonical\" href=\"https:\/\/beebipood.ee\/ru\/produkt\/cam-gironanna-evo-beebikiik-coniglio\/\" \/>\n<meta property=\"og:locale\" content=\"ru_RU\" \/>\n<meta property=\"og:type\" content=\"article\" \/>\n<meta property=\"og:title\" content=\"Cam Gironanna Evo beebikiik, Coniglio, \u041d\u041e\u0412\u042b\u0415 \u0422\u041e\u0412\u0410\u0420\u042b, \u041f\u0440\u0438\u043d\u0430\u0434\u043b\u0435\u0436\u043d\u043e\u0441\u0442\u0438 \u0434\u043b\u044f \u043c\u043b\u0430\u0434\u0435\u043d\u0446\u0435\u0432, Lamamistoolid ja kiiged, Beebipood\" \/>\n<meta property=\"og:description\" content=\"Cam Gironanna Evo beebikiik, Coniglio, Lihtne ja praktiline beebikiik Cam Gironanna, mis on m&otilde;eldud lastele kaaluga 0-9kg. &lt;span style=&quot;te\" \/>\n<meta property=\"og:url\" content=\"https:\/\/beebipood.ee\/ru\/produkt\/cam-gironanna-evo-beebikiik-coniglio\/\" \/>\n<meta property=\"og:site_name\" content=\"Beebipood\" \/>\n<meta property=\"article:modified_time\" content=\"2025-01-09T08:52:07+00:00\" \/>\n<meta property=\"og:image\" content=\"https:\/\/beebipood.ee\/wp-content\/uploads\/2013\/09\/Cam-Gironanna-Evo-beebikiik-Coniglio-SOODUSPAKKUMISED-Beebi-ja-lastetarbed-Lamamistoolid-ja-kiiged_1-b35.jpg\" \/>\n\t<meta property=\"og:image:width\" content=\"1050\" \/>\n\t<meta property=\"og:image:height\" content=\"1200\" \/>\n\t<meta property=\"og:image:type\" content=\"image\/jpeg\" \/>\n<meta name=\"twitter:card\" content=\"summary_large_image\" \/>\n<meta name=\"twitter:label1\" content=\"\u041f\u0440\u0438\u043c\u0435\u0440\u043d\u043e\u0435 \u0432\u0440\u0435\u043c\u044f \u0434\u043b\u044f \u0447\u0442\u0435\u043d\u0438\u044f\" \/>\n\t<meta name=\"twitter:data1\" content=\"1 \u043c\u0438\u043d\u0443\u0442\u0430\" \/>\n<script type=\"application\/ld+json\" class=\"yoast-schema-graph\">{\"@context\":\"https:\/\/schema.org\",\"@graph\":[{\"@type\":\"WebPage\",\"@id\":\"https:\/\/beebipood.ee\/ru\/produkt\/cam-gironanna-evo-beebikiik-coniglio\/\",\"url\":\"https:\/\/beebipood.ee\/ru\/produkt\/cam-gironanna-evo-beebikiik-coniglio\/\",\"name\":\"Cam Gironanna Evo beebikiik, Coniglio, \u041d\u041e\u0412\u042b\u0415 \u0422\u041e\u0412\u0410\u0420\u042b, \u041f\u0440\u0438\u043d\u0430\u0434\u043b\u0435\u0436\u043d\u043e\u0441\u0442\u0438 \u0434\u043b\u044f \u043c\u043b\u0430\u0434\u0435\u043d\u0446\u0435\u0432, Lamamistoolid ja kiiged, Beebipood\",\"isPartOf\":{\"@id\":\"https:\/\/beebipood.ee\/ru\/#website\"},\"primaryImageOfPage\":{\"@id\":\"https:\/\/beebipood.ee\/ru\/produkt\/cam-gironanna-evo-beebikiik-coniglio\/#primaryimage\"},\"image\":{\"@id\":\"https:\/\/beebipood.ee\/ru\/produkt\/cam-gironanna-evo-beebikiik-coniglio\/#primaryimage\"},\"thumbnailUrl\":\"https:\/\/beebipood.ee\/wp-content\/uploads\/2013\/09\/Cam-Gironanna-Evo-beebikiik-Coniglio-SOODUSPAKKUMISED-Beebi-ja-lastetarbed-Lamamistoolid-ja-kiiged_1-b35.jpg\",\"datePublished\":\"2013-09-02T10:54:08+00:00\",\"dateModified\":\"2025-01-09T08:52:07+00:00\",\"description\":\"Cam Gironanna Evo beebikiik, Coniglio, Lihtne ja praktiline beebikiik Cam Gironanna, mis on m&otilde;eldud lastele kaaluga 0-9kg. &lt;span style=&quot;te\",\"breadcrumb\":{\"@id\":\"https:\/\/beebipood.ee\/ru\/produkt\/cam-gironanna-evo-beebikiik-coniglio\/#breadcrumb\"},\"inLanguage\":\"ru-RU\",\"potentialAction\":[{\"@type\":\"ReadAction\",\"target\":[\"https:\/\/beebipood.ee\/ru\/produkt\/cam-gironanna-evo-beebikiik-coniglio\/\"]}]},{\"@type\":\"ImageObject\",\"inLanguage\":\"ru-RU\",\"@id\":\"https:\/\/beebipood.ee\/ru\/produkt\/cam-gironanna-evo-beebikiik-coniglio\/#primaryimage\",\"url\":\"https:\/\/beebipood.ee\/wp-content\/uploads\/2013\/09\/Cam-Gironanna-Evo-beebikiik-Coniglio-SOODUSPAKKUMISED-Beebi-ja-lastetarbed-Lamamistoolid-ja-kiiged_1-b35.jpg\",\"contentUrl\":\"https:\/\/beebipood.ee\/wp-content\/uploads\/2013\/09\/Cam-Gironanna-Evo-beebikiik-Coniglio-SOODUSPAKKUMISED-Beebi-ja-lastetarbed-Lamamistoolid-ja-kiiged_1-b35.jpg\",\"width\":1050,\"height\":1200},{\"@type\":\"BreadcrumbList\",\"@id\":\"https:\/\/beebipood.ee\/ru\/produkt\/cam-gironanna-evo-beebikiik-coniglio\/#breadcrumb\",\"itemListElement\":[{\"@type\":\"ListItem\",\"position\":1,\"name\":\"Home\",\"item\":\"https:\/\/beebipood.ee\/ru\/\"},{\"@type\":\"ListItem\",\"position\":2,\"name\":\"\u041a\u0430\u0442\u0430\u043b\u043e\u0433 \u0442\u043e\u0432\u0430\u0440\u043e\u0432\",\"item\":\"https:\/\/beebipood.ee\/tooted\/\"},{\"@type\":\"ListItem\",\"position\":3,\"name\":\"Cam Gironanna Evo beebikiik, Coniglio\"}]},{\"@type\":\"WebSite\",\"@id\":\"https:\/\/beebipood.ee\/ru\/#website\",\"url\":\"https:\/\/beebipood.ee\/ru\/\",\"name\":\"Beebipood\",\"description\":\"Lastekaubad, beebikaubad, m\u00e4nguasjad\",\"publisher\":{\"@id\":\"https:\/\/beebipood.ee\/ru\/#organization\"},\"potentialAction\":[{\"@type\":\"SearchAction\",\"target\":{\"@type\":\"EntryPoint\",\"urlTemplate\":\"https:\/\/beebipood.ee\/ru\/?s={search_term_string}\"},\"query-input\":{\"@type\":\"PropertyValueSpecification\",\"valueRequired\":true,\"valueName\":\"search_term_string\"}}],\"inLanguage\":\"ru-RU\"},{\"@type\":\"Organization\",\"@id\":\"https:\/\/beebipood.ee\/ru\/#organization\",\"name\":\"Beebipood\",\"url\":\"https:\/\/beebipood.ee\/ru\/\",\"logo\":{\"@type\":\"ImageObject\",\"inLanguage\":\"ru-RU\",\"@id\":\"https:\/\/beebipood.ee\/ru\/#\/schema\/logo\/image\/\",\"url\":\"https:\/\/beebipood.ee\/wp-content\/uploads\/2025\/03\/beebipood.ee-logo-1.svg\",\"contentUrl\":\"https:\/\/beebipood.ee\/wp-content\/uploads\/2025\/03\/beebipood.ee-logo-1.svg\",\"caption\":\"Beebipood\"},\"image\":{\"@id\":\"https:\/\/beebipood.ee\/ru\/#\/schema\/logo\/image\/\"}}]}<\/script>\n<!-- \/ Yoast SEO plugin. -->","yoast_head_json":{"title":"Cam Gironanna Evo beebikiik, Coniglio, \u041d\u041e\u0412\u042b\u0415 \u0422\u041e\u0412\u0410\u0420\u042b, \u041f\u0440\u0438\u043d\u0430\u0434\u043b\u0435\u0436\u043d\u043e\u0441\u0442\u0438 \u0434\u043b\u044f \u043c\u043b\u0430\u0434\u0435\u043d\u0446\u0435\u0432, Lamamistoolid ja kiiged, Beebipood","description":"Cam Gironanna Evo beebikiik, Coniglio, Lihtne ja praktiline beebikiik Cam Gironanna, mis on m&otilde;eldud lastele kaaluga 0-9kg. &lt;span style=&quot;te","robots":{"index":"index","follow":"follow","max-snippet":"max-snippet:-1","max-image-preview":"max-image-preview:large","max-video-preview":"max-video-preview:-1"},"canonical":"https:\/\/beebipood.ee\/ru\/produkt\/cam-gironanna-evo-beebikiik-coniglio\/","og_locale":"ru_RU","og_type":"article","og_title":"Cam Gironanna Evo beebikiik, Coniglio, \u041d\u041e\u0412\u042b\u0415 \u0422\u041e\u0412\u0410\u0420\u042b, \u041f\u0440\u0438\u043d\u0430\u0434\u043b\u0435\u0436\u043d\u043e\u0441\u0442\u0438 \u0434\u043b\u044f \u043c\u043b\u0430\u0434\u0435\u043d\u0446\u0435\u0432, Lamamistoolid ja kiiged, Beebipood","og_description":"Cam Gironanna Evo beebikiik, Coniglio, Lihtne ja praktiline beebikiik Cam Gironanna, mis on m&otilde;eldud lastele kaaluga 0-9kg. &lt;span style=&quot;te","og_url":"https:\/\/beebipood.ee\/ru\/produkt\/cam-gironanna-evo-beebikiik-coniglio\/","og_site_name":"Beebipood","article_modified_time":"2025-01-09T08:52:07+00:00","og_image":[{"width":1050,"height":1200,"url":"https:\/\/beebipood.ee\/wp-content\/uploads\/2013\/09\/Cam-Gironanna-Evo-beebikiik-Coniglio-SOODUSPAKKUMISED-Beebi-ja-lastetarbed-Lamamistoolid-ja-kiiged_1-b35.jpg","type":"image\/jpeg"}],"twitter_card":"summary_large_image","twitter_misc":{"\u041f\u0440\u0438\u043c\u0435\u0440\u043d\u043e\u0435 \u0432\u0440\u0435\u043c\u044f \u0434\u043b\u044f \u0447\u0442\u0435\u043d\u0438\u044f":"1 \u043c\u0438\u043d\u0443\u0442\u0430"},"schema":{"@context":"https:\/\/schema.org","@graph":[{"@type":"WebPage","@id":"https:\/\/beebipood.ee\/ru\/produkt\/cam-gironanna-evo-beebikiik-coniglio\/","url":"https:\/\/beebipood.ee\/ru\/produkt\/cam-gironanna-evo-beebikiik-coniglio\/","name":"Cam Gironanna Evo beebikiik, Coniglio, \u041d\u041e\u0412\u042b\u0415 \u0422\u041e\u0412\u0410\u0420\u042b, \u041f\u0440\u0438\u043d\u0430\u0434\u043b\u0435\u0436\u043d\u043e\u0441\u0442\u0438 \u0434\u043b\u044f \u043c\u043b\u0430\u0434\u0435\u043d\u0446\u0435\u0432, Lamamistoolid ja kiiged, Beebipood","isPartOf":{"@id":"https:\/\/beebipood.ee\/ru\/#website"},"primaryImageOfPage":{"@id":"https:\/\/beebipood.ee\/ru\/produkt\/cam-gironanna-evo-beebikiik-coniglio\/#primaryimage"},"image":{"@id":"https:\/\/beebipood.ee\/ru\/produkt\/cam-gironanna-evo-beebikiik-coniglio\/#primaryimage"},"thumbnailUrl":"https:\/\/beebipood.ee\/wp-content\/uploads\/2013\/09\/Cam-Gironanna-Evo-beebikiik-Coniglio-SOODUSPAKKUMISED-Beebi-ja-lastetarbed-Lamamistoolid-ja-kiiged_1-b35.jpg","datePublished":"2013-09-02T10:54:08+00:00","dateModified":"2025-01-09T08:52:07+00:00","description":"Cam Gironanna Evo beebikiik, Coniglio, Lihtne ja praktiline beebikiik Cam Gironanna, mis on m&otilde;eldud lastele kaaluga 0-9kg. &lt;span style=&quot;te","breadcrumb":{"@id":"https:\/\/beebipood.ee\/ru\/produkt\/cam-gironanna-evo-beebikiik-coniglio\/#breadcrumb"},"inLanguage":"ru-RU","potentialAction":[{"@type":"ReadAction","target":["https:\/\/beebipood.ee\/ru\/produkt\/cam-gironanna-evo-beebikiik-coniglio\/"]}]},{"@type":"ImageObject","inLanguage":"ru-RU","@id":"https:\/\/beebipood.ee\/ru\/produkt\/cam-gironanna-evo-beebikiik-coniglio\/#primaryimage","url":"https:\/\/beebipood.ee\/wp-content\/uploads\/2013\/09\/Cam-Gironanna-Evo-beebikiik-Coniglio-SOODUSPAKKUMISED-Beebi-ja-lastetarbed-Lamamistoolid-ja-kiiged_1-b35.jpg","contentUrl":"https:\/\/beebipood.ee\/wp-content\/uploads\/2013\/09\/Cam-Gironanna-Evo-beebikiik-Coniglio-SOODUSPAKKUMISED-Beebi-ja-lastetarbed-Lamamistoolid-ja-kiiged_1-b35.jpg","width":1050,"height":1200},{"@type":"BreadcrumbList","@id":"https:\/\/beebipood.ee\/ru\/produkt\/cam-gironanna-evo-beebikiik-coniglio\/#breadcrumb","itemListElement":[{"@type":"ListItem","position":1,"name":"Home","item":"https:\/\/beebipood.ee\/ru\/"},{"@type":"ListItem","position":2,"name":"\u041a\u0430\u0442\u0430\u043b\u043e\u0433 \u0442\u043e\u0432\u0430\u0440\u043e\u0432","item":"https:\/\/beebipood.ee\/tooted\/"},{"@type":"ListItem","position":3,"name":"Cam Gironanna Evo beebikiik, Coniglio"}]},{"@type":"WebSite","@id":"https:\/\/beebipood.ee\/ru\/#website","url":"https:\/\/beebipood.ee\/ru\/","name":"Beebipood","description":"Lastekaubad, beebikaubad, m\u00e4nguasjad","publisher":{"@id":"https:\/\/beebipood.ee\/ru\/#organization"},"potentialAction":[{"@type":"SearchAction","target":{"@type":"EntryPoint","urlTemplate":"https:\/\/beebipood.ee\/ru\/?s={search_term_string}"},"query-input":{"@type":"PropertyValueSpecification","valueRequired":true,"valueName":"search_term_string"}}],"inLanguage":"ru-RU"},{"@type":"Organization","@id":"https:\/\/beebipood.ee\/ru\/#organization","name":"Beebipood","url":"https:\/\/beebipood.ee\/ru\/","logo":{"@type":"ImageObject","inLanguage":"ru-RU","@id":"https:\/\/beebipood.ee\/ru\/#\/schema\/logo\/image\/","url":"https:\/\/beebipood.ee\/wp-content\/uploads\/2025\/03\/beebipood.ee-logo-1.svg","contentUrl":"https:\/\/beebipood.ee\/wp-content\/uploads\/2025\/03\/beebipood.ee-logo-1.svg","caption":"Beebipood"},"image":{"@id":"https:\/\/beebipood.ee\/ru\/#\/schema\/logo\/image\/"}}]}},"brands":[{"id":11970,"name":"CAM","slug":"cam-ru"}],"_links":{"self":[{"href":"https:\/\/beebipood.ee\/ru\/wp-json\/wp\/v2\/product\/454744","targetHints":{"allow":["GET"]}}],"collection":[{"href":"https:\/\/beebipood.ee\/ru\/wp-json\/wp\/v2\/product"}],"about":[{"href":"https:\/\/beebipood.ee\/ru\/wp-json\/wp\/v2\/types\/product"}],"wp:featuredmedia":[{"embeddable":true,"href":"https:\/\/beebipood.ee\/ru\/wp-json\/wp\/v2\/media\/101488"}],"wp:attachment":[{"href":"https:\/\/beebipood.ee\/ru\/wp-json\/wp\/v2\/media?parent=454744"}],"wp:term":[{"taxonomy":"pwb-brand","embeddable":true,"href":"https:\/\/beebipood.ee\/ru\/wp-json\/wp\/v2\/pwb-brand?post=454744"},{"taxonomy":"product_brand","embeddable":true,"href":"https:\/\/beebipood.ee\/ru\/wp-json\/wp\/v2\/product_brand?post=454744"},{"taxonomy":"product_cat","embeddable":true,"href":"https:\/\/beebipood.ee\/ru\/wp-json\/wp\/v2\/product_cat?post=454744"},{"taxonomy":"product_tag","embeddable":true,"href":"https:\/\/beebipood.ee\/ru\/wp-json\/wp\/v2\/product_tag?post=454744"}],"curies":[{"name":"wp","href":"https:\/\/api.w.org\/{rel}","templated":true}]}}