{"id":454758,"date":"2013-09-02T13:54:16","date_gmt":"2013-09-02T10:54:16","guid":{"rendered":"https:\/\/beebipood.ee\/toode\/babydan-universaalne-joogitopsihoidja\/"},"modified":"2025-01-09T10:52:07","modified_gmt":"2025-01-09T08:52:07","slug":"babydan-universaalne-joogitopsihoidja","status":"publish","type":"product","link":"https:\/\/beebipood.ee\/ru\/produkt\/babydan-universaalne-joogitopsihoidja\/","title":{"rendered":"BabyDan universaalne joogitopsihoidja"},"content":{"rendered":"<p>BabyDan joogitopsihoidja on t\u00e4ielikult reguleeritav <br \/>ja sobib igale lapsevankrile v\u00f5i jalutusk\u00e4rule.<br \/>T\u00e4nu innovaatilisele disainile on seda \u00e4\u00e4rmiselt lihtne kinnitada ja eemaldada.<br \/>T\u00e4ielikult reguleeritav<br \/>Lihtne kinnitada ja eemaldada<br \/>Lapiga puhastatav<br \/>Kummist pinnaga haarats<br \/>Sobib k\u00f5igile lapsevankritele v\u00f5i jalutusk\u00e4rudele<\/p>\n","protected":false},"excerpt":{"rendered":"<p>BabyDan joogitopsihoidja on t\u00e4ielikult reguleeritav ja sobib igale lapsevankrile v\u00f5i jalutusk\u00e4rule.T\u00e4nu innovaatilisele disainile on seda \u00e4\u00e4rmiselt lihtne kinnitada ja eemaldada.T\u00e4ielikult reguleeritavLihtne kinnitada ja eemaldadaLapiga puhastatavKummist pinnaga haaratsSobib k\u00f5igile lapsevankritele v\u00f5i jalutusk\u00e4rudele<\/p>\n","protected":false},"featured_media":101513,"template":"","meta":{"_acf_changed":false},"pwb-brand":[11971],"product_brand":[],"product_cat":[11725,11717],"product_tag":[],"class_list":{"0":"post-454758","1":"product","2":"type-product","3":"status-publish","4":"has-post-thumbnail","6":"pwb-brand-babydan-ru","7":"product_cat-lisatarvikud-ru","8":"product_cat-lastevankrid-ja-karud-ru","9":"pa_manufacturer-babydan-ru","11":"first","12":"onbackorder","13":"taxable","14":"shipping-taxable","15":"purchasable","16":"product-type-simple"},"exclude_global_add_ons":[],"addons":[],"acf":[],"yoast_head":"<!-- This site is optimized with the Yoast SEO plugin v27.1.1 - https:\/\/yoast.com\/product\/yoast-seo-wordpress\/ -->\n<title>BabyDan universaalne joogitopsihoidja, \u041a\u043e\u043b\u044f\u0441\u043a\u0438, \u041f\u0440\u0438\u043d\u0430\u0434\u043b\u0435\u0436\u043d\u043e\u0441\u0442\u0438, Beebipood<\/title>\n<meta name=\"description\" content=\"BabyDan universaalne joogitopsihoidja, BabyDan joogitopsihoidja on t&auml;ielikult reguleeritav ja sobib igale lapsevankrile v&otilde;i jalutusk&auml;r\" \/>\n<meta name=\"robots\" content=\"index, follow, max-snippet:-1, max-image-preview:large, max-video-preview:-1\" \/>\n<link rel=\"canonical\" href=\"https:\/\/beebipood.ee\/ru\/produkt\/babydan-universaalne-joogitopsihoidja\/\" \/>\n<meta property=\"og:locale\" content=\"ru_RU\" \/>\n<meta property=\"og:type\" content=\"article\" \/>\n<meta property=\"og:title\" content=\"BabyDan universaalne joogitopsihoidja, \u041a\u043e\u043b\u044f\u0441\u043a\u0438, \u041f\u0440\u0438\u043d\u0430\u0434\u043b\u0435\u0436\u043d\u043e\u0441\u0442\u0438, Beebipood\" \/>\n<meta property=\"og:description\" content=\"BabyDan universaalne joogitopsihoidja, BabyDan joogitopsihoidja on t&auml;ielikult reguleeritav ja sobib igale lapsevankrile v&otilde;i jalutusk&auml;r\" \/>\n<meta property=\"og:url\" content=\"https:\/\/beebipood.ee\/ru\/produkt\/babydan-universaalne-joogitopsihoidja\/\" \/>\n<meta property=\"og:site_name\" content=\"Beebipood\" \/>\n<meta property=\"article:modified_time\" content=\"2025-01-09T08:52:07+00:00\" \/>\n<meta property=\"og:image\" content=\"https:\/\/beebipood.ee\/wp-content\/uploads\/2013\/09\/BabyDan-universaalne-joogitopsihoidja-Lastevankrid-ja-karud-Lisavarustus-_1-9bd.jpg\" \/>\n\t<meta property=\"og:image:width\" content=\"706\" \/>\n\t<meta property=\"og:image:height\" content=\"900\" \/>\n\t<meta property=\"og:image:type\" content=\"image\/jpeg\" \/>\n<meta name=\"twitter:card\" content=\"summary_large_image\" \/>\n<script type=\"application\/ld+json\" class=\"yoast-schema-graph\">{\"@context\":\"https:\/\/schema.org\",\"@graph\":[{\"@type\":\"WebPage\",\"@id\":\"https:\/\/beebipood.ee\/ru\/produkt\/babydan-universaalne-joogitopsihoidja\/\",\"url\":\"https:\/\/beebipood.ee\/ru\/produkt\/babydan-universaalne-joogitopsihoidja\/\",\"name\":\"BabyDan universaalne joogitopsihoidja, \u041a\u043e\u043b\u044f\u0441\u043a\u0438, \u041f\u0440\u0438\u043d\u0430\u0434\u043b\u0435\u0436\u043d\u043e\u0441\u0442\u0438, Beebipood\",\"isPartOf\":{\"@id\":\"https:\/\/beebipood.ee\/ru\/#website\"},\"primaryImageOfPage\":{\"@id\":\"https:\/\/beebipood.ee\/ru\/produkt\/babydan-universaalne-joogitopsihoidja\/#primaryimage\"},\"image\":{\"@id\":\"https:\/\/beebipood.ee\/ru\/produkt\/babydan-universaalne-joogitopsihoidja\/#primaryimage\"},\"thumbnailUrl\":\"https:\/\/beebipood.ee\/wp-content\/uploads\/2013\/09\/BabyDan-universaalne-joogitopsihoidja-Lastevankrid-ja-karud-Lisavarustus-_1-9bd.jpg\",\"datePublished\":\"2013-09-02T10:54:16+00:00\",\"dateModified\":\"2025-01-09T08:52:07+00:00\",\"description\":\"BabyDan universaalne joogitopsihoidja, BabyDan joogitopsihoidja on t&auml;ielikult reguleeritav ja sobib igale lapsevankrile v&otilde;i jalutusk&auml;r\",\"breadcrumb\":{\"@id\":\"https:\/\/beebipood.ee\/ru\/produkt\/babydan-universaalne-joogitopsihoidja\/#breadcrumb\"},\"inLanguage\":\"ru-RU\",\"potentialAction\":[{\"@type\":\"ReadAction\",\"target\":[\"https:\/\/beebipood.ee\/ru\/produkt\/babydan-universaalne-joogitopsihoidja\/\"]}]},{\"@type\":\"ImageObject\",\"inLanguage\":\"ru-RU\",\"@id\":\"https:\/\/beebipood.ee\/ru\/produkt\/babydan-universaalne-joogitopsihoidja\/#primaryimage\",\"url\":\"https:\/\/beebipood.ee\/wp-content\/uploads\/2013\/09\/BabyDan-universaalne-joogitopsihoidja-Lastevankrid-ja-karud-Lisavarustus-_1-9bd.jpg\",\"contentUrl\":\"https:\/\/beebipood.ee\/wp-content\/uploads\/2013\/09\/BabyDan-universaalne-joogitopsihoidja-Lastevankrid-ja-karud-Lisavarustus-_1-9bd.jpg\",\"width\":706,\"height\":900},{\"@type\":\"BreadcrumbList\",\"@id\":\"https:\/\/beebipood.ee\/ru\/produkt\/babydan-universaalne-joogitopsihoidja\/#breadcrumb\",\"itemListElement\":[{\"@type\":\"ListItem\",\"position\":1,\"name\":\"Home\",\"item\":\"https:\/\/beebipood.ee\/ru\/\"},{\"@type\":\"ListItem\",\"position\":2,\"name\":\"\u041a\u0430\u0442\u0430\u043b\u043e\u0433 \u0442\u043e\u0432\u0430\u0440\u043e\u0432\",\"item\":\"https:\/\/beebipood.ee\/tooted\/\"},{\"@type\":\"ListItem\",\"position\":3,\"name\":\"BabyDan universaalne joogitopsihoidja\"}]},{\"@type\":\"WebSite\",\"@id\":\"https:\/\/beebipood.ee\/ru\/#website\",\"url\":\"https:\/\/beebipood.ee\/ru\/\",\"name\":\"Beebipood\",\"description\":\"Lastekaubad, beebikaubad, m\u00e4nguasjad\",\"publisher\":{\"@id\":\"https:\/\/beebipood.ee\/ru\/#organization\"},\"potentialAction\":[{\"@type\":\"SearchAction\",\"target\":{\"@type\":\"EntryPoint\",\"urlTemplate\":\"https:\/\/beebipood.ee\/ru\/?s={search_term_string}\"},\"query-input\":{\"@type\":\"PropertyValueSpecification\",\"valueRequired\":true,\"valueName\":\"search_term_string\"}}],\"inLanguage\":\"ru-RU\"},{\"@type\":\"Organization\",\"@id\":\"https:\/\/beebipood.ee\/ru\/#organization\",\"name\":\"Beebipood\",\"url\":\"https:\/\/beebipood.ee\/ru\/\",\"logo\":{\"@type\":\"ImageObject\",\"inLanguage\":\"ru-RU\",\"@id\":\"https:\/\/beebipood.ee\/ru\/#\/schema\/logo\/image\/\",\"url\":\"https:\/\/beebipood.ee\/wp-content\/uploads\/2025\/03\/beebipood.ee-logo-1.svg\",\"contentUrl\":\"https:\/\/beebipood.ee\/wp-content\/uploads\/2025\/03\/beebipood.ee-logo-1.svg\",\"caption\":\"Beebipood\"},\"image\":{\"@id\":\"https:\/\/beebipood.ee\/ru\/#\/schema\/logo\/image\/\"}}]}<\/script>\n<!-- \/ Yoast SEO plugin. -->","yoast_head_json":{"title":"BabyDan universaalne joogitopsihoidja, \u041a\u043e\u043b\u044f\u0441\u043a\u0438, \u041f\u0440\u0438\u043d\u0430\u0434\u043b\u0435\u0436\u043d\u043e\u0441\u0442\u0438, Beebipood","description":"BabyDan universaalne joogitopsihoidja, BabyDan joogitopsihoidja on t&auml;ielikult reguleeritav ja sobib igale lapsevankrile v&otilde;i jalutusk&auml;r","robots":{"index":"index","follow":"follow","max-snippet":"max-snippet:-1","max-image-preview":"max-image-preview:large","max-video-preview":"max-video-preview:-1"},"canonical":"https:\/\/beebipood.ee\/ru\/produkt\/babydan-universaalne-joogitopsihoidja\/","og_locale":"ru_RU","og_type":"article","og_title":"BabyDan universaalne joogitopsihoidja, \u041a\u043e\u043b\u044f\u0441\u043a\u0438, \u041f\u0440\u0438\u043d\u0430\u0434\u043b\u0435\u0436\u043d\u043e\u0441\u0442\u0438, Beebipood","og_description":"BabyDan universaalne joogitopsihoidja, BabyDan joogitopsihoidja on t&auml;ielikult reguleeritav ja sobib igale lapsevankrile v&otilde;i jalutusk&auml;r","og_url":"https:\/\/beebipood.ee\/ru\/produkt\/babydan-universaalne-joogitopsihoidja\/","og_site_name":"Beebipood","article_modified_time":"2025-01-09T08:52:07+00:00","og_image":[{"width":706,"height":900,"url":"https:\/\/beebipood.ee\/wp-content\/uploads\/2013\/09\/BabyDan-universaalne-joogitopsihoidja-Lastevankrid-ja-karud-Lisavarustus-_1-9bd.jpg","type":"image\/jpeg"}],"twitter_card":"summary_large_image","schema":{"@context":"https:\/\/schema.org","@graph":[{"@type":"WebPage","@id":"https:\/\/beebipood.ee\/ru\/produkt\/babydan-universaalne-joogitopsihoidja\/","url":"https:\/\/beebipood.ee\/ru\/produkt\/babydan-universaalne-joogitopsihoidja\/","name":"BabyDan universaalne joogitopsihoidja, \u041a\u043e\u043b\u044f\u0441\u043a\u0438, \u041f\u0440\u0438\u043d\u0430\u0434\u043b\u0435\u0436\u043d\u043e\u0441\u0442\u0438, Beebipood","isPartOf":{"@id":"https:\/\/beebipood.ee\/ru\/#website"},"primaryImageOfPage":{"@id":"https:\/\/beebipood.ee\/ru\/produkt\/babydan-universaalne-joogitopsihoidja\/#primaryimage"},"image":{"@id":"https:\/\/beebipood.ee\/ru\/produkt\/babydan-universaalne-joogitopsihoidja\/#primaryimage"},"thumbnailUrl":"https:\/\/beebipood.ee\/wp-content\/uploads\/2013\/09\/BabyDan-universaalne-joogitopsihoidja-Lastevankrid-ja-karud-Lisavarustus-_1-9bd.jpg","datePublished":"2013-09-02T10:54:16+00:00","dateModified":"2025-01-09T08:52:07+00:00","description":"BabyDan universaalne joogitopsihoidja, BabyDan joogitopsihoidja on t&auml;ielikult reguleeritav ja sobib igale lapsevankrile v&otilde;i jalutusk&auml;r","breadcrumb":{"@id":"https:\/\/beebipood.ee\/ru\/produkt\/babydan-universaalne-joogitopsihoidja\/#breadcrumb"},"inLanguage":"ru-RU","potentialAction":[{"@type":"ReadAction","target":["https:\/\/beebipood.ee\/ru\/produkt\/babydan-universaalne-joogitopsihoidja\/"]}]},{"@type":"ImageObject","inLanguage":"ru-RU","@id":"https:\/\/beebipood.ee\/ru\/produkt\/babydan-universaalne-joogitopsihoidja\/#primaryimage","url":"https:\/\/beebipood.ee\/wp-content\/uploads\/2013\/09\/BabyDan-universaalne-joogitopsihoidja-Lastevankrid-ja-karud-Lisavarustus-_1-9bd.jpg","contentUrl":"https:\/\/beebipood.ee\/wp-content\/uploads\/2013\/09\/BabyDan-universaalne-joogitopsihoidja-Lastevankrid-ja-karud-Lisavarustus-_1-9bd.jpg","width":706,"height":900},{"@type":"BreadcrumbList","@id":"https:\/\/beebipood.ee\/ru\/produkt\/babydan-universaalne-joogitopsihoidja\/#breadcrumb","itemListElement":[{"@type":"ListItem","position":1,"name":"Home","item":"https:\/\/beebipood.ee\/ru\/"},{"@type":"ListItem","position":2,"name":"\u041a\u0430\u0442\u0430\u043b\u043e\u0433 \u0442\u043e\u0432\u0430\u0440\u043e\u0432","item":"https:\/\/beebipood.ee\/tooted\/"},{"@type":"ListItem","position":3,"name":"BabyDan universaalne joogitopsihoidja"}]},{"@type":"WebSite","@id":"https:\/\/beebipood.ee\/ru\/#website","url":"https:\/\/beebipood.ee\/ru\/","name":"Beebipood","description":"Lastekaubad, beebikaubad, m\u00e4nguasjad","publisher":{"@id":"https:\/\/beebipood.ee\/ru\/#organization"},"potentialAction":[{"@type":"SearchAction","target":{"@type":"EntryPoint","urlTemplate":"https:\/\/beebipood.ee\/ru\/?s={search_term_string}"},"query-input":{"@type":"PropertyValueSpecification","valueRequired":true,"valueName":"search_term_string"}}],"inLanguage":"ru-RU"},{"@type":"Organization","@id":"https:\/\/beebipood.ee\/ru\/#organization","name":"Beebipood","url":"https:\/\/beebipood.ee\/ru\/","logo":{"@type":"ImageObject","inLanguage":"ru-RU","@id":"https:\/\/beebipood.ee\/ru\/#\/schema\/logo\/image\/","url":"https:\/\/beebipood.ee\/wp-content\/uploads\/2025\/03\/beebipood.ee-logo-1.svg","contentUrl":"https:\/\/beebipood.ee\/wp-content\/uploads\/2025\/03\/beebipood.ee-logo-1.svg","caption":"Beebipood"},"image":{"@id":"https:\/\/beebipood.ee\/ru\/#\/schema\/logo\/image\/"}}]}},"brands":[{"id":11971,"name":"BabyDan","slug":"babydan-ru"}],"_links":{"self":[{"href":"https:\/\/beebipood.ee\/ru\/wp-json\/wp\/v2\/product\/454758","targetHints":{"allow":["GET"]}}],"collection":[{"href":"https:\/\/beebipood.ee\/ru\/wp-json\/wp\/v2\/product"}],"about":[{"href":"https:\/\/beebipood.ee\/ru\/wp-json\/wp\/v2\/types\/product"}],"wp:featuredmedia":[{"embeddable":true,"href":"https:\/\/beebipood.ee\/ru\/wp-json\/wp\/v2\/media\/101513"}],"wp:attachment":[{"href":"https:\/\/beebipood.ee\/ru\/wp-json\/wp\/v2\/media?parent=454758"}],"wp:term":[{"taxonomy":"pwb-brand","embeddable":true,"href":"https:\/\/beebipood.ee\/ru\/wp-json\/wp\/v2\/pwb-brand?post=454758"},{"taxonomy":"product_brand","embeddable":true,"href":"https:\/\/beebipood.ee\/ru\/wp-json\/wp\/v2\/product_brand?post=454758"},{"taxonomy":"product_cat","embeddable":true,"href":"https:\/\/beebipood.ee\/ru\/wp-json\/wp\/v2\/product_cat?post=454758"},{"taxonomy":"product_tag","embeddable":true,"href":"https:\/\/beebipood.ee\/ru\/wp-json\/wp\/v2\/product_tag?post=454758"}],"curies":[{"name":"wp","href":"https:\/\/api.w.org\/{rel}","templated":true}]}}