{"id":454762,"date":"2013-09-02T13:54:18","date_gmt":"2013-09-02T10:54:18","guid":{"rendered":"https:\/\/beebipood.ee\/toode\/badabulle-moonlight-mangumatt\/"},"modified":"2025-01-09T10:52:07","modified_gmt":"2025-01-09T08:52:07","slug":"badabulle-moonlight-mangumatt","status":"publish","type":"product","link":"https:\/\/beebipood.ee\/ru\/produkt\/badabulle-moonlight-mangumatt\/","title":{"rendered":"Badabulle Moonlight m\u00e4ngumatt"},"content":{"rendered":"<p>Badabulle m\u00e4ngumatt aitab \u00e4ratada \u00f5rnalt lapse meeli juba esimestest p\u00e4evadest.<br \/>See on ideaalne lisatarvik, mis soodustab lapse arengut.<br \/><span style=\"text-decoration: underline;\">Omadused<\/span><br \/>Soodustab arengut &#8212; laps saab tegeleda m\u00e4nguasjadega, <br \/>mis on m\u00e4ngumati k\u00fcljes ning samuti m\u00e4ngukaarte k\u00fcljes<br \/>Rahustav ja mugav &#8212; luksuslikust pl\u00fc\u00fcsist tegelusmatt sobib alates s\u00fcnnist <br \/>ning pakub lapsele maksimaalset mugavust (paks p\u00f5hi ning k\u00f5rgendatud \u00e4\u00e4red)<br \/>Kohandatav &#8212; m\u00e4ngumati beebisisu on \u00fcmberpaigutatav ja eemaldatav. <br \/>Samuti on m\u00e4nguasjad eemaldatavad ja \u00fcmberpaigutatavad<br \/>Praktiline &#8212; lapse m\u00e4nguasjad saab lihtsasti hoiustada m\u00e4ngumati k\u00fcljes olevasse taskusse. <br \/>Lihtsasti ja kompaktselt kokkupandav<br \/>Lihtsasti puhastatav &#8212; m\u00e4ngumati keskmine osa ning beebisisu on masinpestavad<br \/><span style=\"text-decoration: underline;\">N\u00e4itajad<\/span><br \/>M\u00f5\u00f5dud 100 x 60 x 10cm (pikkus, laius, k\u00f5rgus)<br \/>Materjal: 100% pol\u00fcester<br \/>Kasutamiseks alates s\u00fcnnist<\/p>\n","protected":false},"excerpt":{"rendered":"<p>Badabulle m\u00e4ngumatt aitab \u00e4ratada \u00f5rnalt lapse meeli juba esimestest p\u00e4evadest.See on ideaalne lisatarvik, mis soodustab lapse arengut.OmadusedSoodustab arengut &#8212; laps saab tegeleda m\u00e4nguasjadega, mis on m\u00e4ngumati k\u00fcljes ning samuti m\u00e4ngukaarte k\u00fcljesRahustav ja mugav &#8212; luksuslikust pl\u00fc\u00fcsist tegelusmatt sobib alates s\u00fcnnist ning pakub lapsele maksimaalset mugavust (paks p\u00f5hi ning k\u00f5rgendatud \u00e4\u00e4red)Kohandatav &#8212; m\u00e4ngumati beebisisu on \u00fcmberpaigutatav [&hellip;]<\/p>\n","protected":false},"featured_media":101522,"template":"","meta":{"_acf_changed":false},"pwb-brand":[],"product_brand":[],"product_cat":[11669,11709,11789],"product_tag":[],"class_list":{"0":"post-454762","1":"product","2":"type-product","3":"status-publish","4":"has-post-thumbnail","6":"product_cat-muu-sisustus-varia-ru","7":"product_cat-sootmistoolid-beebi-ja-lastetarbed-mahkimine-hugieen-ru","8":"product_cat-lastemoobel-ja-sisustus-ru","10":"first","11":"onbackorder","12":"sale","13":"taxable","14":"shipping-taxable","15":"purchasable","16":"product-type-simple"},"exclude_global_add_ons":[],"addons":[],"acf":[],"yoast_head":"<!-- This site is optimized with the Yoast SEO plugin v27.1.1 - https:\/\/yoast.com\/product\/yoast-seo-wordpress\/ -->\n<title>Badabulle Moonlight m\u00e4ngumatt , \u041d\u041e\u0412\u042b\u0415 \u0422\u041e\u0412\u0410\u0420\u042b, \u0414\u0440\u0443\u0433\u0430\u044f \u043c\u0435\u0431\u0435\u043b\u044c, \u041f\u0440\u0438\u043d\u0430\u0434\u043b\u0435\u0436\u043d\u043e\u0441\u0442\u0438 \u0434\u043b\u044f \u043c\u043b\u0430\u0434\u0435\u043d\u0446\u0435\u0432, M\u0435\u0431\u0435\u043b\u044c, Beebipood<\/title>\n<meta name=\"description\" content=\"Badabulle Moonlight m\u00e4ngumatt , Badabulle m&auml;ngumatt aitab &auml;ratada &otilde;rnalt lapse meeli juba esimestest p&auml;evadest.See on ideaalne l\" \/>\n<meta name=\"robots\" content=\"index, follow, max-snippet:-1, max-image-preview:large, max-video-preview:-1\" \/>\n<link rel=\"canonical\" href=\"https:\/\/beebipood.ee\/ru\/produkt\/badabulle-moonlight-mangumatt\/\" \/>\n<meta property=\"og:locale\" content=\"ru_RU\" \/>\n<meta property=\"og:type\" content=\"article\" \/>\n<meta property=\"og:title\" content=\"Badabulle Moonlight m\u00e4ngumatt , \u041d\u041e\u0412\u042b\u0415 \u0422\u041e\u0412\u0410\u0420\u042b, \u0414\u0440\u0443\u0433\u0430\u044f \u043c\u0435\u0431\u0435\u043b\u044c, \u041f\u0440\u0438\u043d\u0430\u0434\u043b\u0435\u0436\u043d\u043e\u0441\u0442\u0438 \u0434\u043b\u044f \u043c\u043b\u0430\u0434\u0435\u043d\u0446\u0435\u0432, M\u0435\u0431\u0435\u043b\u044c, Beebipood\" \/>\n<meta property=\"og:description\" content=\"Badabulle Moonlight m\u00e4ngumatt , Badabulle m&auml;ngumatt aitab &auml;ratada &otilde;rnalt lapse meeli juba esimestest p&auml;evadest.See on ideaalne l\" \/>\n<meta property=\"og:url\" content=\"https:\/\/beebipood.ee\/ru\/produkt\/badabulle-moonlight-mangumatt\/\" \/>\n<meta property=\"og:site_name\" content=\"Beebipood\" \/>\n<meta property=\"article:modified_time\" content=\"2025-01-09T08:52:07+00:00\" \/>\n<meta property=\"og:image\" content=\"https:\/\/beebipood.ee\/wp-content\/uploads\/2013\/09\/Badabulle-Moonlight-mangumatt-Turvatoolid-hallid-Turvatoolid-925-kg-Turvavarustus_1-076.jpg\" \/>\n\t<meta property=\"og:image:width\" content=\"1000\" \/>\n\t<meta property=\"og:image:height\" content=\"1000\" \/>\n\t<meta property=\"og:image:type\" content=\"image\/jpeg\" \/>\n<meta name=\"twitter:card\" content=\"summary_large_image\" \/>\n<meta name=\"twitter:label1\" content=\"\u041f\u0440\u0438\u043c\u0435\u0440\u043d\u043e\u0435 \u0432\u0440\u0435\u043c\u044f \u0434\u043b\u044f \u0447\u0442\u0435\u043d\u0438\u044f\" \/>\n\t<meta name=\"twitter:data1\" content=\"1 \u043c\u0438\u043d\u0443\u0442\u0430\" \/>\n<script type=\"application\/ld+json\" class=\"yoast-schema-graph\">{\"@context\":\"https:\/\/schema.org\",\"@graph\":[{\"@type\":\"WebPage\",\"@id\":\"https:\/\/beebipood.ee\/ru\/produkt\/badabulle-moonlight-mangumatt\/\",\"url\":\"https:\/\/beebipood.ee\/ru\/produkt\/badabulle-moonlight-mangumatt\/\",\"name\":\"Badabulle Moonlight m\u00e4ngumatt , \u041d\u041e\u0412\u042b\u0415 \u0422\u041e\u0412\u0410\u0420\u042b, \u0414\u0440\u0443\u0433\u0430\u044f \u043c\u0435\u0431\u0435\u043b\u044c, \u041f\u0440\u0438\u043d\u0430\u0434\u043b\u0435\u0436\u043d\u043e\u0441\u0442\u0438 \u0434\u043b\u044f \u043c\u043b\u0430\u0434\u0435\u043d\u0446\u0435\u0432, M\u0435\u0431\u0435\u043b\u044c, Beebipood\",\"isPartOf\":{\"@id\":\"https:\/\/beebipood.ee\/ru\/#website\"},\"primaryImageOfPage\":{\"@id\":\"https:\/\/beebipood.ee\/ru\/produkt\/badabulle-moonlight-mangumatt\/#primaryimage\"},\"image\":{\"@id\":\"https:\/\/beebipood.ee\/ru\/produkt\/badabulle-moonlight-mangumatt\/#primaryimage\"},\"thumbnailUrl\":\"https:\/\/beebipood.ee\/wp-content\/uploads\/2013\/09\/Badabulle-Moonlight-mangumatt-Turvatoolid-hallid-Turvatoolid-925-kg-Turvavarustus_1-076.jpg\",\"datePublished\":\"2013-09-02T10:54:18+00:00\",\"dateModified\":\"2025-01-09T08:52:07+00:00\",\"description\":\"Badabulle Moonlight m\u00e4ngumatt , Badabulle m&auml;ngumatt aitab &auml;ratada &otilde;rnalt lapse meeli juba esimestest p&auml;evadest.See on ideaalne l\",\"breadcrumb\":{\"@id\":\"https:\/\/beebipood.ee\/ru\/produkt\/badabulle-moonlight-mangumatt\/#breadcrumb\"},\"inLanguage\":\"ru-RU\",\"potentialAction\":[{\"@type\":\"ReadAction\",\"target\":[\"https:\/\/beebipood.ee\/ru\/produkt\/badabulle-moonlight-mangumatt\/\"]}]},{\"@type\":\"ImageObject\",\"inLanguage\":\"ru-RU\",\"@id\":\"https:\/\/beebipood.ee\/ru\/produkt\/badabulle-moonlight-mangumatt\/#primaryimage\",\"url\":\"https:\/\/beebipood.ee\/wp-content\/uploads\/2013\/09\/Badabulle-Moonlight-mangumatt-Turvatoolid-hallid-Turvatoolid-925-kg-Turvavarustus_1-076.jpg\",\"contentUrl\":\"https:\/\/beebipood.ee\/wp-content\/uploads\/2013\/09\/Badabulle-Moonlight-mangumatt-Turvatoolid-hallid-Turvatoolid-925-kg-Turvavarustus_1-076.jpg\",\"width\":1000,\"height\":1000},{\"@type\":\"BreadcrumbList\",\"@id\":\"https:\/\/beebipood.ee\/ru\/produkt\/badabulle-moonlight-mangumatt\/#breadcrumb\",\"itemListElement\":[{\"@type\":\"ListItem\",\"position\":1,\"name\":\"Home\",\"item\":\"https:\/\/beebipood.ee\/ru\/\"},{\"@type\":\"ListItem\",\"position\":2,\"name\":\"\u041a\u0430\u0442\u0430\u043b\u043e\u0433 \u0442\u043e\u0432\u0430\u0440\u043e\u0432\",\"item\":\"https:\/\/beebipood.ee\/tooted\/\"},{\"@type\":\"ListItem\",\"position\":3,\"name\":\"Badabulle Moonlight m\u00e4ngumatt\"}]},{\"@type\":\"WebSite\",\"@id\":\"https:\/\/beebipood.ee\/ru\/#website\",\"url\":\"https:\/\/beebipood.ee\/ru\/\",\"name\":\"Beebipood\",\"description\":\"Lastekaubad, beebikaubad, m\u00e4nguasjad\",\"publisher\":{\"@id\":\"https:\/\/beebipood.ee\/ru\/#organization\"},\"potentialAction\":[{\"@type\":\"SearchAction\",\"target\":{\"@type\":\"EntryPoint\",\"urlTemplate\":\"https:\/\/beebipood.ee\/ru\/?s={search_term_string}\"},\"query-input\":{\"@type\":\"PropertyValueSpecification\",\"valueRequired\":true,\"valueName\":\"search_term_string\"}}],\"inLanguage\":\"ru-RU\"},{\"@type\":\"Organization\",\"@id\":\"https:\/\/beebipood.ee\/ru\/#organization\",\"name\":\"Beebipood\",\"url\":\"https:\/\/beebipood.ee\/ru\/\",\"logo\":{\"@type\":\"ImageObject\",\"inLanguage\":\"ru-RU\",\"@id\":\"https:\/\/beebipood.ee\/ru\/#\/schema\/logo\/image\/\",\"url\":\"https:\/\/beebipood.ee\/wp-content\/uploads\/2025\/03\/beebipood.ee-logo-1.svg\",\"contentUrl\":\"https:\/\/beebipood.ee\/wp-content\/uploads\/2025\/03\/beebipood.ee-logo-1.svg\",\"caption\":\"Beebipood\"},\"image\":{\"@id\":\"https:\/\/beebipood.ee\/ru\/#\/schema\/logo\/image\/\"}}]}<\/script>\n<!-- \/ Yoast SEO plugin. -->","yoast_head_json":{"title":"Badabulle Moonlight m\u00e4ngumatt , \u041d\u041e\u0412\u042b\u0415 \u0422\u041e\u0412\u0410\u0420\u042b, \u0414\u0440\u0443\u0433\u0430\u044f \u043c\u0435\u0431\u0435\u043b\u044c, \u041f\u0440\u0438\u043d\u0430\u0434\u043b\u0435\u0436\u043d\u043e\u0441\u0442\u0438 \u0434\u043b\u044f \u043c\u043b\u0430\u0434\u0435\u043d\u0446\u0435\u0432, M\u0435\u0431\u0435\u043b\u044c, Beebipood","description":"Badabulle Moonlight m\u00e4ngumatt , Badabulle m&auml;ngumatt aitab &auml;ratada &otilde;rnalt lapse meeli juba esimestest p&auml;evadest.See on ideaalne l","robots":{"index":"index","follow":"follow","max-snippet":"max-snippet:-1","max-image-preview":"max-image-preview:large","max-video-preview":"max-video-preview:-1"},"canonical":"https:\/\/beebipood.ee\/ru\/produkt\/badabulle-moonlight-mangumatt\/","og_locale":"ru_RU","og_type":"article","og_title":"Badabulle Moonlight m\u00e4ngumatt , \u041d\u041e\u0412\u042b\u0415 \u0422\u041e\u0412\u0410\u0420\u042b, \u0414\u0440\u0443\u0433\u0430\u044f \u043c\u0435\u0431\u0435\u043b\u044c, \u041f\u0440\u0438\u043d\u0430\u0434\u043b\u0435\u0436\u043d\u043e\u0441\u0442\u0438 \u0434\u043b\u044f \u043c\u043b\u0430\u0434\u0435\u043d\u0446\u0435\u0432, M\u0435\u0431\u0435\u043b\u044c, Beebipood","og_description":"Badabulle Moonlight m\u00e4ngumatt , Badabulle m&auml;ngumatt aitab &auml;ratada &otilde;rnalt lapse meeli juba esimestest p&auml;evadest.See on ideaalne l","og_url":"https:\/\/beebipood.ee\/ru\/produkt\/badabulle-moonlight-mangumatt\/","og_site_name":"Beebipood","article_modified_time":"2025-01-09T08:52:07+00:00","og_image":[{"width":1000,"height":1000,"url":"https:\/\/beebipood.ee\/wp-content\/uploads\/2013\/09\/Badabulle-Moonlight-mangumatt-Turvatoolid-hallid-Turvatoolid-925-kg-Turvavarustus_1-076.jpg","type":"image\/jpeg"}],"twitter_card":"summary_large_image","twitter_misc":{"\u041f\u0440\u0438\u043c\u0435\u0440\u043d\u043e\u0435 \u0432\u0440\u0435\u043c\u044f \u0434\u043b\u044f \u0447\u0442\u0435\u043d\u0438\u044f":"1 \u043c\u0438\u043d\u0443\u0442\u0430"},"schema":{"@context":"https:\/\/schema.org","@graph":[{"@type":"WebPage","@id":"https:\/\/beebipood.ee\/ru\/produkt\/badabulle-moonlight-mangumatt\/","url":"https:\/\/beebipood.ee\/ru\/produkt\/badabulle-moonlight-mangumatt\/","name":"Badabulle Moonlight m\u00e4ngumatt , \u041d\u041e\u0412\u042b\u0415 \u0422\u041e\u0412\u0410\u0420\u042b, \u0414\u0440\u0443\u0433\u0430\u044f \u043c\u0435\u0431\u0435\u043b\u044c, \u041f\u0440\u0438\u043d\u0430\u0434\u043b\u0435\u0436\u043d\u043e\u0441\u0442\u0438 \u0434\u043b\u044f \u043c\u043b\u0430\u0434\u0435\u043d\u0446\u0435\u0432, M\u0435\u0431\u0435\u043b\u044c, Beebipood","isPartOf":{"@id":"https:\/\/beebipood.ee\/ru\/#website"},"primaryImageOfPage":{"@id":"https:\/\/beebipood.ee\/ru\/produkt\/badabulle-moonlight-mangumatt\/#primaryimage"},"image":{"@id":"https:\/\/beebipood.ee\/ru\/produkt\/badabulle-moonlight-mangumatt\/#primaryimage"},"thumbnailUrl":"https:\/\/beebipood.ee\/wp-content\/uploads\/2013\/09\/Badabulle-Moonlight-mangumatt-Turvatoolid-hallid-Turvatoolid-925-kg-Turvavarustus_1-076.jpg","datePublished":"2013-09-02T10:54:18+00:00","dateModified":"2025-01-09T08:52:07+00:00","description":"Badabulle Moonlight m\u00e4ngumatt , Badabulle m&auml;ngumatt aitab &auml;ratada &otilde;rnalt lapse meeli juba esimestest p&auml;evadest.See on ideaalne l","breadcrumb":{"@id":"https:\/\/beebipood.ee\/ru\/produkt\/badabulle-moonlight-mangumatt\/#breadcrumb"},"inLanguage":"ru-RU","potentialAction":[{"@type":"ReadAction","target":["https:\/\/beebipood.ee\/ru\/produkt\/badabulle-moonlight-mangumatt\/"]}]},{"@type":"ImageObject","inLanguage":"ru-RU","@id":"https:\/\/beebipood.ee\/ru\/produkt\/badabulle-moonlight-mangumatt\/#primaryimage","url":"https:\/\/beebipood.ee\/wp-content\/uploads\/2013\/09\/Badabulle-Moonlight-mangumatt-Turvatoolid-hallid-Turvatoolid-925-kg-Turvavarustus_1-076.jpg","contentUrl":"https:\/\/beebipood.ee\/wp-content\/uploads\/2013\/09\/Badabulle-Moonlight-mangumatt-Turvatoolid-hallid-Turvatoolid-925-kg-Turvavarustus_1-076.jpg","width":1000,"height":1000},{"@type":"BreadcrumbList","@id":"https:\/\/beebipood.ee\/ru\/produkt\/badabulle-moonlight-mangumatt\/#breadcrumb","itemListElement":[{"@type":"ListItem","position":1,"name":"Home","item":"https:\/\/beebipood.ee\/ru\/"},{"@type":"ListItem","position":2,"name":"\u041a\u0430\u0442\u0430\u043b\u043e\u0433 \u0442\u043e\u0432\u0430\u0440\u043e\u0432","item":"https:\/\/beebipood.ee\/tooted\/"},{"@type":"ListItem","position":3,"name":"Badabulle Moonlight m\u00e4ngumatt"}]},{"@type":"WebSite","@id":"https:\/\/beebipood.ee\/ru\/#website","url":"https:\/\/beebipood.ee\/ru\/","name":"Beebipood","description":"Lastekaubad, beebikaubad, m\u00e4nguasjad","publisher":{"@id":"https:\/\/beebipood.ee\/ru\/#organization"},"potentialAction":[{"@type":"SearchAction","target":{"@type":"EntryPoint","urlTemplate":"https:\/\/beebipood.ee\/ru\/?s={search_term_string}"},"query-input":{"@type":"PropertyValueSpecification","valueRequired":true,"valueName":"search_term_string"}}],"inLanguage":"ru-RU"},{"@type":"Organization","@id":"https:\/\/beebipood.ee\/ru\/#organization","name":"Beebipood","url":"https:\/\/beebipood.ee\/ru\/","logo":{"@type":"ImageObject","inLanguage":"ru-RU","@id":"https:\/\/beebipood.ee\/ru\/#\/schema\/logo\/image\/","url":"https:\/\/beebipood.ee\/wp-content\/uploads\/2025\/03\/beebipood.ee-logo-1.svg","contentUrl":"https:\/\/beebipood.ee\/wp-content\/uploads\/2025\/03\/beebipood.ee-logo-1.svg","caption":"Beebipood"},"image":{"@id":"https:\/\/beebipood.ee\/ru\/#\/schema\/logo\/image\/"}}]}},"brands":[],"_links":{"self":[{"href":"https:\/\/beebipood.ee\/ru\/wp-json\/wp\/v2\/product\/454762","targetHints":{"allow":["GET"]}}],"collection":[{"href":"https:\/\/beebipood.ee\/ru\/wp-json\/wp\/v2\/product"}],"about":[{"href":"https:\/\/beebipood.ee\/ru\/wp-json\/wp\/v2\/types\/product"}],"wp:featuredmedia":[{"embeddable":true,"href":"https:\/\/beebipood.ee\/ru\/wp-json\/wp\/v2\/media\/101522"}],"wp:attachment":[{"href":"https:\/\/beebipood.ee\/ru\/wp-json\/wp\/v2\/media?parent=454762"}],"wp:term":[{"taxonomy":"pwb-brand","embeddable":true,"href":"https:\/\/beebipood.ee\/ru\/wp-json\/wp\/v2\/pwb-brand?post=454762"},{"taxonomy":"product_brand","embeddable":true,"href":"https:\/\/beebipood.ee\/ru\/wp-json\/wp\/v2\/product_brand?post=454762"},{"taxonomy":"product_cat","embeddable":true,"href":"https:\/\/beebipood.ee\/ru\/wp-json\/wp\/v2\/product_cat?post=454762"},{"taxonomy":"product_tag","embeddable":true,"href":"https:\/\/beebipood.ee\/ru\/wp-json\/wp\/v2\/product_tag?post=454762"}],"curies":[{"name":"wp","href":"https:\/\/api.w.org\/{rel}","templated":true}]}}