{"id":454764,"date":"2013-09-02T13:54:19","date_gmt":"2013-09-02T10:54:19","guid":{"rendered":"https:\/\/beebipood.ee\/toode\/hauck-clear-step-autoclose-2-turvavarav-dark-grey\/"},"modified":"2025-03-05T07:10:43","modified_gmt":"2025-03-05T05:10:43","slug":"hauck-clear-step-autoclose-2-turvavarav-dark-grey","status":"publish","type":"product","link":"https:\/\/beebipood.ee\/ru\/produkt\/hauck-clear-step-autoclose-2-turvavarav-dark-grey\/","title":{"rendered":"Hauck Clear Step Autoclose 2 turvav\u00e4rav, Dark Grey"},"content":{"rendered":"<p>metallist isesulguv turvav\u00e4rav<br \/>sobib avale laiusega 75-80 cm<br \/>pikendustega v\u00f5imalik suurendada kuni 122cm&#8217; ni<br \/>ohutu avamine ja automaatne sulgemine<br \/>t\u00e4nu magnetlukule ei j\u00e4\u00e4 isesulguv sisev\u00e4rav kunagi avatuks<br \/>ja sulgub automaatselt, m\u00f5lemalt poolt, turvaliselt ja iseenesest<br \/>v\u00e4ga lihtne kasutada<br \/>saab avada \u00fche k\u00e4ega<br \/>lihtne paigaldada, ei vaja puurimist ega kruvisid<br \/>topelt lukustusmehhanism<br \/>v\u00e4rav avaneb m\u00f5lemas suunas<br \/>v\u00f5imalik paigaldada ka eraldi Y-spindlitega \u00fcmarpostidele<br \/>pikendused on 9 cm ja 21 cm<br \/>75 &#8212; 80 cm = v\u00e4rav (ilma pikenduseta)<br \/>84 &#8212; 89 cm = v\u00e4rav + 9 cm pikendus<br \/>93 &#8212; 98 cm = v\u00e4rav + 9 cm + 9 cm pikendused<br \/>96 &#8212; 101 cm = v\u00e4rav + 21 cm pikendus<br \/>105 &#8212; 110 cm = v\u00e4rav + 9 cm + 21 cm pikendused<br \/>117 &#8212; 122 cm = v\u00e4rav + 21 cm + 21 cm pikendused<br \/>turvav\u00e4rav T\u00dcV-sertifitseeritud<br \/>sobivad turvav\u00e4rava pikendused 9cm ja 21 cm<\/p>\n","protected":false},"excerpt":{"rendered":"<p>metallist isesulguv turvav\u00e4ravsobib avale laiusega 75-80 cmpikendustega v\u00f5imalik suurendada kuni 122cm&#8217; niohutu avamine ja automaatne sulgeminet\u00e4nu magnetlukule ei j\u00e4\u00e4 isesulguv sisev\u00e4rav kunagi avatuksja sulgub automaatselt, m\u00f5lemalt poolt, turvaliselt ja iseenesestv\u00e4ga lihtne kasutadasaab avada \u00fche k\u00e4egalihtne paigaldada, ei vaja puurimist ega kruvisidtopelt lukustusmehhanismv\u00e4rav avaneb m\u00f5lemas suunasv\u00f5imalik paigaldada ka eraldi Y-spindlitega \u00fcmarpostidelepikendused on 9 cm ja 21 [&hellip;]<\/p>\n","protected":false},"featured_media":101529,"template":"","meta":{"_acf_changed":false},"pwb-brand":[11952],"product_brand":[],"product_cat":[11703,11705,11791],"product_tag":[],"class_list":{"0":"post-454764","1":"product","2":"type-product","3":"status-publish","4":"has-post-thumbnail","6":"pwb-brand-hauck-ru","7":"product_cat-turvalisus-maneezid-turvavaravad-piirded-ru","8":"product_cat-turvavaravad-ru","9":"product_cat-turvavarustus-ru","10":"pa_manufacturer-hauck-ru","12":"first","13":"instock","14":"taxable","15":"shipping-taxable","16":"purchasable","17":"product-type-simple"},"exclude_global_add_ons":[],"addons":[],"acf":[],"yoast_head":"<!-- This site is optimized with the Yoast SEO plugin v27.1.1 - https:\/\/yoast.com\/product\/yoast-seo-wordpress\/ -->\n<title>Hauck Clear Step Autoclose 2 turvav\u00e4rav, Dark Grey, \u0411\u0435\u0437\u043e\u043f\u0430\u0441\u043d\u043e\u0441\u0442\u044c, \u0432\u043e\u0440\u043e\u0442\u0430 \u0431\u0435\u0437\u043e\u043f\u0430\u0441\u043d\u043e\u0441\u0442\u0438,\u043c\u0430\u043d\u0435\u0436\u0438, \u0412\u043e\u0440\u043e\u0442\u0430 \u0431\u0435\u0437\u043e\u043f\u0430\u0441\u043d\u043e\u0441\u0442\u0438, \u0421\u043d\u0430\u0440\u044f\u0436\u0435\u043d\u0438\u044f \u0431\u0435\u0437\u043e\u043f\u0430\u0441\u043d\u043e\u0441\u0442\u0438, Beebipood<\/title>\n<meta name=\"description\" content=\"Hauck Clear Step Autoclose 2 turvav\u00e4rav, Dark Grey, metallist isesulguv turvav&auml;ravsobib avale laiusega 75-80 cmpikendustega v&otilde;imalik\" \/>\n<meta name=\"robots\" content=\"index, follow, max-snippet:-1, max-image-preview:large, max-video-preview:-1\" \/>\n<link rel=\"canonical\" href=\"https:\/\/beebipood.ee\/ru\/produkt\/hauck-clear-step-autoclose-2-turvavarav-dark-grey\/\" \/>\n<meta property=\"og:locale\" content=\"ru_RU\" \/>\n<meta property=\"og:type\" content=\"article\" \/>\n<meta property=\"og:title\" content=\"Hauck Clear Step Autoclose 2 turvav\u00e4rav, Dark Grey, \u0411\u0435\u0437\u043e\u043f\u0430\u0441\u043d\u043e\u0441\u0442\u044c, \u0432\u043e\u0440\u043e\u0442\u0430 \u0431\u0435\u0437\u043e\u043f\u0430\u0441\u043d\u043e\u0441\u0442\u0438,\u043c\u0430\u043d\u0435\u0436\u0438, \u0412\u043e\u0440\u043e\u0442\u0430 \u0431\u0435\u0437\u043e\u043f\u0430\u0441\u043d\u043e\u0441\u0442\u0438, \u0421\u043d\u0430\u0440\u044f\u0436\u0435\u043d\u0438\u044f \u0431\u0435\u0437\u043e\u043f\u0430\u0441\u043d\u043e\u0441\u0442\u0438, Beebipood\" \/>\n<meta property=\"og:description\" content=\"Hauck Clear Step Autoclose 2 turvav\u00e4rav, Dark Grey, metallist isesulguv turvav&auml;ravsobib avale laiusega 75-80 cmpikendustega v&otilde;imalik\" \/>\n<meta property=\"og:url\" content=\"https:\/\/beebipood.ee\/ru\/produkt\/hauck-clear-step-autoclose-2-turvavarav-dark-grey\/\" \/>\n<meta property=\"og:site_name\" content=\"Beebipood\" \/>\n<meta property=\"article:modified_time\" content=\"2025-03-05T05:10:43+00:00\" \/>\n<meta property=\"og:image\" content=\"https:\/\/beebipood.ee\/wp-content\/uploads\/2013\/09\/Hauck-Clear-Step-Autoclose-2-turvavarav-Dark-Grey-Turvatoolid-hallid-Turvatoolid-925-kg-Turvavarustus_1-673.jpg\" \/>\n\t<meta property=\"og:image:width\" content=\"1500\" \/>\n\t<meta property=\"og:image:height\" content=\"1500\" \/>\n\t<meta property=\"og:image:type\" content=\"image\/jpeg\" \/>\n<meta name=\"twitter:card\" content=\"summary_large_image\" \/>\n<meta name=\"twitter:label1\" content=\"\u041f\u0440\u0438\u043c\u0435\u0440\u043d\u043e\u0435 \u0432\u0440\u0435\u043c\u044f \u0434\u043b\u044f \u0447\u0442\u0435\u043d\u0438\u044f\" \/>\n\t<meta name=\"twitter:data1\" content=\"1 \u043c\u0438\u043d\u0443\u0442\u0430\" \/>\n<script type=\"application\/ld+json\" class=\"yoast-schema-graph\">{\"@context\":\"https:\/\/schema.org\",\"@graph\":[{\"@type\":\"WebPage\",\"@id\":\"https:\/\/beebipood.ee\/ru\/produkt\/hauck-clear-step-autoclose-2-turvavarav-dark-grey\/\",\"url\":\"https:\/\/beebipood.ee\/ru\/produkt\/hauck-clear-step-autoclose-2-turvavarav-dark-grey\/\",\"name\":\"Hauck Clear Step Autoclose 2 turvav\u00e4rav, Dark Grey, \u0411\u0435\u0437\u043e\u043f\u0430\u0441\u043d\u043e\u0441\u0442\u044c, \u0432\u043e\u0440\u043e\u0442\u0430 \u0431\u0435\u0437\u043e\u043f\u0430\u0441\u043d\u043e\u0441\u0442\u0438,\u043c\u0430\u043d\u0435\u0436\u0438, \u0412\u043e\u0440\u043e\u0442\u0430 \u0431\u0435\u0437\u043e\u043f\u0430\u0441\u043d\u043e\u0441\u0442\u0438, \u0421\u043d\u0430\u0440\u044f\u0436\u0435\u043d\u0438\u044f \u0431\u0435\u0437\u043e\u043f\u0430\u0441\u043d\u043e\u0441\u0442\u0438, Beebipood\",\"isPartOf\":{\"@id\":\"https:\/\/beebipood.ee\/ru\/#website\"},\"primaryImageOfPage\":{\"@id\":\"https:\/\/beebipood.ee\/ru\/produkt\/hauck-clear-step-autoclose-2-turvavarav-dark-grey\/#primaryimage\"},\"image\":{\"@id\":\"https:\/\/beebipood.ee\/ru\/produkt\/hauck-clear-step-autoclose-2-turvavarav-dark-grey\/#primaryimage\"},\"thumbnailUrl\":\"https:\/\/beebipood.ee\/wp-content\/uploads\/2013\/09\/Hauck-Clear-Step-Autoclose-2-turvavarav-Dark-Grey-Turvatoolid-hallid-Turvatoolid-925-kg-Turvavarustus_1-673.jpg\",\"datePublished\":\"2013-09-02T10:54:19+00:00\",\"dateModified\":\"2025-03-05T05:10:43+00:00\",\"description\":\"Hauck Clear Step Autoclose 2 turvav\u00e4rav, Dark Grey, metallist isesulguv turvav&auml;ravsobib avale laiusega 75-80 cmpikendustega v&otilde;imalik\",\"breadcrumb\":{\"@id\":\"https:\/\/beebipood.ee\/ru\/produkt\/hauck-clear-step-autoclose-2-turvavarav-dark-grey\/#breadcrumb\"},\"inLanguage\":\"ru-RU\",\"potentialAction\":[{\"@type\":\"ReadAction\",\"target\":[\"https:\/\/beebipood.ee\/ru\/produkt\/hauck-clear-step-autoclose-2-turvavarav-dark-grey\/\"]}]},{\"@type\":\"ImageObject\",\"inLanguage\":\"ru-RU\",\"@id\":\"https:\/\/beebipood.ee\/ru\/produkt\/hauck-clear-step-autoclose-2-turvavarav-dark-grey\/#primaryimage\",\"url\":\"https:\/\/beebipood.ee\/wp-content\/uploads\/2013\/09\/Hauck-Clear-Step-Autoclose-2-turvavarav-Dark-Grey-Turvatoolid-hallid-Turvatoolid-925-kg-Turvavarustus_1-673.jpg\",\"contentUrl\":\"https:\/\/beebipood.ee\/wp-content\/uploads\/2013\/09\/Hauck-Clear-Step-Autoclose-2-turvavarav-Dark-Grey-Turvatoolid-hallid-Turvatoolid-925-kg-Turvavarustus_1-673.jpg\",\"width\":1500,\"height\":1500},{\"@type\":\"BreadcrumbList\",\"@id\":\"https:\/\/beebipood.ee\/ru\/produkt\/hauck-clear-step-autoclose-2-turvavarav-dark-grey\/#breadcrumb\",\"itemListElement\":[{\"@type\":\"ListItem\",\"position\":1,\"name\":\"Home\",\"item\":\"https:\/\/beebipood.ee\/ru\/\"},{\"@type\":\"ListItem\",\"position\":2,\"name\":\"\u041a\u0430\u0442\u0430\u043b\u043e\u0433 \u0442\u043e\u0432\u0430\u0440\u043e\u0432\",\"item\":\"https:\/\/beebipood.ee\/tooted\/\"},{\"@type\":\"ListItem\",\"position\":3,\"name\":\"Hauck Clear Step Autoclose 2 turvav\u00e4rav, Dark Grey\"}]},{\"@type\":\"WebSite\",\"@id\":\"https:\/\/beebipood.ee\/ru\/#website\",\"url\":\"https:\/\/beebipood.ee\/ru\/\",\"name\":\"Beebipood\",\"description\":\"Lastekaubad, beebikaubad, m\u00e4nguasjad\",\"publisher\":{\"@id\":\"https:\/\/beebipood.ee\/ru\/#organization\"},\"potentialAction\":[{\"@type\":\"SearchAction\",\"target\":{\"@type\":\"EntryPoint\",\"urlTemplate\":\"https:\/\/beebipood.ee\/ru\/?s={search_term_string}\"},\"query-input\":{\"@type\":\"PropertyValueSpecification\",\"valueRequired\":true,\"valueName\":\"search_term_string\"}}],\"inLanguage\":\"ru-RU\"},{\"@type\":\"Organization\",\"@id\":\"https:\/\/beebipood.ee\/ru\/#organization\",\"name\":\"Beebipood\",\"url\":\"https:\/\/beebipood.ee\/ru\/\",\"logo\":{\"@type\":\"ImageObject\",\"inLanguage\":\"ru-RU\",\"@id\":\"https:\/\/beebipood.ee\/ru\/#\/schema\/logo\/image\/\",\"url\":\"https:\/\/beebipood.ee\/wp-content\/uploads\/2025\/03\/beebipood.ee-logo-1.svg\",\"contentUrl\":\"https:\/\/beebipood.ee\/wp-content\/uploads\/2025\/03\/beebipood.ee-logo-1.svg\",\"caption\":\"Beebipood\"},\"image\":{\"@id\":\"https:\/\/beebipood.ee\/ru\/#\/schema\/logo\/image\/\"}}]}<\/script>\n<!-- \/ Yoast SEO plugin. -->","yoast_head_json":{"title":"Hauck Clear Step Autoclose 2 turvav\u00e4rav, Dark Grey, \u0411\u0435\u0437\u043e\u043f\u0430\u0441\u043d\u043e\u0441\u0442\u044c, \u0432\u043e\u0440\u043e\u0442\u0430 \u0431\u0435\u0437\u043e\u043f\u0430\u0441\u043d\u043e\u0441\u0442\u0438,\u043c\u0430\u043d\u0435\u0436\u0438, \u0412\u043e\u0440\u043e\u0442\u0430 \u0431\u0435\u0437\u043e\u043f\u0430\u0441\u043d\u043e\u0441\u0442\u0438, \u0421\u043d\u0430\u0440\u044f\u0436\u0435\u043d\u0438\u044f \u0431\u0435\u0437\u043e\u043f\u0430\u0441\u043d\u043e\u0441\u0442\u0438, Beebipood","description":"Hauck Clear Step Autoclose 2 turvav\u00e4rav, Dark Grey, metallist isesulguv turvav&auml;ravsobib avale laiusega 75-80 cmpikendustega v&otilde;imalik","robots":{"index":"index","follow":"follow","max-snippet":"max-snippet:-1","max-image-preview":"max-image-preview:large","max-video-preview":"max-video-preview:-1"},"canonical":"https:\/\/beebipood.ee\/ru\/produkt\/hauck-clear-step-autoclose-2-turvavarav-dark-grey\/","og_locale":"ru_RU","og_type":"article","og_title":"Hauck Clear Step Autoclose 2 turvav\u00e4rav, Dark Grey, \u0411\u0435\u0437\u043e\u043f\u0430\u0441\u043d\u043e\u0441\u0442\u044c, \u0432\u043e\u0440\u043e\u0442\u0430 \u0431\u0435\u0437\u043e\u043f\u0430\u0441\u043d\u043e\u0441\u0442\u0438,\u043c\u0430\u043d\u0435\u0436\u0438, \u0412\u043e\u0440\u043e\u0442\u0430 \u0431\u0435\u0437\u043e\u043f\u0430\u0441\u043d\u043e\u0441\u0442\u0438, \u0421\u043d\u0430\u0440\u044f\u0436\u0435\u043d\u0438\u044f \u0431\u0435\u0437\u043e\u043f\u0430\u0441\u043d\u043e\u0441\u0442\u0438, Beebipood","og_description":"Hauck Clear Step Autoclose 2 turvav\u00e4rav, Dark Grey, metallist isesulguv turvav&auml;ravsobib avale laiusega 75-80 cmpikendustega v&otilde;imalik","og_url":"https:\/\/beebipood.ee\/ru\/produkt\/hauck-clear-step-autoclose-2-turvavarav-dark-grey\/","og_site_name":"Beebipood","article_modified_time":"2025-03-05T05:10:43+00:00","og_image":[{"width":1500,"height":1500,"url":"https:\/\/beebipood.ee\/wp-content\/uploads\/2013\/09\/Hauck-Clear-Step-Autoclose-2-turvavarav-Dark-Grey-Turvatoolid-hallid-Turvatoolid-925-kg-Turvavarustus_1-673.jpg","type":"image\/jpeg"}],"twitter_card":"summary_large_image","twitter_misc":{"\u041f\u0440\u0438\u043c\u0435\u0440\u043d\u043e\u0435 \u0432\u0440\u0435\u043c\u044f \u0434\u043b\u044f \u0447\u0442\u0435\u043d\u0438\u044f":"1 \u043c\u0438\u043d\u0443\u0442\u0430"},"schema":{"@context":"https:\/\/schema.org","@graph":[{"@type":"WebPage","@id":"https:\/\/beebipood.ee\/ru\/produkt\/hauck-clear-step-autoclose-2-turvavarav-dark-grey\/","url":"https:\/\/beebipood.ee\/ru\/produkt\/hauck-clear-step-autoclose-2-turvavarav-dark-grey\/","name":"Hauck Clear Step Autoclose 2 turvav\u00e4rav, Dark Grey, \u0411\u0435\u0437\u043e\u043f\u0430\u0441\u043d\u043e\u0441\u0442\u044c, \u0432\u043e\u0440\u043e\u0442\u0430 \u0431\u0435\u0437\u043e\u043f\u0430\u0441\u043d\u043e\u0441\u0442\u0438,\u043c\u0430\u043d\u0435\u0436\u0438, \u0412\u043e\u0440\u043e\u0442\u0430 \u0431\u0435\u0437\u043e\u043f\u0430\u0441\u043d\u043e\u0441\u0442\u0438, \u0421\u043d\u0430\u0440\u044f\u0436\u0435\u043d\u0438\u044f \u0431\u0435\u0437\u043e\u043f\u0430\u0441\u043d\u043e\u0441\u0442\u0438, Beebipood","isPartOf":{"@id":"https:\/\/beebipood.ee\/ru\/#website"},"primaryImageOfPage":{"@id":"https:\/\/beebipood.ee\/ru\/produkt\/hauck-clear-step-autoclose-2-turvavarav-dark-grey\/#primaryimage"},"image":{"@id":"https:\/\/beebipood.ee\/ru\/produkt\/hauck-clear-step-autoclose-2-turvavarav-dark-grey\/#primaryimage"},"thumbnailUrl":"https:\/\/beebipood.ee\/wp-content\/uploads\/2013\/09\/Hauck-Clear-Step-Autoclose-2-turvavarav-Dark-Grey-Turvatoolid-hallid-Turvatoolid-925-kg-Turvavarustus_1-673.jpg","datePublished":"2013-09-02T10:54:19+00:00","dateModified":"2025-03-05T05:10:43+00:00","description":"Hauck Clear Step Autoclose 2 turvav\u00e4rav, Dark Grey, metallist isesulguv turvav&auml;ravsobib avale laiusega 75-80 cmpikendustega v&otilde;imalik","breadcrumb":{"@id":"https:\/\/beebipood.ee\/ru\/produkt\/hauck-clear-step-autoclose-2-turvavarav-dark-grey\/#breadcrumb"},"inLanguage":"ru-RU","potentialAction":[{"@type":"ReadAction","target":["https:\/\/beebipood.ee\/ru\/produkt\/hauck-clear-step-autoclose-2-turvavarav-dark-grey\/"]}]},{"@type":"ImageObject","inLanguage":"ru-RU","@id":"https:\/\/beebipood.ee\/ru\/produkt\/hauck-clear-step-autoclose-2-turvavarav-dark-grey\/#primaryimage","url":"https:\/\/beebipood.ee\/wp-content\/uploads\/2013\/09\/Hauck-Clear-Step-Autoclose-2-turvavarav-Dark-Grey-Turvatoolid-hallid-Turvatoolid-925-kg-Turvavarustus_1-673.jpg","contentUrl":"https:\/\/beebipood.ee\/wp-content\/uploads\/2013\/09\/Hauck-Clear-Step-Autoclose-2-turvavarav-Dark-Grey-Turvatoolid-hallid-Turvatoolid-925-kg-Turvavarustus_1-673.jpg","width":1500,"height":1500},{"@type":"BreadcrumbList","@id":"https:\/\/beebipood.ee\/ru\/produkt\/hauck-clear-step-autoclose-2-turvavarav-dark-grey\/#breadcrumb","itemListElement":[{"@type":"ListItem","position":1,"name":"Home","item":"https:\/\/beebipood.ee\/ru\/"},{"@type":"ListItem","position":2,"name":"\u041a\u0430\u0442\u0430\u043b\u043e\u0433 \u0442\u043e\u0432\u0430\u0440\u043e\u0432","item":"https:\/\/beebipood.ee\/tooted\/"},{"@type":"ListItem","position":3,"name":"Hauck Clear Step Autoclose 2 turvav\u00e4rav, Dark Grey"}]},{"@type":"WebSite","@id":"https:\/\/beebipood.ee\/ru\/#website","url":"https:\/\/beebipood.ee\/ru\/","name":"Beebipood","description":"Lastekaubad, beebikaubad, m\u00e4nguasjad","publisher":{"@id":"https:\/\/beebipood.ee\/ru\/#organization"},"potentialAction":[{"@type":"SearchAction","target":{"@type":"EntryPoint","urlTemplate":"https:\/\/beebipood.ee\/ru\/?s={search_term_string}"},"query-input":{"@type":"PropertyValueSpecification","valueRequired":true,"valueName":"search_term_string"}}],"inLanguage":"ru-RU"},{"@type":"Organization","@id":"https:\/\/beebipood.ee\/ru\/#organization","name":"Beebipood","url":"https:\/\/beebipood.ee\/ru\/","logo":{"@type":"ImageObject","inLanguage":"ru-RU","@id":"https:\/\/beebipood.ee\/ru\/#\/schema\/logo\/image\/","url":"https:\/\/beebipood.ee\/wp-content\/uploads\/2025\/03\/beebipood.ee-logo-1.svg","contentUrl":"https:\/\/beebipood.ee\/wp-content\/uploads\/2025\/03\/beebipood.ee-logo-1.svg","caption":"Beebipood"},"image":{"@id":"https:\/\/beebipood.ee\/ru\/#\/schema\/logo\/image\/"}}]}},"brands":[{"id":11952,"name":"Hauck","slug":"hauck-ru"}],"_links":{"self":[{"href":"https:\/\/beebipood.ee\/ru\/wp-json\/wp\/v2\/product\/454764","targetHints":{"allow":["GET"]}}],"collection":[{"href":"https:\/\/beebipood.ee\/ru\/wp-json\/wp\/v2\/product"}],"about":[{"href":"https:\/\/beebipood.ee\/ru\/wp-json\/wp\/v2\/types\/product"}],"wp:featuredmedia":[{"embeddable":true,"href":"https:\/\/beebipood.ee\/ru\/wp-json\/wp\/v2\/media\/101529"}],"wp:attachment":[{"href":"https:\/\/beebipood.ee\/ru\/wp-json\/wp\/v2\/media?parent=454764"}],"wp:term":[{"taxonomy":"pwb-brand","embeddable":true,"href":"https:\/\/beebipood.ee\/ru\/wp-json\/wp\/v2\/pwb-brand?post=454764"},{"taxonomy":"product_brand","embeddable":true,"href":"https:\/\/beebipood.ee\/ru\/wp-json\/wp\/v2\/product_brand?post=454764"},{"taxonomy":"product_cat","embeddable":true,"href":"https:\/\/beebipood.ee\/ru\/wp-json\/wp\/v2\/product_cat?post=454764"},{"taxonomy":"product_tag","embeddable":true,"href":"https:\/\/beebipood.ee\/ru\/wp-json\/wp\/v2\/product_tag?post=454764"}],"curies":[{"name":"wp","href":"https:\/\/api.w.org\/{rel}","templated":true}]}}