{"id":454786,"date":"2025-10-03T13:50:29","date_gmt":"2025-10-03T10:50:29","guid":{"rendered":"https:\/\/beebipood.ee\/toode\/beebivoodi-romantica-valge\/"},"modified":"2025-10-03T13:58:18","modified_gmt":"2025-10-03T10:58:18","slug":"beebivoodi-noble-romantica-white","status":"publish","type":"product","link":"https:\/\/beebipood.ee\/ru\/produkt\/beebivoodi-noble-romantica-white\/","title":{"rendered":"Beebivoodi Noble Romantica, white"},"content":{"rendered":"<p data-start=\"163\" data-end=\"499\">Beebivoodi <strong data-start=\"174\" data-end=\"194\">Noble Romantica beebiodi 120\u00d760<\/strong> on kaunis sisustuselement nii elegantsetes kui ka avangardsetes interj\u00f6\u00f6rides. See on ideaalne valik vanematele, kes hindavad peenet maitset ja ajatult elegantset stiili. <strong data-start=\"174\" data-end=\"194\">Noble Romantica <\/strong>\u00a0on Prantsuse stiilis voodi, mida t\u00e4iustab k\u00f5rgem k\u00fclg, mis on inspireeritud populaarsest Ameerika beebivoodi disainist.<\/p>\n<p data-start=\"501\" data-end=\"889\">Selle ainulaadse voodi konstruktsioon p\u00f5hineb klassikalisel, kergel kujul, millele lisavad iseloomu voolujoonelised otsad ja k\u00f5rgem k\u00fclje\u00e4\u00e4r. See sobib suurep\u00e4raselt New Yorgi stiilis sisustusse, mis sarnaselt Prantsuse stiiliga \u00fchendab elegantsi ja s\u00e4ra, ammutades samas inspiratsiooni erinevatest stiilidest ja maailma nurkadest. Tulemus: <strong data-start=\"842\" data-end=\"888\">prantsuse stiil modernses New Yorgi v\u00f5tmes<\/strong>.<\/p>\n<p data-start=\"891\" data-end=\"1164\"><strong data-start=\"174\" data-end=\"194\">Noble Romantica <\/strong>sobitub suurep\u00e4raselt lastetuppa, kus domineerivad esteetilised detailid, l\u00e4ikivad pinnad ja p\u00f5hiv\u00e4rviks on valgusk\u00fcllased toonid nagu ecru v\u00f5i valge. Selle tugeva karakteriga disain muudab voodi <strong data-start=\"1101\" data-end=\"1119\">fookuspunktiks<\/strong> (focal point) igas New Yorgi stiilis ruumis.<\/p>\n<p data-start=\"1166\" data-end=\"1319\">Voodi on kaetud <strong data-start=\"1182\" data-end=\"1220\">kahe kihi sertifitseeritud v\u00e4rviga<\/strong>, tooniks elegantne ja v\u00e4rske poolmati valge. Tegemist on registreeritud t\u00f6\u00f6stusdisainiga mudeliga.<\/p>\n<hr data-start=\"1321\" data-end=\"1324\" \/>\n<h3 data-start=\"1326\" data-end=\"1351\"><strong data-start=\"1330\" data-end=\"1351\">Komplekti kuulub:<\/strong><\/h3>\n<ul data-start=\"1352\" data-end=\"1445\">\n<li data-start=\"1352\" data-end=\"1394\">\n<p data-start=\"1354\" data-end=\"1394\">hambakaitse (eesmisel pikemal k\u00fcljel)<\/p>\n<\/li>\n<li data-start=\"1395\" data-end=\"1422\">\n<p data-start=\"1397\" data-end=\"1422\">2 voodp\u00f5hja k\u00f5rgust<\/p>\n<\/li>\n<li data-start=\"1423\" data-end=\"1445\">\n<p data-start=\"1425\" data-end=\"1445\">3 eemaldatavat pulka<\/p>\n<\/li>\n<\/ul>\n<hr data-start=\"1447\" data-end=\"1450\" \/>\n<h3 data-start=\"1452\" data-end=\"1494\"><strong data-start=\"1456\" data-end=\"1494\">Tehnilised andmed ja funktsioonid:<\/strong><\/h3>\n<ul data-start=\"1495\" data-end=\"2545\">\n<li data-start=\"1495\" data-end=\"1604\">\n<p data-start=\"1497\" data-end=\"1604\">Ainulaadne <strong data-start=\"1508\" data-end=\"1542\">voodite konstruktsioon<\/strong> koosneb vaid 5 osast ja on kokkupandav v\u00e4hem kui 6 minutiga<\/p>\n<\/li>\n<li data-start=\"1605\" data-end=\"1710\">\n<p data-start=\"1607\" data-end=\"1710\">Voodip\u00f5hi on valmistatud <strong data-start=\"1632\" data-end=\"1658\">kasepuidust liistudest<\/strong>, tagades hea \u00f5huringluse ja pikema madratsi eluea<\/p>\n<\/li>\n<li data-start=\"1711\" data-end=\"1806\">\n<p data-start=\"1713\" data-end=\"1806\"><strong data-start=\"1713\" data-end=\"1737\">3 eemaldatavat pulka<\/strong>, et laps saaks vanemaks saades iseseisvalt voodisse ja sealt v\u00e4lja<\/p>\n<\/li>\n<li data-start=\"1807\" data-end=\"1910\">\n<p data-start=\"1809\" data-end=\"1910\"><strong data-start=\"1809\" data-end=\"1825\">Hambakaitse <\/strong>kaitseb voodit, aitab leevendada igemete s\u00fcgelust ja takistab v\u00e4rvi suhu sattumist<\/p>\n<\/li>\n<li data-start=\"1911\" data-end=\"1993\">\n<p data-start=\"1913\" data-end=\"1993\"><strong data-start=\"1913\" data-end=\"1933\">2 k\u00f5rguseasendit<\/strong> madratsile \u2013 sobilikud beebi erinevatele arenguetappidel<\/p>\n<\/li>\n<li data-start=\"1994\" data-end=\"2066\">\n<p data-start=\"1996\" data-end=\"2066\"><strong data-start=\"1996\" data-end=\"2026\">Lamedad, tugevdatud pulgad<\/strong> ja <strong data-start=\"2030\" data-end=\"2047\">\u00fcmarad servad<\/strong> \u2013 lisaturvalisus<\/p>\n<\/li>\n<li data-start=\"2067\" data-end=\"2135\">\n<p data-start=\"2069\" data-end=\"2135\"><strong data-start=\"2069\" data-end=\"2091\">T\u00e4iendavad kaitsed<\/strong> p\u00f5hjas ja k\u00fclgedel \u2013 sertifikaadid olemas<\/p>\n<\/li>\n<li data-start=\"2136\" data-end=\"2192\">\n<p data-start=\"2138\" data-end=\"2192\"><strong data-start=\"2138\" data-end=\"2168\">Kahepoolsed pikemad k\u00fcljed<\/strong> \u2013 lisafunktsionaalsus<\/p>\n<\/li>\n<li data-start=\"2193\" data-end=\"2310\">\n<p data-start=\"2195\" data-end=\"2310\">Mudelile <strong data-start=\"2204\" data-end=\"2232\">sobib lisaks avatud k\u00fclg<\/strong> (DayBed Noble), millega saab voodit muuta lapse kasvades v\u00e4ikseks diivaniks<\/p>\n<\/li>\n<li data-start=\"2511\" data-end=\"2545\">\n<p data-start=\"2513\" data-end=\"2545\">Vastab standardile <strong data-start=\"2532\" data-end=\"2545\">PN-EN 716<\/strong><\/p>\n<\/li>\n<\/ul>\n<hr data-start=\"2547\" data-end=\"2550\" \/>\n<h3 data-start=\"2552\" data-end=\"2569\"><strong data-start=\"2556\" data-end=\"2569\">Lisainfo:<\/strong><\/h3>\n<ul data-start=\"2570\" data-end=\"2783\">\n<li data-start=\"2570\" data-end=\"2602\">\n<p data-start=\"2572\" data-end=\"2602\"><strong data-start=\"2572\" data-end=\"2590\">Voodisse sobib madrats m\u00f5\u00f5duga:<\/strong> 120\u00d760 cm<\/p>\n<\/li>\n<li data-start=\"2603\" data-end=\"2631\">\n<p data-start=\"2605\" data-end=\"2631\"><strong data-start=\"2605\" data-end=\"2614\">V\u00e4rv:<\/strong> poolmatt valge<\/p>\n<\/li>\n<li data-start=\"2632\" data-end=\"2711\">\n<p data-start=\"2634\" data-end=\"2711\"><strong data-start=\"2634\" data-end=\"2647\">Materjal:<\/strong> kasepuidust p\u00f5hjaliistud, v\u00e4rvitud MDF ja t\u00e4ispuit<\/p>\n<\/li>\n<li data-start=\"2712\" data-end=\"2783\">\n<p data-start=\"2714\" data-end=\"2783\">Sobib <strong data-start=\"2720\" data-end=\"2745\">Woodies Classic sarja<\/strong> kapi ja m\u00e4hkimislauaga kummuti juurde<\/p>\n<\/li>\n<\/ul>\n","protected":false},"excerpt":{"rendered":"<p>Beebivoodi Noble Romantica beebiodi 120\u00d760 on kaunis sisustuselement nii elegantsetes kui ka avangardsetes interj\u00f6\u00f6rides. See on ideaalne valik vanematele, kes hindavad peenet maitset ja ajatult elegantset stiili. Noble Romantica \u00a0on Prantsuse stiilis voodi, mida t\u00e4iustab k\u00f5rgem k\u00fclg, mis on inspireeritud populaarsest Ameerika beebivoodi disainist. Selle ainulaadse voodi konstruktsioon p\u00f5hineb klassikalisel, kergel kujul, millele lisavad iseloomu [&hellip;]<\/p>\n","protected":false},"featured_media":507557,"template":"","meta":{"_acf_changed":false},"pwb-brand":[12000],"product_brand":[],"product_cat":[11567,11745,11553],"product_tag":[],"class_list":{"0":"post-454786","1":"product","2":"type-product","3":"status-publish","4":"has-post-thumbnail","6":"pwb-brand-woodies-2","7":"product_cat-vorevoodid-ru","8":"product_cat-madratsile-60x120-ru","9":"product_cat-beebivoodid-reisivoodid-hallid-ru","10":"pa_manufacturer-troll-ru","12":"first","13":"onbackorder","14":"sale","15":"taxable","16":"shipping-taxable","17":"purchasable","18":"product-type-simple"},"exclude_global_add_ons":[],"addons":[],"acf":[],"yoast_head":"<!-- This site is optimized with the Yoast SEO plugin v27.1.1 - https:\/\/yoast.com\/product\/yoast-seo-wordpress\/ -->\n<title>Beebivoodi Romantica, valge, \u0414\u0435\u0442\u0441\u043a\u0438e \u043a\u0440\u043e\u0432\u0430\u0442\u043a\u0438, \u043f\u0435\u0440\u0435\u043d\u043e\u0441\u043d\u044b\u0435 \u043a\u0440\u043e\u0432\u0430\u0442\u043a\u0438, \u043b\u044e\u043b\u044c\u043a\u0438, \u0414\u0435\u0442\u0441\u043a\u0438e \u043a\u0440\u043e\u0432\u0430\u0442\u043a\u0438, \u043c\u0430\u0442\u0440\u0430\u0441 60x120, Beebipood<\/title>\n<meta name=\"description\" content=\"Beebivoodi Romantica, valge, * beebivoodi on valmistatud tugevast kasepuidust * valmistamisel on kasutatud kaasaegset tehnoloogiat ja A-klass tarvikuid\" \/>\n<meta name=\"robots\" content=\"index, follow, max-snippet:-1, max-image-preview:large, max-video-preview:-1\" \/>\n<link rel=\"canonical\" href=\"https:\/\/beebipood.ee\/ru\/produkt\/beebivoodi-noble-romantica-white\/\" \/>\n<meta property=\"og:locale\" content=\"ru_RU\" \/>\n<meta property=\"og:type\" content=\"article\" \/>\n<meta property=\"og:title\" content=\"Beebivoodi Romantica, valge, \u0414\u0435\u0442\u0441\u043a\u0438e \u043a\u0440\u043e\u0432\u0430\u0442\u043a\u0438, \u043f\u0435\u0440\u0435\u043d\u043e\u0441\u043d\u044b\u0435 \u043a\u0440\u043e\u0432\u0430\u0442\u043a\u0438, \u043b\u044e\u043b\u044c\u043a\u0438, \u0414\u0435\u0442\u0441\u043a\u0438e \u043a\u0440\u043e\u0432\u0430\u0442\u043a\u0438, \u043c\u0430\u0442\u0440\u0430\u0441 60x120, Beebipood\" \/>\n<meta property=\"og:description\" content=\"Beebivoodi Romantica, valge, * beebivoodi on valmistatud tugevast kasepuidust * valmistamisel on kasutatud kaasaegset tehnoloogiat ja A-klass tarvikuid\" \/>\n<meta property=\"og:url\" content=\"https:\/\/beebipood.ee\/ru\/produkt\/beebivoodi-noble-romantica-white\/\" \/>\n<meta property=\"og:site_name\" content=\"Beebipood\" \/>\n<meta property=\"article:modified_time\" content=\"2025-10-03T10:58:18+00:00\" \/>\n<meta property=\"og:image\" content=\"https:\/\/beebipood.ee\/wp-content\/uploads\/2013\/09\/imgp5160.jpg\" \/>\n\t<meta property=\"og:image:width\" content=\"972\" \/>\n\t<meta property=\"og:image:height\" content=\"972\" \/>\n\t<meta property=\"og:image:type\" content=\"image\/jpeg\" \/>\n<meta name=\"twitter:card\" content=\"summary_large_image\" \/>\n<meta name=\"twitter:label1\" content=\"\u041f\u0440\u0438\u043c\u0435\u0440\u043d\u043e\u0435 \u0432\u0440\u0435\u043c\u044f \u0434\u043b\u044f \u0447\u0442\u0435\u043d\u0438\u044f\" \/>\n\t<meta name=\"twitter:data1\" content=\"2 \u043c\u0438\u043d\u0443\u0442\u044b\" \/>\n<script type=\"application\/ld+json\" class=\"yoast-schema-graph\">{\"@context\":\"https:\/\/schema.org\",\"@graph\":[{\"@type\":\"WebPage\",\"@id\":\"https:\/\/beebipood.ee\/ru\/produkt\/beebivoodi-noble-romantica-white\/\",\"url\":\"https:\/\/beebipood.ee\/ru\/produkt\/beebivoodi-noble-romantica-white\/\",\"name\":\"Beebivoodi Romantica, valge, \u0414\u0435\u0442\u0441\u043a\u0438e \u043a\u0440\u043e\u0432\u0430\u0442\u043a\u0438, \u043f\u0435\u0440\u0435\u043d\u043e\u0441\u043d\u044b\u0435 \u043a\u0440\u043e\u0432\u0430\u0442\u043a\u0438, \u043b\u044e\u043b\u044c\u043a\u0438, \u0414\u0435\u0442\u0441\u043a\u0438e \u043a\u0440\u043e\u0432\u0430\u0442\u043a\u0438, \u043c\u0430\u0442\u0440\u0430\u0441 60x120, Beebipood\",\"isPartOf\":{\"@id\":\"https:\/\/beebipood.ee\/ru\/#website\"},\"primaryImageOfPage\":{\"@id\":\"https:\/\/beebipood.ee\/ru\/produkt\/beebivoodi-noble-romantica-white\/#primaryimage\"},\"image\":{\"@id\":\"https:\/\/beebipood.ee\/ru\/produkt\/beebivoodi-noble-romantica-white\/#primaryimage\"},\"thumbnailUrl\":\"https:\/\/beebipood.ee\/wp-content\/uploads\/2013\/09\/imgp5160.jpg\",\"datePublished\":\"2025-10-03T10:50:29+00:00\",\"dateModified\":\"2025-10-03T10:58:18+00:00\",\"description\":\"Beebivoodi Romantica, valge, * beebivoodi on valmistatud tugevast kasepuidust * valmistamisel on kasutatud kaasaegset tehnoloogiat ja A-klass tarvikuid\",\"breadcrumb\":{\"@id\":\"https:\/\/beebipood.ee\/ru\/produkt\/beebivoodi-noble-romantica-white\/#breadcrumb\"},\"inLanguage\":\"ru-RU\",\"potentialAction\":[{\"@type\":\"ReadAction\",\"target\":[\"https:\/\/beebipood.ee\/ru\/produkt\/beebivoodi-noble-romantica-white\/\"]}]},{\"@type\":\"ImageObject\",\"inLanguage\":\"ru-RU\",\"@id\":\"https:\/\/beebipood.ee\/ru\/produkt\/beebivoodi-noble-romantica-white\/#primaryimage\",\"url\":\"https:\/\/beebipood.ee\/wp-content\/uploads\/2013\/09\/imgp5160.jpg\",\"contentUrl\":\"https:\/\/beebipood.ee\/wp-content\/uploads\/2013\/09\/imgp5160.jpg\",\"width\":972,\"height\":972},{\"@type\":\"BreadcrumbList\",\"@id\":\"https:\/\/beebipood.ee\/ru\/produkt\/beebivoodi-noble-romantica-white\/#breadcrumb\",\"itemListElement\":[{\"@type\":\"ListItem\",\"position\":1,\"name\":\"Home\",\"item\":\"https:\/\/beebipood.ee\/ru\/\"},{\"@type\":\"ListItem\",\"position\":2,\"name\":\"\u041a\u0430\u0442\u0430\u043b\u043e\u0433 \u0442\u043e\u0432\u0430\u0440\u043e\u0432\",\"item\":\"https:\/\/beebipood.ee\/tooted\/\"},{\"@type\":\"ListItem\",\"position\":3,\"name\":\"Beebivoodi Noble Romantica, white\"}]},{\"@type\":\"WebSite\",\"@id\":\"https:\/\/beebipood.ee\/ru\/#website\",\"url\":\"https:\/\/beebipood.ee\/ru\/\",\"name\":\"Beebipood\",\"description\":\"Lastekaubad, beebikaubad, m\u00e4nguasjad\",\"publisher\":{\"@id\":\"https:\/\/beebipood.ee\/ru\/#organization\"},\"potentialAction\":[{\"@type\":\"SearchAction\",\"target\":{\"@type\":\"EntryPoint\",\"urlTemplate\":\"https:\/\/beebipood.ee\/ru\/?s={search_term_string}\"},\"query-input\":{\"@type\":\"PropertyValueSpecification\",\"valueRequired\":true,\"valueName\":\"search_term_string\"}}],\"inLanguage\":\"ru-RU\"},{\"@type\":\"Organization\",\"@id\":\"https:\/\/beebipood.ee\/ru\/#organization\",\"name\":\"Beebipood\",\"url\":\"https:\/\/beebipood.ee\/ru\/\",\"logo\":{\"@type\":\"ImageObject\",\"inLanguage\":\"ru-RU\",\"@id\":\"https:\/\/beebipood.ee\/ru\/#\/schema\/logo\/image\/\",\"url\":\"https:\/\/beebipood.ee\/wp-content\/uploads\/2025\/03\/beebipood.ee-logo-1.svg\",\"contentUrl\":\"https:\/\/beebipood.ee\/wp-content\/uploads\/2025\/03\/beebipood.ee-logo-1.svg\",\"caption\":\"Beebipood\"},\"image\":{\"@id\":\"https:\/\/beebipood.ee\/ru\/#\/schema\/logo\/image\/\"}}]}<\/script>\n<!-- \/ Yoast SEO plugin. -->","yoast_head_json":{"title":"Beebivoodi Romantica, valge, \u0414\u0435\u0442\u0441\u043a\u0438e \u043a\u0440\u043e\u0432\u0430\u0442\u043a\u0438, \u043f\u0435\u0440\u0435\u043d\u043e\u0441\u043d\u044b\u0435 \u043a\u0440\u043e\u0432\u0430\u0442\u043a\u0438, \u043b\u044e\u043b\u044c\u043a\u0438, \u0414\u0435\u0442\u0441\u043a\u0438e \u043a\u0440\u043e\u0432\u0430\u0442\u043a\u0438, \u043c\u0430\u0442\u0440\u0430\u0441 60x120, Beebipood","description":"Beebivoodi Romantica, valge, * beebivoodi on valmistatud tugevast kasepuidust * valmistamisel on kasutatud kaasaegset tehnoloogiat ja A-klass tarvikuid","robots":{"index":"index","follow":"follow","max-snippet":"max-snippet:-1","max-image-preview":"max-image-preview:large","max-video-preview":"max-video-preview:-1"},"canonical":"https:\/\/beebipood.ee\/ru\/produkt\/beebivoodi-noble-romantica-white\/","og_locale":"ru_RU","og_type":"article","og_title":"Beebivoodi Romantica, valge, \u0414\u0435\u0442\u0441\u043a\u0438e \u043a\u0440\u043e\u0432\u0430\u0442\u043a\u0438, \u043f\u0435\u0440\u0435\u043d\u043e\u0441\u043d\u044b\u0435 \u043a\u0440\u043e\u0432\u0430\u0442\u043a\u0438, \u043b\u044e\u043b\u044c\u043a\u0438, \u0414\u0435\u0442\u0441\u043a\u0438e \u043a\u0440\u043e\u0432\u0430\u0442\u043a\u0438, \u043c\u0430\u0442\u0440\u0430\u0441 60x120, Beebipood","og_description":"Beebivoodi Romantica, valge, * beebivoodi on valmistatud tugevast kasepuidust * valmistamisel on kasutatud kaasaegset tehnoloogiat ja A-klass tarvikuid","og_url":"https:\/\/beebipood.ee\/ru\/produkt\/beebivoodi-noble-romantica-white\/","og_site_name":"Beebipood","article_modified_time":"2025-10-03T10:58:18+00:00","og_image":[{"width":972,"height":972,"url":"https:\/\/beebipood.ee\/wp-content\/uploads\/2013\/09\/imgp5160.jpg","type":"image\/jpeg"}],"twitter_card":"summary_large_image","twitter_misc":{"\u041f\u0440\u0438\u043c\u0435\u0440\u043d\u043e\u0435 \u0432\u0440\u0435\u043c\u044f \u0434\u043b\u044f \u0447\u0442\u0435\u043d\u0438\u044f":"2 \u043c\u0438\u043d\u0443\u0442\u044b"},"schema":{"@context":"https:\/\/schema.org","@graph":[{"@type":"WebPage","@id":"https:\/\/beebipood.ee\/ru\/produkt\/beebivoodi-noble-romantica-white\/","url":"https:\/\/beebipood.ee\/ru\/produkt\/beebivoodi-noble-romantica-white\/","name":"Beebivoodi Romantica, valge, \u0414\u0435\u0442\u0441\u043a\u0438e \u043a\u0440\u043e\u0432\u0430\u0442\u043a\u0438, \u043f\u0435\u0440\u0435\u043d\u043e\u0441\u043d\u044b\u0435 \u043a\u0440\u043e\u0432\u0430\u0442\u043a\u0438, \u043b\u044e\u043b\u044c\u043a\u0438, \u0414\u0435\u0442\u0441\u043a\u0438e \u043a\u0440\u043e\u0432\u0430\u0442\u043a\u0438, \u043c\u0430\u0442\u0440\u0430\u0441 60x120, Beebipood","isPartOf":{"@id":"https:\/\/beebipood.ee\/ru\/#website"},"primaryImageOfPage":{"@id":"https:\/\/beebipood.ee\/ru\/produkt\/beebivoodi-noble-romantica-white\/#primaryimage"},"image":{"@id":"https:\/\/beebipood.ee\/ru\/produkt\/beebivoodi-noble-romantica-white\/#primaryimage"},"thumbnailUrl":"https:\/\/beebipood.ee\/wp-content\/uploads\/2013\/09\/imgp5160.jpg","datePublished":"2025-10-03T10:50:29+00:00","dateModified":"2025-10-03T10:58:18+00:00","description":"Beebivoodi Romantica, valge, * beebivoodi on valmistatud tugevast kasepuidust * valmistamisel on kasutatud kaasaegset tehnoloogiat ja A-klass tarvikuid","breadcrumb":{"@id":"https:\/\/beebipood.ee\/ru\/produkt\/beebivoodi-noble-romantica-white\/#breadcrumb"},"inLanguage":"ru-RU","potentialAction":[{"@type":"ReadAction","target":["https:\/\/beebipood.ee\/ru\/produkt\/beebivoodi-noble-romantica-white\/"]}]},{"@type":"ImageObject","inLanguage":"ru-RU","@id":"https:\/\/beebipood.ee\/ru\/produkt\/beebivoodi-noble-romantica-white\/#primaryimage","url":"https:\/\/beebipood.ee\/wp-content\/uploads\/2013\/09\/imgp5160.jpg","contentUrl":"https:\/\/beebipood.ee\/wp-content\/uploads\/2013\/09\/imgp5160.jpg","width":972,"height":972},{"@type":"BreadcrumbList","@id":"https:\/\/beebipood.ee\/ru\/produkt\/beebivoodi-noble-romantica-white\/#breadcrumb","itemListElement":[{"@type":"ListItem","position":1,"name":"Home","item":"https:\/\/beebipood.ee\/ru\/"},{"@type":"ListItem","position":2,"name":"\u041a\u0430\u0442\u0430\u043b\u043e\u0433 \u0442\u043e\u0432\u0430\u0440\u043e\u0432","item":"https:\/\/beebipood.ee\/tooted\/"},{"@type":"ListItem","position":3,"name":"Beebivoodi Noble Romantica, white"}]},{"@type":"WebSite","@id":"https:\/\/beebipood.ee\/ru\/#website","url":"https:\/\/beebipood.ee\/ru\/","name":"Beebipood","description":"Lastekaubad, beebikaubad, m\u00e4nguasjad","publisher":{"@id":"https:\/\/beebipood.ee\/ru\/#organization"},"potentialAction":[{"@type":"SearchAction","target":{"@type":"EntryPoint","urlTemplate":"https:\/\/beebipood.ee\/ru\/?s={search_term_string}"},"query-input":{"@type":"PropertyValueSpecification","valueRequired":true,"valueName":"search_term_string"}}],"inLanguage":"ru-RU"},{"@type":"Organization","@id":"https:\/\/beebipood.ee\/ru\/#organization","name":"Beebipood","url":"https:\/\/beebipood.ee\/ru\/","logo":{"@type":"ImageObject","inLanguage":"ru-RU","@id":"https:\/\/beebipood.ee\/ru\/#\/schema\/logo\/image\/","url":"https:\/\/beebipood.ee\/wp-content\/uploads\/2025\/03\/beebipood.ee-logo-1.svg","contentUrl":"https:\/\/beebipood.ee\/wp-content\/uploads\/2025\/03\/beebipood.ee-logo-1.svg","caption":"Beebipood"},"image":{"@id":"https:\/\/beebipood.ee\/ru\/#\/schema\/logo\/image\/"}}]}},"brands":[{"id":12000,"name":"Woodies","slug":"woodies-2"}],"_links":{"self":[{"href":"https:\/\/beebipood.ee\/ru\/wp-json\/wp\/v2\/product\/454786","targetHints":{"allow":["GET"]}}],"collection":[{"href":"https:\/\/beebipood.ee\/ru\/wp-json\/wp\/v2\/product"}],"about":[{"href":"https:\/\/beebipood.ee\/ru\/wp-json\/wp\/v2\/types\/product"}],"wp:featuredmedia":[{"embeddable":true,"href":"https:\/\/beebipood.ee\/ru\/wp-json\/wp\/v2\/media\/507557"}],"wp:attachment":[{"href":"https:\/\/beebipood.ee\/ru\/wp-json\/wp\/v2\/media?parent=454786"}],"wp:term":[{"taxonomy":"pwb-brand","embeddable":true,"href":"https:\/\/beebipood.ee\/ru\/wp-json\/wp\/v2\/pwb-brand?post=454786"},{"taxonomy":"product_brand","embeddable":true,"href":"https:\/\/beebipood.ee\/ru\/wp-json\/wp\/v2\/product_brand?post=454786"},{"taxonomy":"product_cat","embeddable":true,"href":"https:\/\/beebipood.ee\/ru\/wp-json\/wp\/v2\/product_cat?post=454786"},{"taxonomy":"product_tag","embeddable":true,"href":"https:\/\/beebipood.ee\/ru\/wp-json\/wp\/v2\/product_tag?post=454786"}],"curies":[{"name":"wp","href":"https:\/\/api.w.org\/{rel}","templated":true}]}}