{"id":454796,"date":"2013-09-02T13:54:51","date_gmt":"2013-09-02T10:54:51","guid":{"rendered":"https:\/\/beebipood.ee\/toode\/fiber-plokk-madrats-40x90-quilted\/"},"modified":"2025-10-02T14:29:20","modified_gmt":"2025-10-02T11:29:20","slug":"beebimadrats-premium-40x90","status":"publish","type":"product","link":"https:\/\/beebipood.ee\/ru\/produkt\/beebimadrats-premium-40x90\/","title":{"rendered":"Beebimadrats Premium 40\u00d790"},"content":{"rendered":"<p data-start=\"477\" data-end=\"866\">Beebimadrats miniv\u00f5revooditele ja h\u00e4llidele, valmistatud PUR-vahust, mis tagab suurep\u00e4rase, stabiilse ja elastse seljatoe ning hea \u00f5huringluse. Premium beebimadratsi erip\u00e4raks on mugavust lisav lateksvahukiht, mis on h\u00e4sti hingav ja takistab kahjulike mikroorganismide, seente ning tolmulestade arengut. Lateksvaht saadakse s\u00fcnteetilise lateksi ja loodusliku kaut\u0161ukipuu piima \u00fchendamisel.<\/p>\n<p data-start=\"868\" data-end=\"1309\">90\u00d740 cm beebimadratsi struktuur tagab veelgi parema \u00f5hu l\u00e4bilaskvuse, vastupidavuse kokkusurumisele ja venitusele. Isegi p\u00e4rast pikaajalist survet taastab madrats kiiresti oma esialgse kuju. See tagab vasts\u00fcndinu veel arenemata l\u00fclisambale vajaliku toe. Madrats on piisavalt k\u00f5va, samas elastne. Kasutatav lateksvaht t\u00f5stab m\u00e4rgatavalt beebi unemugavust ja pikendab toote eluiga. Materjal on v\u00e4ga h\u00fcgieeniline, seenevastane ja h\u00e4sti hingav.<\/p>\n<p data-start=\"1311\" data-end=\"1574\">Vahu struktuur ei hoia kinni tolmu ega tolmulestasid, mis v\u00f5ivad p\u00f5hjustada allergiat. T\u00e4idis aitab hoida madratsi pinna kuivana, juhtides niiskuse kiiresti eemale. Madratsit katab pehme Komfort Line kate, mis kaitseb t\u00f5husalt t\u00e4idist mustuse ja kahjustuste eest.<\/p>\n<p data-start=\"1576\" data-end=\"1643\"><strong data-start=\"1576\" data-end=\"1643\">Premium madrats on sobilik 90\u00d740 cm h\u00e4llidele ja v\u00f5revooditele.<\/strong><\/p>\n<hr data-start=\"1645\" data-end=\"1648\" \/>\n<p data-start=\"1650\" data-end=\"1664\"><strong data-start=\"1650\" data-end=\"1664\">Kokkuv\u00f5te:<\/strong><\/p>\n<p data-start=\"1666\" data-end=\"2091\">\u2705 Valmistatud pol\u00fcuretaanvahust<br data-start=\"1697\" data-end=\"1700\" \/>\u2705 Lisatud kiht mugavat ja hingavat lateksvahtu<br data-start=\"1746\" data-end=\"1749\" \/>\u2705 Lateksvaht hoiab \u00e4ra kahjulike mikroorganismide, seente ja tolmulestade tekke<br data-start=\"1828\" data-end=\"1831\" \/>\u2705 Suurep\u00e4rane \u00f5huringlus<br data-start=\"1855\" data-end=\"1858\" \/>\u2705 Seenevastased omadused<br data-start=\"1882\" data-end=\"1885\" \/>\u2705 PZH sertifikaat | Positiivne hinnang Emade ja Laste Instituudilt<br data-start=\"1951\" data-end=\"1954\" \/>\u2705 O\u00ebko-Tex Standard 100 sertifikaat<br data-start=\"1989\" data-end=\"1992\" \/>\u2705 Kahepoolne<br data-start=\"2004\" data-end=\"2007\" \/>\u2705 Keskmise j\u00e4ikusega<br data-start=\"2027\" data-end=\"2030\" \/>\u2705 Komplektis eemaldatav k\u00f5rgekvaliteediline Komfort Line kate<\/p>\n<p data-start=\"2093\" data-end=\"2102\"><strong data-start=\"2093\" data-end=\"2102\">Kate:<\/strong><\/p>\n<p data-start=\"2104\" data-end=\"2192\">\u2705 Eemaldatav<br data-start=\"2116\" data-end=\"2119\" \/>\u2705 Kolmekihiline 3W konstruktsioon<br data-start=\"2152\" data-end=\"2155\" \/>\u2705 Masinpestav temperatuuril kuni 60\u00b0C<\/p>\n","protected":false},"excerpt":{"rendered":"<p>Beebimadrats miniv\u00f5revooditele ja h\u00e4llidele, valmistatud PUR-vahust, mis tagab suurep\u00e4rase, stabiilse ja elastse seljatoe ning hea \u00f5huringluse. Premium beebimadratsi erip\u00e4raks on mugavust lisav lateksvahukiht, mis on h\u00e4sti hingav ja takistab kahjulike mikroorganismide, seente ning tolmulestade arengut. Lateksvaht saadakse s\u00fcnteetilise lateksi ja loodusliku kaut\u0161ukipuu piima \u00fchendamisel. 90\u00d740 cm beebimadratsi struktuur tagab veelgi parema \u00f5hu l\u00e4bilaskvuse, vastupidavuse kokkusurumisele [&hellip;]<\/p>\n","protected":false},"featured_media":507483,"template":"","meta":{"_acf_changed":false},"pwb-brand":[12000],"product_brand":[],"product_cat":[11595,11563,11789],"product_tag":[],"class_list":{"0":"post-454796","1":"product","2":"type-product","3":"status-publish","4":"has-post-thumbnail","6":"pwb-brand-woodies-2","7":"product_cat-kuni-60cm-laiused-ru","8":"product_cat-madratsid-ja-kattemadratsid-ru","9":"product_cat-lastemoobel-ja-sisustus-ru","10":"pa_manufacturer-troll-ru","12":"first","13":"onbackorder","14":"taxable","15":"shipping-taxable","16":"purchasable","17":"product-type-simple"},"exclude_global_add_ons":[],"addons":[],"acf":[],"yoast_head":"<!-- This site is optimized with the Yoast SEO plugin v27.1.1 - https:\/\/yoast.com\/product\/yoast-seo-wordpress\/ -->\n<title>Fiber plokk madrats 40x90 (quilted), \u041c\u0430\u0442\u0440\u0430\u0441\u044b \u0438 \u043c\u0430\u0442\u0440\u0430\u0441\u044b-\u043f\u043e\u043a\u0440\u044b\u0432\u0430\u043b\u0430, \u0428\u0438\u0440\u0438\u043d\u043e\u0439 \u0434\u043e 60 c\u043c, M\u0435\u0431\u0435\u043b\u044c, Beebipood<\/title>\n<meta name=\"description\" content=\"Fiber plokk madrats 40x90 (quilted), \u2022 madrats on kaetud tepitud kangaga \u2022 lukuga 100% puuvillane kate,\u00a0k\u00e4sipesu 30\u00b0C &amp;bu\" \/>\n<meta name=\"robots\" content=\"index, follow, max-snippet:-1, max-image-preview:large, max-video-preview:-1\" \/>\n<link rel=\"canonical\" href=\"https:\/\/beebipood.ee\/ru\/produkt\/beebimadrats-premium-40x90\/\" \/>\n<meta property=\"og:locale\" content=\"ru_RU\" \/>\n<meta property=\"og:type\" content=\"article\" \/>\n<meta property=\"og:title\" content=\"Fiber plokk madrats 40x90 (quilted), \u041c\u0430\u0442\u0440\u0430\u0441\u044b \u0438 \u043c\u0430\u0442\u0440\u0430\u0441\u044b-\u043f\u043e\u043a\u0440\u044b\u0432\u0430\u043b\u0430, \u0428\u0438\u0440\u0438\u043d\u043e\u0439 \u0434\u043e 60 c\u043c, M\u0435\u0431\u0435\u043b\u044c, Beebipood\" \/>\n<meta property=\"og:description\" content=\"Fiber plokk madrats 40x90 (quilted), \u2022 madrats on kaetud tepitud kangaga \u2022 lukuga 100% puuvillane kate,\u00a0k\u00e4sipesu 30\u00b0C &amp;bu\" \/>\n<meta property=\"og:url\" content=\"https:\/\/beebipood.ee\/ru\/produkt\/beebimadrats-premium-40x90\/\" \/>\n<meta property=\"og:site_name\" content=\"Beebipood\" \/>\n<meta property=\"article:modified_time\" content=\"2025-10-02T11:29:20+00:00\" \/>\n<meta property=\"og:image\" content=\"https:\/\/beebipood.ee\/wp-content\/uploads\/2013\/09\/basic-quality-and-premium-4.jpg\" \/>\n\t<meta property=\"og:image:width\" content=\"1000\" \/>\n\t<meta property=\"og:image:height\" content=\"1000\" \/>\n\t<meta property=\"og:image:type\" content=\"image\/jpeg\" \/>\n<meta name=\"twitter:card\" content=\"summary_large_image\" \/>\n<meta name=\"twitter:label1\" content=\"\u041f\u0440\u0438\u043c\u0435\u0440\u043d\u043e\u0435 \u0432\u0440\u0435\u043c\u044f \u0434\u043b\u044f \u0447\u0442\u0435\u043d\u0438\u044f\" \/>\n\t<meta name=\"twitter:data1\" content=\"2 \u043c\u0438\u043d\u0443\u0442\u044b\" \/>\n<script type=\"application\/ld+json\" class=\"yoast-schema-graph\">{\"@context\":\"https:\/\/schema.org\",\"@graph\":[{\"@type\":\"WebPage\",\"@id\":\"https:\/\/beebipood.ee\/ru\/produkt\/beebimadrats-premium-40x90\/\",\"url\":\"https:\/\/beebipood.ee\/ru\/produkt\/beebimadrats-premium-40x90\/\",\"name\":\"Fiber plokk madrats 40x90 (quilted), \u041c\u0430\u0442\u0440\u0430\u0441\u044b \u0438 \u043c\u0430\u0442\u0440\u0430\u0441\u044b-\u043f\u043e\u043a\u0440\u044b\u0432\u0430\u043b\u0430, \u0428\u0438\u0440\u0438\u043d\u043e\u0439 \u0434\u043e 60 c\u043c, M\u0435\u0431\u0435\u043b\u044c, Beebipood\",\"isPartOf\":{\"@id\":\"https:\/\/beebipood.ee\/ru\/#website\"},\"primaryImageOfPage\":{\"@id\":\"https:\/\/beebipood.ee\/ru\/produkt\/beebimadrats-premium-40x90\/#primaryimage\"},\"image\":{\"@id\":\"https:\/\/beebipood.ee\/ru\/produkt\/beebimadrats-premium-40x90\/#primaryimage\"},\"thumbnailUrl\":\"https:\/\/beebipood.ee\/wp-content\/uploads\/2013\/09\/basic-quality-and-premium-4.jpg\",\"datePublished\":\"2013-09-02T10:54:51+00:00\",\"dateModified\":\"2025-10-02T11:29:20+00:00\",\"description\":\"Fiber plokk madrats 40x90 (quilted), \u2022 madrats on kaetud tepitud kangaga \u2022 lukuga 100% puuvillane kate,\u00a0k\u00e4sipesu 30\u00b0C &bu\",\"breadcrumb\":{\"@id\":\"https:\/\/beebipood.ee\/ru\/produkt\/beebimadrats-premium-40x90\/#breadcrumb\"},\"inLanguage\":\"ru-RU\",\"potentialAction\":[{\"@type\":\"ReadAction\",\"target\":[\"https:\/\/beebipood.ee\/ru\/produkt\/beebimadrats-premium-40x90\/\"]}]},{\"@type\":\"ImageObject\",\"inLanguage\":\"ru-RU\",\"@id\":\"https:\/\/beebipood.ee\/ru\/produkt\/beebimadrats-premium-40x90\/#primaryimage\",\"url\":\"https:\/\/beebipood.ee\/wp-content\/uploads\/2013\/09\/basic-quality-and-premium-4.jpg\",\"contentUrl\":\"https:\/\/beebipood.ee\/wp-content\/uploads\/2013\/09\/basic-quality-and-premium-4.jpg\",\"width\":1000,\"height\":1000},{\"@type\":\"BreadcrumbList\",\"@id\":\"https:\/\/beebipood.ee\/ru\/produkt\/beebimadrats-premium-40x90\/#breadcrumb\",\"itemListElement\":[{\"@type\":\"ListItem\",\"position\":1,\"name\":\"Home\",\"item\":\"https:\/\/beebipood.ee\/ru\/\"},{\"@type\":\"ListItem\",\"position\":2,\"name\":\"\u041a\u0430\u0442\u0430\u043b\u043e\u0433 \u0442\u043e\u0432\u0430\u0440\u043e\u0432\",\"item\":\"https:\/\/beebipood.ee\/tooted\/\"},{\"@type\":\"ListItem\",\"position\":3,\"name\":\"Beebimadrats Premium 40\u00d790\"}]},{\"@type\":\"WebSite\",\"@id\":\"https:\/\/beebipood.ee\/ru\/#website\",\"url\":\"https:\/\/beebipood.ee\/ru\/\",\"name\":\"Beebipood\",\"description\":\"Lastekaubad, beebikaubad, m\u00e4nguasjad\",\"publisher\":{\"@id\":\"https:\/\/beebipood.ee\/ru\/#organization\"},\"potentialAction\":[{\"@type\":\"SearchAction\",\"target\":{\"@type\":\"EntryPoint\",\"urlTemplate\":\"https:\/\/beebipood.ee\/ru\/?s={search_term_string}\"},\"query-input\":{\"@type\":\"PropertyValueSpecification\",\"valueRequired\":true,\"valueName\":\"search_term_string\"}}],\"inLanguage\":\"ru-RU\"},{\"@type\":\"Organization\",\"@id\":\"https:\/\/beebipood.ee\/ru\/#organization\",\"name\":\"Beebipood\",\"url\":\"https:\/\/beebipood.ee\/ru\/\",\"logo\":{\"@type\":\"ImageObject\",\"inLanguage\":\"ru-RU\",\"@id\":\"https:\/\/beebipood.ee\/ru\/#\/schema\/logo\/image\/\",\"url\":\"https:\/\/beebipood.ee\/wp-content\/uploads\/2025\/03\/beebipood.ee-logo-1.svg\",\"contentUrl\":\"https:\/\/beebipood.ee\/wp-content\/uploads\/2025\/03\/beebipood.ee-logo-1.svg\",\"caption\":\"Beebipood\"},\"image\":{\"@id\":\"https:\/\/beebipood.ee\/ru\/#\/schema\/logo\/image\/\"}}]}<\/script>\n<!-- \/ Yoast SEO plugin. -->","yoast_head_json":{"title":"Fiber plokk madrats 40x90 (quilted), \u041c\u0430\u0442\u0440\u0430\u0441\u044b \u0438 \u043c\u0430\u0442\u0440\u0430\u0441\u044b-\u043f\u043e\u043a\u0440\u044b\u0432\u0430\u043b\u0430, \u0428\u0438\u0440\u0438\u043d\u043e\u0439 \u0434\u043e 60 c\u043c, M\u0435\u0431\u0435\u043b\u044c, Beebipood","description":"Fiber plokk madrats 40x90 (quilted), \u2022 madrats on kaetud tepitud kangaga \u2022 lukuga 100% puuvillane kate,\u00a0k\u00e4sipesu 30\u00b0C &bu","robots":{"index":"index","follow":"follow","max-snippet":"max-snippet:-1","max-image-preview":"max-image-preview:large","max-video-preview":"max-video-preview:-1"},"canonical":"https:\/\/beebipood.ee\/ru\/produkt\/beebimadrats-premium-40x90\/","og_locale":"ru_RU","og_type":"article","og_title":"Fiber plokk madrats 40x90 (quilted), \u041c\u0430\u0442\u0440\u0430\u0441\u044b \u0438 \u043c\u0430\u0442\u0440\u0430\u0441\u044b-\u043f\u043e\u043a\u0440\u044b\u0432\u0430\u043b\u0430, \u0428\u0438\u0440\u0438\u043d\u043e\u0439 \u0434\u043e 60 c\u043c, M\u0435\u0431\u0435\u043b\u044c, Beebipood","og_description":"Fiber plokk madrats 40x90 (quilted), \u2022 madrats on kaetud tepitud kangaga \u2022 lukuga 100% puuvillane kate,\u00a0k\u00e4sipesu 30\u00b0C &bu","og_url":"https:\/\/beebipood.ee\/ru\/produkt\/beebimadrats-premium-40x90\/","og_site_name":"Beebipood","article_modified_time":"2025-10-02T11:29:20+00:00","og_image":[{"width":1000,"height":1000,"url":"https:\/\/beebipood.ee\/wp-content\/uploads\/2013\/09\/basic-quality-and-premium-4.jpg","type":"image\/jpeg"}],"twitter_card":"summary_large_image","twitter_misc":{"\u041f\u0440\u0438\u043c\u0435\u0440\u043d\u043e\u0435 \u0432\u0440\u0435\u043c\u044f \u0434\u043b\u044f \u0447\u0442\u0435\u043d\u0438\u044f":"2 \u043c\u0438\u043d\u0443\u0442\u044b"},"schema":{"@context":"https:\/\/schema.org","@graph":[{"@type":"WebPage","@id":"https:\/\/beebipood.ee\/ru\/produkt\/beebimadrats-premium-40x90\/","url":"https:\/\/beebipood.ee\/ru\/produkt\/beebimadrats-premium-40x90\/","name":"Fiber plokk madrats 40x90 (quilted), \u041c\u0430\u0442\u0440\u0430\u0441\u044b \u0438 \u043c\u0430\u0442\u0440\u0430\u0441\u044b-\u043f\u043e\u043a\u0440\u044b\u0432\u0430\u043b\u0430, \u0428\u0438\u0440\u0438\u043d\u043e\u0439 \u0434\u043e 60 c\u043c, M\u0435\u0431\u0435\u043b\u044c, Beebipood","isPartOf":{"@id":"https:\/\/beebipood.ee\/ru\/#website"},"primaryImageOfPage":{"@id":"https:\/\/beebipood.ee\/ru\/produkt\/beebimadrats-premium-40x90\/#primaryimage"},"image":{"@id":"https:\/\/beebipood.ee\/ru\/produkt\/beebimadrats-premium-40x90\/#primaryimage"},"thumbnailUrl":"https:\/\/beebipood.ee\/wp-content\/uploads\/2013\/09\/basic-quality-and-premium-4.jpg","datePublished":"2013-09-02T10:54:51+00:00","dateModified":"2025-10-02T11:29:20+00:00","description":"Fiber plokk madrats 40x90 (quilted), \u2022 madrats on kaetud tepitud kangaga \u2022 lukuga 100% puuvillane kate,\u00a0k\u00e4sipesu 30\u00b0C &bu","breadcrumb":{"@id":"https:\/\/beebipood.ee\/ru\/produkt\/beebimadrats-premium-40x90\/#breadcrumb"},"inLanguage":"ru-RU","potentialAction":[{"@type":"ReadAction","target":["https:\/\/beebipood.ee\/ru\/produkt\/beebimadrats-premium-40x90\/"]}]},{"@type":"ImageObject","inLanguage":"ru-RU","@id":"https:\/\/beebipood.ee\/ru\/produkt\/beebimadrats-premium-40x90\/#primaryimage","url":"https:\/\/beebipood.ee\/wp-content\/uploads\/2013\/09\/basic-quality-and-premium-4.jpg","contentUrl":"https:\/\/beebipood.ee\/wp-content\/uploads\/2013\/09\/basic-quality-and-premium-4.jpg","width":1000,"height":1000},{"@type":"BreadcrumbList","@id":"https:\/\/beebipood.ee\/ru\/produkt\/beebimadrats-premium-40x90\/#breadcrumb","itemListElement":[{"@type":"ListItem","position":1,"name":"Home","item":"https:\/\/beebipood.ee\/ru\/"},{"@type":"ListItem","position":2,"name":"\u041a\u0430\u0442\u0430\u043b\u043e\u0433 \u0442\u043e\u0432\u0430\u0440\u043e\u0432","item":"https:\/\/beebipood.ee\/tooted\/"},{"@type":"ListItem","position":3,"name":"Beebimadrats Premium 40\u00d790"}]},{"@type":"WebSite","@id":"https:\/\/beebipood.ee\/ru\/#website","url":"https:\/\/beebipood.ee\/ru\/","name":"Beebipood","description":"Lastekaubad, beebikaubad, m\u00e4nguasjad","publisher":{"@id":"https:\/\/beebipood.ee\/ru\/#organization"},"potentialAction":[{"@type":"SearchAction","target":{"@type":"EntryPoint","urlTemplate":"https:\/\/beebipood.ee\/ru\/?s={search_term_string}"},"query-input":{"@type":"PropertyValueSpecification","valueRequired":true,"valueName":"search_term_string"}}],"inLanguage":"ru-RU"},{"@type":"Organization","@id":"https:\/\/beebipood.ee\/ru\/#organization","name":"Beebipood","url":"https:\/\/beebipood.ee\/ru\/","logo":{"@type":"ImageObject","inLanguage":"ru-RU","@id":"https:\/\/beebipood.ee\/ru\/#\/schema\/logo\/image\/","url":"https:\/\/beebipood.ee\/wp-content\/uploads\/2025\/03\/beebipood.ee-logo-1.svg","contentUrl":"https:\/\/beebipood.ee\/wp-content\/uploads\/2025\/03\/beebipood.ee-logo-1.svg","caption":"Beebipood"},"image":{"@id":"https:\/\/beebipood.ee\/ru\/#\/schema\/logo\/image\/"}}]}},"brands":[{"id":12000,"name":"Woodies","slug":"woodies-2"}],"_links":{"self":[{"href":"https:\/\/beebipood.ee\/ru\/wp-json\/wp\/v2\/product\/454796","targetHints":{"allow":["GET"]}}],"collection":[{"href":"https:\/\/beebipood.ee\/ru\/wp-json\/wp\/v2\/product"}],"about":[{"href":"https:\/\/beebipood.ee\/ru\/wp-json\/wp\/v2\/types\/product"}],"wp:featuredmedia":[{"embeddable":true,"href":"https:\/\/beebipood.ee\/ru\/wp-json\/wp\/v2\/media\/507483"}],"wp:attachment":[{"href":"https:\/\/beebipood.ee\/ru\/wp-json\/wp\/v2\/media?parent=454796"}],"wp:term":[{"taxonomy":"pwb-brand","embeddable":true,"href":"https:\/\/beebipood.ee\/ru\/wp-json\/wp\/v2\/pwb-brand?post=454796"},{"taxonomy":"product_brand","embeddable":true,"href":"https:\/\/beebipood.ee\/ru\/wp-json\/wp\/v2\/product_brand?post=454796"},{"taxonomy":"product_cat","embeddable":true,"href":"https:\/\/beebipood.ee\/ru\/wp-json\/wp\/v2\/product_cat?post=454796"},{"taxonomy":"product_tag","embeddable":true,"href":"https:\/\/beebipood.ee\/ru\/wp-json\/wp\/v2\/product_tag?post=454796"}],"curies":[{"name":"wp","href":"https:\/\/api.w.org\/{rel}","templated":true}]}}