{"id":454804,"date":"2013-09-02T13:54:58","date_gmt":"2013-09-02T10:54:58","guid":{"rendered":"https:\/\/beebipood.ee\/toode\/baby-brezza-instant-warmer-kiirsoojendaja\/"},"modified":"2026-01-08T11:17:37","modified_gmt":"2026-01-08T09:17:37","slug":"baby-brezza-instant-warmer-kiirsoojendaja","status":"publish","type":"product","link":"https:\/\/beebipood.ee\/ru\/produkt\/baby-brezza-instant-warmer-kiirsoojendaja\/","title":{"rendered":"Baby Brezza Instant Warmer kiirsoojendaja"},"content":{"rendered":"<p>N\u00e4ljasele lapsele piimasegu valmistamine <br \/>on muutunud n\u00fc\u00fcdsest kiiremaks ja lihtsamaks. <br \/>Baby Brezza Instant Warmer doseerib sooja vett koheselt, kogu aeg. <br \/>Enam ei pea ootama kuniks vesi soojeneb ja jahtub \u00f5igesse temperatuuri <br \/>samal ajal su laps ootamas n\u00e4ljasena. <br \/>Lihtsalt vajuta hoovale ja \u00f5ige temperatuuriga vesi on kohe saadaval.<br \/>Instant Warmer tagab, et vesi on alati \u00fchtlaselt soe ja ei ole liiga kuum. <br \/>Valikus on 3 temperatuuri valikut ning masin j\u00e4tab meelde <br \/>sinu temperatuuri valiku ka edaspidiseks kasutamiseks. <br \/>Sulle hakkab meeldima, kui palju aega Baby Brezza Instant Warmer sul aitab s\u00e4\u00e4sta.<br \/>Uuenduslik vee soojendi t\u00f6\u00f6tab k\u00f5igi piimapudelitega, <br \/>veepaak mahutab 1,5 liitrit vett \u2013 p\u00e4eva jagu piimasegu saab sellest valmistada. <br \/>Avasta, kui palju kiiremaks muutub piimasegu valmistamine selle masinaga, <br \/>mis on \u00f5nnistus kiire elutempoga vanematele.<\/p>\n<p>* Valmista piimasegu koheselt, enam ei pea ootama <br \/>\u00a0 \u00a0kuniks vesi soojeneb vajaliku temperatuurini<br \/>* Doseerib sooja vett 24\/7 ja s\u00e4ilitab soovitud temperatuuri p\u00e4eval ja \u00f6\u00f6sel<br \/>* Kolm temperatuuri valikut: <br \/>\u00a0 \u00a022 (toatemperatuur), <br \/>\u00a0 \u00a037 (kehatemperatuur), <br \/>\u00a0 \u00a040 (k\u00f5rgem, kui kehatemperatuur)<br \/>* H\u00fcgieeniline ja praktiline: hermeetiliselt suletud veepaak, <br \/>\u00a0 \u00a0mahutab 1,5 liitrit vett ( p\u00e4evase vajaliku veekoguse)<br \/>* Universaalne: saab kasutada k\u00f5iki piimapudeleid<br \/>* 2 aastat garantiid<br \/>* BPA vabad materjalid<br \/>* Auhinnatud toode<\/p>\n","protected":false},"excerpt":{"rendered":"<p>N\u00e4ljasele lapsele piimasegu valmistamine on muutunud n\u00fc\u00fcdsest kiiremaks ja lihtsamaks. Baby Brezza Instant Warmer doseerib sooja vett koheselt, kogu aeg. Enam ei pea ootama kuniks vesi soojeneb ja jahtub \u00f5igesse temperatuuri samal ajal su laps ootamas n\u00e4ljasena. Lihtsalt vajuta hoovale ja \u00f5ige temperatuuriga vesi on kohe saadaval.Instant Warmer tagab, et vesi on alati \u00fchtlaselt soe [&hellip;]<\/p>\n","protected":false},"featured_media":101626,"template":"","meta":{"_acf_changed":false},"pwb-brand":[],"product_brand":[],"product_cat":[11709,11883],"product_tag":[],"class_list":{"0":"post-454804","1":"product","2":"type-product","3":"status-publish","4":"has-post-thumbnail","6":"product_cat-sootmistoolid-beebi-ja-lastetarbed-mahkimine-hugieen-ru","7":"product_cat-toidu-valmistamine-ru","9":"first","10":"instock","11":"taxable","12":"shipping-taxable","13":"purchasable","14":"product-type-simple"},"exclude_global_add_ons":[],"addons":[],"acf":[],"yoast_head":"<!-- This site is optimized with the Yoast SEO plugin v27.1.1 - https:\/\/yoast.com\/product\/yoast-seo-wordpress\/ -->\n<title>Baby Brezza Instant Warmer kiirsoojendaja , \u0421\u041a\u0418\u0414\u041a\u0418, \u041f\u0440\u0438\u043d\u0430\u0434\u043b\u0435\u0436\u043d\u043e\u0441\u0442\u0438 \u0434\u043b\u044f \u043c\u043b\u0430\u0434\u0435\u043d\u0446\u0435\u0432, \u041f\u0440\u0438\u0433\u043e\u0442\u043e\u0432\u043b\u0435\u043d\u0438\u0435 , Beebipood<\/title>\n<meta name=\"description\" content=\"Baby Brezza Instant Warmer kiirsoojendaja , N&auml;ljasele lapsele piimasegu valmistamine on muutunud n&uuml;&uuml;dsest kiiremaks ja lihtsamaks. &lt;br \/\" \/>\n<meta name=\"robots\" content=\"index, follow, max-snippet:-1, max-image-preview:large, max-video-preview:-1\" \/>\n<link rel=\"canonical\" href=\"https:\/\/beebipood.ee\/ru\/produkt\/baby-brezza-instant-warmer-kiirsoojendaja\/\" \/>\n<meta property=\"og:locale\" content=\"ru_RU\" \/>\n<meta property=\"og:type\" content=\"article\" \/>\n<meta property=\"og:title\" content=\"Baby Brezza Instant Warmer kiirsoojendaja , \u0421\u041a\u0418\u0414\u041a\u0418, \u041f\u0440\u0438\u043d\u0430\u0434\u043b\u0435\u0436\u043d\u043e\u0441\u0442\u0438 \u0434\u043b\u044f \u043c\u043b\u0430\u0434\u0435\u043d\u0446\u0435\u0432, \u041f\u0440\u0438\u0433\u043e\u0442\u043e\u0432\u043b\u0435\u043d\u0438\u0435 , Beebipood\" \/>\n<meta property=\"og:description\" content=\"Baby Brezza Instant Warmer kiirsoojendaja , N&auml;ljasele lapsele piimasegu valmistamine on muutunud n&uuml;&uuml;dsest kiiremaks ja lihtsamaks. &lt;br \/\" \/>\n<meta property=\"og:url\" content=\"https:\/\/beebipood.ee\/ru\/produkt\/baby-brezza-instant-warmer-kiirsoojendaja\/\" \/>\n<meta property=\"og:site_name\" content=\"Beebipood\" \/>\n<meta property=\"article:modified_time\" content=\"2026-01-08T09:17:37+00:00\" \/>\n<meta property=\"og:image\" content=\"https:\/\/beebipood.ee\/wp-content\/uploads\/2013\/09\/Baby-Brezza-Instant-Warmer-kiirsoojendaja-UUED-TOOTED-Beebi-ja-lastetarbed-Toiduvalmistamine_3-0bb.jpg\" \/>\n\t<meta property=\"og:image:width\" content=\"1969\" \/>\n\t<meta property=\"og:image:height\" content=\"2224\" \/>\n\t<meta property=\"og:image:type\" content=\"image\/jpeg\" \/>\n<meta name=\"twitter:card\" content=\"summary_large_image\" \/>\n<meta name=\"twitter:label1\" content=\"\u041f\u0440\u0438\u043c\u0435\u0440\u043d\u043e\u0435 \u0432\u0440\u0435\u043c\u044f \u0434\u043b\u044f \u0447\u0442\u0435\u043d\u0438\u044f\" \/>\n\t<meta name=\"twitter:data1\" content=\"1 \u043c\u0438\u043d\u0443\u0442\u0430\" \/>\n<script type=\"application\/ld+json\" class=\"yoast-schema-graph\">{\"@context\":\"https:\/\/schema.org\",\"@graph\":[{\"@type\":\"WebPage\",\"@id\":\"https:\/\/beebipood.ee\/ru\/produkt\/baby-brezza-instant-warmer-kiirsoojendaja\/\",\"url\":\"https:\/\/beebipood.ee\/ru\/produkt\/baby-brezza-instant-warmer-kiirsoojendaja\/\",\"name\":\"Baby Brezza Instant Warmer kiirsoojendaja , \u0421\u041a\u0418\u0414\u041a\u0418, \u041f\u0440\u0438\u043d\u0430\u0434\u043b\u0435\u0436\u043d\u043e\u0441\u0442\u0438 \u0434\u043b\u044f \u043c\u043b\u0430\u0434\u0435\u043d\u0446\u0435\u0432, \u041f\u0440\u0438\u0433\u043e\u0442\u043e\u0432\u043b\u0435\u043d\u0438\u0435 , Beebipood\",\"isPartOf\":{\"@id\":\"https:\/\/beebipood.ee\/ru\/#website\"},\"primaryImageOfPage\":{\"@id\":\"https:\/\/beebipood.ee\/ru\/produkt\/baby-brezza-instant-warmer-kiirsoojendaja\/#primaryimage\"},\"image\":{\"@id\":\"https:\/\/beebipood.ee\/ru\/produkt\/baby-brezza-instant-warmer-kiirsoojendaja\/#primaryimage\"},\"thumbnailUrl\":\"https:\/\/beebipood.ee\/wp-content\/uploads\/2013\/09\/Baby-Brezza-Instant-Warmer-kiirsoojendaja-UUED-TOOTED-Beebi-ja-lastetarbed-Toiduvalmistamine_3-0bb.jpg\",\"datePublished\":\"2013-09-02T10:54:58+00:00\",\"dateModified\":\"2026-01-08T09:17:37+00:00\",\"description\":\"Baby Brezza Instant Warmer kiirsoojendaja , N&auml;ljasele lapsele piimasegu valmistamine on muutunud n&uuml;&uuml;dsest kiiremaks ja lihtsamaks. &lt;br \/\",\"breadcrumb\":{\"@id\":\"https:\/\/beebipood.ee\/ru\/produkt\/baby-brezza-instant-warmer-kiirsoojendaja\/#breadcrumb\"},\"inLanguage\":\"ru-RU\",\"potentialAction\":[{\"@type\":\"ReadAction\",\"target\":[\"https:\/\/beebipood.ee\/ru\/produkt\/baby-brezza-instant-warmer-kiirsoojendaja\/\"]}]},{\"@type\":\"ImageObject\",\"inLanguage\":\"ru-RU\",\"@id\":\"https:\/\/beebipood.ee\/ru\/produkt\/baby-brezza-instant-warmer-kiirsoojendaja\/#primaryimage\",\"url\":\"https:\/\/beebipood.ee\/wp-content\/uploads\/2013\/09\/Baby-Brezza-Instant-Warmer-kiirsoojendaja-UUED-TOOTED-Beebi-ja-lastetarbed-Toiduvalmistamine_3-0bb.jpg\",\"contentUrl\":\"https:\/\/beebipood.ee\/wp-content\/uploads\/2013\/09\/Baby-Brezza-Instant-Warmer-kiirsoojendaja-UUED-TOOTED-Beebi-ja-lastetarbed-Toiduvalmistamine_3-0bb.jpg\",\"width\":1969,\"height\":2224},{\"@type\":\"BreadcrumbList\",\"@id\":\"https:\/\/beebipood.ee\/ru\/produkt\/baby-brezza-instant-warmer-kiirsoojendaja\/#breadcrumb\",\"itemListElement\":[{\"@type\":\"ListItem\",\"position\":1,\"name\":\"Home\",\"item\":\"https:\/\/beebipood.ee\/ru\/\"},{\"@type\":\"ListItem\",\"position\":2,\"name\":\"\u041a\u0430\u0442\u0430\u043b\u043e\u0433 \u0442\u043e\u0432\u0430\u0440\u043e\u0432\",\"item\":\"https:\/\/beebipood.ee\/tooted\/\"},{\"@type\":\"ListItem\",\"position\":3,\"name\":\"Baby Brezza Instant Warmer kiirsoojendaja\"}]},{\"@type\":\"WebSite\",\"@id\":\"https:\/\/beebipood.ee\/ru\/#website\",\"url\":\"https:\/\/beebipood.ee\/ru\/\",\"name\":\"Beebipood\",\"description\":\"Lastekaubad, beebikaubad, m\u00e4nguasjad\",\"publisher\":{\"@id\":\"https:\/\/beebipood.ee\/ru\/#organization\"},\"potentialAction\":[{\"@type\":\"SearchAction\",\"target\":{\"@type\":\"EntryPoint\",\"urlTemplate\":\"https:\/\/beebipood.ee\/ru\/?s={search_term_string}\"},\"query-input\":{\"@type\":\"PropertyValueSpecification\",\"valueRequired\":true,\"valueName\":\"search_term_string\"}}],\"inLanguage\":\"ru-RU\"},{\"@type\":\"Organization\",\"@id\":\"https:\/\/beebipood.ee\/ru\/#organization\",\"name\":\"Beebipood\",\"url\":\"https:\/\/beebipood.ee\/ru\/\",\"logo\":{\"@type\":\"ImageObject\",\"inLanguage\":\"ru-RU\",\"@id\":\"https:\/\/beebipood.ee\/ru\/#\/schema\/logo\/image\/\",\"url\":\"https:\/\/beebipood.ee\/wp-content\/uploads\/2025\/03\/beebipood.ee-logo-1.svg\",\"contentUrl\":\"https:\/\/beebipood.ee\/wp-content\/uploads\/2025\/03\/beebipood.ee-logo-1.svg\",\"caption\":\"Beebipood\"},\"image\":{\"@id\":\"https:\/\/beebipood.ee\/ru\/#\/schema\/logo\/image\/\"}}]}<\/script>\n<!-- \/ Yoast SEO plugin. -->","yoast_head_json":{"title":"Baby Brezza Instant Warmer kiirsoojendaja , \u0421\u041a\u0418\u0414\u041a\u0418, \u041f\u0440\u0438\u043d\u0430\u0434\u043b\u0435\u0436\u043d\u043e\u0441\u0442\u0438 \u0434\u043b\u044f \u043c\u043b\u0430\u0434\u0435\u043d\u0446\u0435\u0432, \u041f\u0440\u0438\u0433\u043e\u0442\u043e\u0432\u043b\u0435\u043d\u0438\u0435 , Beebipood","description":"Baby Brezza Instant Warmer kiirsoojendaja , N&auml;ljasele lapsele piimasegu valmistamine on muutunud n&uuml;&uuml;dsest kiiremaks ja lihtsamaks. &lt;br \/","robots":{"index":"index","follow":"follow","max-snippet":"max-snippet:-1","max-image-preview":"max-image-preview:large","max-video-preview":"max-video-preview:-1"},"canonical":"https:\/\/beebipood.ee\/ru\/produkt\/baby-brezza-instant-warmer-kiirsoojendaja\/","og_locale":"ru_RU","og_type":"article","og_title":"Baby Brezza Instant Warmer kiirsoojendaja , \u0421\u041a\u0418\u0414\u041a\u0418, \u041f\u0440\u0438\u043d\u0430\u0434\u043b\u0435\u0436\u043d\u043e\u0441\u0442\u0438 \u0434\u043b\u044f \u043c\u043b\u0430\u0434\u0435\u043d\u0446\u0435\u0432, \u041f\u0440\u0438\u0433\u043e\u0442\u043e\u0432\u043b\u0435\u043d\u0438\u0435 , Beebipood","og_description":"Baby Brezza Instant Warmer kiirsoojendaja , N&auml;ljasele lapsele piimasegu valmistamine on muutunud n&uuml;&uuml;dsest kiiremaks ja lihtsamaks. &lt;br \/","og_url":"https:\/\/beebipood.ee\/ru\/produkt\/baby-brezza-instant-warmer-kiirsoojendaja\/","og_site_name":"Beebipood","article_modified_time":"2026-01-08T09:17:37+00:00","og_image":[{"width":1969,"height":2224,"url":"https:\/\/beebipood.ee\/wp-content\/uploads\/2013\/09\/Baby-Brezza-Instant-Warmer-kiirsoojendaja-UUED-TOOTED-Beebi-ja-lastetarbed-Toiduvalmistamine_3-0bb.jpg","type":"image\/jpeg"}],"twitter_card":"summary_large_image","twitter_misc":{"\u041f\u0440\u0438\u043c\u0435\u0440\u043d\u043e\u0435 \u0432\u0440\u0435\u043c\u044f \u0434\u043b\u044f \u0447\u0442\u0435\u043d\u0438\u044f":"1 \u043c\u0438\u043d\u0443\u0442\u0430"},"schema":{"@context":"https:\/\/schema.org","@graph":[{"@type":"WebPage","@id":"https:\/\/beebipood.ee\/ru\/produkt\/baby-brezza-instant-warmer-kiirsoojendaja\/","url":"https:\/\/beebipood.ee\/ru\/produkt\/baby-brezza-instant-warmer-kiirsoojendaja\/","name":"Baby Brezza Instant Warmer kiirsoojendaja , \u0421\u041a\u0418\u0414\u041a\u0418, \u041f\u0440\u0438\u043d\u0430\u0434\u043b\u0435\u0436\u043d\u043e\u0441\u0442\u0438 \u0434\u043b\u044f \u043c\u043b\u0430\u0434\u0435\u043d\u0446\u0435\u0432, \u041f\u0440\u0438\u0433\u043e\u0442\u043e\u0432\u043b\u0435\u043d\u0438\u0435 , Beebipood","isPartOf":{"@id":"https:\/\/beebipood.ee\/ru\/#website"},"primaryImageOfPage":{"@id":"https:\/\/beebipood.ee\/ru\/produkt\/baby-brezza-instant-warmer-kiirsoojendaja\/#primaryimage"},"image":{"@id":"https:\/\/beebipood.ee\/ru\/produkt\/baby-brezza-instant-warmer-kiirsoojendaja\/#primaryimage"},"thumbnailUrl":"https:\/\/beebipood.ee\/wp-content\/uploads\/2013\/09\/Baby-Brezza-Instant-Warmer-kiirsoojendaja-UUED-TOOTED-Beebi-ja-lastetarbed-Toiduvalmistamine_3-0bb.jpg","datePublished":"2013-09-02T10:54:58+00:00","dateModified":"2026-01-08T09:17:37+00:00","description":"Baby Brezza Instant Warmer kiirsoojendaja , N&auml;ljasele lapsele piimasegu valmistamine on muutunud n&uuml;&uuml;dsest kiiremaks ja lihtsamaks. &lt;br \/","breadcrumb":{"@id":"https:\/\/beebipood.ee\/ru\/produkt\/baby-brezza-instant-warmer-kiirsoojendaja\/#breadcrumb"},"inLanguage":"ru-RU","potentialAction":[{"@type":"ReadAction","target":["https:\/\/beebipood.ee\/ru\/produkt\/baby-brezza-instant-warmer-kiirsoojendaja\/"]}]},{"@type":"ImageObject","inLanguage":"ru-RU","@id":"https:\/\/beebipood.ee\/ru\/produkt\/baby-brezza-instant-warmer-kiirsoojendaja\/#primaryimage","url":"https:\/\/beebipood.ee\/wp-content\/uploads\/2013\/09\/Baby-Brezza-Instant-Warmer-kiirsoojendaja-UUED-TOOTED-Beebi-ja-lastetarbed-Toiduvalmistamine_3-0bb.jpg","contentUrl":"https:\/\/beebipood.ee\/wp-content\/uploads\/2013\/09\/Baby-Brezza-Instant-Warmer-kiirsoojendaja-UUED-TOOTED-Beebi-ja-lastetarbed-Toiduvalmistamine_3-0bb.jpg","width":1969,"height":2224},{"@type":"BreadcrumbList","@id":"https:\/\/beebipood.ee\/ru\/produkt\/baby-brezza-instant-warmer-kiirsoojendaja\/#breadcrumb","itemListElement":[{"@type":"ListItem","position":1,"name":"Home","item":"https:\/\/beebipood.ee\/ru\/"},{"@type":"ListItem","position":2,"name":"\u041a\u0430\u0442\u0430\u043b\u043e\u0433 \u0442\u043e\u0432\u0430\u0440\u043e\u0432","item":"https:\/\/beebipood.ee\/tooted\/"},{"@type":"ListItem","position":3,"name":"Baby Brezza Instant Warmer kiirsoojendaja"}]},{"@type":"WebSite","@id":"https:\/\/beebipood.ee\/ru\/#website","url":"https:\/\/beebipood.ee\/ru\/","name":"Beebipood","description":"Lastekaubad, beebikaubad, m\u00e4nguasjad","publisher":{"@id":"https:\/\/beebipood.ee\/ru\/#organization"},"potentialAction":[{"@type":"SearchAction","target":{"@type":"EntryPoint","urlTemplate":"https:\/\/beebipood.ee\/ru\/?s={search_term_string}"},"query-input":{"@type":"PropertyValueSpecification","valueRequired":true,"valueName":"search_term_string"}}],"inLanguage":"ru-RU"},{"@type":"Organization","@id":"https:\/\/beebipood.ee\/ru\/#organization","name":"Beebipood","url":"https:\/\/beebipood.ee\/ru\/","logo":{"@type":"ImageObject","inLanguage":"ru-RU","@id":"https:\/\/beebipood.ee\/ru\/#\/schema\/logo\/image\/","url":"https:\/\/beebipood.ee\/wp-content\/uploads\/2025\/03\/beebipood.ee-logo-1.svg","contentUrl":"https:\/\/beebipood.ee\/wp-content\/uploads\/2025\/03\/beebipood.ee-logo-1.svg","caption":"Beebipood"},"image":{"@id":"https:\/\/beebipood.ee\/ru\/#\/schema\/logo\/image\/"}}]}},"brands":[],"_links":{"self":[{"href":"https:\/\/beebipood.ee\/ru\/wp-json\/wp\/v2\/product\/454804","targetHints":{"allow":["GET"]}}],"collection":[{"href":"https:\/\/beebipood.ee\/ru\/wp-json\/wp\/v2\/product"}],"about":[{"href":"https:\/\/beebipood.ee\/ru\/wp-json\/wp\/v2\/types\/product"}],"wp:featuredmedia":[{"embeddable":true,"href":"https:\/\/beebipood.ee\/ru\/wp-json\/wp\/v2\/media\/101626"}],"wp:attachment":[{"href":"https:\/\/beebipood.ee\/ru\/wp-json\/wp\/v2\/media?parent=454804"}],"wp:term":[{"taxonomy":"pwb-brand","embeddable":true,"href":"https:\/\/beebipood.ee\/ru\/wp-json\/wp\/v2\/pwb-brand?post=454804"},{"taxonomy":"product_brand","embeddable":true,"href":"https:\/\/beebipood.ee\/ru\/wp-json\/wp\/v2\/product_brand?post=454804"},{"taxonomy":"product_cat","embeddable":true,"href":"https:\/\/beebipood.ee\/ru\/wp-json\/wp\/v2\/product_cat?post=454804"},{"taxonomy":"product_tag","embeddable":true,"href":"https:\/\/beebipood.ee\/ru\/wp-json\/wp\/v2\/product_tag?post=454804"}],"curies":[{"name":"wp","href":"https:\/\/api.w.org\/{rel}","templated":true}]}}