{"id":454828,"date":"2013-09-02T13:55:43","date_gmt":"2013-09-02T10:55:43","guid":{"rendered":"https:\/\/beebipood.ee\/toode\/vedrumadrats-sleepwell-red-orthopedic-120x200\/"},"modified":"2025-01-09T10:52:03","modified_gmt":"2025-01-09T08:52:03","slug":"vedrumadrats-sleepwell-red-orthopedic-120x200","status":"publish","type":"product","link":"https:\/\/beebipood.ee\/ru\/produkt\/vedrumadrats-sleepwell-red-orthopedic-120x200\/","title":{"rendered":"Vedrumadrats Sleepwell Red Orthopedic 120&#215;200"},"content":{"rendered":"<p>K\u00f5ikide j\u00e4iga aseme austajate unelmate madrats, <br \/>mille sisuks on pakitud 5-tsooniline pocket-vedrustus.<br \/>\u00dchel poolel on j\u00e4ik naturaalsetest kookosp\u00e4hkli kiududest valmistatud kiht. <br \/>Teisel Tiger Touch poroloon, mis on materjalit\u00f6\u00f6stuse viimane s\u00f5na,<br \/>laseb h\u00e4sti \u00f5hul liikuda ning moodustab m\u00f5nusalt vetruva, keha toetava vormi.<br \/>Lisamugavust pakub madratsi m\u00f5lemal poolel puuvill.<br \/>Loodusliku bambuse kiude sisaldav kangas juhib h\u00e4sti niiskust <br \/>ning v\u00e4hendab higistamise ohtu.<br \/>Madratsikate on eemaldatav ja pestav kuni 40-kraadises vees.<br \/>Saadaval on m\u00f5\u00f5dud 80&#215;200, 90&#215;200, 120&#215;200, 140&#215;200, 160&#215;200 ja 180&#215;200.<br \/>Madratsile tuleb juurde lisada ka Sleepwelli kattemadrats, <br \/>mis loob t\u00e4iendava lisamugavuse, kaitseb madratsit, pikendab selle eluiga <br \/>ning aitab kaasa heale voodih\u00fcgieenile.<br \/>Toode on disainitud ja toodetud Eestis.<br \/>Porolooni on heaks kiitnud Eesti Allergialiit. <br \/>Sleepwelli toodetes kasutatavad materjalid nagu kangas, puuvill, vill <br \/>ja vatiin vastavad rahvusvahelisele \u00d6ko-Tex 100 standardile.<br \/>Vedru tsoonide arv: 5-tsooniline pocket<br \/>J\u00e4ikus: J\u00e4ik<br \/>Sisu: kookos 2 cm \/ Tiger Touch poroloon 3 cm<br \/>Vooderdus: puuvill \/ puuvill<br \/>Kate: bambusviskoos 36% \/ pol\u00fcester 64%<br \/>Kanga erit\u00f6\u00f6tlus: Bamboo- Anti yellowing<br \/>\u00d6KO-TEX sertifikaat: jah<br \/>Pestav: temperatuur 40<br \/>K\u00f5rgus: 21 cm<\/p>\n","protected":false},"excerpt":{"rendered":"<p>K\u00f5ikide j\u00e4iga aseme austajate unelmate madrats, mille sisuks on pakitud 5-tsooniline pocket-vedrustus.\u00dchel poolel on j\u00e4ik naturaalsetest kookosp\u00e4hkli kiududest valmistatud kiht. Teisel Tiger Touch poroloon, mis on materjalit\u00f6\u00f6stuse viimane s\u00f5na,laseb h\u00e4sti \u00f5hul liikuda ning moodustab m\u00f5nusalt vetruva, keha toetava vormi.Lisamugavust pakub madratsi m\u00f5lemal poolel puuvill.Loodusliku bambuse kiude sisaldav kangas juhib h\u00e4sti niiskust ning v\u00e4hendab higistamise ohtu.Madratsikate [&hellip;]<\/p>\n","protected":false},"featured_media":101750,"template":"","meta":{"_acf_changed":false},"pwb-brand":[11506],"product_brand":[],"product_cat":[11563,11603,11789],"product_tag":[],"class_list":{"0":"post-454828","1":"product","2":"type-product","3":"status-publish","4":"has-post-thumbnail","6":"pwb-brand-sleepwell","7":"product_cat-madratsid-ja-kattemadratsid-ru","8":"product_cat-kuni-120cm-laiused-ru","9":"product_cat-lastemoobel-ja-sisustus-ru","10":"pa_manufacturer-sleepwell","12":"first","13":"onbackorder","14":"taxable","15":"shipping-taxable","16":"purchasable","17":"product-type-simple"},"exclude_global_add_ons":[],"addons":[],"acf":[],"yoast_head":"<!-- This site is optimized with the Yoast SEO plugin v27.1.1 - https:\/\/yoast.com\/product\/yoast-seo-wordpress\/ -->\n<title>Vedrumadrats Sleepwell Red Orthopedic 120x200, \u041c\u0430\u0442\u0440\u0430\u0441\u044b \u0438 \u043c\u0430\u0442\u0440\u0430\u0441\u044b-\u043f\u043e\u043a\u0440\u044b\u0432\u0430\u043b\u0430, \u0421\u041a\u0418\u0414\u041a\u0418, \u0428\u0438\u0440\u0438\u043d\u043e\u0439 \u0434\u043e 120 c\u043c, M\u0435\u0431\u0435\u043b\u044c, Sleepwell soodushinnad, Beebipood<\/title>\n<meta name=\"description\" content=\"Vedrumadrats Sleepwell Red Orthopedic 120x200, K&otilde;ikide j&auml;iga aseme austajate unelmate madrats, mille sisuks on pakitud 5-tsooniline pocket-\" \/>\n<meta name=\"robots\" content=\"index, follow, max-snippet:-1, max-image-preview:large, max-video-preview:-1\" \/>\n<link rel=\"canonical\" href=\"https:\/\/beebipood.ee\/ru\/produkt\/vedrumadrats-sleepwell-red-orthopedic-120x200\/\" \/>\n<meta property=\"og:locale\" content=\"ru_RU\" \/>\n<meta property=\"og:type\" content=\"article\" \/>\n<meta property=\"og:title\" content=\"Vedrumadrats Sleepwell Red Orthopedic 120x200, \u041c\u0430\u0442\u0440\u0430\u0441\u044b \u0438 \u043c\u0430\u0442\u0440\u0430\u0441\u044b-\u043f\u043e\u043a\u0440\u044b\u0432\u0430\u043b\u0430, \u0421\u041a\u0418\u0414\u041a\u0418, \u0428\u0438\u0440\u0438\u043d\u043e\u0439 \u0434\u043e 120 c\u043c, M\u0435\u0431\u0435\u043b\u044c, Sleepwell soodushinnad, Beebipood\" \/>\n<meta property=\"og:description\" content=\"Vedrumadrats Sleepwell Red Orthopedic 120x200, K&otilde;ikide j&auml;iga aseme austajate unelmate madrats, mille sisuks on pakitud 5-tsooniline pocket-\" \/>\n<meta property=\"og:url\" content=\"https:\/\/beebipood.ee\/ru\/produkt\/vedrumadrats-sleepwell-red-orthopedic-120x200\/\" \/>\n<meta property=\"og:site_name\" content=\"Beebipood\" \/>\n<meta property=\"article:modified_time\" content=\"2025-01-09T08:52:03+00:00\" \/>\n<meta property=\"og:image\" content=\"https:\/\/beebipood.ee\/wp-content\/uploads\/2013\/09\/Vedrumadrats-Sleepwell-Red-Orthopedic-120x200-Madratsid-ja-kattemadratsid-Kuni-120cm-laiused-Lastemoobel-ja-sisustus-Sleepwell-soodushinnad_1-2d0.png\" \/>\n\t<meta property=\"og:image:width\" content=\"1414\" \/>\n\t<meta property=\"og:image:height\" content=\"1000\" \/>\n\t<meta property=\"og:image:type\" content=\"image\/png\" \/>\n<meta name=\"twitter:card\" content=\"summary_large_image\" \/>\n<meta name=\"twitter:label1\" content=\"\u041f\u0440\u0438\u043c\u0435\u0440\u043d\u043e\u0435 \u0432\u0440\u0435\u043c\u044f \u0434\u043b\u044f \u0447\u0442\u0435\u043d\u0438\u044f\" \/>\n\t<meta name=\"twitter:data1\" content=\"1 \u043c\u0438\u043d\u0443\u0442\u0430\" \/>\n<script type=\"application\/ld+json\" class=\"yoast-schema-graph\">{\"@context\":\"https:\/\/schema.org\",\"@graph\":[{\"@type\":\"WebPage\",\"@id\":\"https:\/\/beebipood.ee\/ru\/produkt\/vedrumadrats-sleepwell-red-orthopedic-120x200\/\",\"url\":\"https:\/\/beebipood.ee\/ru\/produkt\/vedrumadrats-sleepwell-red-orthopedic-120x200\/\",\"name\":\"Vedrumadrats Sleepwell Red Orthopedic 120x200, \u041c\u0430\u0442\u0440\u0430\u0441\u044b \u0438 \u043c\u0430\u0442\u0440\u0430\u0441\u044b-\u043f\u043e\u043a\u0440\u044b\u0432\u0430\u043b\u0430, \u0421\u041a\u0418\u0414\u041a\u0418, \u0428\u0438\u0440\u0438\u043d\u043e\u0439 \u0434\u043e 120 c\u043c, M\u0435\u0431\u0435\u043b\u044c, Sleepwell soodushinnad, Beebipood\",\"isPartOf\":{\"@id\":\"https:\/\/beebipood.ee\/ru\/#website\"},\"primaryImageOfPage\":{\"@id\":\"https:\/\/beebipood.ee\/ru\/produkt\/vedrumadrats-sleepwell-red-orthopedic-120x200\/#primaryimage\"},\"image\":{\"@id\":\"https:\/\/beebipood.ee\/ru\/produkt\/vedrumadrats-sleepwell-red-orthopedic-120x200\/#primaryimage\"},\"thumbnailUrl\":\"https:\/\/beebipood.ee\/wp-content\/uploads\/2013\/09\/Vedrumadrats-Sleepwell-Red-Orthopedic-120x200-Madratsid-ja-kattemadratsid-Kuni-120cm-laiused-Lastemoobel-ja-sisustus-Sleepwell-soodushinnad_1-2d0.png\",\"datePublished\":\"2013-09-02T10:55:43+00:00\",\"dateModified\":\"2025-01-09T08:52:03+00:00\",\"description\":\"Vedrumadrats Sleepwell Red Orthopedic 120x200, K&otilde;ikide j&auml;iga aseme austajate unelmate madrats, mille sisuks on pakitud 5-tsooniline pocket-\",\"breadcrumb\":{\"@id\":\"https:\/\/beebipood.ee\/ru\/produkt\/vedrumadrats-sleepwell-red-orthopedic-120x200\/#breadcrumb\"},\"inLanguage\":\"ru-RU\",\"potentialAction\":[{\"@type\":\"ReadAction\",\"target\":[\"https:\/\/beebipood.ee\/ru\/produkt\/vedrumadrats-sleepwell-red-orthopedic-120x200\/\"]}]},{\"@type\":\"ImageObject\",\"inLanguage\":\"ru-RU\",\"@id\":\"https:\/\/beebipood.ee\/ru\/produkt\/vedrumadrats-sleepwell-red-orthopedic-120x200\/#primaryimage\",\"url\":\"https:\/\/beebipood.ee\/wp-content\/uploads\/2013\/09\/Vedrumadrats-Sleepwell-Red-Orthopedic-120x200-Madratsid-ja-kattemadratsid-Kuni-120cm-laiused-Lastemoobel-ja-sisustus-Sleepwell-soodushinnad_1-2d0.png\",\"contentUrl\":\"https:\/\/beebipood.ee\/wp-content\/uploads\/2013\/09\/Vedrumadrats-Sleepwell-Red-Orthopedic-120x200-Madratsid-ja-kattemadratsid-Kuni-120cm-laiused-Lastemoobel-ja-sisustus-Sleepwell-soodushinnad_1-2d0.png\",\"width\":1414,\"height\":1000},{\"@type\":\"BreadcrumbList\",\"@id\":\"https:\/\/beebipood.ee\/ru\/produkt\/vedrumadrats-sleepwell-red-orthopedic-120x200\/#breadcrumb\",\"itemListElement\":[{\"@type\":\"ListItem\",\"position\":1,\"name\":\"Home\",\"item\":\"https:\/\/beebipood.ee\/ru\/\"},{\"@type\":\"ListItem\",\"position\":2,\"name\":\"\u041a\u0430\u0442\u0430\u043b\u043e\u0433 \u0442\u043e\u0432\u0430\u0440\u043e\u0432\",\"item\":\"https:\/\/beebipood.ee\/tooted\/\"},{\"@type\":\"ListItem\",\"position\":3,\"name\":\"Vedrumadrats Sleepwell Red Orthopedic 120&#215;200\"}]},{\"@type\":\"WebSite\",\"@id\":\"https:\/\/beebipood.ee\/ru\/#website\",\"url\":\"https:\/\/beebipood.ee\/ru\/\",\"name\":\"Beebipood\",\"description\":\"Lastekaubad, beebikaubad, m\u00e4nguasjad\",\"publisher\":{\"@id\":\"https:\/\/beebipood.ee\/ru\/#organization\"},\"potentialAction\":[{\"@type\":\"SearchAction\",\"target\":{\"@type\":\"EntryPoint\",\"urlTemplate\":\"https:\/\/beebipood.ee\/ru\/?s={search_term_string}\"},\"query-input\":{\"@type\":\"PropertyValueSpecification\",\"valueRequired\":true,\"valueName\":\"search_term_string\"}}],\"inLanguage\":\"ru-RU\"},{\"@type\":\"Organization\",\"@id\":\"https:\/\/beebipood.ee\/ru\/#organization\",\"name\":\"Beebipood\",\"url\":\"https:\/\/beebipood.ee\/ru\/\",\"logo\":{\"@type\":\"ImageObject\",\"inLanguage\":\"ru-RU\",\"@id\":\"https:\/\/beebipood.ee\/ru\/#\/schema\/logo\/image\/\",\"url\":\"https:\/\/beebipood.ee\/wp-content\/uploads\/2025\/03\/beebipood.ee-logo-1.svg\",\"contentUrl\":\"https:\/\/beebipood.ee\/wp-content\/uploads\/2025\/03\/beebipood.ee-logo-1.svg\",\"caption\":\"Beebipood\"},\"image\":{\"@id\":\"https:\/\/beebipood.ee\/ru\/#\/schema\/logo\/image\/\"}}]}<\/script>\n<!-- \/ Yoast SEO plugin. -->","yoast_head_json":{"title":"Vedrumadrats Sleepwell Red Orthopedic 120x200, \u041c\u0430\u0442\u0440\u0430\u0441\u044b \u0438 \u043c\u0430\u0442\u0440\u0430\u0441\u044b-\u043f\u043e\u043a\u0440\u044b\u0432\u0430\u043b\u0430, \u0421\u041a\u0418\u0414\u041a\u0418, \u0428\u0438\u0440\u0438\u043d\u043e\u0439 \u0434\u043e 120 c\u043c, M\u0435\u0431\u0435\u043b\u044c, Sleepwell soodushinnad, Beebipood","description":"Vedrumadrats Sleepwell Red Orthopedic 120x200, K&otilde;ikide j&auml;iga aseme austajate unelmate madrats, mille sisuks on pakitud 5-tsooniline pocket-","robots":{"index":"index","follow":"follow","max-snippet":"max-snippet:-1","max-image-preview":"max-image-preview:large","max-video-preview":"max-video-preview:-1"},"canonical":"https:\/\/beebipood.ee\/ru\/produkt\/vedrumadrats-sleepwell-red-orthopedic-120x200\/","og_locale":"ru_RU","og_type":"article","og_title":"Vedrumadrats Sleepwell Red Orthopedic 120x200, \u041c\u0430\u0442\u0440\u0430\u0441\u044b \u0438 \u043c\u0430\u0442\u0440\u0430\u0441\u044b-\u043f\u043e\u043a\u0440\u044b\u0432\u0430\u043b\u0430, \u0421\u041a\u0418\u0414\u041a\u0418, \u0428\u0438\u0440\u0438\u043d\u043e\u0439 \u0434\u043e 120 c\u043c, M\u0435\u0431\u0435\u043b\u044c, Sleepwell soodushinnad, Beebipood","og_description":"Vedrumadrats Sleepwell Red Orthopedic 120x200, K&otilde;ikide j&auml;iga aseme austajate unelmate madrats, mille sisuks on pakitud 5-tsooniline pocket-","og_url":"https:\/\/beebipood.ee\/ru\/produkt\/vedrumadrats-sleepwell-red-orthopedic-120x200\/","og_site_name":"Beebipood","article_modified_time":"2025-01-09T08:52:03+00:00","og_image":[{"width":1414,"height":1000,"url":"https:\/\/beebipood.ee\/wp-content\/uploads\/2013\/09\/Vedrumadrats-Sleepwell-Red-Orthopedic-120x200-Madratsid-ja-kattemadratsid-Kuni-120cm-laiused-Lastemoobel-ja-sisustus-Sleepwell-soodushinnad_1-2d0.png","type":"image\/png"}],"twitter_card":"summary_large_image","twitter_misc":{"\u041f\u0440\u0438\u043c\u0435\u0440\u043d\u043e\u0435 \u0432\u0440\u0435\u043c\u044f \u0434\u043b\u044f \u0447\u0442\u0435\u043d\u0438\u044f":"1 \u043c\u0438\u043d\u0443\u0442\u0430"},"schema":{"@context":"https:\/\/schema.org","@graph":[{"@type":"WebPage","@id":"https:\/\/beebipood.ee\/ru\/produkt\/vedrumadrats-sleepwell-red-orthopedic-120x200\/","url":"https:\/\/beebipood.ee\/ru\/produkt\/vedrumadrats-sleepwell-red-orthopedic-120x200\/","name":"Vedrumadrats Sleepwell Red Orthopedic 120x200, \u041c\u0430\u0442\u0440\u0430\u0441\u044b \u0438 \u043c\u0430\u0442\u0440\u0430\u0441\u044b-\u043f\u043e\u043a\u0440\u044b\u0432\u0430\u043b\u0430, \u0421\u041a\u0418\u0414\u041a\u0418, \u0428\u0438\u0440\u0438\u043d\u043e\u0439 \u0434\u043e 120 c\u043c, M\u0435\u0431\u0435\u043b\u044c, Sleepwell soodushinnad, Beebipood","isPartOf":{"@id":"https:\/\/beebipood.ee\/ru\/#website"},"primaryImageOfPage":{"@id":"https:\/\/beebipood.ee\/ru\/produkt\/vedrumadrats-sleepwell-red-orthopedic-120x200\/#primaryimage"},"image":{"@id":"https:\/\/beebipood.ee\/ru\/produkt\/vedrumadrats-sleepwell-red-orthopedic-120x200\/#primaryimage"},"thumbnailUrl":"https:\/\/beebipood.ee\/wp-content\/uploads\/2013\/09\/Vedrumadrats-Sleepwell-Red-Orthopedic-120x200-Madratsid-ja-kattemadratsid-Kuni-120cm-laiused-Lastemoobel-ja-sisustus-Sleepwell-soodushinnad_1-2d0.png","datePublished":"2013-09-02T10:55:43+00:00","dateModified":"2025-01-09T08:52:03+00:00","description":"Vedrumadrats Sleepwell Red Orthopedic 120x200, K&otilde;ikide j&auml;iga aseme austajate unelmate madrats, mille sisuks on pakitud 5-tsooniline pocket-","breadcrumb":{"@id":"https:\/\/beebipood.ee\/ru\/produkt\/vedrumadrats-sleepwell-red-orthopedic-120x200\/#breadcrumb"},"inLanguage":"ru-RU","potentialAction":[{"@type":"ReadAction","target":["https:\/\/beebipood.ee\/ru\/produkt\/vedrumadrats-sleepwell-red-orthopedic-120x200\/"]}]},{"@type":"ImageObject","inLanguage":"ru-RU","@id":"https:\/\/beebipood.ee\/ru\/produkt\/vedrumadrats-sleepwell-red-orthopedic-120x200\/#primaryimage","url":"https:\/\/beebipood.ee\/wp-content\/uploads\/2013\/09\/Vedrumadrats-Sleepwell-Red-Orthopedic-120x200-Madratsid-ja-kattemadratsid-Kuni-120cm-laiused-Lastemoobel-ja-sisustus-Sleepwell-soodushinnad_1-2d0.png","contentUrl":"https:\/\/beebipood.ee\/wp-content\/uploads\/2013\/09\/Vedrumadrats-Sleepwell-Red-Orthopedic-120x200-Madratsid-ja-kattemadratsid-Kuni-120cm-laiused-Lastemoobel-ja-sisustus-Sleepwell-soodushinnad_1-2d0.png","width":1414,"height":1000},{"@type":"BreadcrumbList","@id":"https:\/\/beebipood.ee\/ru\/produkt\/vedrumadrats-sleepwell-red-orthopedic-120x200\/#breadcrumb","itemListElement":[{"@type":"ListItem","position":1,"name":"Home","item":"https:\/\/beebipood.ee\/ru\/"},{"@type":"ListItem","position":2,"name":"\u041a\u0430\u0442\u0430\u043b\u043e\u0433 \u0442\u043e\u0432\u0430\u0440\u043e\u0432","item":"https:\/\/beebipood.ee\/tooted\/"},{"@type":"ListItem","position":3,"name":"Vedrumadrats Sleepwell Red Orthopedic 120&#215;200"}]},{"@type":"WebSite","@id":"https:\/\/beebipood.ee\/ru\/#website","url":"https:\/\/beebipood.ee\/ru\/","name":"Beebipood","description":"Lastekaubad, beebikaubad, m\u00e4nguasjad","publisher":{"@id":"https:\/\/beebipood.ee\/ru\/#organization"},"potentialAction":[{"@type":"SearchAction","target":{"@type":"EntryPoint","urlTemplate":"https:\/\/beebipood.ee\/ru\/?s={search_term_string}"},"query-input":{"@type":"PropertyValueSpecification","valueRequired":true,"valueName":"search_term_string"}}],"inLanguage":"ru-RU"},{"@type":"Organization","@id":"https:\/\/beebipood.ee\/ru\/#organization","name":"Beebipood","url":"https:\/\/beebipood.ee\/ru\/","logo":{"@type":"ImageObject","inLanguage":"ru-RU","@id":"https:\/\/beebipood.ee\/ru\/#\/schema\/logo\/image\/","url":"https:\/\/beebipood.ee\/wp-content\/uploads\/2025\/03\/beebipood.ee-logo-1.svg","contentUrl":"https:\/\/beebipood.ee\/wp-content\/uploads\/2025\/03\/beebipood.ee-logo-1.svg","caption":"Beebipood"},"image":{"@id":"https:\/\/beebipood.ee\/ru\/#\/schema\/logo\/image\/"}}]}},"brands":[{"id":11949,"name":"Sleepwell","slug":"sleepwell-ru"}],"_links":{"self":[{"href":"https:\/\/beebipood.ee\/ru\/wp-json\/wp\/v2\/product\/454828","targetHints":{"allow":["GET"]}}],"collection":[{"href":"https:\/\/beebipood.ee\/ru\/wp-json\/wp\/v2\/product"}],"about":[{"href":"https:\/\/beebipood.ee\/ru\/wp-json\/wp\/v2\/types\/product"}],"wp:featuredmedia":[{"embeddable":true,"href":"https:\/\/beebipood.ee\/ru\/wp-json\/wp\/v2\/media\/101750"}],"wp:attachment":[{"href":"https:\/\/beebipood.ee\/ru\/wp-json\/wp\/v2\/media?parent=454828"}],"wp:term":[{"taxonomy":"pwb-brand","embeddable":true,"href":"https:\/\/beebipood.ee\/ru\/wp-json\/wp\/v2\/pwb-brand?post=454828"},{"taxonomy":"product_brand","embeddable":true,"href":"https:\/\/beebipood.ee\/ru\/wp-json\/wp\/v2\/product_brand?post=454828"},{"taxonomy":"product_cat","embeddable":true,"href":"https:\/\/beebipood.ee\/ru\/wp-json\/wp\/v2\/product_cat?post=454828"},{"taxonomy":"product_tag","embeddable":true,"href":"https:\/\/beebipood.ee\/ru\/wp-json\/wp\/v2\/product_tag?post=454828"}],"curies":[{"name":"wp","href":"https:\/\/api.w.org\/{rel}","templated":true}]}}